{"id":44602,"date":"2025-12-12T19:13:32","date_gmt":"2025-12-12T18:13:32","guid":{"rendered":"https:\/\/test.ecbeaute.com\/?post_type=product&#038;p=44602"},"modified":"2025-12-12T19:13:34","modified_gmt":"2025-12-12T18:13:34","slug":"douce-nature-bebe-batonnets-coton-bio-60","status":"publish","type":"product","link":"https:\/\/paracherkaoui.ma\/index.php\/produit\/douce-nature-bebe-batonnets-coton-bio-60\/","title":{"rendered":"DOUCE NATURE BEBE BATONNETS COTON BIO 60"},"content":{"rendered":"<p>Offrez \u00e0 votre b\u00e9b\u00e9 la douceur et la s\u00e9curit\u00e9 qu&rsquo;il m\u00e9rite avec les B\u00e2tonnets S\u00e9curit\u00e9 Coton Bio Douce Nature B\u00e9b\u00e9. Sp\u00e9cialement con\u00e7us pour les soins quotidiens, ces cotons-tiges sont parfaits pour nettoyer d\u00e9licatement les oreilles des tout-petits, sans risque. Leur forme unique garantit une utilisation s\u00e9curis\u00e9e pour les zones sensibles, tandis que leur douceur exceptionnelle prot\u00e8ge la peau fragile de votre b\u00e9b\u00e9.<br \/>\nFabriqu\u00e9s \u00e0 partir de 100 % de coton biologique, ces b\u00e2tonnets sont non seulement doux et hypoallerg\u00e9niques, mais aussi respectueux de l&rsquo;environnement. Leur tige, r\u00e9alis\u00e9e en papier biod\u00e9gradable, est une alternative \u00e9cologique aux plastiques traditionnels, vous permettant de prendre soin de votre enfant tout en r\u00e9duisant votre impact environnemental.<br \/>\nCes b\u00e2tonnets conviennent \u00e9galement \u00e0 toute la famille, offrant un soin quotidien d\u00e9licat et efficace pour les oreilles et autres usages cosm\u00e9tiques. Avec leur qualit\u00e9 irr\u00e9prochable et leur engagement \u00e9cologique, ils sont le choix id\u00e9al pour les parents soucieux de la sant\u00e9 de leur b\u00e9b\u00e9 et de la plan\u00e8te<br \/>\nConseils d&rsquo;utilisation :<br \/>\nUtilisez les b\u00e2tonnets pour nettoyer d\u00e9licatement le contour des oreilles de b\u00e9b\u00e9.<br \/>\n\u00c9vitez d\u2019ins\u00e9rer le b\u00e2tonnet dans le conduit auditif.<\/p>\n","protected":false},"excerpt":{"rendered":"<p>Offrez \u00e0 votre b\u00e9b\u00e9 la douceur et la s\u00e9curit\u00e9 qu&rsquo;il m\u00e9rite avec les B\u00e2tonnets S\u00e9curit\u00e9 Coton Bio Douce Nature B\u00e9b\u00e9.<\/p>\n","protected":false},"featured_media":44638,"comment_status":"open","ping_status":"closed","template":"","meta":[],"product_brand":[355],"product_cat":[783],"product_tag":[],"class_list":{"0":"post-44602","1":"product","2":"type-product","3":"status-publish","4":"has-post-thumbnail","6":"product_brand-douce-nature","7":"product_cat-soins-cheveux-visage-et-corps","9":"first","10":"instock","11":"shipping-taxable","12":"purchasable","13":"product-type-simple"},"yoast_head":"<!-- This site is optimized with the Yoast SEO plugin v26.6 - https:\/\/yoast.com\/wordpress\/plugins\/seo\/ -->\r\n<title>DOUCE NATURE BEBE BATONNETS COTON BIO 60 - Paracherkaoui.ma<\/title>\r\n<meta name=\"robots\" content=\"index, follow, max-snippet:-1, max-image-preview:large, max-video-preview:-1\" \/>\r\n<link rel=\"canonical\" href=\"https:\/\/paracherkaoui.ma\/index.php\/produit\/douce-nature-bebe-batonnets-coton-bio-60\/\" \/>\r\n<meta property=\"og:locale\" content=\"fr_FR\" \/>\r\n<meta property=\"og:type\" content=\"article\" \/>\r\n<meta property=\"og:title\" content=\"DOUCE NATURE BEBE BATONNETS COTON BIO 60 - Paracherkaoui.ma\" \/>\r\n<meta property=\"og:description\" content=\"Offrez \u00e0 votre b\u00e9b\u00e9 la douceur et la s\u00e9curit\u00e9 qu&rsquo;il m\u00e9rite avec les B\u00e2tonnets S\u00e9curit\u00e9 Coton Bio Douce Nature B\u00e9b\u00e9.\" \/>\r\n<meta property=\"og:url\" content=\"https:\/\/paracherkaoui.ma\/index.php\/produit\/douce-nature-bebe-batonnets-coton-bio-60\/\" \/>\r\n<meta property=\"og:site_name\" content=\"Paracherkaoui.ma\" \/>\r\n<meta property=\"article:modified_time\" content=\"2025-12-12T18:13:34+00:00\" \/>\r\n<meta property=\"og:image\" content=\"https:\/\/paracherkaoui.ma\/wp-content\/uploads\/2025\/12\/douce-nature-bebe-batonnets-coton-bio-60.jpg\" \/>\r\n\t<meta property=\"og:image:width\" content=\"700\" \/>\r\n\t<meta property=\"og:image:height\" content=\"700\" \/>\r\n\t<meta property=\"og:image:type\" content=\"image\/jpeg\" \/>\r\n<meta name=\"twitter:card\" content=\"summary_large_image\" \/>\r\n<meta name=\"twitter:label1\" content=\"Dur\u00e9e de lecture estim\u00e9e\" \/>\n\t<meta name=\"twitter:data1\" content=\"1 minute\" \/>\r\n<script type=\"application\/ld+json\" class=\"yoast-schema-graph\">{\"@context\":\"https:\/\/schema.org\",\"@graph\":[{\"@type\":\"WebPage\",\"@id\":\"https:\/\/paracherkaoui.ma\/index.php\/produit\/douce-nature-bebe-batonnets-coton-bio-60\/\",\"url\":\"https:\/\/paracherkaoui.ma\/index.php\/produit\/douce-nature-bebe-batonnets-coton-bio-60\/\",\"name\":\"DOUCE NATURE BEBE BATONNETS COTON BIO 60 - Paracherkaoui.ma\",\"isPartOf\":{\"@id\":\"https:\/\/paracherkaoui.ma\/#website\"},\"primaryImageOfPage\":{\"@id\":\"https:\/\/paracherkaoui.ma\/index.php\/produit\/douce-nature-bebe-batonnets-coton-bio-60\/#primaryimage\"},\"image\":{\"@id\":\"https:\/\/paracherkaoui.ma\/index.php\/produit\/douce-nature-bebe-batonnets-coton-bio-60\/#primaryimage\"},\"thumbnailUrl\":\"https:\/\/paracherkaoui.ma\/wp-content\/uploads\/2025\/12\/douce-nature-bebe-batonnets-coton-bio-60.jpg\",\"datePublished\":\"2025-12-12T18:13:32+00:00\",\"dateModified\":\"2025-12-12T18:13:34+00:00\",\"breadcrumb\":{\"@id\":\"https:\/\/paracherkaoui.ma\/index.php\/produit\/douce-nature-bebe-batonnets-coton-bio-60\/#breadcrumb\"},\"inLanguage\":\"fr-FR\",\"potentialAction\":[{\"@type\":\"ReadAction\",\"target\":[\"https:\/\/paracherkaoui.ma\/index.php\/produit\/douce-nature-bebe-batonnets-coton-bio-60\/\"]}]},{\"@type\":\"ImageObject\",\"inLanguage\":\"fr-FR\",\"@id\":\"https:\/\/paracherkaoui.ma\/index.php\/produit\/douce-nature-bebe-batonnets-coton-bio-60\/#primaryimage\",\"url\":\"https:\/\/paracherkaoui.ma\/wp-content\/uploads\/2025\/12\/douce-nature-bebe-batonnets-coton-bio-60.jpg\",\"contentUrl\":\"https:\/\/paracherkaoui.ma\/wp-content\/uploads\/2025\/12\/douce-nature-bebe-batonnets-coton-bio-60.jpg\",\"width\":700,\"height\":700},{\"@type\":\"BreadcrumbList\",\"@id\":\"https:\/\/paracherkaoui.ma\/index.php\/produit\/douce-nature-bebe-batonnets-coton-bio-60\/#breadcrumb\",\"itemListElement\":[{\"@type\":\"ListItem\",\"position\":1,\"name\":\"Accueil\",\"item\":\"https:\/\/paracherkaoui.ma\/\"},{\"@type\":\"ListItem\",\"position\":2,\"name\":\"Boutique\",\"item\":\"https:\/\/paracherkaoui.ma\/index.php\/boutique\/\"},{\"@type\":\"ListItem\",\"position\":3,\"name\":\"DOUCE NATURE BEBE BATONNETS COTON BIO 60\"}]},{\"@type\":\"WebSite\",\"@id\":\"https:\/\/paracherkaoui.ma\/#website\",\"url\":\"https:\/\/paracherkaoui.ma\/\",\"name\":\"Paracherkaoui.ma\",\"description\":\"Achetez en ligne sur Paracherkaoui.ma\",\"potentialAction\":[{\"@type\":\"SearchAction\",\"target\":{\"@type\":\"EntryPoint\",\"urlTemplate\":\"https:\/\/paracherkaoui.ma\/?s={search_term_string}\"},\"query-input\":{\"@type\":\"PropertyValueSpecification\",\"valueRequired\":true,\"valueName\":\"search_term_string\"}}],\"inLanguage\":\"fr-FR\"}]}<\/script>\r\n<!-- \/ Yoast SEO plugin. -->","yoast_head_json":{"title":"DOUCE NATURE BEBE BATONNETS COTON BIO 60 - Paracherkaoui.ma","robots":{"index":"index","follow":"follow","max-snippet":"max-snippet:-1","max-image-preview":"max-image-preview:large","max-video-preview":"max-video-preview:-1"},"canonical":"https:\/\/paracherkaoui.ma\/index.php\/produit\/douce-nature-bebe-batonnets-coton-bio-60\/","og_locale":"fr_FR","og_type":"article","og_title":"DOUCE NATURE BEBE BATONNETS COTON BIO 60 - Paracherkaoui.ma","og_description":"Offrez \u00e0 votre b\u00e9b\u00e9 la douceur et la s\u00e9curit\u00e9 qu&rsquo;il m\u00e9rite avec les B\u00e2tonnets S\u00e9curit\u00e9 Coton Bio Douce Nature B\u00e9b\u00e9.","og_url":"https:\/\/paracherkaoui.ma\/index.php\/produit\/douce-nature-bebe-batonnets-coton-bio-60\/","og_site_name":"Paracherkaoui.ma","article_modified_time":"2025-12-12T18:13:34+00:00","og_image":[{"width":700,"height":700,"url":"https:\/\/paracherkaoui.ma\/wp-content\/uploads\/2025\/12\/douce-nature-bebe-batonnets-coton-bio-60.jpg","type":"image\/jpeg"}],"twitter_card":"summary_large_image","twitter_misc":{"Dur\u00e9e de lecture estim\u00e9e":"1 minute"},"schema":{"@context":"https:\/\/schema.org","@graph":[{"@type":"WebPage","@id":"https:\/\/paracherkaoui.ma\/index.php\/produit\/douce-nature-bebe-batonnets-coton-bio-60\/","url":"https:\/\/paracherkaoui.ma\/index.php\/produit\/douce-nature-bebe-batonnets-coton-bio-60\/","name":"DOUCE NATURE BEBE BATONNETS COTON BIO 60 - Paracherkaoui.ma","isPartOf":{"@id":"https:\/\/paracherkaoui.ma\/#website"},"primaryImageOfPage":{"@id":"https:\/\/paracherkaoui.ma\/index.php\/produit\/douce-nature-bebe-batonnets-coton-bio-60\/#primaryimage"},"image":{"@id":"https:\/\/paracherkaoui.ma\/index.php\/produit\/douce-nature-bebe-batonnets-coton-bio-60\/#primaryimage"},"thumbnailUrl":"https:\/\/paracherkaoui.ma\/wp-content\/uploads\/2025\/12\/douce-nature-bebe-batonnets-coton-bio-60.jpg","datePublished":"2025-12-12T18:13:32+00:00","dateModified":"2025-12-12T18:13:34+00:00","breadcrumb":{"@id":"https:\/\/paracherkaoui.ma\/index.php\/produit\/douce-nature-bebe-batonnets-coton-bio-60\/#breadcrumb"},"inLanguage":"fr-FR","potentialAction":[{"@type":"ReadAction","target":["https:\/\/paracherkaoui.ma\/index.php\/produit\/douce-nature-bebe-batonnets-coton-bio-60\/"]}]},{"@type":"ImageObject","inLanguage":"fr-FR","@id":"https:\/\/paracherkaoui.ma\/index.php\/produit\/douce-nature-bebe-batonnets-coton-bio-60\/#primaryimage","url":"https:\/\/paracherkaoui.ma\/wp-content\/uploads\/2025\/12\/douce-nature-bebe-batonnets-coton-bio-60.jpg","contentUrl":"https:\/\/paracherkaoui.ma\/wp-content\/uploads\/2025\/12\/douce-nature-bebe-batonnets-coton-bio-60.jpg","width":700,"height":700},{"@type":"BreadcrumbList","@id":"https:\/\/paracherkaoui.ma\/index.php\/produit\/douce-nature-bebe-batonnets-coton-bio-60\/#breadcrumb","itemListElement":[{"@type":"ListItem","position":1,"name":"Accueil","item":"https:\/\/paracherkaoui.ma\/"},{"@type":"ListItem","position":2,"name":"Boutique","item":"https:\/\/paracherkaoui.ma\/index.php\/boutique\/"},{"@type":"ListItem","position":3,"name":"DOUCE NATURE BEBE BATONNETS COTON BIO 60"}]},{"@type":"WebSite","@id":"https:\/\/paracherkaoui.ma\/#website","url":"https:\/\/paracherkaoui.ma\/","name":"Paracherkaoui.ma","description":"Achetez en ligne sur Paracherkaoui.ma","potentialAction":[{"@type":"SearchAction","target":{"@type":"EntryPoint","urlTemplate":"https:\/\/paracherkaoui.ma\/?s={search_term_string}"},"query-input":{"@type":"PropertyValueSpecification","valueRequired":true,"valueName":"search_term_string"}}],"inLanguage":"fr-FR"}]}},"_links":{"self":[{"href":"https:\/\/paracherkaoui.ma\/index.php\/wp-json\/wp\/v2\/product\/44602","targetHints":{"allow":["GET"]}}],"collection":[{"href":"https:\/\/paracherkaoui.ma\/index.php\/wp-json\/wp\/v2\/product"}],"about":[{"href":"https:\/\/paracherkaoui.ma\/index.php\/wp-json\/wp\/v2\/types\/product"}],"replies":[{"embeddable":true,"href":"https:\/\/paracherkaoui.ma\/index.php\/wp-json\/wp\/v2\/comments?post=44602"}],"version-history":[{"count":1,"href":"https:\/\/paracherkaoui.ma\/index.php\/wp-json\/wp\/v2\/product\/44602\/revisions"}],"predecessor-version":[{"id":44639,"href":"https:\/\/paracherkaoui.ma\/index.php\/wp-json\/wp\/v2\/product\/44602\/revisions\/44639"}],"wp:featuredmedia":[{"embeddable":true,"href":"https:\/\/paracherkaoui.ma\/index.php\/wp-json\/wp\/v2\/media\/44638"}],"wp:attachment":[{"href":"https:\/\/paracherkaoui.ma\/index.php\/wp-json\/wp\/v2\/media?parent=44602"}],"wp:term":[{"taxonomy":"product_brand","embeddable":true,"href":"https:\/\/paracherkaoui.ma\/index.php\/wp-json\/wp\/v2\/product_brand?post=44602"},{"taxonomy":"product_cat","embeddable":true,"href":"https:\/\/paracherkaoui.ma\/index.php\/wp-json\/wp\/v2\/product_cat?post=44602"},{"taxonomy":"product_tag","embeddable":true,"href":"https:\/\/paracherkaoui.ma\/index.php\/wp-json\/wp\/v2\/product_tag?post=44602"}],"curies":[{"name":"wp","href":"https:\/\/api.w.org\/{rel}","templated":true}]}}