{"id":44596,"date":"2025-12-12T19:13:31","date_gmt":"2025-12-12T18:13:31","guid":{"rendered":"https:\/\/test.ecbeaute.com\/?post_type=product&#038;p=44596"},"modified":"2025-12-12T19:13:34","modified_gmt":"2025-12-12T18:13:34","slug":"uriage-bariesun-lait-enfant-spf50-100-ml-3","status":"publish","type":"product","link":"https:\/\/paracherkaoui.ma\/index.php\/produit\/uriage-bariesun-lait-enfant-spf50-100-ml-3\/","title":{"rendered":"URIAGE BARIESUN LAIT ENFANT SPF50+ 100 ML"},"content":{"rendered":"<p>INDICATIONS :<br \/>\nGr\u00e2ce \u00e0 un complexe filtrant tr\u00e8s performant, ce lait pour enfants apporte une tr\u00e8s haute protection contre les UVA, les UVB, les radicaux libres et pr\u00e9vient du dess\u00e8chement cutan\u00e9.<br \/>\nPR\u00c9SENTATION :<br \/>\n1 Tube de 100 ml<br \/>\nCONSEILS D&rsquo;UTILISATION :<br \/>\nAvant l\u2019exposition, appliquer une dose g\u00e9n\u00e9reuse et homog\u00e8ne pour bien couvrir la zone expos\u00e9e au soleil. Renouveler l\u2019application fr\u00e9quemment, surtout apr\u00e8s avoir transpir\u00e9, nag\u00e9 ou s\u2019\u00eatre essuy\u00e9. M\u00eame bien prot\u00e9g\u00e9, r\u00e9duire au maximum l\u2019exposition. Ne pas exposer les b\u00e9b\u00e9s et les jeunes enfants directement au soleil.<br \/>\nCOMPOSITION :<br \/>\nAQUA (WATER,EAU) &#8211; DIETHYLAMINO HYDROXYBENZOYL HEXYL BENZOATE &#8211; ETHYLHEXYL METHOXYCINNAMATE &#8211; DICAPRYLYL CARBONATE &#8211; ETHYLHEXYL TRIAZONE &#8211; ISODECYL NEOPENTANOATE &#8211; ETHYLHEXYL SALICYLATE &#8211; BIS-ETHYLHEXYLOXYPHENOL METHOXYPHENYL TRIAZINE &#8211; NYLON-12 &#8211; GLYCERIN &#8211; TRIACONTANYL PVP &#8211; C20-22 ALKYL PHOSPHATE &#8211; C20-22 ALCOHOLS &#8211; DIMETHICONE &#8211; BUTYLENE GLYCOL &#8211; PHENOXYETHANOL &#8211; DECYL GLUCOSIDE &#8211; GLUCOSE &#8211; XANTHAN GUM &#8211; CHLORPHENESIN &#8211; HYDROGENATED POLYDECENE &#8211; O-CYMEN-5-OL &#8211; TOCOPHERYL ACETATE &#8211; SODIUM HYDROXIDE &#8211; TREHALOSE &#8211; PROPYLENE GLYCOL &#8211; ASCORBYL TETRAISOPALMITATE &#8211; BHT \u2013 CI 75470 (CARMINE) &#8211; CITRIC ACID &#8211; TOCOPHEROL &#8211; SODIUM CITRATE &#8211; POLYQUATERNIUM-51<\/p>\n","protected":false},"excerpt":{"rendered":"<p>INDICATIONS : Gr\u00e2ce \u00e0 un complexe filtrant tr\u00e8s performant, ce lait pour enfants apporte une tr\u00e8s haute protection contre les<\/p>\n","protected":false},"featured_media":12659,"comment_status":"open","ping_status":"closed","template":"","meta":[],"product_brand":[130],"product_cat":[783],"product_tag":[],"class_list":{"0":"post-44596","1":"product","2":"type-product","3":"status-publish","4":"has-post-thumbnail","6":"product_brand-uriage","7":"product_cat-soins-cheveux-visage-et-corps","9":"first","10":"instock","11":"sale","12":"shipping-taxable","13":"purchasable","14":"product-type-simple"},"yoast_head":"<!-- This site is optimized with the Yoast SEO plugin v26.6 - https:\/\/yoast.com\/wordpress\/plugins\/seo\/ -->\r\n<title>URIAGE BARIESUN LAIT ENFANT SPF50+ 100 ML - Paracherkaoui.ma<\/title>\r\n<meta name=\"robots\" content=\"index, follow, max-snippet:-1, max-image-preview:large, max-video-preview:-1\" \/>\r\n<link rel=\"canonical\" href=\"https:\/\/paracherkaoui.ma\/index.php\/produit\/uriage-bariesun-lait-enfant-spf50-100-ml-3\/\" \/>\r\n<meta property=\"og:locale\" content=\"fr_FR\" \/>\r\n<meta property=\"og:type\" content=\"article\" \/>\r\n<meta property=\"og:title\" content=\"URIAGE BARIESUN LAIT ENFANT SPF50+ 100 ML - Paracherkaoui.ma\" \/>\r\n<meta property=\"og:description\" content=\"INDICATIONS : Gr\u00e2ce \u00e0 un complexe filtrant tr\u00e8s performant, ce lait pour enfants apporte une tr\u00e8s haute protection contre les\" \/>\r\n<meta property=\"og:url\" content=\"https:\/\/paracherkaoui.ma\/index.php\/produit\/uriage-bariesun-lait-enfant-spf50-100-ml-3\/\" \/>\r\n<meta property=\"og:site_name\" content=\"Paracherkaoui.ma\" \/>\r\n<meta property=\"article:modified_time\" content=\"2025-12-12T18:13:34+00:00\" \/>\r\n<meta property=\"og:image\" content=\"https:\/\/paracherkaoui.ma\/wp-content\/uploads\/2025\/12\/uriage-uriage-bariesun-lait-enfant-spf50-100-ml-solaires-bebes-et-enfants.jpg\" \/>\r\n\t<meta property=\"og:image:width\" content=\"700\" \/>\r\n\t<meta property=\"og:image:height\" content=\"700\" \/>\r\n\t<meta property=\"og:image:type\" content=\"image\/jpeg\" \/>\r\n<meta name=\"twitter:card\" content=\"summary_large_image\" \/>\r\n<meta name=\"twitter:label1\" content=\"Dur\u00e9e de lecture estim\u00e9e\" \/>\n\t<meta name=\"twitter:data1\" content=\"1 minute\" \/>\r\n<script type=\"application\/ld+json\" class=\"yoast-schema-graph\">{\"@context\":\"https:\/\/schema.org\",\"@graph\":[{\"@type\":\"WebPage\",\"@id\":\"https:\/\/paracherkaoui.ma\/index.php\/produit\/uriage-bariesun-lait-enfant-spf50-100-ml-3\/\",\"url\":\"https:\/\/paracherkaoui.ma\/index.php\/produit\/uriage-bariesun-lait-enfant-spf50-100-ml-3\/\",\"name\":\"URIAGE BARIESUN LAIT ENFANT SPF50+ 100 ML - Paracherkaoui.ma\",\"isPartOf\":{\"@id\":\"https:\/\/paracherkaoui.ma\/#website\"},\"primaryImageOfPage\":{\"@id\":\"https:\/\/paracherkaoui.ma\/index.php\/produit\/uriage-bariesun-lait-enfant-spf50-100-ml-3\/#primaryimage\"},\"image\":{\"@id\":\"https:\/\/paracherkaoui.ma\/index.php\/produit\/uriage-bariesun-lait-enfant-spf50-100-ml-3\/#primaryimage\"},\"thumbnailUrl\":\"https:\/\/paracherkaoui.ma\/wp-content\/uploads\/2025\/12\/uriage-uriage-bariesun-lait-enfant-spf50-100-ml-solaires-bebes-et-enfants.jpg\",\"datePublished\":\"2025-12-12T18:13:31+00:00\",\"dateModified\":\"2025-12-12T18:13:34+00:00\",\"breadcrumb\":{\"@id\":\"https:\/\/paracherkaoui.ma\/index.php\/produit\/uriage-bariesun-lait-enfant-spf50-100-ml-3\/#breadcrumb\"},\"inLanguage\":\"fr-FR\",\"potentialAction\":[{\"@type\":\"ReadAction\",\"target\":[\"https:\/\/paracherkaoui.ma\/index.php\/produit\/uriage-bariesun-lait-enfant-spf50-100-ml-3\/\"]}]},{\"@type\":\"ImageObject\",\"inLanguage\":\"fr-FR\",\"@id\":\"https:\/\/paracherkaoui.ma\/index.php\/produit\/uriage-bariesun-lait-enfant-spf50-100-ml-3\/#primaryimage\",\"url\":\"https:\/\/paracherkaoui.ma\/wp-content\/uploads\/2025\/12\/uriage-uriage-bariesun-lait-enfant-spf50-100-ml-solaires-bebes-et-enfants.jpg\",\"contentUrl\":\"https:\/\/paracherkaoui.ma\/wp-content\/uploads\/2025\/12\/uriage-uriage-bariesun-lait-enfant-spf50-100-ml-solaires-bebes-et-enfants.jpg\",\"width\":700,\"height\":700},{\"@type\":\"BreadcrumbList\",\"@id\":\"https:\/\/paracherkaoui.ma\/index.php\/produit\/uriage-bariesun-lait-enfant-spf50-100-ml-3\/#breadcrumb\",\"itemListElement\":[{\"@type\":\"ListItem\",\"position\":1,\"name\":\"Accueil\",\"item\":\"https:\/\/paracherkaoui.ma\/\"},{\"@type\":\"ListItem\",\"position\":2,\"name\":\"Boutique\",\"item\":\"https:\/\/paracherkaoui.ma\/index.php\/boutique\/\"},{\"@type\":\"ListItem\",\"position\":3,\"name\":\"URIAGE BARIESUN LAIT ENFANT SPF50+ 100 ML\"}]},{\"@type\":\"WebSite\",\"@id\":\"https:\/\/paracherkaoui.ma\/#website\",\"url\":\"https:\/\/paracherkaoui.ma\/\",\"name\":\"Paracherkaoui.ma\",\"description\":\"Achetez en ligne sur Paracherkaoui.ma\",\"potentialAction\":[{\"@type\":\"SearchAction\",\"target\":{\"@type\":\"EntryPoint\",\"urlTemplate\":\"https:\/\/paracherkaoui.ma\/?s={search_term_string}\"},\"query-input\":{\"@type\":\"PropertyValueSpecification\",\"valueRequired\":true,\"valueName\":\"search_term_string\"}}],\"inLanguage\":\"fr-FR\"}]}<\/script>\r\n<!-- \/ Yoast SEO plugin. -->","yoast_head_json":{"title":"URIAGE BARIESUN LAIT ENFANT SPF50+ 100 ML - Paracherkaoui.ma","robots":{"index":"index","follow":"follow","max-snippet":"max-snippet:-1","max-image-preview":"max-image-preview:large","max-video-preview":"max-video-preview:-1"},"canonical":"https:\/\/paracherkaoui.ma\/index.php\/produit\/uriage-bariesun-lait-enfant-spf50-100-ml-3\/","og_locale":"fr_FR","og_type":"article","og_title":"URIAGE BARIESUN LAIT ENFANT SPF50+ 100 ML - Paracherkaoui.ma","og_description":"INDICATIONS : Gr\u00e2ce \u00e0 un complexe filtrant tr\u00e8s performant, ce lait pour enfants apporte une tr\u00e8s haute protection contre les","og_url":"https:\/\/paracherkaoui.ma\/index.php\/produit\/uriage-bariesun-lait-enfant-spf50-100-ml-3\/","og_site_name":"Paracherkaoui.ma","article_modified_time":"2025-12-12T18:13:34+00:00","og_image":[{"width":700,"height":700,"url":"https:\/\/paracherkaoui.ma\/wp-content\/uploads\/2025\/12\/uriage-uriage-bariesun-lait-enfant-spf50-100-ml-solaires-bebes-et-enfants.jpg","type":"image\/jpeg"}],"twitter_card":"summary_large_image","twitter_misc":{"Dur\u00e9e de lecture estim\u00e9e":"1 minute"},"schema":{"@context":"https:\/\/schema.org","@graph":[{"@type":"WebPage","@id":"https:\/\/paracherkaoui.ma\/index.php\/produit\/uriage-bariesun-lait-enfant-spf50-100-ml-3\/","url":"https:\/\/paracherkaoui.ma\/index.php\/produit\/uriage-bariesun-lait-enfant-spf50-100-ml-3\/","name":"URIAGE BARIESUN LAIT ENFANT SPF50+ 100 ML - Paracherkaoui.ma","isPartOf":{"@id":"https:\/\/paracherkaoui.ma\/#website"},"primaryImageOfPage":{"@id":"https:\/\/paracherkaoui.ma\/index.php\/produit\/uriage-bariesun-lait-enfant-spf50-100-ml-3\/#primaryimage"},"image":{"@id":"https:\/\/paracherkaoui.ma\/index.php\/produit\/uriage-bariesun-lait-enfant-spf50-100-ml-3\/#primaryimage"},"thumbnailUrl":"https:\/\/paracherkaoui.ma\/wp-content\/uploads\/2025\/12\/uriage-uriage-bariesun-lait-enfant-spf50-100-ml-solaires-bebes-et-enfants.jpg","datePublished":"2025-12-12T18:13:31+00:00","dateModified":"2025-12-12T18:13:34+00:00","breadcrumb":{"@id":"https:\/\/paracherkaoui.ma\/index.php\/produit\/uriage-bariesun-lait-enfant-spf50-100-ml-3\/#breadcrumb"},"inLanguage":"fr-FR","potentialAction":[{"@type":"ReadAction","target":["https:\/\/paracherkaoui.ma\/index.php\/produit\/uriage-bariesun-lait-enfant-spf50-100-ml-3\/"]}]},{"@type":"ImageObject","inLanguage":"fr-FR","@id":"https:\/\/paracherkaoui.ma\/index.php\/produit\/uriage-bariesun-lait-enfant-spf50-100-ml-3\/#primaryimage","url":"https:\/\/paracherkaoui.ma\/wp-content\/uploads\/2025\/12\/uriage-uriage-bariesun-lait-enfant-spf50-100-ml-solaires-bebes-et-enfants.jpg","contentUrl":"https:\/\/paracherkaoui.ma\/wp-content\/uploads\/2025\/12\/uriage-uriage-bariesun-lait-enfant-spf50-100-ml-solaires-bebes-et-enfants.jpg","width":700,"height":700},{"@type":"BreadcrumbList","@id":"https:\/\/paracherkaoui.ma\/index.php\/produit\/uriage-bariesun-lait-enfant-spf50-100-ml-3\/#breadcrumb","itemListElement":[{"@type":"ListItem","position":1,"name":"Accueil","item":"https:\/\/paracherkaoui.ma\/"},{"@type":"ListItem","position":2,"name":"Boutique","item":"https:\/\/paracherkaoui.ma\/index.php\/boutique\/"},{"@type":"ListItem","position":3,"name":"URIAGE BARIESUN LAIT ENFANT SPF50+ 100 ML"}]},{"@type":"WebSite","@id":"https:\/\/paracherkaoui.ma\/#website","url":"https:\/\/paracherkaoui.ma\/","name":"Paracherkaoui.ma","description":"Achetez en ligne sur Paracherkaoui.ma","potentialAction":[{"@type":"SearchAction","target":{"@type":"EntryPoint","urlTemplate":"https:\/\/paracherkaoui.ma\/?s={search_term_string}"},"query-input":{"@type":"PropertyValueSpecification","valueRequired":true,"valueName":"search_term_string"}}],"inLanguage":"fr-FR"}]}},"_links":{"self":[{"href":"https:\/\/paracherkaoui.ma\/index.php\/wp-json\/wp\/v2\/product\/44596","targetHints":{"allow":["GET"]}}],"collection":[{"href":"https:\/\/paracherkaoui.ma\/index.php\/wp-json\/wp\/v2\/product"}],"about":[{"href":"https:\/\/paracherkaoui.ma\/index.php\/wp-json\/wp\/v2\/types\/product"}],"replies":[{"embeddable":true,"href":"https:\/\/paracherkaoui.ma\/index.php\/wp-json\/wp\/v2\/comments?post=44596"}],"version-history":[{"count":1,"href":"https:\/\/paracherkaoui.ma\/index.php\/wp-json\/wp\/v2\/product\/44596\/revisions"}],"predecessor-version":[{"id":44631,"href":"https:\/\/paracherkaoui.ma\/index.php\/wp-json\/wp\/v2\/product\/44596\/revisions\/44631"}],"wp:featuredmedia":[{"embeddable":true,"href":"https:\/\/paracherkaoui.ma\/index.php\/wp-json\/wp\/v2\/media\/12659"}],"wp:attachment":[{"href":"https:\/\/paracherkaoui.ma\/index.php\/wp-json\/wp\/v2\/media?parent=44596"}],"wp:term":[{"taxonomy":"product_brand","embeddable":true,"href":"https:\/\/paracherkaoui.ma\/index.php\/wp-json\/wp\/v2\/product_brand?post=44596"},{"taxonomy":"product_cat","embeddable":true,"href":"https:\/\/paracherkaoui.ma\/index.php\/wp-json\/wp\/v2\/product_cat?post=44596"},{"taxonomy":"product_tag","embeddable":true,"href":"https:\/\/paracherkaoui.ma\/index.php\/wp-json\/wp\/v2\/product_tag?post=44596"}],"curies":[{"name":"wp","href":"https:\/\/api.w.org\/{rel}","templated":true}]}}