{"id":44595,"date":"2025-12-12T19:13:31","date_gmt":"2025-12-12T18:13:31","guid":{"rendered":"https:\/\/test.ecbeaute.com\/?post_type=product&#038;p=44595"},"modified":"2025-12-12T19:13:34","modified_gmt":"2025-12-12T18:13:34","slug":"gilbert-vaseline-tube-50-ml-soin-adoucissant-et-protecteur","status":"publish","type":"product","link":"https:\/\/paracherkaoui.ma\/index.php\/produit\/gilbert-vaseline-tube-50-ml-soin-adoucissant-et-protecteur\/","title":{"rendered":"GILBERT VASELINE TUBE 50 ML SOIN ADOUCISSANT ET PROTECTEUR"},"content":{"rendered":"<p>La Vaseline Laboratoires GILBERT prot\u00e8ge les couches superficielles de l\u2019\u00e9piderme des agressions ext\u00e9rieures (vent, froid, soleil) et renforce la barri\u00e8re cutan\u00e9e.La peau est nourrie et adoucie. Elle est plus souple et plus \u00e9lastique.<br \/>\nApr\u00e8s application, les sensations d\u2019inconforts de la peau sont apais\u00e9es.La Vaseline Laboratoires GILBERT forme un film protecteur sur la peau et aide \u00e0 r\u00e9duire l\u2019apparition de rougeurs.<br \/>\nConseils d&rsquo;utilisation :<br \/>\nAppliquer une \u00e0 deux fois par jour sur les zones ass\u00e9ch\u00e9es de la peau de b\u00e9b\u00e9.<\/p>\n","protected":false},"excerpt":{"rendered":"<p>La Vaseline Laboratoires GILBERT prot\u00e8ge les couches superficielles de l\u2019\u00e9piderme des agressions ext\u00e9rieures (vent, froid, soleil) et renforce la barri\u00e8re<\/p>\n","protected":false},"featured_media":44629,"comment_status":"open","ping_status":"closed","template":"","meta":[],"product_brand":[200],"product_cat":[783],"product_tag":[],"class_list":{"0":"post-44595","1":"product","2":"type-product","3":"status-publish","4":"has-post-thumbnail","6":"product_brand-gilbert","7":"product_cat-soins-cheveux-visage-et-corps","9":"first","10":"instock","11":"sale","12":"shipping-taxable","13":"purchasable","14":"product-type-simple"},"yoast_head":"<!-- This site is optimized with the Yoast SEO plugin v26.6 - https:\/\/yoast.com\/wordpress\/plugins\/seo\/ -->\r\n<title>GILBERT VASELINE TUBE 50 ML SOIN ADOUCISSANT ET PROTECTEUR - Paracherkaoui.ma<\/title>\r\n<meta name=\"robots\" content=\"index, follow, max-snippet:-1, max-image-preview:large, max-video-preview:-1\" \/>\r\n<link rel=\"canonical\" href=\"https:\/\/paracherkaoui.ma\/index.php\/produit\/gilbert-vaseline-tube-50-ml-soin-adoucissant-et-protecteur\/\" \/>\r\n<meta property=\"og:locale\" content=\"fr_FR\" \/>\r\n<meta property=\"og:type\" content=\"article\" \/>\r\n<meta property=\"og:title\" content=\"GILBERT VASELINE TUBE 50 ML SOIN ADOUCISSANT ET PROTECTEUR - Paracherkaoui.ma\" \/>\r\n<meta property=\"og:description\" content=\"La Vaseline Laboratoires GILBERT prot\u00e8ge les couches superficielles de l\u2019\u00e9piderme des agressions ext\u00e9rieures (vent, froid, soleil) et renforce la barri\u00e8re\" \/>\r\n<meta property=\"og:url\" content=\"https:\/\/paracherkaoui.ma\/index.php\/produit\/gilbert-vaseline-tube-50-ml-soin-adoucissant-et-protecteur\/\" \/>\r\n<meta property=\"og:site_name\" content=\"Paracherkaoui.ma\" \/>\r\n<meta property=\"article:modified_time\" content=\"2025-12-12T18:13:34+00:00\" \/>\r\n<meta property=\"og:image\" content=\"https:\/\/paracherkaoui.ma\/wp-content\/uploads\/2025\/12\/gilbert-gilbert-vaseline-tube-50-ml-soin-adoucissant-et-protecteur-soins-visage-et-corps.jpg\" \/>\r\n\t<meta property=\"og:image:width\" content=\"700\" \/>\r\n\t<meta property=\"og:image:height\" content=\"700\" \/>\r\n\t<meta property=\"og:image:type\" content=\"image\/jpeg\" \/>\r\n<meta name=\"twitter:card\" content=\"summary_large_image\" \/>\r\n<script type=\"application\/ld+json\" class=\"yoast-schema-graph\">{\"@context\":\"https:\/\/schema.org\",\"@graph\":[{\"@type\":\"WebPage\",\"@id\":\"https:\/\/paracherkaoui.ma\/index.php\/produit\/gilbert-vaseline-tube-50-ml-soin-adoucissant-et-protecteur\/\",\"url\":\"https:\/\/paracherkaoui.ma\/index.php\/produit\/gilbert-vaseline-tube-50-ml-soin-adoucissant-et-protecteur\/\",\"name\":\"GILBERT VASELINE TUBE 50 ML SOIN ADOUCISSANT ET PROTECTEUR - Paracherkaoui.ma\",\"isPartOf\":{\"@id\":\"https:\/\/paracherkaoui.ma\/#website\"},\"primaryImageOfPage\":{\"@id\":\"https:\/\/paracherkaoui.ma\/index.php\/produit\/gilbert-vaseline-tube-50-ml-soin-adoucissant-et-protecteur\/#primaryimage\"},\"image\":{\"@id\":\"https:\/\/paracherkaoui.ma\/index.php\/produit\/gilbert-vaseline-tube-50-ml-soin-adoucissant-et-protecteur\/#primaryimage\"},\"thumbnailUrl\":\"https:\/\/paracherkaoui.ma\/wp-content\/uploads\/2025\/12\/gilbert-gilbert-vaseline-tube-50-ml-soin-adoucissant-et-protecteur-soins-visage-et-corps.jpg\",\"datePublished\":\"2025-12-12T18:13:31+00:00\",\"dateModified\":\"2025-12-12T18:13:34+00:00\",\"breadcrumb\":{\"@id\":\"https:\/\/paracherkaoui.ma\/index.php\/produit\/gilbert-vaseline-tube-50-ml-soin-adoucissant-et-protecteur\/#breadcrumb\"},\"inLanguage\":\"fr-FR\",\"potentialAction\":[{\"@type\":\"ReadAction\",\"target\":[\"https:\/\/paracherkaoui.ma\/index.php\/produit\/gilbert-vaseline-tube-50-ml-soin-adoucissant-et-protecteur\/\"]}]},{\"@type\":\"ImageObject\",\"inLanguage\":\"fr-FR\",\"@id\":\"https:\/\/paracherkaoui.ma\/index.php\/produit\/gilbert-vaseline-tube-50-ml-soin-adoucissant-et-protecteur\/#primaryimage\",\"url\":\"https:\/\/paracherkaoui.ma\/wp-content\/uploads\/2025\/12\/gilbert-gilbert-vaseline-tube-50-ml-soin-adoucissant-et-protecteur-soins-visage-et-corps.jpg\",\"contentUrl\":\"https:\/\/paracherkaoui.ma\/wp-content\/uploads\/2025\/12\/gilbert-gilbert-vaseline-tube-50-ml-soin-adoucissant-et-protecteur-soins-visage-et-corps.jpg\",\"width\":700,\"height\":700},{\"@type\":\"BreadcrumbList\",\"@id\":\"https:\/\/paracherkaoui.ma\/index.php\/produit\/gilbert-vaseline-tube-50-ml-soin-adoucissant-et-protecteur\/#breadcrumb\",\"itemListElement\":[{\"@type\":\"ListItem\",\"position\":1,\"name\":\"Accueil\",\"item\":\"https:\/\/paracherkaoui.ma\/\"},{\"@type\":\"ListItem\",\"position\":2,\"name\":\"Boutique\",\"item\":\"https:\/\/paracherkaoui.ma\/index.php\/boutique\/\"},{\"@type\":\"ListItem\",\"position\":3,\"name\":\"GILBERT VASELINE TUBE 50 ML SOIN ADOUCISSANT ET PROTECTEUR\"}]},{\"@type\":\"WebSite\",\"@id\":\"https:\/\/paracherkaoui.ma\/#website\",\"url\":\"https:\/\/paracherkaoui.ma\/\",\"name\":\"Paracherkaoui.ma\",\"description\":\"Achetez en ligne sur Paracherkaoui.ma\",\"potentialAction\":[{\"@type\":\"SearchAction\",\"target\":{\"@type\":\"EntryPoint\",\"urlTemplate\":\"https:\/\/paracherkaoui.ma\/?s={search_term_string}\"},\"query-input\":{\"@type\":\"PropertyValueSpecification\",\"valueRequired\":true,\"valueName\":\"search_term_string\"}}],\"inLanguage\":\"fr-FR\"}]}<\/script>\r\n<!-- \/ Yoast SEO plugin. -->","yoast_head_json":{"title":"GILBERT VASELINE TUBE 50 ML SOIN ADOUCISSANT ET PROTECTEUR - Paracherkaoui.ma","robots":{"index":"index","follow":"follow","max-snippet":"max-snippet:-1","max-image-preview":"max-image-preview:large","max-video-preview":"max-video-preview:-1"},"canonical":"https:\/\/paracherkaoui.ma\/index.php\/produit\/gilbert-vaseline-tube-50-ml-soin-adoucissant-et-protecteur\/","og_locale":"fr_FR","og_type":"article","og_title":"GILBERT VASELINE TUBE 50 ML SOIN ADOUCISSANT ET PROTECTEUR - Paracherkaoui.ma","og_description":"La Vaseline Laboratoires GILBERT prot\u00e8ge les couches superficielles de l\u2019\u00e9piderme des agressions ext\u00e9rieures (vent, froid, soleil) et renforce la barri\u00e8re","og_url":"https:\/\/paracherkaoui.ma\/index.php\/produit\/gilbert-vaseline-tube-50-ml-soin-adoucissant-et-protecteur\/","og_site_name":"Paracherkaoui.ma","article_modified_time":"2025-12-12T18:13:34+00:00","og_image":[{"width":700,"height":700,"url":"https:\/\/paracherkaoui.ma\/wp-content\/uploads\/2025\/12\/gilbert-gilbert-vaseline-tube-50-ml-soin-adoucissant-et-protecteur-soins-visage-et-corps.jpg","type":"image\/jpeg"}],"twitter_card":"summary_large_image","schema":{"@context":"https:\/\/schema.org","@graph":[{"@type":"WebPage","@id":"https:\/\/paracherkaoui.ma\/index.php\/produit\/gilbert-vaseline-tube-50-ml-soin-adoucissant-et-protecteur\/","url":"https:\/\/paracherkaoui.ma\/index.php\/produit\/gilbert-vaseline-tube-50-ml-soin-adoucissant-et-protecteur\/","name":"GILBERT VASELINE TUBE 50 ML SOIN ADOUCISSANT ET PROTECTEUR - Paracherkaoui.ma","isPartOf":{"@id":"https:\/\/paracherkaoui.ma\/#website"},"primaryImageOfPage":{"@id":"https:\/\/paracherkaoui.ma\/index.php\/produit\/gilbert-vaseline-tube-50-ml-soin-adoucissant-et-protecteur\/#primaryimage"},"image":{"@id":"https:\/\/paracherkaoui.ma\/index.php\/produit\/gilbert-vaseline-tube-50-ml-soin-adoucissant-et-protecteur\/#primaryimage"},"thumbnailUrl":"https:\/\/paracherkaoui.ma\/wp-content\/uploads\/2025\/12\/gilbert-gilbert-vaseline-tube-50-ml-soin-adoucissant-et-protecteur-soins-visage-et-corps.jpg","datePublished":"2025-12-12T18:13:31+00:00","dateModified":"2025-12-12T18:13:34+00:00","breadcrumb":{"@id":"https:\/\/paracherkaoui.ma\/index.php\/produit\/gilbert-vaseline-tube-50-ml-soin-adoucissant-et-protecteur\/#breadcrumb"},"inLanguage":"fr-FR","potentialAction":[{"@type":"ReadAction","target":["https:\/\/paracherkaoui.ma\/index.php\/produit\/gilbert-vaseline-tube-50-ml-soin-adoucissant-et-protecteur\/"]}]},{"@type":"ImageObject","inLanguage":"fr-FR","@id":"https:\/\/paracherkaoui.ma\/index.php\/produit\/gilbert-vaseline-tube-50-ml-soin-adoucissant-et-protecteur\/#primaryimage","url":"https:\/\/paracherkaoui.ma\/wp-content\/uploads\/2025\/12\/gilbert-gilbert-vaseline-tube-50-ml-soin-adoucissant-et-protecteur-soins-visage-et-corps.jpg","contentUrl":"https:\/\/paracherkaoui.ma\/wp-content\/uploads\/2025\/12\/gilbert-gilbert-vaseline-tube-50-ml-soin-adoucissant-et-protecteur-soins-visage-et-corps.jpg","width":700,"height":700},{"@type":"BreadcrumbList","@id":"https:\/\/paracherkaoui.ma\/index.php\/produit\/gilbert-vaseline-tube-50-ml-soin-adoucissant-et-protecteur\/#breadcrumb","itemListElement":[{"@type":"ListItem","position":1,"name":"Accueil","item":"https:\/\/paracherkaoui.ma\/"},{"@type":"ListItem","position":2,"name":"Boutique","item":"https:\/\/paracherkaoui.ma\/index.php\/boutique\/"},{"@type":"ListItem","position":3,"name":"GILBERT VASELINE TUBE 50 ML SOIN ADOUCISSANT ET PROTECTEUR"}]},{"@type":"WebSite","@id":"https:\/\/paracherkaoui.ma\/#website","url":"https:\/\/paracherkaoui.ma\/","name":"Paracherkaoui.ma","description":"Achetez en ligne sur Paracherkaoui.ma","potentialAction":[{"@type":"SearchAction","target":{"@type":"EntryPoint","urlTemplate":"https:\/\/paracherkaoui.ma\/?s={search_term_string}"},"query-input":{"@type":"PropertyValueSpecification","valueRequired":true,"valueName":"search_term_string"}}],"inLanguage":"fr-FR"}]}},"_links":{"self":[{"href":"https:\/\/paracherkaoui.ma\/index.php\/wp-json\/wp\/v2\/product\/44595","targetHints":{"allow":["GET"]}}],"collection":[{"href":"https:\/\/paracherkaoui.ma\/index.php\/wp-json\/wp\/v2\/product"}],"about":[{"href":"https:\/\/paracherkaoui.ma\/index.php\/wp-json\/wp\/v2\/types\/product"}],"replies":[{"embeddable":true,"href":"https:\/\/paracherkaoui.ma\/index.php\/wp-json\/wp\/v2\/comments?post=44595"}],"version-history":[{"count":1,"href":"https:\/\/paracherkaoui.ma\/index.php\/wp-json\/wp\/v2\/product\/44595\/revisions"}],"predecessor-version":[{"id":44630,"href":"https:\/\/paracherkaoui.ma\/index.php\/wp-json\/wp\/v2\/product\/44595\/revisions\/44630"}],"wp:featuredmedia":[{"embeddable":true,"href":"https:\/\/paracherkaoui.ma\/index.php\/wp-json\/wp\/v2\/media\/44629"}],"wp:attachment":[{"href":"https:\/\/paracherkaoui.ma\/index.php\/wp-json\/wp\/v2\/media?parent=44595"}],"wp:term":[{"taxonomy":"product_brand","embeddable":true,"href":"https:\/\/paracherkaoui.ma\/index.php\/wp-json\/wp\/v2\/product_brand?post=44595"},{"taxonomy":"product_cat","embeddable":true,"href":"https:\/\/paracherkaoui.ma\/index.php\/wp-json\/wp\/v2\/product_cat?post=44595"},{"taxonomy":"product_tag","embeddable":true,"href":"https:\/\/paracherkaoui.ma\/index.php\/wp-json\/wp\/v2\/product_tag?post=44595"}],"curies":[{"name":"wp","href":"https:\/\/api.w.org\/{rel}","templated":true}]}}