{"id":44593,"date":"2025-12-12T19:13:31","date_gmt":"2025-12-12T18:13:31","guid":{"rendered":"https:\/\/test.ecbeaute.com\/?post_type=product&#038;p=44593"},"modified":"2025-12-12T19:13:33","modified_gmt":"2025-12-12T18:13:33","slug":"gilbert-vaseline-tube-100-ml-soin-adoucissant-et-protecteur","status":"publish","type":"product","link":"https:\/\/paracherkaoui.ma\/index.php\/produit\/gilbert-vaseline-tube-100-ml-soin-adoucissant-et-protecteur\/","title":{"rendered":"GILBERT VASELINE TUBE 100 ML SOIN ADOUCISSANT ET PROTECTEUR"},"content":{"rendered":"<p>La vaseline produite par les Laboratoires Gilbert permet de prot\u00e9ger la peau des b\u00e9b\u00e9s des nombreuses agressions ext\u00e9rieures,\u00a0telles que\u00a0le froid, le vent, le soleil ou bien les changements brutaux de temp\u00e9ratures. Elle assure \u00e9galement le\u00a0renforcement de la barri\u00e8re cutan\u00e9e\u00a0par le biais\u00a0d&rsquo;une\u00a0hydratation optimale de la peau.<\/p>\n<p>La formule de cet agent hydratant ne contient que tr\u00e8s peu d\u2019ingr\u00e9dients, qui ont le m\u00e9rite, par ailleurs, de\u00a0respecter id\u00e9alement\u00a0la peau, notamment celle des plus petits dont le microbiome est encore immature\u00a0et, par cons\u00e9quent, plus sensibles aux allergies et au micro-organismes pathog\u00e8nes.\u00a0Cette vaseline Gilbert\u00a0peut \u00eatre utilis\u00e9e sur toutes les parties du corps, et convient notamment \u00e0 traiter les \u00e9ryth\u00e8mes fessiers chez le nourrisson.<\/p>\n<p>Poss\u00e9dant une texture grasse et dense et n\u2019ayant aucune odeur, cette vaseline joue un r\u00f4le apaisant et isolant, et permet de faire rapidement dispara\u00eetre les sensations de tiraillement ainsi que les rougeurs, redonnant par la m\u00eame de la souplesse et de l\u2019\u00e9lasticit\u00e9 \u00e0 la peau. Elle convient \u00e9galement \u00e0 \u00eatre appliqu\u00e9e sur des petites plaies ou des cicatrices b\u00e9nignes, car elle aide \u00e0 la r\u00e9g\u00e9n\u00e9ration de l\u2019\u00e9piderme avec une grande nettet\u00e9. C\u2019est la solution id\u00e9ale pour soulager b\u00e9b\u00e9 des sensations d\u2019inconfort que sa peau peut cr\u00e9er.<\/p>\n<p>Contenance : 100 ml<\/p>\n","protected":false},"excerpt":{"rendered":"<p>La vaseline produite par les Laboratoires Gilbert permet de prot\u00e9ger la peau des b\u00e9b\u00e9s des nombreuses agressions ext\u00e9rieures,\u00a0telles que\u00a0le froid,<\/p>\n","protected":false},"featured_media":44626,"comment_status":"open","ping_status":"closed","template":"","meta":[],"product_brand":[200],"product_cat":[783],"product_tag":[],"class_list":{"0":"post-44593","1":"product","2":"type-product","3":"status-publish","4":"has-post-thumbnail","6":"product_brand-gilbert","7":"product_cat-soins-cheveux-visage-et-corps","9":"first","10":"instock","11":"sale","12":"shipping-taxable","13":"purchasable","14":"product-type-simple"},"yoast_head":"<!-- This site is optimized with the Yoast SEO plugin v26.6 - https:\/\/yoast.com\/wordpress\/plugins\/seo\/ -->\r\n<title>GILBERT VASELINE TUBE 100 ML SOIN ADOUCISSANT ET PROTECTEUR - Paracherkaoui.ma<\/title>\r\n<meta name=\"robots\" content=\"index, follow, max-snippet:-1, max-image-preview:large, max-video-preview:-1\" \/>\r\n<link rel=\"canonical\" href=\"https:\/\/paracherkaoui.ma\/index.php\/produit\/gilbert-vaseline-tube-100-ml-soin-adoucissant-et-protecteur\/\" \/>\r\n<meta property=\"og:locale\" content=\"fr_FR\" \/>\r\n<meta property=\"og:type\" content=\"article\" \/>\r\n<meta property=\"og:title\" content=\"GILBERT VASELINE TUBE 100 ML SOIN ADOUCISSANT ET PROTECTEUR - Paracherkaoui.ma\" \/>\r\n<meta property=\"og:description\" content=\"La vaseline produite par les Laboratoires Gilbert permet de prot\u00e9ger la peau des b\u00e9b\u00e9s des nombreuses agressions ext\u00e9rieures,\u00a0telles que\u00a0le froid,\" \/>\r\n<meta property=\"og:url\" content=\"https:\/\/paracherkaoui.ma\/index.php\/produit\/gilbert-vaseline-tube-100-ml-soin-adoucissant-et-protecteur\/\" \/>\r\n<meta property=\"og:site_name\" content=\"Paracherkaoui.ma\" \/>\r\n<meta property=\"article:modified_time\" content=\"2025-12-12T18:13:33+00:00\" \/>\r\n<meta property=\"og:image\" content=\"https:\/\/paracherkaoui.ma\/wp-content\/uploads\/2025\/12\/gilbert-gilbert-vaseline-tube-100-ml-soin-adoucissant-et-protecteur-soins-visage-et-corps.jpg\" \/>\r\n\t<meta property=\"og:image:width\" content=\"700\" \/>\r\n\t<meta property=\"og:image:height\" content=\"700\" \/>\r\n\t<meta property=\"og:image:type\" content=\"image\/jpeg\" \/>\r\n<meta name=\"twitter:card\" content=\"summary_large_image\" \/>\r\n<meta name=\"twitter:label1\" content=\"Dur\u00e9e de lecture estim\u00e9e\" \/>\n\t<meta name=\"twitter:data1\" content=\"1 minute\" \/>\r\n<script type=\"application\/ld+json\" class=\"yoast-schema-graph\">{\"@context\":\"https:\/\/schema.org\",\"@graph\":[{\"@type\":\"WebPage\",\"@id\":\"https:\/\/paracherkaoui.ma\/index.php\/produit\/gilbert-vaseline-tube-100-ml-soin-adoucissant-et-protecteur\/\",\"url\":\"https:\/\/paracherkaoui.ma\/index.php\/produit\/gilbert-vaseline-tube-100-ml-soin-adoucissant-et-protecteur\/\",\"name\":\"GILBERT VASELINE TUBE 100 ML SOIN ADOUCISSANT ET PROTECTEUR - Paracherkaoui.ma\",\"isPartOf\":{\"@id\":\"https:\/\/paracherkaoui.ma\/#website\"},\"primaryImageOfPage\":{\"@id\":\"https:\/\/paracherkaoui.ma\/index.php\/produit\/gilbert-vaseline-tube-100-ml-soin-adoucissant-et-protecteur\/#primaryimage\"},\"image\":{\"@id\":\"https:\/\/paracherkaoui.ma\/index.php\/produit\/gilbert-vaseline-tube-100-ml-soin-adoucissant-et-protecteur\/#primaryimage\"},\"thumbnailUrl\":\"https:\/\/paracherkaoui.ma\/wp-content\/uploads\/2025\/12\/gilbert-gilbert-vaseline-tube-100-ml-soin-adoucissant-et-protecteur-soins-visage-et-corps.jpg\",\"datePublished\":\"2025-12-12T18:13:31+00:00\",\"dateModified\":\"2025-12-12T18:13:33+00:00\",\"breadcrumb\":{\"@id\":\"https:\/\/paracherkaoui.ma\/index.php\/produit\/gilbert-vaseline-tube-100-ml-soin-adoucissant-et-protecteur\/#breadcrumb\"},\"inLanguage\":\"fr-FR\",\"potentialAction\":[{\"@type\":\"ReadAction\",\"target\":[\"https:\/\/paracherkaoui.ma\/index.php\/produit\/gilbert-vaseline-tube-100-ml-soin-adoucissant-et-protecteur\/\"]}]},{\"@type\":\"ImageObject\",\"inLanguage\":\"fr-FR\",\"@id\":\"https:\/\/paracherkaoui.ma\/index.php\/produit\/gilbert-vaseline-tube-100-ml-soin-adoucissant-et-protecteur\/#primaryimage\",\"url\":\"https:\/\/paracherkaoui.ma\/wp-content\/uploads\/2025\/12\/gilbert-gilbert-vaseline-tube-100-ml-soin-adoucissant-et-protecteur-soins-visage-et-corps.jpg\",\"contentUrl\":\"https:\/\/paracherkaoui.ma\/wp-content\/uploads\/2025\/12\/gilbert-gilbert-vaseline-tube-100-ml-soin-adoucissant-et-protecteur-soins-visage-et-corps.jpg\",\"width\":700,\"height\":700},{\"@type\":\"BreadcrumbList\",\"@id\":\"https:\/\/paracherkaoui.ma\/index.php\/produit\/gilbert-vaseline-tube-100-ml-soin-adoucissant-et-protecteur\/#breadcrumb\",\"itemListElement\":[{\"@type\":\"ListItem\",\"position\":1,\"name\":\"Accueil\",\"item\":\"https:\/\/paracherkaoui.ma\/\"},{\"@type\":\"ListItem\",\"position\":2,\"name\":\"Boutique\",\"item\":\"https:\/\/paracherkaoui.ma\/index.php\/boutique\/\"},{\"@type\":\"ListItem\",\"position\":3,\"name\":\"GILBERT VASELINE TUBE 100 ML SOIN ADOUCISSANT ET PROTECTEUR\"}]},{\"@type\":\"WebSite\",\"@id\":\"https:\/\/paracherkaoui.ma\/#website\",\"url\":\"https:\/\/paracherkaoui.ma\/\",\"name\":\"Paracherkaoui.ma\",\"description\":\"Achetez en ligne sur Paracherkaoui.ma\",\"potentialAction\":[{\"@type\":\"SearchAction\",\"target\":{\"@type\":\"EntryPoint\",\"urlTemplate\":\"https:\/\/paracherkaoui.ma\/?s={search_term_string}\"},\"query-input\":{\"@type\":\"PropertyValueSpecification\",\"valueRequired\":true,\"valueName\":\"search_term_string\"}}],\"inLanguage\":\"fr-FR\"}]}<\/script>\r\n<!-- \/ Yoast SEO plugin. -->","yoast_head_json":{"title":"GILBERT VASELINE TUBE 100 ML SOIN ADOUCISSANT ET PROTECTEUR - Paracherkaoui.ma","robots":{"index":"index","follow":"follow","max-snippet":"max-snippet:-1","max-image-preview":"max-image-preview:large","max-video-preview":"max-video-preview:-1"},"canonical":"https:\/\/paracherkaoui.ma\/index.php\/produit\/gilbert-vaseline-tube-100-ml-soin-adoucissant-et-protecteur\/","og_locale":"fr_FR","og_type":"article","og_title":"GILBERT VASELINE TUBE 100 ML SOIN ADOUCISSANT ET PROTECTEUR - Paracherkaoui.ma","og_description":"La vaseline produite par les Laboratoires Gilbert permet de prot\u00e9ger la peau des b\u00e9b\u00e9s des nombreuses agressions ext\u00e9rieures,\u00a0telles que\u00a0le froid,","og_url":"https:\/\/paracherkaoui.ma\/index.php\/produit\/gilbert-vaseline-tube-100-ml-soin-adoucissant-et-protecteur\/","og_site_name":"Paracherkaoui.ma","article_modified_time":"2025-12-12T18:13:33+00:00","og_image":[{"width":700,"height":700,"url":"https:\/\/paracherkaoui.ma\/wp-content\/uploads\/2025\/12\/gilbert-gilbert-vaseline-tube-100-ml-soin-adoucissant-et-protecteur-soins-visage-et-corps.jpg","type":"image\/jpeg"}],"twitter_card":"summary_large_image","twitter_misc":{"Dur\u00e9e de lecture estim\u00e9e":"1 minute"},"schema":{"@context":"https:\/\/schema.org","@graph":[{"@type":"WebPage","@id":"https:\/\/paracherkaoui.ma\/index.php\/produit\/gilbert-vaseline-tube-100-ml-soin-adoucissant-et-protecteur\/","url":"https:\/\/paracherkaoui.ma\/index.php\/produit\/gilbert-vaseline-tube-100-ml-soin-adoucissant-et-protecteur\/","name":"GILBERT VASELINE TUBE 100 ML SOIN ADOUCISSANT ET PROTECTEUR - Paracherkaoui.ma","isPartOf":{"@id":"https:\/\/paracherkaoui.ma\/#website"},"primaryImageOfPage":{"@id":"https:\/\/paracherkaoui.ma\/index.php\/produit\/gilbert-vaseline-tube-100-ml-soin-adoucissant-et-protecteur\/#primaryimage"},"image":{"@id":"https:\/\/paracherkaoui.ma\/index.php\/produit\/gilbert-vaseline-tube-100-ml-soin-adoucissant-et-protecteur\/#primaryimage"},"thumbnailUrl":"https:\/\/paracherkaoui.ma\/wp-content\/uploads\/2025\/12\/gilbert-gilbert-vaseline-tube-100-ml-soin-adoucissant-et-protecteur-soins-visage-et-corps.jpg","datePublished":"2025-12-12T18:13:31+00:00","dateModified":"2025-12-12T18:13:33+00:00","breadcrumb":{"@id":"https:\/\/paracherkaoui.ma\/index.php\/produit\/gilbert-vaseline-tube-100-ml-soin-adoucissant-et-protecteur\/#breadcrumb"},"inLanguage":"fr-FR","potentialAction":[{"@type":"ReadAction","target":["https:\/\/paracherkaoui.ma\/index.php\/produit\/gilbert-vaseline-tube-100-ml-soin-adoucissant-et-protecteur\/"]}]},{"@type":"ImageObject","inLanguage":"fr-FR","@id":"https:\/\/paracherkaoui.ma\/index.php\/produit\/gilbert-vaseline-tube-100-ml-soin-adoucissant-et-protecteur\/#primaryimage","url":"https:\/\/paracherkaoui.ma\/wp-content\/uploads\/2025\/12\/gilbert-gilbert-vaseline-tube-100-ml-soin-adoucissant-et-protecteur-soins-visage-et-corps.jpg","contentUrl":"https:\/\/paracherkaoui.ma\/wp-content\/uploads\/2025\/12\/gilbert-gilbert-vaseline-tube-100-ml-soin-adoucissant-et-protecteur-soins-visage-et-corps.jpg","width":700,"height":700},{"@type":"BreadcrumbList","@id":"https:\/\/paracherkaoui.ma\/index.php\/produit\/gilbert-vaseline-tube-100-ml-soin-adoucissant-et-protecteur\/#breadcrumb","itemListElement":[{"@type":"ListItem","position":1,"name":"Accueil","item":"https:\/\/paracherkaoui.ma\/"},{"@type":"ListItem","position":2,"name":"Boutique","item":"https:\/\/paracherkaoui.ma\/index.php\/boutique\/"},{"@type":"ListItem","position":3,"name":"GILBERT VASELINE TUBE 100 ML SOIN ADOUCISSANT ET PROTECTEUR"}]},{"@type":"WebSite","@id":"https:\/\/paracherkaoui.ma\/#website","url":"https:\/\/paracherkaoui.ma\/","name":"Paracherkaoui.ma","description":"Achetez en ligne sur Paracherkaoui.ma","potentialAction":[{"@type":"SearchAction","target":{"@type":"EntryPoint","urlTemplate":"https:\/\/paracherkaoui.ma\/?s={search_term_string}"},"query-input":{"@type":"PropertyValueSpecification","valueRequired":true,"valueName":"search_term_string"}}],"inLanguage":"fr-FR"}]}},"_links":{"self":[{"href":"https:\/\/paracherkaoui.ma\/index.php\/wp-json\/wp\/v2\/product\/44593","targetHints":{"allow":["GET"]}}],"collection":[{"href":"https:\/\/paracherkaoui.ma\/index.php\/wp-json\/wp\/v2\/product"}],"about":[{"href":"https:\/\/paracherkaoui.ma\/index.php\/wp-json\/wp\/v2\/types\/product"}],"replies":[{"embeddable":true,"href":"https:\/\/paracherkaoui.ma\/index.php\/wp-json\/wp\/v2\/comments?post=44593"}],"version-history":[{"count":1,"href":"https:\/\/paracherkaoui.ma\/index.php\/wp-json\/wp\/v2\/product\/44593\/revisions"}],"predecessor-version":[{"id":44627,"href":"https:\/\/paracherkaoui.ma\/index.php\/wp-json\/wp\/v2\/product\/44593\/revisions\/44627"}],"wp:featuredmedia":[{"embeddable":true,"href":"https:\/\/paracherkaoui.ma\/index.php\/wp-json\/wp\/v2\/media\/44626"}],"wp:attachment":[{"href":"https:\/\/paracherkaoui.ma\/index.php\/wp-json\/wp\/v2\/media?parent=44593"}],"wp:term":[{"taxonomy":"product_brand","embeddable":true,"href":"https:\/\/paracherkaoui.ma\/index.php\/wp-json\/wp\/v2\/product_brand?post=44593"},{"taxonomy":"product_cat","embeddable":true,"href":"https:\/\/paracherkaoui.ma\/index.php\/wp-json\/wp\/v2\/product_cat?post=44593"},{"taxonomy":"product_tag","embeddable":true,"href":"https:\/\/paracherkaoui.ma\/index.php\/wp-json\/wp\/v2\/product_tag?post=44593"}],"curies":[{"name":"wp","href":"https:\/\/api.w.org\/{rel}","templated":true}]}}