{"id":44590,"date":"2025-12-12T19:13:31","date_gmt":"2025-12-12T18:13:31","guid":{"rendered":"https:\/\/test.ecbeaute.com\/?post_type=product&#038;p=44590"},"modified":"2025-12-12T19:13:33","modified_gmt":"2025-12-12T18:13:33","slug":"mustela-eau-de-soin-musti-50-ml-sans-alcool","status":"publish","type":"product","link":"https:\/\/paracherkaoui.ma\/index.php\/produit\/mustela-eau-de-soin-musti-50-ml-sans-alcool\/","title":{"rendered":"MUSTELA EAU DE SOIN MUSTI 50 ML SANS ALCOOL"},"content":{"rendered":"<p>Parfume d\u00e9licatement votre b\u00e9b\u00e9 d\u00e8s la naissance*.<\/p>\n<p>Sp\u00e9cifiquement formul\u00e9e pour une utilisation d\u00e8s la naissance*, l\u2019Eau de soin Musti est une eau de senteur sans alcool aux extraits de bleuet et de tilleul au d\u00e9licieux parfum tendre et l\u00e9ger. Elle parfume d\u00e9licatement votre b\u00e9b\u00e9 et favorise son \u00e9veil sensoriel. Chaque utilisation est l\u2019occasion d\u2019un tendre moment de complicit\u00e9 entre vous et votre b\u00e9b\u00e9.<\/p>\n<p>Soin tendresse et plaisir, l\u2019Eau de soin Musti apporte bien-\u00eatre et fra\u00eecheur \u00e0 votre b\u00e9b\u00e9 \u00e0 tout moment de la journ\u00e9e. Son parfum d\u00e9licat et agr\u00e9able contribue \u00e0 son \u00e9veil olfactif.<\/p>\n<p>* Y compris b\u00e9b\u00e9s sortis de n\u00e9onatalit\u00e9.<br \/>\n*Formul\u00e9 pour minimiser les risques de r\u00e9actions allergiques.<br \/>\nConseils d&rsquo;utilisation :<br \/>\nVaporisez l\u2019Eau de soin Musti sur la peau ou les cheveux de votre b\u00e9b\u00e9 pour le rafra\u00eechir et le parfumer d\u00e9licatement.<br \/>\nL\u2019Eau de soin Musti peut \u00eatre employ\u00e9e d\u00e8s la naissance*.<\/p>\n","protected":false},"excerpt":{"rendered":"<p>Parfume d\u00e9licatement votre b\u00e9b\u00e9 d\u00e8s la naissance*. Sp\u00e9cifiquement formul\u00e9e pour une utilisation d\u00e8s la naissance*, l\u2019Eau de soin Musti est<\/p>\n","protected":false},"featured_media":44620,"comment_status":"open","ping_status":"closed","template":"","meta":[],"product_brand":[687],"product_cat":[783],"product_tag":[],"class_list":{"0":"post-44590","1":"product","2":"type-product","3":"status-publish","4":"has-post-thumbnail","6":"product_brand-mustela","7":"product_cat-soins-cheveux-visage-et-corps","9":"first","10":"instock","11":"sale","12":"shipping-taxable","13":"purchasable","14":"product-type-simple"},"yoast_head":"<!-- This site is optimized with the Yoast SEO plugin v26.6 - https:\/\/yoast.com\/wordpress\/plugins\/seo\/ -->\r\n<title>MUSTELA EAU DE SOIN MUSTI 50 ML SANS ALCOOL - Paracherkaoui.ma<\/title>\r\n<meta name=\"robots\" content=\"index, follow, max-snippet:-1, max-image-preview:large, max-video-preview:-1\" \/>\r\n<link rel=\"canonical\" href=\"https:\/\/paracherkaoui.ma\/index.php\/produit\/mustela-eau-de-soin-musti-50-ml-sans-alcool\/\" \/>\r\n<meta property=\"og:locale\" content=\"fr_FR\" \/>\r\n<meta property=\"og:type\" content=\"article\" \/>\r\n<meta property=\"og:title\" content=\"MUSTELA EAU DE SOIN MUSTI 50 ML SANS ALCOOL - Paracherkaoui.ma\" \/>\r\n<meta property=\"og:description\" content=\"Parfume d\u00e9licatement votre b\u00e9b\u00e9 d\u00e8s la naissance*. Sp\u00e9cifiquement formul\u00e9e pour une utilisation d\u00e8s la naissance*, l\u2019Eau de soin Musti est\" \/>\r\n<meta property=\"og:url\" content=\"https:\/\/paracherkaoui.ma\/index.php\/produit\/mustela-eau-de-soin-musti-50-ml-sans-alcool\/\" \/>\r\n<meta property=\"og:site_name\" content=\"Paracherkaoui.ma\" \/>\r\n<meta property=\"article:modified_time\" content=\"2025-12-12T18:13:33+00:00\" \/>\r\n<meta property=\"og:image\" content=\"https:\/\/paracherkaoui.ma\/wp-content\/uploads\/2025\/12\/mustela-mustela-eau-de-soin-musti-50-ml-sans-alcool-soins-cheveux-visage-et-corps.jpg\" \/>\r\n\t<meta property=\"og:image:width\" content=\"700\" \/>\r\n\t<meta property=\"og:image:height\" content=\"700\" \/>\r\n\t<meta property=\"og:image:type\" content=\"image\/jpeg\" \/>\r\n<meta name=\"twitter:card\" content=\"summary_large_image\" \/>\r\n<meta name=\"twitter:label1\" content=\"Dur\u00e9e de lecture estim\u00e9e\" \/>\n\t<meta name=\"twitter:data1\" content=\"1 minute\" \/>\r\n<script type=\"application\/ld+json\" class=\"yoast-schema-graph\">{\"@context\":\"https:\/\/schema.org\",\"@graph\":[{\"@type\":\"WebPage\",\"@id\":\"https:\/\/paracherkaoui.ma\/index.php\/produit\/mustela-eau-de-soin-musti-50-ml-sans-alcool\/\",\"url\":\"https:\/\/paracherkaoui.ma\/index.php\/produit\/mustela-eau-de-soin-musti-50-ml-sans-alcool\/\",\"name\":\"MUSTELA EAU DE SOIN MUSTI 50 ML SANS ALCOOL - Paracherkaoui.ma\",\"isPartOf\":{\"@id\":\"https:\/\/paracherkaoui.ma\/#website\"},\"primaryImageOfPage\":{\"@id\":\"https:\/\/paracherkaoui.ma\/index.php\/produit\/mustela-eau-de-soin-musti-50-ml-sans-alcool\/#primaryimage\"},\"image\":{\"@id\":\"https:\/\/paracherkaoui.ma\/index.php\/produit\/mustela-eau-de-soin-musti-50-ml-sans-alcool\/#primaryimage\"},\"thumbnailUrl\":\"https:\/\/paracherkaoui.ma\/wp-content\/uploads\/2025\/12\/mustela-mustela-eau-de-soin-musti-50-ml-sans-alcool-soins-cheveux-visage-et-corps.jpg\",\"datePublished\":\"2025-12-12T18:13:31+00:00\",\"dateModified\":\"2025-12-12T18:13:33+00:00\",\"breadcrumb\":{\"@id\":\"https:\/\/paracherkaoui.ma\/index.php\/produit\/mustela-eau-de-soin-musti-50-ml-sans-alcool\/#breadcrumb\"},\"inLanguage\":\"fr-FR\",\"potentialAction\":[{\"@type\":\"ReadAction\",\"target\":[\"https:\/\/paracherkaoui.ma\/index.php\/produit\/mustela-eau-de-soin-musti-50-ml-sans-alcool\/\"]}]},{\"@type\":\"ImageObject\",\"inLanguage\":\"fr-FR\",\"@id\":\"https:\/\/paracherkaoui.ma\/index.php\/produit\/mustela-eau-de-soin-musti-50-ml-sans-alcool\/#primaryimage\",\"url\":\"https:\/\/paracherkaoui.ma\/wp-content\/uploads\/2025\/12\/mustela-mustela-eau-de-soin-musti-50-ml-sans-alcool-soins-cheveux-visage-et-corps.jpg\",\"contentUrl\":\"https:\/\/paracherkaoui.ma\/wp-content\/uploads\/2025\/12\/mustela-mustela-eau-de-soin-musti-50-ml-sans-alcool-soins-cheveux-visage-et-corps.jpg\",\"width\":700,\"height\":700},{\"@type\":\"BreadcrumbList\",\"@id\":\"https:\/\/paracherkaoui.ma\/index.php\/produit\/mustela-eau-de-soin-musti-50-ml-sans-alcool\/#breadcrumb\",\"itemListElement\":[{\"@type\":\"ListItem\",\"position\":1,\"name\":\"Accueil\",\"item\":\"https:\/\/paracherkaoui.ma\/\"},{\"@type\":\"ListItem\",\"position\":2,\"name\":\"Boutique\",\"item\":\"https:\/\/paracherkaoui.ma\/index.php\/boutique\/\"},{\"@type\":\"ListItem\",\"position\":3,\"name\":\"MUSTELA EAU DE SOIN MUSTI 50 ML SANS ALCOOL\"}]},{\"@type\":\"WebSite\",\"@id\":\"https:\/\/paracherkaoui.ma\/#website\",\"url\":\"https:\/\/paracherkaoui.ma\/\",\"name\":\"Paracherkaoui.ma\",\"description\":\"Achetez en ligne sur Paracherkaoui.ma\",\"potentialAction\":[{\"@type\":\"SearchAction\",\"target\":{\"@type\":\"EntryPoint\",\"urlTemplate\":\"https:\/\/paracherkaoui.ma\/?s={search_term_string}\"},\"query-input\":{\"@type\":\"PropertyValueSpecification\",\"valueRequired\":true,\"valueName\":\"search_term_string\"}}],\"inLanguage\":\"fr-FR\"}]}<\/script>\r\n<!-- \/ Yoast SEO plugin. -->","yoast_head_json":{"title":"MUSTELA EAU DE SOIN MUSTI 50 ML SANS ALCOOL - Paracherkaoui.ma","robots":{"index":"index","follow":"follow","max-snippet":"max-snippet:-1","max-image-preview":"max-image-preview:large","max-video-preview":"max-video-preview:-1"},"canonical":"https:\/\/paracherkaoui.ma\/index.php\/produit\/mustela-eau-de-soin-musti-50-ml-sans-alcool\/","og_locale":"fr_FR","og_type":"article","og_title":"MUSTELA EAU DE SOIN MUSTI 50 ML SANS ALCOOL - Paracherkaoui.ma","og_description":"Parfume d\u00e9licatement votre b\u00e9b\u00e9 d\u00e8s la naissance*. Sp\u00e9cifiquement formul\u00e9e pour une utilisation d\u00e8s la naissance*, l\u2019Eau de soin Musti est","og_url":"https:\/\/paracherkaoui.ma\/index.php\/produit\/mustela-eau-de-soin-musti-50-ml-sans-alcool\/","og_site_name":"Paracherkaoui.ma","article_modified_time":"2025-12-12T18:13:33+00:00","og_image":[{"width":700,"height":700,"url":"https:\/\/paracherkaoui.ma\/wp-content\/uploads\/2025\/12\/mustela-mustela-eau-de-soin-musti-50-ml-sans-alcool-soins-cheveux-visage-et-corps.jpg","type":"image\/jpeg"}],"twitter_card":"summary_large_image","twitter_misc":{"Dur\u00e9e de lecture estim\u00e9e":"1 minute"},"schema":{"@context":"https:\/\/schema.org","@graph":[{"@type":"WebPage","@id":"https:\/\/paracherkaoui.ma\/index.php\/produit\/mustela-eau-de-soin-musti-50-ml-sans-alcool\/","url":"https:\/\/paracherkaoui.ma\/index.php\/produit\/mustela-eau-de-soin-musti-50-ml-sans-alcool\/","name":"MUSTELA EAU DE SOIN MUSTI 50 ML SANS ALCOOL - Paracherkaoui.ma","isPartOf":{"@id":"https:\/\/paracherkaoui.ma\/#website"},"primaryImageOfPage":{"@id":"https:\/\/paracherkaoui.ma\/index.php\/produit\/mustela-eau-de-soin-musti-50-ml-sans-alcool\/#primaryimage"},"image":{"@id":"https:\/\/paracherkaoui.ma\/index.php\/produit\/mustela-eau-de-soin-musti-50-ml-sans-alcool\/#primaryimage"},"thumbnailUrl":"https:\/\/paracherkaoui.ma\/wp-content\/uploads\/2025\/12\/mustela-mustela-eau-de-soin-musti-50-ml-sans-alcool-soins-cheveux-visage-et-corps.jpg","datePublished":"2025-12-12T18:13:31+00:00","dateModified":"2025-12-12T18:13:33+00:00","breadcrumb":{"@id":"https:\/\/paracherkaoui.ma\/index.php\/produit\/mustela-eau-de-soin-musti-50-ml-sans-alcool\/#breadcrumb"},"inLanguage":"fr-FR","potentialAction":[{"@type":"ReadAction","target":["https:\/\/paracherkaoui.ma\/index.php\/produit\/mustela-eau-de-soin-musti-50-ml-sans-alcool\/"]}]},{"@type":"ImageObject","inLanguage":"fr-FR","@id":"https:\/\/paracherkaoui.ma\/index.php\/produit\/mustela-eau-de-soin-musti-50-ml-sans-alcool\/#primaryimage","url":"https:\/\/paracherkaoui.ma\/wp-content\/uploads\/2025\/12\/mustela-mustela-eau-de-soin-musti-50-ml-sans-alcool-soins-cheveux-visage-et-corps.jpg","contentUrl":"https:\/\/paracherkaoui.ma\/wp-content\/uploads\/2025\/12\/mustela-mustela-eau-de-soin-musti-50-ml-sans-alcool-soins-cheveux-visage-et-corps.jpg","width":700,"height":700},{"@type":"BreadcrumbList","@id":"https:\/\/paracherkaoui.ma\/index.php\/produit\/mustela-eau-de-soin-musti-50-ml-sans-alcool\/#breadcrumb","itemListElement":[{"@type":"ListItem","position":1,"name":"Accueil","item":"https:\/\/paracherkaoui.ma\/"},{"@type":"ListItem","position":2,"name":"Boutique","item":"https:\/\/paracherkaoui.ma\/index.php\/boutique\/"},{"@type":"ListItem","position":3,"name":"MUSTELA EAU DE SOIN MUSTI 50 ML SANS ALCOOL"}]},{"@type":"WebSite","@id":"https:\/\/paracherkaoui.ma\/#website","url":"https:\/\/paracherkaoui.ma\/","name":"Paracherkaoui.ma","description":"Achetez en ligne sur Paracherkaoui.ma","potentialAction":[{"@type":"SearchAction","target":{"@type":"EntryPoint","urlTemplate":"https:\/\/paracherkaoui.ma\/?s={search_term_string}"},"query-input":{"@type":"PropertyValueSpecification","valueRequired":true,"valueName":"search_term_string"}}],"inLanguage":"fr-FR"}]}},"_links":{"self":[{"href":"https:\/\/paracherkaoui.ma\/index.php\/wp-json\/wp\/v2\/product\/44590","targetHints":{"allow":["GET"]}}],"collection":[{"href":"https:\/\/paracherkaoui.ma\/index.php\/wp-json\/wp\/v2\/product"}],"about":[{"href":"https:\/\/paracherkaoui.ma\/index.php\/wp-json\/wp\/v2\/types\/product"}],"replies":[{"embeddable":true,"href":"https:\/\/paracherkaoui.ma\/index.php\/wp-json\/wp\/v2\/comments?post=44590"}],"version-history":[{"count":1,"href":"https:\/\/paracherkaoui.ma\/index.php\/wp-json\/wp\/v2\/product\/44590\/revisions"}],"predecessor-version":[{"id":44621,"href":"https:\/\/paracherkaoui.ma\/index.php\/wp-json\/wp\/v2\/product\/44590\/revisions\/44621"}],"wp:featuredmedia":[{"embeddable":true,"href":"https:\/\/paracherkaoui.ma\/index.php\/wp-json\/wp\/v2\/media\/44620"}],"wp:attachment":[{"href":"https:\/\/paracherkaoui.ma\/index.php\/wp-json\/wp\/v2\/media?parent=44590"}],"wp:term":[{"taxonomy":"product_brand","embeddable":true,"href":"https:\/\/paracherkaoui.ma\/index.php\/wp-json\/wp\/v2\/product_brand?post=44590"},{"taxonomy":"product_cat","embeddable":true,"href":"https:\/\/paracherkaoui.ma\/index.php\/wp-json\/wp\/v2\/product_cat?post=44590"},{"taxonomy":"product_tag","embeddable":true,"href":"https:\/\/paracherkaoui.ma\/index.php\/wp-json\/wp\/v2\/product_tag?post=44590"}],"curies":[{"name":"wp","href":"https:\/\/api.w.org\/{rel}","templated":true}]}}