{"id":44539,"date":"2025-12-12T19:13:25","date_gmt":"2025-12-12T18:13:25","guid":{"rendered":"https:\/\/test.ecbeaute.com\/?post_type=product&#038;p=44539"},"modified":"2025-12-12T19:13:30","modified_gmt":"2025-12-12T18:13:30","slug":"klorane-bebe-petit-brin-eau-parfumee-50-ml-2","status":"publish","type":"product","link":"https:\/\/paracherkaoui.ma\/index.php\/produit\/klorane-bebe-petit-brin-eau-parfumee-50-ml-2\/","title":{"rendered":"KLORANE BEBE PETIT BRIN EAU PARFUMEE 50 ML"},"content":{"rendered":"<p>L&rsquo;Eau parfum\u00e9e Petit Brin apporte bien-\u00eatre et tendresse. Sa formule naturelle* poss\u00e8de une excellente tol\u00e9rance p\u00e9diatrique**. Test\u00e9e et formul\u00e9e pour la peau d\u00e9licate des plus petits, elle se vaporise apr\u00e8s la toilette sur le corps, les cheveux ou les v\u00eatements. V\u00e9ritable instant de douceur sensorielle, le parfum Petit Brin \u00e9veille les sens de b\u00e9b\u00e9 d\u00e8s la naissance.*97% d&rsquo;ingr\u00e9dients d&rsquo;origine naturelle<br \/>\nLes bienfaits:<br \/>\nParfum\u00e9e : son discret parfum aux notes fra\u00eeches et fruit\u00e9es accompagn\u00e9es d&rsquo;un c\u0153ur de fleurs blanches stimule et \u00e9veille les sens.<br \/>\nNaturelle : sa formule douce \u00e0 97 % d&rsquo;ingr\u00e9dients d&rsquo;origine naturelle est adapt\u00e9e aux peaux encore sensibles des b\u00e9b\u00e9s et nourrissons.<br \/>\nRelaxante : le parfum tendre est brevet\u00e9 relaxant, pour contribuer au bien-\u00eatre de b\u00e9b\u00e9 et apporter instantan\u00e9ment d\u00e9tente et r\u00e9confort.<br \/>\nConseils d&rsquo;utilisation<br \/>\nVaporisez apr\u00e8s la toilette sur la peau (en \u00e9vitant le visage) ou sur les v\u00eatements.<\/p>\n","protected":false},"excerpt":{"rendered":"<p>L&rsquo;Eau parfum\u00e9e Petit Brin apporte bien-\u00eatre et tendresse. Sa formule naturelle* poss\u00e8de une excellente tol\u00e9rance p\u00e9diatrique**. Test\u00e9e et formul\u00e9e pour<\/p>\n","protected":false},"featured_media":12611,"comment_status":"open","ping_status":"closed","template":"","meta":[],"product_brand":[145],"product_cat":[783],"product_tag":[],"class_list":{"0":"post-44539","1":"product","2":"type-product","3":"status-publish","4":"has-post-thumbnail","6":"product_brand-klorane","7":"product_cat-soins-cheveux-visage-et-corps","9":"first","10":"instock","11":"sale","12":"shipping-taxable","13":"purchasable","14":"product-type-simple"},"yoast_head":"<!-- This site is optimized with the Yoast SEO plugin v26.6 - https:\/\/yoast.com\/wordpress\/plugins\/seo\/ -->\r\n<title>KLORANE BEBE PETIT BRIN EAU PARFUMEE 50 ML - Paracherkaoui.ma<\/title>\r\n<meta name=\"robots\" content=\"index, follow, max-snippet:-1, max-image-preview:large, max-video-preview:-1\" \/>\r\n<link rel=\"canonical\" href=\"https:\/\/paracherkaoui.ma\/index.php\/produit\/klorane-bebe-petit-brin-eau-parfumee-50-ml-2\/\" \/>\r\n<meta property=\"og:locale\" content=\"fr_FR\" \/>\r\n<meta property=\"og:type\" content=\"article\" \/>\r\n<meta property=\"og:title\" content=\"KLORANE BEBE PETIT BRIN EAU PARFUMEE 50 ML - Paracherkaoui.ma\" \/>\r\n<meta property=\"og:description\" content=\"L&rsquo;Eau parfum\u00e9e Petit Brin apporte bien-\u00eatre et tendresse. Sa formule naturelle* poss\u00e8de une excellente tol\u00e9rance p\u00e9diatrique**. Test\u00e9e et formul\u00e9e pour\" \/>\r\n<meta property=\"og:url\" content=\"https:\/\/paracherkaoui.ma\/index.php\/produit\/klorane-bebe-petit-brin-eau-parfumee-50-ml-2\/\" \/>\r\n<meta property=\"og:site_name\" content=\"Paracherkaoui.ma\" \/>\r\n<meta property=\"article:modified_time\" content=\"2025-12-12T18:13:30+00:00\" \/>\r\n<meta property=\"og:image\" content=\"https:\/\/paracherkaoui.ma\/wp-content\/uploads\/2025\/12\/klorane-klorane-bebe-petit-brin-eau-parfumee-50-ml-soins-cheveux-visage-et-corps.jpg\" \/>\r\n\t<meta property=\"og:image:width\" content=\"700\" \/>\r\n\t<meta property=\"og:image:height\" content=\"700\" \/>\r\n\t<meta property=\"og:image:type\" content=\"image\/jpeg\" \/>\r\n<meta name=\"twitter:card\" content=\"summary_large_image\" \/>\r\n<meta name=\"twitter:label1\" content=\"Dur\u00e9e de lecture estim\u00e9e\" \/>\n\t<meta name=\"twitter:data1\" content=\"1 minute\" \/>\r\n<script type=\"application\/ld+json\" class=\"yoast-schema-graph\">{\"@context\":\"https:\/\/schema.org\",\"@graph\":[{\"@type\":\"WebPage\",\"@id\":\"https:\/\/paracherkaoui.ma\/index.php\/produit\/klorane-bebe-petit-brin-eau-parfumee-50-ml-2\/\",\"url\":\"https:\/\/paracherkaoui.ma\/index.php\/produit\/klorane-bebe-petit-brin-eau-parfumee-50-ml-2\/\",\"name\":\"KLORANE BEBE PETIT BRIN EAU PARFUMEE 50 ML - Paracherkaoui.ma\",\"isPartOf\":{\"@id\":\"https:\/\/paracherkaoui.ma\/#website\"},\"primaryImageOfPage\":{\"@id\":\"https:\/\/paracherkaoui.ma\/index.php\/produit\/klorane-bebe-petit-brin-eau-parfumee-50-ml-2\/#primaryimage\"},\"image\":{\"@id\":\"https:\/\/paracherkaoui.ma\/index.php\/produit\/klorane-bebe-petit-brin-eau-parfumee-50-ml-2\/#primaryimage\"},\"thumbnailUrl\":\"https:\/\/paracherkaoui.ma\/wp-content\/uploads\/2025\/12\/klorane-klorane-bebe-petit-brin-eau-parfumee-50-ml-soins-cheveux-visage-et-corps.jpg\",\"datePublished\":\"2025-12-12T18:13:25+00:00\",\"dateModified\":\"2025-12-12T18:13:30+00:00\",\"breadcrumb\":{\"@id\":\"https:\/\/paracherkaoui.ma\/index.php\/produit\/klorane-bebe-petit-brin-eau-parfumee-50-ml-2\/#breadcrumb\"},\"inLanguage\":\"fr-FR\",\"potentialAction\":[{\"@type\":\"ReadAction\",\"target\":[\"https:\/\/paracherkaoui.ma\/index.php\/produit\/klorane-bebe-petit-brin-eau-parfumee-50-ml-2\/\"]}]},{\"@type\":\"ImageObject\",\"inLanguage\":\"fr-FR\",\"@id\":\"https:\/\/paracherkaoui.ma\/index.php\/produit\/klorane-bebe-petit-brin-eau-parfumee-50-ml-2\/#primaryimage\",\"url\":\"https:\/\/paracherkaoui.ma\/wp-content\/uploads\/2025\/12\/klorane-klorane-bebe-petit-brin-eau-parfumee-50-ml-soins-cheveux-visage-et-corps.jpg\",\"contentUrl\":\"https:\/\/paracherkaoui.ma\/wp-content\/uploads\/2025\/12\/klorane-klorane-bebe-petit-brin-eau-parfumee-50-ml-soins-cheveux-visage-et-corps.jpg\",\"width\":700,\"height\":700},{\"@type\":\"BreadcrumbList\",\"@id\":\"https:\/\/paracherkaoui.ma\/index.php\/produit\/klorane-bebe-petit-brin-eau-parfumee-50-ml-2\/#breadcrumb\",\"itemListElement\":[{\"@type\":\"ListItem\",\"position\":1,\"name\":\"Accueil\",\"item\":\"https:\/\/paracherkaoui.ma\/\"},{\"@type\":\"ListItem\",\"position\":2,\"name\":\"Boutique\",\"item\":\"https:\/\/paracherkaoui.ma\/index.php\/boutique\/\"},{\"@type\":\"ListItem\",\"position\":3,\"name\":\"KLORANE BEBE PETIT BRIN EAU PARFUMEE 50 ML\"}]},{\"@type\":\"WebSite\",\"@id\":\"https:\/\/paracherkaoui.ma\/#website\",\"url\":\"https:\/\/paracherkaoui.ma\/\",\"name\":\"Paracherkaoui.ma\",\"description\":\"Achetez en ligne sur Paracherkaoui.ma\",\"potentialAction\":[{\"@type\":\"SearchAction\",\"target\":{\"@type\":\"EntryPoint\",\"urlTemplate\":\"https:\/\/paracherkaoui.ma\/?s={search_term_string}\"},\"query-input\":{\"@type\":\"PropertyValueSpecification\",\"valueRequired\":true,\"valueName\":\"search_term_string\"}}],\"inLanguage\":\"fr-FR\"}]}<\/script>\r\n<!-- \/ Yoast SEO plugin. -->","yoast_head_json":{"title":"KLORANE BEBE PETIT BRIN EAU PARFUMEE 50 ML - Paracherkaoui.ma","robots":{"index":"index","follow":"follow","max-snippet":"max-snippet:-1","max-image-preview":"max-image-preview:large","max-video-preview":"max-video-preview:-1"},"canonical":"https:\/\/paracherkaoui.ma\/index.php\/produit\/klorane-bebe-petit-brin-eau-parfumee-50-ml-2\/","og_locale":"fr_FR","og_type":"article","og_title":"KLORANE BEBE PETIT BRIN EAU PARFUMEE 50 ML - Paracherkaoui.ma","og_description":"L&rsquo;Eau parfum\u00e9e Petit Brin apporte bien-\u00eatre et tendresse. Sa formule naturelle* poss\u00e8de une excellente tol\u00e9rance p\u00e9diatrique**. Test\u00e9e et formul\u00e9e pour","og_url":"https:\/\/paracherkaoui.ma\/index.php\/produit\/klorane-bebe-petit-brin-eau-parfumee-50-ml-2\/","og_site_name":"Paracherkaoui.ma","article_modified_time":"2025-12-12T18:13:30+00:00","og_image":[{"width":700,"height":700,"url":"https:\/\/paracherkaoui.ma\/wp-content\/uploads\/2025\/12\/klorane-klorane-bebe-petit-brin-eau-parfumee-50-ml-soins-cheveux-visage-et-corps.jpg","type":"image\/jpeg"}],"twitter_card":"summary_large_image","twitter_misc":{"Dur\u00e9e de lecture estim\u00e9e":"1 minute"},"schema":{"@context":"https:\/\/schema.org","@graph":[{"@type":"WebPage","@id":"https:\/\/paracherkaoui.ma\/index.php\/produit\/klorane-bebe-petit-brin-eau-parfumee-50-ml-2\/","url":"https:\/\/paracherkaoui.ma\/index.php\/produit\/klorane-bebe-petit-brin-eau-parfumee-50-ml-2\/","name":"KLORANE BEBE PETIT BRIN EAU PARFUMEE 50 ML - Paracherkaoui.ma","isPartOf":{"@id":"https:\/\/paracherkaoui.ma\/#website"},"primaryImageOfPage":{"@id":"https:\/\/paracherkaoui.ma\/index.php\/produit\/klorane-bebe-petit-brin-eau-parfumee-50-ml-2\/#primaryimage"},"image":{"@id":"https:\/\/paracherkaoui.ma\/index.php\/produit\/klorane-bebe-petit-brin-eau-parfumee-50-ml-2\/#primaryimage"},"thumbnailUrl":"https:\/\/paracherkaoui.ma\/wp-content\/uploads\/2025\/12\/klorane-klorane-bebe-petit-brin-eau-parfumee-50-ml-soins-cheveux-visage-et-corps.jpg","datePublished":"2025-12-12T18:13:25+00:00","dateModified":"2025-12-12T18:13:30+00:00","breadcrumb":{"@id":"https:\/\/paracherkaoui.ma\/index.php\/produit\/klorane-bebe-petit-brin-eau-parfumee-50-ml-2\/#breadcrumb"},"inLanguage":"fr-FR","potentialAction":[{"@type":"ReadAction","target":["https:\/\/paracherkaoui.ma\/index.php\/produit\/klorane-bebe-petit-brin-eau-parfumee-50-ml-2\/"]}]},{"@type":"ImageObject","inLanguage":"fr-FR","@id":"https:\/\/paracherkaoui.ma\/index.php\/produit\/klorane-bebe-petit-brin-eau-parfumee-50-ml-2\/#primaryimage","url":"https:\/\/paracherkaoui.ma\/wp-content\/uploads\/2025\/12\/klorane-klorane-bebe-petit-brin-eau-parfumee-50-ml-soins-cheveux-visage-et-corps.jpg","contentUrl":"https:\/\/paracherkaoui.ma\/wp-content\/uploads\/2025\/12\/klorane-klorane-bebe-petit-brin-eau-parfumee-50-ml-soins-cheveux-visage-et-corps.jpg","width":700,"height":700},{"@type":"BreadcrumbList","@id":"https:\/\/paracherkaoui.ma\/index.php\/produit\/klorane-bebe-petit-brin-eau-parfumee-50-ml-2\/#breadcrumb","itemListElement":[{"@type":"ListItem","position":1,"name":"Accueil","item":"https:\/\/paracherkaoui.ma\/"},{"@type":"ListItem","position":2,"name":"Boutique","item":"https:\/\/paracherkaoui.ma\/index.php\/boutique\/"},{"@type":"ListItem","position":3,"name":"KLORANE BEBE PETIT BRIN EAU PARFUMEE 50 ML"}]},{"@type":"WebSite","@id":"https:\/\/paracherkaoui.ma\/#website","url":"https:\/\/paracherkaoui.ma\/","name":"Paracherkaoui.ma","description":"Achetez en ligne sur Paracherkaoui.ma","potentialAction":[{"@type":"SearchAction","target":{"@type":"EntryPoint","urlTemplate":"https:\/\/paracherkaoui.ma\/?s={search_term_string}"},"query-input":{"@type":"PropertyValueSpecification","valueRequired":true,"valueName":"search_term_string"}}],"inLanguage":"fr-FR"}]}},"_links":{"self":[{"href":"https:\/\/paracherkaoui.ma\/index.php\/wp-json\/wp\/v2\/product\/44539","targetHints":{"allow":["GET"]}}],"collection":[{"href":"https:\/\/paracherkaoui.ma\/index.php\/wp-json\/wp\/v2\/product"}],"about":[{"href":"https:\/\/paracherkaoui.ma\/index.php\/wp-json\/wp\/v2\/types\/product"}],"replies":[{"embeddable":true,"href":"https:\/\/paracherkaoui.ma\/index.php\/wp-json\/wp\/v2\/comments?post=44539"}],"version-history":[{"count":1,"href":"https:\/\/paracherkaoui.ma\/index.php\/wp-json\/wp\/v2\/product\/44539\/revisions"}],"predecessor-version":[{"id":44581,"href":"https:\/\/paracherkaoui.ma\/index.php\/wp-json\/wp\/v2\/product\/44539\/revisions\/44581"}],"wp:featuredmedia":[{"embeddable":true,"href":"https:\/\/paracherkaoui.ma\/index.php\/wp-json\/wp\/v2\/media\/12611"}],"wp:attachment":[{"href":"https:\/\/paracherkaoui.ma\/index.php\/wp-json\/wp\/v2\/media?parent=44539"}],"wp:term":[{"taxonomy":"product_brand","embeddable":true,"href":"https:\/\/paracherkaoui.ma\/index.php\/wp-json\/wp\/v2\/product_brand?post=44539"},{"taxonomy":"product_cat","embeddable":true,"href":"https:\/\/paracherkaoui.ma\/index.php\/wp-json\/wp\/v2\/product_cat?post=44539"},{"taxonomy":"product_tag","embeddable":true,"href":"https:\/\/paracherkaoui.ma\/index.php\/wp-json\/wp\/v2\/product_tag?post=44539"}],"curies":[{"name":"wp","href":"https:\/\/api.w.org\/{rel}","templated":true}]}}