{"id":44537,"date":"2025-12-12T19:13:25","date_gmt":"2025-12-12T18:13:25","guid":{"rendered":"https:\/\/test.ecbeaute.com\/?post_type=product&#038;p=44537"},"modified":"2025-12-12T19:13:30","modified_gmt":"2025-12-12T18:13:30","slug":"l2n-pharma-seringues-de-lavage-nasal-6mois","status":"publish","type":"product","link":"https:\/\/paracherkaoui.ma\/index.php\/produit\/l2n-pharma-seringues-de-lavage-nasal-6mois\/","title":{"rendered":"L2N PHARMA SERINGUES DE LAVAGE NASAL 6MOIS +"},"content":{"rendered":"<p>D\u00e9couvrez les seringues de lavage nasal L2N Pharma, sp\u00e9cialement con\u00e7ues pour les b\u00e9b\u00e9s d\u00e8s 6 mois ! Id\u00e9ales pour lib\u00e9rer les voies respiratoires, elles offrent un nettoyage en douceur et efficace des sinus gr\u00e2ce \u00e0 leur embout souple en silicone. Contr\u00f4lez facilement la pression pour un rin\u00e7age s\u00e9curis\u00e9, adapt\u00e9 aux plus petits. Faciles \u00e0 manier, ces seringues ergonomiques avec 3 anneaux assurent une prise en main optimale, permettant un dosage pr\u00e9cis et une administration s\u00fbre. Remplissez simplement la seringue avec une solution saline, inclinez la t\u00eate de votre enfant vers l&rsquo;avant, puis injectez doucement pour \u00e9vacuer les s\u00e9cr\u00e9tions nasales obstruantes. R\u00e9utilisables, elles sont con\u00e7ues \u00e0 partir de mat\u00e9riaux s\u00fbrs, inodores et non toxiques, garantissant la s\u00e9curit\u00e9 et le confort des b\u00e9b\u00e9s. Offrez \u00e0 votre enfant une respiration libre et confortable gr\u00e2ce \u00e0 ces seringues fiables et faciles \u00e0 nettoyer !<br \/>\nConseils d&rsquo;utilisation<br \/>\nPr\u00e9parer la solution saline : Aspirez la solution saline dans la seringue.<br \/>\nPositionner le b\u00e9b\u00e9 : Inclinez l\u00e9g\u00e8rement la t\u00eate de l\u2019enfant vers l&rsquo;avant.<br \/>\nInjecter doucement : Placez l&#8217;embout en silicone dans une narine et injectez lentement le contenu.<br \/>\n\u00c9vacuer les s\u00e9cr\u00e9tions : Les s\u00e9cr\u00e9tions ressortent par l\u2019autre narine, d\u00e9gageant ainsi les voies nasales.<br \/>\nNettoyer apr\u00e8s utilisation : Retirez l\u2019embout en silicone, nettoyez-le soigneusement pour une r\u00e9utilisation s\u00fbre.<\/p>\n","protected":false},"excerpt":{"rendered":"<p>D\u00e9couvrez les seringues de lavage nasal L2N Pharma, sp\u00e9cialement con\u00e7ues pour les b\u00e9b\u00e9s d\u00e8s 6 mois ! Id\u00e9ales pour lib\u00e9rer<\/p>\n","protected":false},"featured_media":44578,"comment_status":"open","ping_status":"closed","template":"","meta":[],"product_brand":[202],"product_cat":[779],"product_tag":[],"class_list":{"0":"post-44537","1":"product","2":"type-product","3":"status-publish","4":"has-post-thumbnail","6":"product_brand-l2n-pharma","7":"product_cat-soin-nez-bebe-et-accessoires-nez","9":"first","10":"instock","11":"shipping-taxable","12":"purchasable","13":"product-type-simple"},"yoast_head":"<!-- This site is optimized with the Yoast SEO plugin v26.6 - https:\/\/yoast.com\/wordpress\/plugins\/seo\/ -->\r\n<title>L2N PHARMA SERINGUES DE LAVAGE NASAL 6MOIS + - Paracherkaoui.ma<\/title>\r\n<meta name=\"robots\" content=\"index, follow, max-snippet:-1, max-image-preview:large, max-video-preview:-1\" \/>\r\n<link rel=\"canonical\" href=\"https:\/\/paracherkaoui.ma\/index.php\/produit\/l2n-pharma-seringues-de-lavage-nasal-6mois\/\" \/>\r\n<meta property=\"og:locale\" content=\"fr_FR\" \/>\r\n<meta property=\"og:type\" content=\"article\" \/>\r\n<meta property=\"og:title\" content=\"L2N PHARMA SERINGUES DE LAVAGE NASAL 6MOIS + - Paracherkaoui.ma\" \/>\r\n<meta property=\"og:description\" content=\"D\u00e9couvrez les seringues de lavage nasal L2N Pharma, sp\u00e9cialement con\u00e7ues pour les b\u00e9b\u00e9s d\u00e8s 6 mois ! Id\u00e9ales pour lib\u00e9rer\" \/>\r\n<meta property=\"og:url\" content=\"https:\/\/paracherkaoui.ma\/index.php\/produit\/l2n-pharma-seringues-de-lavage-nasal-6mois\/\" \/>\r\n<meta property=\"og:site_name\" content=\"Paracherkaoui.ma\" \/>\r\n<meta property=\"article:modified_time\" content=\"2025-12-12T18:13:30+00:00\" \/>\r\n<meta property=\"og:image\" content=\"https:\/\/paracherkaoui.ma\/wp-content\/uploads\/2025\/12\/l2n-pharma-l2n-pharma-seringues-de-lavage-nasal-6mois-soins-et-accessoires-nez.jpg\" \/>\r\n\t<meta property=\"og:image:width\" content=\"700\" \/>\r\n\t<meta property=\"og:image:height\" content=\"700\" \/>\r\n\t<meta property=\"og:image:type\" content=\"image\/jpeg\" \/>\r\n<meta name=\"twitter:card\" content=\"summary_large_image\" \/>\r\n<meta name=\"twitter:label1\" content=\"Dur\u00e9e de lecture estim\u00e9e\" \/>\n\t<meta name=\"twitter:data1\" content=\"1 minute\" \/>\r\n<script type=\"application\/ld+json\" class=\"yoast-schema-graph\">{\"@context\":\"https:\/\/schema.org\",\"@graph\":[{\"@type\":\"WebPage\",\"@id\":\"https:\/\/paracherkaoui.ma\/index.php\/produit\/l2n-pharma-seringues-de-lavage-nasal-6mois\/\",\"url\":\"https:\/\/paracherkaoui.ma\/index.php\/produit\/l2n-pharma-seringues-de-lavage-nasal-6mois\/\",\"name\":\"L2N PHARMA SERINGUES DE LAVAGE NASAL 6MOIS + - Paracherkaoui.ma\",\"isPartOf\":{\"@id\":\"https:\/\/paracherkaoui.ma\/#website\"},\"primaryImageOfPage\":{\"@id\":\"https:\/\/paracherkaoui.ma\/index.php\/produit\/l2n-pharma-seringues-de-lavage-nasal-6mois\/#primaryimage\"},\"image\":{\"@id\":\"https:\/\/paracherkaoui.ma\/index.php\/produit\/l2n-pharma-seringues-de-lavage-nasal-6mois\/#primaryimage\"},\"thumbnailUrl\":\"https:\/\/paracherkaoui.ma\/wp-content\/uploads\/2025\/12\/l2n-pharma-l2n-pharma-seringues-de-lavage-nasal-6mois-soins-et-accessoires-nez.jpg\",\"datePublished\":\"2025-12-12T18:13:25+00:00\",\"dateModified\":\"2025-12-12T18:13:30+00:00\",\"breadcrumb\":{\"@id\":\"https:\/\/paracherkaoui.ma\/index.php\/produit\/l2n-pharma-seringues-de-lavage-nasal-6mois\/#breadcrumb\"},\"inLanguage\":\"fr-FR\",\"potentialAction\":[{\"@type\":\"ReadAction\",\"target\":[\"https:\/\/paracherkaoui.ma\/index.php\/produit\/l2n-pharma-seringues-de-lavage-nasal-6mois\/\"]}]},{\"@type\":\"ImageObject\",\"inLanguage\":\"fr-FR\",\"@id\":\"https:\/\/paracherkaoui.ma\/index.php\/produit\/l2n-pharma-seringues-de-lavage-nasal-6mois\/#primaryimage\",\"url\":\"https:\/\/paracherkaoui.ma\/wp-content\/uploads\/2025\/12\/l2n-pharma-l2n-pharma-seringues-de-lavage-nasal-6mois-soins-et-accessoires-nez.jpg\",\"contentUrl\":\"https:\/\/paracherkaoui.ma\/wp-content\/uploads\/2025\/12\/l2n-pharma-l2n-pharma-seringues-de-lavage-nasal-6mois-soins-et-accessoires-nez.jpg\",\"width\":700,\"height\":700},{\"@type\":\"BreadcrumbList\",\"@id\":\"https:\/\/paracherkaoui.ma\/index.php\/produit\/l2n-pharma-seringues-de-lavage-nasal-6mois\/#breadcrumb\",\"itemListElement\":[{\"@type\":\"ListItem\",\"position\":1,\"name\":\"Accueil\",\"item\":\"https:\/\/paracherkaoui.ma\/\"},{\"@type\":\"ListItem\",\"position\":2,\"name\":\"Boutique\",\"item\":\"https:\/\/paracherkaoui.ma\/index.php\/boutique\/\"},{\"@type\":\"ListItem\",\"position\":3,\"name\":\"L2N PHARMA SERINGUES DE LAVAGE NASAL 6MOIS +\"}]},{\"@type\":\"WebSite\",\"@id\":\"https:\/\/paracherkaoui.ma\/#website\",\"url\":\"https:\/\/paracherkaoui.ma\/\",\"name\":\"Paracherkaoui.ma\",\"description\":\"Achetez en ligne sur Paracherkaoui.ma\",\"potentialAction\":[{\"@type\":\"SearchAction\",\"target\":{\"@type\":\"EntryPoint\",\"urlTemplate\":\"https:\/\/paracherkaoui.ma\/?s={search_term_string}\"},\"query-input\":{\"@type\":\"PropertyValueSpecification\",\"valueRequired\":true,\"valueName\":\"search_term_string\"}}],\"inLanguage\":\"fr-FR\"}]}<\/script>\r\n<!-- \/ Yoast SEO plugin. -->","yoast_head_json":{"title":"L2N PHARMA SERINGUES DE LAVAGE NASAL 6MOIS + - Paracherkaoui.ma","robots":{"index":"index","follow":"follow","max-snippet":"max-snippet:-1","max-image-preview":"max-image-preview:large","max-video-preview":"max-video-preview:-1"},"canonical":"https:\/\/paracherkaoui.ma\/index.php\/produit\/l2n-pharma-seringues-de-lavage-nasal-6mois\/","og_locale":"fr_FR","og_type":"article","og_title":"L2N PHARMA SERINGUES DE LAVAGE NASAL 6MOIS + - Paracherkaoui.ma","og_description":"D\u00e9couvrez les seringues de lavage nasal L2N Pharma, sp\u00e9cialement con\u00e7ues pour les b\u00e9b\u00e9s d\u00e8s 6 mois ! Id\u00e9ales pour lib\u00e9rer","og_url":"https:\/\/paracherkaoui.ma\/index.php\/produit\/l2n-pharma-seringues-de-lavage-nasal-6mois\/","og_site_name":"Paracherkaoui.ma","article_modified_time":"2025-12-12T18:13:30+00:00","og_image":[{"width":700,"height":700,"url":"https:\/\/paracherkaoui.ma\/wp-content\/uploads\/2025\/12\/l2n-pharma-l2n-pharma-seringues-de-lavage-nasal-6mois-soins-et-accessoires-nez.jpg","type":"image\/jpeg"}],"twitter_card":"summary_large_image","twitter_misc":{"Dur\u00e9e de lecture estim\u00e9e":"1 minute"},"schema":{"@context":"https:\/\/schema.org","@graph":[{"@type":"WebPage","@id":"https:\/\/paracherkaoui.ma\/index.php\/produit\/l2n-pharma-seringues-de-lavage-nasal-6mois\/","url":"https:\/\/paracherkaoui.ma\/index.php\/produit\/l2n-pharma-seringues-de-lavage-nasal-6mois\/","name":"L2N PHARMA SERINGUES DE LAVAGE NASAL 6MOIS + - Paracherkaoui.ma","isPartOf":{"@id":"https:\/\/paracherkaoui.ma\/#website"},"primaryImageOfPage":{"@id":"https:\/\/paracherkaoui.ma\/index.php\/produit\/l2n-pharma-seringues-de-lavage-nasal-6mois\/#primaryimage"},"image":{"@id":"https:\/\/paracherkaoui.ma\/index.php\/produit\/l2n-pharma-seringues-de-lavage-nasal-6mois\/#primaryimage"},"thumbnailUrl":"https:\/\/paracherkaoui.ma\/wp-content\/uploads\/2025\/12\/l2n-pharma-l2n-pharma-seringues-de-lavage-nasal-6mois-soins-et-accessoires-nez.jpg","datePublished":"2025-12-12T18:13:25+00:00","dateModified":"2025-12-12T18:13:30+00:00","breadcrumb":{"@id":"https:\/\/paracherkaoui.ma\/index.php\/produit\/l2n-pharma-seringues-de-lavage-nasal-6mois\/#breadcrumb"},"inLanguage":"fr-FR","potentialAction":[{"@type":"ReadAction","target":["https:\/\/paracherkaoui.ma\/index.php\/produit\/l2n-pharma-seringues-de-lavage-nasal-6mois\/"]}]},{"@type":"ImageObject","inLanguage":"fr-FR","@id":"https:\/\/paracherkaoui.ma\/index.php\/produit\/l2n-pharma-seringues-de-lavage-nasal-6mois\/#primaryimage","url":"https:\/\/paracherkaoui.ma\/wp-content\/uploads\/2025\/12\/l2n-pharma-l2n-pharma-seringues-de-lavage-nasal-6mois-soins-et-accessoires-nez.jpg","contentUrl":"https:\/\/paracherkaoui.ma\/wp-content\/uploads\/2025\/12\/l2n-pharma-l2n-pharma-seringues-de-lavage-nasal-6mois-soins-et-accessoires-nez.jpg","width":700,"height":700},{"@type":"BreadcrumbList","@id":"https:\/\/paracherkaoui.ma\/index.php\/produit\/l2n-pharma-seringues-de-lavage-nasal-6mois\/#breadcrumb","itemListElement":[{"@type":"ListItem","position":1,"name":"Accueil","item":"https:\/\/paracherkaoui.ma\/"},{"@type":"ListItem","position":2,"name":"Boutique","item":"https:\/\/paracherkaoui.ma\/index.php\/boutique\/"},{"@type":"ListItem","position":3,"name":"L2N PHARMA SERINGUES DE LAVAGE NASAL 6MOIS +"}]},{"@type":"WebSite","@id":"https:\/\/paracherkaoui.ma\/#website","url":"https:\/\/paracherkaoui.ma\/","name":"Paracherkaoui.ma","description":"Achetez en ligne sur Paracherkaoui.ma","potentialAction":[{"@type":"SearchAction","target":{"@type":"EntryPoint","urlTemplate":"https:\/\/paracherkaoui.ma\/?s={search_term_string}"},"query-input":{"@type":"PropertyValueSpecification","valueRequired":true,"valueName":"search_term_string"}}],"inLanguage":"fr-FR"}]}},"_links":{"self":[{"href":"https:\/\/paracherkaoui.ma\/index.php\/wp-json\/wp\/v2\/product\/44537","targetHints":{"allow":["GET"]}}],"collection":[{"href":"https:\/\/paracherkaoui.ma\/index.php\/wp-json\/wp\/v2\/product"}],"about":[{"href":"https:\/\/paracherkaoui.ma\/index.php\/wp-json\/wp\/v2\/types\/product"}],"replies":[{"embeddable":true,"href":"https:\/\/paracherkaoui.ma\/index.php\/wp-json\/wp\/v2\/comments?post=44537"}],"version-history":[{"count":1,"href":"https:\/\/paracherkaoui.ma\/index.php\/wp-json\/wp\/v2\/product\/44537\/revisions"}],"predecessor-version":[{"id":44579,"href":"https:\/\/paracherkaoui.ma\/index.php\/wp-json\/wp\/v2\/product\/44537\/revisions\/44579"}],"wp:featuredmedia":[{"embeddable":true,"href":"https:\/\/paracherkaoui.ma\/index.php\/wp-json\/wp\/v2\/media\/44578"}],"wp:attachment":[{"href":"https:\/\/paracherkaoui.ma\/index.php\/wp-json\/wp\/v2\/media?parent=44537"}],"wp:term":[{"taxonomy":"product_brand","embeddable":true,"href":"https:\/\/paracherkaoui.ma\/index.php\/wp-json\/wp\/v2\/product_brand?post=44537"},{"taxonomy":"product_cat","embeddable":true,"href":"https:\/\/paracherkaoui.ma\/index.php\/wp-json\/wp\/v2\/product_cat?post=44537"},{"taxonomy":"product_tag","embeddable":true,"href":"https:\/\/paracherkaoui.ma\/index.php\/wp-json\/wp\/v2\/product_tag?post=44537"}],"curies":[{"name":"wp","href":"https:\/\/api.w.org\/{rel}","templated":true}]}}