{"id":44532,"date":"2025-12-12T19:13:25","date_gmt":"2025-12-12T18:13:25","guid":{"rendered":"https:\/\/test.ecbeaute.com\/?post_type=product&#038;p=44532"},"modified":"2025-12-12T19:13:29","modified_gmt":"2025-12-12T18:13:29","slug":"l2n-pharma-serum-physiologique-500-ml","status":"publish","type":"product","link":"https:\/\/paracherkaoui.ma\/index.php\/produit\/l2n-pharma-serum-physiologique-500-ml\/","title":{"rendered":"L2N PHARMA SERUM PHYSIOLOGIQUE 500 ML"},"content":{"rendered":"<p>Le s\u00e9rum physiologique L2N BEBE\u00a0est un solution saline st\u00e9rile qui imite les liquides corporels naturels, cr\u00e9ant un environnement s\u00fbr et confortable pour les yeux et le nez de votre petit. Il aide \u00e0 d\u00e9loger le mucus et les s\u00e9cr\u00e9tions nasales, favorisant une respiration facile et d\u00e9gag\u00e9e. De plus, il aide \u00e0 nettoyer les yeux de b\u00e9b\u00e9, \u00e9liminant d\u00e9licatement toute salet\u00e9 ou irritation potentielle.<br \/>\nNon seulement le s\u00e9rum physiologique L2N BEBE est id\u00e9al pour les nourrissons et les jeunes enfants, mais il est aussi adapt\u00e9 pour les adultes. C\u2019est un excellent compl\u00e9ment \u00e0 votre trousse de premiers soins, pouvant \u00eatre utilis\u00e9 pour nettoyer les plaies et favoriser la gu\u00e9rison. Ce s\u00e9rum physiologique est doux et s\u00fbr, rendant les soins des plaies moins stressants et plus efficaces.<\/p>\n","protected":false},"excerpt":{"rendered":"<p>Le s\u00e9rum physiologique L2N BEBE\u00a0est un solution saline st\u00e9rile qui imite les liquides corporels naturels, cr\u00e9ant un environnement s\u00fbr et<\/p>\n","protected":false},"featured_media":44570,"comment_status":"open","ping_status":"closed","template":"","meta":[],"product_brand":[202],"product_cat":[779],"product_tag":[],"class_list":{"0":"post-44532","1":"product","2":"type-product","3":"status-publish","4":"has-post-thumbnail","6":"product_brand-l2n-pharma","7":"product_cat-soin-nez-bebe-et-accessoires-nez","9":"first","10":"instock","11":"shipping-taxable","12":"purchasable","13":"product-type-simple"},"yoast_head":"<!-- This site is optimized with the Yoast SEO plugin v26.6 - https:\/\/yoast.com\/wordpress\/plugins\/seo\/ -->\r\n<title>L2N PHARMA SERUM PHYSIOLOGIQUE 500 ML - Paracherkaoui.ma<\/title>\r\n<meta name=\"robots\" content=\"index, follow, max-snippet:-1, max-image-preview:large, max-video-preview:-1\" \/>\r\n<link rel=\"canonical\" href=\"https:\/\/paracherkaoui.ma\/index.php\/produit\/l2n-pharma-serum-physiologique-500-ml\/\" \/>\r\n<meta property=\"og:locale\" content=\"fr_FR\" \/>\r\n<meta property=\"og:type\" content=\"article\" \/>\r\n<meta property=\"og:title\" content=\"L2N PHARMA SERUM PHYSIOLOGIQUE 500 ML - Paracherkaoui.ma\" \/>\r\n<meta property=\"og:description\" content=\"Le s\u00e9rum physiologique L2N BEBE\u00a0est un solution saline st\u00e9rile qui imite les liquides corporels naturels, cr\u00e9ant un environnement s\u00fbr et\" \/>\r\n<meta property=\"og:url\" content=\"https:\/\/paracherkaoui.ma\/index.php\/produit\/l2n-pharma-serum-physiologique-500-ml\/\" \/>\r\n<meta property=\"og:site_name\" content=\"Paracherkaoui.ma\" \/>\r\n<meta property=\"article:modified_time\" content=\"2025-12-12T18:13:29+00:00\" \/>\r\n<meta property=\"og:image\" content=\"https:\/\/paracherkaoui.ma\/wp-content\/uploads\/2025\/12\/l2n-pharma-l2n-pharma-serum-physiologique-500-ml-nez.jpg\" \/>\r\n\t<meta property=\"og:image:width\" content=\"700\" \/>\r\n\t<meta property=\"og:image:height\" content=\"700\" \/>\r\n\t<meta property=\"og:image:type\" content=\"image\/jpeg\" \/>\r\n<meta name=\"twitter:card\" content=\"summary_large_image\" \/>\r\n<meta name=\"twitter:label1\" content=\"Dur\u00e9e de lecture estim\u00e9e\" \/>\n\t<meta name=\"twitter:data1\" content=\"1 minute\" \/>\r\n<script type=\"application\/ld+json\" class=\"yoast-schema-graph\">{\"@context\":\"https:\/\/schema.org\",\"@graph\":[{\"@type\":\"WebPage\",\"@id\":\"https:\/\/paracherkaoui.ma\/index.php\/produit\/l2n-pharma-serum-physiologique-500-ml\/\",\"url\":\"https:\/\/paracherkaoui.ma\/index.php\/produit\/l2n-pharma-serum-physiologique-500-ml\/\",\"name\":\"L2N PHARMA SERUM PHYSIOLOGIQUE 500 ML - Paracherkaoui.ma\",\"isPartOf\":{\"@id\":\"https:\/\/paracherkaoui.ma\/#website\"},\"primaryImageOfPage\":{\"@id\":\"https:\/\/paracherkaoui.ma\/index.php\/produit\/l2n-pharma-serum-physiologique-500-ml\/#primaryimage\"},\"image\":{\"@id\":\"https:\/\/paracherkaoui.ma\/index.php\/produit\/l2n-pharma-serum-physiologique-500-ml\/#primaryimage\"},\"thumbnailUrl\":\"https:\/\/paracherkaoui.ma\/wp-content\/uploads\/2025\/12\/l2n-pharma-l2n-pharma-serum-physiologique-500-ml-nez.jpg\",\"datePublished\":\"2025-12-12T18:13:25+00:00\",\"dateModified\":\"2025-12-12T18:13:29+00:00\",\"breadcrumb\":{\"@id\":\"https:\/\/paracherkaoui.ma\/index.php\/produit\/l2n-pharma-serum-physiologique-500-ml\/#breadcrumb\"},\"inLanguage\":\"fr-FR\",\"potentialAction\":[{\"@type\":\"ReadAction\",\"target\":[\"https:\/\/paracherkaoui.ma\/index.php\/produit\/l2n-pharma-serum-physiologique-500-ml\/\"]}]},{\"@type\":\"ImageObject\",\"inLanguage\":\"fr-FR\",\"@id\":\"https:\/\/paracherkaoui.ma\/index.php\/produit\/l2n-pharma-serum-physiologique-500-ml\/#primaryimage\",\"url\":\"https:\/\/paracherkaoui.ma\/wp-content\/uploads\/2025\/12\/l2n-pharma-l2n-pharma-serum-physiologique-500-ml-nez.jpg\",\"contentUrl\":\"https:\/\/paracherkaoui.ma\/wp-content\/uploads\/2025\/12\/l2n-pharma-l2n-pharma-serum-physiologique-500-ml-nez.jpg\",\"width\":700,\"height\":700},{\"@type\":\"BreadcrumbList\",\"@id\":\"https:\/\/paracherkaoui.ma\/index.php\/produit\/l2n-pharma-serum-physiologique-500-ml\/#breadcrumb\",\"itemListElement\":[{\"@type\":\"ListItem\",\"position\":1,\"name\":\"Accueil\",\"item\":\"https:\/\/paracherkaoui.ma\/\"},{\"@type\":\"ListItem\",\"position\":2,\"name\":\"Boutique\",\"item\":\"https:\/\/paracherkaoui.ma\/index.php\/boutique\/\"},{\"@type\":\"ListItem\",\"position\":3,\"name\":\"L2N PHARMA SERUM PHYSIOLOGIQUE 500 ML\"}]},{\"@type\":\"WebSite\",\"@id\":\"https:\/\/paracherkaoui.ma\/#website\",\"url\":\"https:\/\/paracherkaoui.ma\/\",\"name\":\"Paracherkaoui.ma\",\"description\":\"Achetez en ligne sur Paracherkaoui.ma\",\"potentialAction\":[{\"@type\":\"SearchAction\",\"target\":{\"@type\":\"EntryPoint\",\"urlTemplate\":\"https:\/\/paracherkaoui.ma\/?s={search_term_string}\"},\"query-input\":{\"@type\":\"PropertyValueSpecification\",\"valueRequired\":true,\"valueName\":\"search_term_string\"}}],\"inLanguage\":\"fr-FR\"}]}<\/script>\r\n<!-- \/ Yoast SEO plugin. -->","yoast_head_json":{"title":"L2N PHARMA SERUM PHYSIOLOGIQUE 500 ML - Paracherkaoui.ma","robots":{"index":"index","follow":"follow","max-snippet":"max-snippet:-1","max-image-preview":"max-image-preview:large","max-video-preview":"max-video-preview:-1"},"canonical":"https:\/\/paracherkaoui.ma\/index.php\/produit\/l2n-pharma-serum-physiologique-500-ml\/","og_locale":"fr_FR","og_type":"article","og_title":"L2N PHARMA SERUM PHYSIOLOGIQUE 500 ML - Paracherkaoui.ma","og_description":"Le s\u00e9rum physiologique L2N BEBE\u00a0est un solution saline st\u00e9rile qui imite les liquides corporels naturels, cr\u00e9ant un environnement s\u00fbr et","og_url":"https:\/\/paracherkaoui.ma\/index.php\/produit\/l2n-pharma-serum-physiologique-500-ml\/","og_site_name":"Paracherkaoui.ma","article_modified_time":"2025-12-12T18:13:29+00:00","og_image":[{"width":700,"height":700,"url":"https:\/\/paracherkaoui.ma\/wp-content\/uploads\/2025\/12\/l2n-pharma-l2n-pharma-serum-physiologique-500-ml-nez.jpg","type":"image\/jpeg"}],"twitter_card":"summary_large_image","twitter_misc":{"Dur\u00e9e de lecture estim\u00e9e":"1 minute"},"schema":{"@context":"https:\/\/schema.org","@graph":[{"@type":"WebPage","@id":"https:\/\/paracherkaoui.ma\/index.php\/produit\/l2n-pharma-serum-physiologique-500-ml\/","url":"https:\/\/paracherkaoui.ma\/index.php\/produit\/l2n-pharma-serum-physiologique-500-ml\/","name":"L2N PHARMA SERUM PHYSIOLOGIQUE 500 ML - Paracherkaoui.ma","isPartOf":{"@id":"https:\/\/paracherkaoui.ma\/#website"},"primaryImageOfPage":{"@id":"https:\/\/paracherkaoui.ma\/index.php\/produit\/l2n-pharma-serum-physiologique-500-ml\/#primaryimage"},"image":{"@id":"https:\/\/paracherkaoui.ma\/index.php\/produit\/l2n-pharma-serum-physiologique-500-ml\/#primaryimage"},"thumbnailUrl":"https:\/\/paracherkaoui.ma\/wp-content\/uploads\/2025\/12\/l2n-pharma-l2n-pharma-serum-physiologique-500-ml-nez.jpg","datePublished":"2025-12-12T18:13:25+00:00","dateModified":"2025-12-12T18:13:29+00:00","breadcrumb":{"@id":"https:\/\/paracherkaoui.ma\/index.php\/produit\/l2n-pharma-serum-physiologique-500-ml\/#breadcrumb"},"inLanguage":"fr-FR","potentialAction":[{"@type":"ReadAction","target":["https:\/\/paracherkaoui.ma\/index.php\/produit\/l2n-pharma-serum-physiologique-500-ml\/"]}]},{"@type":"ImageObject","inLanguage":"fr-FR","@id":"https:\/\/paracherkaoui.ma\/index.php\/produit\/l2n-pharma-serum-physiologique-500-ml\/#primaryimage","url":"https:\/\/paracherkaoui.ma\/wp-content\/uploads\/2025\/12\/l2n-pharma-l2n-pharma-serum-physiologique-500-ml-nez.jpg","contentUrl":"https:\/\/paracherkaoui.ma\/wp-content\/uploads\/2025\/12\/l2n-pharma-l2n-pharma-serum-physiologique-500-ml-nez.jpg","width":700,"height":700},{"@type":"BreadcrumbList","@id":"https:\/\/paracherkaoui.ma\/index.php\/produit\/l2n-pharma-serum-physiologique-500-ml\/#breadcrumb","itemListElement":[{"@type":"ListItem","position":1,"name":"Accueil","item":"https:\/\/paracherkaoui.ma\/"},{"@type":"ListItem","position":2,"name":"Boutique","item":"https:\/\/paracherkaoui.ma\/index.php\/boutique\/"},{"@type":"ListItem","position":3,"name":"L2N PHARMA SERUM PHYSIOLOGIQUE 500 ML"}]},{"@type":"WebSite","@id":"https:\/\/paracherkaoui.ma\/#website","url":"https:\/\/paracherkaoui.ma\/","name":"Paracherkaoui.ma","description":"Achetez en ligne sur Paracherkaoui.ma","potentialAction":[{"@type":"SearchAction","target":{"@type":"EntryPoint","urlTemplate":"https:\/\/paracherkaoui.ma\/?s={search_term_string}"},"query-input":{"@type":"PropertyValueSpecification","valueRequired":true,"valueName":"search_term_string"}}],"inLanguage":"fr-FR"}]}},"_links":{"self":[{"href":"https:\/\/paracherkaoui.ma\/index.php\/wp-json\/wp\/v2\/product\/44532","targetHints":{"allow":["GET"]}}],"collection":[{"href":"https:\/\/paracherkaoui.ma\/index.php\/wp-json\/wp\/v2\/product"}],"about":[{"href":"https:\/\/paracherkaoui.ma\/index.php\/wp-json\/wp\/v2\/types\/product"}],"replies":[{"embeddable":true,"href":"https:\/\/paracherkaoui.ma\/index.php\/wp-json\/wp\/v2\/comments?post=44532"}],"version-history":[{"count":1,"href":"https:\/\/paracherkaoui.ma\/index.php\/wp-json\/wp\/v2\/product\/44532\/revisions"}],"predecessor-version":[{"id":44571,"href":"https:\/\/paracherkaoui.ma\/index.php\/wp-json\/wp\/v2\/product\/44532\/revisions\/44571"}],"wp:featuredmedia":[{"embeddable":true,"href":"https:\/\/paracherkaoui.ma\/index.php\/wp-json\/wp\/v2\/media\/44570"}],"wp:attachment":[{"href":"https:\/\/paracherkaoui.ma\/index.php\/wp-json\/wp\/v2\/media?parent=44532"}],"wp:term":[{"taxonomy":"product_brand","embeddable":true,"href":"https:\/\/paracherkaoui.ma\/index.php\/wp-json\/wp\/v2\/product_brand?post=44532"},{"taxonomy":"product_cat","embeddable":true,"href":"https:\/\/paracherkaoui.ma\/index.php\/wp-json\/wp\/v2\/product_cat?post=44532"},{"taxonomy":"product_tag","embeddable":true,"href":"https:\/\/paracherkaoui.ma\/index.php\/wp-json\/wp\/v2\/product_tag?post=44532"}],"curies":[{"name":"wp","href":"https:\/\/api.w.org\/{rel}","templated":true}]}}