{"id":44520,"date":"2025-12-12T19:13:24","date_gmt":"2025-12-12T18:13:24","guid":{"rendered":"https:\/\/test.ecbeaute.com\/?post_type=product&#038;p=44520"},"modified":"2025-12-12T19:13:26","modified_gmt":"2025-12-12T18:13:26","slug":"gilbert-marimer-baby-hygiene-nasale-quotidienne-100-ml","status":"publish","type":"product","link":"https:\/\/paracherkaoui.ma\/index.php\/produit\/gilbert-marimer-baby-hygiene-nasale-quotidienne-100-ml\/","title":{"rendered":"GILBERT MARIMER BABY HYGIENE NASALE QUOTIDIENNE 100 ML"},"content":{"rendered":"<p>Le GILBERT MARIMER BABY HYGIENE NASALE QUOTIDIENNE 100 ML est un spray nasal con\u00e7u pour prendre soin du nez des nourrissons d\u00e8s la naissance (hors pr\u00e9matur\u00e9s). Fabriqu\u00e9 \u00e0 partir d&rsquo;eau de mer 100% naturelle, puis\u00e9e dans le parc marin prot\u00e9g\u00e9 d&rsquo;Iroise, il est riche en sels min\u00e9raux et oligo-\u00e9l\u00e9ments marins. Gr\u00e2ce \u00e0 sa formule isotonique (concentration physiologique de 9g\/L en NaCl), il hydrate efficacement la muqueuse nasale tout en facilitant l&rsquo;\u00e9vacuation des s\u00e9cr\u00e9tions.<br \/>\nSon embout de s\u00e9curit\u00e9, large et doux, est sp\u00e9cialement pens\u00e9 pour une administration sans risque pour les tout-petits, offrant ainsi une hygi\u00e8ne nasale quotidienne s\u00fbre et confortable. Ce spray est id\u00e9al pour les b\u00e9b\u00e9s souffrant de rhinites allergiques ou de nez encombr\u00e9, permettant un nettoyage en douceur qui aide \u00e0 r\u00e9tablir une respiration facile et naturelle.<br \/>\nEn plus de ses bienfaits hydratants, le spray Marimer Baby favorise une protection contre les agents irritants ext\u00e9rieurs, comme la poussi\u00e8re et les allerg\u00e8nes, tout en r\u00e9duisant le risque d&rsquo;inconfort et de coliques li\u00e9s aux nez bouch\u00e9s.<br \/>\nConseils d&rsquo;utilisation :<br \/>\nPosologie : 1 \u00e0 2 pulv\u00e9risations dans chaque narine 1 \u00e0 2 fois par jour pour une hygi\u00e8ne nasale quotidienne.<br \/>\nUtilisation : Inclinez l\u00e9g\u00e8rement la t\u00eate de b\u00e9b\u00e9, ins\u00e9rez d\u00e9licatement l&#8217;embout et pulv\u00e9risez.<br \/>\nNettoyage : Apr\u00e8s usage, nettoyez l&#8217;embout sous l\u2019eau chaude et laissez s\u00e9cher \u00e0 l\u2019air libre.<\/p>\n","protected":false},"excerpt":{"rendered":"<p>Le GILBERT MARIMER BABY HYGIENE NASALE QUOTIDIENNE 100 ML est un spray nasal con\u00e7u pour prendre soin du nez des<\/p>\n","protected":false},"featured_media":44551,"comment_status":"open","ping_status":"closed","template":"","meta":[],"product_brand":[200],"product_cat":[779],"product_tag":[],"class_list":{"0":"post-44520","1":"product","2":"type-product","3":"status-publish","4":"has-post-thumbnail","6":"product_brand-gilbert","7":"product_cat-soin-nez-bebe-et-accessoires-nez","9":"first","10":"instock","11":"sale","12":"shipping-taxable","13":"purchasable","14":"product-type-simple"},"yoast_head":"<!-- This site is optimized with the Yoast SEO plugin v26.6 - https:\/\/yoast.com\/wordpress\/plugins\/seo\/ -->\r\n<title>GILBERT MARIMER BABY HYGIENE NASALE QUOTIDIENNE 100 ML - Paracherkaoui.ma<\/title>\r\n<meta name=\"robots\" content=\"index, follow, max-snippet:-1, max-image-preview:large, max-video-preview:-1\" \/>\r\n<link rel=\"canonical\" href=\"https:\/\/paracherkaoui.ma\/index.php\/produit\/gilbert-marimer-baby-hygiene-nasale-quotidienne-100-ml\/\" \/>\r\n<meta property=\"og:locale\" content=\"fr_FR\" \/>\r\n<meta property=\"og:type\" content=\"article\" \/>\r\n<meta property=\"og:title\" content=\"GILBERT MARIMER BABY HYGIENE NASALE QUOTIDIENNE 100 ML - Paracherkaoui.ma\" \/>\r\n<meta property=\"og:description\" content=\"Le GILBERT MARIMER BABY HYGIENE NASALE QUOTIDIENNE 100 ML est un spray nasal con\u00e7u pour prendre soin du nez des\" \/>\r\n<meta property=\"og:url\" content=\"https:\/\/paracherkaoui.ma\/index.php\/produit\/gilbert-marimer-baby-hygiene-nasale-quotidienne-100-ml\/\" \/>\r\n<meta property=\"og:site_name\" content=\"Paracherkaoui.ma\" \/>\r\n<meta property=\"article:modified_time\" content=\"2025-12-12T18:13:26+00:00\" \/>\r\n<meta property=\"og:image\" content=\"https:\/\/paracherkaoui.ma\/wp-content\/uploads\/2025\/12\/gilbert-gilbert-marimer-baby-hygiene-nasale-quotidienne-100-ml-soin-nez-bebe-et-accessoires-nez.jpg\" \/>\r\n\t<meta property=\"og:image:width\" content=\"700\" \/>\r\n\t<meta property=\"og:image:height\" content=\"700\" \/>\r\n\t<meta property=\"og:image:type\" content=\"image\/jpeg\" \/>\r\n<meta name=\"twitter:card\" content=\"summary_large_image\" \/>\r\n<meta name=\"twitter:label1\" content=\"Dur\u00e9e de lecture estim\u00e9e\" \/>\n\t<meta name=\"twitter:data1\" content=\"1 minute\" \/>\r\n<script type=\"application\/ld+json\" class=\"yoast-schema-graph\">{\"@context\":\"https:\/\/schema.org\",\"@graph\":[{\"@type\":\"WebPage\",\"@id\":\"https:\/\/paracherkaoui.ma\/index.php\/produit\/gilbert-marimer-baby-hygiene-nasale-quotidienne-100-ml\/\",\"url\":\"https:\/\/paracherkaoui.ma\/index.php\/produit\/gilbert-marimer-baby-hygiene-nasale-quotidienne-100-ml\/\",\"name\":\"GILBERT MARIMER BABY HYGIENE NASALE QUOTIDIENNE 100 ML - Paracherkaoui.ma\",\"isPartOf\":{\"@id\":\"https:\/\/paracherkaoui.ma\/#website\"},\"primaryImageOfPage\":{\"@id\":\"https:\/\/paracherkaoui.ma\/index.php\/produit\/gilbert-marimer-baby-hygiene-nasale-quotidienne-100-ml\/#primaryimage\"},\"image\":{\"@id\":\"https:\/\/paracherkaoui.ma\/index.php\/produit\/gilbert-marimer-baby-hygiene-nasale-quotidienne-100-ml\/#primaryimage\"},\"thumbnailUrl\":\"https:\/\/paracherkaoui.ma\/wp-content\/uploads\/2025\/12\/gilbert-gilbert-marimer-baby-hygiene-nasale-quotidienne-100-ml-soin-nez-bebe-et-accessoires-nez.jpg\",\"datePublished\":\"2025-12-12T18:13:24+00:00\",\"dateModified\":\"2025-12-12T18:13:26+00:00\",\"breadcrumb\":{\"@id\":\"https:\/\/paracherkaoui.ma\/index.php\/produit\/gilbert-marimer-baby-hygiene-nasale-quotidienne-100-ml\/#breadcrumb\"},\"inLanguage\":\"fr-FR\",\"potentialAction\":[{\"@type\":\"ReadAction\",\"target\":[\"https:\/\/paracherkaoui.ma\/index.php\/produit\/gilbert-marimer-baby-hygiene-nasale-quotidienne-100-ml\/\"]}]},{\"@type\":\"ImageObject\",\"inLanguage\":\"fr-FR\",\"@id\":\"https:\/\/paracherkaoui.ma\/index.php\/produit\/gilbert-marimer-baby-hygiene-nasale-quotidienne-100-ml\/#primaryimage\",\"url\":\"https:\/\/paracherkaoui.ma\/wp-content\/uploads\/2025\/12\/gilbert-gilbert-marimer-baby-hygiene-nasale-quotidienne-100-ml-soin-nez-bebe-et-accessoires-nez.jpg\",\"contentUrl\":\"https:\/\/paracherkaoui.ma\/wp-content\/uploads\/2025\/12\/gilbert-gilbert-marimer-baby-hygiene-nasale-quotidienne-100-ml-soin-nez-bebe-et-accessoires-nez.jpg\",\"width\":700,\"height\":700},{\"@type\":\"BreadcrumbList\",\"@id\":\"https:\/\/paracherkaoui.ma\/index.php\/produit\/gilbert-marimer-baby-hygiene-nasale-quotidienne-100-ml\/#breadcrumb\",\"itemListElement\":[{\"@type\":\"ListItem\",\"position\":1,\"name\":\"Accueil\",\"item\":\"https:\/\/paracherkaoui.ma\/\"},{\"@type\":\"ListItem\",\"position\":2,\"name\":\"Boutique\",\"item\":\"https:\/\/paracherkaoui.ma\/index.php\/boutique\/\"},{\"@type\":\"ListItem\",\"position\":3,\"name\":\"GILBERT MARIMER BABY HYGIENE NASALE QUOTIDIENNE 100 ML\"}]},{\"@type\":\"WebSite\",\"@id\":\"https:\/\/paracherkaoui.ma\/#website\",\"url\":\"https:\/\/paracherkaoui.ma\/\",\"name\":\"Paracherkaoui.ma\",\"description\":\"Achetez en ligne sur Paracherkaoui.ma\",\"potentialAction\":[{\"@type\":\"SearchAction\",\"target\":{\"@type\":\"EntryPoint\",\"urlTemplate\":\"https:\/\/paracherkaoui.ma\/?s={search_term_string}\"},\"query-input\":{\"@type\":\"PropertyValueSpecification\",\"valueRequired\":true,\"valueName\":\"search_term_string\"}}],\"inLanguage\":\"fr-FR\"}]}<\/script>\r\n<!-- \/ Yoast SEO plugin. -->","yoast_head_json":{"title":"GILBERT MARIMER BABY HYGIENE NASALE QUOTIDIENNE 100 ML - Paracherkaoui.ma","robots":{"index":"index","follow":"follow","max-snippet":"max-snippet:-1","max-image-preview":"max-image-preview:large","max-video-preview":"max-video-preview:-1"},"canonical":"https:\/\/paracherkaoui.ma\/index.php\/produit\/gilbert-marimer-baby-hygiene-nasale-quotidienne-100-ml\/","og_locale":"fr_FR","og_type":"article","og_title":"GILBERT MARIMER BABY HYGIENE NASALE QUOTIDIENNE 100 ML - Paracherkaoui.ma","og_description":"Le GILBERT MARIMER BABY HYGIENE NASALE QUOTIDIENNE 100 ML est un spray nasal con\u00e7u pour prendre soin du nez des","og_url":"https:\/\/paracherkaoui.ma\/index.php\/produit\/gilbert-marimer-baby-hygiene-nasale-quotidienne-100-ml\/","og_site_name":"Paracherkaoui.ma","article_modified_time":"2025-12-12T18:13:26+00:00","og_image":[{"width":700,"height":700,"url":"https:\/\/paracherkaoui.ma\/wp-content\/uploads\/2025\/12\/gilbert-gilbert-marimer-baby-hygiene-nasale-quotidienne-100-ml-soin-nez-bebe-et-accessoires-nez.jpg","type":"image\/jpeg"}],"twitter_card":"summary_large_image","twitter_misc":{"Dur\u00e9e de lecture estim\u00e9e":"1 minute"},"schema":{"@context":"https:\/\/schema.org","@graph":[{"@type":"WebPage","@id":"https:\/\/paracherkaoui.ma\/index.php\/produit\/gilbert-marimer-baby-hygiene-nasale-quotidienne-100-ml\/","url":"https:\/\/paracherkaoui.ma\/index.php\/produit\/gilbert-marimer-baby-hygiene-nasale-quotidienne-100-ml\/","name":"GILBERT MARIMER BABY HYGIENE NASALE QUOTIDIENNE 100 ML - Paracherkaoui.ma","isPartOf":{"@id":"https:\/\/paracherkaoui.ma\/#website"},"primaryImageOfPage":{"@id":"https:\/\/paracherkaoui.ma\/index.php\/produit\/gilbert-marimer-baby-hygiene-nasale-quotidienne-100-ml\/#primaryimage"},"image":{"@id":"https:\/\/paracherkaoui.ma\/index.php\/produit\/gilbert-marimer-baby-hygiene-nasale-quotidienne-100-ml\/#primaryimage"},"thumbnailUrl":"https:\/\/paracherkaoui.ma\/wp-content\/uploads\/2025\/12\/gilbert-gilbert-marimer-baby-hygiene-nasale-quotidienne-100-ml-soin-nez-bebe-et-accessoires-nez.jpg","datePublished":"2025-12-12T18:13:24+00:00","dateModified":"2025-12-12T18:13:26+00:00","breadcrumb":{"@id":"https:\/\/paracherkaoui.ma\/index.php\/produit\/gilbert-marimer-baby-hygiene-nasale-quotidienne-100-ml\/#breadcrumb"},"inLanguage":"fr-FR","potentialAction":[{"@type":"ReadAction","target":["https:\/\/paracherkaoui.ma\/index.php\/produit\/gilbert-marimer-baby-hygiene-nasale-quotidienne-100-ml\/"]}]},{"@type":"ImageObject","inLanguage":"fr-FR","@id":"https:\/\/paracherkaoui.ma\/index.php\/produit\/gilbert-marimer-baby-hygiene-nasale-quotidienne-100-ml\/#primaryimage","url":"https:\/\/paracherkaoui.ma\/wp-content\/uploads\/2025\/12\/gilbert-gilbert-marimer-baby-hygiene-nasale-quotidienne-100-ml-soin-nez-bebe-et-accessoires-nez.jpg","contentUrl":"https:\/\/paracherkaoui.ma\/wp-content\/uploads\/2025\/12\/gilbert-gilbert-marimer-baby-hygiene-nasale-quotidienne-100-ml-soin-nez-bebe-et-accessoires-nez.jpg","width":700,"height":700},{"@type":"BreadcrumbList","@id":"https:\/\/paracherkaoui.ma\/index.php\/produit\/gilbert-marimer-baby-hygiene-nasale-quotidienne-100-ml\/#breadcrumb","itemListElement":[{"@type":"ListItem","position":1,"name":"Accueil","item":"https:\/\/paracherkaoui.ma\/"},{"@type":"ListItem","position":2,"name":"Boutique","item":"https:\/\/paracherkaoui.ma\/index.php\/boutique\/"},{"@type":"ListItem","position":3,"name":"GILBERT MARIMER BABY HYGIENE NASALE QUOTIDIENNE 100 ML"}]},{"@type":"WebSite","@id":"https:\/\/paracherkaoui.ma\/#website","url":"https:\/\/paracherkaoui.ma\/","name":"Paracherkaoui.ma","description":"Achetez en ligne sur Paracherkaoui.ma","potentialAction":[{"@type":"SearchAction","target":{"@type":"EntryPoint","urlTemplate":"https:\/\/paracherkaoui.ma\/?s={search_term_string}"},"query-input":{"@type":"PropertyValueSpecification","valueRequired":true,"valueName":"search_term_string"}}],"inLanguage":"fr-FR"}]}},"_links":{"self":[{"href":"https:\/\/paracherkaoui.ma\/index.php\/wp-json\/wp\/v2\/product\/44520","targetHints":{"allow":["GET"]}}],"collection":[{"href":"https:\/\/paracherkaoui.ma\/index.php\/wp-json\/wp\/v2\/product"}],"about":[{"href":"https:\/\/paracherkaoui.ma\/index.php\/wp-json\/wp\/v2\/types\/product"}],"replies":[{"embeddable":true,"href":"https:\/\/paracherkaoui.ma\/index.php\/wp-json\/wp\/v2\/comments?post=44520"}],"version-history":[{"count":1,"href":"https:\/\/paracherkaoui.ma\/index.php\/wp-json\/wp\/v2\/product\/44520\/revisions"}],"predecessor-version":[{"id":44552,"href":"https:\/\/paracherkaoui.ma\/index.php\/wp-json\/wp\/v2\/product\/44520\/revisions\/44552"}],"wp:featuredmedia":[{"embeddable":true,"href":"https:\/\/paracherkaoui.ma\/index.php\/wp-json\/wp\/v2\/media\/44551"}],"wp:attachment":[{"href":"https:\/\/paracherkaoui.ma\/index.php\/wp-json\/wp\/v2\/media?parent=44520"}],"wp:term":[{"taxonomy":"product_brand","embeddable":true,"href":"https:\/\/paracherkaoui.ma\/index.php\/wp-json\/wp\/v2\/product_brand?post=44520"},{"taxonomy":"product_cat","embeddable":true,"href":"https:\/\/paracherkaoui.ma\/index.php\/wp-json\/wp\/v2\/product_cat?post=44520"},{"taxonomy":"product_tag","embeddable":true,"href":"https:\/\/paracherkaoui.ma\/index.php\/wp-json\/wp\/v2\/product_tag?post=44520"}],"curies":[{"name":"wp","href":"https:\/\/api.w.org\/{rel}","templated":true}]}}