{"id":44518,"date":"2025-12-12T19:13:24","date_gmt":"2025-12-12T18:13:24","guid":{"rendered":"https:\/\/test.ecbeaute.com\/?post_type=product&#038;p=44518"},"modified":"2025-12-12T19:13:26","modified_gmt":"2025-12-12T18:13:26","slug":"sterimar-bebe-stop-protect-rhume-spray-de-15-ml-2","status":"publish","type":"product","link":"https:\/\/paracherkaoui.ma\/index.php\/produit\/sterimar-bebe-stop-protect-rhume-spray-de-15-ml-2\/","title":{"rendered":"STERIMAR B\u00e9b\u00e9 Stop &#038; protect rhume &#8211; spray de 15 ml"},"content":{"rendered":"<p>St\u00e9rimar B\u00e9b\u00e9 Stop &#038; Protect Rhume 15 ml \u00e0 base d&rsquo;ingr\u00e9dients d&rsquo;origine naturelle (eau de mer 100% naturelle hypertonique, enrichie en cuivre, avec un complexe brevet\u00e9 \u00e0 base d&rsquo;hyaluronate de sodium), combat le rhume et pr\u00e9vient la surinfection par lavage des fosses nasales, d\u00e9congestionne imm\u00e9diatement et aide b\u00e9b\u00e9 \u00e0 respirer.<\/p>\n<p>Ce spray format nomade est dot\u00e9 d&rsquo;un syst\u00e8me anti-contamination et la formule reste 100% pr\u00e9serv\u00e9e m\u00eame apr\u00e8s ouverture, sans risque de contamination.<\/p>\n","protected":false},"excerpt":{"rendered":"<p>St\u00e9rimar B\u00e9b\u00e9 Stop &#038; Protect Rhume 15 ml \u00e0 base d&rsquo;ingr\u00e9dients d&rsquo;origine naturelle (eau de mer 100% naturelle hypertonique, enrichie<\/p>\n","protected":false},"featured_media":37282,"comment_status":"open","ping_status":"closed","template":"","meta":[],"product_brand":[661],"product_cat":[779],"product_tag":[],"class_list":{"0":"post-44518","1":"product","2":"type-product","3":"status-publish","4":"has-post-thumbnail","6":"product_brand-sterimar","7":"product_cat-soin-nez-bebe-et-accessoires-nez","9":"first","10":"instock","11":"sale","12":"shipping-taxable","13":"purchasable","14":"product-type-simple"},"yoast_head":"<!-- This site is optimized with the Yoast SEO plugin v26.6 - https:\/\/yoast.com\/wordpress\/plugins\/seo\/ -->\r\n<title>STERIMAR B\u00e9b\u00e9 Stop &amp; protect rhume - spray de 15 ml - Paracherkaoui.ma<\/title>\r\n<meta name=\"robots\" content=\"index, follow, max-snippet:-1, max-image-preview:large, max-video-preview:-1\" \/>\r\n<link rel=\"canonical\" href=\"https:\/\/paracherkaoui.ma\/index.php\/produit\/sterimar-bebe-stop-protect-rhume-spray-de-15-ml-2\/\" \/>\r\n<meta property=\"og:locale\" content=\"fr_FR\" \/>\r\n<meta property=\"og:type\" content=\"article\" \/>\r\n<meta property=\"og:title\" content=\"STERIMAR B\u00e9b\u00e9 Stop &amp; protect rhume - spray de 15 ml - Paracherkaoui.ma\" \/>\r\n<meta property=\"og:description\" content=\"St\u00e9rimar B\u00e9b\u00e9 Stop &#038; Protect Rhume 15 ml \u00e0 base d&rsquo;ingr\u00e9dients d&rsquo;origine naturelle (eau de mer 100% naturelle hypertonique, enrichie\" \/>\r\n<meta property=\"og:url\" content=\"https:\/\/paracherkaoui.ma\/index.php\/produit\/sterimar-bebe-stop-protect-rhume-spray-de-15-ml-2\/\" \/>\r\n<meta property=\"og:site_name\" content=\"Paracherkaoui.ma\" \/>\r\n<meta property=\"article:modified_time\" content=\"2025-12-12T18:13:26+00:00\" \/>\r\n<meta property=\"og:image\" content=\"https:\/\/paracherkaoui.ma\/wp-content\/uploads\/2025\/12\/sterimar-sterimar-bebe-stop-protect-rhume-spray-de-15-ml-soins-et-accessoires-nez.jpg\" \/>\r\n\t<meta property=\"og:image:width\" content=\"700\" \/>\r\n\t<meta property=\"og:image:height\" content=\"700\" \/>\r\n\t<meta property=\"og:image:type\" content=\"image\/jpeg\" \/>\r\n<meta name=\"twitter:card\" content=\"summary_large_image\" \/>\r\n<script type=\"application\/ld+json\" class=\"yoast-schema-graph\">{\"@context\":\"https:\/\/schema.org\",\"@graph\":[{\"@type\":\"WebPage\",\"@id\":\"https:\/\/paracherkaoui.ma\/index.php\/produit\/sterimar-bebe-stop-protect-rhume-spray-de-15-ml-2\/\",\"url\":\"https:\/\/paracherkaoui.ma\/index.php\/produit\/sterimar-bebe-stop-protect-rhume-spray-de-15-ml-2\/\",\"name\":\"STERIMAR B\u00e9b\u00e9 Stop & protect rhume - spray de 15 ml - Paracherkaoui.ma\",\"isPartOf\":{\"@id\":\"https:\/\/paracherkaoui.ma\/#website\"},\"primaryImageOfPage\":{\"@id\":\"https:\/\/paracherkaoui.ma\/index.php\/produit\/sterimar-bebe-stop-protect-rhume-spray-de-15-ml-2\/#primaryimage\"},\"image\":{\"@id\":\"https:\/\/paracherkaoui.ma\/index.php\/produit\/sterimar-bebe-stop-protect-rhume-spray-de-15-ml-2\/#primaryimage\"},\"thumbnailUrl\":\"https:\/\/paracherkaoui.ma\/wp-content\/uploads\/2025\/12\/sterimar-sterimar-bebe-stop-protect-rhume-spray-de-15-ml-soins-et-accessoires-nez.jpg\",\"datePublished\":\"2025-12-12T18:13:24+00:00\",\"dateModified\":\"2025-12-12T18:13:26+00:00\",\"breadcrumb\":{\"@id\":\"https:\/\/paracherkaoui.ma\/index.php\/produit\/sterimar-bebe-stop-protect-rhume-spray-de-15-ml-2\/#breadcrumb\"},\"inLanguage\":\"fr-FR\",\"potentialAction\":[{\"@type\":\"ReadAction\",\"target\":[\"https:\/\/paracherkaoui.ma\/index.php\/produit\/sterimar-bebe-stop-protect-rhume-spray-de-15-ml-2\/\"]}]},{\"@type\":\"ImageObject\",\"inLanguage\":\"fr-FR\",\"@id\":\"https:\/\/paracherkaoui.ma\/index.php\/produit\/sterimar-bebe-stop-protect-rhume-spray-de-15-ml-2\/#primaryimage\",\"url\":\"https:\/\/paracherkaoui.ma\/wp-content\/uploads\/2025\/12\/sterimar-sterimar-bebe-stop-protect-rhume-spray-de-15-ml-soins-et-accessoires-nez.jpg\",\"contentUrl\":\"https:\/\/paracherkaoui.ma\/wp-content\/uploads\/2025\/12\/sterimar-sterimar-bebe-stop-protect-rhume-spray-de-15-ml-soins-et-accessoires-nez.jpg\",\"width\":700,\"height\":700},{\"@type\":\"BreadcrumbList\",\"@id\":\"https:\/\/paracherkaoui.ma\/index.php\/produit\/sterimar-bebe-stop-protect-rhume-spray-de-15-ml-2\/#breadcrumb\",\"itemListElement\":[{\"@type\":\"ListItem\",\"position\":1,\"name\":\"Accueil\",\"item\":\"https:\/\/paracherkaoui.ma\/\"},{\"@type\":\"ListItem\",\"position\":2,\"name\":\"Boutique\",\"item\":\"https:\/\/paracherkaoui.ma\/index.php\/boutique\/\"},{\"@type\":\"ListItem\",\"position\":3,\"name\":\"STERIMAR B\u00e9b\u00e9 Stop &#038; protect rhume &#8211; spray de 15 ml\"}]},{\"@type\":\"WebSite\",\"@id\":\"https:\/\/paracherkaoui.ma\/#website\",\"url\":\"https:\/\/paracherkaoui.ma\/\",\"name\":\"Paracherkaoui.ma\",\"description\":\"Achetez en ligne sur Paracherkaoui.ma\",\"potentialAction\":[{\"@type\":\"SearchAction\",\"target\":{\"@type\":\"EntryPoint\",\"urlTemplate\":\"https:\/\/paracherkaoui.ma\/?s={search_term_string}\"},\"query-input\":{\"@type\":\"PropertyValueSpecification\",\"valueRequired\":true,\"valueName\":\"search_term_string\"}}],\"inLanguage\":\"fr-FR\"}]}<\/script>\r\n<!-- \/ Yoast SEO plugin. -->","yoast_head_json":{"title":"STERIMAR B\u00e9b\u00e9 Stop & protect rhume - spray de 15 ml - Paracherkaoui.ma","robots":{"index":"index","follow":"follow","max-snippet":"max-snippet:-1","max-image-preview":"max-image-preview:large","max-video-preview":"max-video-preview:-1"},"canonical":"https:\/\/paracherkaoui.ma\/index.php\/produit\/sterimar-bebe-stop-protect-rhume-spray-de-15-ml-2\/","og_locale":"fr_FR","og_type":"article","og_title":"STERIMAR B\u00e9b\u00e9 Stop & protect rhume - spray de 15 ml - Paracherkaoui.ma","og_description":"St\u00e9rimar B\u00e9b\u00e9 Stop &#038; Protect Rhume 15 ml \u00e0 base d&rsquo;ingr\u00e9dients d&rsquo;origine naturelle (eau de mer 100% naturelle hypertonique, enrichie","og_url":"https:\/\/paracherkaoui.ma\/index.php\/produit\/sterimar-bebe-stop-protect-rhume-spray-de-15-ml-2\/","og_site_name":"Paracherkaoui.ma","article_modified_time":"2025-12-12T18:13:26+00:00","og_image":[{"width":700,"height":700,"url":"https:\/\/paracherkaoui.ma\/wp-content\/uploads\/2025\/12\/sterimar-sterimar-bebe-stop-protect-rhume-spray-de-15-ml-soins-et-accessoires-nez.jpg","type":"image\/jpeg"}],"twitter_card":"summary_large_image","schema":{"@context":"https:\/\/schema.org","@graph":[{"@type":"WebPage","@id":"https:\/\/paracherkaoui.ma\/index.php\/produit\/sterimar-bebe-stop-protect-rhume-spray-de-15-ml-2\/","url":"https:\/\/paracherkaoui.ma\/index.php\/produit\/sterimar-bebe-stop-protect-rhume-spray-de-15-ml-2\/","name":"STERIMAR B\u00e9b\u00e9 Stop & protect rhume - spray de 15 ml - Paracherkaoui.ma","isPartOf":{"@id":"https:\/\/paracherkaoui.ma\/#website"},"primaryImageOfPage":{"@id":"https:\/\/paracherkaoui.ma\/index.php\/produit\/sterimar-bebe-stop-protect-rhume-spray-de-15-ml-2\/#primaryimage"},"image":{"@id":"https:\/\/paracherkaoui.ma\/index.php\/produit\/sterimar-bebe-stop-protect-rhume-spray-de-15-ml-2\/#primaryimage"},"thumbnailUrl":"https:\/\/paracherkaoui.ma\/wp-content\/uploads\/2025\/12\/sterimar-sterimar-bebe-stop-protect-rhume-spray-de-15-ml-soins-et-accessoires-nez.jpg","datePublished":"2025-12-12T18:13:24+00:00","dateModified":"2025-12-12T18:13:26+00:00","breadcrumb":{"@id":"https:\/\/paracherkaoui.ma\/index.php\/produit\/sterimar-bebe-stop-protect-rhume-spray-de-15-ml-2\/#breadcrumb"},"inLanguage":"fr-FR","potentialAction":[{"@type":"ReadAction","target":["https:\/\/paracherkaoui.ma\/index.php\/produit\/sterimar-bebe-stop-protect-rhume-spray-de-15-ml-2\/"]}]},{"@type":"ImageObject","inLanguage":"fr-FR","@id":"https:\/\/paracherkaoui.ma\/index.php\/produit\/sterimar-bebe-stop-protect-rhume-spray-de-15-ml-2\/#primaryimage","url":"https:\/\/paracherkaoui.ma\/wp-content\/uploads\/2025\/12\/sterimar-sterimar-bebe-stop-protect-rhume-spray-de-15-ml-soins-et-accessoires-nez.jpg","contentUrl":"https:\/\/paracherkaoui.ma\/wp-content\/uploads\/2025\/12\/sterimar-sterimar-bebe-stop-protect-rhume-spray-de-15-ml-soins-et-accessoires-nez.jpg","width":700,"height":700},{"@type":"BreadcrumbList","@id":"https:\/\/paracherkaoui.ma\/index.php\/produit\/sterimar-bebe-stop-protect-rhume-spray-de-15-ml-2\/#breadcrumb","itemListElement":[{"@type":"ListItem","position":1,"name":"Accueil","item":"https:\/\/paracherkaoui.ma\/"},{"@type":"ListItem","position":2,"name":"Boutique","item":"https:\/\/paracherkaoui.ma\/index.php\/boutique\/"},{"@type":"ListItem","position":3,"name":"STERIMAR B\u00e9b\u00e9 Stop &#038; protect rhume &#8211; spray de 15 ml"}]},{"@type":"WebSite","@id":"https:\/\/paracherkaoui.ma\/#website","url":"https:\/\/paracherkaoui.ma\/","name":"Paracherkaoui.ma","description":"Achetez en ligne sur Paracherkaoui.ma","potentialAction":[{"@type":"SearchAction","target":{"@type":"EntryPoint","urlTemplate":"https:\/\/paracherkaoui.ma\/?s={search_term_string}"},"query-input":{"@type":"PropertyValueSpecification","valueRequired":true,"valueName":"search_term_string"}}],"inLanguage":"fr-FR"}]}},"_links":{"self":[{"href":"https:\/\/paracherkaoui.ma\/index.php\/wp-json\/wp\/v2\/product\/44518","targetHints":{"allow":["GET"]}}],"collection":[{"href":"https:\/\/paracherkaoui.ma\/index.php\/wp-json\/wp\/v2\/product"}],"about":[{"href":"https:\/\/paracherkaoui.ma\/index.php\/wp-json\/wp\/v2\/types\/product"}],"replies":[{"embeddable":true,"href":"https:\/\/paracherkaoui.ma\/index.php\/wp-json\/wp\/v2\/comments?post=44518"}],"version-history":[{"count":1,"href":"https:\/\/paracherkaoui.ma\/index.php\/wp-json\/wp\/v2\/product\/44518\/revisions"}],"predecessor-version":[{"id":44549,"href":"https:\/\/paracherkaoui.ma\/index.php\/wp-json\/wp\/v2\/product\/44518\/revisions\/44549"}],"wp:featuredmedia":[{"embeddable":true,"href":"https:\/\/paracherkaoui.ma\/index.php\/wp-json\/wp\/v2\/media\/37282"}],"wp:attachment":[{"href":"https:\/\/paracherkaoui.ma\/index.php\/wp-json\/wp\/v2\/media?parent=44518"}],"wp:term":[{"taxonomy":"product_brand","embeddable":true,"href":"https:\/\/paracherkaoui.ma\/index.php\/wp-json\/wp\/v2\/product_brand?post=44518"},{"taxonomy":"product_cat","embeddable":true,"href":"https:\/\/paracherkaoui.ma\/index.php\/wp-json\/wp\/v2\/product_cat?post=44518"},{"taxonomy":"product_tag","embeddable":true,"href":"https:\/\/paracherkaoui.ma\/index.php\/wp-json\/wp\/v2\/product_tag?post=44518"}],"curies":[{"name":"wp","href":"https:\/\/api.w.org\/{rel}","templated":true}]}}