{"id":44516,"date":"2025-12-12T19:13:24","date_gmt":"2025-12-12T18:13:24","guid":{"rendered":"https:\/\/test.ecbeaute.com\/?post_type=product&#038;p=44516"},"modified":"2025-12-12T19:13:26","modified_gmt":"2025-12-12T18:13:26","slug":"gilbert-marimer-baby-rhume-rhinophargyngite-100-ml","status":"publish","type":"product","link":"https:\/\/paracherkaoui.ma\/index.php\/produit\/gilbert-marimer-baby-rhume-rhinophargyngite-100-ml\/","title":{"rendered":"GILBERT MARIMER BABY RHUME RHINOPHARGYNGITE 100 ML"},"content":{"rendered":"<p>Notre nez, v\u00e9ritable bouclier contre les microbes, est constamment expos\u00e9 \u00e0 des agresseurs externes. Lorsque les virus et bact\u00e9ries p\u00e9n\u00e8trent dans les cellules de la muqueuse nasale, ils se multiplient, provoquant des sympt\u00f4mes g\u00eanants tels que le nez bouch\u00e9, le nez qui coule et les \u00e9ternuements. Pour lutter efficacement contre ces d\u00e9sagr\u00e9ments, d\u00e9couvrez MARIMER RHUME RHINOPHARYNGITE, la solution id\u00e9ale pour prot\u00e9ger et nettoyer votre nez.<br \/>\nMARIMER RHUME RHINOPHARYNGITE est sp\u00e9cialement con\u00e7u pour d\u00e9congestionner le nez, nettoyer la muqueuse nasale et \u00e9liminer les virus, bact\u00e9ries et allerg\u00e8nes pr\u00e9sents dans les s\u00e9cr\u00e9tions. Gr\u00e2ce \u00e0 sa formule unique, il fluidifie les s\u00e9cr\u00e9tions nasales, facilitant ainsi leur \u00e9vacuation et am\u00e9liorant le confort respiratoire de jour comme de nuit. Ce produit est \u00e9galement un excellent compl\u00e9ment aux traitements des infections ORL, apportant un soulagement rapide et efficace.<br \/>\nPourquoi choisir MARIMER RHUME RHINOPHARYNGITE ?<br \/>\nD\u00e9congestionne le nez : Lib\u00e8re les voies nasales encombr\u00e9es pour une respiration plus facile.<br \/>\nNettoie la muqueuse nasale : \u00c9limine les virus, bact\u00e9ries et allerg\u00e8nes, r\u00e9duisant ainsi les risques d&rsquo;infections.<br \/>\nFluidifie les s\u00e9cr\u00e9tions nasales : Facilite l&rsquo;\u00e9limination des s\u00e9cr\u00e9tions, \u00e9vitant l&rsquo;accumulation de mucus.<br \/>\nAm\u00e9liore le confort respiratoire : Assure une respiration confortable, de jour comme de nuit.<br \/>\nCompl\u00e9ment aux traitements ORL : Efficace en compl\u00e9ment des traitements pour les infections des voies respiratoires sup\u00e9rieures.<br \/>\nConseils d&rsquo;utilisation:<br \/>\nAdministrez 1 \u00e0 2 pulv\u00e9risations par narine, 1 \u00e0 3 fois par jour selon les besoins.<\/p>\n","protected":false},"excerpt":{"rendered":"<p>Notre nez, v\u00e9ritable bouclier contre les microbes, est constamment expos\u00e9 \u00e0 des agresseurs externes. Lorsque les virus et bact\u00e9ries p\u00e9n\u00e8trent<\/p>\n","protected":false},"featured_media":44546,"comment_status":"open","ping_status":"closed","template":"","meta":[],"product_brand":[200],"product_cat":[779],"product_tag":[],"class_list":{"0":"post-44516","1":"product","2":"type-product","3":"status-publish","4":"has-post-thumbnail","6":"product_brand-gilbert","7":"product_cat-soin-nez-bebe-et-accessoires-nez","9":"first","10":"instock","11":"sale","12":"shipping-taxable","13":"purchasable","14":"product-type-simple"},"yoast_head":"<!-- This site is optimized with the Yoast SEO plugin v26.6 - https:\/\/yoast.com\/wordpress\/plugins\/seo\/ -->\r\n<title>GILBERT MARIMER BABY RHUME RHINOPHARGYNGITE 100 ML - Paracherkaoui.ma<\/title>\r\n<meta name=\"robots\" content=\"index, follow, max-snippet:-1, max-image-preview:large, max-video-preview:-1\" \/>\r\n<link rel=\"canonical\" href=\"https:\/\/paracherkaoui.ma\/index.php\/produit\/gilbert-marimer-baby-rhume-rhinophargyngite-100-ml\/\" \/>\r\n<meta property=\"og:locale\" content=\"fr_FR\" \/>\r\n<meta property=\"og:type\" content=\"article\" \/>\r\n<meta property=\"og:title\" content=\"GILBERT MARIMER BABY RHUME RHINOPHARGYNGITE 100 ML - Paracherkaoui.ma\" \/>\r\n<meta property=\"og:description\" content=\"Notre nez, v\u00e9ritable bouclier contre les microbes, est constamment expos\u00e9 \u00e0 des agresseurs externes. Lorsque les virus et bact\u00e9ries p\u00e9n\u00e8trent\" \/>\r\n<meta property=\"og:url\" content=\"https:\/\/paracherkaoui.ma\/index.php\/produit\/gilbert-marimer-baby-rhume-rhinophargyngite-100-ml\/\" \/>\r\n<meta property=\"og:site_name\" content=\"Paracherkaoui.ma\" \/>\r\n<meta property=\"article:modified_time\" content=\"2025-12-12T18:13:26+00:00\" \/>\r\n<meta property=\"og:image\" content=\"https:\/\/paracherkaoui.ma\/wp-content\/uploads\/2025\/12\/gilbert-gilbert-marimer-baby-rhume-rhinophargyngite-100-ml-soin-nez-bebe-et-accessoires-nez.jpg\" \/>\r\n\t<meta property=\"og:image:width\" content=\"700\" \/>\r\n\t<meta property=\"og:image:height\" content=\"700\" \/>\r\n\t<meta property=\"og:image:type\" content=\"image\/jpeg\" \/>\r\n<meta name=\"twitter:card\" content=\"summary_large_image\" \/>\r\n<meta name=\"twitter:label1\" content=\"Dur\u00e9e de lecture estim\u00e9e\" \/>\n\t<meta name=\"twitter:data1\" content=\"1 minute\" \/>\r\n<script type=\"application\/ld+json\" class=\"yoast-schema-graph\">{\"@context\":\"https:\/\/schema.org\",\"@graph\":[{\"@type\":\"WebPage\",\"@id\":\"https:\/\/paracherkaoui.ma\/index.php\/produit\/gilbert-marimer-baby-rhume-rhinophargyngite-100-ml\/\",\"url\":\"https:\/\/paracherkaoui.ma\/index.php\/produit\/gilbert-marimer-baby-rhume-rhinophargyngite-100-ml\/\",\"name\":\"GILBERT MARIMER BABY RHUME RHINOPHARGYNGITE 100 ML - Paracherkaoui.ma\",\"isPartOf\":{\"@id\":\"https:\/\/paracherkaoui.ma\/#website\"},\"primaryImageOfPage\":{\"@id\":\"https:\/\/paracherkaoui.ma\/index.php\/produit\/gilbert-marimer-baby-rhume-rhinophargyngite-100-ml\/#primaryimage\"},\"image\":{\"@id\":\"https:\/\/paracherkaoui.ma\/index.php\/produit\/gilbert-marimer-baby-rhume-rhinophargyngite-100-ml\/#primaryimage\"},\"thumbnailUrl\":\"https:\/\/paracherkaoui.ma\/wp-content\/uploads\/2025\/12\/gilbert-gilbert-marimer-baby-rhume-rhinophargyngite-100-ml-soin-nez-bebe-et-accessoires-nez.jpg\",\"datePublished\":\"2025-12-12T18:13:24+00:00\",\"dateModified\":\"2025-12-12T18:13:26+00:00\",\"breadcrumb\":{\"@id\":\"https:\/\/paracherkaoui.ma\/index.php\/produit\/gilbert-marimer-baby-rhume-rhinophargyngite-100-ml\/#breadcrumb\"},\"inLanguage\":\"fr-FR\",\"potentialAction\":[{\"@type\":\"ReadAction\",\"target\":[\"https:\/\/paracherkaoui.ma\/index.php\/produit\/gilbert-marimer-baby-rhume-rhinophargyngite-100-ml\/\"]}]},{\"@type\":\"ImageObject\",\"inLanguage\":\"fr-FR\",\"@id\":\"https:\/\/paracherkaoui.ma\/index.php\/produit\/gilbert-marimer-baby-rhume-rhinophargyngite-100-ml\/#primaryimage\",\"url\":\"https:\/\/paracherkaoui.ma\/wp-content\/uploads\/2025\/12\/gilbert-gilbert-marimer-baby-rhume-rhinophargyngite-100-ml-soin-nez-bebe-et-accessoires-nez.jpg\",\"contentUrl\":\"https:\/\/paracherkaoui.ma\/wp-content\/uploads\/2025\/12\/gilbert-gilbert-marimer-baby-rhume-rhinophargyngite-100-ml-soin-nez-bebe-et-accessoires-nez.jpg\",\"width\":700,\"height\":700},{\"@type\":\"BreadcrumbList\",\"@id\":\"https:\/\/paracherkaoui.ma\/index.php\/produit\/gilbert-marimer-baby-rhume-rhinophargyngite-100-ml\/#breadcrumb\",\"itemListElement\":[{\"@type\":\"ListItem\",\"position\":1,\"name\":\"Accueil\",\"item\":\"https:\/\/paracherkaoui.ma\/\"},{\"@type\":\"ListItem\",\"position\":2,\"name\":\"Boutique\",\"item\":\"https:\/\/paracherkaoui.ma\/index.php\/boutique\/\"},{\"@type\":\"ListItem\",\"position\":3,\"name\":\"GILBERT MARIMER BABY RHUME RHINOPHARGYNGITE 100 ML\"}]},{\"@type\":\"WebSite\",\"@id\":\"https:\/\/paracherkaoui.ma\/#website\",\"url\":\"https:\/\/paracherkaoui.ma\/\",\"name\":\"Paracherkaoui.ma\",\"description\":\"Achetez en ligne sur Paracherkaoui.ma\",\"potentialAction\":[{\"@type\":\"SearchAction\",\"target\":{\"@type\":\"EntryPoint\",\"urlTemplate\":\"https:\/\/paracherkaoui.ma\/?s={search_term_string}\"},\"query-input\":{\"@type\":\"PropertyValueSpecification\",\"valueRequired\":true,\"valueName\":\"search_term_string\"}}],\"inLanguage\":\"fr-FR\"}]}<\/script>\r\n<!-- \/ Yoast SEO plugin. -->","yoast_head_json":{"title":"GILBERT MARIMER BABY RHUME RHINOPHARGYNGITE 100 ML - Paracherkaoui.ma","robots":{"index":"index","follow":"follow","max-snippet":"max-snippet:-1","max-image-preview":"max-image-preview:large","max-video-preview":"max-video-preview:-1"},"canonical":"https:\/\/paracherkaoui.ma\/index.php\/produit\/gilbert-marimer-baby-rhume-rhinophargyngite-100-ml\/","og_locale":"fr_FR","og_type":"article","og_title":"GILBERT MARIMER BABY RHUME RHINOPHARGYNGITE 100 ML - Paracherkaoui.ma","og_description":"Notre nez, v\u00e9ritable bouclier contre les microbes, est constamment expos\u00e9 \u00e0 des agresseurs externes. Lorsque les virus et bact\u00e9ries p\u00e9n\u00e8trent","og_url":"https:\/\/paracherkaoui.ma\/index.php\/produit\/gilbert-marimer-baby-rhume-rhinophargyngite-100-ml\/","og_site_name":"Paracherkaoui.ma","article_modified_time":"2025-12-12T18:13:26+00:00","og_image":[{"width":700,"height":700,"url":"https:\/\/paracherkaoui.ma\/wp-content\/uploads\/2025\/12\/gilbert-gilbert-marimer-baby-rhume-rhinophargyngite-100-ml-soin-nez-bebe-et-accessoires-nez.jpg","type":"image\/jpeg"}],"twitter_card":"summary_large_image","twitter_misc":{"Dur\u00e9e de lecture estim\u00e9e":"1 minute"},"schema":{"@context":"https:\/\/schema.org","@graph":[{"@type":"WebPage","@id":"https:\/\/paracherkaoui.ma\/index.php\/produit\/gilbert-marimer-baby-rhume-rhinophargyngite-100-ml\/","url":"https:\/\/paracherkaoui.ma\/index.php\/produit\/gilbert-marimer-baby-rhume-rhinophargyngite-100-ml\/","name":"GILBERT MARIMER BABY RHUME RHINOPHARGYNGITE 100 ML - Paracherkaoui.ma","isPartOf":{"@id":"https:\/\/paracherkaoui.ma\/#website"},"primaryImageOfPage":{"@id":"https:\/\/paracherkaoui.ma\/index.php\/produit\/gilbert-marimer-baby-rhume-rhinophargyngite-100-ml\/#primaryimage"},"image":{"@id":"https:\/\/paracherkaoui.ma\/index.php\/produit\/gilbert-marimer-baby-rhume-rhinophargyngite-100-ml\/#primaryimage"},"thumbnailUrl":"https:\/\/paracherkaoui.ma\/wp-content\/uploads\/2025\/12\/gilbert-gilbert-marimer-baby-rhume-rhinophargyngite-100-ml-soin-nez-bebe-et-accessoires-nez.jpg","datePublished":"2025-12-12T18:13:24+00:00","dateModified":"2025-12-12T18:13:26+00:00","breadcrumb":{"@id":"https:\/\/paracherkaoui.ma\/index.php\/produit\/gilbert-marimer-baby-rhume-rhinophargyngite-100-ml\/#breadcrumb"},"inLanguage":"fr-FR","potentialAction":[{"@type":"ReadAction","target":["https:\/\/paracherkaoui.ma\/index.php\/produit\/gilbert-marimer-baby-rhume-rhinophargyngite-100-ml\/"]}]},{"@type":"ImageObject","inLanguage":"fr-FR","@id":"https:\/\/paracherkaoui.ma\/index.php\/produit\/gilbert-marimer-baby-rhume-rhinophargyngite-100-ml\/#primaryimage","url":"https:\/\/paracherkaoui.ma\/wp-content\/uploads\/2025\/12\/gilbert-gilbert-marimer-baby-rhume-rhinophargyngite-100-ml-soin-nez-bebe-et-accessoires-nez.jpg","contentUrl":"https:\/\/paracherkaoui.ma\/wp-content\/uploads\/2025\/12\/gilbert-gilbert-marimer-baby-rhume-rhinophargyngite-100-ml-soin-nez-bebe-et-accessoires-nez.jpg","width":700,"height":700},{"@type":"BreadcrumbList","@id":"https:\/\/paracherkaoui.ma\/index.php\/produit\/gilbert-marimer-baby-rhume-rhinophargyngite-100-ml\/#breadcrumb","itemListElement":[{"@type":"ListItem","position":1,"name":"Accueil","item":"https:\/\/paracherkaoui.ma\/"},{"@type":"ListItem","position":2,"name":"Boutique","item":"https:\/\/paracherkaoui.ma\/index.php\/boutique\/"},{"@type":"ListItem","position":3,"name":"GILBERT MARIMER BABY RHUME RHINOPHARGYNGITE 100 ML"}]},{"@type":"WebSite","@id":"https:\/\/paracherkaoui.ma\/#website","url":"https:\/\/paracherkaoui.ma\/","name":"Paracherkaoui.ma","description":"Achetez en ligne sur Paracherkaoui.ma","potentialAction":[{"@type":"SearchAction","target":{"@type":"EntryPoint","urlTemplate":"https:\/\/paracherkaoui.ma\/?s={search_term_string}"},"query-input":{"@type":"PropertyValueSpecification","valueRequired":true,"valueName":"search_term_string"}}],"inLanguage":"fr-FR"}]}},"_links":{"self":[{"href":"https:\/\/paracherkaoui.ma\/index.php\/wp-json\/wp\/v2\/product\/44516","targetHints":{"allow":["GET"]}}],"collection":[{"href":"https:\/\/paracherkaoui.ma\/index.php\/wp-json\/wp\/v2\/product"}],"about":[{"href":"https:\/\/paracherkaoui.ma\/index.php\/wp-json\/wp\/v2\/types\/product"}],"replies":[{"embeddable":true,"href":"https:\/\/paracherkaoui.ma\/index.php\/wp-json\/wp\/v2\/comments?post=44516"}],"version-history":[{"count":1,"href":"https:\/\/paracherkaoui.ma\/index.php\/wp-json\/wp\/v2\/product\/44516\/revisions"}],"predecessor-version":[{"id":44547,"href":"https:\/\/paracherkaoui.ma\/index.php\/wp-json\/wp\/v2\/product\/44516\/revisions\/44547"}],"wp:featuredmedia":[{"embeddable":true,"href":"https:\/\/paracherkaoui.ma\/index.php\/wp-json\/wp\/v2\/media\/44546"}],"wp:attachment":[{"href":"https:\/\/paracherkaoui.ma\/index.php\/wp-json\/wp\/v2\/media?parent=44516"}],"wp:term":[{"taxonomy":"product_brand","embeddable":true,"href":"https:\/\/paracherkaoui.ma\/index.php\/wp-json\/wp\/v2\/product_brand?post=44516"},{"taxonomy":"product_cat","embeddable":true,"href":"https:\/\/paracherkaoui.ma\/index.php\/wp-json\/wp\/v2\/product_cat?post=44516"},{"taxonomy":"product_tag","embeddable":true,"href":"https:\/\/paracherkaoui.ma\/index.php\/wp-json\/wp\/v2\/product_tag?post=44516"}],"curies":[{"name":"wp","href":"https:\/\/api.w.org\/{rel}","templated":true}]}}