{"id":44452,"date":"2025-12-12T19:13:13","date_gmt":"2025-12-12T18:13:13","guid":{"rendered":"https:\/\/test.ecbeaute.com\/?post_type=product&#038;p=44452"},"modified":"2025-12-12T19:13:22","modified_gmt":"2025-12-12T18:13:22","slug":"belvital-mouche-bebe","status":"publish","type":"product","link":"https:\/\/paracherkaoui.ma\/index.php\/produit\/belvital-mouche-bebe\/","title":{"rendered":"BELVITAL mouche bebe"},"content":{"rendered":"<p>Le mouche b\u00e9b\u00e9 Belvital\u00a0manuel d\u00e9gage par aspiration compl\u00e8te, douce et contr\u00f4l\u00e9e les muqueuses nasale de b\u00e9b\u00e9. En effet, gr\u00e2ce \u00e0 l\u2019aspiration contr\u00f4l\u00e9e par la m\u00e8re, le p\u00e8re de l\u2019enfant, ou \u00e9ventuellement une tierce personne, les s\u00e9cr\u00e9tions vont se collecter dans le r\u00e9servoir. Un bouchon filtre (constitu\u00e9 par un coton et chang\u00e9 \u00e0 chaque op\u00e9ration) emp\u00eache les s\u00e9cr\u00e9tions de remonter jusqu\u2019\u00e0 l\u2019embout buccal. Ce mod\u00e8le est pr\u00e9f\u00e9rable \u00e0 bien d\u2019autres car le mouche b\u00e9b\u00e9 Belvital ne poss\u00e8de pas de filtre en mousse (v\u00e9ritable refuge pour les microbes) De plus, la qualit\u00e9 de plastique dur du mouche b\u00e9b\u00e9 Belvital\u00a0permet un nettoyage parfait et la st\u00e9rilisation quotidienne (10 minutes dans l\u2019eau bouillante).<\/p>\n","protected":false},"excerpt":{"rendered":"<p>Le mouche b\u00e9b\u00e9 Belvital\u00a0manuel d\u00e9gage par aspiration compl\u00e8te, douce et contr\u00f4l\u00e9e les muqueuses nasale de b\u00e9b\u00e9. En effet, gr\u00e2ce \u00e0<\/p>\n","protected":false},"featured_media":44505,"comment_status":"open","ping_status":"closed","template":"","meta":[],"product_brand":[780],"product_cat":[779],"product_tag":[],"class_list":{"0":"post-44452","1":"product","2":"type-product","3":"status-publish","4":"has-post-thumbnail","6":"product_brand-belvital","7":"product_cat-soin-nez-bebe-et-accessoires-nez","9":"first","10":"instock","11":"sale","12":"shipping-taxable","13":"purchasable","14":"product-type-simple"},"yoast_head":"<!-- This site is optimized with the Yoast SEO plugin v26.6 - https:\/\/yoast.com\/wordpress\/plugins\/seo\/ -->\r\n<title>BELVITAL mouche bebe - Paracherkaoui.ma<\/title>\r\n<meta name=\"robots\" content=\"index, follow, max-snippet:-1, max-image-preview:large, max-video-preview:-1\" \/>\r\n<link rel=\"canonical\" href=\"https:\/\/paracherkaoui.ma\/index.php\/produit\/belvital-mouche-bebe\/\" \/>\r\n<meta property=\"og:locale\" content=\"fr_FR\" \/>\r\n<meta property=\"og:type\" content=\"article\" \/>\r\n<meta property=\"og:title\" content=\"BELVITAL mouche bebe - Paracherkaoui.ma\" \/>\r\n<meta property=\"og:description\" content=\"Le mouche b\u00e9b\u00e9 Belvital\u00a0manuel d\u00e9gage par aspiration compl\u00e8te, douce et contr\u00f4l\u00e9e les muqueuses nasale de b\u00e9b\u00e9. En effet, gr\u00e2ce \u00e0\" \/>\r\n<meta property=\"og:url\" content=\"https:\/\/paracherkaoui.ma\/index.php\/produit\/belvital-mouche-bebe\/\" \/>\r\n<meta property=\"og:site_name\" content=\"Paracherkaoui.ma\" \/>\r\n<meta property=\"article:modified_time\" content=\"2025-12-12T18:13:22+00:00\" \/>\r\n<meta property=\"og:image\" content=\"https:\/\/paracherkaoui.ma\/wp-content\/uploads\/2025\/12\/belvital-belvital-mouche-bebe-nez.jpg\" \/>\r\n\t<meta property=\"og:image:width\" content=\"700\" \/>\r\n\t<meta property=\"og:image:height\" content=\"700\" \/>\r\n\t<meta property=\"og:image:type\" content=\"image\/jpeg\" \/>\r\n<meta name=\"twitter:card\" content=\"summary_large_image\" \/>\r\n<meta name=\"twitter:label1\" content=\"Dur\u00e9e de lecture estim\u00e9e\" \/>\n\t<meta name=\"twitter:data1\" content=\"1 minute\" \/>\r\n<script type=\"application\/ld+json\" class=\"yoast-schema-graph\">{\"@context\":\"https:\/\/schema.org\",\"@graph\":[{\"@type\":\"WebPage\",\"@id\":\"https:\/\/paracherkaoui.ma\/index.php\/produit\/belvital-mouche-bebe\/\",\"url\":\"https:\/\/paracherkaoui.ma\/index.php\/produit\/belvital-mouche-bebe\/\",\"name\":\"BELVITAL mouche bebe - Paracherkaoui.ma\",\"isPartOf\":{\"@id\":\"https:\/\/paracherkaoui.ma\/#website\"},\"primaryImageOfPage\":{\"@id\":\"https:\/\/paracherkaoui.ma\/index.php\/produit\/belvital-mouche-bebe\/#primaryimage\"},\"image\":{\"@id\":\"https:\/\/paracherkaoui.ma\/index.php\/produit\/belvital-mouche-bebe\/#primaryimage\"},\"thumbnailUrl\":\"https:\/\/paracherkaoui.ma\/wp-content\/uploads\/2025\/12\/belvital-belvital-mouche-bebe-nez.jpg\",\"datePublished\":\"2025-12-12T18:13:13+00:00\",\"dateModified\":\"2025-12-12T18:13:22+00:00\",\"breadcrumb\":{\"@id\":\"https:\/\/paracherkaoui.ma\/index.php\/produit\/belvital-mouche-bebe\/#breadcrumb\"},\"inLanguage\":\"fr-FR\",\"potentialAction\":[{\"@type\":\"ReadAction\",\"target\":[\"https:\/\/paracherkaoui.ma\/index.php\/produit\/belvital-mouche-bebe\/\"]}]},{\"@type\":\"ImageObject\",\"inLanguage\":\"fr-FR\",\"@id\":\"https:\/\/paracherkaoui.ma\/index.php\/produit\/belvital-mouche-bebe\/#primaryimage\",\"url\":\"https:\/\/paracherkaoui.ma\/wp-content\/uploads\/2025\/12\/belvital-belvital-mouche-bebe-nez.jpg\",\"contentUrl\":\"https:\/\/paracherkaoui.ma\/wp-content\/uploads\/2025\/12\/belvital-belvital-mouche-bebe-nez.jpg\",\"width\":700,\"height\":700},{\"@type\":\"BreadcrumbList\",\"@id\":\"https:\/\/paracherkaoui.ma\/index.php\/produit\/belvital-mouche-bebe\/#breadcrumb\",\"itemListElement\":[{\"@type\":\"ListItem\",\"position\":1,\"name\":\"Accueil\",\"item\":\"https:\/\/paracherkaoui.ma\/\"},{\"@type\":\"ListItem\",\"position\":2,\"name\":\"Boutique\",\"item\":\"https:\/\/paracherkaoui.ma\/index.php\/boutique\/\"},{\"@type\":\"ListItem\",\"position\":3,\"name\":\"BELVITAL mouche bebe\"}]},{\"@type\":\"WebSite\",\"@id\":\"https:\/\/paracherkaoui.ma\/#website\",\"url\":\"https:\/\/paracherkaoui.ma\/\",\"name\":\"Paracherkaoui.ma\",\"description\":\"Achetez en ligne sur Paracherkaoui.ma\",\"potentialAction\":[{\"@type\":\"SearchAction\",\"target\":{\"@type\":\"EntryPoint\",\"urlTemplate\":\"https:\/\/paracherkaoui.ma\/?s={search_term_string}\"},\"query-input\":{\"@type\":\"PropertyValueSpecification\",\"valueRequired\":true,\"valueName\":\"search_term_string\"}}],\"inLanguage\":\"fr-FR\"}]}<\/script>\r\n<!-- \/ Yoast SEO plugin. -->","yoast_head_json":{"title":"BELVITAL mouche bebe - Paracherkaoui.ma","robots":{"index":"index","follow":"follow","max-snippet":"max-snippet:-1","max-image-preview":"max-image-preview:large","max-video-preview":"max-video-preview:-1"},"canonical":"https:\/\/paracherkaoui.ma\/index.php\/produit\/belvital-mouche-bebe\/","og_locale":"fr_FR","og_type":"article","og_title":"BELVITAL mouche bebe - Paracherkaoui.ma","og_description":"Le mouche b\u00e9b\u00e9 Belvital\u00a0manuel d\u00e9gage par aspiration compl\u00e8te, douce et contr\u00f4l\u00e9e les muqueuses nasale de b\u00e9b\u00e9. En effet, gr\u00e2ce \u00e0","og_url":"https:\/\/paracherkaoui.ma\/index.php\/produit\/belvital-mouche-bebe\/","og_site_name":"Paracherkaoui.ma","article_modified_time":"2025-12-12T18:13:22+00:00","og_image":[{"width":700,"height":700,"url":"https:\/\/paracherkaoui.ma\/wp-content\/uploads\/2025\/12\/belvital-belvital-mouche-bebe-nez.jpg","type":"image\/jpeg"}],"twitter_card":"summary_large_image","twitter_misc":{"Dur\u00e9e de lecture estim\u00e9e":"1 minute"},"schema":{"@context":"https:\/\/schema.org","@graph":[{"@type":"WebPage","@id":"https:\/\/paracherkaoui.ma\/index.php\/produit\/belvital-mouche-bebe\/","url":"https:\/\/paracherkaoui.ma\/index.php\/produit\/belvital-mouche-bebe\/","name":"BELVITAL mouche bebe - Paracherkaoui.ma","isPartOf":{"@id":"https:\/\/paracherkaoui.ma\/#website"},"primaryImageOfPage":{"@id":"https:\/\/paracherkaoui.ma\/index.php\/produit\/belvital-mouche-bebe\/#primaryimage"},"image":{"@id":"https:\/\/paracherkaoui.ma\/index.php\/produit\/belvital-mouche-bebe\/#primaryimage"},"thumbnailUrl":"https:\/\/paracherkaoui.ma\/wp-content\/uploads\/2025\/12\/belvital-belvital-mouche-bebe-nez.jpg","datePublished":"2025-12-12T18:13:13+00:00","dateModified":"2025-12-12T18:13:22+00:00","breadcrumb":{"@id":"https:\/\/paracherkaoui.ma\/index.php\/produit\/belvital-mouche-bebe\/#breadcrumb"},"inLanguage":"fr-FR","potentialAction":[{"@type":"ReadAction","target":["https:\/\/paracherkaoui.ma\/index.php\/produit\/belvital-mouche-bebe\/"]}]},{"@type":"ImageObject","inLanguage":"fr-FR","@id":"https:\/\/paracherkaoui.ma\/index.php\/produit\/belvital-mouche-bebe\/#primaryimage","url":"https:\/\/paracherkaoui.ma\/wp-content\/uploads\/2025\/12\/belvital-belvital-mouche-bebe-nez.jpg","contentUrl":"https:\/\/paracherkaoui.ma\/wp-content\/uploads\/2025\/12\/belvital-belvital-mouche-bebe-nez.jpg","width":700,"height":700},{"@type":"BreadcrumbList","@id":"https:\/\/paracherkaoui.ma\/index.php\/produit\/belvital-mouche-bebe\/#breadcrumb","itemListElement":[{"@type":"ListItem","position":1,"name":"Accueil","item":"https:\/\/paracherkaoui.ma\/"},{"@type":"ListItem","position":2,"name":"Boutique","item":"https:\/\/paracherkaoui.ma\/index.php\/boutique\/"},{"@type":"ListItem","position":3,"name":"BELVITAL mouche bebe"}]},{"@type":"WebSite","@id":"https:\/\/paracherkaoui.ma\/#website","url":"https:\/\/paracherkaoui.ma\/","name":"Paracherkaoui.ma","description":"Achetez en ligne sur Paracherkaoui.ma","potentialAction":[{"@type":"SearchAction","target":{"@type":"EntryPoint","urlTemplate":"https:\/\/paracherkaoui.ma\/?s={search_term_string}"},"query-input":{"@type":"PropertyValueSpecification","valueRequired":true,"valueName":"search_term_string"}}],"inLanguage":"fr-FR"}]}},"_links":{"self":[{"href":"https:\/\/paracherkaoui.ma\/index.php\/wp-json\/wp\/v2\/product\/44452","targetHints":{"allow":["GET"]}}],"collection":[{"href":"https:\/\/paracherkaoui.ma\/index.php\/wp-json\/wp\/v2\/product"}],"about":[{"href":"https:\/\/paracherkaoui.ma\/index.php\/wp-json\/wp\/v2\/types\/product"}],"replies":[{"embeddable":true,"href":"https:\/\/paracherkaoui.ma\/index.php\/wp-json\/wp\/v2\/comments?post=44452"}],"version-history":[{"count":1,"href":"https:\/\/paracherkaoui.ma\/index.php\/wp-json\/wp\/v2\/product\/44452\/revisions"}],"predecessor-version":[{"id":44506,"href":"https:\/\/paracherkaoui.ma\/index.php\/wp-json\/wp\/v2\/product\/44452\/revisions\/44506"}],"wp:featuredmedia":[{"embeddable":true,"href":"https:\/\/paracherkaoui.ma\/index.php\/wp-json\/wp\/v2\/media\/44505"}],"wp:attachment":[{"href":"https:\/\/paracherkaoui.ma\/index.php\/wp-json\/wp\/v2\/media?parent=44452"}],"wp:term":[{"taxonomy":"product_brand","embeddable":true,"href":"https:\/\/paracherkaoui.ma\/index.php\/wp-json\/wp\/v2\/product_brand?post=44452"},{"taxonomy":"product_cat","embeddable":true,"href":"https:\/\/paracherkaoui.ma\/index.php\/wp-json\/wp\/v2\/product_cat?post=44452"},{"taxonomy":"product_tag","embeddable":true,"href":"https:\/\/paracherkaoui.ma\/index.php\/wp-json\/wp\/v2\/product_tag?post=44452"}],"curies":[{"name":"wp","href":"https:\/\/api.w.org\/{rel}","templated":true}]}}