{"id":44442,"date":"2025-12-12T19:13:12","date_gmt":"2025-12-12T18:13:12","guid":{"rendered":"https:\/\/test.ecbeaute.com\/?post_type=product&#038;p=44442"},"modified":"2025-12-12T19:13:19","modified_gmt":"2025-12-12T18:13:19","slug":"bambo-nature-50-wet-wipes","status":"publish","type":"product","link":"https:\/\/paracherkaoui.ma\/index.php\/produit\/bambo-nature-50-wet-wipes\/","title":{"rendered":"BAMBO NATURE 50 WET WIPES"},"content":{"rendered":"<p>Les lingettes humides Bambo Nature sont indispensables pour chaque table \u00e0 langer, sac \u00e0 langer, sac \u00e0 main, voyage en voiture, pique-nique, soir\u00e9e pyjama &#8211; partout o\u00f9 vous et votre b\u00e9b\u00e9 allez. Nos lingettes nettoyantes hydratantes et douces pour la peau sont fabriqu\u00e9es \u00e0 partir de mat\u00e9riaux non tiss\u00e9s doux et durables et peuvent \u00eatre utilis\u00e9es sur tout le corps.<\/p>\n","protected":false},"excerpt":{"rendered":"<p>Les lingettes humides Bambo Nature sont indispensables pour chaque table \u00e0 langer, sac \u00e0 langer, sac \u00e0 main, voyage en<\/p>\n","protected":false},"featured_media":44486,"comment_status":"open","ping_status":"closed","template":"","meta":[],"product_brand":[775],"product_cat":[773],"product_tag":[],"class_list":{"0":"post-44442","1":"product","2":"type-product","3":"status-publish","4":"has-post-thumbnail","6":"product_brand-bambo-nature","7":"product_cat-changes-bebe","9":"first","10":"instock","11":"sale","12":"shipping-taxable","13":"purchasable","14":"product-type-simple"},"yoast_head":"<!-- This site is optimized with the Yoast SEO plugin v26.6 - https:\/\/yoast.com\/wordpress\/plugins\/seo\/ -->\r\n<title>BAMBO NATURE 50 WET WIPES - Paracherkaoui.ma<\/title>\r\n<meta name=\"robots\" content=\"index, follow, max-snippet:-1, max-image-preview:large, max-video-preview:-1\" \/>\r\n<link rel=\"canonical\" href=\"https:\/\/paracherkaoui.ma\/index.php\/produit\/bambo-nature-50-wet-wipes\/\" \/>\r\n<meta property=\"og:locale\" content=\"fr_FR\" \/>\r\n<meta property=\"og:type\" content=\"article\" \/>\r\n<meta property=\"og:title\" content=\"BAMBO NATURE 50 WET WIPES - Paracherkaoui.ma\" \/>\r\n<meta property=\"og:description\" content=\"Les lingettes humides Bambo Nature sont indispensables pour chaque table \u00e0 langer, sac \u00e0 langer, sac \u00e0 main, voyage en\" \/>\r\n<meta property=\"og:url\" content=\"https:\/\/paracherkaoui.ma\/index.php\/produit\/bambo-nature-50-wet-wipes\/\" \/>\r\n<meta property=\"og:site_name\" content=\"Paracherkaoui.ma\" \/>\r\n<meta property=\"article:modified_time\" content=\"2025-12-12T18:13:19+00:00\" \/>\r\n<meta property=\"og:image\" content=\"https:\/\/paracherkaoui.ma\/wp-content\/uploads\/2025\/12\/bambo-nature-bambo-nature-50-wet-wipes-lingettes-nettoyantes.jpg\" \/>\r\n\t<meta property=\"og:image:width\" content=\"700\" \/>\r\n\t<meta property=\"og:image:height\" content=\"700\" \/>\r\n\t<meta property=\"og:image:type\" content=\"image\/jpeg\" \/>\r\n<meta name=\"twitter:card\" content=\"summary_large_image\" \/>\r\n<script type=\"application\/ld+json\" class=\"yoast-schema-graph\">{\"@context\":\"https:\/\/schema.org\",\"@graph\":[{\"@type\":\"WebPage\",\"@id\":\"https:\/\/paracherkaoui.ma\/index.php\/produit\/bambo-nature-50-wet-wipes\/\",\"url\":\"https:\/\/paracherkaoui.ma\/index.php\/produit\/bambo-nature-50-wet-wipes\/\",\"name\":\"BAMBO NATURE 50 WET WIPES - Paracherkaoui.ma\",\"isPartOf\":{\"@id\":\"https:\/\/paracherkaoui.ma\/#website\"},\"primaryImageOfPage\":{\"@id\":\"https:\/\/paracherkaoui.ma\/index.php\/produit\/bambo-nature-50-wet-wipes\/#primaryimage\"},\"image\":{\"@id\":\"https:\/\/paracherkaoui.ma\/index.php\/produit\/bambo-nature-50-wet-wipes\/#primaryimage\"},\"thumbnailUrl\":\"https:\/\/paracherkaoui.ma\/wp-content\/uploads\/2025\/12\/bambo-nature-bambo-nature-50-wet-wipes-lingettes-nettoyantes.jpg\",\"datePublished\":\"2025-12-12T18:13:12+00:00\",\"dateModified\":\"2025-12-12T18:13:19+00:00\",\"breadcrumb\":{\"@id\":\"https:\/\/paracherkaoui.ma\/index.php\/produit\/bambo-nature-50-wet-wipes\/#breadcrumb\"},\"inLanguage\":\"fr-FR\",\"potentialAction\":[{\"@type\":\"ReadAction\",\"target\":[\"https:\/\/paracherkaoui.ma\/index.php\/produit\/bambo-nature-50-wet-wipes\/\"]}]},{\"@type\":\"ImageObject\",\"inLanguage\":\"fr-FR\",\"@id\":\"https:\/\/paracherkaoui.ma\/index.php\/produit\/bambo-nature-50-wet-wipes\/#primaryimage\",\"url\":\"https:\/\/paracherkaoui.ma\/wp-content\/uploads\/2025\/12\/bambo-nature-bambo-nature-50-wet-wipes-lingettes-nettoyantes.jpg\",\"contentUrl\":\"https:\/\/paracherkaoui.ma\/wp-content\/uploads\/2025\/12\/bambo-nature-bambo-nature-50-wet-wipes-lingettes-nettoyantes.jpg\",\"width\":700,\"height\":700},{\"@type\":\"BreadcrumbList\",\"@id\":\"https:\/\/paracherkaoui.ma\/index.php\/produit\/bambo-nature-50-wet-wipes\/#breadcrumb\",\"itemListElement\":[{\"@type\":\"ListItem\",\"position\":1,\"name\":\"Accueil\",\"item\":\"https:\/\/paracherkaoui.ma\/\"},{\"@type\":\"ListItem\",\"position\":2,\"name\":\"Boutique\",\"item\":\"https:\/\/paracherkaoui.ma\/index.php\/boutique\/\"},{\"@type\":\"ListItem\",\"position\":3,\"name\":\"BAMBO NATURE 50 WET WIPES\"}]},{\"@type\":\"WebSite\",\"@id\":\"https:\/\/paracherkaoui.ma\/#website\",\"url\":\"https:\/\/paracherkaoui.ma\/\",\"name\":\"Paracherkaoui.ma\",\"description\":\"Achetez en ligne sur Paracherkaoui.ma\",\"potentialAction\":[{\"@type\":\"SearchAction\",\"target\":{\"@type\":\"EntryPoint\",\"urlTemplate\":\"https:\/\/paracherkaoui.ma\/?s={search_term_string}\"},\"query-input\":{\"@type\":\"PropertyValueSpecification\",\"valueRequired\":true,\"valueName\":\"search_term_string\"}}],\"inLanguage\":\"fr-FR\"}]}<\/script>\r\n<!-- \/ Yoast SEO plugin. -->","yoast_head_json":{"title":"BAMBO NATURE 50 WET WIPES - Paracherkaoui.ma","robots":{"index":"index","follow":"follow","max-snippet":"max-snippet:-1","max-image-preview":"max-image-preview:large","max-video-preview":"max-video-preview:-1"},"canonical":"https:\/\/paracherkaoui.ma\/index.php\/produit\/bambo-nature-50-wet-wipes\/","og_locale":"fr_FR","og_type":"article","og_title":"BAMBO NATURE 50 WET WIPES - Paracherkaoui.ma","og_description":"Les lingettes humides Bambo Nature sont indispensables pour chaque table \u00e0 langer, sac \u00e0 langer, sac \u00e0 main, voyage en","og_url":"https:\/\/paracherkaoui.ma\/index.php\/produit\/bambo-nature-50-wet-wipes\/","og_site_name":"Paracherkaoui.ma","article_modified_time":"2025-12-12T18:13:19+00:00","og_image":[{"width":700,"height":700,"url":"https:\/\/paracherkaoui.ma\/wp-content\/uploads\/2025\/12\/bambo-nature-bambo-nature-50-wet-wipes-lingettes-nettoyantes.jpg","type":"image\/jpeg"}],"twitter_card":"summary_large_image","schema":{"@context":"https:\/\/schema.org","@graph":[{"@type":"WebPage","@id":"https:\/\/paracherkaoui.ma\/index.php\/produit\/bambo-nature-50-wet-wipes\/","url":"https:\/\/paracherkaoui.ma\/index.php\/produit\/bambo-nature-50-wet-wipes\/","name":"BAMBO NATURE 50 WET WIPES - Paracherkaoui.ma","isPartOf":{"@id":"https:\/\/paracherkaoui.ma\/#website"},"primaryImageOfPage":{"@id":"https:\/\/paracherkaoui.ma\/index.php\/produit\/bambo-nature-50-wet-wipes\/#primaryimage"},"image":{"@id":"https:\/\/paracherkaoui.ma\/index.php\/produit\/bambo-nature-50-wet-wipes\/#primaryimage"},"thumbnailUrl":"https:\/\/paracherkaoui.ma\/wp-content\/uploads\/2025\/12\/bambo-nature-bambo-nature-50-wet-wipes-lingettes-nettoyantes.jpg","datePublished":"2025-12-12T18:13:12+00:00","dateModified":"2025-12-12T18:13:19+00:00","breadcrumb":{"@id":"https:\/\/paracherkaoui.ma\/index.php\/produit\/bambo-nature-50-wet-wipes\/#breadcrumb"},"inLanguage":"fr-FR","potentialAction":[{"@type":"ReadAction","target":["https:\/\/paracherkaoui.ma\/index.php\/produit\/bambo-nature-50-wet-wipes\/"]}]},{"@type":"ImageObject","inLanguage":"fr-FR","@id":"https:\/\/paracherkaoui.ma\/index.php\/produit\/bambo-nature-50-wet-wipes\/#primaryimage","url":"https:\/\/paracherkaoui.ma\/wp-content\/uploads\/2025\/12\/bambo-nature-bambo-nature-50-wet-wipes-lingettes-nettoyantes.jpg","contentUrl":"https:\/\/paracherkaoui.ma\/wp-content\/uploads\/2025\/12\/bambo-nature-bambo-nature-50-wet-wipes-lingettes-nettoyantes.jpg","width":700,"height":700},{"@type":"BreadcrumbList","@id":"https:\/\/paracherkaoui.ma\/index.php\/produit\/bambo-nature-50-wet-wipes\/#breadcrumb","itemListElement":[{"@type":"ListItem","position":1,"name":"Accueil","item":"https:\/\/paracherkaoui.ma\/"},{"@type":"ListItem","position":2,"name":"Boutique","item":"https:\/\/paracherkaoui.ma\/index.php\/boutique\/"},{"@type":"ListItem","position":3,"name":"BAMBO NATURE 50 WET WIPES"}]},{"@type":"WebSite","@id":"https:\/\/paracherkaoui.ma\/#website","url":"https:\/\/paracherkaoui.ma\/","name":"Paracherkaoui.ma","description":"Achetez en ligne sur Paracherkaoui.ma","potentialAction":[{"@type":"SearchAction","target":{"@type":"EntryPoint","urlTemplate":"https:\/\/paracherkaoui.ma\/?s={search_term_string}"},"query-input":{"@type":"PropertyValueSpecification","valueRequired":true,"valueName":"search_term_string"}}],"inLanguage":"fr-FR"}]}},"_links":{"self":[{"href":"https:\/\/paracherkaoui.ma\/index.php\/wp-json\/wp\/v2\/product\/44442","targetHints":{"allow":["GET"]}}],"collection":[{"href":"https:\/\/paracherkaoui.ma\/index.php\/wp-json\/wp\/v2\/product"}],"about":[{"href":"https:\/\/paracherkaoui.ma\/index.php\/wp-json\/wp\/v2\/types\/product"}],"replies":[{"embeddable":true,"href":"https:\/\/paracherkaoui.ma\/index.php\/wp-json\/wp\/v2\/comments?post=44442"}],"version-history":[{"count":1,"href":"https:\/\/paracherkaoui.ma\/index.php\/wp-json\/wp\/v2\/product\/44442\/revisions"}],"predecessor-version":[{"id":44487,"href":"https:\/\/paracherkaoui.ma\/index.php\/wp-json\/wp\/v2\/product\/44442\/revisions\/44487"}],"wp:featuredmedia":[{"embeddable":true,"href":"https:\/\/paracherkaoui.ma\/index.php\/wp-json\/wp\/v2\/media\/44486"}],"wp:attachment":[{"href":"https:\/\/paracherkaoui.ma\/index.php\/wp-json\/wp\/v2\/media?parent=44442"}],"wp:term":[{"taxonomy":"product_brand","embeddable":true,"href":"https:\/\/paracherkaoui.ma\/index.php\/wp-json\/wp\/v2\/product_brand?post=44442"},{"taxonomy":"product_cat","embeddable":true,"href":"https:\/\/paracherkaoui.ma\/index.php\/wp-json\/wp\/v2\/product_cat?post=44442"},{"taxonomy":"product_tag","embeddable":true,"href":"https:\/\/paracherkaoui.ma\/index.php\/wp-json\/wp\/v2\/product_tag?post=44442"}],"curies":[{"name":"wp","href":"https:\/\/api.w.org\/{rel}","templated":true}]}}