{"id":44436,"date":"2025-12-12T19:13:12","date_gmt":"2025-12-12T18:13:12","guid":{"rendered":"https:\/\/test.ecbeaute.com\/?post_type=product&#038;p=44436"},"modified":"2025-12-12T19:13:17","modified_gmt":"2025-12-12T18:13:17","slug":"so-bio-baby-creme-lavante-surgras-500ml-sobio","status":"publish","type":"product","link":"https:\/\/paracherkaoui.ma\/index.php\/produit\/so-bio-baby-creme-lavante-surgras-500ml-sobio\/","title":{"rendered":"SO BiO BABY Cr\u00e8me Lavante Surgras 500ML &#8211; SOBIO"},"content":{"rendered":"<p>Cette Cr\u00e8me Lavante Surgras \u00ab\u00a0Baby\u00a0\u00bb :<br \/>\nNettoie en douceur le cuir chevelu et la peau s\u00e8che de b\u00e9b\u00e9.<br \/>\nNourrit, apaise et ne pique pas les yeux gr\u00e2ce \u00e0 sa formule riche sans savon ni sulfates.<br \/>\nEst haute tol\u00e9rance et adapt\u00e9e d\u00e8s la naissance.<br \/>\nApplication:<br \/>\nAppliquer sur le cuir chevelu et le corps de b\u00e9b\u00e9 pr\u00e9alablement mouill\u00e9s, puis rincer soigneusement.<br \/>\nBien s\u00e9cher sa peau et les plis cutan\u00e9s.<\/p>\n","protected":false},"excerpt":{"rendered":"<p>Cette Cr\u00e8me Lavante Surgras \u00ab\u00a0Baby\u00a0\u00bb : Nettoie en douceur le cuir chevelu et la peau s\u00e8che de b\u00e9b\u00e9. Nourrit, apaise<\/p>\n","protected":false},"featured_media":44474,"comment_status":"open","ping_status":"closed","template":"","meta":[],"product_brand":[212],"product_cat":[773],"product_tag":[],"class_list":{"0":"post-44436","1":"product","2":"type-product","3":"status-publish","4":"has-post-thumbnail","6":"product_brand-so-bio","7":"product_cat-changes-bebe","9":"first","10":"instock","11":"shipping-taxable","12":"purchasable","13":"product-type-simple"},"yoast_head":"<!-- This site is optimized with the Yoast SEO plugin v26.6 - https:\/\/yoast.com\/wordpress\/plugins\/seo\/ -->\r\n<title>SO BiO BABY Cr\u00e8me Lavante Surgras 500ML - SOBIO - Paracherkaoui.ma<\/title>\r\n<meta name=\"robots\" content=\"index, follow, max-snippet:-1, max-image-preview:large, max-video-preview:-1\" \/>\r\n<link rel=\"canonical\" href=\"https:\/\/paracherkaoui.ma\/index.php\/produit\/so-bio-baby-creme-lavante-surgras-500ml-sobio\/\" \/>\r\n<meta property=\"og:locale\" content=\"fr_FR\" \/>\r\n<meta property=\"og:type\" content=\"article\" \/>\r\n<meta property=\"og:title\" content=\"SO BiO BABY Cr\u00e8me Lavante Surgras 500ML - SOBIO - Paracherkaoui.ma\" \/>\r\n<meta property=\"og:description\" content=\"Cette Cr\u00e8me Lavante Surgras \u00ab\u00a0Baby\u00a0\u00bb : Nettoie en douceur le cuir chevelu et la peau s\u00e8che de b\u00e9b\u00e9. Nourrit, apaise\" \/>\r\n<meta property=\"og:url\" content=\"https:\/\/paracherkaoui.ma\/index.php\/produit\/so-bio-baby-creme-lavante-surgras-500ml-sobio\/\" \/>\r\n<meta property=\"og:site_name\" content=\"Paracherkaoui.ma\" \/>\r\n<meta property=\"article:modified_time\" content=\"2025-12-12T18:13:17+00:00\" \/>\r\n<meta property=\"og:image\" content=\"https:\/\/paracherkaoui.ma\/wp-content\/uploads\/2025\/12\/so-bio-so-bio-baby-creme-lavante-surgras-500ml-sobio-nettoyants-liniments-et-talcs.jpg\" \/>\r\n\t<meta property=\"og:image:width\" content=\"700\" \/>\r\n\t<meta property=\"og:image:height\" content=\"700\" \/>\r\n\t<meta property=\"og:image:type\" content=\"image\/jpeg\" \/>\r\n<meta name=\"twitter:card\" content=\"summary_large_image\" \/>\r\n<script type=\"application\/ld+json\" class=\"yoast-schema-graph\">{\"@context\":\"https:\/\/schema.org\",\"@graph\":[{\"@type\":\"WebPage\",\"@id\":\"https:\/\/paracherkaoui.ma\/index.php\/produit\/so-bio-baby-creme-lavante-surgras-500ml-sobio\/\",\"url\":\"https:\/\/paracherkaoui.ma\/index.php\/produit\/so-bio-baby-creme-lavante-surgras-500ml-sobio\/\",\"name\":\"SO BiO BABY Cr\u00e8me Lavante Surgras 500ML - SOBIO - Paracherkaoui.ma\",\"isPartOf\":{\"@id\":\"https:\/\/paracherkaoui.ma\/#website\"},\"primaryImageOfPage\":{\"@id\":\"https:\/\/paracherkaoui.ma\/index.php\/produit\/so-bio-baby-creme-lavante-surgras-500ml-sobio\/#primaryimage\"},\"image\":{\"@id\":\"https:\/\/paracherkaoui.ma\/index.php\/produit\/so-bio-baby-creme-lavante-surgras-500ml-sobio\/#primaryimage\"},\"thumbnailUrl\":\"https:\/\/paracherkaoui.ma\/wp-content\/uploads\/2025\/12\/so-bio-so-bio-baby-creme-lavante-surgras-500ml-sobio-nettoyants-liniments-et-talcs.jpg\",\"datePublished\":\"2025-12-12T18:13:12+00:00\",\"dateModified\":\"2025-12-12T18:13:17+00:00\",\"breadcrumb\":{\"@id\":\"https:\/\/paracherkaoui.ma\/index.php\/produit\/so-bio-baby-creme-lavante-surgras-500ml-sobio\/#breadcrumb\"},\"inLanguage\":\"fr-FR\",\"potentialAction\":[{\"@type\":\"ReadAction\",\"target\":[\"https:\/\/paracherkaoui.ma\/index.php\/produit\/so-bio-baby-creme-lavante-surgras-500ml-sobio\/\"]}]},{\"@type\":\"ImageObject\",\"inLanguage\":\"fr-FR\",\"@id\":\"https:\/\/paracherkaoui.ma\/index.php\/produit\/so-bio-baby-creme-lavante-surgras-500ml-sobio\/#primaryimage\",\"url\":\"https:\/\/paracherkaoui.ma\/wp-content\/uploads\/2025\/12\/so-bio-so-bio-baby-creme-lavante-surgras-500ml-sobio-nettoyants-liniments-et-talcs.jpg\",\"contentUrl\":\"https:\/\/paracherkaoui.ma\/wp-content\/uploads\/2025\/12\/so-bio-so-bio-baby-creme-lavante-surgras-500ml-sobio-nettoyants-liniments-et-talcs.jpg\",\"width\":700,\"height\":700},{\"@type\":\"BreadcrumbList\",\"@id\":\"https:\/\/paracherkaoui.ma\/index.php\/produit\/so-bio-baby-creme-lavante-surgras-500ml-sobio\/#breadcrumb\",\"itemListElement\":[{\"@type\":\"ListItem\",\"position\":1,\"name\":\"Accueil\",\"item\":\"https:\/\/paracherkaoui.ma\/\"},{\"@type\":\"ListItem\",\"position\":2,\"name\":\"Boutique\",\"item\":\"https:\/\/paracherkaoui.ma\/index.php\/boutique\/\"},{\"@type\":\"ListItem\",\"position\":3,\"name\":\"SO BiO BABY Cr\u00e8me Lavante Surgras 500ML &#8211; SOBIO\"}]},{\"@type\":\"WebSite\",\"@id\":\"https:\/\/paracherkaoui.ma\/#website\",\"url\":\"https:\/\/paracherkaoui.ma\/\",\"name\":\"Paracherkaoui.ma\",\"description\":\"Achetez en ligne sur Paracherkaoui.ma\",\"potentialAction\":[{\"@type\":\"SearchAction\",\"target\":{\"@type\":\"EntryPoint\",\"urlTemplate\":\"https:\/\/paracherkaoui.ma\/?s={search_term_string}\"},\"query-input\":{\"@type\":\"PropertyValueSpecification\",\"valueRequired\":true,\"valueName\":\"search_term_string\"}}],\"inLanguage\":\"fr-FR\"}]}<\/script>\r\n<!-- \/ Yoast SEO plugin. -->","yoast_head_json":{"title":"SO BiO BABY Cr\u00e8me Lavante Surgras 500ML - SOBIO - Paracherkaoui.ma","robots":{"index":"index","follow":"follow","max-snippet":"max-snippet:-1","max-image-preview":"max-image-preview:large","max-video-preview":"max-video-preview:-1"},"canonical":"https:\/\/paracherkaoui.ma\/index.php\/produit\/so-bio-baby-creme-lavante-surgras-500ml-sobio\/","og_locale":"fr_FR","og_type":"article","og_title":"SO BiO BABY Cr\u00e8me Lavante Surgras 500ML - SOBIO - Paracherkaoui.ma","og_description":"Cette Cr\u00e8me Lavante Surgras \u00ab\u00a0Baby\u00a0\u00bb : Nettoie en douceur le cuir chevelu et la peau s\u00e8che de b\u00e9b\u00e9. Nourrit, apaise","og_url":"https:\/\/paracherkaoui.ma\/index.php\/produit\/so-bio-baby-creme-lavante-surgras-500ml-sobio\/","og_site_name":"Paracherkaoui.ma","article_modified_time":"2025-12-12T18:13:17+00:00","og_image":[{"width":700,"height":700,"url":"https:\/\/paracherkaoui.ma\/wp-content\/uploads\/2025\/12\/so-bio-so-bio-baby-creme-lavante-surgras-500ml-sobio-nettoyants-liniments-et-talcs.jpg","type":"image\/jpeg"}],"twitter_card":"summary_large_image","schema":{"@context":"https:\/\/schema.org","@graph":[{"@type":"WebPage","@id":"https:\/\/paracherkaoui.ma\/index.php\/produit\/so-bio-baby-creme-lavante-surgras-500ml-sobio\/","url":"https:\/\/paracherkaoui.ma\/index.php\/produit\/so-bio-baby-creme-lavante-surgras-500ml-sobio\/","name":"SO BiO BABY Cr\u00e8me Lavante Surgras 500ML - SOBIO - Paracherkaoui.ma","isPartOf":{"@id":"https:\/\/paracherkaoui.ma\/#website"},"primaryImageOfPage":{"@id":"https:\/\/paracherkaoui.ma\/index.php\/produit\/so-bio-baby-creme-lavante-surgras-500ml-sobio\/#primaryimage"},"image":{"@id":"https:\/\/paracherkaoui.ma\/index.php\/produit\/so-bio-baby-creme-lavante-surgras-500ml-sobio\/#primaryimage"},"thumbnailUrl":"https:\/\/paracherkaoui.ma\/wp-content\/uploads\/2025\/12\/so-bio-so-bio-baby-creme-lavante-surgras-500ml-sobio-nettoyants-liniments-et-talcs.jpg","datePublished":"2025-12-12T18:13:12+00:00","dateModified":"2025-12-12T18:13:17+00:00","breadcrumb":{"@id":"https:\/\/paracherkaoui.ma\/index.php\/produit\/so-bio-baby-creme-lavante-surgras-500ml-sobio\/#breadcrumb"},"inLanguage":"fr-FR","potentialAction":[{"@type":"ReadAction","target":["https:\/\/paracherkaoui.ma\/index.php\/produit\/so-bio-baby-creme-lavante-surgras-500ml-sobio\/"]}]},{"@type":"ImageObject","inLanguage":"fr-FR","@id":"https:\/\/paracherkaoui.ma\/index.php\/produit\/so-bio-baby-creme-lavante-surgras-500ml-sobio\/#primaryimage","url":"https:\/\/paracherkaoui.ma\/wp-content\/uploads\/2025\/12\/so-bio-so-bio-baby-creme-lavante-surgras-500ml-sobio-nettoyants-liniments-et-talcs.jpg","contentUrl":"https:\/\/paracherkaoui.ma\/wp-content\/uploads\/2025\/12\/so-bio-so-bio-baby-creme-lavante-surgras-500ml-sobio-nettoyants-liniments-et-talcs.jpg","width":700,"height":700},{"@type":"BreadcrumbList","@id":"https:\/\/paracherkaoui.ma\/index.php\/produit\/so-bio-baby-creme-lavante-surgras-500ml-sobio\/#breadcrumb","itemListElement":[{"@type":"ListItem","position":1,"name":"Accueil","item":"https:\/\/paracherkaoui.ma\/"},{"@type":"ListItem","position":2,"name":"Boutique","item":"https:\/\/paracherkaoui.ma\/index.php\/boutique\/"},{"@type":"ListItem","position":3,"name":"SO BiO BABY Cr\u00e8me Lavante Surgras 500ML &#8211; SOBIO"}]},{"@type":"WebSite","@id":"https:\/\/paracherkaoui.ma\/#website","url":"https:\/\/paracherkaoui.ma\/","name":"Paracherkaoui.ma","description":"Achetez en ligne sur Paracherkaoui.ma","potentialAction":[{"@type":"SearchAction","target":{"@type":"EntryPoint","urlTemplate":"https:\/\/paracherkaoui.ma\/?s={search_term_string}"},"query-input":{"@type":"PropertyValueSpecification","valueRequired":true,"valueName":"search_term_string"}}],"inLanguage":"fr-FR"}]}},"_links":{"self":[{"href":"https:\/\/paracherkaoui.ma\/index.php\/wp-json\/wp\/v2\/product\/44436","targetHints":{"allow":["GET"]}}],"collection":[{"href":"https:\/\/paracherkaoui.ma\/index.php\/wp-json\/wp\/v2\/product"}],"about":[{"href":"https:\/\/paracherkaoui.ma\/index.php\/wp-json\/wp\/v2\/types\/product"}],"replies":[{"embeddable":true,"href":"https:\/\/paracherkaoui.ma\/index.php\/wp-json\/wp\/v2\/comments?post=44436"}],"version-history":[{"count":1,"href":"https:\/\/paracherkaoui.ma\/index.php\/wp-json\/wp\/v2\/product\/44436\/revisions"}],"predecessor-version":[{"id":44475,"href":"https:\/\/paracherkaoui.ma\/index.php\/wp-json\/wp\/v2\/product\/44436\/revisions\/44475"}],"wp:featuredmedia":[{"embeddable":true,"href":"https:\/\/paracherkaoui.ma\/index.php\/wp-json\/wp\/v2\/media\/44474"}],"wp:attachment":[{"href":"https:\/\/paracherkaoui.ma\/index.php\/wp-json\/wp\/v2\/media?parent=44436"}],"wp:term":[{"taxonomy":"product_brand","embeddable":true,"href":"https:\/\/paracherkaoui.ma\/index.php\/wp-json\/wp\/v2\/product_brand?post=44436"},{"taxonomy":"product_cat","embeddable":true,"href":"https:\/\/paracherkaoui.ma\/index.php\/wp-json\/wp\/v2\/product_cat?post=44436"},{"taxonomy":"product_tag","embeddable":true,"href":"https:\/\/paracherkaoui.ma\/index.php\/wp-json\/wp\/v2\/product_tag?post=44436"}],"curies":[{"name":"wp","href":"https:\/\/api.w.org\/{rel}","templated":true}]}}