{"id":44433,"date":"2025-12-12T19:13:12","date_gmt":"2025-12-12T18:13:12","guid":{"rendered":"https:\/\/test.ecbeaute.com\/?post_type=product&#038;p=44433"},"modified":"2025-12-12T19:13:16","modified_gmt":"2025-12-12T18:13:16","slug":"gilbert-liniderm-lingettes-a-lhuile-dolive-bio-70-lingettes","status":"publish","type":"product","link":"https:\/\/paracherkaoui.ma\/index.php\/produit\/gilbert-liniderm-lingettes-a-lhuile-dolive-bio-70-lingettes\/","title":{"rendered":"GILBERT LINIDERM LINGETTES A L&rsquo;HUILE D&rsquo;OLIVE BIO 70 LINGETTES"},"content":{"rendered":"<p>Gilbert Lingettes \u00e0 l&rsquo;Huile d&rsquo;Olive Bio 70 Lingettes sont des lingettes extra-douces et biod\u00e9gradables indiqu\u00e9es pour l&rsquo;hygi\u00e8ne du si\u00e8ge, du visage et des mains de b\u00e9b\u00e9 d\u00e8s la naissance. Elles contiennent une formule riche en huile d&rsquo;olive biologique, inspir\u00e9e par Liniderm, le liniment ol\u00e9o-calcaire des Laboratoires Gilbert. Sa composition naturelle adapt\u00e9e \u00e0 un usage fr\u00e9quent aide \u00e0 renforcer la barri\u00e8re cutan\u00e9e et \u00e0 apaiser les rougeurs et les irritations tout en laissant la peau saine et douce.<br \/>\nTest\u00e9es sous contr\u00f4le dermatologique et p\u00e9diatrique. Hypoallerg\u00e9niques.<br \/>\n99,7% des ingr\u00e9dients sont d&rsquo;origine naturelle.<br \/>\nSans parfum. Sans alcool.<br \/>\nS&rsquo;utilise \u00e0 chaque change pour nettoyer b\u00e9b\u00e9 \u00e0 l&rsquo;aide d&rsquo;une \u00e0 trois lingettes.<\/p>\n","protected":false},"excerpt":{"rendered":"<p>Gilbert Lingettes \u00e0 l&rsquo;Huile d&rsquo;Olive Bio 70 Lingettes sont des lingettes extra-douces et biod\u00e9gradables indiqu\u00e9es pour l&rsquo;hygi\u00e8ne du si\u00e8ge, du<\/p>\n","protected":false},"featured_media":44468,"comment_status":"open","ping_status":"closed","template":"","meta":[],"product_brand":[200],"product_cat":[773],"product_tag":[],"class_list":{"0":"post-44433","1":"product","2":"type-product","3":"status-publish","4":"has-post-thumbnail","6":"product_brand-gilbert","7":"product_cat-changes-bebe","9":"first","10":"instock","11":"sale","12":"shipping-taxable","13":"purchasable","14":"product-type-simple"},"yoast_head":"<!-- This site is optimized with the Yoast SEO plugin v26.6 - https:\/\/yoast.com\/wordpress\/plugins\/seo\/ -->\r\n<title>GILBERT LINIDERM LINGETTES A L&#039;HUILE D&#039;OLIVE BIO 70 LINGETTES - Paracherkaoui.ma<\/title>\r\n<meta name=\"robots\" content=\"index, follow, max-snippet:-1, max-image-preview:large, max-video-preview:-1\" \/>\r\n<link rel=\"canonical\" href=\"https:\/\/paracherkaoui.ma\/index.php\/produit\/gilbert-liniderm-lingettes-a-lhuile-dolive-bio-70-lingettes\/\" \/>\r\n<meta property=\"og:locale\" content=\"fr_FR\" \/>\r\n<meta property=\"og:type\" content=\"article\" \/>\r\n<meta property=\"og:title\" content=\"GILBERT LINIDERM LINGETTES A L&#039;HUILE D&#039;OLIVE BIO 70 LINGETTES - Paracherkaoui.ma\" \/>\r\n<meta property=\"og:description\" content=\"Gilbert Lingettes \u00e0 l&rsquo;Huile d&rsquo;Olive Bio 70 Lingettes sont des lingettes extra-douces et biod\u00e9gradables indiqu\u00e9es pour l&rsquo;hygi\u00e8ne du si\u00e8ge, du\" \/>\r\n<meta property=\"og:url\" content=\"https:\/\/paracherkaoui.ma\/index.php\/produit\/gilbert-liniderm-lingettes-a-lhuile-dolive-bio-70-lingettes\/\" \/>\r\n<meta property=\"og:site_name\" content=\"Paracherkaoui.ma\" \/>\r\n<meta property=\"article:modified_time\" content=\"2025-12-12T18:13:16+00:00\" \/>\r\n<meta property=\"og:image\" content=\"https:\/\/paracherkaoui.ma\/wp-content\/uploads\/2025\/12\/gilbert-gilbert-liniderm-lingettes-a-lhuile-dolive-bio-70-lingettes-changes-bebe.jpg\" \/>\r\n\t<meta property=\"og:image:width\" content=\"700\" \/>\r\n\t<meta property=\"og:image:height\" content=\"700\" \/>\r\n\t<meta property=\"og:image:type\" content=\"image\/jpeg\" \/>\r\n<meta name=\"twitter:card\" content=\"summary_large_image\" \/>\r\n<meta name=\"twitter:label1\" content=\"Dur\u00e9e de lecture estim\u00e9e\" \/>\n\t<meta name=\"twitter:data1\" content=\"1 minute\" \/>\r\n<script type=\"application\/ld+json\" class=\"yoast-schema-graph\">{\"@context\":\"https:\/\/schema.org\",\"@graph\":[{\"@type\":\"WebPage\",\"@id\":\"https:\/\/paracherkaoui.ma\/index.php\/produit\/gilbert-liniderm-lingettes-a-lhuile-dolive-bio-70-lingettes\/\",\"url\":\"https:\/\/paracherkaoui.ma\/index.php\/produit\/gilbert-liniderm-lingettes-a-lhuile-dolive-bio-70-lingettes\/\",\"name\":\"GILBERT LINIDERM LINGETTES A L'HUILE D'OLIVE BIO 70 LINGETTES - Paracherkaoui.ma\",\"isPartOf\":{\"@id\":\"https:\/\/paracherkaoui.ma\/#website\"},\"primaryImageOfPage\":{\"@id\":\"https:\/\/paracherkaoui.ma\/index.php\/produit\/gilbert-liniderm-lingettes-a-lhuile-dolive-bio-70-lingettes\/#primaryimage\"},\"image\":{\"@id\":\"https:\/\/paracherkaoui.ma\/index.php\/produit\/gilbert-liniderm-lingettes-a-lhuile-dolive-bio-70-lingettes\/#primaryimage\"},\"thumbnailUrl\":\"https:\/\/paracherkaoui.ma\/wp-content\/uploads\/2025\/12\/gilbert-gilbert-liniderm-lingettes-a-lhuile-dolive-bio-70-lingettes-changes-bebe.jpg\",\"datePublished\":\"2025-12-12T18:13:12+00:00\",\"dateModified\":\"2025-12-12T18:13:16+00:00\",\"breadcrumb\":{\"@id\":\"https:\/\/paracherkaoui.ma\/index.php\/produit\/gilbert-liniderm-lingettes-a-lhuile-dolive-bio-70-lingettes\/#breadcrumb\"},\"inLanguage\":\"fr-FR\",\"potentialAction\":[{\"@type\":\"ReadAction\",\"target\":[\"https:\/\/paracherkaoui.ma\/index.php\/produit\/gilbert-liniderm-lingettes-a-lhuile-dolive-bio-70-lingettes\/\"]}]},{\"@type\":\"ImageObject\",\"inLanguage\":\"fr-FR\",\"@id\":\"https:\/\/paracherkaoui.ma\/index.php\/produit\/gilbert-liniderm-lingettes-a-lhuile-dolive-bio-70-lingettes\/#primaryimage\",\"url\":\"https:\/\/paracherkaoui.ma\/wp-content\/uploads\/2025\/12\/gilbert-gilbert-liniderm-lingettes-a-lhuile-dolive-bio-70-lingettes-changes-bebe.jpg\",\"contentUrl\":\"https:\/\/paracherkaoui.ma\/wp-content\/uploads\/2025\/12\/gilbert-gilbert-liniderm-lingettes-a-lhuile-dolive-bio-70-lingettes-changes-bebe.jpg\",\"width\":700,\"height\":700},{\"@type\":\"BreadcrumbList\",\"@id\":\"https:\/\/paracherkaoui.ma\/index.php\/produit\/gilbert-liniderm-lingettes-a-lhuile-dolive-bio-70-lingettes\/#breadcrumb\",\"itemListElement\":[{\"@type\":\"ListItem\",\"position\":1,\"name\":\"Accueil\",\"item\":\"https:\/\/paracherkaoui.ma\/\"},{\"@type\":\"ListItem\",\"position\":2,\"name\":\"Boutique\",\"item\":\"https:\/\/paracherkaoui.ma\/index.php\/boutique\/\"},{\"@type\":\"ListItem\",\"position\":3,\"name\":\"GILBERT LINIDERM LINGETTES A L&rsquo;HUILE D&rsquo;OLIVE BIO 70 LINGETTES\"}]},{\"@type\":\"WebSite\",\"@id\":\"https:\/\/paracherkaoui.ma\/#website\",\"url\":\"https:\/\/paracherkaoui.ma\/\",\"name\":\"Paracherkaoui.ma\",\"description\":\"Achetez en ligne sur Paracherkaoui.ma\",\"potentialAction\":[{\"@type\":\"SearchAction\",\"target\":{\"@type\":\"EntryPoint\",\"urlTemplate\":\"https:\/\/paracherkaoui.ma\/?s={search_term_string}\"},\"query-input\":{\"@type\":\"PropertyValueSpecification\",\"valueRequired\":true,\"valueName\":\"search_term_string\"}}],\"inLanguage\":\"fr-FR\"}]}<\/script>\r\n<!-- \/ Yoast SEO plugin. -->","yoast_head_json":{"title":"GILBERT LINIDERM LINGETTES A L'HUILE D'OLIVE BIO 70 LINGETTES - Paracherkaoui.ma","robots":{"index":"index","follow":"follow","max-snippet":"max-snippet:-1","max-image-preview":"max-image-preview:large","max-video-preview":"max-video-preview:-1"},"canonical":"https:\/\/paracherkaoui.ma\/index.php\/produit\/gilbert-liniderm-lingettes-a-lhuile-dolive-bio-70-lingettes\/","og_locale":"fr_FR","og_type":"article","og_title":"GILBERT LINIDERM LINGETTES A L'HUILE D'OLIVE BIO 70 LINGETTES - Paracherkaoui.ma","og_description":"Gilbert Lingettes \u00e0 l&rsquo;Huile d&rsquo;Olive Bio 70 Lingettes sont des lingettes extra-douces et biod\u00e9gradables indiqu\u00e9es pour l&rsquo;hygi\u00e8ne du si\u00e8ge, du","og_url":"https:\/\/paracherkaoui.ma\/index.php\/produit\/gilbert-liniderm-lingettes-a-lhuile-dolive-bio-70-lingettes\/","og_site_name":"Paracherkaoui.ma","article_modified_time":"2025-12-12T18:13:16+00:00","og_image":[{"width":700,"height":700,"url":"https:\/\/paracherkaoui.ma\/wp-content\/uploads\/2025\/12\/gilbert-gilbert-liniderm-lingettes-a-lhuile-dolive-bio-70-lingettes-changes-bebe.jpg","type":"image\/jpeg"}],"twitter_card":"summary_large_image","twitter_misc":{"Dur\u00e9e de lecture estim\u00e9e":"1 minute"},"schema":{"@context":"https:\/\/schema.org","@graph":[{"@type":"WebPage","@id":"https:\/\/paracherkaoui.ma\/index.php\/produit\/gilbert-liniderm-lingettes-a-lhuile-dolive-bio-70-lingettes\/","url":"https:\/\/paracherkaoui.ma\/index.php\/produit\/gilbert-liniderm-lingettes-a-lhuile-dolive-bio-70-lingettes\/","name":"GILBERT LINIDERM LINGETTES A L'HUILE D'OLIVE BIO 70 LINGETTES - Paracherkaoui.ma","isPartOf":{"@id":"https:\/\/paracherkaoui.ma\/#website"},"primaryImageOfPage":{"@id":"https:\/\/paracherkaoui.ma\/index.php\/produit\/gilbert-liniderm-lingettes-a-lhuile-dolive-bio-70-lingettes\/#primaryimage"},"image":{"@id":"https:\/\/paracherkaoui.ma\/index.php\/produit\/gilbert-liniderm-lingettes-a-lhuile-dolive-bio-70-lingettes\/#primaryimage"},"thumbnailUrl":"https:\/\/paracherkaoui.ma\/wp-content\/uploads\/2025\/12\/gilbert-gilbert-liniderm-lingettes-a-lhuile-dolive-bio-70-lingettes-changes-bebe.jpg","datePublished":"2025-12-12T18:13:12+00:00","dateModified":"2025-12-12T18:13:16+00:00","breadcrumb":{"@id":"https:\/\/paracherkaoui.ma\/index.php\/produit\/gilbert-liniderm-lingettes-a-lhuile-dolive-bio-70-lingettes\/#breadcrumb"},"inLanguage":"fr-FR","potentialAction":[{"@type":"ReadAction","target":["https:\/\/paracherkaoui.ma\/index.php\/produit\/gilbert-liniderm-lingettes-a-lhuile-dolive-bio-70-lingettes\/"]}]},{"@type":"ImageObject","inLanguage":"fr-FR","@id":"https:\/\/paracherkaoui.ma\/index.php\/produit\/gilbert-liniderm-lingettes-a-lhuile-dolive-bio-70-lingettes\/#primaryimage","url":"https:\/\/paracherkaoui.ma\/wp-content\/uploads\/2025\/12\/gilbert-gilbert-liniderm-lingettes-a-lhuile-dolive-bio-70-lingettes-changes-bebe.jpg","contentUrl":"https:\/\/paracherkaoui.ma\/wp-content\/uploads\/2025\/12\/gilbert-gilbert-liniderm-lingettes-a-lhuile-dolive-bio-70-lingettes-changes-bebe.jpg","width":700,"height":700},{"@type":"BreadcrumbList","@id":"https:\/\/paracherkaoui.ma\/index.php\/produit\/gilbert-liniderm-lingettes-a-lhuile-dolive-bio-70-lingettes\/#breadcrumb","itemListElement":[{"@type":"ListItem","position":1,"name":"Accueil","item":"https:\/\/paracherkaoui.ma\/"},{"@type":"ListItem","position":2,"name":"Boutique","item":"https:\/\/paracherkaoui.ma\/index.php\/boutique\/"},{"@type":"ListItem","position":3,"name":"GILBERT LINIDERM LINGETTES A L&rsquo;HUILE D&rsquo;OLIVE BIO 70 LINGETTES"}]},{"@type":"WebSite","@id":"https:\/\/paracherkaoui.ma\/#website","url":"https:\/\/paracherkaoui.ma\/","name":"Paracherkaoui.ma","description":"Achetez en ligne sur Paracherkaoui.ma","potentialAction":[{"@type":"SearchAction","target":{"@type":"EntryPoint","urlTemplate":"https:\/\/paracherkaoui.ma\/?s={search_term_string}"},"query-input":{"@type":"PropertyValueSpecification","valueRequired":true,"valueName":"search_term_string"}}],"inLanguage":"fr-FR"}]}},"_links":{"self":[{"href":"https:\/\/paracherkaoui.ma\/index.php\/wp-json\/wp\/v2\/product\/44433","targetHints":{"allow":["GET"]}}],"collection":[{"href":"https:\/\/paracherkaoui.ma\/index.php\/wp-json\/wp\/v2\/product"}],"about":[{"href":"https:\/\/paracherkaoui.ma\/index.php\/wp-json\/wp\/v2\/types\/product"}],"replies":[{"embeddable":true,"href":"https:\/\/paracherkaoui.ma\/index.php\/wp-json\/wp\/v2\/comments?post=44433"}],"version-history":[{"count":1,"href":"https:\/\/paracherkaoui.ma\/index.php\/wp-json\/wp\/v2\/product\/44433\/revisions"}],"predecessor-version":[{"id":44469,"href":"https:\/\/paracherkaoui.ma\/index.php\/wp-json\/wp\/v2\/product\/44433\/revisions\/44469"}],"wp:featuredmedia":[{"embeddable":true,"href":"https:\/\/paracherkaoui.ma\/index.php\/wp-json\/wp\/v2\/media\/44468"}],"wp:attachment":[{"href":"https:\/\/paracherkaoui.ma\/index.php\/wp-json\/wp\/v2\/media?parent=44433"}],"wp:term":[{"taxonomy":"product_brand","embeddable":true,"href":"https:\/\/paracherkaoui.ma\/index.php\/wp-json\/wp\/v2\/product_brand?post=44433"},{"taxonomy":"product_cat","embeddable":true,"href":"https:\/\/paracherkaoui.ma\/index.php\/wp-json\/wp\/v2\/product_cat?post=44433"},{"taxonomy":"product_tag","embeddable":true,"href":"https:\/\/paracherkaoui.ma\/index.php\/wp-json\/wp\/v2\/product_tag?post=44433"}],"curies":[{"name":"wp","href":"https:\/\/api.w.org\/{rel}","templated":true}]}}