{"id":44432,"date":"2025-12-12T19:13:12","date_gmt":"2025-12-12T18:13:12","guid":{"rendered":"https:\/\/test.ecbeaute.com\/?post_type=product&#038;p=44432"},"modified":"2025-12-12T19:13:16","modified_gmt":"2025-12-12T18:13:16","slug":"lansinoh-gel-lavant-2-en-1-lavande-bio-250-ml","status":"publish","type":"product","link":"https:\/\/paracherkaoui.ma\/index.php\/produit\/lansinoh-gel-lavant-2-en-1-lavande-bio-250-ml\/","title":{"rendered":"LANSINOH GEL LAVANT 2 EN 1 LAVANDE BIO 250 ML"},"content":{"rendered":"<p>Le shampoing et gel lavant Lansinoh\u00ae est con\u00e7u pour laver d\u00e9licatement vos petits, tout en les apaisant gr\u00e2ce \u00e0 la Lavande. Le produit id\u00e9al pour la toilette quotidienne des nourrissons et des jeunes enfants. Gr\u00e2ce \u00e0 sa formule enrichie en Lavande et en Aloe Vera, le shampoing et gel lavant Lansinoh\u00ae est apaisant, hydratant et protecteur. Il nettoie en douceur les cheveux d\u00e9licats et la peau fragile du b\u00e9b\u00e9. Le shampooing et le gel lavant Lansinoh\u00ae est \u00e0 base d\u2019ingr\u00e9dients biologiques et naturels. Il apaise doucement tout en laissant votre b\u00e9b\u00e9 propre, soyeux et odorant. Le shampoing et gel lavant Lansinoh\u00ae est compos\u00e9 \u00e0 99,2% d\u2019ingr\u00e9dients d\u2019origine naturelle et certifi\u00e9 biologique par Ecocert Greenlife.<\/p>\n","protected":false},"excerpt":{"rendered":"<p>Le shampoing et gel lavant Lansinoh\u00ae est con\u00e7u pour laver d\u00e9licatement vos petits, tout en les apaisant gr\u00e2ce \u00e0 la<\/p>\n","protected":false},"featured_media":44466,"comment_status":"open","ping_status":"closed","template":"","meta":[],"product_brand":[537],"product_cat":[773],"product_tag":[],"class_list":{"0":"post-44432","1":"product","2":"type-product","3":"status-publish","4":"has-post-thumbnail","6":"product_brand-lansinoh","7":"product_cat-changes-bebe","9":"first","10":"instock","11":"sale","12":"shipping-taxable","13":"purchasable","14":"product-type-simple"},"yoast_head":"<!-- This site is optimized with the Yoast SEO plugin v26.6 - https:\/\/yoast.com\/wordpress\/plugins\/seo\/ -->\r\n<title>LANSINOH GEL LAVANT 2 EN 1 LAVANDE BIO 250 ML - Paracherkaoui.ma<\/title>\r\n<meta name=\"robots\" content=\"index, follow, max-snippet:-1, max-image-preview:large, max-video-preview:-1\" \/>\r\n<link rel=\"canonical\" href=\"https:\/\/paracherkaoui.ma\/index.php\/produit\/lansinoh-gel-lavant-2-en-1-lavande-bio-250-ml\/\" \/>\r\n<meta property=\"og:locale\" content=\"fr_FR\" \/>\r\n<meta property=\"og:type\" content=\"article\" \/>\r\n<meta property=\"og:title\" content=\"LANSINOH GEL LAVANT 2 EN 1 LAVANDE BIO 250 ML - Paracherkaoui.ma\" \/>\r\n<meta property=\"og:description\" content=\"Le shampoing et gel lavant Lansinoh\u00ae est con\u00e7u pour laver d\u00e9licatement vos petits, tout en les apaisant gr\u00e2ce \u00e0 la\" \/>\r\n<meta property=\"og:url\" content=\"https:\/\/paracherkaoui.ma\/index.php\/produit\/lansinoh-gel-lavant-2-en-1-lavande-bio-250-ml\/\" \/>\r\n<meta property=\"og:site_name\" content=\"Paracherkaoui.ma\" \/>\r\n<meta property=\"article:modified_time\" content=\"2025-12-12T18:13:16+00:00\" \/>\r\n<meta property=\"og:image\" content=\"https:\/\/paracherkaoui.ma\/wp-content\/uploads\/2025\/12\/lansinoh-gel-lavant-2-en-1-lavande-bio-250-ml.jpg\" \/>\r\n\t<meta property=\"og:image:width\" content=\"700\" \/>\r\n\t<meta property=\"og:image:height\" content=\"700\" \/>\r\n\t<meta property=\"og:image:type\" content=\"image\/jpeg\" \/>\r\n<meta name=\"twitter:card\" content=\"summary_large_image\" \/>\r\n<meta name=\"twitter:label1\" content=\"Dur\u00e9e de lecture estim\u00e9e\" \/>\n\t<meta name=\"twitter:data1\" content=\"1 minute\" \/>\r\n<script type=\"application\/ld+json\" class=\"yoast-schema-graph\">{\"@context\":\"https:\/\/schema.org\",\"@graph\":[{\"@type\":\"WebPage\",\"@id\":\"https:\/\/paracherkaoui.ma\/index.php\/produit\/lansinoh-gel-lavant-2-en-1-lavande-bio-250-ml\/\",\"url\":\"https:\/\/paracherkaoui.ma\/index.php\/produit\/lansinoh-gel-lavant-2-en-1-lavande-bio-250-ml\/\",\"name\":\"LANSINOH GEL LAVANT 2 EN 1 LAVANDE BIO 250 ML - Paracherkaoui.ma\",\"isPartOf\":{\"@id\":\"https:\/\/paracherkaoui.ma\/#website\"},\"primaryImageOfPage\":{\"@id\":\"https:\/\/paracherkaoui.ma\/index.php\/produit\/lansinoh-gel-lavant-2-en-1-lavande-bio-250-ml\/#primaryimage\"},\"image\":{\"@id\":\"https:\/\/paracherkaoui.ma\/index.php\/produit\/lansinoh-gel-lavant-2-en-1-lavande-bio-250-ml\/#primaryimage\"},\"thumbnailUrl\":\"https:\/\/paracherkaoui.ma\/wp-content\/uploads\/2025\/12\/lansinoh-gel-lavant-2-en-1-lavande-bio-250-ml.jpg\",\"datePublished\":\"2025-12-12T18:13:12+00:00\",\"dateModified\":\"2025-12-12T18:13:16+00:00\",\"breadcrumb\":{\"@id\":\"https:\/\/paracherkaoui.ma\/index.php\/produit\/lansinoh-gel-lavant-2-en-1-lavande-bio-250-ml\/#breadcrumb\"},\"inLanguage\":\"fr-FR\",\"potentialAction\":[{\"@type\":\"ReadAction\",\"target\":[\"https:\/\/paracherkaoui.ma\/index.php\/produit\/lansinoh-gel-lavant-2-en-1-lavande-bio-250-ml\/\"]}]},{\"@type\":\"ImageObject\",\"inLanguage\":\"fr-FR\",\"@id\":\"https:\/\/paracherkaoui.ma\/index.php\/produit\/lansinoh-gel-lavant-2-en-1-lavande-bio-250-ml\/#primaryimage\",\"url\":\"https:\/\/paracherkaoui.ma\/wp-content\/uploads\/2025\/12\/lansinoh-gel-lavant-2-en-1-lavande-bio-250-ml.jpg\",\"contentUrl\":\"https:\/\/paracherkaoui.ma\/wp-content\/uploads\/2025\/12\/lansinoh-gel-lavant-2-en-1-lavande-bio-250-ml.jpg\",\"width\":700,\"height\":700},{\"@type\":\"BreadcrumbList\",\"@id\":\"https:\/\/paracherkaoui.ma\/index.php\/produit\/lansinoh-gel-lavant-2-en-1-lavande-bio-250-ml\/#breadcrumb\",\"itemListElement\":[{\"@type\":\"ListItem\",\"position\":1,\"name\":\"Accueil\",\"item\":\"https:\/\/paracherkaoui.ma\/\"},{\"@type\":\"ListItem\",\"position\":2,\"name\":\"Boutique\",\"item\":\"https:\/\/paracherkaoui.ma\/index.php\/boutique\/\"},{\"@type\":\"ListItem\",\"position\":3,\"name\":\"LANSINOH GEL LAVANT 2 EN 1 LAVANDE BIO 250 ML\"}]},{\"@type\":\"WebSite\",\"@id\":\"https:\/\/paracherkaoui.ma\/#website\",\"url\":\"https:\/\/paracherkaoui.ma\/\",\"name\":\"Paracherkaoui.ma\",\"description\":\"Achetez en ligne sur Paracherkaoui.ma\",\"potentialAction\":[{\"@type\":\"SearchAction\",\"target\":{\"@type\":\"EntryPoint\",\"urlTemplate\":\"https:\/\/paracherkaoui.ma\/?s={search_term_string}\"},\"query-input\":{\"@type\":\"PropertyValueSpecification\",\"valueRequired\":true,\"valueName\":\"search_term_string\"}}],\"inLanguage\":\"fr-FR\"}]}<\/script>\r\n<!-- \/ Yoast SEO plugin. -->","yoast_head_json":{"title":"LANSINOH GEL LAVANT 2 EN 1 LAVANDE BIO 250 ML - Paracherkaoui.ma","robots":{"index":"index","follow":"follow","max-snippet":"max-snippet:-1","max-image-preview":"max-image-preview:large","max-video-preview":"max-video-preview:-1"},"canonical":"https:\/\/paracherkaoui.ma\/index.php\/produit\/lansinoh-gel-lavant-2-en-1-lavande-bio-250-ml\/","og_locale":"fr_FR","og_type":"article","og_title":"LANSINOH GEL LAVANT 2 EN 1 LAVANDE BIO 250 ML - Paracherkaoui.ma","og_description":"Le shampoing et gel lavant Lansinoh\u00ae est con\u00e7u pour laver d\u00e9licatement vos petits, tout en les apaisant gr\u00e2ce \u00e0 la","og_url":"https:\/\/paracherkaoui.ma\/index.php\/produit\/lansinoh-gel-lavant-2-en-1-lavande-bio-250-ml\/","og_site_name":"Paracherkaoui.ma","article_modified_time":"2025-12-12T18:13:16+00:00","og_image":[{"width":700,"height":700,"url":"https:\/\/paracherkaoui.ma\/wp-content\/uploads\/2025\/12\/lansinoh-gel-lavant-2-en-1-lavande-bio-250-ml.jpg","type":"image\/jpeg"}],"twitter_card":"summary_large_image","twitter_misc":{"Dur\u00e9e de lecture estim\u00e9e":"1 minute"},"schema":{"@context":"https:\/\/schema.org","@graph":[{"@type":"WebPage","@id":"https:\/\/paracherkaoui.ma\/index.php\/produit\/lansinoh-gel-lavant-2-en-1-lavande-bio-250-ml\/","url":"https:\/\/paracherkaoui.ma\/index.php\/produit\/lansinoh-gel-lavant-2-en-1-lavande-bio-250-ml\/","name":"LANSINOH GEL LAVANT 2 EN 1 LAVANDE BIO 250 ML - Paracherkaoui.ma","isPartOf":{"@id":"https:\/\/paracherkaoui.ma\/#website"},"primaryImageOfPage":{"@id":"https:\/\/paracherkaoui.ma\/index.php\/produit\/lansinoh-gel-lavant-2-en-1-lavande-bio-250-ml\/#primaryimage"},"image":{"@id":"https:\/\/paracherkaoui.ma\/index.php\/produit\/lansinoh-gel-lavant-2-en-1-lavande-bio-250-ml\/#primaryimage"},"thumbnailUrl":"https:\/\/paracherkaoui.ma\/wp-content\/uploads\/2025\/12\/lansinoh-gel-lavant-2-en-1-lavande-bio-250-ml.jpg","datePublished":"2025-12-12T18:13:12+00:00","dateModified":"2025-12-12T18:13:16+00:00","breadcrumb":{"@id":"https:\/\/paracherkaoui.ma\/index.php\/produit\/lansinoh-gel-lavant-2-en-1-lavande-bio-250-ml\/#breadcrumb"},"inLanguage":"fr-FR","potentialAction":[{"@type":"ReadAction","target":["https:\/\/paracherkaoui.ma\/index.php\/produit\/lansinoh-gel-lavant-2-en-1-lavande-bio-250-ml\/"]}]},{"@type":"ImageObject","inLanguage":"fr-FR","@id":"https:\/\/paracherkaoui.ma\/index.php\/produit\/lansinoh-gel-lavant-2-en-1-lavande-bio-250-ml\/#primaryimage","url":"https:\/\/paracherkaoui.ma\/wp-content\/uploads\/2025\/12\/lansinoh-gel-lavant-2-en-1-lavande-bio-250-ml.jpg","contentUrl":"https:\/\/paracherkaoui.ma\/wp-content\/uploads\/2025\/12\/lansinoh-gel-lavant-2-en-1-lavande-bio-250-ml.jpg","width":700,"height":700},{"@type":"BreadcrumbList","@id":"https:\/\/paracherkaoui.ma\/index.php\/produit\/lansinoh-gel-lavant-2-en-1-lavande-bio-250-ml\/#breadcrumb","itemListElement":[{"@type":"ListItem","position":1,"name":"Accueil","item":"https:\/\/paracherkaoui.ma\/"},{"@type":"ListItem","position":2,"name":"Boutique","item":"https:\/\/paracherkaoui.ma\/index.php\/boutique\/"},{"@type":"ListItem","position":3,"name":"LANSINOH GEL LAVANT 2 EN 1 LAVANDE BIO 250 ML"}]},{"@type":"WebSite","@id":"https:\/\/paracherkaoui.ma\/#website","url":"https:\/\/paracherkaoui.ma\/","name":"Paracherkaoui.ma","description":"Achetez en ligne sur Paracherkaoui.ma","potentialAction":[{"@type":"SearchAction","target":{"@type":"EntryPoint","urlTemplate":"https:\/\/paracherkaoui.ma\/?s={search_term_string}"},"query-input":{"@type":"PropertyValueSpecification","valueRequired":true,"valueName":"search_term_string"}}],"inLanguage":"fr-FR"}]}},"_links":{"self":[{"href":"https:\/\/paracherkaoui.ma\/index.php\/wp-json\/wp\/v2\/product\/44432","targetHints":{"allow":["GET"]}}],"collection":[{"href":"https:\/\/paracherkaoui.ma\/index.php\/wp-json\/wp\/v2\/product"}],"about":[{"href":"https:\/\/paracherkaoui.ma\/index.php\/wp-json\/wp\/v2\/types\/product"}],"replies":[{"embeddable":true,"href":"https:\/\/paracherkaoui.ma\/index.php\/wp-json\/wp\/v2\/comments?post=44432"}],"version-history":[{"count":1,"href":"https:\/\/paracherkaoui.ma\/index.php\/wp-json\/wp\/v2\/product\/44432\/revisions"}],"predecessor-version":[{"id":44467,"href":"https:\/\/paracherkaoui.ma\/index.php\/wp-json\/wp\/v2\/product\/44432\/revisions\/44467"}],"wp:featuredmedia":[{"embeddable":true,"href":"https:\/\/paracherkaoui.ma\/index.php\/wp-json\/wp\/v2\/media\/44466"}],"wp:attachment":[{"href":"https:\/\/paracherkaoui.ma\/index.php\/wp-json\/wp\/v2\/media?parent=44432"}],"wp:term":[{"taxonomy":"product_brand","embeddable":true,"href":"https:\/\/paracherkaoui.ma\/index.php\/wp-json\/wp\/v2\/product_brand?post=44432"},{"taxonomy":"product_cat","embeddable":true,"href":"https:\/\/paracherkaoui.ma\/index.php\/wp-json\/wp\/v2\/product_cat?post=44432"},{"taxonomy":"product_tag","embeddable":true,"href":"https:\/\/paracherkaoui.ma\/index.php\/wp-json\/wp\/v2\/product_tag?post=44432"}],"curies":[{"name":"wp","href":"https:\/\/api.w.org\/{rel}","templated":true}]}}