{"id":44370,"date":"2025-12-12T19:13:04","date_gmt":"2025-12-12T18:13:04","guid":{"rendered":"https:\/\/test.ecbeaute.com\/?post_type=product&#038;p=44370"},"modified":"2025-12-12T19:13:11","modified_gmt":"2025-12-12T18:13:11","slug":"bambo-nature-lingette-bebe-80","status":"publish","type":"product","link":"https:\/\/paracherkaoui.ma\/index.php\/produit\/bambo-nature-lingette-bebe-80\/","title":{"rendered":"BAMBO NATURE LINGETTE BEBE *80"},"content":{"rendered":"<p>Les lingettes humides Bambo Nature sont les alli\u00e9es incontournables de chaque parent soucieux de la peau d\u00e9licate de leur b\u00e9b\u00e9. Pratiques et polyvalentes, ces lingettes sont indispensables sur chaque table \u00e0 langer, dans chaque sac \u00e0 langer, sac \u00e0 main, lors de vos voyages en voiture, pique-niques, soir\u00e9es pyjama partout o\u00f9 vous et votre b\u00e9b\u00e9 allez. Leur utilisation est infinie et leur efficacit\u00e9 remarquable.<br \/>\nCon\u00e7ues \u00e0 partir de mat\u00e9riaux non tiss\u00e9s doux, les lingettes Bambo Nature nettoient et hydratent la peau de votre b\u00e9b\u00e9 en un seul geste. Leur formule douce et respectueuse de la peau est dermatologiquement test\u00e9e, garantissant une tol\u00e9rance optimale. Sans parfum ni colorant, elles minimisent les risques d&rsquo;irritation et conviennent m\u00eame aux peaux les plus sensibles.<br \/>\nCes lingettes sont \u00e9galement respectueuses de l&rsquo;environnement et de la sant\u00e9 de votre b\u00e9b\u00e9. Certifi\u00e9es Vegan, elles ne contiennent aucun ingr\u00e9dient d&rsquo;origine animale. Elles r\u00e9pondent aux normes rigoureuses du Nordic Swan Ecolabel et de l&rsquo;Asthma Allergy Nordic, garantissant une qualit\u00e9 et une s\u00e9curit\u00e9 maximales. Utiliser les lingettes Bambo Nature, c&rsquo;est faire le choix d&rsquo;un produit \u00e9thique et responsable, pour le bien-\u00eatre de votre b\u00e9b\u00e9 et de la plan\u00e8te.<br \/>\nLeur format pratique et leur emballage compact en font un indispensable pour les d\u00e9placements. Glissez-les dans votre sac \u00e0 langer, votre sac \u00e0 main ou votre bo\u00eete \u00e0 gants pour une solution de nettoyage rapide et efficace o\u00f9 que vous soyez. Que ce soit pour nettoyer les mains, le visage, ou les petites catastrophes du quotidien, les lingettes Bambo Nature sont l\u00e0 pour vous.<br \/>\nConseils d&rsquo;utilisation :<br \/>\nUtilisez les lingettes pour nettoyer d\u00e9licatement les mains, le visage et le corps de votre b\u00e9b\u00e9.<br \/>\nParfaites pour un nettoyage rapide et efficace lors des changements de couche, m\u00eame en d\u00e9placement.<br \/>\nRefermez bien le paquet apr\u00e8s chaque utilisation pour \u00e9viter que les lingettes ne se dess\u00e8chent.<\/p>\n","protected":false},"excerpt":{"rendered":"<p>Les lingettes humides Bambo Nature sont les alli\u00e9es incontournables de chaque parent soucieux de la peau d\u00e9licate de leur b\u00e9b\u00e9.<\/p>\n","protected":false},"featured_media":44426,"comment_status":"open","ping_status":"closed","template":"","meta":[],"product_brand":[775],"product_cat":[773],"product_tag":[],"class_list":{"0":"post-44370","1":"product","2":"type-product","3":"status-publish","4":"has-post-thumbnail","6":"product_brand-bambo-nature","7":"product_cat-changes-bebe","9":"first","10":"instock","11":"sale","12":"shipping-taxable","13":"purchasable","14":"product-type-simple"},"yoast_head":"<!-- This site is optimized with the Yoast SEO plugin v26.6 - https:\/\/yoast.com\/wordpress\/plugins\/seo\/ -->\r\n<title>BAMBO NATURE LINGETTE BEBE *80 - Paracherkaoui.ma<\/title>\r\n<meta name=\"robots\" content=\"index, follow, max-snippet:-1, max-image-preview:large, max-video-preview:-1\" \/>\r\n<link rel=\"canonical\" href=\"https:\/\/paracherkaoui.ma\/index.php\/produit\/bambo-nature-lingette-bebe-80\/\" \/>\r\n<meta property=\"og:locale\" content=\"fr_FR\" \/>\r\n<meta property=\"og:type\" content=\"article\" \/>\r\n<meta property=\"og:title\" content=\"BAMBO NATURE LINGETTE BEBE *80 - Paracherkaoui.ma\" \/>\r\n<meta property=\"og:description\" content=\"Les lingettes humides Bambo Nature sont les alli\u00e9es incontournables de chaque parent soucieux de la peau d\u00e9licate de leur b\u00e9b\u00e9.\" \/>\r\n<meta property=\"og:url\" content=\"https:\/\/paracherkaoui.ma\/index.php\/produit\/bambo-nature-lingette-bebe-80\/\" \/>\r\n<meta property=\"og:site_name\" content=\"Paracherkaoui.ma\" \/>\r\n<meta property=\"article:modified_time\" content=\"2025-12-12T18:13:11+00:00\" \/>\r\n<meta property=\"og:image\" content=\"https:\/\/paracherkaoui.ma\/wp-content\/uploads\/2025\/12\/bambo-nature-lingette-bebe-80.jpg\" \/>\r\n\t<meta property=\"og:image:width\" content=\"700\" \/>\r\n\t<meta property=\"og:image:height\" content=\"700\" \/>\r\n\t<meta property=\"og:image:type\" content=\"image\/jpeg\" \/>\r\n<meta name=\"twitter:card\" content=\"summary_large_image\" \/>\r\n<meta name=\"twitter:label1\" content=\"Dur\u00e9e de lecture estim\u00e9e\" \/>\n\t<meta name=\"twitter:data1\" content=\"2 minutes\" \/>\r\n<script type=\"application\/ld+json\" class=\"yoast-schema-graph\">{\"@context\":\"https:\/\/schema.org\",\"@graph\":[{\"@type\":\"WebPage\",\"@id\":\"https:\/\/paracherkaoui.ma\/index.php\/produit\/bambo-nature-lingette-bebe-80\/\",\"url\":\"https:\/\/paracherkaoui.ma\/index.php\/produit\/bambo-nature-lingette-bebe-80\/\",\"name\":\"BAMBO NATURE LINGETTE BEBE *80 - Paracherkaoui.ma\",\"isPartOf\":{\"@id\":\"https:\/\/paracherkaoui.ma\/#website\"},\"primaryImageOfPage\":{\"@id\":\"https:\/\/paracherkaoui.ma\/index.php\/produit\/bambo-nature-lingette-bebe-80\/#primaryimage\"},\"image\":{\"@id\":\"https:\/\/paracherkaoui.ma\/index.php\/produit\/bambo-nature-lingette-bebe-80\/#primaryimage\"},\"thumbnailUrl\":\"https:\/\/paracherkaoui.ma\/wp-content\/uploads\/2025\/12\/bambo-nature-lingette-bebe-80.jpg\",\"datePublished\":\"2025-12-12T18:13:04+00:00\",\"dateModified\":\"2025-12-12T18:13:11+00:00\",\"breadcrumb\":{\"@id\":\"https:\/\/paracherkaoui.ma\/index.php\/produit\/bambo-nature-lingette-bebe-80\/#breadcrumb\"},\"inLanguage\":\"fr-FR\",\"potentialAction\":[{\"@type\":\"ReadAction\",\"target\":[\"https:\/\/paracherkaoui.ma\/index.php\/produit\/bambo-nature-lingette-bebe-80\/\"]}]},{\"@type\":\"ImageObject\",\"inLanguage\":\"fr-FR\",\"@id\":\"https:\/\/paracherkaoui.ma\/index.php\/produit\/bambo-nature-lingette-bebe-80\/#primaryimage\",\"url\":\"https:\/\/paracherkaoui.ma\/wp-content\/uploads\/2025\/12\/bambo-nature-lingette-bebe-80.jpg\",\"contentUrl\":\"https:\/\/paracherkaoui.ma\/wp-content\/uploads\/2025\/12\/bambo-nature-lingette-bebe-80.jpg\",\"width\":700,\"height\":700},{\"@type\":\"BreadcrumbList\",\"@id\":\"https:\/\/paracherkaoui.ma\/index.php\/produit\/bambo-nature-lingette-bebe-80\/#breadcrumb\",\"itemListElement\":[{\"@type\":\"ListItem\",\"position\":1,\"name\":\"Accueil\",\"item\":\"https:\/\/paracherkaoui.ma\/\"},{\"@type\":\"ListItem\",\"position\":2,\"name\":\"Boutique\",\"item\":\"https:\/\/paracherkaoui.ma\/index.php\/boutique\/\"},{\"@type\":\"ListItem\",\"position\":3,\"name\":\"BAMBO NATURE LINGETTE BEBE *80\"}]},{\"@type\":\"WebSite\",\"@id\":\"https:\/\/paracherkaoui.ma\/#website\",\"url\":\"https:\/\/paracherkaoui.ma\/\",\"name\":\"Paracherkaoui.ma\",\"description\":\"Achetez en ligne sur Paracherkaoui.ma\",\"potentialAction\":[{\"@type\":\"SearchAction\",\"target\":{\"@type\":\"EntryPoint\",\"urlTemplate\":\"https:\/\/paracherkaoui.ma\/?s={search_term_string}\"},\"query-input\":{\"@type\":\"PropertyValueSpecification\",\"valueRequired\":true,\"valueName\":\"search_term_string\"}}],\"inLanguage\":\"fr-FR\"}]}<\/script>\r\n<!-- \/ Yoast SEO plugin. -->","yoast_head_json":{"title":"BAMBO NATURE LINGETTE BEBE *80 - Paracherkaoui.ma","robots":{"index":"index","follow":"follow","max-snippet":"max-snippet:-1","max-image-preview":"max-image-preview:large","max-video-preview":"max-video-preview:-1"},"canonical":"https:\/\/paracherkaoui.ma\/index.php\/produit\/bambo-nature-lingette-bebe-80\/","og_locale":"fr_FR","og_type":"article","og_title":"BAMBO NATURE LINGETTE BEBE *80 - Paracherkaoui.ma","og_description":"Les lingettes humides Bambo Nature sont les alli\u00e9es incontournables de chaque parent soucieux de la peau d\u00e9licate de leur b\u00e9b\u00e9.","og_url":"https:\/\/paracherkaoui.ma\/index.php\/produit\/bambo-nature-lingette-bebe-80\/","og_site_name":"Paracherkaoui.ma","article_modified_time":"2025-12-12T18:13:11+00:00","og_image":[{"width":700,"height":700,"url":"https:\/\/paracherkaoui.ma\/wp-content\/uploads\/2025\/12\/bambo-nature-lingette-bebe-80.jpg","type":"image\/jpeg"}],"twitter_card":"summary_large_image","twitter_misc":{"Dur\u00e9e de lecture estim\u00e9e":"2 minutes"},"schema":{"@context":"https:\/\/schema.org","@graph":[{"@type":"WebPage","@id":"https:\/\/paracherkaoui.ma\/index.php\/produit\/bambo-nature-lingette-bebe-80\/","url":"https:\/\/paracherkaoui.ma\/index.php\/produit\/bambo-nature-lingette-bebe-80\/","name":"BAMBO NATURE LINGETTE BEBE *80 - Paracherkaoui.ma","isPartOf":{"@id":"https:\/\/paracherkaoui.ma\/#website"},"primaryImageOfPage":{"@id":"https:\/\/paracherkaoui.ma\/index.php\/produit\/bambo-nature-lingette-bebe-80\/#primaryimage"},"image":{"@id":"https:\/\/paracherkaoui.ma\/index.php\/produit\/bambo-nature-lingette-bebe-80\/#primaryimage"},"thumbnailUrl":"https:\/\/paracherkaoui.ma\/wp-content\/uploads\/2025\/12\/bambo-nature-lingette-bebe-80.jpg","datePublished":"2025-12-12T18:13:04+00:00","dateModified":"2025-12-12T18:13:11+00:00","breadcrumb":{"@id":"https:\/\/paracherkaoui.ma\/index.php\/produit\/bambo-nature-lingette-bebe-80\/#breadcrumb"},"inLanguage":"fr-FR","potentialAction":[{"@type":"ReadAction","target":["https:\/\/paracherkaoui.ma\/index.php\/produit\/bambo-nature-lingette-bebe-80\/"]}]},{"@type":"ImageObject","inLanguage":"fr-FR","@id":"https:\/\/paracherkaoui.ma\/index.php\/produit\/bambo-nature-lingette-bebe-80\/#primaryimage","url":"https:\/\/paracherkaoui.ma\/wp-content\/uploads\/2025\/12\/bambo-nature-lingette-bebe-80.jpg","contentUrl":"https:\/\/paracherkaoui.ma\/wp-content\/uploads\/2025\/12\/bambo-nature-lingette-bebe-80.jpg","width":700,"height":700},{"@type":"BreadcrumbList","@id":"https:\/\/paracherkaoui.ma\/index.php\/produit\/bambo-nature-lingette-bebe-80\/#breadcrumb","itemListElement":[{"@type":"ListItem","position":1,"name":"Accueil","item":"https:\/\/paracherkaoui.ma\/"},{"@type":"ListItem","position":2,"name":"Boutique","item":"https:\/\/paracherkaoui.ma\/index.php\/boutique\/"},{"@type":"ListItem","position":3,"name":"BAMBO NATURE LINGETTE BEBE *80"}]},{"@type":"WebSite","@id":"https:\/\/paracherkaoui.ma\/#website","url":"https:\/\/paracherkaoui.ma\/","name":"Paracherkaoui.ma","description":"Achetez en ligne sur Paracherkaoui.ma","potentialAction":[{"@type":"SearchAction","target":{"@type":"EntryPoint","urlTemplate":"https:\/\/paracherkaoui.ma\/?s={search_term_string}"},"query-input":{"@type":"PropertyValueSpecification","valueRequired":true,"valueName":"search_term_string"}}],"inLanguage":"fr-FR"}]}},"_links":{"self":[{"href":"https:\/\/paracherkaoui.ma\/index.php\/wp-json\/wp\/v2\/product\/44370","targetHints":{"allow":["GET"]}}],"collection":[{"href":"https:\/\/paracherkaoui.ma\/index.php\/wp-json\/wp\/v2\/product"}],"about":[{"href":"https:\/\/paracherkaoui.ma\/index.php\/wp-json\/wp\/v2\/types\/product"}],"replies":[{"embeddable":true,"href":"https:\/\/paracherkaoui.ma\/index.php\/wp-json\/wp\/v2\/comments?post=44370"}],"version-history":[{"count":1,"href":"https:\/\/paracherkaoui.ma\/index.php\/wp-json\/wp\/v2\/product\/44370\/revisions"}],"predecessor-version":[{"id":44427,"href":"https:\/\/paracherkaoui.ma\/index.php\/wp-json\/wp\/v2\/product\/44370\/revisions\/44427"}],"wp:featuredmedia":[{"embeddable":true,"href":"https:\/\/paracherkaoui.ma\/index.php\/wp-json\/wp\/v2\/media\/44426"}],"wp:attachment":[{"href":"https:\/\/paracherkaoui.ma\/index.php\/wp-json\/wp\/v2\/media?parent=44370"}],"wp:term":[{"taxonomy":"product_brand","embeddable":true,"href":"https:\/\/paracherkaoui.ma\/index.php\/wp-json\/wp\/v2\/product_brand?post=44370"},{"taxonomy":"product_cat","embeddable":true,"href":"https:\/\/paracherkaoui.ma\/index.php\/wp-json\/wp\/v2\/product_cat?post=44370"},{"taxonomy":"product_tag","embeddable":true,"href":"https:\/\/paracherkaoui.ma\/index.php\/wp-json\/wp\/v2\/product_tag?post=44370"}],"curies":[{"name":"wp","href":"https:\/\/api.w.org\/{rel}","templated":true}]}}