{"id":44369,"date":"2025-12-12T19:13:04","date_gmt":"2025-12-12T18:13:04","guid":{"rendered":"https:\/\/test.ecbeaute.com\/?post_type=product&#038;p=44369"},"modified":"2025-12-12T19:13:11","modified_gmt":"2025-12-12T18:13:11","slug":"bambo-dreamy-reves-de-nuit-girls-8-15-ans-large","status":"publish","type":"product","link":"https:\/\/paracherkaoui.ma\/index.php\/produit\/bambo-dreamy-reves-de-nuit-girls-8-15-ans-large\/","title":{"rendered":"BAMBO DREAMY REVES DE NUIT GIRLS 8-15 ANS LARGE"},"content":{"rendered":"<p>Bambo Dreamy est un nouveau pantalon de nuit \u00e9cologique pour les enfants qui luttent contre l&rsquo;\u00e9nur\u00e9sie nocturne. Les pantalons de nuit sont con\u00e7us pour offrir un ajustement, une s\u00e9curit\u00e9 et un confort excellents pour garder les enfants et les lits au sec toute la nuit. Venez dans un design nordique, et ressemblez presque \u00e0 de vrais sous-v\u00eatements avec des motifs et des couleurs subtils pour les rendre aussi discrets que possible. Parfait \u00e0 la maison ou lors de soir\u00e9es pyjama. Avec Bambo Dreamy Night Pants, l&rsquo;\u00e9nur\u00e9sie nocturne ne s&rsquo;opposera pas \u00e0 une nuit de sommeil insouciante et confortable.<br \/>\nLe Dreamy Night Pants est test\u00e9 dermatologiquement et certifi\u00e9 selon l&rsquo;\u00e9colabel Nordic Swan, Asthma Allergy Nordic et le FSC\u2122 (Forest Stewardship Council). Les pantalons de nuit sont exempts de parfum et de parab\u00e8nes pour minimiser les risques d&rsquo;allergie et d&rsquo;\u00e9ryth\u00e8me fessier.<\/p>\n","protected":false},"excerpt":{"rendered":"<p>Bambo Dreamy est un nouveau pantalon de nuit \u00e9cologique pour les enfants qui luttent contre l&rsquo;\u00e9nur\u00e9sie nocturne. Les pantalons de<\/p>\n","protected":false},"featured_media":44424,"comment_status":"open","ping_status":"closed","template":"","meta":[],"product_brand":[775],"product_cat":[773],"product_tag":[],"class_list":{"0":"post-44369","1":"product","2":"type-product","3":"status-publish","4":"has-post-thumbnail","6":"product_brand-bambo-nature","7":"product_cat-changes-bebe","9":"first","10":"instock","11":"sale","12":"shipping-taxable","13":"purchasable","14":"product-type-simple"},"yoast_head":"<!-- This site is optimized with the Yoast SEO plugin v26.6 - https:\/\/yoast.com\/wordpress\/plugins\/seo\/ -->\r\n<title>BAMBO DREAMY REVES DE NUIT GIRLS 8-15 ANS LARGE - Paracherkaoui.ma<\/title>\r\n<meta name=\"robots\" content=\"index, follow, max-snippet:-1, max-image-preview:large, max-video-preview:-1\" \/>\r\n<link rel=\"canonical\" href=\"https:\/\/paracherkaoui.ma\/index.php\/produit\/bambo-dreamy-reves-de-nuit-girls-8-15-ans-large\/\" \/>\r\n<meta property=\"og:locale\" content=\"fr_FR\" \/>\r\n<meta property=\"og:type\" content=\"article\" \/>\r\n<meta property=\"og:title\" content=\"BAMBO DREAMY REVES DE NUIT GIRLS 8-15 ANS LARGE - Paracherkaoui.ma\" \/>\r\n<meta property=\"og:description\" content=\"Bambo Dreamy est un nouveau pantalon de nuit \u00e9cologique pour les enfants qui luttent contre l&rsquo;\u00e9nur\u00e9sie nocturne. Les pantalons de\" \/>\r\n<meta property=\"og:url\" content=\"https:\/\/paracherkaoui.ma\/index.php\/produit\/bambo-dreamy-reves-de-nuit-girls-8-15-ans-large\/\" \/>\r\n<meta property=\"og:site_name\" content=\"Paracherkaoui.ma\" \/>\r\n<meta property=\"article:modified_time\" content=\"2025-12-12T18:13:11+00:00\" \/>\r\n<meta property=\"og:image\" content=\"https:\/\/paracherkaoui.ma\/wp-content\/uploads\/2025\/12\/bambo-nature-bambo-dreamy-reves-de-nuit-girls-8-15-ans-large-couches.jpg\" \/>\r\n\t<meta property=\"og:image:width\" content=\"700\" \/>\r\n\t<meta property=\"og:image:height\" content=\"700\" \/>\r\n\t<meta property=\"og:image:type\" content=\"image\/jpeg\" \/>\r\n<meta name=\"twitter:card\" content=\"summary_large_image\" \/>\r\n<meta name=\"twitter:label1\" content=\"Dur\u00e9e de lecture estim\u00e9e\" \/>\n\t<meta name=\"twitter:data1\" content=\"1 minute\" \/>\r\n<script type=\"application\/ld+json\" class=\"yoast-schema-graph\">{\"@context\":\"https:\/\/schema.org\",\"@graph\":[{\"@type\":\"WebPage\",\"@id\":\"https:\/\/paracherkaoui.ma\/index.php\/produit\/bambo-dreamy-reves-de-nuit-girls-8-15-ans-large\/\",\"url\":\"https:\/\/paracherkaoui.ma\/index.php\/produit\/bambo-dreamy-reves-de-nuit-girls-8-15-ans-large\/\",\"name\":\"BAMBO DREAMY REVES DE NUIT GIRLS 8-15 ANS LARGE - Paracherkaoui.ma\",\"isPartOf\":{\"@id\":\"https:\/\/paracherkaoui.ma\/#website\"},\"primaryImageOfPage\":{\"@id\":\"https:\/\/paracherkaoui.ma\/index.php\/produit\/bambo-dreamy-reves-de-nuit-girls-8-15-ans-large\/#primaryimage\"},\"image\":{\"@id\":\"https:\/\/paracherkaoui.ma\/index.php\/produit\/bambo-dreamy-reves-de-nuit-girls-8-15-ans-large\/#primaryimage\"},\"thumbnailUrl\":\"https:\/\/paracherkaoui.ma\/wp-content\/uploads\/2025\/12\/bambo-nature-bambo-dreamy-reves-de-nuit-girls-8-15-ans-large-couches.jpg\",\"datePublished\":\"2025-12-12T18:13:04+00:00\",\"dateModified\":\"2025-12-12T18:13:11+00:00\",\"breadcrumb\":{\"@id\":\"https:\/\/paracherkaoui.ma\/index.php\/produit\/bambo-dreamy-reves-de-nuit-girls-8-15-ans-large\/#breadcrumb\"},\"inLanguage\":\"fr-FR\",\"potentialAction\":[{\"@type\":\"ReadAction\",\"target\":[\"https:\/\/paracherkaoui.ma\/index.php\/produit\/bambo-dreamy-reves-de-nuit-girls-8-15-ans-large\/\"]}]},{\"@type\":\"ImageObject\",\"inLanguage\":\"fr-FR\",\"@id\":\"https:\/\/paracherkaoui.ma\/index.php\/produit\/bambo-dreamy-reves-de-nuit-girls-8-15-ans-large\/#primaryimage\",\"url\":\"https:\/\/paracherkaoui.ma\/wp-content\/uploads\/2025\/12\/bambo-nature-bambo-dreamy-reves-de-nuit-girls-8-15-ans-large-couches.jpg\",\"contentUrl\":\"https:\/\/paracherkaoui.ma\/wp-content\/uploads\/2025\/12\/bambo-nature-bambo-dreamy-reves-de-nuit-girls-8-15-ans-large-couches.jpg\",\"width\":700,\"height\":700},{\"@type\":\"BreadcrumbList\",\"@id\":\"https:\/\/paracherkaoui.ma\/index.php\/produit\/bambo-dreamy-reves-de-nuit-girls-8-15-ans-large\/#breadcrumb\",\"itemListElement\":[{\"@type\":\"ListItem\",\"position\":1,\"name\":\"Accueil\",\"item\":\"https:\/\/paracherkaoui.ma\/\"},{\"@type\":\"ListItem\",\"position\":2,\"name\":\"Boutique\",\"item\":\"https:\/\/paracherkaoui.ma\/index.php\/boutique\/\"},{\"@type\":\"ListItem\",\"position\":3,\"name\":\"BAMBO DREAMY REVES DE NUIT GIRLS 8-15 ANS LARGE\"}]},{\"@type\":\"WebSite\",\"@id\":\"https:\/\/paracherkaoui.ma\/#website\",\"url\":\"https:\/\/paracherkaoui.ma\/\",\"name\":\"Paracherkaoui.ma\",\"description\":\"Achetez en ligne sur Paracherkaoui.ma\",\"potentialAction\":[{\"@type\":\"SearchAction\",\"target\":{\"@type\":\"EntryPoint\",\"urlTemplate\":\"https:\/\/paracherkaoui.ma\/?s={search_term_string}\"},\"query-input\":{\"@type\":\"PropertyValueSpecification\",\"valueRequired\":true,\"valueName\":\"search_term_string\"}}],\"inLanguage\":\"fr-FR\"}]}<\/script>\r\n<!-- \/ Yoast SEO plugin. -->","yoast_head_json":{"title":"BAMBO DREAMY REVES DE NUIT GIRLS 8-15 ANS LARGE - Paracherkaoui.ma","robots":{"index":"index","follow":"follow","max-snippet":"max-snippet:-1","max-image-preview":"max-image-preview:large","max-video-preview":"max-video-preview:-1"},"canonical":"https:\/\/paracherkaoui.ma\/index.php\/produit\/bambo-dreamy-reves-de-nuit-girls-8-15-ans-large\/","og_locale":"fr_FR","og_type":"article","og_title":"BAMBO DREAMY REVES DE NUIT GIRLS 8-15 ANS LARGE - Paracherkaoui.ma","og_description":"Bambo Dreamy est un nouveau pantalon de nuit \u00e9cologique pour les enfants qui luttent contre l&rsquo;\u00e9nur\u00e9sie nocturne. Les pantalons de","og_url":"https:\/\/paracherkaoui.ma\/index.php\/produit\/bambo-dreamy-reves-de-nuit-girls-8-15-ans-large\/","og_site_name":"Paracherkaoui.ma","article_modified_time":"2025-12-12T18:13:11+00:00","og_image":[{"width":700,"height":700,"url":"https:\/\/paracherkaoui.ma\/wp-content\/uploads\/2025\/12\/bambo-nature-bambo-dreamy-reves-de-nuit-girls-8-15-ans-large-couches.jpg","type":"image\/jpeg"}],"twitter_card":"summary_large_image","twitter_misc":{"Dur\u00e9e de lecture estim\u00e9e":"1 minute"},"schema":{"@context":"https:\/\/schema.org","@graph":[{"@type":"WebPage","@id":"https:\/\/paracherkaoui.ma\/index.php\/produit\/bambo-dreamy-reves-de-nuit-girls-8-15-ans-large\/","url":"https:\/\/paracherkaoui.ma\/index.php\/produit\/bambo-dreamy-reves-de-nuit-girls-8-15-ans-large\/","name":"BAMBO DREAMY REVES DE NUIT GIRLS 8-15 ANS LARGE - Paracherkaoui.ma","isPartOf":{"@id":"https:\/\/paracherkaoui.ma\/#website"},"primaryImageOfPage":{"@id":"https:\/\/paracherkaoui.ma\/index.php\/produit\/bambo-dreamy-reves-de-nuit-girls-8-15-ans-large\/#primaryimage"},"image":{"@id":"https:\/\/paracherkaoui.ma\/index.php\/produit\/bambo-dreamy-reves-de-nuit-girls-8-15-ans-large\/#primaryimage"},"thumbnailUrl":"https:\/\/paracherkaoui.ma\/wp-content\/uploads\/2025\/12\/bambo-nature-bambo-dreamy-reves-de-nuit-girls-8-15-ans-large-couches.jpg","datePublished":"2025-12-12T18:13:04+00:00","dateModified":"2025-12-12T18:13:11+00:00","breadcrumb":{"@id":"https:\/\/paracherkaoui.ma\/index.php\/produit\/bambo-dreamy-reves-de-nuit-girls-8-15-ans-large\/#breadcrumb"},"inLanguage":"fr-FR","potentialAction":[{"@type":"ReadAction","target":["https:\/\/paracherkaoui.ma\/index.php\/produit\/bambo-dreamy-reves-de-nuit-girls-8-15-ans-large\/"]}]},{"@type":"ImageObject","inLanguage":"fr-FR","@id":"https:\/\/paracherkaoui.ma\/index.php\/produit\/bambo-dreamy-reves-de-nuit-girls-8-15-ans-large\/#primaryimage","url":"https:\/\/paracherkaoui.ma\/wp-content\/uploads\/2025\/12\/bambo-nature-bambo-dreamy-reves-de-nuit-girls-8-15-ans-large-couches.jpg","contentUrl":"https:\/\/paracherkaoui.ma\/wp-content\/uploads\/2025\/12\/bambo-nature-bambo-dreamy-reves-de-nuit-girls-8-15-ans-large-couches.jpg","width":700,"height":700},{"@type":"BreadcrumbList","@id":"https:\/\/paracherkaoui.ma\/index.php\/produit\/bambo-dreamy-reves-de-nuit-girls-8-15-ans-large\/#breadcrumb","itemListElement":[{"@type":"ListItem","position":1,"name":"Accueil","item":"https:\/\/paracherkaoui.ma\/"},{"@type":"ListItem","position":2,"name":"Boutique","item":"https:\/\/paracherkaoui.ma\/index.php\/boutique\/"},{"@type":"ListItem","position":3,"name":"BAMBO DREAMY REVES DE NUIT GIRLS 8-15 ANS LARGE"}]},{"@type":"WebSite","@id":"https:\/\/paracherkaoui.ma\/#website","url":"https:\/\/paracherkaoui.ma\/","name":"Paracherkaoui.ma","description":"Achetez en ligne sur Paracherkaoui.ma","potentialAction":[{"@type":"SearchAction","target":{"@type":"EntryPoint","urlTemplate":"https:\/\/paracherkaoui.ma\/?s={search_term_string}"},"query-input":{"@type":"PropertyValueSpecification","valueRequired":true,"valueName":"search_term_string"}}],"inLanguage":"fr-FR"}]}},"_links":{"self":[{"href":"https:\/\/paracherkaoui.ma\/index.php\/wp-json\/wp\/v2\/product\/44369","targetHints":{"allow":["GET"]}}],"collection":[{"href":"https:\/\/paracherkaoui.ma\/index.php\/wp-json\/wp\/v2\/product"}],"about":[{"href":"https:\/\/paracherkaoui.ma\/index.php\/wp-json\/wp\/v2\/types\/product"}],"replies":[{"embeddable":true,"href":"https:\/\/paracherkaoui.ma\/index.php\/wp-json\/wp\/v2\/comments?post=44369"}],"version-history":[{"count":1,"href":"https:\/\/paracherkaoui.ma\/index.php\/wp-json\/wp\/v2\/product\/44369\/revisions"}],"predecessor-version":[{"id":44425,"href":"https:\/\/paracherkaoui.ma\/index.php\/wp-json\/wp\/v2\/product\/44369\/revisions\/44425"}],"wp:featuredmedia":[{"embeddable":true,"href":"https:\/\/paracherkaoui.ma\/index.php\/wp-json\/wp\/v2\/media\/44424"}],"wp:attachment":[{"href":"https:\/\/paracherkaoui.ma\/index.php\/wp-json\/wp\/v2\/media?parent=44369"}],"wp:term":[{"taxonomy":"product_brand","embeddable":true,"href":"https:\/\/paracherkaoui.ma\/index.php\/wp-json\/wp\/v2\/product_brand?post=44369"},{"taxonomy":"product_cat","embeddable":true,"href":"https:\/\/paracherkaoui.ma\/index.php\/wp-json\/wp\/v2\/product_cat?post=44369"},{"taxonomy":"product_tag","embeddable":true,"href":"https:\/\/paracherkaoui.ma\/index.php\/wp-json\/wp\/v2\/product_tag?post=44369"}],"curies":[{"name":"wp","href":"https:\/\/api.w.org\/{rel}","templated":true}]}}