{"id":44359,"date":"2025-12-12T19:13:04","date_gmt":"2025-12-12T18:13:04","guid":{"rendered":"https:\/\/test.ecbeaute.com\/?post_type=product&#038;p=44359"},"modified":"2025-12-12T19:13:09","modified_gmt":"2025-12-12T18:13:09","slug":"bambo-nature-culotte-dapprentissage-taille-5-xl-11-17-kg-pack-de-38","status":"publish","type":"product","link":"https:\/\/paracherkaoui.ma\/index.php\/produit\/bambo-nature-culotte-dapprentissage-taille-5-xl-11-17-kg-pack-de-38\/","title":{"rendered":"BAMBO NATURE CULOTTE D&rsquo;APPRENTISSAGE TAILLE 5 XL 11-17 KG PACK DE 38"},"content":{"rendered":"<p>Description:<br \/>\nCulottes anatomiques adapt\u00e9es \u00e0 la morphologie de chaque enfant et \u00e0 ses mouvements : r\u00e9duit le risque de fuites Canaux absorbants pour drainer les liquides rapidement et \u00e0 distance de la peau de b\u00e9b\u00e9 : risque d\u2019\u00e9ryth\u00e8me fessier minimis\u00e9. C\u00f4t\u00e9s souples et faciles \u00e0 enlever et \u00e0 remettre, sans bruit, comme un sous v\u00eatement. C\u0153ur absorbant se g\u00e9lifie au contact de l\u2019humidit\u00e9 et neutralise l\u2019ammoniaque des selles : effet antiodeurs. Languette autocollante \u00e0 l\u2019arri\u00e8re pour maintenir la couche ferm\u00e9e apr\u00e8s son utilisation Indicateur d\u2019humidit\u00e9 indique quand votre b\u00e9b\u00e9 doit \u00eatre chang\u00e9 (du jaune au bleu en pr\u00e9sence d\u2019urine).<\/p>\n","protected":false},"excerpt":{"rendered":"<p>Description: Culottes anatomiques adapt\u00e9es \u00e0 la morphologie de chaque enfant et \u00e0 ses mouvements : r\u00e9duit le risque de fuites<\/p>\n","protected":false},"featured_media":44406,"comment_status":"open","ping_status":"closed","template":"","meta":[],"product_brand":[775],"product_cat":[773],"product_tag":[],"class_list":{"0":"post-44359","1":"product","2":"type-product","3":"status-publish","4":"has-post-thumbnail","6":"product_brand-bambo-nature","7":"product_cat-changes-bebe","9":"first","10":"instock","11":"sale","12":"shipping-taxable","13":"purchasable","14":"product-type-simple"},"yoast_head":"<!-- This site is optimized with the Yoast SEO plugin v26.6 - https:\/\/yoast.com\/wordpress\/plugins\/seo\/ -->\r\n<title>BAMBO NATURE CULOTTE D&#039;APPRENTISSAGE TAILLE 5 XL 11-17 KG PACK DE 38 - Paracherkaoui.ma<\/title>\r\n<meta name=\"robots\" content=\"index, follow, max-snippet:-1, max-image-preview:large, max-video-preview:-1\" \/>\r\n<link rel=\"canonical\" href=\"https:\/\/paracherkaoui.ma\/index.php\/produit\/bambo-nature-culotte-dapprentissage-taille-5-xl-11-17-kg-pack-de-38\/\" \/>\r\n<meta property=\"og:locale\" content=\"fr_FR\" \/>\r\n<meta property=\"og:type\" content=\"article\" \/>\r\n<meta property=\"og:title\" content=\"BAMBO NATURE CULOTTE D&#039;APPRENTISSAGE TAILLE 5 XL 11-17 KG PACK DE 38 - Paracherkaoui.ma\" \/>\r\n<meta property=\"og:description\" content=\"Description: Culottes anatomiques adapt\u00e9es \u00e0 la morphologie de chaque enfant et \u00e0 ses mouvements : r\u00e9duit le risque de fuites\" \/>\r\n<meta property=\"og:url\" content=\"https:\/\/paracherkaoui.ma\/index.php\/produit\/bambo-nature-culotte-dapprentissage-taille-5-xl-11-17-kg-pack-de-38\/\" \/>\r\n<meta property=\"og:site_name\" content=\"Paracherkaoui.ma\" \/>\r\n<meta property=\"article:modified_time\" content=\"2025-12-12T18:13:09+00:00\" \/>\r\n<meta property=\"og:image\" content=\"https:\/\/paracherkaoui.ma\/wp-content\/uploads\/2025\/12\/bambo-nature-culotte-d-apprentissage-taille-5-xl-11-17-kg-pack-de-38.jpg\" \/>\r\n\t<meta property=\"og:image:width\" content=\"700\" \/>\r\n\t<meta property=\"og:image:height\" content=\"700\" \/>\r\n\t<meta property=\"og:image:type\" content=\"image\/jpeg\" \/>\r\n<meta name=\"twitter:card\" content=\"summary_large_image\" \/>\r\n<meta name=\"twitter:label1\" content=\"Dur\u00e9e de lecture estim\u00e9e\" \/>\n\t<meta name=\"twitter:data1\" content=\"1 minute\" \/>\r\n<script type=\"application\/ld+json\" class=\"yoast-schema-graph\">{\"@context\":\"https:\/\/schema.org\",\"@graph\":[{\"@type\":\"WebPage\",\"@id\":\"https:\/\/paracherkaoui.ma\/index.php\/produit\/bambo-nature-culotte-dapprentissage-taille-5-xl-11-17-kg-pack-de-38\/\",\"url\":\"https:\/\/paracherkaoui.ma\/index.php\/produit\/bambo-nature-culotte-dapprentissage-taille-5-xl-11-17-kg-pack-de-38\/\",\"name\":\"BAMBO NATURE CULOTTE D'APPRENTISSAGE TAILLE 5 XL 11-17 KG PACK DE 38 - Paracherkaoui.ma\",\"isPartOf\":{\"@id\":\"https:\/\/paracherkaoui.ma\/#website\"},\"primaryImageOfPage\":{\"@id\":\"https:\/\/paracherkaoui.ma\/index.php\/produit\/bambo-nature-culotte-dapprentissage-taille-5-xl-11-17-kg-pack-de-38\/#primaryimage\"},\"image\":{\"@id\":\"https:\/\/paracherkaoui.ma\/index.php\/produit\/bambo-nature-culotte-dapprentissage-taille-5-xl-11-17-kg-pack-de-38\/#primaryimage\"},\"thumbnailUrl\":\"https:\/\/paracherkaoui.ma\/wp-content\/uploads\/2025\/12\/bambo-nature-culotte-d-apprentissage-taille-5-xl-11-17-kg-pack-de-38.jpg\",\"datePublished\":\"2025-12-12T18:13:04+00:00\",\"dateModified\":\"2025-12-12T18:13:09+00:00\",\"breadcrumb\":{\"@id\":\"https:\/\/paracherkaoui.ma\/index.php\/produit\/bambo-nature-culotte-dapprentissage-taille-5-xl-11-17-kg-pack-de-38\/#breadcrumb\"},\"inLanguage\":\"fr-FR\",\"potentialAction\":[{\"@type\":\"ReadAction\",\"target\":[\"https:\/\/paracherkaoui.ma\/index.php\/produit\/bambo-nature-culotte-dapprentissage-taille-5-xl-11-17-kg-pack-de-38\/\"]}]},{\"@type\":\"ImageObject\",\"inLanguage\":\"fr-FR\",\"@id\":\"https:\/\/paracherkaoui.ma\/index.php\/produit\/bambo-nature-culotte-dapprentissage-taille-5-xl-11-17-kg-pack-de-38\/#primaryimage\",\"url\":\"https:\/\/paracherkaoui.ma\/wp-content\/uploads\/2025\/12\/bambo-nature-culotte-d-apprentissage-taille-5-xl-11-17-kg-pack-de-38.jpg\",\"contentUrl\":\"https:\/\/paracherkaoui.ma\/wp-content\/uploads\/2025\/12\/bambo-nature-culotte-d-apprentissage-taille-5-xl-11-17-kg-pack-de-38.jpg\",\"width\":700,\"height\":700},{\"@type\":\"BreadcrumbList\",\"@id\":\"https:\/\/paracherkaoui.ma\/index.php\/produit\/bambo-nature-culotte-dapprentissage-taille-5-xl-11-17-kg-pack-de-38\/#breadcrumb\",\"itemListElement\":[{\"@type\":\"ListItem\",\"position\":1,\"name\":\"Accueil\",\"item\":\"https:\/\/paracherkaoui.ma\/\"},{\"@type\":\"ListItem\",\"position\":2,\"name\":\"Boutique\",\"item\":\"https:\/\/paracherkaoui.ma\/index.php\/boutique\/\"},{\"@type\":\"ListItem\",\"position\":3,\"name\":\"BAMBO NATURE CULOTTE D&rsquo;APPRENTISSAGE TAILLE 5 XL 11-17 KG PACK DE 38\"}]},{\"@type\":\"WebSite\",\"@id\":\"https:\/\/paracherkaoui.ma\/#website\",\"url\":\"https:\/\/paracherkaoui.ma\/\",\"name\":\"Paracherkaoui.ma\",\"description\":\"Achetez en ligne sur Paracherkaoui.ma\",\"potentialAction\":[{\"@type\":\"SearchAction\",\"target\":{\"@type\":\"EntryPoint\",\"urlTemplate\":\"https:\/\/paracherkaoui.ma\/?s={search_term_string}\"},\"query-input\":{\"@type\":\"PropertyValueSpecification\",\"valueRequired\":true,\"valueName\":\"search_term_string\"}}],\"inLanguage\":\"fr-FR\"}]}<\/script>\r\n<!-- \/ Yoast SEO plugin. -->","yoast_head_json":{"title":"BAMBO NATURE CULOTTE D'APPRENTISSAGE TAILLE 5 XL 11-17 KG PACK DE 38 - Paracherkaoui.ma","robots":{"index":"index","follow":"follow","max-snippet":"max-snippet:-1","max-image-preview":"max-image-preview:large","max-video-preview":"max-video-preview:-1"},"canonical":"https:\/\/paracherkaoui.ma\/index.php\/produit\/bambo-nature-culotte-dapprentissage-taille-5-xl-11-17-kg-pack-de-38\/","og_locale":"fr_FR","og_type":"article","og_title":"BAMBO NATURE CULOTTE D'APPRENTISSAGE TAILLE 5 XL 11-17 KG PACK DE 38 - Paracherkaoui.ma","og_description":"Description: Culottes anatomiques adapt\u00e9es \u00e0 la morphologie de chaque enfant et \u00e0 ses mouvements : r\u00e9duit le risque de fuites","og_url":"https:\/\/paracherkaoui.ma\/index.php\/produit\/bambo-nature-culotte-dapprentissage-taille-5-xl-11-17-kg-pack-de-38\/","og_site_name":"Paracherkaoui.ma","article_modified_time":"2025-12-12T18:13:09+00:00","og_image":[{"width":700,"height":700,"url":"https:\/\/paracherkaoui.ma\/wp-content\/uploads\/2025\/12\/bambo-nature-culotte-d-apprentissage-taille-5-xl-11-17-kg-pack-de-38.jpg","type":"image\/jpeg"}],"twitter_card":"summary_large_image","twitter_misc":{"Dur\u00e9e de lecture estim\u00e9e":"1 minute"},"schema":{"@context":"https:\/\/schema.org","@graph":[{"@type":"WebPage","@id":"https:\/\/paracherkaoui.ma\/index.php\/produit\/bambo-nature-culotte-dapprentissage-taille-5-xl-11-17-kg-pack-de-38\/","url":"https:\/\/paracherkaoui.ma\/index.php\/produit\/bambo-nature-culotte-dapprentissage-taille-5-xl-11-17-kg-pack-de-38\/","name":"BAMBO NATURE CULOTTE D'APPRENTISSAGE TAILLE 5 XL 11-17 KG PACK DE 38 - Paracherkaoui.ma","isPartOf":{"@id":"https:\/\/paracherkaoui.ma\/#website"},"primaryImageOfPage":{"@id":"https:\/\/paracherkaoui.ma\/index.php\/produit\/bambo-nature-culotte-dapprentissage-taille-5-xl-11-17-kg-pack-de-38\/#primaryimage"},"image":{"@id":"https:\/\/paracherkaoui.ma\/index.php\/produit\/bambo-nature-culotte-dapprentissage-taille-5-xl-11-17-kg-pack-de-38\/#primaryimage"},"thumbnailUrl":"https:\/\/paracherkaoui.ma\/wp-content\/uploads\/2025\/12\/bambo-nature-culotte-d-apprentissage-taille-5-xl-11-17-kg-pack-de-38.jpg","datePublished":"2025-12-12T18:13:04+00:00","dateModified":"2025-12-12T18:13:09+00:00","breadcrumb":{"@id":"https:\/\/paracherkaoui.ma\/index.php\/produit\/bambo-nature-culotte-dapprentissage-taille-5-xl-11-17-kg-pack-de-38\/#breadcrumb"},"inLanguage":"fr-FR","potentialAction":[{"@type":"ReadAction","target":["https:\/\/paracherkaoui.ma\/index.php\/produit\/bambo-nature-culotte-dapprentissage-taille-5-xl-11-17-kg-pack-de-38\/"]}]},{"@type":"ImageObject","inLanguage":"fr-FR","@id":"https:\/\/paracherkaoui.ma\/index.php\/produit\/bambo-nature-culotte-dapprentissage-taille-5-xl-11-17-kg-pack-de-38\/#primaryimage","url":"https:\/\/paracherkaoui.ma\/wp-content\/uploads\/2025\/12\/bambo-nature-culotte-d-apprentissage-taille-5-xl-11-17-kg-pack-de-38.jpg","contentUrl":"https:\/\/paracherkaoui.ma\/wp-content\/uploads\/2025\/12\/bambo-nature-culotte-d-apprentissage-taille-5-xl-11-17-kg-pack-de-38.jpg","width":700,"height":700},{"@type":"BreadcrumbList","@id":"https:\/\/paracherkaoui.ma\/index.php\/produit\/bambo-nature-culotte-dapprentissage-taille-5-xl-11-17-kg-pack-de-38\/#breadcrumb","itemListElement":[{"@type":"ListItem","position":1,"name":"Accueil","item":"https:\/\/paracherkaoui.ma\/"},{"@type":"ListItem","position":2,"name":"Boutique","item":"https:\/\/paracherkaoui.ma\/index.php\/boutique\/"},{"@type":"ListItem","position":3,"name":"BAMBO NATURE CULOTTE D&rsquo;APPRENTISSAGE TAILLE 5 XL 11-17 KG PACK DE 38"}]},{"@type":"WebSite","@id":"https:\/\/paracherkaoui.ma\/#website","url":"https:\/\/paracherkaoui.ma\/","name":"Paracherkaoui.ma","description":"Achetez en ligne sur Paracherkaoui.ma","potentialAction":[{"@type":"SearchAction","target":{"@type":"EntryPoint","urlTemplate":"https:\/\/paracherkaoui.ma\/?s={search_term_string}"},"query-input":{"@type":"PropertyValueSpecification","valueRequired":true,"valueName":"search_term_string"}}],"inLanguage":"fr-FR"}]}},"_links":{"self":[{"href":"https:\/\/paracherkaoui.ma\/index.php\/wp-json\/wp\/v2\/product\/44359","targetHints":{"allow":["GET"]}}],"collection":[{"href":"https:\/\/paracherkaoui.ma\/index.php\/wp-json\/wp\/v2\/product"}],"about":[{"href":"https:\/\/paracherkaoui.ma\/index.php\/wp-json\/wp\/v2\/types\/product"}],"replies":[{"embeddable":true,"href":"https:\/\/paracherkaoui.ma\/index.php\/wp-json\/wp\/v2\/comments?post=44359"}],"version-history":[{"count":1,"href":"https:\/\/paracherkaoui.ma\/index.php\/wp-json\/wp\/v2\/product\/44359\/revisions"}],"predecessor-version":[{"id":44407,"href":"https:\/\/paracherkaoui.ma\/index.php\/wp-json\/wp\/v2\/product\/44359\/revisions\/44407"}],"wp:featuredmedia":[{"embeddable":true,"href":"https:\/\/paracherkaoui.ma\/index.php\/wp-json\/wp\/v2\/media\/44406"}],"wp:attachment":[{"href":"https:\/\/paracherkaoui.ma\/index.php\/wp-json\/wp\/v2\/media?parent=44359"}],"wp:term":[{"taxonomy":"product_brand","embeddable":true,"href":"https:\/\/paracherkaoui.ma\/index.php\/wp-json\/wp\/v2\/product_brand?post=44359"},{"taxonomy":"product_cat","embeddable":true,"href":"https:\/\/paracherkaoui.ma\/index.php\/wp-json\/wp\/v2\/product_cat?post=44359"},{"taxonomy":"product_tag","embeddable":true,"href":"https:\/\/paracherkaoui.ma\/index.php\/wp-json\/wp\/v2\/product_tag?post=44359"}],"curies":[{"name":"wp","href":"https:\/\/api.w.org\/{rel}","templated":true}]}}