{"id":44356,"date":"2025-12-12T19:13:04","date_gmt":"2025-12-12T18:13:04","guid":{"rendered":"https:\/\/test.ecbeaute.com\/?post_type=product&#038;p=44356"},"modified":"2025-12-12T19:13:08","modified_gmt":"2025-12-12T18:13:08","slug":"gilbert-liniderm-liniment-oleo-calcaire-250-ml","status":"publish","type":"product","link":"https:\/\/paracherkaoui.ma\/index.php\/produit\/gilbert-liniderm-liniment-oleo-calcaire-250-ml\/","title":{"rendered":"GILBERT LINIDERM LINIMENT OLEO CALCAIRE 250 ML"},"content":{"rendered":"<p>Le Liniment Ol\u00e9o-Calcaire des laboratoires Gilbert est un produit naturel con\u00e7u pour nettoyer la peau des fesses des b\u00e9b\u00e9s. Gr\u00e2ce \u00e0 sa formule sans conservateur, il limite les risques d\u2019allergie et convient pour tout type d\u2019\u00e9piderme, m\u00eame les plus sensibles.<br \/>\nCONSEILS D&rsquo;UTILISATION :<br \/>\nAdapt\u00e9 a tout type de peau, surtout les plus d\u00e9licates, le liniment GILBERT est conseill\u00e9 pour le nettoyage du si\u00e8ge du nourrisson. Il \u00e9limine en un passage les bact\u00e9ries susceptibles d\u2019irriter la peau fragile du b\u00e9b\u00e9. Inoffensif et sans fragrance, il prot\u00e8ge son \u00e9piderme fessier qui est quotidiennement expos\u00e9 aux microbes. Douceur, hygi\u00e8ne, d\u00e9fense tels sont les trois raisons de ce choix que nous partageons.<br \/>\nCOMPOSITION :<br \/>\nHuile d&rsquo;olive. Solution d&rsquo;hydroxyde de calcium. St\u00e9arate de glyc\u00e9rol. Stabilisant.<\/p>\n","protected":false},"excerpt":{"rendered":"<p>Le Liniment Ol\u00e9o-Calcaire des laboratoires Gilbert est un produit naturel con\u00e7u pour nettoyer la peau des fesses des b\u00e9b\u00e9s. Gr\u00e2ce<\/p>\n","protected":false},"featured_media":44400,"comment_status":"open","ping_status":"closed","template":"","meta":[],"product_brand":[200],"product_cat":[773],"product_tag":[],"class_list":{"0":"post-44356","1":"product","2":"type-product","3":"status-publish","4":"has-post-thumbnail","6":"product_brand-gilbert","7":"product_cat-changes-bebe","9":"first","10":"instock","11":"sale","12":"shipping-taxable","13":"purchasable","14":"product-type-simple"},"yoast_head":"<!-- This site is optimized with the Yoast SEO plugin v26.6 - https:\/\/yoast.com\/wordpress\/plugins\/seo\/ -->\r\n<title>GILBERT LINIDERM LINIMENT OLEO CALCAIRE 250 ML - Paracherkaoui.ma<\/title>\r\n<meta name=\"robots\" content=\"index, follow, max-snippet:-1, max-image-preview:large, max-video-preview:-1\" \/>\r\n<link rel=\"canonical\" href=\"https:\/\/paracherkaoui.ma\/index.php\/produit\/gilbert-liniderm-liniment-oleo-calcaire-250-ml\/\" \/>\r\n<meta property=\"og:locale\" content=\"fr_FR\" \/>\r\n<meta property=\"og:type\" content=\"article\" \/>\r\n<meta property=\"og:title\" content=\"GILBERT LINIDERM LINIMENT OLEO CALCAIRE 250 ML - Paracherkaoui.ma\" \/>\r\n<meta property=\"og:description\" content=\"Le Liniment Ol\u00e9o-Calcaire des laboratoires Gilbert est un produit naturel con\u00e7u pour nettoyer la peau des fesses des b\u00e9b\u00e9s. Gr\u00e2ce\" \/>\r\n<meta property=\"og:url\" content=\"https:\/\/paracherkaoui.ma\/index.php\/produit\/gilbert-liniderm-liniment-oleo-calcaire-250-ml\/\" \/>\r\n<meta property=\"og:site_name\" content=\"Paracherkaoui.ma\" \/>\r\n<meta property=\"article:modified_time\" content=\"2025-12-12T18:13:08+00:00\" \/>\r\n<meta property=\"og:image\" content=\"https:\/\/paracherkaoui.ma\/wp-content\/uploads\/2025\/12\/gilbert-liniderm-liniment-oleo-calcaire-250-ml.jpg\" \/>\r\n\t<meta property=\"og:image:width\" content=\"700\" \/>\r\n\t<meta property=\"og:image:height\" content=\"700\" \/>\r\n\t<meta property=\"og:image:type\" content=\"image\/jpeg\" \/>\r\n<meta name=\"twitter:card\" content=\"summary_large_image\" \/>\r\n<meta name=\"twitter:label1\" content=\"Dur\u00e9e de lecture estim\u00e9e\" \/>\n\t<meta name=\"twitter:data1\" content=\"1 minute\" \/>\r\n<script type=\"application\/ld+json\" class=\"yoast-schema-graph\">{\"@context\":\"https:\/\/schema.org\",\"@graph\":[{\"@type\":\"WebPage\",\"@id\":\"https:\/\/paracherkaoui.ma\/index.php\/produit\/gilbert-liniderm-liniment-oleo-calcaire-250-ml\/\",\"url\":\"https:\/\/paracherkaoui.ma\/index.php\/produit\/gilbert-liniderm-liniment-oleo-calcaire-250-ml\/\",\"name\":\"GILBERT LINIDERM LINIMENT OLEO CALCAIRE 250 ML - Paracherkaoui.ma\",\"isPartOf\":{\"@id\":\"https:\/\/paracherkaoui.ma\/#website\"},\"primaryImageOfPage\":{\"@id\":\"https:\/\/paracherkaoui.ma\/index.php\/produit\/gilbert-liniderm-liniment-oleo-calcaire-250-ml\/#primaryimage\"},\"image\":{\"@id\":\"https:\/\/paracherkaoui.ma\/index.php\/produit\/gilbert-liniderm-liniment-oleo-calcaire-250-ml\/#primaryimage\"},\"thumbnailUrl\":\"https:\/\/paracherkaoui.ma\/wp-content\/uploads\/2025\/12\/gilbert-liniderm-liniment-oleo-calcaire-250-ml.jpg\",\"datePublished\":\"2025-12-12T18:13:04+00:00\",\"dateModified\":\"2025-12-12T18:13:08+00:00\",\"breadcrumb\":{\"@id\":\"https:\/\/paracherkaoui.ma\/index.php\/produit\/gilbert-liniderm-liniment-oleo-calcaire-250-ml\/#breadcrumb\"},\"inLanguage\":\"fr-FR\",\"potentialAction\":[{\"@type\":\"ReadAction\",\"target\":[\"https:\/\/paracherkaoui.ma\/index.php\/produit\/gilbert-liniderm-liniment-oleo-calcaire-250-ml\/\"]}]},{\"@type\":\"ImageObject\",\"inLanguage\":\"fr-FR\",\"@id\":\"https:\/\/paracherkaoui.ma\/index.php\/produit\/gilbert-liniderm-liniment-oleo-calcaire-250-ml\/#primaryimage\",\"url\":\"https:\/\/paracherkaoui.ma\/wp-content\/uploads\/2025\/12\/gilbert-liniderm-liniment-oleo-calcaire-250-ml.jpg\",\"contentUrl\":\"https:\/\/paracherkaoui.ma\/wp-content\/uploads\/2025\/12\/gilbert-liniderm-liniment-oleo-calcaire-250-ml.jpg\",\"width\":700,\"height\":700},{\"@type\":\"BreadcrumbList\",\"@id\":\"https:\/\/paracherkaoui.ma\/index.php\/produit\/gilbert-liniderm-liniment-oleo-calcaire-250-ml\/#breadcrumb\",\"itemListElement\":[{\"@type\":\"ListItem\",\"position\":1,\"name\":\"Accueil\",\"item\":\"https:\/\/paracherkaoui.ma\/\"},{\"@type\":\"ListItem\",\"position\":2,\"name\":\"Boutique\",\"item\":\"https:\/\/paracherkaoui.ma\/index.php\/boutique\/\"},{\"@type\":\"ListItem\",\"position\":3,\"name\":\"GILBERT LINIDERM LINIMENT OLEO CALCAIRE 250 ML\"}]},{\"@type\":\"WebSite\",\"@id\":\"https:\/\/paracherkaoui.ma\/#website\",\"url\":\"https:\/\/paracherkaoui.ma\/\",\"name\":\"Paracherkaoui.ma\",\"description\":\"Achetez en ligne sur Paracherkaoui.ma\",\"potentialAction\":[{\"@type\":\"SearchAction\",\"target\":{\"@type\":\"EntryPoint\",\"urlTemplate\":\"https:\/\/paracherkaoui.ma\/?s={search_term_string}\"},\"query-input\":{\"@type\":\"PropertyValueSpecification\",\"valueRequired\":true,\"valueName\":\"search_term_string\"}}],\"inLanguage\":\"fr-FR\"}]}<\/script>\r\n<!-- \/ Yoast SEO plugin. -->","yoast_head_json":{"title":"GILBERT LINIDERM LINIMENT OLEO CALCAIRE 250 ML - Paracherkaoui.ma","robots":{"index":"index","follow":"follow","max-snippet":"max-snippet:-1","max-image-preview":"max-image-preview:large","max-video-preview":"max-video-preview:-1"},"canonical":"https:\/\/paracherkaoui.ma\/index.php\/produit\/gilbert-liniderm-liniment-oleo-calcaire-250-ml\/","og_locale":"fr_FR","og_type":"article","og_title":"GILBERT LINIDERM LINIMENT OLEO CALCAIRE 250 ML - Paracherkaoui.ma","og_description":"Le Liniment Ol\u00e9o-Calcaire des laboratoires Gilbert est un produit naturel con\u00e7u pour nettoyer la peau des fesses des b\u00e9b\u00e9s. Gr\u00e2ce","og_url":"https:\/\/paracherkaoui.ma\/index.php\/produit\/gilbert-liniderm-liniment-oleo-calcaire-250-ml\/","og_site_name":"Paracherkaoui.ma","article_modified_time":"2025-12-12T18:13:08+00:00","og_image":[{"width":700,"height":700,"url":"https:\/\/paracherkaoui.ma\/wp-content\/uploads\/2025\/12\/gilbert-liniderm-liniment-oleo-calcaire-250-ml.jpg","type":"image\/jpeg"}],"twitter_card":"summary_large_image","twitter_misc":{"Dur\u00e9e de lecture estim\u00e9e":"1 minute"},"schema":{"@context":"https:\/\/schema.org","@graph":[{"@type":"WebPage","@id":"https:\/\/paracherkaoui.ma\/index.php\/produit\/gilbert-liniderm-liniment-oleo-calcaire-250-ml\/","url":"https:\/\/paracherkaoui.ma\/index.php\/produit\/gilbert-liniderm-liniment-oleo-calcaire-250-ml\/","name":"GILBERT LINIDERM LINIMENT OLEO CALCAIRE 250 ML - Paracherkaoui.ma","isPartOf":{"@id":"https:\/\/paracherkaoui.ma\/#website"},"primaryImageOfPage":{"@id":"https:\/\/paracherkaoui.ma\/index.php\/produit\/gilbert-liniderm-liniment-oleo-calcaire-250-ml\/#primaryimage"},"image":{"@id":"https:\/\/paracherkaoui.ma\/index.php\/produit\/gilbert-liniderm-liniment-oleo-calcaire-250-ml\/#primaryimage"},"thumbnailUrl":"https:\/\/paracherkaoui.ma\/wp-content\/uploads\/2025\/12\/gilbert-liniderm-liniment-oleo-calcaire-250-ml.jpg","datePublished":"2025-12-12T18:13:04+00:00","dateModified":"2025-12-12T18:13:08+00:00","breadcrumb":{"@id":"https:\/\/paracherkaoui.ma\/index.php\/produit\/gilbert-liniderm-liniment-oleo-calcaire-250-ml\/#breadcrumb"},"inLanguage":"fr-FR","potentialAction":[{"@type":"ReadAction","target":["https:\/\/paracherkaoui.ma\/index.php\/produit\/gilbert-liniderm-liniment-oleo-calcaire-250-ml\/"]}]},{"@type":"ImageObject","inLanguage":"fr-FR","@id":"https:\/\/paracherkaoui.ma\/index.php\/produit\/gilbert-liniderm-liniment-oleo-calcaire-250-ml\/#primaryimage","url":"https:\/\/paracherkaoui.ma\/wp-content\/uploads\/2025\/12\/gilbert-liniderm-liniment-oleo-calcaire-250-ml.jpg","contentUrl":"https:\/\/paracherkaoui.ma\/wp-content\/uploads\/2025\/12\/gilbert-liniderm-liniment-oleo-calcaire-250-ml.jpg","width":700,"height":700},{"@type":"BreadcrumbList","@id":"https:\/\/paracherkaoui.ma\/index.php\/produit\/gilbert-liniderm-liniment-oleo-calcaire-250-ml\/#breadcrumb","itemListElement":[{"@type":"ListItem","position":1,"name":"Accueil","item":"https:\/\/paracherkaoui.ma\/"},{"@type":"ListItem","position":2,"name":"Boutique","item":"https:\/\/paracherkaoui.ma\/index.php\/boutique\/"},{"@type":"ListItem","position":3,"name":"GILBERT LINIDERM LINIMENT OLEO CALCAIRE 250 ML"}]},{"@type":"WebSite","@id":"https:\/\/paracherkaoui.ma\/#website","url":"https:\/\/paracherkaoui.ma\/","name":"Paracherkaoui.ma","description":"Achetez en ligne sur Paracherkaoui.ma","potentialAction":[{"@type":"SearchAction","target":{"@type":"EntryPoint","urlTemplate":"https:\/\/paracherkaoui.ma\/?s={search_term_string}"},"query-input":{"@type":"PropertyValueSpecification","valueRequired":true,"valueName":"search_term_string"}}],"inLanguage":"fr-FR"}]}},"_links":{"self":[{"href":"https:\/\/paracherkaoui.ma\/index.php\/wp-json\/wp\/v2\/product\/44356","targetHints":{"allow":["GET"]}}],"collection":[{"href":"https:\/\/paracherkaoui.ma\/index.php\/wp-json\/wp\/v2\/product"}],"about":[{"href":"https:\/\/paracherkaoui.ma\/index.php\/wp-json\/wp\/v2\/types\/product"}],"replies":[{"embeddable":true,"href":"https:\/\/paracherkaoui.ma\/index.php\/wp-json\/wp\/v2\/comments?post=44356"}],"version-history":[{"count":1,"href":"https:\/\/paracherkaoui.ma\/index.php\/wp-json\/wp\/v2\/product\/44356\/revisions"}],"predecessor-version":[{"id":44401,"href":"https:\/\/paracherkaoui.ma\/index.php\/wp-json\/wp\/v2\/product\/44356\/revisions\/44401"}],"wp:featuredmedia":[{"embeddable":true,"href":"https:\/\/paracherkaoui.ma\/index.php\/wp-json\/wp\/v2\/media\/44400"}],"wp:attachment":[{"href":"https:\/\/paracherkaoui.ma\/index.php\/wp-json\/wp\/v2\/media?parent=44356"}],"wp:term":[{"taxonomy":"product_brand","embeddable":true,"href":"https:\/\/paracherkaoui.ma\/index.php\/wp-json\/wp\/v2\/product_brand?post=44356"},{"taxonomy":"product_cat","embeddable":true,"href":"https:\/\/paracherkaoui.ma\/index.php\/wp-json\/wp\/v2\/product_cat?post=44356"},{"taxonomy":"product_tag","embeddable":true,"href":"https:\/\/paracherkaoui.ma\/index.php\/wp-json\/wp\/v2\/product_tag?post=44356"}],"curies":[{"name":"wp","href":"https:\/\/api.w.org\/{rel}","templated":true}]}}