{"id":44353,"date":"2025-12-12T19:13:03","date_gmt":"2025-12-12T18:13:03","guid":{"rendered":"https:\/\/test.ecbeaute.com\/?post_type=product&#038;p=44353"},"modified":"2025-12-12T19:13:07","modified_gmt":"2025-12-12T18:13:07","slug":"neutraderm-bebe-gel-nettoyant-douceur-3-en-1-400-ml","status":"publish","type":"product","link":"https:\/\/paracherkaoui.ma\/index.php\/produit\/neutraderm-bebe-gel-nettoyant-douceur-3-en-1-400-ml\/","title":{"rendered":"NEUTRADERM BEBE GEL NETTOYANT DOUCEUR 3 EN 1 400 ML"},"content":{"rendered":"<p>Neutraderm Baby Gel nettoyant douceur 3 en 1 est un gel peaux sensibles qui permet de nettoyer tout en douceur le visage, le corps et les cheveux de b\u00e9b\u00e9.<br \/>\nLa peau et le cuir chevelu des enfants en bas \u00e2ge sont fragiles, c&rsquo;est pourquoi il est essentiel de les nettoyer avec un produit de nettoyage qui pr\u00e9serve leur \u00e9piderme.<\/p>\n<p>Le gel nettoyant Neutraderm Baby Gel douceur 3 en 1 des Laboratoires Gilbert a \u00e9t\u00e9 con\u00e7u sp\u00e9cifiquement pour prendre le plus grand soin de la peau, des cheveux et du cuir chevelu des b\u00e9b\u00e9s. Sa formule haute tol\u00e9rance est con\u00e7ue pour les peaux sensibles et ne pique pas les yeux.<br \/>\nCe gel nettoyant contient l&rsquo;actif naturel brevet\u00e9 Active Oligo Skin Complex issu de l&rsquo;eau d&rsquo;Iroise, riche en min\u00e9raux et en oligo-\u00e9lements. Cet actif naturel respecte le microbiome de la peau, apaise, remin\u00e9ralise et reconstitue la barri\u00e8re cutan\u00e9e.<\/p>\n<p>La texture ultra douce du gel douceur Neutraderm Baby 3 en 1 procure une v\u00e9ritable sensation de caresse sur la peau qui transformera le bain en un moment privil\u00e9gi\u00e9 de tendresse et de bienveillance. Pour faciliter le nettoyage, ce gel lavant se rince tr\u00e8s facilement et laisse une peau douce et d\u00e9licatement parfum\u00e9e et des cheveux soyeux et faciles \u00e0 coiffer.<br \/>\nConseils d&rsquo;utilisation:<br \/>\nLavez le corps et le cuir chevelu en faisant mousser puis rincez.<\/p>\n","protected":false},"excerpt":{"rendered":"<p>Neutraderm Baby Gel nettoyant douceur 3 en 1 est un gel peaux sensibles qui permet de nettoyer tout en douceur<\/p>\n","protected":false},"featured_media":44394,"comment_status":"open","ping_status":"closed","template":"","meta":[],"product_brand":[325],"product_cat":[773],"product_tag":[],"class_list":{"0":"post-44353","1":"product","2":"type-product","3":"status-publish","4":"has-post-thumbnail","6":"product_brand-neutraderm","7":"product_cat-changes-bebe","9":"first","10":"instock","11":"sale","12":"shipping-taxable","13":"purchasable","14":"product-type-simple"},"yoast_head":"<!-- This site is optimized with the Yoast SEO plugin v26.6 - https:\/\/yoast.com\/wordpress\/plugins\/seo\/ -->\r\n<title>NEUTRADERM BEBE GEL NETTOYANT DOUCEUR 3 EN 1 400 ML - Paracherkaoui.ma<\/title>\r\n<meta name=\"robots\" content=\"index, follow, max-snippet:-1, max-image-preview:large, max-video-preview:-1\" \/>\r\n<link rel=\"canonical\" href=\"https:\/\/paracherkaoui.ma\/index.php\/produit\/neutraderm-bebe-gel-nettoyant-douceur-3-en-1-400-ml\/\" \/>\r\n<meta property=\"og:locale\" content=\"fr_FR\" \/>\r\n<meta property=\"og:type\" content=\"article\" \/>\r\n<meta property=\"og:title\" content=\"NEUTRADERM BEBE GEL NETTOYANT DOUCEUR 3 EN 1 400 ML - Paracherkaoui.ma\" \/>\r\n<meta property=\"og:description\" content=\"Neutraderm Baby Gel nettoyant douceur 3 en 1 est un gel peaux sensibles qui permet de nettoyer tout en douceur\" \/>\r\n<meta property=\"og:url\" content=\"https:\/\/paracherkaoui.ma\/index.php\/produit\/neutraderm-bebe-gel-nettoyant-douceur-3-en-1-400-ml\/\" \/>\r\n<meta property=\"og:site_name\" content=\"Paracherkaoui.ma\" \/>\r\n<meta property=\"article:modified_time\" content=\"2025-12-12T18:13:07+00:00\" \/>\r\n<meta property=\"og:image\" content=\"https:\/\/paracherkaoui.ma\/wp-content\/uploads\/2025\/12\/neutraderm-neutraderm-bebe-gel-nettoyant-douceur-3-en-1-400-ml-change-bebe.jpg\" \/>\r\n\t<meta property=\"og:image:width\" content=\"700\" \/>\r\n\t<meta property=\"og:image:height\" content=\"700\" \/>\r\n\t<meta property=\"og:image:type\" content=\"image\/jpeg\" \/>\r\n<meta name=\"twitter:card\" content=\"summary_large_image\" \/>\r\n<meta name=\"twitter:label1\" content=\"Dur\u00e9e de lecture estim\u00e9e\" \/>\n\t<meta name=\"twitter:data1\" content=\"1 minute\" \/>\r\n<script type=\"application\/ld+json\" class=\"yoast-schema-graph\">{\"@context\":\"https:\/\/schema.org\",\"@graph\":[{\"@type\":\"WebPage\",\"@id\":\"https:\/\/paracherkaoui.ma\/index.php\/produit\/neutraderm-bebe-gel-nettoyant-douceur-3-en-1-400-ml\/\",\"url\":\"https:\/\/paracherkaoui.ma\/index.php\/produit\/neutraderm-bebe-gel-nettoyant-douceur-3-en-1-400-ml\/\",\"name\":\"NEUTRADERM BEBE GEL NETTOYANT DOUCEUR 3 EN 1 400 ML - Paracherkaoui.ma\",\"isPartOf\":{\"@id\":\"https:\/\/paracherkaoui.ma\/#website\"},\"primaryImageOfPage\":{\"@id\":\"https:\/\/paracherkaoui.ma\/index.php\/produit\/neutraderm-bebe-gel-nettoyant-douceur-3-en-1-400-ml\/#primaryimage\"},\"image\":{\"@id\":\"https:\/\/paracherkaoui.ma\/index.php\/produit\/neutraderm-bebe-gel-nettoyant-douceur-3-en-1-400-ml\/#primaryimage\"},\"thumbnailUrl\":\"https:\/\/paracherkaoui.ma\/wp-content\/uploads\/2025\/12\/neutraderm-neutraderm-bebe-gel-nettoyant-douceur-3-en-1-400-ml-change-bebe.jpg\",\"datePublished\":\"2025-12-12T18:13:03+00:00\",\"dateModified\":\"2025-12-12T18:13:07+00:00\",\"breadcrumb\":{\"@id\":\"https:\/\/paracherkaoui.ma\/index.php\/produit\/neutraderm-bebe-gel-nettoyant-douceur-3-en-1-400-ml\/#breadcrumb\"},\"inLanguage\":\"fr-FR\",\"potentialAction\":[{\"@type\":\"ReadAction\",\"target\":[\"https:\/\/paracherkaoui.ma\/index.php\/produit\/neutraderm-bebe-gel-nettoyant-douceur-3-en-1-400-ml\/\"]}]},{\"@type\":\"ImageObject\",\"inLanguage\":\"fr-FR\",\"@id\":\"https:\/\/paracherkaoui.ma\/index.php\/produit\/neutraderm-bebe-gel-nettoyant-douceur-3-en-1-400-ml\/#primaryimage\",\"url\":\"https:\/\/paracherkaoui.ma\/wp-content\/uploads\/2025\/12\/neutraderm-neutraderm-bebe-gel-nettoyant-douceur-3-en-1-400-ml-change-bebe.jpg\",\"contentUrl\":\"https:\/\/paracherkaoui.ma\/wp-content\/uploads\/2025\/12\/neutraderm-neutraderm-bebe-gel-nettoyant-douceur-3-en-1-400-ml-change-bebe.jpg\",\"width\":700,\"height\":700},{\"@type\":\"BreadcrumbList\",\"@id\":\"https:\/\/paracherkaoui.ma\/index.php\/produit\/neutraderm-bebe-gel-nettoyant-douceur-3-en-1-400-ml\/#breadcrumb\",\"itemListElement\":[{\"@type\":\"ListItem\",\"position\":1,\"name\":\"Accueil\",\"item\":\"https:\/\/paracherkaoui.ma\/\"},{\"@type\":\"ListItem\",\"position\":2,\"name\":\"Boutique\",\"item\":\"https:\/\/paracherkaoui.ma\/index.php\/boutique\/\"},{\"@type\":\"ListItem\",\"position\":3,\"name\":\"NEUTRADERM BEBE GEL NETTOYANT DOUCEUR 3 EN 1 400 ML\"}]},{\"@type\":\"WebSite\",\"@id\":\"https:\/\/paracherkaoui.ma\/#website\",\"url\":\"https:\/\/paracherkaoui.ma\/\",\"name\":\"Paracherkaoui.ma\",\"description\":\"Achetez en ligne sur Paracherkaoui.ma\",\"potentialAction\":[{\"@type\":\"SearchAction\",\"target\":{\"@type\":\"EntryPoint\",\"urlTemplate\":\"https:\/\/paracherkaoui.ma\/?s={search_term_string}\"},\"query-input\":{\"@type\":\"PropertyValueSpecification\",\"valueRequired\":true,\"valueName\":\"search_term_string\"}}],\"inLanguage\":\"fr-FR\"}]}<\/script>\r\n<!-- \/ Yoast SEO plugin. -->","yoast_head_json":{"title":"NEUTRADERM BEBE GEL NETTOYANT DOUCEUR 3 EN 1 400 ML - Paracherkaoui.ma","robots":{"index":"index","follow":"follow","max-snippet":"max-snippet:-1","max-image-preview":"max-image-preview:large","max-video-preview":"max-video-preview:-1"},"canonical":"https:\/\/paracherkaoui.ma\/index.php\/produit\/neutraderm-bebe-gel-nettoyant-douceur-3-en-1-400-ml\/","og_locale":"fr_FR","og_type":"article","og_title":"NEUTRADERM BEBE GEL NETTOYANT DOUCEUR 3 EN 1 400 ML - Paracherkaoui.ma","og_description":"Neutraderm Baby Gel nettoyant douceur 3 en 1 est un gel peaux sensibles qui permet de nettoyer tout en douceur","og_url":"https:\/\/paracherkaoui.ma\/index.php\/produit\/neutraderm-bebe-gel-nettoyant-douceur-3-en-1-400-ml\/","og_site_name":"Paracherkaoui.ma","article_modified_time":"2025-12-12T18:13:07+00:00","og_image":[{"width":700,"height":700,"url":"https:\/\/paracherkaoui.ma\/wp-content\/uploads\/2025\/12\/neutraderm-neutraderm-bebe-gel-nettoyant-douceur-3-en-1-400-ml-change-bebe.jpg","type":"image\/jpeg"}],"twitter_card":"summary_large_image","twitter_misc":{"Dur\u00e9e de lecture estim\u00e9e":"1 minute"},"schema":{"@context":"https:\/\/schema.org","@graph":[{"@type":"WebPage","@id":"https:\/\/paracherkaoui.ma\/index.php\/produit\/neutraderm-bebe-gel-nettoyant-douceur-3-en-1-400-ml\/","url":"https:\/\/paracherkaoui.ma\/index.php\/produit\/neutraderm-bebe-gel-nettoyant-douceur-3-en-1-400-ml\/","name":"NEUTRADERM BEBE GEL NETTOYANT DOUCEUR 3 EN 1 400 ML - Paracherkaoui.ma","isPartOf":{"@id":"https:\/\/paracherkaoui.ma\/#website"},"primaryImageOfPage":{"@id":"https:\/\/paracherkaoui.ma\/index.php\/produit\/neutraderm-bebe-gel-nettoyant-douceur-3-en-1-400-ml\/#primaryimage"},"image":{"@id":"https:\/\/paracherkaoui.ma\/index.php\/produit\/neutraderm-bebe-gel-nettoyant-douceur-3-en-1-400-ml\/#primaryimage"},"thumbnailUrl":"https:\/\/paracherkaoui.ma\/wp-content\/uploads\/2025\/12\/neutraderm-neutraderm-bebe-gel-nettoyant-douceur-3-en-1-400-ml-change-bebe.jpg","datePublished":"2025-12-12T18:13:03+00:00","dateModified":"2025-12-12T18:13:07+00:00","breadcrumb":{"@id":"https:\/\/paracherkaoui.ma\/index.php\/produit\/neutraderm-bebe-gel-nettoyant-douceur-3-en-1-400-ml\/#breadcrumb"},"inLanguage":"fr-FR","potentialAction":[{"@type":"ReadAction","target":["https:\/\/paracherkaoui.ma\/index.php\/produit\/neutraderm-bebe-gel-nettoyant-douceur-3-en-1-400-ml\/"]}]},{"@type":"ImageObject","inLanguage":"fr-FR","@id":"https:\/\/paracherkaoui.ma\/index.php\/produit\/neutraderm-bebe-gel-nettoyant-douceur-3-en-1-400-ml\/#primaryimage","url":"https:\/\/paracherkaoui.ma\/wp-content\/uploads\/2025\/12\/neutraderm-neutraderm-bebe-gel-nettoyant-douceur-3-en-1-400-ml-change-bebe.jpg","contentUrl":"https:\/\/paracherkaoui.ma\/wp-content\/uploads\/2025\/12\/neutraderm-neutraderm-bebe-gel-nettoyant-douceur-3-en-1-400-ml-change-bebe.jpg","width":700,"height":700},{"@type":"BreadcrumbList","@id":"https:\/\/paracherkaoui.ma\/index.php\/produit\/neutraderm-bebe-gel-nettoyant-douceur-3-en-1-400-ml\/#breadcrumb","itemListElement":[{"@type":"ListItem","position":1,"name":"Accueil","item":"https:\/\/paracherkaoui.ma\/"},{"@type":"ListItem","position":2,"name":"Boutique","item":"https:\/\/paracherkaoui.ma\/index.php\/boutique\/"},{"@type":"ListItem","position":3,"name":"NEUTRADERM BEBE GEL NETTOYANT DOUCEUR 3 EN 1 400 ML"}]},{"@type":"WebSite","@id":"https:\/\/paracherkaoui.ma\/#website","url":"https:\/\/paracherkaoui.ma\/","name":"Paracherkaoui.ma","description":"Achetez en ligne sur Paracherkaoui.ma","potentialAction":[{"@type":"SearchAction","target":{"@type":"EntryPoint","urlTemplate":"https:\/\/paracherkaoui.ma\/?s={search_term_string}"},"query-input":{"@type":"PropertyValueSpecification","valueRequired":true,"valueName":"search_term_string"}}],"inLanguage":"fr-FR"}]}},"_links":{"self":[{"href":"https:\/\/paracherkaoui.ma\/index.php\/wp-json\/wp\/v2\/product\/44353","targetHints":{"allow":["GET"]}}],"collection":[{"href":"https:\/\/paracherkaoui.ma\/index.php\/wp-json\/wp\/v2\/product"}],"about":[{"href":"https:\/\/paracherkaoui.ma\/index.php\/wp-json\/wp\/v2\/types\/product"}],"replies":[{"embeddable":true,"href":"https:\/\/paracherkaoui.ma\/index.php\/wp-json\/wp\/v2\/comments?post=44353"}],"version-history":[{"count":1,"href":"https:\/\/paracherkaoui.ma\/index.php\/wp-json\/wp\/v2\/product\/44353\/revisions"}],"predecessor-version":[{"id":44395,"href":"https:\/\/paracherkaoui.ma\/index.php\/wp-json\/wp\/v2\/product\/44353\/revisions\/44395"}],"wp:featuredmedia":[{"embeddable":true,"href":"https:\/\/paracherkaoui.ma\/index.php\/wp-json\/wp\/v2\/media\/44394"}],"wp:attachment":[{"href":"https:\/\/paracherkaoui.ma\/index.php\/wp-json\/wp\/v2\/media?parent=44353"}],"wp:term":[{"taxonomy":"product_brand","embeddable":true,"href":"https:\/\/paracherkaoui.ma\/index.php\/wp-json\/wp\/v2\/product_brand?post=44353"},{"taxonomy":"product_cat","embeddable":true,"href":"https:\/\/paracherkaoui.ma\/index.php\/wp-json\/wp\/v2\/product_cat?post=44353"},{"taxonomy":"product_tag","embeddable":true,"href":"https:\/\/paracherkaoui.ma\/index.php\/wp-json\/wp\/v2\/product_tag?post=44353"}],"curies":[{"name":"wp","href":"https:\/\/api.w.org\/{rel}","templated":true}]}}