{"id":44351,"date":"2025-12-12T19:13:03","date_gmt":"2025-12-12T18:13:03","guid":{"rendered":"https:\/\/test.ecbeaute.com\/?post_type=product&#038;p=44351"},"modified":"2025-12-12T19:13:07","modified_gmt":"2025-12-12T18:13:07","slug":"gifrer-liniment-oleo-calcaire-stabilise-250-ml","status":"publish","type":"product","link":"https:\/\/paracherkaoui.ma\/index.php\/produit\/gifrer-liniment-oleo-calcaire-stabilise-250-ml\/","title":{"rendered":"GIFRER LINIMENT OLEO-CALCAIRE STABILISE 250 ML"},"content":{"rendered":"<p>Gifrer liniment ol\u00e9o-calcaire stabilis\u00e9 (250ml) est un produit naturel indiqu\u00e9 pour le nettoyage et la protection des fesses des b\u00e9b\u00e9s. Il pr\u00e9serve ce dernier contre les irritations et l\u2019\u00e9ryth\u00e8me fessier.<\/p>\n<p>NOUS CONSEILLONS :<\/p>\n<p>Pour que b\u00e9b\u00e9 ne souffre plus d\u2019irritations et de d\u00e9mangeaisons au niveau de l\u2019\u00e9piderme fessier, nous conseillons l\u2019emploi des solutions Liniment ol\u00e9o-calcaire. Sp\u00e9cifiques pour le soin du fessier de b\u00e9b\u00e9, elles assurent la protection de la peau d\u00e9licate du b\u00e9b\u00e9 contre les acariens et germes agressifs. C\u2019est un soin ad\u00e9quat pour accompagner la croissance et assurer une hygi\u00e8ne infantile impeccable.<\/p>\n","protected":false},"excerpt":{"rendered":"<p>Gifrer liniment ol\u00e9o-calcaire stabilis\u00e9 (250ml) est un produit naturel indiqu\u00e9 pour le nettoyage et la protection des fesses des b\u00e9b\u00e9s.<\/p>\n","protected":false},"featured_media":44390,"comment_status":"open","ping_status":"closed","template":"","meta":[],"product_brand":[659],"product_cat":[773],"product_tag":[],"class_list":{"0":"post-44351","1":"product","2":"type-product","3":"status-publish","4":"has-post-thumbnail","6":"product_brand-gifrer","7":"product_cat-changes-bebe","9":"first","10":"instock","11":"sale","12":"shipping-taxable","13":"purchasable","14":"product-type-simple"},"yoast_head":"<!-- This site is optimized with the Yoast SEO plugin v26.6 - https:\/\/yoast.com\/wordpress\/plugins\/seo\/ -->\r\n<title>GIFRER LINIMENT OLEO-CALCAIRE STABILISE 250 ML - Paracherkaoui.ma<\/title>\r\n<meta name=\"robots\" content=\"index, follow, max-snippet:-1, max-image-preview:large, max-video-preview:-1\" \/>\r\n<link rel=\"canonical\" href=\"https:\/\/paracherkaoui.ma\/index.php\/produit\/gifrer-liniment-oleo-calcaire-stabilise-250-ml\/\" \/>\r\n<meta property=\"og:locale\" content=\"fr_FR\" \/>\r\n<meta property=\"og:type\" content=\"article\" \/>\r\n<meta property=\"og:title\" content=\"GIFRER LINIMENT OLEO-CALCAIRE STABILISE 250 ML - Paracherkaoui.ma\" \/>\r\n<meta property=\"og:description\" content=\"Gifrer liniment ol\u00e9o-calcaire stabilis\u00e9 (250ml) est un produit naturel indiqu\u00e9 pour le nettoyage et la protection des fesses des b\u00e9b\u00e9s.\" \/>\r\n<meta property=\"og:url\" content=\"https:\/\/paracherkaoui.ma\/index.php\/produit\/gifrer-liniment-oleo-calcaire-stabilise-250-ml\/\" \/>\r\n<meta property=\"og:site_name\" content=\"Paracherkaoui.ma\" \/>\r\n<meta property=\"article:modified_time\" content=\"2025-12-12T18:13:07+00:00\" \/>\r\n<meta property=\"og:image\" content=\"https:\/\/paracherkaoui.ma\/wp-content\/uploads\/2025\/12\/gifrer-gifrer-liniment-oleo-calcaire-stabilise-250-ml-nettoyants-liniments-et-talcs.jpg\" \/>\r\n\t<meta property=\"og:image:width\" content=\"700\" \/>\r\n\t<meta property=\"og:image:height\" content=\"700\" \/>\r\n\t<meta property=\"og:image:type\" content=\"image\/jpeg\" \/>\r\n<meta name=\"twitter:card\" content=\"summary_large_image\" \/>\r\n<meta name=\"twitter:label1\" content=\"Dur\u00e9e de lecture estim\u00e9e\" \/>\n\t<meta name=\"twitter:data1\" content=\"1 minute\" \/>\r\n<script type=\"application\/ld+json\" class=\"yoast-schema-graph\">{\"@context\":\"https:\/\/schema.org\",\"@graph\":[{\"@type\":\"WebPage\",\"@id\":\"https:\/\/paracherkaoui.ma\/index.php\/produit\/gifrer-liniment-oleo-calcaire-stabilise-250-ml\/\",\"url\":\"https:\/\/paracherkaoui.ma\/index.php\/produit\/gifrer-liniment-oleo-calcaire-stabilise-250-ml\/\",\"name\":\"GIFRER LINIMENT OLEO-CALCAIRE STABILISE 250 ML - Paracherkaoui.ma\",\"isPartOf\":{\"@id\":\"https:\/\/paracherkaoui.ma\/#website\"},\"primaryImageOfPage\":{\"@id\":\"https:\/\/paracherkaoui.ma\/index.php\/produit\/gifrer-liniment-oleo-calcaire-stabilise-250-ml\/#primaryimage\"},\"image\":{\"@id\":\"https:\/\/paracherkaoui.ma\/index.php\/produit\/gifrer-liniment-oleo-calcaire-stabilise-250-ml\/#primaryimage\"},\"thumbnailUrl\":\"https:\/\/paracherkaoui.ma\/wp-content\/uploads\/2025\/12\/gifrer-gifrer-liniment-oleo-calcaire-stabilise-250-ml-nettoyants-liniments-et-talcs.jpg\",\"datePublished\":\"2025-12-12T18:13:03+00:00\",\"dateModified\":\"2025-12-12T18:13:07+00:00\",\"breadcrumb\":{\"@id\":\"https:\/\/paracherkaoui.ma\/index.php\/produit\/gifrer-liniment-oleo-calcaire-stabilise-250-ml\/#breadcrumb\"},\"inLanguage\":\"fr-FR\",\"potentialAction\":[{\"@type\":\"ReadAction\",\"target\":[\"https:\/\/paracherkaoui.ma\/index.php\/produit\/gifrer-liniment-oleo-calcaire-stabilise-250-ml\/\"]}]},{\"@type\":\"ImageObject\",\"inLanguage\":\"fr-FR\",\"@id\":\"https:\/\/paracherkaoui.ma\/index.php\/produit\/gifrer-liniment-oleo-calcaire-stabilise-250-ml\/#primaryimage\",\"url\":\"https:\/\/paracherkaoui.ma\/wp-content\/uploads\/2025\/12\/gifrer-gifrer-liniment-oleo-calcaire-stabilise-250-ml-nettoyants-liniments-et-talcs.jpg\",\"contentUrl\":\"https:\/\/paracherkaoui.ma\/wp-content\/uploads\/2025\/12\/gifrer-gifrer-liniment-oleo-calcaire-stabilise-250-ml-nettoyants-liniments-et-talcs.jpg\",\"width\":700,\"height\":700},{\"@type\":\"BreadcrumbList\",\"@id\":\"https:\/\/paracherkaoui.ma\/index.php\/produit\/gifrer-liniment-oleo-calcaire-stabilise-250-ml\/#breadcrumb\",\"itemListElement\":[{\"@type\":\"ListItem\",\"position\":1,\"name\":\"Accueil\",\"item\":\"https:\/\/paracherkaoui.ma\/\"},{\"@type\":\"ListItem\",\"position\":2,\"name\":\"Boutique\",\"item\":\"https:\/\/paracherkaoui.ma\/index.php\/boutique\/\"},{\"@type\":\"ListItem\",\"position\":3,\"name\":\"GIFRER LINIMENT OLEO-CALCAIRE STABILISE 250 ML\"}]},{\"@type\":\"WebSite\",\"@id\":\"https:\/\/paracherkaoui.ma\/#website\",\"url\":\"https:\/\/paracherkaoui.ma\/\",\"name\":\"Paracherkaoui.ma\",\"description\":\"Achetez en ligne sur Paracherkaoui.ma\",\"potentialAction\":[{\"@type\":\"SearchAction\",\"target\":{\"@type\":\"EntryPoint\",\"urlTemplate\":\"https:\/\/paracherkaoui.ma\/?s={search_term_string}\"},\"query-input\":{\"@type\":\"PropertyValueSpecification\",\"valueRequired\":true,\"valueName\":\"search_term_string\"}}],\"inLanguage\":\"fr-FR\"}]}<\/script>\r\n<!-- \/ Yoast SEO plugin. -->","yoast_head_json":{"title":"GIFRER LINIMENT OLEO-CALCAIRE STABILISE 250 ML - Paracherkaoui.ma","robots":{"index":"index","follow":"follow","max-snippet":"max-snippet:-1","max-image-preview":"max-image-preview:large","max-video-preview":"max-video-preview:-1"},"canonical":"https:\/\/paracherkaoui.ma\/index.php\/produit\/gifrer-liniment-oleo-calcaire-stabilise-250-ml\/","og_locale":"fr_FR","og_type":"article","og_title":"GIFRER LINIMENT OLEO-CALCAIRE STABILISE 250 ML - Paracherkaoui.ma","og_description":"Gifrer liniment ol\u00e9o-calcaire stabilis\u00e9 (250ml) est un produit naturel indiqu\u00e9 pour le nettoyage et la protection des fesses des b\u00e9b\u00e9s.","og_url":"https:\/\/paracherkaoui.ma\/index.php\/produit\/gifrer-liniment-oleo-calcaire-stabilise-250-ml\/","og_site_name":"Paracherkaoui.ma","article_modified_time":"2025-12-12T18:13:07+00:00","og_image":[{"width":700,"height":700,"url":"https:\/\/paracherkaoui.ma\/wp-content\/uploads\/2025\/12\/gifrer-gifrer-liniment-oleo-calcaire-stabilise-250-ml-nettoyants-liniments-et-talcs.jpg","type":"image\/jpeg"}],"twitter_card":"summary_large_image","twitter_misc":{"Dur\u00e9e de lecture estim\u00e9e":"1 minute"},"schema":{"@context":"https:\/\/schema.org","@graph":[{"@type":"WebPage","@id":"https:\/\/paracherkaoui.ma\/index.php\/produit\/gifrer-liniment-oleo-calcaire-stabilise-250-ml\/","url":"https:\/\/paracherkaoui.ma\/index.php\/produit\/gifrer-liniment-oleo-calcaire-stabilise-250-ml\/","name":"GIFRER LINIMENT OLEO-CALCAIRE STABILISE 250 ML - Paracherkaoui.ma","isPartOf":{"@id":"https:\/\/paracherkaoui.ma\/#website"},"primaryImageOfPage":{"@id":"https:\/\/paracherkaoui.ma\/index.php\/produit\/gifrer-liniment-oleo-calcaire-stabilise-250-ml\/#primaryimage"},"image":{"@id":"https:\/\/paracherkaoui.ma\/index.php\/produit\/gifrer-liniment-oleo-calcaire-stabilise-250-ml\/#primaryimage"},"thumbnailUrl":"https:\/\/paracherkaoui.ma\/wp-content\/uploads\/2025\/12\/gifrer-gifrer-liniment-oleo-calcaire-stabilise-250-ml-nettoyants-liniments-et-talcs.jpg","datePublished":"2025-12-12T18:13:03+00:00","dateModified":"2025-12-12T18:13:07+00:00","breadcrumb":{"@id":"https:\/\/paracherkaoui.ma\/index.php\/produit\/gifrer-liniment-oleo-calcaire-stabilise-250-ml\/#breadcrumb"},"inLanguage":"fr-FR","potentialAction":[{"@type":"ReadAction","target":["https:\/\/paracherkaoui.ma\/index.php\/produit\/gifrer-liniment-oleo-calcaire-stabilise-250-ml\/"]}]},{"@type":"ImageObject","inLanguage":"fr-FR","@id":"https:\/\/paracherkaoui.ma\/index.php\/produit\/gifrer-liniment-oleo-calcaire-stabilise-250-ml\/#primaryimage","url":"https:\/\/paracherkaoui.ma\/wp-content\/uploads\/2025\/12\/gifrer-gifrer-liniment-oleo-calcaire-stabilise-250-ml-nettoyants-liniments-et-talcs.jpg","contentUrl":"https:\/\/paracherkaoui.ma\/wp-content\/uploads\/2025\/12\/gifrer-gifrer-liniment-oleo-calcaire-stabilise-250-ml-nettoyants-liniments-et-talcs.jpg","width":700,"height":700},{"@type":"BreadcrumbList","@id":"https:\/\/paracherkaoui.ma\/index.php\/produit\/gifrer-liniment-oleo-calcaire-stabilise-250-ml\/#breadcrumb","itemListElement":[{"@type":"ListItem","position":1,"name":"Accueil","item":"https:\/\/paracherkaoui.ma\/"},{"@type":"ListItem","position":2,"name":"Boutique","item":"https:\/\/paracherkaoui.ma\/index.php\/boutique\/"},{"@type":"ListItem","position":3,"name":"GIFRER LINIMENT OLEO-CALCAIRE STABILISE 250 ML"}]},{"@type":"WebSite","@id":"https:\/\/paracherkaoui.ma\/#website","url":"https:\/\/paracherkaoui.ma\/","name":"Paracherkaoui.ma","description":"Achetez en ligne sur Paracherkaoui.ma","potentialAction":[{"@type":"SearchAction","target":{"@type":"EntryPoint","urlTemplate":"https:\/\/paracherkaoui.ma\/?s={search_term_string}"},"query-input":{"@type":"PropertyValueSpecification","valueRequired":true,"valueName":"search_term_string"}}],"inLanguage":"fr-FR"}]}},"_links":{"self":[{"href":"https:\/\/paracherkaoui.ma\/index.php\/wp-json\/wp\/v2\/product\/44351","targetHints":{"allow":["GET"]}}],"collection":[{"href":"https:\/\/paracherkaoui.ma\/index.php\/wp-json\/wp\/v2\/product"}],"about":[{"href":"https:\/\/paracherkaoui.ma\/index.php\/wp-json\/wp\/v2\/types\/product"}],"replies":[{"embeddable":true,"href":"https:\/\/paracherkaoui.ma\/index.php\/wp-json\/wp\/v2\/comments?post=44351"}],"version-history":[{"count":1,"href":"https:\/\/paracherkaoui.ma\/index.php\/wp-json\/wp\/v2\/product\/44351\/revisions"}],"predecessor-version":[{"id":44391,"href":"https:\/\/paracherkaoui.ma\/index.php\/wp-json\/wp\/v2\/product\/44351\/revisions\/44391"}],"wp:featuredmedia":[{"embeddable":true,"href":"https:\/\/paracherkaoui.ma\/index.php\/wp-json\/wp\/v2\/media\/44390"}],"wp:attachment":[{"href":"https:\/\/paracherkaoui.ma\/index.php\/wp-json\/wp\/v2\/media?parent=44351"}],"wp:term":[{"taxonomy":"product_brand","embeddable":true,"href":"https:\/\/paracherkaoui.ma\/index.php\/wp-json\/wp\/v2\/product_brand?post=44351"},{"taxonomy":"product_cat","embeddable":true,"href":"https:\/\/paracherkaoui.ma\/index.php\/wp-json\/wp\/v2\/product_cat?post=44351"},{"taxonomy":"product_tag","embeddable":true,"href":"https:\/\/paracherkaoui.ma\/index.php\/wp-json\/wp\/v2\/product_tag?post=44351"}],"curies":[{"name":"wp","href":"https:\/\/api.w.org\/{rel}","templated":true}]}}