{"id":44280,"date":"2025-12-12T19:12:53","date_gmt":"2025-12-12T18:12:53","guid":{"rendered":"https:\/\/test.ecbeaute.com\/?post_type=product&#038;p=44280"},"modified":"2025-12-12T19:12:58","modified_gmt":"2025-12-12T18:12:58","slug":"bambo-nature-couches-bebe-5-xl-12-a-18kg-44-unites","status":"publish","type":"product","link":"https:\/\/paracherkaoui.ma\/index.php\/produit\/bambo-nature-couches-bebe-5-xl-12-a-18kg-44-unites\/","title":{"rendered":"BAMBO NATURE COUCHES BEBE 5 XL 12 A 18KG 44 UNITES"},"content":{"rendered":"<p>Une absorption performante et une peau au sec<br \/>\nLe syst\u00e8me de canaux absorbants int\u00e9gr\u00e9s permet d&rsquo;\u00e9loigner rapidement l&rsquo;humidit\u00e9 de la peau fragile de votre b\u00e9b\u00e9, r\u00e9duisant ainsi le risque d&rsquo;\u00e9ryth\u00e8me fessier. Le coussin absorbant se transforme en gel au contact de l&rsquo;humidit\u00e9, neutralisant les odeurs et maintenant une sensation de fra\u00eecheur durable. De plus, les barri\u00e8res anti-fuites \u00e9lastiqu\u00e9es assurent une protection efficace, m\u00eame lorsque votre b\u00e9b\u00e9 est en mouvement.<br \/>\nUn confort optimal pour votre enfant<br \/>\nLe voile externe respirant et ultra-doux assure une sensation agr\u00e9able sur la peau de votre b\u00e9b\u00e9, tandis que l&rsquo;indicateur de saturation change de couleur pour signaler le moment id\u00e9al pour changer la couche. Con\u00e7ues pour s&rsquo;adapter \u00e0 toutes les morphologies, ces couches garantissent une libert\u00e9 de mouvement totale.<br \/>\nUne fabrication \u00e9coresponsable<br \/>\nLes couches Bambo Nature sont fabriqu\u00e9es \u00e0 partir de mati\u00e8res premi\u00e8res durables, avec un emballage labellis\u00e9 \u00ab\u00a0I&rsquo;m green\u00a0\u00bb, issu de plastique biosourc\u00e9 \u00e0 base de canne \u00e0 sucre. Elles sont garanties sans parfum, sans lotion, sans latex, sans chlore et sont test\u00e9es dermatologiquement. De plus, elles sont produites au Danemark dans des installations fonctionnant \u00e0 100 % avec de l&rsquo;\u00e9nergie renouvelable.<br \/>\nConseils d&rsquo;utilisation<br \/>\nAjustez la couche pour un maintien optimal sans trop serrer.<br \/>\nRemplacez la couche lorsque l&rsquo;indicateur d&rsquo;humidit\u00e9 passe du jaune au bleu.<br \/>\nVeillez \u00e0 ce que les barri\u00e8res anti-fuites soient bien plac\u00e9es.<br \/>\nJetez la couche usag\u00e9e et l&#8217;emballage dans une d\u00e9marche \u00e9coresponsable.<\/p>\n","protected":false},"excerpt":{"rendered":"<p>Une absorption performante et une peau au sec Le syst\u00e8me de canaux absorbants int\u00e9gr\u00e9s permet d&rsquo;\u00e9loigner rapidement l&rsquo;humidit\u00e9 de la<\/p>\n","protected":false},"featured_media":44322,"comment_status":"open","ping_status":"closed","template":"","meta":[],"product_brand":[775],"product_cat":[773],"product_tag":[],"class_list":{"0":"post-44280","1":"product","2":"type-product","3":"status-publish","4":"has-post-thumbnail","6":"product_brand-bambo-nature","7":"product_cat-changes-bebe","9":"first","10":"instock","11":"sale","12":"shipping-taxable","13":"purchasable","14":"product-type-simple"},"yoast_head":"<!-- This site is optimized with the Yoast SEO plugin v26.6 - https:\/\/yoast.com\/wordpress\/plugins\/seo\/ -->\r\n<title>BAMBO NATURE COUCHES BEBE 5 XL 12 A 18KG 44 UNITES - Paracherkaoui.ma<\/title>\r\n<meta name=\"robots\" content=\"index, follow, max-snippet:-1, max-image-preview:large, max-video-preview:-1\" \/>\r\n<link rel=\"canonical\" href=\"https:\/\/paracherkaoui.ma\/index.php\/produit\/bambo-nature-couches-bebe-5-xl-12-a-18kg-44-unites\/\" \/>\r\n<meta property=\"og:locale\" content=\"fr_FR\" \/>\r\n<meta property=\"og:type\" content=\"article\" \/>\r\n<meta property=\"og:title\" content=\"BAMBO NATURE COUCHES BEBE 5 XL 12 A 18KG 44 UNITES - Paracherkaoui.ma\" \/>\r\n<meta property=\"og:description\" content=\"Une absorption performante et une peau au sec Le syst\u00e8me de canaux absorbants int\u00e9gr\u00e9s permet d&rsquo;\u00e9loigner rapidement l&rsquo;humidit\u00e9 de la\" \/>\r\n<meta property=\"og:url\" content=\"https:\/\/paracherkaoui.ma\/index.php\/produit\/bambo-nature-couches-bebe-5-xl-12-a-18kg-44-unites\/\" \/>\r\n<meta property=\"og:site_name\" content=\"Paracherkaoui.ma\" \/>\r\n<meta property=\"article:modified_time\" content=\"2025-12-12T18:12:58+00:00\" \/>\r\n<meta property=\"og:image\" content=\"https:\/\/paracherkaoui.ma\/wp-content\/uploads\/2025\/12\/bambo-nature-bambo-nature-couches-bebe-5-xl-12-a-18kg-44-unites-changes-bebe.jpg\" \/>\r\n\t<meta property=\"og:image:width\" content=\"700\" \/>\r\n\t<meta property=\"og:image:height\" content=\"700\" \/>\r\n\t<meta property=\"og:image:type\" content=\"image\/jpeg\" \/>\r\n<meta name=\"twitter:card\" content=\"summary_large_image\" \/>\r\n<meta name=\"twitter:label1\" content=\"Dur\u00e9e de lecture estim\u00e9e\" \/>\n\t<meta name=\"twitter:data1\" content=\"1 minute\" \/>\r\n<script type=\"application\/ld+json\" class=\"yoast-schema-graph\">{\"@context\":\"https:\/\/schema.org\",\"@graph\":[{\"@type\":\"WebPage\",\"@id\":\"https:\/\/paracherkaoui.ma\/index.php\/produit\/bambo-nature-couches-bebe-5-xl-12-a-18kg-44-unites\/\",\"url\":\"https:\/\/paracherkaoui.ma\/index.php\/produit\/bambo-nature-couches-bebe-5-xl-12-a-18kg-44-unites\/\",\"name\":\"BAMBO NATURE COUCHES BEBE 5 XL 12 A 18KG 44 UNITES - Paracherkaoui.ma\",\"isPartOf\":{\"@id\":\"https:\/\/paracherkaoui.ma\/#website\"},\"primaryImageOfPage\":{\"@id\":\"https:\/\/paracherkaoui.ma\/index.php\/produit\/bambo-nature-couches-bebe-5-xl-12-a-18kg-44-unites\/#primaryimage\"},\"image\":{\"@id\":\"https:\/\/paracherkaoui.ma\/index.php\/produit\/bambo-nature-couches-bebe-5-xl-12-a-18kg-44-unites\/#primaryimage\"},\"thumbnailUrl\":\"https:\/\/paracherkaoui.ma\/wp-content\/uploads\/2025\/12\/bambo-nature-bambo-nature-couches-bebe-5-xl-12-a-18kg-44-unites-changes-bebe.jpg\",\"datePublished\":\"2025-12-12T18:12:53+00:00\",\"dateModified\":\"2025-12-12T18:12:58+00:00\",\"breadcrumb\":{\"@id\":\"https:\/\/paracherkaoui.ma\/index.php\/produit\/bambo-nature-couches-bebe-5-xl-12-a-18kg-44-unites\/#breadcrumb\"},\"inLanguage\":\"fr-FR\",\"potentialAction\":[{\"@type\":\"ReadAction\",\"target\":[\"https:\/\/paracherkaoui.ma\/index.php\/produit\/bambo-nature-couches-bebe-5-xl-12-a-18kg-44-unites\/\"]}]},{\"@type\":\"ImageObject\",\"inLanguage\":\"fr-FR\",\"@id\":\"https:\/\/paracherkaoui.ma\/index.php\/produit\/bambo-nature-couches-bebe-5-xl-12-a-18kg-44-unites\/#primaryimage\",\"url\":\"https:\/\/paracherkaoui.ma\/wp-content\/uploads\/2025\/12\/bambo-nature-bambo-nature-couches-bebe-5-xl-12-a-18kg-44-unites-changes-bebe.jpg\",\"contentUrl\":\"https:\/\/paracherkaoui.ma\/wp-content\/uploads\/2025\/12\/bambo-nature-bambo-nature-couches-bebe-5-xl-12-a-18kg-44-unites-changes-bebe.jpg\",\"width\":700,\"height\":700},{\"@type\":\"BreadcrumbList\",\"@id\":\"https:\/\/paracherkaoui.ma\/index.php\/produit\/bambo-nature-couches-bebe-5-xl-12-a-18kg-44-unites\/#breadcrumb\",\"itemListElement\":[{\"@type\":\"ListItem\",\"position\":1,\"name\":\"Accueil\",\"item\":\"https:\/\/paracherkaoui.ma\/\"},{\"@type\":\"ListItem\",\"position\":2,\"name\":\"Boutique\",\"item\":\"https:\/\/paracherkaoui.ma\/index.php\/boutique\/\"},{\"@type\":\"ListItem\",\"position\":3,\"name\":\"BAMBO NATURE COUCHES BEBE 5 XL 12 A 18KG 44 UNITES\"}]},{\"@type\":\"WebSite\",\"@id\":\"https:\/\/paracherkaoui.ma\/#website\",\"url\":\"https:\/\/paracherkaoui.ma\/\",\"name\":\"Paracherkaoui.ma\",\"description\":\"Achetez en ligne sur Paracherkaoui.ma\",\"potentialAction\":[{\"@type\":\"SearchAction\",\"target\":{\"@type\":\"EntryPoint\",\"urlTemplate\":\"https:\/\/paracherkaoui.ma\/?s={search_term_string}\"},\"query-input\":{\"@type\":\"PropertyValueSpecification\",\"valueRequired\":true,\"valueName\":\"search_term_string\"}}],\"inLanguage\":\"fr-FR\"}]}<\/script>\r\n<!-- \/ Yoast SEO plugin. -->","yoast_head_json":{"title":"BAMBO NATURE COUCHES BEBE 5 XL 12 A 18KG 44 UNITES - Paracherkaoui.ma","robots":{"index":"index","follow":"follow","max-snippet":"max-snippet:-1","max-image-preview":"max-image-preview:large","max-video-preview":"max-video-preview:-1"},"canonical":"https:\/\/paracherkaoui.ma\/index.php\/produit\/bambo-nature-couches-bebe-5-xl-12-a-18kg-44-unites\/","og_locale":"fr_FR","og_type":"article","og_title":"BAMBO NATURE COUCHES BEBE 5 XL 12 A 18KG 44 UNITES - Paracherkaoui.ma","og_description":"Une absorption performante et une peau au sec Le syst\u00e8me de canaux absorbants int\u00e9gr\u00e9s permet d&rsquo;\u00e9loigner rapidement l&rsquo;humidit\u00e9 de la","og_url":"https:\/\/paracherkaoui.ma\/index.php\/produit\/bambo-nature-couches-bebe-5-xl-12-a-18kg-44-unites\/","og_site_name":"Paracherkaoui.ma","article_modified_time":"2025-12-12T18:12:58+00:00","og_image":[{"width":700,"height":700,"url":"https:\/\/paracherkaoui.ma\/wp-content\/uploads\/2025\/12\/bambo-nature-bambo-nature-couches-bebe-5-xl-12-a-18kg-44-unites-changes-bebe.jpg","type":"image\/jpeg"}],"twitter_card":"summary_large_image","twitter_misc":{"Dur\u00e9e de lecture estim\u00e9e":"1 minute"},"schema":{"@context":"https:\/\/schema.org","@graph":[{"@type":"WebPage","@id":"https:\/\/paracherkaoui.ma\/index.php\/produit\/bambo-nature-couches-bebe-5-xl-12-a-18kg-44-unites\/","url":"https:\/\/paracherkaoui.ma\/index.php\/produit\/bambo-nature-couches-bebe-5-xl-12-a-18kg-44-unites\/","name":"BAMBO NATURE COUCHES BEBE 5 XL 12 A 18KG 44 UNITES - Paracherkaoui.ma","isPartOf":{"@id":"https:\/\/paracherkaoui.ma\/#website"},"primaryImageOfPage":{"@id":"https:\/\/paracherkaoui.ma\/index.php\/produit\/bambo-nature-couches-bebe-5-xl-12-a-18kg-44-unites\/#primaryimage"},"image":{"@id":"https:\/\/paracherkaoui.ma\/index.php\/produit\/bambo-nature-couches-bebe-5-xl-12-a-18kg-44-unites\/#primaryimage"},"thumbnailUrl":"https:\/\/paracherkaoui.ma\/wp-content\/uploads\/2025\/12\/bambo-nature-bambo-nature-couches-bebe-5-xl-12-a-18kg-44-unites-changes-bebe.jpg","datePublished":"2025-12-12T18:12:53+00:00","dateModified":"2025-12-12T18:12:58+00:00","breadcrumb":{"@id":"https:\/\/paracherkaoui.ma\/index.php\/produit\/bambo-nature-couches-bebe-5-xl-12-a-18kg-44-unites\/#breadcrumb"},"inLanguage":"fr-FR","potentialAction":[{"@type":"ReadAction","target":["https:\/\/paracherkaoui.ma\/index.php\/produit\/bambo-nature-couches-bebe-5-xl-12-a-18kg-44-unites\/"]}]},{"@type":"ImageObject","inLanguage":"fr-FR","@id":"https:\/\/paracherkaoui.ma\/index.php\/produit\/bambo-nature-couches-bebe-5-xl-12-a-18kg-44-unites\/#primaryimage","url":"https:\/\/paracherkaoui.ma\/wp-content\/uploads\/2025\/12\/bambo-nature-bambo-nature-couches-bebe-5-xl-12-a-18kg-44-unites-changes-bebe.jpg","contentUrl":"https:\/\/paracherkaoui.ma\/wp-content\/uploads\/2025\/12\/bambo-nature-bambo-nature-couches-bebe-5-xl-12-a-18kg-44-unites-changes-bebe.jpg","width":700,"height":700},{"@type":"BreadcrumbList","@id":"https:\/\/paracherkaoui.ma\/index.php\/produit\/bambo-nature-couches-bebe-5-xl-12-a-18kg-44-unites\/#breadcrumb","itemListElement":[{"@type":"ListItem","position":1,"name":"Accueil","item":"https:\/\/paracherkaoui.ma\/"},{"@type":"ListItem","position":2,"name":"Boutique","item":"https:\/\/paracherkaoui.ma\/index.php\/boutique\/"},{"@type":"ListItem","position":3,"name":"BAMBO NATURE COUCHES BEBE 5 XL 12 A 18KG 44 UNITES"}]},{"@type":"WebSite","@id":"https:\/\/paracherkaoui.ma\/#website","url":"https:\/\/paracherkaoui.ma\/","name":"Paracherkaoui.ma","description":"Achetez en ligne sur Paracherkaoui.ma","potentialAction":[{"@type":"SearchAction","target":{"@type":"EntryPoint","urlTemplate":"https:\/\/paracherkaoui.ma\/?s={search_term_string}"},"query-input":{"@type":"PropertyValueSpecification","valueRequired":true,"valueName":"search_term_string"}}],"inLanguage":"fr-FR"}]}},"_links":{"self":[{"href":"https:\/\/paracherkaoui.ma\/index.php\/wp-json\/wp\/v2\/product\/44280","targetHints":{"allow":["GET"]}}],"collection":[{"href":"https:\/\/paracherkaoui.ma\/index.php\/wp-json\/wp\/v2\/product"}],"about":[{"href":"https:\/\/paracherkaoui.ma\/index.php\/wp-json\/wp\/v2\/types\/product"}],"replies":[{"embeddable":true,"href":"https:\/\/paracherkaoui.ma\/index.php\/wp-json\/wp\/v2\/comments?post=44280"}],"version-history":[{"count":1,"href":"https:\/\/paracherkaoui.ma\/index.php\/wp-json\/wp\/v2\/product\/44280\/revisions"}],"predecessor-version":[{"id":44323,"href":"https:\/\/paracherkaoui.ma\/index.php\/wp-json\/wp\/v2\/product\/44280\/revisions\/44323"}],"wp:featuredmedia":[{"embeddable":true,"href":"https:\/\/paracherkaoui.ma\/index.php\/wp-json\/wp\/v2\/media\/44322"}],"wp:attachment":[{"href":"https:\/\/paracherkaoui.ma\/index.php\/wp-json\/wp\/v2\/media?parent=44280"}],"wp:term":[{"taxonomy":"product_brand","embeddable":true,"href":"https:\/\/paracherkaoui.ma\/index.php\/wp-json\/wp\/v2\/product_brand?post=44280"},{"taxonomy":"product_cat","embeddable":true,"href":"https:\/\/paracherkaoui.ma\/index.php\/wp-json\/wp\/v2\/product_cat?post=44280"},{"taxonomy":"product_tag","embeddable":true,"href":"https:\/\/paracherkaoui.ma\/index.php\/wp-json\/wp\/v2\/product_tag?post=44280"}],"curies":[{"name":"wp","href":"https:\/\/api.w.org\/{rel}","templated":true}]}}