{"id":44275,"date":"2025-12-12T19:12:53","date_gmt":"2025-12-12T18:12:53","guid":{"rendered":"https:\/\/test.ecbeaute.com\/?post_type=product&#038;p=44275"},"modified":"2025-12-12T19:12:57","modified_gmt":"2025-12-12T18:12:57","slug":"bambo-nature-culotte-dapprentissage-taille-6-15-kg","status":"publish","type":"product","link":"https:\/\/paracherkaoui.ma\/index.php\/produit\/bambo-nature-culotte-dapprentissage-taille-6-15-kg\/","title":{"rendered":"BAMBO NATURE CULOTTE D&rsquo;APPRENTISSAGE TAILLE 6 15 KG +"},"content":{"rendered":"<p>Une technologie d\u2019absorption avanc\u00e9e pour une peau saine<br \/>\nLe syst\u00e8me d&rsquo;absorption performant des culottes Bambo Nature assure une \u00e9vacuation rapide de l\u2019humidit\u00e9, maintenant la peau de votre enfant bien au sec et minimisant ainsi les risques d\u2019\u00e9ryth\u00e8me fessier. Son c\u0153ur absorbant innovant se g\u00e9lifie au contact de l\u2019humidit\u00e9 et neutralise les mauvaises odeurs gr\u00e2ce \u00e0 son action anti-ammoniaque. De plus, un indicateur d\u2019humidit\u00e9 pratique vous signale lorsqu\u2019il est temps de changer la culotte, offrant un confort optimal \u00e0 votre b\u00e9b\u00e9.<br \/>\nCaract\u00e9ristiques et avantages:<br \/>\nAdaptation morphologique et libert\u00e9 de mouvement :<br \/>\nSa conception anatomique \u00e9pouse parfaitement les formes de l&rsquo;enfant, permettant une grande libert\u00e9 de mouvement et r\u00e9duisant les risques de fuites.<br \/>\nLes c\u00f4t\u00e9s souples et faciles \u00e0 enlever et \u00e0 remettre, comme un sous-v\u00eatement, facilitent l&rsquo;apprentissage de l&rsquo;autonomie.<br \/>\nProtection optimale et confort :<br \/>\nLes canaux absorbants drainent rapidement les liquides, \u00e9loignant l&rsquo;humidit\u00e9 de la peau et minimisant les risques d&rsquo;\u00e9ryth\u00e8me fessier.<br \/>\nLe c\u0153ur absorbant g\u00e9lifie l&rsquo;humidit\u00e9 et neutralise les odeurs, assurant une protection longue dur\u00e9e.<br \/>\nLe voile interne ultra-doux en fibres non-tiss\u00e9es, sans lotion ni parfum, respecte la peau d\u00e9licate de b\u00e9b\u00e9.<br \/>\nl&rsquo;enveloppe externe est respirante, ce qui preserve la peau de b\u00e9b\u00e9.<br \/>\nIndicateur d&rsquo;humidit\u00e9 et praticit\u00e9 :<br \/>\nL&rsquo;indicateur d&rsquo;humidit\u00e9, passant du jaune au bleu, signale le moment id\u00e9al pour changer la culotte.<br \/>\nLa languette autocollante \u00e0 l&rsquo;arri\u00e8re permet de refermer la culotte apr\u00e8s utilisation pour une \u00e9limination hygi\u00e9nique.<br \/>\nConseils d&rsquo;utilisation:<br \/>\nEnfilez la culotte d&rsquo;apprentissage comme un sous-v\u00eatement.<br \/>\nV\u00e9rifiez r\u00e9guli\u00e8rement l&rsquo;indicateur d&rsquo;humidit\u00e9 pour savoir quand changer la culotte.<br \/>\nPour retirer la culotte, d\u00e9chirez les c\u00f4t\u00e9s souples.<br \/>\nRefermez la culotte \u00e0 l&rsquo;aide de la languette autocollante avant de la jeter.<\/p>\n","protected":false},"excerpt":{"rendered":"<p>Une technologie d\u2019absorption avanc\u00e9e pour une peau saine Le syst\u00e8me d&rsquo;absorption performant des culottes Bambo Nature assure une \u00e9vacuation rapide<\/p>\n","protected":false},"featured_media":44314,"comment_status":"open","ping_status":"closed","template":"","meta":[],"product_brand":[775],"product_cat":[773],"product_tag":[],"class_list":{"0":"post-44275","1":"product","2":"type-product","3":"status-publish","4":"has-post-thumbnail","6":"product_brand-bambo-nature","7":"product_cat-changes-bebe","9":"first","10":"instock","11":"sale","12":"shipping-taxable","13":"purchasable","14":"product-type-simple"},"yoast_head":"<!-- This site is optimized with the Yoast SEO plugin v26.6 - https:\/\/yoast.com\/wordpress\/plugins\/seo\/ -->\r\n<title>BAMBO NATURE CULOTTE D&#039;APPRENTISSAGE TAILLE 6 15 KG + - Paracherkaoui.ma<\/title>\r\n<meta name=\"robots\" content=\"index, follow, max-snippet:-1, max-image-preview:large, max-video-preview:-1\" \/>\r\n<link rel=\"canonical\" href=\"https:\/\/paracherkaoui.ma\/index.php\/produit\/bambo-nature-culotte-dapprentissage-taille-6-15-kg\/\" \/>\r\n<meta property=\"og:locale\" content=\"fr_FR\" \/>\r\n<meta property=\"og:type\" content=\"article\" \/>\r\n<meta property=\"og:title\" content=\"BAMBO NATURE CULOTTE D&#039;APPRENTISSAGE TAILLE 6 15 KG + - Paracherkaoui.ma\" \/>\r\n<meta property=\"og:description\" content=\"Une technologie d\u2019absorption avanc\u00e9e pour une peau saine Le syst\u00e8me d&rsquo;absorption performant des culottes Bambo Nature assure une \u00e9vacuation rapide\" \/>\r\n<meta property=\"og:url\" content=\"https:\/\/paracherkaoui.ma\/index.php\/produit\/bambo-nature-culotte-dapprentissage-taille-6-15-kg\/\" \/>\r\n<meta property=\"og:site_name\" content=\"Paracherkaoui.ma\" \/>\r\n<meta property=\"article:modified_time\" content=\"2025-12-12T18:12:57+00:00\" \/>\r\n<meta property=\"og:image\" content=\"https:\/\/paracherkaoui.ma\/wp-content\/uploads\/2025\/12\/bambo-nature-bambo-nature-culotte-dapprentissage-taille-6-15-kg-changes-bebe.jpg\" \/>\r\n\t<meta property=\"og:image:width\" content=\"700\" \/>\r\n\t<meta property=\"og:image:height\" content=\"700\" \/>\r\n\t<meta property=\"og:image:type\" content=\"image\/jpeg\" \/>\r\n<meta name=\"twitter:card\" content=\"summary_large_image\" \/>\r\n<meta name=\"twitter:label1\" content=\"Dur\u00e9e de lecture estim\u00e9e\" \/>\n\t<meta name=\"twitter:data1\" content=\"1 minute\" \/>\r\n<script type=\"application\/ld+json\" class=\"yoast-schema-graph\">{\"@context\":\"https:\/\/schema.org\",\"@graph\":[{\"@type\":\"WebPage\",\"@id\":\"https:\/\/paracherkaoui.ma\/index.php\/produit\/bambo-nature-culotte-dapprentissage-taille-6-15-kg\/\",\"url\":\"https:\/\/paracherkaoui.ma\/index.php\/produit\/bambo-nature-culotte-dapprentissage-taille-6-15-kg\/\",\"name\":\"BAMBO NATURE CULOTTE D'APPRENTISSAGE TAILLE 6 15 KG + - Paracherkaoui.ma\",\"isPartOf\":{\"@id\":\"https:\/\/paracherkaoui.ma\/#website\"},\"primaryImageOfPage\":{\"@id\":\"https:\/\/paracherkaoui.ma\/index.php\/produit\/bambo-nature-culotte-dapprentissage-taille-6-15-kg\/#primaryimage\"},\"image\":{\"@id\":\"https:\/\/paracherkaoui.ma\/index.php\/produit\/bambo-nature-culotte-dapprentissage-taille-6-15-kg\/#primaryimage\"},\"thumbnailUrl\":\"https:\/\/paracherkaoui.ma\/wp-content\/uploads\/2025\/12\/bambo-nature-bambo-nature-culotte-dapprentissage-taille-6-15-kg-changes-bebe.jpg\",\"datePublished\":\"2025-12-12T18:12:53+00:00\",\"dateModified\":\"2025-12-12T18:12:57+00:00\",\"breadcrumb\":{\"@id\":\"https:\/\/paracherkaoui.ma\/index.php\/produit\/bambo-nature-culotte-dapprentissage-taille-6-15-kg\/#breadcrumb\"},\"inLanguage\":\"fr-FR\",\"potentialAction\":[{\"@type\":\"ReadAction\",\"target\":[\"https:\/\/paracherkaoui.ma\/index.php\/produit\/bambo-nature-culotte-dapprentissage-taille-6-15-kg\/\"]}]},{\"@type\":\"ImageObject\",\"inLanguage\":\"fr-FR\",\"@id\":\"https:\/\/paracherkaoui.ma\/index.php\/produit\/bambo-nature-culotte-dapprentissage-taille-6-15-kg\/#primaryimage\",\"url\":\"https:\/\/paracherkaoui.ma\/wp-content\/uploads\/2025\/12\/bambo-nature-bambo-nature-culotte-dapprentissage-taille-6-15-kg-changes-bebe.jpg\",\"contentUrl\":\"https:\/\/paracherkaoui.ma\/wp-content\/uploads\/2025\/12\/bambo-nature-bambo-nature-culotte-dapprentissage-taille-6-15-kg-changes-bebe.jpg\",\"width\":700,\"height\":700},{\"@type\":\"BreadcrumbList\",\"@id\":\"https:\/\/paracherkaoui.ma\/index.php\/produit\/bambo-nature-culotte-dapprentissage-taille-6-15-kg\/#breadcrumb\",\"itemListElement\":[{\"@type\":\"ListItem\",\"position\":1,\"name\":\"Accueil\",\"item\":\"https:\/\/paracherkaoui.ma\/\"},{\"@type\":\"ListItem\",\"position\":2,\"name\":\"Boutique\",\"item\":\"https:\/\/paracherkaoui.ma\/index.php\/boutique\/\"},{\"@type\":\"ListItem\",\"position\":3,\"name\":\"BAMBO NATURE CULOTTE D&rsquo;APPRENTISSAGE TAILLE 6 15 KG +\"}]},{\"@type\":\"WebSite\",\"@id\":\"https:\/\/paracherkaoui.ma\/#website\",\"url\":\"https:\/\/paracherkaoui.ma\/\",\"name\":\"Paracherkaoui.ma\",\"description\":\"Achetez en ligne sur Paracherkaoui.ma\",\"potentialAction\":[{\"@type\":\"SearchAction\",\"target\":{\"@type\":\"EntryPoint\",\"urlTemplate\":\"https:\/\/paracherkaoui.ma\/?s={search_term_string}\"},\"query-input\":{\"@type\":\"PropertyValueSpecification\",\"valueRequired\":true,\"valueName\":\"search_term_string\"}}],\"inLanguage\":\"fr-FR\"}]}<\/script>\r\n<!-- \/ Yoast SEO plugin. -->","yoast_head_json":{"title":"BAMBO NATURE CULOTTE D'APPRENTISSAGE TAILLE 6 15 KG + - Paracherkaoui.ma","robots":{"index":"index","follow":"follow","max-snippet":"max-snippet:-1","max-image-preview":"max-image-preview:large","max-video-preview":"max-video-preview:-1"},"canonical":"https:\/\/paracherkaoui.ma\/index.php\/produit\/bambo-nature-culotte-dapprentissage-taille-6-15-kg\/","og_locale":"fr_FR","og_type":"article","og_title":"BAMBO NATURE CULOTTE D'APPRENTISSAGE TAILLE 6 15 KG + - Paracherkaoui.ma","og_description":"Une technologie d\u2019absorption avanc\u00e9e pour une peau saine Le syst\u00e8me d&rsquo;absorption performant des culottes Bambo Nature assure une \u00e9vacuation rapide","og_url":"https:\/\/paracherkaoui.ma\/index.php\/produit\/bambo-nature-culotte-dapprentissage-taille-6-15-kg\/","og_site_name":"Paracherkaoui.ma","article_modified_time":"2025-12-12T18:12:57+00:00","og_image":[{"width":700,"height":700,"url":"https:\/\/paracherkaoui.ma\/wp-content\/uploads\/2025\/12\/bambo-nature-bambo-nature-culotte-dapprentissage-taille-6-15-kg-changes-bebe.jpg","type":"image\/jpeg"}],"twitter_card":"summary_large_image","twitter_misc":{"Dur\u00e9e de lecture estim\u00e9e":"1 minute"},"schema":{"@context":"https:\/\/schema.org","@graph":[{"@type":"WebPage","@id":"https:\/\/paracherkaoui.ma\/index.php\/produit\/bambo-nature-culotte-dapprentissage-taille-6-15-kg\/","url":"https:\/\/paracherkaoui.ma\/index.php\/produit\/bambo-nature-culotte-dapprentissage-taille-6-15-kg\/","name":"BAMBO NATURE CULOTTE D'APPRENTISSAGE TAILLE 6 15 KG + - Paracherkaoui.ma","isPartOf":{"@id":"https:\/\/paracherkaoui.ma\/#website"},"primaryImageOfPage":{"@id":"https:\/\/paracherkaoui.ma\/index.php\/produit\/bambo-nature-culotte-dapprentissage-taille-6-15-kg\/#primaryimage"},"image":{"@id":"https:\/\/paracherkaoui.ma\/index.php\/produit\/bambo-nature-culotte-dapprentissage-taille-6-15-kg\/#primaryimage"},"thumbnailUrl":"https:\/\/paracherkaoui.ma\/wp-content\/uploads\/2025\/12\/bambo-nature-bambo-nature-culotte-dapprentissage-taille-6-15-kg-changes-bebe.jpg","datePublished":"2025-12-12T18:12:53+00:00","dateModified":"2025-12-12T18:12:57+00:00","breadcrumb":{"@id":"https:\/\/paracherkaoui.ma\/index.php\/produit\/bambo-nature-culotte-dapprentissage-taille-6-15-kg\/#breadcrumb"},"inLanguage":"fr-FR","potentialAction":[{"@type":"ReadAction","target":["https:\/\/paracherkaoui.ma\/index.php\/produit\/bambo-nature-culotte-dapprentissage-taille-6-15-kg\/"]}]},{"@type":"ImageObject","inLanguage":"fr-FR","@id":"https:\/\/paracherkaoui.ma\/index.php\/produit\/bambo-nature-culotte-dapprentissage-taille-6-15-kg\/#primaryimage","url":"https:\/\/paracherkaoui.ma\/wp-content\/uploads\/2025\/12\/bambo-nature-bambo-nature-culotte-dapprentissage-taille-6-15-kg-changes-bebe.jpg","contentUrl":"https:\/\/paracherkaoui.ma\/wp-content\/uploads\/2025\/12\/bambo-nature-bambo-nature-culotte-dapprentissage-taille-6-15-kg-changes-bebe.jpg","width":700,"height":700},{"@type":"BreadcrumbList","@id":"https:\/\/paracherkaoui.ma\/index.php\/produit\/bambo-nature-culotte-dapprentissage-taille-6-15-kg\/#breadcrumb","itemListElement":[{"@type":"ListItem","position":1,"name":"Accueil","item":"https:\/\/paracherkaoui.ma\/"},{"@type":"ListItem","position":2,"name":"Boutique","item":"https:\/\/paracherkaoui.ma\/index.php\/boutique\/"},{"@type":"ListItem","position":3,"name":"BAMBO NATURE CULOTTE D&rsquo;APPRENTISSAGE TAILLE 6 15 KG +"}]},{"@type":"WebSite","@id":"https:\/\/paracherkaoui.ma\/#website","url":"https:\/\/paracherkaoui.ma\/","name":"Paracherkaoui.ma","description":"Achetez en ligne sur Paracherkaoui.ma","potentialAction":[{"@type":"SearchAction","target":{"@type":"EntryPoint","urlTemplate":"https:\/\/paracherkaoui.ma\/?s={search_term_string}"},"query-input":{"@type":"PropertyValueSpecification","valueRequired":true,"valueName":"search_term_string"}}],"inLanguage":"fr-FR"}]}},"_links":{"self":[{"href":"https:\/\/paracherkaoui.ma\/index.php\/wp-json\/wp\/v2\/product\/44275","targetHints":{"allow":["GET"]}}],"collection":[{"href":"https:\/\/paracherkaoui.ma\/index.php\/wp-json\/wp\/v2\/product"}],"about":[{"href":"https:\/\/paracherkaoui.ma\/index.php\/wp-json\/wp\/v2\/types\/product"}],"replies":[{"embeddable":true,"href":"https:\/\/paracherkaoui.ma\/index.php\/wp-json\/wp\/v2\/comments?post=44275"}],"version-history":[{"count":1,"href":"https:\/\/paracherkaoui.ma\/index.php\/wp-json\/wp\/v2\/product\/44275\/revisions"}],"predecessor-version":[{"id":44315,"href":"https:\/\/paracherkaoui.ma\/index.php\/wp-json\/wp\/v2\/product\/44275\/revisions\/44315"}],"wp:featuredmedia":[{"embeddable":true,"href":"https:\/\/paracherkaoui.ma\/index.php\/wp-json\/wp\/v2\/media\/44314"}],"wp:attachment":[{"href":"https:\/\/paracherkaoui.ma\/index.php\/wp-json\/wp\/v2\/media?parent=44275"}],"wp:term":[{"taxonomy":"product_brand","embeddable":true,"href":"https:\/\/paracherkaoui.ma\/index.php\/wp-json\/wp\/v2\/product_brand?post=44275"},{"taxonomy":"product_cat","embeddable":true,"href":"https:\/\/paracherkaoui.ma\/index.php\/wp-json\/wp\/v2\/product_cat?post=44275"},{"taxonomy":"product_tag","embeddable":true,"href":"https:\/\/paracherkaoui.ma\/index.php\/wp-json\/wp\/v2\/product_tag?post=44275"}],"curies":[{"name":"wp","href":"https:\/\/api.w.org\/{rel}","templated":true}]}}