{"id":44265,"date":"2025-12-12T19:12:52","date_gmt":"2025-12-12T18:12:52","guid":{"rendered":"https:\/\/test.ecbeaute.com\/?post_type=product&#038;p=44265"},"modified":"2025-12-12T19:12:55","modified_gmt":"2025-12-12T18:12:55","slug":"dodie-eau-nettoyante-3-en-1-pompe-500ml","status":"publish","type":"product","link":"https:\/\/paracherkaoui.ma\/index.php\/produit\/dodie-eau-nettoyante-3-en-1-pompe-500ml\/","title":{"rendered":"DODIE EAU NETTOYANTE 3 EN 1 POMPE 500ML"},"content":{"rendered":"<p>Description:<br \/>\nCompos\u00e9e d&rsquo;un trio exclusif d&rsquo;actifs (eau thermale d&rsquo;hamam\u00e9lis bio + extrait d&rsquo;aloe vera bio + extrait de coton bio), l&rsquo;eau nettoyante Dodie prot\u00e8ge et apaise l&rsquo;\u00e9piderme fragile de b\u00e9b\u00e9, tout en lui apportant confort et hydratation. Sans rin\u00e7age, elle nettoie efficacement et en douceur en \u00e9liminant toutes les impuret\u00e9s su si\u00e8ge, du visage ou du corps de b\u00e9b\u00e9, sans dess\u00e9cher, ni irriter. Sa texture fra\u00eeche et non collante laisse la peau de b\u00e9b\u00e9 douce, propre et nette, d\u00e9licatement parfum\u00e9e.<br \/>\nSp\u00e9cialement con\u00e7ue pour la peau sensible des touts-petits d\u00e8s la naissance, l&rsquo;eau nettoyante 3en-1 Dodie est hypoallerg\u00e9nique, sans paraben, sans ph\u00e9noxyethanol, sans MIT, sans phtalates.<br \/>\nCONSEILS D&rsquo;UTILISATION :<br \/>\nAppliquer sur un coton puis nettoyer le si\u00e8ge, le visage et les mains de b\u00e9b\u00e9.<br \/>\nInutile de rincer le produit. Appliquer sur peau saine uniquement.<\/p>\n","protected":false},"excerpt":{"rendered":"<p>Description: Compos\u00e9e d&rsquo;un trio exclusif d&rsquo;actifs (eau thermale d&rsquo;hamam\u00e9lis bio + extrait d&rsquo;aloe vera bio + extrait de coton bio),<\/p>\n","protected":false},"featured_media":44298,"comment_status":"open","ping_status":"closed","template":"","meta":[],"product_brand":[725],"product_cat":[773],"product_tag":[],"class_list":{"0":"post-44265","1":"product","2":"type-product","3":"status-publish","4":"has-post-thumbnail","6":"product_brand-dodie","7":"product_cat-changes-bebe","9":"first","10":"instock","11":"sale","12":"shipping-taxable","13":"purchasable","14":"product-type-simple"},"yoast_head":"<!-- This site is optimized with the Yoast SEO plugin v26.6 - https:\/\/yoast.com\/wordpress\/plugins\/seo\/ -->\r\n<title>DODIE EAU NETTOYANTE 3 EN 1 POMPE 500ML - Paracherkaoui.ma<\/title>\r\n<meta name=\"robots\" content=\"index, follow, max-snippet:-1, max-image-preview:large, max-video-preview:-1\" \/>\r\n<link rel=\"canonical\" href=\"https:\/\/paracherkaoui.ma\/index.php\/produit\/dodie-eau-nettoyante-3-en-1-pompe-500ml\/\" \/>\r\n<meta property=\"og:locale\" content=\"fr_FR\" \/>\r\n<meta property=\"og:type\" content=\"article\" \/>\r\n<meta property=\"og:title\" content=\"DODIE EAU NETTOYANTE 3 EN 1 POMPE 500ML - Paracherkaoui.ma\" \/>\r\n<meta property=\"og:description\" content=\"Description: Compos\u00e9e d&rsquo;un trio exclusif d&rsquo;actifs (eau thermale d&rsquo;hamam\u00e9lis bio + extrait d&rsquo;aloe vera bio + extrait de coton bio),\" \/>\r\n<meta property=\"og:url\" content=\"https:\/\/paracherkaoui.ma\/index.php\/produit\/dodie-eau-nettoyante-3-en-1-pompe-500ml\/\" \/>\r\n<meta property=\"og:site_name\" content=\"Paracherkaoui.ma\" \/>\r\n<meta property=\"article:modified_time\" content=\"2025-12-12T18:12:55+00:00\" \/>\r\n<meta property=\"og:image\" content=\"https:\/\/paracherkaoui.ma\/wp-content\/uploads\/2025\/12\/dodie-eau-nettoyante-3-en-1-pompe-500ml.jpg\" \/>\r\n\t<meta property=\"og:image:width\" content=\"700\" \/>\r\n\t<meta property=\"og:image:height\" content=\"700\" \/>\r\n\t<meta property=\"og:image:type\" content=\"image\/jpeg\" \/>\r\n<meta name=\"twitter:card\" content=\"summary_large_image\" \/>\r\n<meta name=\"twitter:label1\" content=\"Dur\u00e9e de lecture estim\u00e9e\" \/>\n\t<meta name=\"twitter:data1\" content=\"1 minute\" \/>\r\n<script type=\"application\/ld+json\" class=\"yoast-schema-graph\">{\"@context\":\"https:\/\/schema.org\",\"@graph\":[{\"@type\":\"WebPage\",\"@id\":\"https:\/\/paracherkaoui.ma\/index.php\/produit\/dodie-eau-nettoyante-3-en-1-pompe-500ml\/\",\"url\":\"https:\/\/paracherkaoui.ma\/index.php\/produit\/dodie-eau-nettoyante-3-en-1-pompe-500ml\/\",\"name\":\"DODIE EAU NETTOYANTE 3 EN 1 POMPE 500ML - Paracherkaoui.ma\",\"isPartOf\":{\"@id\":\"https:\/\/paracherkaoui.ma\/#website\"},\"primaryImageOfPage\":{\"@id\":\"https:\/\/paracherkaoui.ma\/index.php\/produit\/dodie-eau-nettoyante-3-en-1-pompe-500ml\/#primaryimage\"},\"image\":{\"@id\":\"https:\/\/paracherkaoui.ma\/index.php\/produit\/dodie-eau-nettoyante-3-en-1-pompe-500ml\/#primaryimage\"},\"thumbnailUrl\":\"https:\/\/paracherkaoui.ma\/wp-content\/uploads\/2025\/12\/dodie-eau-nettoyante-3-en-1-pompe-500ml.jpg\",\"datePublished\":\"2025-12-12T18:12:52+00:00\",\"dateModified\":\"2025-12-12T18:12:55+00:00\",\"breadcrumb\":{\"@id\":\"https:\/\/paracherkaoui.ma\/index.php\/produit\/dodie-eau-nettoyante-3-en-1-pompe-500ml\/#breadcrumb\"},\"inLanguage\":\"fr-FR\",\"potentialAction\":[{\"@type\":\"ReadAction\",\"target\":[\"https:\/\/paracherkaoui.ma\/index.php\/produit\/dodie-eau-nettoyante-3-en-1-pompe-500ml\/\"]}]},{\"@type\":\"ImageObject\",\"inLanguage\":\"fr-FR\",\"@id\":\"https:\/\/paracherkaoui.ma\/index.php\/produit\/dodie-eau-nettoyante-3-en-1-pompe-500ml\/#primaryimage\",\"url\":\"https:\/\/paracherkaoui.ma\/wp-content\/uploads\/2025\/12\/dodie-eau-nettoyante-3-en-1-pompe-500ml.jpg\",\"contentUrl\":\"https:\/\/paracherkaoui.ma\/wp-content\/uploads\/2025\/12\/dodie-eau-nettoyante-3-en-1-pompe-500ml.jpg\",\"width\":700,\"height\":700},{\"@type\":\"BreadcrumbList\",\"@id\":\"https:\/\/paracherkaoui.ma\/index.php\/produit\/dodie-eau-nettoyante-3-en-1-pompe-500ml\/#breadcrumb\",\"itemListElement\":[{\"@type\":\"ListItem\",\"position\":1,\"name\":\"Accueil\",\"item\":\"https:\/\/paracherkaoui.ma\/\"},{\"@type\":\"ListItem\",\"position\":2,\"name\":\"Boutique\",\"item\":\"https:\/\/paracherkaoui.ma\/index.php\/boutique\/\"},{\"@type\":\"ListItem\",\"position\":3,\"name\":\"DODIE EAU NETTOYANTE 3 EN 1 POMPE 500ML\"}]},{\"@type\":\"WebSite\",\"@id\":\"https:\/\/paracherkaoui.ma\/#website\",\"url\":\"https:\/\/paracherkaoui.ma\/\",\"name\":\"Paracherkaoui.ma\",\"description\":\"Achetez en ligne sur Paracherkaoui.ma\",\"potentialAction\":[{\"@type\":\"SearchAction\",\"target\":{\"@type\":\"EntryPoint\",\"urlTemplate\":\"https:\/\/paracherkaoui.ma\/?s={search_term_string}\"},\"query-input\":{\"@type\":\"PropertyValueSpecification\",\"valueRequired\":true,\"valueName\":\"search_term_string\"}}],\"inLanguage\":\"fr-FR\"}]}<\/script>\r\n<!-- \/ Yoast SEO plugin. -->","yoast_head_json":{"title":"DODIE EAU NETTOYANTE 3 EN 1 POMPE 500ML - Paracherkaoui.ma","robots":{"index":"index","follow":"follow","max-snippet":"max-snippet:-1","max-image-preview":"max-image-preview:large","max-video-preview":"max-video-preview:-1"},"canonical":"https:\/\/paracherkaoui.ma\/index.php\/produit\/dodie-eau-nettoyante-3-en-1-pompe-500ml\/","og_locale":"fr_FR","og_type":"article","og_title":"DODIE EAU NETTOYANTE 3 EN 1 POMPE 500ML - Paracherkaoui.ma","og_description":"Description: Compos\u00e9e d&rsquo;un trio exclusif d&rsquo;actifs (eau thermale d&rsquo;hamam\u00e9lis bio + extrait d&rsquo;aloe vera bio + extrait de coton bio),","og_url":"https:\/\/paracherkaoui.ma\/index.php\/produit\/dodie-eau-nettoyante-3-en-1-pompe-500ml\/","og_site_name":"Paracherkaoui.ma","article_modified_time":"2025-12-12T18:12:55+00:00","og_image":[{"width":700,"height":700,"url":"https:\/\/paracherkaoui.ma\/wp-content\/uploads\/2025\/12\/dodie-eau-nettoyante-3-en-1-pompe-500ml.jpg","type":"image\/jpeg"}],"twitter_card":"summary_large_image","twitter_misc":{"Dur\u00e9e de lecture estim\u00e9e":"1 minute"},"schema":{"@context":"https:\/\/schema.org","@graph":[{"@type":"WebPage","@id":"https:\/\/paracherkaoui.ma\/index.php\/produit\/dodie-eau-nettoyante-3-en-1-pompe-500ml\/","url":"https:\/\/paracherkaoui.ma\/index.php\/produit\/dodie-eau-nettoyante-3-en-1-pompe-500ml\/","name":"DODIE EAU NETTOYANTE 3 EN 1 POMPE 500ML - Paracherkaoui.ma","isPartOf":{"@id":"https:\/\/paracherkaoui.ma\/#website"},"primaryImageOfPage":{"@id":"https:\/\/paracherkaoui.ma\/index.php\/produit\/dodie-eau-nettoyante-3-en-1-pompe-500ml\/#primaryimage"},"image":{"@id":"https:\/\/paracherkaoui.ma\/index.php\/produit\/dodie-eau-nettoyante-3-en-1-pompe-500ml\/#primaryimage"},"thumbnailUrl":"https:\/\/paracherkaoui.ma\/wp-content\/uploads\/2025\/12\/dodie-eau-nettoyante-3-en-1-pompe-500ml.jpg","datePublished":"2025-12-12T18:12:52+00:00","dateModified":"2025-12-12T18:12:55+00:00","breadcrumb":{"@id":"https:\/\/paracherkaoui.ma\/index.php\/produit\/dodie-eau-nettoyante-3-en-1-pompe-500ml\/#breadcrumb"},"inLanguage":"fr-FR","potentialAction":[{"@type":"ReadAction","target":["https:\/\/paracherkaoui.ma\/index.php\/produit\/dodie-eau-nettoyante-3-en-1-pompe-500ml\/"]}]},{"@type":"ImageObject","inLanguage":"fr-FR","@id":"https:\/\/paracherkaoui.ma\/index.php\/produit\/dodie-eau-nettoyante-3-en-1-pompe-500ml\/#primaryimage","url":"https:\/\/paracherkaoui.ma\/wp-content\/uploads\/2025\/12\/dodie-eau-nettoyante-3-en-1-pompe-500ml.jpg","contentUrl":"https:\/\/paracherkaoui.ma\/wp-content\/uploads\/2025\/12\/dodie-eau-nettoyante-3-en-1-pompe-500ml.jpg","width":700,"height":700},{"@type":"BreadcrumbList","@id":"https:\/\/paracherkaoui.ma\/index.php\/produit\/dodie-eau-nettoyante-3-en-1-pompe-500ml\/#breadcrumb","itemListElement":[{"@type":"ListItem","position":1,"name":"Accueil","item":"https:\/\/paracherkaoui.ma\/"},{"@type":"ListItem","position":2,"name":"Boutique","item":"https:\/\/paracherkaoui.ma\/index.php\/boutique\/"},{"@type":"ListItem","position":3,"name":"DODIE EAU NETTOYANTE 3 EN 1 POMPE 500ML"}]},{"@type":"WebSite","@id":"https:\/\/paracherkaoui.ma\/#website","url":"https:\/\/paracherkaoui.ma\/","name":"Paracherkaoui.ma","description":"Achetez en ligne sur Paracherkaoui.ma","potentialAction":[{"@type":"SearchAction","target":{"@type":"EntryPoint","urlTemplate":"https:\/\/paracherkaoui.ma\/?s={search_term_string}"},"query-input":{"@type":"PropertyValueSpecification","valueRequired":true,"valueName":"search_term_string"}}],"inLanguage":"fr-FR"}]}},"_links":{"self":[{"href":"https:\/\/paracherkaoui.ma\/index.php\/wp-json\/wp\/v2\/product\/44265","targetHints":{"allow":["GET"]}}],"collection":[{"href":"https:\/\/paracherkaoui.ma\/index.php\/wp-json\/wp\/v2\/product"}],"about":[{"href":"https:\/\/paracherkaoui.ma\/index.php\/wp-json\/wp\/v2\/types\/product"}],"replies":[{"embeddable":true,"href":"https:\/\/paracherkaoui.ma\/index.php\/wp-json\/wp\/v2\/comments?post=44265"}],"version-history":[{"count":1,"href":"https:\/\/paracherkaoui.ma\/index.php\/wp-json\/wp\/v2\/product\/44265\/revisions"}],"predecessor-version":[{"id":44299,"href":"https:\/\/paracherkaoui.ma\/index.php\/wp-json\/wp\/v2\/product\/44265\/revisions\/44299"}],"wp:featuredmedia":[{"embeddable":true,"href":"https:\/\/paracherkaoui.ma\/index.php\/wp-json\/wp\/v2\/media\/44298"}],"wp:attachment":[{"href":"https:\/\/paracherkaoui.ma\/index.php\/wp-json\/wp\/v2\/media?parent=44265"}],"wp:term":[{"taxonomy":"product_brand","embeddable":true,"href":"https:\/\/paracherkaoui.ma\/index.php\/wp-json\/wp\/v2\/product_brand?post=44265"},{"taxonomy":"product_cat","embeddable":true,"href":"https:\/\/paracherkaoui.ma\/index.php\/wp-json\/wp\/v2\/product_cat?post=44265"},{"taxonomy":"product_tag","embeddable":true,"href":"https:\/\/paracherkaoui.ma\/index.php\/wp-json\/wp\/v2\/product_tag?post=44265"}],"curies":[{"name":"wp","href":"https:\/\/api.w.org\/{rel}","templated":true}]}}