{"id":44191,"date":"2025-12-12T19:12:42","date_gmt":"2025-12-12T18:12:42","guid":{"rendered":"https:\/\/test.ecbeaute.com\/?post_type=product&#038;p=44191"},"modified":"2025-12-12T19:12:49","modified_gmt":"2025-12-12T18:12:49","slug":"camomilla-blu-deo-fresh-4-5-ph-300-ml","status":"publish","type":"product","link":"https:\/\/paracherkaoui.ma\/index.php\/produit\/camomilla-blu-deo-fresh-4-5-ph-300-ml\/","title":{"rendered":"CAMOMILLA BLU DEO FRESH 4.5 PH 300 ML"},"content":{"rendered":"<p>Nettoyant doux formul\u00e9 pour les peaux les plus d\u00e9licates comme celles de b\u00e9b\u00e9. Il respecte le film hydrolipidique de la peau, laisse la peau douce et velout\u00e9e et r\u00e9duit les risques de rougeurs dus \u00e0 la s\u00e9cheresse et \u00e0 la d\u00e9shydratation.<\/p>\n","protected":false},"excerpt":{"rendered":"<p>Nettoyant doux formul\u00e9 pour les peaux les plus d\u00e9licates comme celles de b\u00e9b\u00e9. Il respecte le film hydrolipidique de la<\/p>\n","protected":false},"featured_media":44238,"comment_status":"open","ping_status":"closed","template":"","meta":[],"product_brand":[239],"product_cat":[773],"product_tag":[],"class_list":{"0":"post-44191","1":"product","2":"type-product","3":"status-publish","4":"has-post-thumbnail","6":"product_brand-camomilla-blu","7":"product_cat-changes-bebe","9":"first","10":"instock","11":"sale","12":"shipping-taxable","13":"purchasable","14":"product-type-simple"},"yoast_head":"<!-- This site is optimized with the Yoast SEO plugin v26.6 - https:\/\/yoast.com\/wordpress\/plugins\/seo\/ -->\r\n<title>CAMOMILLA BLU DEO FRESH 4.5 PH 300 ML - Paracherkaoui.ma<\/title>\r\n<meta name=\"robots\" content=\"index, follow, max-snippet:-1, max-image-preview:large, max-video-preview:-1\" \/>\r\n<link rel=\"canonical\" href=\"https:\/\/paracherkaoui.ma\/index.php\/produit\/camomilla-blu-deo-fresh-4-5-ph-300-ml\/\" \/>\r\n<meta property=\"og:locale\" content=\"fr_FR\" \/>\r\n<meta property=\"og:type\" content=\"article\" \/>\r\n<meta property=\"og:title\" content=\"CAMOMILLA BLU DEO FRESH 4.5 PH 300 ML - Paracherkaoui.ma\" \/>\r\n<meta property=\"og:description\" content=\"Nettoyant doux formul\u00e9 pour les peaux les plus d\u00e9licates comme celles de b\u00e9b\u00e9. Il respecte le film hydrolipidique de la\" \/>\r\n<meta property=\"og:url\" content=\"https:\/\/paracherkaoui.ma\/index.php\/produit\/camomilla-blu-deo-fresh-4-5-ph-300-ml\/\" \/>\r\n<meta property=\"og:site_name\" content=\"Paracherkaoui.ma\" \/>\r\n<meta property=\"article:modified_time\" content=\"2025-12-12T18:12:49+00:00\" \/>\r\n<meta property=\"og:image\" content=\"https:\/\/paracherkaoui.ma\/wp-content\/uploads\/2025\/12\/camomilla-blu-camomilla-blu-deo-fresh-45-ph-300-ml-nettoyants-liniments-et-talcs.jpg\" \/>\r\n\t<meta property=\"og:image:width\" content=\"700\" \/>\r\n\t<meta property=\"og:image:height\" content=\"700\" \/>\r\n\t<meta property=\"og:image:type\" content=\"image\/jpeg\" \/>\r\n<meta name=\"twitter:card\" content=\"summary_large_image\" \/>\r\n<script type=\"application\/ld+json\" class=\"yoast-schema-graph\">{\"@context\":\"https:\/\/schema.org\",\"@graph\":[{\"@type\":\"WebPage\",\"@id\":\"https:\/\/paracherkaoui.ma\/index.php\/produit\/camomilla-blu-deo-fresh-4-5-ph-300-ml\/\",\"url\":\"https:\/\/paracherkaoui.ma\/index.php\/produit\/camomilla-blu-deo-fresh-4-5-ph-300-ml\/\",\"name\":\"CAMOMILLA BLU DEO FRESH 4.5 PH 300 ML - Paracherkaoui.ma\",\"isPartOf\":{\"@id\":\"https:\/\/paracherkaoui.ma\/#website\"},\"primaryImageOfPage\":{\"@id\":\"https:\/\/paracherkaoui.ma\/index.php\/produit\/camomilla-blu-deo-fresh-4-5-ph-300-ml\/#primaryimage\"},\"image\":{\"@id\":\"https:\/\/paracherkaoui.ma\/index.php\/produit\/camomilla-blu-deo-fresh-4-5-ph-300-ml\/#primaryimage\"},\"thumbnailUrl\":\"https:\/\/paracherkaoui.ma\/wp-content\/uploads\/2025\/12\/camomilla-blu-camomilla-blu-deo-fresh-45-ph-300-ml-nettoyants-liniments-et-talcs.jpg\",\"datePublished\":\"2025-12-12T18:12:42+00:00\",\"dateModified\":\"2025-12-12T18:12:49+00:00\",\"breadcrumb\":{\"@id\":\"https:\/\/paracherkaoui.ma\/index.php\/produit\/camomilla-blu-deo-fresh-4-5-ph-300-ml\/#breadcrumb\"},\"inLanguage\":\"fr-FR\",\"potentialAction\":[{\"@type\":\"ReadAction\",\"target\":[\"https:\/\/paracherkaoui.ma\/index.php\/produit\/camomilla-blu-deo-fresh-4-5-ph-300-ml\/\"]}]},{\"@type\":\"ImageObject\",\"inLanguage\":\"fr-FR\",\"@id\":\"https:\/\/paracherkaoui.ma\/index.php\/produit\/camomilla-blu-deo-fresh-4-5-ph-300-ml\/#primaryimage\",\"url\":\"https:\/\/paracherkaoui.ma\/wp-content\/uploads\/2025\/12\/camomilla-blu-camomilla-blu-deo-fresh-45-ph-300-ml-nettoyants-liniments-et-talcs.jpg\",\"contentUrl\":\"https:\/\/paracherkaoui.ma\/wp-content\/uploads\/2025\/12\/camomilla-blu-camomilla-blu-deo-fresh-45-ph-300-ml-nettoyants-liniments-et-talcs.jpg\",\"width\":700,\"height\":700},{\"@type\":\"BreadcrumbList\",\"@id\":\"https:\/\/paracherkaoui.ma\/index.php\/produit\/camomilla-blu-deo-fresh-4-5-ph-300-ml\/#breadcrumb\",\"itemListElement\":[{\"@type\":\"ListItem\",\"position\":1,\"name\":\"Accueil\",\"item\":\"https:\/\/paracherkaoui.ma\/\"},{\"@type\":\"ListItem\",\"position\":2,\"name\":\"Boutique\",\"item\":\"https:\/\/paracherkaoui.ma\/index.php\/boutique\/\"},{\"@type\":\"ListItem\",\"position\":3,\"name\":\"CAMOMILLA BLU DEO FRESH 4.5 PH 300 ML\"}]},{\"@type\":\"WebSite\",\"@id\":\"https:\/\/paracherkaoui.ma\/#website\",\"url\":\"https:\/\/paracherkaoui.ma\/\",\"name\":\"Paracherkaoui.ma\",\"description\":\"Achetez en ligne sur Paracherkaoui.ma\",\"potentialAction\":[{\"@type\":\"SearchAction\",\"target\":{\"@type\":\"EntryPoint\",\"urlTemplate\":\"https:\/\/paracherkaoui.ma\/?s={search_term_string}\"},\"query-input\":{\"@type\":\"PropertyValueSpecification\",\"valueRequired\":true,\"valueName\":\"search_term_string\"}}],\"inLanguage\":\"fr-FR\"}]}<\/script>\r\n<!-- \/ Yoast SEO plugin. -->","yoast_head_json":{"title":"CAMOMILLA BLU DEO FRESH 4.5 PH 300 ML - Paracherkaoui.ma","robots":{"index":"index","follow":"follow","max-snippet":"max-snippet:-1","max-image-preview":"max-image-preview:large","max-video-preview":"max-video-preview:-1"},"canonical":"https:\/\/paracherkaoui.ma\/index.php\/produit\/camomilla-blu-deo-fresh-4-5-ph-300-ml\/","og_locale":"fr_FR","og_type":"article","og_title":"CAMOMILLA BLU DEO FRESH 4.5 PH 300 ML - Paracherkaoui.ma","og_description":"Nettoyant doux formul\u00e9 pour les peaux les plus d\u00e9licates comme celles de b\u00e9b\u00e9. Il respecte le film hydrolipidique de la","og_url":"https:\/\/paracherkaoui.ma\/index.php\/produit\/camomilla-blu-deo-fresh-4-5-ph-300-ml\/","og_site_name":"Paracherkaoui.ma","article_modified_time":"2025-12-12T18:12:49+00:00","og_image":[{"width":700,"height":700,"url":"https:\/\/paracherkaoui.ma\/wp-content\/uploads\/2025\/12\/camomilla-blu-camomilla-blu-deo-fresh-45-ph-300-ml-nettoyants-liniments-et-talcs.jpg","type":"image\/jpeg"}],"twitter_card":"summary_large_image","schema":{"@context":"https:\/\/schema.org","@graph":[{"@type":"WebPage","@id":"https:\/\/paracherkaoui.ma\/index.php\/produit\/camomilla-blu-deo-fresh-4-5-ph-300-ml\/","url":"https:\/\/paracherkaoui.ma\/index.php\/produit\/camomilla-blu-deo-fresh-4-5-ph-300-ml\/","name":"CAMOMILLA BLU DEO FRESH 4.5 PH 300 ML - Paracherkaoui.ma","isPartOf":{"@id":"https:\/\/paracherkaoui.ma\/#website"},"primaryImageOfPage":{"@id":"https:\/\/paracherkaoui.ma\/index.php\/produit\/camomilla-blu-deo-fresh-4-5-ph-300-ml\/#primaryimage"},"image":{"@id":"https:\/\/paracherkaoui.ma\/index.php\/produit\/camomilla-blu-deo-fresh-4-5-ph-300-ml\/#primaryimage"},"thumbnailUrl":"https:\/\/paracherkaoui.ma\/wp-content\/uploads\/2025\/12\/camomilla-blu-camomilla-blu-deo-fresh-45-ph-300-ml-nettoyants-liniments-et-talcs.jpg","datePublished":"2025-12-12T18:12:42+00:00","dateModified":"2025-12-12T18:12:49+00:00","breadcrumb":{"@id":"https:\/\/paracherkaoui.ma\/index.php\/produit\/camomilla-blu-deo-fresh-4-5-ph-300-ml\/#breadcrumb"},"inLanguage":"fr-FR","potentialAction":[{"@type":"ReadAction","target":["https:\/\/paracherkaoui.ma\/index.php\/produit\/camomilla-blu-deo-fresh-4-5-ph-300-ml\/"]}]},{"@type":"ImageObject","inLanguage":"fr-FR","@id":"https:\/\/paracherkaoui.ma\/index.php\/produit\/camomilla-blu-deo-fresh-4-5-ph-300-ml\/#primaryimage","url":"https:\/\/paracherkaoui.ma\/wp-content\/uploads\/2025\/12\/camomilla-blu-camomilla-blu-deo-fresh-45-ph-300-ml-nettoyants-liniments-et-talcs.jpg","contentUrl":"https:\/\/paracherkaoui.ma\/wp-content\/uploads\/2025\/12\/camomilla-blu-camomilla-blu-deo-fresh-45-ph-300-ml-nettoyants-liniments-et-talcs.jpg","width":700,"height":700},{"@type":"BreadcrumbList","@id":"https:\/\/paracherkaoui.ma\/index.php\/produit\/camomilla-blu-deo-fresh-4-5-ph-300-ml\/#breadcrumb","itemListElement":[{"@type":"ListItem","position":1,"name":"Accueil","item":"https:\/\/paracherkaoui.ma\/"},{"@type":"ListItem","position":2,"name":"Boutique","item":"https:\/\/paracherkaoui.ma\/index.php\/boutique\/"},{"@type":"ListItem","position":3,"name":"CAMOMILLA BLU DEO FRESH 4.5 PH 300 ML"}]},{"@type":"WebSite","@id":"https:\/\/paracherkaoui.ma\/#website","url":"https:\/\/paracherkaoui.ma\/","name":"Paracherkaoui.ma","description":"Achetez en ligne sur Paracherkaoui.ma","potentialAction":[{"@type":"SearchAction","target":{"@type":"EntryPoint","urlTemplate":"https:\/\/paracherkaoui.ma\/?s={search_term_string}"},"query-input":{"@type":"PropertyValueSpecification","valueRequired":true,"valueName":"search_term_string"}}],"inLanguage":"fr-FR"}]}},"_links":{"self":[{"href":"https:\/\/paracherkaoui.ma\/index.php\/wp-json\/wp\/v2\/product\/44191","targetHints":{"allow":["GET"]}}],"collection":[{"href":"https:\/\/paracherkaoui.ma\/index.php\/wp-json\/wp\/v2\/product"}],"about":[{"href":"https:\/\/paracherkaoui.ma\/index.php\/wp-json\/wp\/v2\/types\/product"}],"replies":[{"embeddable":true,"href":"https:\/\/paracherkaoui.ma\/index.php\/wp-json\/wp\/v2\/comments?post=44191"}],"version-history":[{"count":1,"href":"https:\/\/paracherkaoui.ma\/index.php\/wp-json\/wp\/v2\/product\/44191\/revisions"}],"predecessor-version":[{"id":44239,"href":"https:\/\/paracherkaoui.ma\/index.php\/wp-json\/wp\/v2\/product\/44191\/revisions\/44239"}],"wp:featuredmedia":[{"embeddable":true,"href":"https:\/\/paracherkaoui.ma\/index.php\/wp-json\/wp\/v2\/media\/44238"}],"wp:attachment":[{"href":"https:\/\/paracherkaoui.ma\/index.php\/wp-json\/wp\/v2\/media?parent=44191"}],"wp:term":[{"taxonomy":"product_brand","embeddable":true,"href":"https:\/\/paracherkaoui.ma\/index.php\/wp-json\/wp\/v2\/product_brand?post=44191"},{"taxonomy":"product_cat","embeddable":true,"href":"https:\/\/paracherkaoui.ma\/index.php\/wp-json\/wp\/v2\/product_cat?post=44191"},{"taxonomy":"product_tag","embeddable":true,"href":"https:\/\/paracherkaoui.ma\/index.php\/wp-json\/wp\/v2\/product_tag?post=44191"}],"curies":[{"name":"wp","href":"https:\/\/api.w.org\/{rel}","templated":true}]}}