{"id":44190,"date":"2025-12-12T19:12:42","date_gmt":"2025-12-12T18:12:42","guid":{"rendered":"https:\/\/test.ecbeaute.com\/?post_type=product&#038;p=44190"},"modified":"2025-12-12T19:12:49","modified_gmt":"2025-12-12T18:12:49","slug":"mustela-savon-surgras-au-cold-cream-100g","status":"publish","type":"product","link":"https:\/\/paracherkaoui.ma\/index.php\/produit\/mustela-savon-surgras-au-cold-cream-100g\/","title":{"rendered":"MUSTELA SAVON SURGRAS AU COLD CREAM 100G"},"content":{"rendered":"<p>Mustela Savon Surgras au Cold Cream Nutri-Protecteur 100 g est un savon \u00e0 haute tol\u00e9rance d\u00e8s la naissance qui nettoie efficacement et en douceur le corps et le visage. Il hydrate et compense les effets dess\u00e9chants de l&rsquo;eau calcaire.<br \/>\nLa cire d&rsquo;abeille associ\u00e9e au cold cream nourrit tout en pr\u00e9servant la barri\u00e8re protectrice de la peau de b\u00e9b\u00e9.<br \/>\nTest\u00e9 sous contr\u00f4le dermatologique et p\u00e9diatrique.<br \/>\n82% des ingr\u00e9dients sont d&rsquo;origine naturelle.<\/p>\n","protected":false},"excerpt":{"rendered":"<p>Mustela Savon Surgras au Cold Cream Nutri-Protecteur 100 g est un savon \u00e0 haute tol\u00e9rance d\u00e8s la naissance qui nettoie<\/p>\n","protected":false},"featured_media":44236,"comment_status":"open","ping_status":"closed","template":"","meta":[],"product_brand":[687],"product_cat":[773],"product_tag":[],"class_list":{"0":"post-44190","1":"product","2":"type-product","3":"status-publish","4":"has-post-thumbnail","6":"product_brand-mustela","7":"product_cat-changes-bebe","9":"first","10":"instock","11":"sale","12":"shipping-taxable","13":"purchasable","14":"product-type-simple"},"yoast_head":"<!-- This site is optimized with the Yoast SEO plugin v26.6 - https:\/\/yoast.com\/wordpress\/plugins\/seo\/ -->\r\n<title>MUSTELA SAVON SURGRAS AU COLD CREAM 100G - Paracherkaoui.ma<\/title>\r\n<meta name=\"robots\" content=\"index, follow, max-snippet:-1, max-image-preview:large, max-video-preview:-1\" \/>\r\n<link rel=\"canonical\" href=\"https:\/\/paracherkaoui.ma\/index.php\/produit\/mustela-savon-surgras-au-cold-cream-100g\/\" \/>\r\n<meta property=\"og:locale\" content=\"fr_FR\" \/>\r\n<meta property=\"og:type\" content=\"article\" \/>\r\n<meta property=\"og:title\" content=\"MUSTELA SAVON SURGRAS AU COLD CREAM 100G - Paracherkaoui.ma\" \/>\r\n<meta property=\"og:description\" content=\"Mustela Savon Surgras au Cold Cream Nutri-Protecteur 100 g est un savon \u00e0 haute tol\u00e9rance d\u00e8s la naissance qui nettoie\" \/>\r\n<meta property=\"og:url\" content=\"https:\/\/paracherkaoui.ma\/index.php\/produit\/mustela-savon-surgras-au-cold-cream-100g\/\" \/>\r\n<meta property=\"og:site_name\" content=\"Paracherkaoui.ma\" \/>\r\n<meta property=\"article:modified_time\" content=\"2025-12-12T18:12:49+00:00\" \/>\r\n<meta property=\"og:image\" content=\"https:\/\/paracherkaoui.ma\/wp-content\/uploads\/2025\/12\/mustela-mustela-savon-surgras-au-cold-cream-100g-nettoyants-liniments-et-talcs.jpg\" \/>\r\n\t<meta property=\"og:image:width\" content=\"700\" \/>\r\n\t<meta property=\"og:image:height\" content=\"700\" \/>\r\n\t<meta property=\"og:image:type\" content=\"image\/jpeg\" \/>\r\n<meta name=\"twitter:card\" content=\"summary_large_image\" \/>\r\n<script type=\"application\/ld+json\" class=\"yoast-schema-graph\">{\"@context\":\"https:\/\/schema.org\",\"@graph\":[{\"@type\":\"WebPage\",\"@id\":\"https:\/\/paracherkaoui.ma\/index.php\/produit\/mustela-savon-surgras-au-cold-cream-100g\/\",\"url\":\"https:\/\/paracherkaoui.ma\/index.php\/produit\/mustela-savon-surgras-au-cold-cream-100g\/\",\"name\":\"MUSTELA SAVON SURGRAS AU COLD CREAM 100G - Paracherkaoui.ma\",\"isPartOf\":{\"@id\":\"https:\/\/paracherkaoui.ma\/#website\"},\"primaryImageOfPage\":{\"@id\":\"https:\/\/paracherkaoui.ma\/index.php\/produit\/mustela-savon-surgras-au-cold-cream-100g\/#primaryimage\"},\"image\":{\"@id\":\"https:\/\/paracherkaoui.ma\/index.php\/produit\/mustela-savon-surgras-au-cold-cream-100g\/#primaryimage\"},\"thumbnailUrl\":\"https:\/\/paracherkaoui.ma\/wp-content\/uploads\/2025\/12\/mustela-mustela-savon-surgras-au-cold-cream-100g-nettoyants-liniments-et-talcs.jpg\",\"datePublished\":\"2025-12-12T18:12:42+00:00\",\"dateModified\":\"2025-12-12T18:12:49+00:00\",\"breadcrumb\":{\"@id\":\"https:\/\/paracherkaoui.ma\/index.php\/produit\/mustela-savon-surgras-au-cold-cream-100g\/#breadcrumb\"},\"inLanguage\":\"fr-FR\",\"potentialAction\":[{\"@type\":\"ReadAction\",\"target\":[\"https:\/\/paracherkaoui.ma\/index.php\/produit\/mustela-savon-surgras-au-cold-cream-100g\/\"]}]},{\"@type\":\"ImageObject\",\"inLanguage\":\"fr-FR\",\"@id\":\"https:\/\/paracherkaoui.ma\/index.php\/produit\/mustela-savon-surgras-au-cold-cream-100g\/#primaryimage\",\"url\":\"https:\/\/paracherkaoui.ma\/wp-content\/uploads\/2025\/12\/mustela-mustela-savon-surgras-au-cold-cream-100g-nettoyants-liniments-et-talcs.jpg\",\"contentUrl\":\"https:\/\/paracherkaoui.ma\/wp-content\/uploads\/2025\/12\/mustela-mustela-savon-surgras-au-cold-cream-100g-nettoyants-liniments-et-talcs.jpg\",\"width\":700,\"height\":700},{\"@type\":\"BreadcrumbList\",\"@id\":\"https:\/\/paracherkaoui.ma\/index.php\/produit\/mustela-savon-surgras-au-cold-cream-100g\/#breadcrumb\",\"itemListElement\":[{\"@type\":\"ListItem\",\"position\":1,\"name\":\"Accueil\",\"item\":\"https:\/\/paracherkaoui.ma\/\"},{\"@type\":\"ListItem\",\"position\":2,\"name\":\"Boutique\",\"item\":\"https:\/\/paracherkaoui.ma\/index.php\/boutique\/\"},{\"@type\":\"ListItem\",\"position\":3,\"name\":\"MUSTELA SAVON SURGRAS AU COLD CREAM 100G\"}]},{\"@type\":\"WebSite\",\"@id\":\"https:\/\/paracherkaoui.ma\/#website\",\"url\":\"https:\/\/paracherkaoui.ma\/\",\"name\":\"Paracherkaoui.ma\",\"description\":\"Achetez en ligne sur Paracherkaoui.ma\",\"potentialAction\":[{\"@type\":\"SearchAction\",\"target\":{\"@type\":\"EntryPoint\",\"urlTemplate\":\"https:\/\/paracherkaoui.ma\/?s={search_term_string}\"},\"query-input\":{\"@type\":\"PropertyValueSpecification\",\"valueRequired\":true,\"valueName\":\"search_term_string\"}}],\"inLanguage\":\"fr-FR\"}]}<\/script>\r\n<!-- \/ Yoast SEO plugin. -->","yoast_head_json":{"title":"MUSTELA SAVON SURGRAS AU COLD CREAM 100G - Paracherkaoui.ma","robots":{"index":"index","follow":"follow","max-snippet":"max-snippet:-1","max-image-preview":"max-image-preview:large","max-video-preview":"max-video-preview:-1"},"canonical":"https:\/\/paracherkaoui.ma\/index.php\/produit\/mustela-savon-surgras-au-cold-cream-100g\/","og_locale":"fr_FR","og_type":"article","og_title":"MUSTELA SAVON SURGRAS AU COLD CREAM 100G - Paracherkaoui.ma","og_description":"Mustela Savon Surgras au Cold Cream Nutri-Protecteur 100 g est un savon \u00e0 haute tol\u00e9rance d\u00e8s la naissance qui nettoie","og_url":"https:\/\/paracherkaoui.ma\/index.php\/produit\/mustela-savon-surgras-au-cold-cream-100g\/","og_site_name":"Paracherkaoui.ma","article_modified_time":"2025-12-12T18:12:49+00:00","og_image":[{"width":700,"height":700,"url":"https:\/\/paracherkaoui.ma\/wp-content\/uploads\/2025\/12\/mustela-mustela-savon-surgras-au-cold-cream-100g-nettoyants-liniments-et-talcs.jpg","type":"image\/jpeg"}],"twitter_card":"summary_large_image","schema":{"@context":"https:\/\/schema.org","@graph":[{"@type":"WebPage","@id":"https:\/\/paracherkaoui.ma\/index.php\/produit\/mustela-savon-surgras-au-cold-cream-100g\/","url":"https:\/\/paracherkaoui.ma\/index.php\/produit\/mustela-savon-surgras-au-cold-cream-100g\/","name":"MUSTELA SAVON SURGRAS AU COLD CREAM 100G - Paracherkaoui.ma","isPartOf":{"@id":"https:\/\/paracherkaoui.ma\/#website"},"primaryImageOfPage":{"@id":"https:\/\/paracherkaoui.ma\/index.php\/produit\/mustela-savon-surgras-au-cold-cream-100g\/#primaryimage"},"image":{"@id":"https:\/\/paracherkaoui.ma\/index.php\/produit\/mustela-savon-surgras-au-cold-cream-100g\/#primaryimage"},"thumbnailUrl":"https:\/\/paracherkaoui.ma\/wp-content\/uploads\/2025\/12\/mustela-mustela-savon-surgras-au-cold-cream-100g-nettoyants-liniments-et-talcs.jpg","datePublished":"2025-12-12T18:12:42+00:00","dateModified":"2025-12-12T18:12:49+00:00","breadcrumb":{"@id":"https:\/\/paracherkaoui.ma\/index.php\/produit\/mustela-savon-surgras-au-cold-cream-100g\/#breadcrumb"},"inLanguage":"fr-FR","potentialAction":[{"@type":"ReadAction","target":["https:\/\/paracherkaoui.ma\/index.php\/produit\/mustela-savon-surgras-au-cold-cream-100g\/"]}]},{"@type":"ImageObject","inLanguage":"fr-FR","@id":"https:\/\/paracherkaoui.ma\/index.php\/produit\/mustela-savon-surgras-au-cold-cream-100g\/#primaryimage","url":"https:\/\/paracherkaoui.ma\/wp-content\/uploads\/2025\/12\/mustela-mustela-savon-surgras-au-cold-cream-100g-nettoyants-liniments-et-talcs.jpg","contentUrl":"https:\/\/paracherkaoui.ma\/wp-content\/uploads\/2025\/12\/mustela-mustela-savon-surgras-au-cold-cream-100g-nettoyants-liniments-et-talcs.jpg","width":700,"height":700},{"@type":"BreadcrumbList","@id":"https:\/\/paracherkaoui.ma\/index.php\/produit\/mustela-savon-surgras-au-cold-cream-100g\/#breadcrumb","itemListElement":[{"@type":"ListItem","position":1,"name":"Accueil","item":"https:\/\/paracherkaoui.ma\/"},{"@type":"ListItem","position":2,"name":"Boutique","item":"https:\/\/paracherkaoui.ma\/index.php\/boutique\/"},{"@type":"ListItem","position":3,"name":"MUSTELA SAVON SURGRAS AU COLD CREAM 100G"}]},{"@type":"WebSite","@id":"https:\/\/paracherkaoui.ma\/#website","url":"https:\/\/paracherkaoui.ma\/","name":"Paracherkaoui.ma","description":"Achetez en ligne sur Paracherkaoui.ma","potentialAction":[{"@type":"SearchAction","target":{"@type":"EntryPoint","urlTemplate":"https:\/\/paracherkaoui.ma\/?s={search_term_string}"},"query-input":{"@type":"PropertyValueSpecification","valueRequired":true,"valueName":"search_term_string"}}],"inLanguage":"fr-FR"}]}},"_links":{"self":[{"href":"https:\/\/paracherkaoui.ma\/index.php\/wp-json\/wp\/v2\/product\/44190","targetHints":{"allow":["GET"]}}],"collection":[{"href":"https:\/\/paracherkaoui.ma\/index.php\/wp-json\/wp\/v2\/product"}],"about":[{"href":"https:\/\/paracherkaoui.ma\/index.php\/wp-json\/wp\/v2\/types\/product"}],"replies":[{"embeddable":true,"href":"https:\/\/paracherkaoui.ma\/index.php\/wp-json\/wp\/v2\/comments?post=44190"}],"version-history":[{"count":1,"href":"https:\/\/paracherkaoui.ma\/index.php\/wp-json\/wp\/v2\/product\/44190\/revisions"}],"predecessor-version":[{"id":44237,"href":"https:\/\/paracherkaoui.ma\/index.php\/wp-json\/wp\/v2\/product\/44190\/revisions\/44237"}],"wp:featuredmedia":[{"embeddable":true,"href":"https:\/\/paracherkaoui.ma\/index.php\/wp-json\/wp\/v2\/media\/44236"}],"wp:attachment":[{"href":"https:\/\/paracherkaoui.ma\/index.php\/wp-json\/wp\/v2\/media?parent=44190"}],"wp:term":[{"taxonomy":"product_brand","embeddable":true,"href":"https:\/\/paracherkaoui.ma\/index.php\/wp-json\/wp\/v2\/product_brand?post=44190"},{"taxonomy":"product_cat","embeddable":true,"href":"https:\/\/paracherkaoui.ma\/index.php\/wp-json\/wp\/v2\/product_cat?post=44190"},{"taxonomy":"product_tag","embeddable":true,"href":"https:\/\/paracherkaoui.ma\/index.php\/wp-json\/wp\/v2\/product_tag?post=44190"}],"curies":[{"name":"wp","href":"https:\/\/api.w.org\/{rel}","templated":true}]}}