{"id":44175,"date":"2025-12-12T19:12:40","date_gmt":"2025-12-12T18:12:40","guid":{"rendered":"https:\/\/test.ecbeaute.com\/?post_type=product&#038;p=44175"},"modified":"2025-12-12T19:12:45","modified_gmt":"2025-12-12T18:12:45","slug":"dodie-gel-lavant-3en1-pompe-1l","status":"publish","type":"product","link":"https:\/\/paracherkaoui.ma\/index.php\/produit\/dodie-gel-lavant-3en1-pompe-1l\/","title":{"rendered":"DODIE GEL LAVANT 3EN1 POMPE 1L"},"content":{"rendered":"<p>Description:<br \/>\nRecommand\u00e9e d\u00e8s la naissance, sa formule douce contient de l&rsquo;eau d&rsquo;hamam\u00e9lis bio, un extrait d&rsquo;aloe V\u00e9ra\u00a0bio, un extrait de coton bio, pour prot\u00e9ger, apaiser l&rsquo;\u00e9piderme fragile et les cheveux des b\u00e9b\u00e9s tout en apportant confort et hydratation. Sans savon et compos\u00e9 de tensioactifs tr\u00e8s doux, il nettoie efficacement et en douceur sans dess\u00e9cher. Laver b\u00e9b\u00e9 devient un v\u00e9ritable moment de tendresse et de douceur : son agr\u00e9able texture gel se rince facilement et laisse la peau et les cheveux de b\u00e9b\u00e9 doux, propres et parfum\u00e9s<br \/>\nConseils d&rsquo;utilisation:<br \/>\nAppliquer sur la peau et les cheveux mouilles de l&rsquo;enfant. Ensuite faire mousser en moussant delicatement\u00a0, puis rincer abondamment<\/p>\n","protected":false},"excerpt":{"rendered":"<p>Description: Recommand\u00e9e d\u00e8s la naissance, sa formule douce contient de l&rsquo;eau d&rsquo;hamam\u00e9lis bio, un extrait d&rsquo;aloe V\u00e9ra\u00a0bio, un extrait de<\/p>\n","protected":false},"featured_media":44207,"comment_status":"open","ping_status":"closed","template":"","meta":[],"product_brand":[725],"product_cat":[773],"product_tag":[],"class_list":{"0":"post-44175","1":"product","2":"type-product","3":"status-publish","4":"has-post-thumbnail","6":"product_brand-dodie","7":"product_cat-changes-bebe","9":"first","10":"instock","11":"sale","12":"shipping-taxable","13":"purchasable","14":"product-type-simple"},"yoast_head":"<!-- This site is optimized with the Yoast SEO plugin v26.6 - https:\/\/yoast.com\/wordpress\/plugins\/seo\/ -->\r\n<title>DODIE GEL LAVANT 3EN1 POMPE 1L - Paracherkaoui.ma<\/title>\r\n<meta name=\"robots\" content=\"index, follow, max-snippet:-1, max-image-preview:large, max-video-preview:-1\" \/>\r\n<link rel=\"canonical\" href=\"https:\/\/paracherkaoui.ma\/index.php\/produit\/dodie-gel-lavant-3en1-pompe-1l\/\" \/>\r\n<meta property=\"og:locale\" content=\"fr_FR\" \/>\r\n<meta property=\"og:type\" content=\"article\" \/>\r\n<meta property=\"og:title\" content=\"DODIE GEL LAVANT 3EN1 POMPE 1L - Paracherkaoui.ma\" \/>\r\n<meta property=\"og:description\" content=\"Description: Recommand\u00e9e d\u00e8s la naissance, sa formule douce contient de l&rsquo;eau d&rsquo;hamam\u00e9lis bio, un extrait d&rsquo;aloe V\u00e9ra\u00a0bio, un extrait de\" \/>\r\n<meta property=\"og:url\" content=\"https:\/\/paracherkaoui.ma\/index.php\/produit\/dodie-gel-lavant-3en1-pompe-1l\/\" \/>\r\n<meta property=\"og:site_name\" content=\"Paracherkaoui.ma\" \/>\r\n<meta property=\"article:modified_time\" content=\"2025-12-12T18:12:45+00:00\" \/>\r\n<meta property=\"og:image\" content=\"https:\/\/paracherkaoui.ma\/wp-content\/uploads\/2025\/12\/dodie-dodie-gel-lavant-3en1-pompe-1l-nettoyants-liniments-et-talcs.jpg\" \/>\r\n\t<meta property=\"og:image:width\" content=\"700\" \/>\r\n\t<meta property=\"og:image:height\" content=\"700\" \/>\r\n\t<meta property=\"og:image:type\" content=\"image\/jpeg\" \/>\r\n<meta name=\"twitter:card\" content=\"summary_large_image\" \/>\r\n<meta name=\"twitter:label1\" content=\"Dur\u00e9e de lecture estim\u00e9e\" \/>\n\t<meta name=\"twitter:data1\" content=\"1 minute\" \/>\r\n<script type=\"application\/ld+json\" class=\"yoast-schema-graph\">{\"@context\":\"https:\/\/schema.org\",\"@graph\":[{\"@type\":\"WebPage\",\"@id\":\"https:\/\/paracherkaoui.ma\/index.php\/produit\/dodie-gel-lavant-3en1-pompe-1l\/\",\"url\":\"https:\/\/paracherkaoui.ma\/index.php\/produit\/dodie-gel-lavant-3en1-pompe-1l\/\",\"name\":\"DODIE GEL LAVANT 3EN1 POMPE 1L - Paracherkaoui.ma\",\"isPartOf\":{\"@id\":\"https:\/\/paracherkaoui.ma\/#website\"},\"primaryImageOfPage\":{\"@id\":\"https:\/\/paracherkaoui.ma\/index.php\/produit\/dodie-gel-lavant-3en1-pompe-1l\/#primaryimage\"},\"image\":{\"@id\":\"https:\/\/paracherkaoui.ma\/index.php\/produit\/dodie-gel-lavant-3en1-pompe-1l\/#primaryimage\"},\"thumbnailUrl\":\"https:\/\/paracherkaoui.ma\/wp-content\/uploads\/2025\/12\/dodie-dodie-gel-lavant-3en1-pompe-1l-nettoyants-liniments-et-talcs.jpg\",\"datePublished\":\"2025-12-12T18:12:40+00:00\",\"dateModified\":\"2025-12-12T18:12:45+00:00\",\"breadcrumb\":{\"@id\":\"https:\/\/paracherkaoui.ma\/index.php\/produit\/dodie-gel-lavant-3en1-pompe-1l\/#breadcrumb\"},\"inLanguage\":\"fr-FR\",\"potentialAction\":[{\"@type\":\"ReadAction\",\"target\":[\"https:\/\/paracherkaoui.ma\/index.php\/produit\/dodie-gel-lavant-3en1-pompe-1l\/\"]}]},{\"@type\":\"ImageObject\",\"inLanguage\":\"fr-FR\",\"@id\":\"https:\/\/paracherkaoui.ma\/index.php\/produit\/dodie-gel-lavant-3en1-pompe-1l\/#primaryimage\",\"url\":\"https:\/\/paracherkaoui.ma\/wp-content\/uploads\/2025\/12\/dodie-dodie-gel-lavant-3en1-pompe-1l-nettoyants-liniments-et-talcs.jpg\",\"contentUrl\":\"https:\/\/paracherkaoui.ma\/wp-content\/uploads\/2025\/12\/dodie-dodie-gel-lavant-3en1-pompe-1l-nettoyants-liniments-et-talcs.jpg\",\"width\":700,\"height\":700},{\"@type\":\"BreadcrumbList\",\"@id\":\"https:\/\/paracherkaoui.ma\/index.php\/produit\/dodie-gel-lavant-3en1-pompe-1l\/#breadcrumb\",\"itemListElement\":[{\"@type\":\"ListItem\",\"position\":1,\"name\":\"Accueil\",\"item\":\"https:\/\/paracherkaoui.ma\/\"},{\"@type\":\"ListItem\",\"position\":2,\"name\":\"Boutique\",\"item\":\"https:\/\/paracherkaoui.ma\/index.php\/boutique\/\"},{\"@type\":\"ListItem\",\"position\":3,\"name\":\"DODIE GEL LAVANT 3EN1 POMPE 1L\"}]},{\"@type\":\"WebSite\",\"@id\":\"https:\/\/paracherkaoui.ma\/#website\",\"url\":\"https:\/\/paracherkaoui.ma\/\",\"name\":\"Paracherkaoui.ma\",\"description\":\"Achetez en ligne sur Paracherkaoui.ma\",\"potentialAction\":[{\"@type\":\"SearchAction\",\"target\":{\"@type\":\"EntryPoint\",\"urlTemplate\":\"https:\/\/paracherkaoui.ma\/?s={search_term_string}\"},\"query-input\":{\"@type\":\"PropertyValueSpecification\",\"valueRequired\":true,\"valueName\":\"search_term_string\"}}],\"inLanguage\":\"fr-FR\"}]}<\/script>\r\n<!-- \/ Yoast SEO plugin. -->","yoast_head_json":{"title":"DODIE GEL LAVANT 3EN1 POMPE 1L - Paracherkaoui.ma","robots":{"index":"index","follow":"follow","max-snippet":"max-snippet:-1","max-image-preview":"max-image-preview:large","max-video-preview":"max-video-preview:-1"},"canonical":"https:\/\/paracherkaoui.ma\/index.php\/produit\/dodie-gel-lavant-3en1-pompe-1l\/","og_locale":"fr_FR","og_type":"article","og_title":"DODIE GEL LAVANT 3EN1 POMPE 1L - Paracherkaoui.ma","og_description":"Description: Recommand\u00e9e d\u00e8s la naissance, sa formule douce contient de l&rsquo;eau d&rsquo;hamam\u00e9lis bio, un extrait d&rsquo;aloe V\u00e9ra\u00a0bio, un extrait de","og_url":"https:\/\/paracherkaoui.ma\/index.php\/produit\/dodie-gel-lavant-3en1-pompe-1l\/","og_site_name":"Paracherkaoui.ma","article_modified_time":"2025-12-12T18:12:45+00:00","og_image":[{"width":700,"height":700,"url":"https:\/\/paracherkaoui.ma\/wp-content\/uploads\/2025\/12\/dodie-dodie-gel-lavant-3en1-pompe-1l-nettoyants-liniments-et-talcs.jpg","type":"image\/jpeg"}],"twitter_card":"summary_large_image","twitter_misc":{"Dur\u00e9e de lecture estim\u00e9e":"1 minute"},"schema":{"@context":"https:\/\/schema.org","@graph":[{"@type":"WebPage","@id":"https:\/\/paracherkaoui.ma\/index.php\/produit\/dodie-gel-lavant-3en1-pompe-1l\/","url":"https:\/\/paracherkaoui.ma\/index.php\/produit\/dodie-gel-lavant-3en1-pompe-1l\/","name":"DODIE GEL LAVANT 3EN1 POMPE 1L - Paracherkaoui.ma","isPartOf":{"@id":"https:\/\/paracherkaoui.ma\/#website"},"primaryImageOfPage":{"@id":"https:\/\/paracherkaoui.ma\/index.php\/produit\/dodie-gel-lavant-3en1-pompe-1l\/#primaryimage"},"image":{"@id":"https:\/\/paracherkaoui.ma\/index.php\/produit\/dodie-gel-lavant-3en1-pompe-1l\/#primaryimage"},"thumbnailUrl":"https:\/\/paracherkaoui.ma\/wp-content\/uploads\/2025\/12\/dodie-dodie-gel-lavant-3en1-pompe-1l-nettoyants-liniments-et-talcs.jpg","datePublished":"2025-12-12T18:12:40+00:00","dateModified":"2025-12-12T18:12:45+00:00","breadcrumb":{"@id":"https:\/\/paracherkaoui.ma\/index.php\/produit\/dodie-gel-lavant-3en1-pompe-1l\/#breadcrumb"},"inLanguage":"fr-FR","potentialAction":[{"@type":"ReadAction","target":["https:\/\/paracherkaoui.ma\/index.php\/produit\/dodie-gel-lavant-3en1-pompe-1l\/"]}]},{"@type":"ImageObject","inLanguage":"fr-FR","@id":"https:\/\/paracherkaoui.ma\/index.php\/produit\/dodie-gel-lavant-3en1-pompe-1l\/#primaryimage","url":"https:\/\/paracherkaoui.ma\/wp-content\/uploads\/2025\/12\/dodie-dodie-gel-lavant-3en1-pompe-1l-nettoyants-liniments-et-talcs.jpg","contentUrl":"https:\/\/paracherkaoui.ma\/wp-content\/uploads\/2025\/12\/dodie-dodie-gel-lavant-3en1-pompe-1l-nettoyants-liniments-et-talcs.jpg","width":700,"height":700},{"@type":"BreadcrumbList","@id":"https:\/\/paracherkaoui.ma\/index.php\/produit\/dodie-gel-lavant-3en1-pompe-1l\/#breadcrumb","itemListElement":[{"@type":"ListItem","position":1,"name":"Accueil","item":"https:\/\/paracherkaoui.ma\/"},{"@type":"ListItem","position":2,"name":"Boutique","item":"https:\/\/paracherkaoui.ma\/index.php\/boutique\/"},{"@type":"ListItem","position":3,"name":"DODIE GEL LAVANT 3EN1 POMPE 1L"}]},{"@type":"WebSite","@id":"https:\/\/paracherkaoui.ma\/#website","url":"https:\/\/paracherkaoui.ma\/","name":"Paracherkaoui.ma","description":"Achetez en ligne sur Paracherkaoui.ma","potentialAction":[{"@type":"SearchAction","target":{"@type":"EntryPoint","urlTemplate":"https:\/\/paracherkaoui.ma\/?s={search_term_string}"},"query-input":{"@type":"PropertyValueSpecification","valueRequired":true,"valueName":"search_term_string"}}],"inLanguage":"fr-FR"}]}},"_links":{"self":[{"href":"https:\/\/paracherkaoui.ma\/index.php\/wp-json\/wp\/v2\/product\/44175","targetHints":{"allow":["GET"]}}],"collection":[{"href":"https:\/\/paracherkaoui.ma\/index.php\/wp-json\/wp\/v2\/product"}],"about":[{"href":"https:\/\/paracherkaoui.ma\/index.php\/wp-json\/wp\/v2\/types\/product"}],"replies":[{"embeddable":true,"href":"https:\/\/paracherkaoui.ma\/index.php\/wp-json\/wp\/v2\/comments?post=44175"}],"version-history":[{"count":1,"href":"https:\/\/paracherkaoui.ma\/index.php\/wp-json\/wp\/v2\/product\/44175\/revisions"}],"predecessor-version":[{"id":44208,"href":"https:\/\/paracherkaoui.ma\/index.php\/wp-json\/wp\/v2\/product\/44175\/revisions\/44208"}],"wp:featuredmedia":[{"embeddable":true,"href":"https:\/\/paracherkaoui.ma\/index.php\/wp-json\/wp\/v2\/media\/44207"}],"wp:attachment":[{"href":"https:\/\/paracherkaoui.ma\/index.php\/wp-json\/wp\/v2\/media?parent=44175"}],"wp:term":[{"taxonomy":"product_brand","embeddable":true,"href":"https:\/\/paracherkaoui.ma\/index.php\/wp-json\/wp\/v2\/product_brand?post=44175"},{"taxonomy":"product_cat","embeddable":true,"href":"https:\/\/paracherkaoui.ma\/index.php\/wp-json\/wp\/v2\/product_cat?post=44175"},{"taxonomy":"product_tag","embeddable":true,"href":"https:\/\/paracherkaoui.ma\/index.php\/wp-json\/wp\/v2\/product_tag?post=44175"}],"curies":[{"name":"wp","href":"https:\/\/api.w.org\/{rel}","templated":true}]}}