{"id":44134,"date":"2025-12-12T19:12:26","date_gmt":"2025-12-12T18:12:26","guid":{"rendered":"https:\/\/test.ecbeaute.com\/?post_type=product&#038;p=44134"},"modified":"2025-12-12T19:12:30","modified_gmt":"2025-12-12T18:12:30","slug":"dodie-maxi-carres-coton-3en1-siege-visage-mains-100-coton-bio-x60u","status":"publish","type":"product","link":"https:\/\/paracherkaoui.ma\/index.php\/produit\/dodie-maxi-carres-coton-3en1-siege-visage-mains-100-coton-bio-x60u\/","title":{"rendered":"DODIE MAXI CARRES COTON 3EN1 SIEGE VISAGE MAINS 100% COTON BIO X60U"},"content":{"rendered":"<p>Description:<br \/>\n3 en 1 : si\u00e8ge, visage et mains Fabrication fran\u00e7aise Hypoallerg\u00e9niques D\u00e8s la naissance Approuv\u00e9s en cabinet p\u00e9diatrique Con\u00e7us avec des experts Respectent la peau fragile et sensible de b\u00e9b\u00e9 Tr\u00e8s r\u00e9sistants\u00a0B\u00e9n\u00e9fices\u00a0Ne peluchent pas Extr\u00eame douceur Double face pour un nettoyage efficace et en douceur\u00a0Composition\u00a0100 % coton\u00a0Indications\u00a0Pour application de cr\u00e8mes et pour le netoyage<\/p>\n","protected":false},"excerpt":{"rendered":"<p>Description: 3 en 1 : si\u00e8ge, visage et mains Fabrication fran\u00e7aise Hypoallerg\u00e9niques D\u00e8s la naissance Approuv\u00e9s en cabinet p\u00e9diatrique Con\u00e7us<\/p>\n","protected":false},"featured_media":44167,"comment_status":"open","ping_status":"closed","template":"","meta":[],"product_brand":[725],"product_cat":[773],"product_tag":[],"class_list":{"0":"post-44134","1":"product","2":"type-product","3":"status-publish","4":"has-post-thumbnail","6":"product_brand-dodie","7":"product_cat-changes-bebe","9":"first","10":"instock","11":"sale","12":"shipping-taxable","13":"purchasable","14":"product-type-simple"},"yoast_head":"<!-- This site is optimized with the Yoast SEO plugin v26.6 - https:\/\/yoast.com\/wordpress\/plugins\/seo\/ -->\r\n<title>DODIE MAXI CARRES COTON 3EN1 SIEGE VISAGE MAINS 100% COTON BIO X60U - Paracherkaoui.ma<\/title>\r\n<meta name=\"robots\" content=\"index, follow, max-snippet:-1, max-image-preview:large, max-video-preview:-1\" \/>\r\n<link rel=\"canonical\" href=\"https:\/\/paracherkaoui.ma\/index.php\/produit\/dodie-maxi-carres-coton-3en1-siege-visage-mains-100-coton-bio-x60u\/\" \/>\r\n<meta property=\"og:locale\" content=\"fr_FR\" \/>\r\n<meta property=\"og:type\" content=\"article\" \/>\r\n<meta property=\"og:title\" content=\"DODIE MAXI CARRES COTON 3EN1 SIEGE VISAGE MAINS 100% COTON BIO X60U - Paracherkaoui.ma\" \/>\r\n<meta property=\"og:description\" content=\"Description: 3 en 1 : si\u00e8ge, visage et mains Fabrication fran\u00e7aise Hypoallerg\u00e9niques D\u00e8s la naissance Approuv\u00e9s en cabinet p\u00e9diatrique Con\u00e7us\" \/>\r\n<meta property=\"og:url\" content=\"https:\/\/paracherkaoui.ma\/index.php\/produit\/dodie-maxi-carres-coton-3en1-siege-visage-mains-100-coton-bio-x60u\/\" \/>\r\n<meta property=\"og:site_name\" content=\"Paracherkaoui.ma\" \/>\r\n<meta property=\"article:modified_time\" content=\"2025-12-12T18:12:30+00:00\" \/>\r\n<meta property=\"og:image\" content=\"https:\/\/paracherkaoui.ma\/wp-content\/uploads\/2025\/12\/dodie-maxi-carres-coton-3en1-siege-visage-mains-100-coton-bio-x60u.jpg\" \/>\r\n\t<meta property=\"og:image:width\" content=\"700\" \/>\r\n\t<meta property=\"og:image:height\" content=\"700\" \/>\r\n\t<meta property=\"og:image:type\" content=\"image\/jpeg\" \/>\r\n<meta name=\"twitter:card\" content=\"summary_large_image\" \/>\r\n<script type=\"application\/ld+json\" class=\"yoast-schema-graph\">{\"@context\":\"https:\/\/schema.org\",\"@graph\":[{\"@type\":\"WebPage\",\"@id\":\"https:\/\/paracherkaoui.ma\/index.php\/produit\/dodie-maxi-carres-coton-3en1-siege-visage-mains-100-coton-bio-x60u\/\",\"url\":\"https:\/\/paracherkaoui.ma\/index.php\/produit\/dodie-maxi-carres-coton-3en1-siege-visage-mains-100-coton-bio-x60u\/\",\"name\":\"DODIE MAXI CARRES COTON 3EN1 SIEGE VISAGE MAINS 100% COTON BIO X60U - Paracherkaoui.ma\",\"isPartOf\":{\"@id\":\"https:\/\/paracherkaoui.ma\/#website\"},\"primaryImageOfPage\":{\"@id\":\"https:\/\/paracherkaoui.ma\/index.php\/produit\/dodie-maxi-carres-coton-3en1-siege-visage-mains-100-coton-bio-x60u\/#primaryimage\"},\"image\":{\"@id\":\"https:\/\/paracherkaoui.ma\/index.php\/produit\/dodie-maxi-carres-coton-3en1-siege-visage-mains-100-coton-bio-x60u\/#primaryimage\"},\"thumbnailUrl\":\"https:\/\/paracherkaoui.ma\/wp-content\/uploads\/2025\/12\/dodie-maxi-carres-coton-3en1-siege-visage-mains-100-coton-bio-x60u.jpg\",\"datePublished\":\"2025-12-12T18:12:26+00:00\",\"dateModified\":\"2025-12-12T18:12:30+00:00\",\"breadcrumb\":{\"@id\":\"https:\/\/paracherkaoui.ma\/index.php\/produit\/dodie-maxi-carres-coton-3en1-siege-visage-mains-100-coton-bio-x60u\/#breadcrumb\"},\"inLanguage\":\"fr-FR\",\"potentialAction\":[{\"@type\":\"ReadAction\",\"target\":[\"https:\/\/paracherkaoui.ma\/index.php\/produit\/dodie-maxi-carres-coton-3en1-siege-visage-mains-100-coton-bio-x60u\/\"]}]},{\"@type\":\"ImageObject\",\"inLanguage\":\"fr-FR\",\"@id\":\"https:\/\/paracherkaoui.ma\/index.php\/produit\/dodie-maxi-carres-coton-3en1-siege-visage-mains-100-coton-bio-x60u\/#primaryimage\",\"url\":\"https:\/\/paracherkaoui.ma\/wp-content\/uploads\/2025\/12\/dodie-maxi-carres-coton-3en1-siege-visage-mains-100-coton-bio-x60u.jpg\",\"contentUrl\":\"https:\/\/paracherkaoui.ma\/wp-content\/uploads\/2025\/12\/dodie-maxi-carres-coton-3en1-siege-visage-mains-100-coton-bio-x60u.jpg\",\"width\":700,\"height\":700},{\"@type\":\"BreadcrumbList\",\"@id\":\"https:\/\/paracherkaoui.ma\/index.php\/produit\/dodie-maxi-carres-coton-3en1-siege-visage-mains-100-coton-bio-x60u\/#breadcrumb\",\"itemListElement\":[{\"@type\":\"ListItem\",\"position\":1,\"name\":\"Accueil\",\"item\":\"https:\/\/paracherkaoui.ma\/\"},{\"@type\":\"ListItem\",\"position\":2,\"name\":\"Boutique\",\"item\":\"https:\/\/paracherkaoui.ma\/index.php\/boutique\/\"},{\"@type\":\"ListItem\",\"position\":3,\"name\":\"DODIE MAXI CARRES COTON 3EN1 SIEGE VISAGE MAINS 100% COTON BIO X60U\"}]},{\"@type\":\"WebSite\",\"@id\":\"https:\/\/paracherkaoui.ma\/#website\",\"url\":\"https:\/\/paracherkaoui.ma\/\",\"name\":\"Paracherkaoui.ma\",\"description\":\"Achetez en ligne sur Paracherkaoui.ma\",\"potentialAction\":[{\"@type\":\"SearchAction\",\"target\":{\"@type\":\"EntryPoint\",\"urlTemplate\":\"https:\/\/paracherkaoui.ma\/?s={search_term_string}\"},\"query-input\":{\"@type\":\"PropertyValueSpecification\",\"valueRequired\":true,\"valueName\":\"search_term_string\"}}],\"inLanguage\":\"fr-FR\"}]}<\/script>\r\n<!-- \/ Yoast SEO plugin. -->","yoast_head_json":{"title":"DODIE MAXI CARRES COTON 3EN1 SIEGE VISAGE MAINS 100% COTON BIO X60U - Paracherkaoui.ma","robots":{"index":"index","follow":"follow","max-snippet":"max-snippet:-1","max-image-preview":"max-image-preview:large","max-video-preview":"max-video-preview:-1"},"canonical":"https:\/\/paracherkaoui.ma\/index.php\/produit\/dodie-maxi-carres-coton-3en1-siege-visage-mains-100-coton-bio-x60u\/","og_locale":"fr_FR","og_type":"article","og_title":"DODIE MAXI CARRES COTON 3EN1 SIEGE VISAGE MAINS 100% COTON BIO X60U - Paracherkaoui.ma","og_description":"Description: 3 en 1 : si\u00e8ge, visage et mains Fabrication fran\u00e7aise Hypoallerg\u00e9niques D\u00e8s la naissance Approuv\u00e9s en cabinet p\u00e9diatrique Con\u00e7us","og_url":"https:\/\/paracherkaoui.ma\/index.php\/produit\/dodie-maxi-carres-coton-3en1-siege-visage-mains-100-coton-bio-x60u\/","og_site_name":"Paracherkaoui.ma","article_modified_time":"2025-12-12T18:12:30+00:00","og_image":[{"width":700,"height":700,"url":"https:\/\/paracherkaoui.ma\/wp-content\/uploads\/2025\/12\/dodie-maxi-carres-coton-3en1-siege-visage-mains-100-coton-bio-x60u.jpg","type":"image\/jpeg"}],"twitter_card":"summary_large_image","schema":{"@context":"https:\/\/schema.org","@graph":[{"@type":"WebPage","@id":"https:\/\/paracherkaoui.ma\/index.php\/produit\/dodie-maxi-carres-coton-3en1-siege-visage-mains-100-coton-bio-x60u\/","url":"https:\/\/paracherkaoui.ma\/index.php\/produit\/dodie-maxi-carres-coton-3en1-siege-visage-mains-100-coton-bio-x60u\/","name":"DODIE MAXI CARRES COTON 3EN1 SIEGE VISAGE MAINS 100% COTON BIO X60U - Paracherkaoui.ma","isPartOf":{"@id":"https:\/\/paracherkaoui.ma\/#website"},"primaryImageOfPage":{"@id":"https:\/\/paracherkaoui.ma\/index.php\/produit\/dodie-maxi-carres-coton-3en1-siege-visage-mains-100-coton-bio-x60u\/#primaryimage"},"image":{"@id":"https:\/\/paracherkaoui.ma\/index.php\/produit\/dodie-maxi-carres-coton-3en1-siege-visage-mains-100-coton-bio-x60u\/#primaryimage"},"thumbnailUrl":"https:\/\/paracherkaoui.ma\/wp-content\/uploads\/2025\/12\/dodie-maxi-carres-coton-3en1-siege-visage-mains-100-coton-bio-x60u.jpg","datePublished":"2025-12-12T18:12:26+00:00","dateModified":"2025-12-12T18:12:30+00:00","breadcrumb":{"@id":"https:\/\/paracherkaoui.ma\/index.php\/produit\/dodie-maxi-carres-coton-3en1-siege-visage-mains-100-coton-bio-x60u\/#breadcrumb"},"inLanguage":"fr-FR","potentialAction":[{"@type":"ReadAction","target":["https:\/\/paracherkaoui.ma\/index.php\/produit\/dodie-maxi-carres-coton-3en1-siege-visage-mains-100-coton-bio-x60u\/"]}]},{"@type":"ImageObject","inLanguage":"fr-FR","@id":"https:\/\/paracherkaoui.ma\/index.php\/produit\/dodie-maxi-carres-coton-3en1-siege-visage-mains-100-coton-bio-x60u\/#primaryimage","url":"https:\/\/paracherkaoui.ma\/wp-content\/uploads\/2025\/12\/dodie-maxi-carres-coton-3en1-siege-visage-mains-100-coton-bio-x60u.jpg","contentUrl":"https:\/\/paracherkaoui.ma\/wp-content\/uploads\/2025\/12\/dodie-maxi-carres-coton-3en1-siege-visage-mains-100-coton-bio-x60u.jpg","width":700,"height":700},{"@type":"BreadcrumbList","@id":"https:\/\/paracherkaoui.ma\/index.php\/produit\/dodie-maxi-carres-coton-3en1-siege-visage-mains-100-coton-bio-x60u\/#breadcrumb","itemListElement":[{"@type":"ListItem","position":1,"name":"Accueil","item":"https:\/\/paracherkaoui.ma\/"},{"@type":"ListItem","position":2,"name":"Boutique","item":"https:\/\/paracherkaoui.ma\/index.php\/boutique\/"},{"@type":"ListItem","position":3,"name":"DODIE MAXI CARRES COTON 3EN1 SIEGE VISAGE MAINS 100% COTON BIO X60U"}]},{"@type":"WebSite","@id":"https:\/\/paracherkaoui.ma\/#website","url":"https:\/\/paracherkaoui.ma\/","name":"Paracherkaoui.ma","description":"Achetez en ligne sur Paracherkaoui.ma","potentialAction":[{"@type":"SearchAction","target":{"@type":"EntryPoint","urlTemplate":"https:\/\/paracherkaoui.ma\/?s={search_term_string}"},"query-input":{"@type":"PropertyValueSpecification","valueRequired":true,"valueName":"search_term_string"}}],"inLanguage":"fr-FR"}]}},"_links":{"self":[{"href":"https:\/\/paracherkaoui.ma\/index.php\/wp-json\/wp\/v2\/product\/44134","targetHints":{"allow":["GET"]}}],"collection":[{"href":"https:\/\/paracherkaoui.ma\/index.php\/wp-json\/wp\/v2\/product"}],"about":[{"href":"https:\/\/paracherkaoui.ma\/index.php\/wp-json\/wp\/v2\/types\/product"}],"replies":[{"embeddable":true,"href":"https:\/\/paracherkaoui.ma\/index.php\/wp-json\/wp\/v2\/comments?post=44134"}],"version-history":[{"count":1,"href":"https:\/\/paracherkaoui.ma\/index.php\/wp-json\/wp\/v2\/product\/44134\/revisions"}],"predecessor-version":[{"id":44168,"href":"https:\/\/paracherkaoui.ma\/index.php\/wp-json\/wp\/v2\/product\/44134\/revisions\/44168"}],"wp:featuredmedia":[{"embeddable":true,"href":"https:\/\/paracherkaoui.ma\/index.php\/wp-json\/wp\/v2\/media\/44167"}],"wp:attachment":[{"href":"https:\/\/paracherkaoui.ma\/index.php\/wp-json\/wp\/v2\/media?parent=44134"}],"wp:term":[{"taxonomy":"product_brand","embeddable":true,"href":"https:\/\/paracherkaoui.ma\/index.php\/wp-json\/wp\/v2\/product_brand?post=44134"},{"taxonomy":"product_cat","embeddable":true,"href":"https:\/\/paracherkaoui.ma\/index.php\/wp-json\/wp\/v2\/product_cat?post=44134"},{"taxonomy":"product_tag","embeddable":true,"href":"https:\/\/paracherkaoui.ma\/index.php\/wp-json\/wp\/v2\/product_tag?post=44134"}],"curies":[{"name":"wp","href":"https:\/\/api.w.org\/{rel}","templated":true}]}}