{"id":44132,"date":"2025-12-12T19:12:26","date_gmt":"2025-12-12T18:12:26","guid":{"rendered":"https:\/\/test.ecbeaute.com\/?post_type=product&#038;p=44132"},"modified":"2025-12-12T19:12:30","modified_gmt":"2025-12-12T18:12:30","slug":"dodie-lingettes-nettoyantes-a-l-eau-60","status":"publish","type":"product","link":"https:\/\/paracherkaoui.ma\/index.php\/produit\/dodie-lingettes-nettoyantes-a-l-eau-60\/","title":{"rendered":"DODIE LINGETTES NETTOYANTES A L EAU 60"},"content":{"rendered":"<p>Les Lingettes Nettoyantes \u00e0 l&rsquo;Eau Dodie sont l&rsquo;alli\u00e9 id\u00e9al pour prendre soin de la peau fragile de votre b\u00e9b\u00e9. Con\u00e7ues pour \u00eatre ultra-douces et r\u00e9sistantes, elles nettoient en profondeur, tout en laissant la peau propre, souple et douce au toucher. Gr\u00e2ce \u00e0 leur formule unique, ces lingettes sont parfaitement adapt\u00e9es aux peaux sensibles et offrent une solution pratique et rapide pour le soin quotidien de b\u00e9b\u00e9.<br \/>\nTest\u00e9es sous contr\u00f4le dermatologique et hypoallerg\u00e9niques, elles apaisent la peau tout en la prot\u00e9geant des irritations. Avec une formule minimaliste compos\u00e9e de seulement 4 ingr\u00e9dients, dont 99% d\u2019eau, ces lingettes respectent l&rsquo;int\u00e9grit\u00e9 de la peau de votre b\u00e9b\u00e9. Sans parfum, elles conviennent parfaitement aux peaux les plus d\u00e9licates et sont id\u00e9ales pour une utilisation quotidienne. Que ce soit pour le change, pour essuyer les mains ou le visage de b\u00e9b\u00e9, ou m\u00eame pour nettoyer apr\u00e8s les repas, ces lingettes nettoyantes \u00e0 l\u2019eau sont un incontournable pour une hygi\u00e8ne douce et s\u00e9curis\u00e9e.<\/p>\n","protected":false},"excerpt":{"rendered":"<p>Les Lingettes Nettoyantes \u00e0 l&rsquo;Eau Dodie sont l&rsquo;alli\u00e9 id\u00e9al pour prendre soin de la peau fragile de votre b\u00e9b\u00e9. Con\u00e7ues<\/p>\n","protected":false},"featured_media":44164,"comment_status":"open","ping_status":"closed","template":"","meta":[],"product_brand":[725],"product_cat":[773],"product_tag":[],"class_list":{"0":"post-44132","1":"product","2":"type-product","3":"status-publish","4":"has-post-thumbnail","6":"product_brand-dodie","7":"product_cat-changes-bebe","9":"first","10":"instock","11":"sale","12":"shipping-taxable","13":"purchasable","14":"product-type-simple"},"yoast_head":"<!-- This site is optimized with the Yoast SEO plugin v26.6 - https:\/\/yoast.com\/wordpress\/plugins\/seo\/ -->\r\n<title>DODIE LINGETTES NETTOYANTES A L EAU 60 - Paracherkaoui.ma<\/title>\r\n<meta name=\"robots\" content=\"index, follow, max-snippet:-1, max-image-preview:large, max-video-preview:-1\" \/>\r\n<link rel=\"canonical\" href=\"https:\/\/paracherkaoui.ma\/index.php\/produit\/dodie-lingettes-nettoyantes-a-l-eau-60\/\" \/>\r\n<meta property=\"og:locale\" content=\"fr_FR\" \/>\r\n<meta property=\"og:type\" content=\"article\" \/>\r\n<meta property=\"og:title\" content=\"DODIE LINGETTES NETTOYANTES A L EAU 60 - Paracherkaoui.ma\" \/>\r\n<meta property=\"og:description\" content=\"Les Lingettes Nettoyantes \u00e0 l&rsquo;Eau Dodie sont l&rsquo;alli\u00e9 id\u00e9al pour prendre soin de la peau fragile de votre b\u00e9b\u00e9. Con\u00e7ues\" \/>\r\n<meta property=\"og:url\" content=\"https:\/\/paracherkaoui.ma\/index.php\/produit\/dodie-lingettes-nettoyantes-a-l-eau-60\/\" \/>\r\n<meta property=\"og:site_name\" content=\"Paracherkaoui.ma\" \/>\r\n<meta property=\"article:modified_time\" content=\"2025-12-12T18:12:30+00:00\" \/>\r\n<meta property=\"og:image\" content=\"https:\/\/paracherkaoui.ma\/wp-content\/uploads\/2025\/12\/dodie-dodie-lingettes-nettoyantes-a-l-eau-60-changes-bebe.jpg\" \/>\r\n\t<meta property=\"og:image:width\" content=\"700\" \/>\r\n\t<meta property=\"og:image:height\" content=\"700\" \/>\r\n\t<meta property=\"og:image:type\" content=\"image\/jpeg\" \/>\r\n<meta name=\"twitter:card\" content=\"summary_large_image\" \/>\r\n<meta name=\"twitter:label1\" content=\"Dur\u00e9e de lecture estim\u00e9e\" \/>\n\t<meta name=\"twitter:data1\" content=\"1 minute\" \/>\r\n<script type=\"application\/ld+json\" class=\"yoast-schema-graph\">{\"@context\":\"https:\/\/schema.org\",\"@graph\":[{\"@type\":\"WebPage\",\"@id\":\"https:\/\/paracherkaoui.ma\/index.php\/produit\/dodie-lingettes-nettoyantes-a-l-eau-60\/\",\"url\":\"https:\/\/paracherkaoui.ma\/index.php\/produit\/dodie-lingettes-nettoyantes-a-l-eau-60\/\",\"name\":\"DODIE LINGETTES NETTOYANTES A L EAU 60 - Paracherkaoui.ma\",\"isPartOf\":{\"@id\":\"https:\/\/paracherkaoui.ma\/#website\"},\"primaryImageOfPage\":{\"@id\":\"https:\/\/paracherkaoui.ma\/index.php\/produit\/dodie-lingettes-nettoyantes-a-l-eau-60\/#primaryimage\"},\"image\":{\"@id\":\"https:\/\/paracherkaoui.ma\/index.php\/produit\/dodie-lingettes-nettoyantes-a-l-eau-60\/#primaryimage\"},\"thumbnailUrl\":\"https:\/\/paracherkaoui.ma\/wp-content\/uploads\/2025\/12\/dodie-dodie-lingettes-nettoyantes-a-l-eau-60-changes-bebe.jpg\",\"datePublished\":\"2025-12-12T18:12:26+00:00\",\"dateModified\":\"2025-12-12T18:12:30+00:00\",\"breadcrumb\":{\"@id\":\"https:\/\/paracherkaoui.ma\/index.php\/produit\/dodie-lingettes-nettoyantes-a-l-eau-60\/#breadcrumb\"},\"inLanguage\":\"fr-FR\",\"potentialAction\":[{\"@type\":\"ReadAction\",\"target\":[\"https:\/\/paracherkaoui.ma\/index.php\/produit\/dodie-lingettes-nettoyantes-a-l-eau-60\/\"]}]},{\"@type\":\"ImageObject\",\"inLanguage\":\"fr-FR\",\"@id\":\"https:\/\/paracherkaoui.ma\/index.php\/produit\/dodie-lingettes-nettoyantes-a-l-eau-60\/#primaryimage\",\"url\":\"https:\/\/paracherkaoui.ma\/wp-content\/uploads\/2025\/12\/dodie-dodie-lingettes-nettoyantes-a-l-eau-60-changes-bebe.jpg\",\"contentUrl\":\"https:\/\/paracherkaoui.ma\/wp-content\/uploads\/2025\/12\/dodie-dodie-lingettes-nettoyantes-a-l-eau-60-changes-bebe.jpg\",\"width\":700,\"height\":700},{\"@type\":\"BreadcrumbList\",\"@id\":\"https:\/\/paracherkaoui.ma\/index.php\/produit\/dodie-lingettes-nettoyantes-a-l-eau-60\/#breadcrumb\",\"itemListElement\":[{\"@type\":\"ListItem\",\"position\":1,\"name\":\"Accueil\",\"item\":\"https:\/\/paracherkaoui.ma\/\"},{\"@type\":\"ListItem\",\"position\":2,\"name\":\"Boutique\",\"item\":\"https:\/\/paracherkaoui.ma\/index.php\/boutique\/\"},{\"@type\":\"ListItem\",\"position\":3,\"name\":\"DODIE LINGETTES NETTOYANTES A L EAU 60\"}]},{\"@type\":\"WebSite\",\"@id\":\"https:\/\/paracherkaoui.ma\/#website\",\"url\":\"https:\/\/paracherkaoui.ma\/\",\"name\":\"Paracherkaoui.ma\",\"description\":\"Achetez en ligne sur Paracherkaoui.ma\",\"potentialAction\":[{\"@type\":\"SearchAction\",\"target\":{\"@type\":\"EntryPoint\",\"urlTemplate\":\"https:\/\/paracherkaoui.ma\/?s={search_term_string}\"},\"query-input\":{\"@type\":\"PropertyValueSpecification\",\"valueRequired\":true,\"valueName\":\"search_term_string\"}}],\"inLanguage\":\"fr-FR\"}]}<\/script>\r\n<!-- \/ Yoast SEO plugin. -->","yoast_head_json":{"title":"DODIE LINGETTES NETTOYANTES A L EAU 60 - Paracherkaoui.ma","robots":{"index":"index","follow":"follow","max-snippet":"max-snippet:-1","max-image-preview":"max-image-preview:large","max-video-preview":"max-video-preview:-1"},"canonical":"https:\/\/paracherkaoui.ma\/index.php\/produit\/dodie-lingettes-nettoyantes-a-l-eau-60\/","og_locale":"fr_FR","og_type":"article","og_title":"DODIE LINGETTES NETTOYANTES A L EAU 60 - Paracherkaoui.ma","og_description":"Les Lingettes Nettoyantes \u00e0 l&rsquo;Eau Dodie sont l&rsquo;alli\u00e9 id\u00e9al pour prendre soin de la peau fragile de votre b\u00e9b\u00e9. Con\u00e7ues","og_url":"https:\/\/paracherkaoui.ma\/index.php\/produit\/dodie-lingettes-nettoyantes-a-l-eau-60\/","og_site_name":"Paracherkaoui.ma","article_modified_time":"2025-12-12T18:12:30+00:00","og_image":[{"width":700,"height":700,"url":"https:\/\/paracherkaoui.ma\/wp-content\/uploads\/2025\/12\/dodie-dodie-lingettes-nettoyantes-a-l-eau-60-changes-bebe.jpg","type":"image\/jpeg"}],"twitter_card":"summary_large_image","twitter_misc":{"Dur\u00e9e de lecture estim\u00e9e":"1 minute"},"schema":{"@context":"https:\/\/schema.org","@graph":[{"@type":"WebPage","@id":"https:\/\/paracherkaoui.ma\/index.php\/produit\/dodie-lingettes-nettoyantes-a-l-eau-60\/","url":"https:\/\/paracherkaoui.ma\/index.php\/produit\/dodie-lingettes-nettoyantes-a-l-eau-60\/","name":"DODIE LINGETTES NETTOYANTES A L EAU 60 - Paracherkaoui.ma","isPartOf":{"@id":"https:\/\/paracherkaoui.ma\/#website"},"primaryImageOfPage":{"@id":"https:\/\/paracherkaoui.ma\/index.php\/produit\/dodie-lingettes-nettoyantes-a-l-eau-60\/#primaryimage"},"image":{"@id":"https:\/\/paracherkaoui.ma\/index.php\/produit\/dodie-lingettes-nettoyantes-a-l-eau-60\/#primaryimage"},"thumbnailUrl":"https:\/\/paracherkaoui.ma\/wp-content\/uploads\/2025\/12\/dodie-dodie-lingettes-nettoyantes-a-l-eau-60-changes-bebe.jpg","datePublished":"2025-12-12T18:12:26+00:00","dateModified":"2025-12-12T18:12:30+00:00","breadcrumb":{"@id":"https:\/\/paracherkaoui.ma\/index.php\/produit\/dodie-lingettes-nettoyantes-a-l-eau-60\/#breadcrumb"},"inLanguage":"fr-FR","potentialAction":[{"@type":"ReadAction","target":["https:\/\/paracherkaoui.ma\/index.php\/produit\/dodie-lingettes-nettoyantes-a-l-eau-60\/"]}]},{"@type":"ImageObject","inLanguage":"fr-FR","@id":"https:\/\/paracherkaoui.ma\/index.php\/produit\/dodie-lingettes-nettoyantes-a-l-eau-60\/#primaryimage","url":"https:\/\/paracherkaoui.ma\/wp-content\/uploads\/2025\/12\/dodie-dodie-lingettes-nettoyantes-a-l-eau-60-changes-bebe.jpg","contentUrl":"https:\/\/paracherkaoui.ma\/wp-content\/uploads\/2025\/12\/dodie-dodie-lingettes-nettoyantes-a-l-eau-60-changes-bebe.jpg","width":700,"height":700},{"@type":"BreadcrumbList","@id":"https:\/\/paracherkaoui.ma\/index.php\/produit\/dodie-lingettes-nettoyantes-a-l-eau-60\/#breadcrumb","itemListElement":[{"@type":"ListItem","position":1,"name":"Accueil","item":"https:\/\/paracherkaoui.ma\/"},{"@type":"ListItem","position":2,"name":"Boutique","item":"https:\/\/paracherkaoui.ma\/index.php\/boutique\/"},{"@type":"ListItem","position":3,"name":"DODIE LINGETTES NETTOYANTES A L EAU 60"}]},{"@type":"WebSite","@id":"https:\/\/paracherkaoui.ma\/#website","url":"https:\/\/paracherkaoui.ma\/","name":"Paracherkaoui.ma","description":"Achetez en ligne sur Paracherkaoui.ma","potentialAction":[{"@type":"SearchAction","target":{"@type":"EntryPoint","urlTemplate":"https:\/\/paracherkaoui.ma\/?s={search_term_string}"},"query-input":{"@type":"PropertyValueSpecification","valueRequired":true,"valueName":"search_term_string"}}],"inLanguage":"fr-FR"}]}},"_links":{"self":[{"href":"https:\/\/paracherkaoui.ma\/index.php\/wp-json\/wp\/v2\/product\/44132","targetHints":{"allow":["GET"]}}],"collection":[{"href":"https:\/\/paracherkaoui.ma\/index.php\/wp-json\/wp\/v2\/product"}],"about":[{"href":"https:\/\/paracherkaoui.ma\/index.php\/wp-json\/wp\/v2\/types\/product"}],"replies":[{"embeddable":true,"href":"https:\/\/paracherkaoui.ma\/index.php\/wp-json\/wp\/v2\/comments?post=44132"}],"version-history":[{"count":1,"href":"https:\/\/paracherkaoui.ma\/index.php\/wp-json\/wp\/v2\/product\/44132\/revisions"}],"predecessor-version":[{"id":44165,"href":"https:\/\/paracherkaoui.ma\/index.php\/wp-json\/wp\/v2\/product\/44132\/revisions\/44165"}],"wp:featuredmedia":[{"embeddable":true,"href":"https:\/\/paracherkaoui.ma\/index.php\/wp-json\/wp\/v2\/media\/44164"}],"wp:attachment":[{"href":"https:\/\/paracherkaoui.ma\/index.php\/wp-json\/wp\/v2\/media?parent=44132"}],"wp:term":[{"taxonomy":"product_brand","embeddable":true,"href":"https:\/\/paracherkaoui.ma\/index.php\/wp-json\/wp\/v2\/product_brand?post=44132"},{"taxonomy":"product_cat","embeddable":true,"href":"https:\/\/paracherkaoui.ma\/index.php\/wp-json\/wp\/v2\/product_cat?post=44132"},{"taxonomy":"product_tag","embeddable":true,"href":"https:\/\/paracherkaoui.ma\/index.php\/wp-json\/wp\/v2\/product_tag?post=44132"}],"curies":[{"name":"wp","href":"https:\/\/api.w.org\/{rel}","templated":true}]}}