{"id":44130,"date":"2025-12-12T19:12:26","date_gmt":"2025-12-12T18:12:26","guid":{"rendered":"https:\/\/test.ecbeaute.com\/?post_type=product&#038;p=44130"},"modified":"2025-12-12T19:12:30","modified_gmt":"2025-12-12T18:12:30","slug":"gilbert-eau-nettoyante-douceur-3-en-1-bebe-400ml","status":"publish","type":"product","link":"https:\/\/paracherkaoui.ma\/index.php\/produit\/gilbert-eau-nettoyante-douceur-3-en-1-bebe-400ml\/","title":{"rendered":"GILBERT EAU NETTOYANTE DOUCEUR 3 EN 1 BEBE 400ml"},"content":{"rendered":"<p>Sa formule extra-douce au pH neutre et haute tol\u00e9rance1 ne dess\u00e8che pas la peau, \u00e9limine efficacement les impuret\u00e9s et \u00e9vite les irritations du si\u00e8ge. La peau est douce, souple et retrouve tout son confort.<br \/>\nCette eau nettoyante b\u00e9b\u00e9 parfume d\u00e9licatement la peau d\u00e9licate de b\u00e9b\u00e9 et facilite le coiffage.<br \/>\nL\u2019Eau Nettoyante Douceur 3-en-1 est compos\u00e9e d\u2019actifs et ingr\u00e9dients qui respectent l\u2019\u00e9quilibre de la peau de b\u00e9b\u00e9 :<br \/>\nL\u2019agent pr\u00e9biotique prot\u00e8ge et stimule les d\u00e9fenses naturelles de la peau.<br \/>\nL\u2019extrait de feuilles d\u2019oliviers, tonifie et purifie la peau.<br \/>\nLa glyc\u00e9rine est un hydratant, augmente l\u2019extensibilit\u00e9 et la souplesse de la peau.<br \/>\nSa formule est compos\u00e9e de 95% d\u2019ingr\u00e9dients d\u2019origine naturelle et de 99% d\u2019ingr\u00e9dients biod\u00e9gradables. Elle contient 50% d\u2019Active Oligo Skin Complex.<\/p>\n","protected":false},"excerpt":{"rendered":"<p>Sa formule extra-douce au pH neutre et haute tol\u00e9rance1 ne dess\u00e8che pas la peau, \u00e9limine efficacement les impuret\u00e9s et \u00e9vite<\/p>\n","protected":false},"featured_media":44160,"comment_status":"open","ping_status":"closed","template":"","meta":[],"product_brand":[200],"product_cat":[773],"product_tag":[],"class_list":{"0":"post-44130","1":"product","2":"type-product","3":"status-publish","4":"has-post-thumbnail","6":"product_brand-gilbert","7":"product_cat-changes-bebe","9":"first","10":"instock","11":"sale","12":"shipping-taxable","13":"purchasable","14":"product-type-simple"},"yoast_head":"<!-- This site is optimized with the Yoast SEO plugin v26.6 - https:\/\/yoast.com\/wordpress\/plugins\/seo\/ -->\r\n<title>GILBERT EAU NETTOYANTE DOUCEUR 3 EN 1 BEBE 400ml - Paracherkaoui.ma<\/title>\r\n<meta name=\"robots\" content=\"index, follow, max-snippet:-1, max-image-preview:large, max-video-preview:-1\" \/>\r\n<link rel=\"canonical\" href=\"https:\/\/paracherkaoui.ma\/index.php\/produit\/gilbert-eau-nettoyante-douceur-3-en-1-bebe-400ml\/\" \/>\r\n<meta property=\"og:locale\" content=\"fr_FR\" \/>\r\n<meta property=\"og:type\" content=\"article\" \/>\r\n<meta property=\"og:title\" content=\"GILBERT EAU NETTOYANTE DOUCEUR 3 EN 1 BEBE 400ml - Paracherkaoui.ma\" \/>\r\n<meta property=\"og:description\" content=\"Sa formule extra-douce au pH neutre et haute tol\u00e9rance1 ne dess\u00e8che pas la peau, \u00e9limine efficacement les impuret\u00e9s et \u00e9vite\" \/>\r\n<meta property=\"og:url\" content=\"https:\/\/paracherkaoui.ma\/index.php\/produit\/gilbert-eau-nettoyante-douceur-3-en-1-bebe-400ml\/\" \/>\r\n<meta property=\"og:site_name\" content=\"Paracherkaoui.ma\" \/>\r\n<meta property=\"article:modified_time\" content=\"2025-12-12T18:12:30+00:00\" \/>\r\n<meta property=\"og:image\" content=\"https:\/\/paracherkaoui.ma\/wp-content\/uploads\/2025\/12\/gilbert-gilbert-eau-nettoyante-douceur-3-en-1-bebe-400ml-nettoyants-liniments-et-talcs.jpg\" \/>\r\n\t<meta property=\"og:image:width\" content=\"700\" \/>\r\n\t<meta property=\"og:image:height\" content=\"700\" \/>\r\n\t<meta property=\"og:image:type\" content=\"image\/jpeg\" \/>\r\n<meta name=\"twitter:card\" content=\"summary_large_image\" \/>\r\n<meta name=\"twitter:label1\" content=\"Dur\u00e9e de lecture estim\u00e9e\" \/>\n\t<meta name=\"twitter:data1\" content=\"1 minute\" \/>\r\n<script type=\"application\/ld+json\" class=\"yoast-schema-graph\">{\"@context\":\"https:\/\/schema.org\",\"@graph\":[{\"@type\":\"WebPage\",\"@id\":\"https:\/\/paracherkaoui.ma\/index.php\/produit\/gilbert-eau-nettoyante-douceur-3-en-1-bebe-400ml\/\",\"url\":\"https:\/\/paracherkaoui.ma\/index.php\/produit\/gilbert-eau-nettoyante-douceur-3-en-1-bebe-400ml\/\",\"name\":\"GILBERT EAU NETTOYANTE DOUCEUR 3 EN 1 BEBE 400ml - Paracherkaoui.ma\",\"isPartOf\":{\"@id\":\"https:\/\/paracherkaoui.ma\/#website\"},\"primaryImageOfPage\":{\"@id\":\"https:\/\/paracherkaoui.ma\/index.php\/produit\/gilbert-eau-nettoyante-douceur-3-en-1-bebe-400ml\/#primaryimage\"},\"image\":{\"@id\":\"https:\/\/paracherkaoui.ma\/index.php\/produit\/gilbert-eau-nettoyante-douceur-3-en-1-bebe-400ml\/#primaryimage\"},\"thumbnailUrl\":\"https:\/\/paracherkaoui.ma\/wp-content\/uploads\/2025\/12\/gilbert-gilbert-eau-nettoyante-douceur-3-en-1-bebe-400ml-nettoyants-liniments-et-talcs.jpg\",\"datePublished\":\"2025-12-12T18:12:26+00:00\",\"dateModified\":\"2025-12-12T18:12:30+00:00\",\"breadcrumb\":{\"@id\":\"https:\/\/paracherkaoui.ma\/index.php\/produit\/gilbert-eau-nettoyante-douceur-3-en-1-bebe-400ml\/#breadcrumb\"},\"inLanguage\":\"fr-FR\",\"potentialAction\":[{\"@type\":\"ReadAction\",\"target\":[\"https:\/\/paracherkaoui.ma\/index.php\/produit\/gilbert-eau-nettoyante-douceur-3-en-1-bebe-400ml\/\"]}]},{\"@type\":\"ImageObject\",\"inLanguage\":\"fr-FR\",\"@id\":\"https:\/\/paracherkaoui.ma\/index.php\/produit\/gilbert-eau-nettoyante-douceur-3-en-1-bebe-400ml\/#primaryimage\",\"url\":\"https:\/\/paracherkaoui.ma\/wp-content\/uploads\/2025\/12\/gilbert-gilbert-eau-nettoyante-douceur-3-en-1-bebe-400ml-nettoyants-liniments-et-talcs.jpg\",\"contentUrl\":\"https:\/\/paracherkaoui.ma\/wp-content\/uploads\/2025\/12\/gilbert-gilbert-eau-nettoyante-douceur-3-en-1-bebe-400ml-nettoyants-liniments-et-talcs.jpg\",\"width\":700,\"height\":700},{\"@type\":\"BreadcrumbList\",\"@id\":\"https:\/\/paracherkaoui.ma\/index.php\/produit\/gilbert-eau-nettoyante-douceur-3-en-1-bebe-400ml\/#breadcrumb\",\"itemListElement\":[{\"@type\":\"ListItem\",\"position\":1,\"name\":\"Accueil\",\"item\":\"https:\/\/paracherkaoui.ma\/\"},{\"@type\":\"ListItem\",\"position\":2,\"name\":\"Boutique\",\"item\":\"https:\/\/paracherkaoui.ma\/index.php\/boutique\/\"},{\"@type\":\"ListItem\",\"position\":3,\"name\":\"GILBERT EAU NETTOYANTE DOUCEUR 3 EN 1 BEBE 400ml\"}]},{\"@type\":\"WebSite\",\"@id\":\"https:\/\/paracherkaoui.ma\/#website\",\"url\":\"https:\/\/paracherkaoui.ma\/\",\"name\":\"Paracherkaoui.ma\",\"description\":\"Achetez en ligne sur Paracherkaoui.ma\",\"potentialAction\":[{\"@type\":\"SearchAction\",\"target\":{\"@type\":\"EntryPoint\",\"urlTemplate\":\"https:\/\/paracherkaoui.ma\/?s={search_term_string}\"},\"query-input\":{\"@type\":\"PropertyValueSpecification\",\"valueRequired\":true,\"valueName\":\"search_term_string\"}}],\"inLanguage\":\"fr-FR\"}]}<\/script>\r\n<!-- \/ Yoast SEO plugin. -->","yoast_head_json":{"title":"GILBERT EAU NETTOYANTE DOUCEUR 3 EN 1 BEBE 400ml - Paracherkaoui.ma","robots":{"index":"index","follow":"follow","max-snippet":"max-snippet:-1","max-image-preview":"max-image-preview:large","max-video-preview":"max-video-preview:-1"},"canonical":"https:\/\/paracherkaoui.ma\/index.php\/produit\/gilbert-eau-nettoyante-douceur-3-en-1-bebe-400ml\/","og_locale":"fr_FR","og_type":"article","og_title":"GILBERT EAU NETTOYANTE DOUCEUR 3 EN 1 BEBE 400ml - Paracherkaoui.ma","og_description":"Sa formule extra-douce au pH neutre et haute tol\u00e9rance1 ne dess\u00e8che pas la peau, \u00e9limine efficacement les impuret\u00e9s et \u00e9vite","og_url":"https:\/\/paracherkaoui.ma\/index.php\/produit\/gilbert-eau-nettoyante-douceur-3-en-1-bebe-400ml\/","og_site_name":"Paracherkaoui.ma","article_modified_time":"2025-12-12T18:12:30+00:00","og_image":[{"width":700,"height":700,"url":"https:\/\/paracherkaoui.ma\/wp-content\/uploads\/2025\/12\/gilbert-gilbert-eau-nettoyante-douceur-3-en-1-bebe-400ml-nettoyants-liniments-et-talcs.jpg","type":"image\/jpeg"}],"twitter_card":"summary_large_image","twitter_misc":{"Dur\u00e9e de lecture estim\u00e9e":"1 minute"},"schema":{"@context":"https:\/\/schema.org","@graph":[{"@type":"WebPage","@id":"https:\/\/paracherkaoui.ma\/index.php\/produit\/gilbert-eau-nettoyante-douceur-3-en-1-bebe-400ml\/","url":"https:\/\/paracherkaoui.ma\/index.php\/produit\/gilbert-eau-nettoyante-douceur-3-en-1-bebe-400ml\/","name":"GILBERT EAU NETTOYANTE DOUCEUR 3 EN 1 BEBE 400ml - Paracherkaoui.ma","isPartOf":{"@id":"https:\/\/paracherkaoui.ma\/#website"},"primaryImageOfPage":{"@id":"https:\/\/paracherkaoui.ma\/index.php\/produit\/gilbert-eau-nettoyante-douceur-3-en-1-bebe-400ml\/#primaryimage"},"image":{"@id":"https:\/\/paracherkaoui.ma\/index.php\/produit\/gilbert-eau-nettoyante-douceur-3-en-1-bebe-400ml\/#primaryimage"},"thumbnailUrl":"https:\/\/paracherkaoui.ma\/wp-content\/uploads\/2025\/12\/gilbert-gilbert-eau-nettoyante-douceur-3-en-1-bebe-400ml-nettoyants-liniments-et-talcs.jpg","datePublished":"2025-12-12T18:12:26+00:00","dateModified":"2025-12-12T18:12:30+00:00","breadcrumb":{"@id":"https:\/\/paracherkaoui.ma\/index.php\/produit\/gilbert-eau-nettoyante-douceur-3-en-1-bebe-400ml\/#breadcrumb"},"inLanguage":"fr-FR","potentialAction":[{"@type":"ReadAction","target":["https:\/\/paracherkaoui.ma\/index.php\/produit\/gilbert-eau-nettoyante-douceur-3-en-1-bebe-400ml\/"]}]},{"@type":"ImageObject","inLanguage":"fr-FR","@id":"https:\/\/paracherkaoui.ma\/index.php\/produit\/gilbert-eau-nettoyante-douceur-3-en-1-bebe-400ml\/#primaryimage","url":"https:\/\/paracherkaoui.ma\/wp-content\/uploads\/2025\/12\/gilbert-gilbert-eau-nettoyante-douceur-3-en-1-bebe-400ml-nettoyants-liniments-et-talcs.jpg","contentUrl":"https:\/\/paracherkaoui.ma\/wp-content\/uploads\/2025\/12\/gilbert-gilbert-eau-nettoyante-douceur-3-en-1-bebe-400ml-nettoyants-liniments-et-talcs.jpg","width":700,"height":700},{"@type":"BreadcrumbList","@id":"https:\/\/paracherkaoui.ma\/index.php\/produit\/gilbert-eau-nettoyante-douceur-3-en-1-bebe-400ml\/#breadcrumb","itemListElement":[{"@type":"ListItem","position":1,"name":"Accueil","item":"https:\/\/paracherkaoui.ma\/"},{"@type":"ListItem","position":2,"name":"Boutique","item":"https:\/\/paracherkaoui.ma\/index.php\/boutique\/"},{"@type":"ListItem","position":3,"name":"GILBERT EAU NETTOYANTE DOUCEUR 3 EN 1 BEBE 400ml"}]},{"@type":"WebSite","@id":"https:\/\/paracherkaoui.ma\/#website","url":"https:\/\/paracherkaoui.ma\/","name":"Paracherkaoui.ma","description":"Achetez en ligne sur Paracherkaoui.ma","potentialAction":[{"@type":"SearchAction","target":{"@type":"EntryPoint","urlTemplate":"https:\/\/paracherkaoui.ma\/?s={search_term_string}"},"query-input":{"@type":"PropertyValueSpecification","valueRequired":true,"valueName":"search_term_string"}}],"inLanguage":"fr-FR"}]}},"_links":{"self":[{"href":"https:\/\/paracherkaoui.ma\/index.php\/wp-json\/wp\/v2\/product\/44130","targetHints":{"allow":["GET"]}}],"collection":[{"href":"https:\/\/paracherkaoui.ma\/index.php\/wp-json\/wp\/v2\/product"}],"about":[{"href":"https:\/\/paracherkaoui.ma\/index.php\/wp-json\/wp\/v2\/types\/product"}],"replies":[{"embeddable":true,"href":"https:\/\/paracherkaoui.ma\/index.php\/wp-json\/wp\/v2\/comments?post=44130"}],"version-history":[{"count":1,"href":"https:\/\/paracherkaoui.ma\/index.php\/wp-json\/wp\/v2\/product\/44130\/revisions"}],"predecessor-version":[{"id":44161,"href":"https:\/\/paracherkaoui.ma\/index.php\/wp-json\/wp\/v2\/product\/44130\/revisions\/44161"}],"wp:featuredmedia":[{"embeddable":true,"href":"https:\/\/paracherkaoui.ma\/index.php\/wp-json\/wp\/v2\/media\/44160"}],"wp:attachment":[{"href":"https:\/\/paracherkaoui.ma\/index.php\/wp-json\/wp\/v2\/media?parent=44130"}],"wp:term":[{"taxonomy":"product_brand","embeddable":true,"href":"https:\/\/paracherkaoui.ma\/index.php\/wp-json\/wp\/v2\/product_brand?post=44130"},{"taxonomy":"product_cat","embeddable":true,"href":"https:\/\/paracherkaoui.ma\/index.php\/wp-json\/wp\/v2\/product_cat?post=44130"},{"taxonomy":"product_tag","embeddable":true,"href":"https:\/\/paracherkaoui.ma\/index.php\/wp-json\/wp\/v2\/product_tag?post=44130"}],"curies":[{"name":"wp","href":"https:\/\/api.w.org\/{rel}","templated":true}]}}