{"id":44129,"date":"2025-12-12T19:12:26","date_gmt":"2025-12-12T18:12:26","guid":{"rendered":"https:\/\/test.ecbeaute.com\/?post_type=product&#038;p=44129"},"modified":"2025-12-12T19:12:29","modified_gmt":"2025-12-12T18:12:29","slug":"dermo-soin-structuderm-creme-anti-vergeture-75ml","status":"publish","type":"product","link":"https:\/\/paracherkaoui.ma\/index.php\/produit\/dermo-soin-structuderm-creme-anti-vergeture-75ml\/","title":{"rendered":"DERMO SOIN STRUCTUDERM CREME ANTI-VERGETURE 75ML"},"content":{"rendered":"<p>Cr\u00e8me r\u00e9g\u00e9n\u00e9ratrice, tonifiante, raffermissante. Elle poss\u00e8de une double action pr\u00e9ventive et restructurante de l\u2019\u00e9piderme.<br \/>\nindications<br \/>\nKojiclair est indiqu\u00e9 dans les cas suivants : -le masque de grossesse, -les taches brunes li\u00e9es \u00e0 l\u2019\u00e2ge, au soleil et \u00e0 la prise des m\u00e9dicaments photosensibilisants -les hyperpigmentations cicatricielles<br \/>\nMode d\u2019utilisation<br \/>\n1 \u00e0 2 applications par jour en massage doux sur une peau propre jusqu\u2019\u00e0 p\u00e9n\u00e9tration de la cr\u00e8me.<\/p>\n","protected":false},"excerpt":{"rendered":"<p>Cr\u00e8me r\u00e9g\u00e9n\u00e9ratrice, tonifiante, raffermissante. Elle poss\u00e8de une double action pr\u00e9ventive et restructurante de l\u2019\u00e9piderme. indications Kojiclair est indiqu\u00e9 dans les<\/p>\n","protected":false},"featured_media":44158,"comment_status":"open","ping_status":"closed","template":"","meta":[],"product_brand":[319],"product_cat":[773],"product_tag":[],"class_list":{"0":"post-44129","1":"product","2":"type-product","3":"status-publish","4":"has-post-thumbnail","6":"product_brand-dermo-soin","7":"product_cat-changes-bebe","9":"first","10":"instock","11":"sale","12":"shipping-taxable","13":"purchasable","14":"product-type-simple"},"yoast_head":"<!-- This site is optimized with the Yoast SEO plugin v26.6 - https:\/\/yoast.com\/wordpress\/plugins\/seo\/ -->\r\n<title>DERMO SOIN STRUCTUDERM CREME ANTI-VERGETURE 75ML - Paracherkaoui.ma<\/title>\r\n<meta name=\"robots\" content=\"index, follow, max-snippet:-1, max-image-preview:large, max-video-preview:-1\" \/>\r\n<link rel=\"canonical\" href=\"https:\/\/paracherkaoui.ma\/index.php\/produit\/dermo-soin-structuderm-creme-anti-vergeture-75ml\/\" \/>\r\n<meta property=\"og:locale\" content=\"fr_FR\" \/>\r\n<meta property=\"og:type\" content=\"article\" \/>\r\n<meta property=\"og:title\" content=\"DERMO SOIN STRUCTUDERM CREME ANTI-VERGETURE 75ML - Paracherkaoui.ma\" \/>\r\n<meta property=\"og:description\" content=\"Cr\u00e8me r\u00e9g\u00e9n\u00e9ratrice, tonifiante, raffermissante. Elle poss\u00e8de une double action pr\u00e9ventive et restructurante de l\u2019\u00e9piderme. indications Kojiclair est indiqu\u00e9 dans les\" \/>\r\n<meta property=\"og:url\" content=\"https:\/\/paracherkaoui.ma\/index.php\/produit\/dermo-soin-structuderm-creme-anti-vergeture-75ml\/\" \/>\r\n<meta property=\"og:site_name\" content=\"Paracherkaoui.ma\" \/>\r\n<meta property=\"article:modified_time\" content=\"2025-12-12T18:12:29+00:00\" \/>\r\n<meta property=\"og:image\" content=\"https:\/\/paracherkaoui.ma\/wp-content\/uploads\/2025\/12\/dermo-soin-dermo-soin-structuderm-creme-anti-vergeture-75ml-cremes-de-changes.jpg\" \/>\r\n\t<meta property=\"og:image:width\" content=\"700\" \/>\r\n\t<meta property=\"og:image:height\" content=\"700\" \/>\r\n\t<meta property=\"og:image:type\" content=\"image\/jpeg\" \/>\r\n<meta name=\"twitter:card\" content=\"summary_large_image\" \/>\r\n<script type=\"application\/ld+json\" class=\"yoast-schema-graph\">{\"@context\":\"https:\/\/schema.org\",\"@graph\":[{\"@type\":\"WebPage\",\"@id\":\"https:\/\/paracherkaoui.ma\/index.php\/produit\/dermo-soin-structuderm-creme-anti-vergeture-75ml\/\",\"url\":\"https:\/\/paracherkaoui.ma\/index.php\/produit\/dermo-soin-structuderm-creme-anti-vergeture-75ml\/\",\"name\":\"DERMO SOIN STRUCTUDERM CREME ANTI-VERGETURE 75ML - Paracherkaoui.ma\",\"isPartOf\":{\"@id\":\"https:\/\/paracherkaoui.ma\/#website\"},\"primaryImageOfPage\":{\"@id\":\"https:\/\/paracherkaoui.ma\/index.php\/produit\/dermo-soin-structuderm-creme-anti-vergeture-75ml\/#primaryimage\"},\"image\":{\"@id\":\"https:\/\/paracherkaoui.ma\/index.php\/produit\/dermo-soin-structuderm-creme-anti-vergeture-75ml\/#primaryimage\"},\"thumbnailUrl\":\"https:\/\/paracherkaoui.ma\/wp-content\/uploads\/2025\/12\/dermo-soin-dermo-soin-structuderm-creme-anti-vergeture-75ml-cremes-de-changes.jpg\",\"datePublished\":\"2025-12-12T18:12:26+00:00\",\"dateModified\":\"2025-12-12T18:12:29+00:00\",\"breadcrumb\":{\"@id\":\"https:\/\/paracherkaoui.ma\/index.php\/produit\/dermo-soin-structuderm-creme-anti-vergeture-75ml\/#breadcrumb\"},\"inLanguage\":\"fr-FR\",\"potentialAction\":[{\"@type\":\"ReadAction\",\"target\":[\"https:\/\/paracherkaoui.ma\/index.php\/produit\/dermo-soin-structuderm-creme-anti-vergeture-75ml\/\"]}]},{\"@type\":\"ImageObject\",\"inLanguage\":\"fr-FR\",\"@id\":\"https:\/\/paracherkaoui.ma\/index.php\/produit\/dermo-soin-structuderm-creme-anti-vergeture-75ml\/#primaryimage\",\"url\":\"https:\/\/paracherkaoui.ma\/wp-content\/uploads\/2025\/12\/dermo-soin-dermo-soin-structuderm-creme-anti-vergeture-75ml-cremes-de-changes.jpg\",\"contentUrl\":\"https:\/\/paracherkaoui.ma\/wp-content\/uploads\/2025\/12\/dermo-soin-dermo-soin-structuderm-creme-anti-vergeture-75ml-cremes-de-changes.jpg\",\"width\":700,\"height\":700},{\"@type\":\"BreadcrumbList\",\"@id\":\"https:\/\/paracherkaoui.ma\/index.php\/produit\/dermo-soin-structuderm-creme-anti-vergeture-75ml\/#breadcrumb\",\"itemListElement\":[{\"@type\":\"ListItem\",\"position\":1,\"name\":\"Accueil\",\"item\":\"https:\/\/paracherkaoui.ma\/\"},{\"@type\":\"ListItem\",\"position\":2,\"name\":\"Boutique\",\"item\":\"https:\/\/paracherkaoui.ma\/index.php\/boutique\/\"},{\"@type\":\"ListItem\",\"position\":3,\"name\":\"DERMO SOIN STRUCTUDERM CREME ANTI-VERGETURE 75ML\"}]},{\"@type\":\"WebSite\",\"@id\":\"https:\/\/paracherkaoui.ma\/#website\",\"url\":\"https:\/\/paracherkaoui.ma\/\",\"name\":\"Paracherkaoui.ma\",\"description\":\"Achetez en ligne sur Paracherkaoui.ma\",\"potentialAction\":[{\"@type\":\"SearchAction\",\"target\":{\"@type\":\"EntryPoint\",\"urlTemplate\":\"https:\/\/paracherkaoui.ma\/?s={search_term_string}\"},\"query-input\":{\"@type\":\"PropertyValueSpecification\",\"valueRequired\":true,\"valueName\":\"search_term_string\"}}],\"inLanguage\":\"fr-FR\"}]}<\/script>\r\n<!-- \/ Yoast SEO plugin. -->","yoast_head_json":{"title":"DERMO SOIN STRUCTUDERM CREME ANTI-VERGETURE 75ML - Paracherkaoui.ma","robots":{"index":"index","follow":"follow","max-snippet":"max-snippet:-1","max-image-preview":"max-image-preview:large","max-video-preview":"max-video-preview:-1"},"canonical":"https:\/\/paracherkaoui.ma\/index.php\/produit\/dermo-soin-structuderm-creme-anti-vergeture-75ml\/","og_locale":"fr_FR","og_type":"article","og_title":"DERMO SOIN STRUCTUDERM CREME ANTI-VERGETURE 75ML - Paracherkaoui.ma","og_description":"Cr\u00e8me r\u00e9g\u00e9n\u00e9ratrice, tonifiante, raffermissante. Elle poss\u00e8de une double action pr\u00e9ventive et restructurante de l\u2019\u00e9piderme. indications Kojiclair est indiqu\u00e9 dans les","og_url":"https:\/\/paracherkaoui.ma\/index.php\/produit\/dermo-soin-structuderm-creme-anti-vergeture-75ml\/","og_site_name":"Paracherkaoui.ma","article_modified_time":"2025-12-12T18:12:29+00:00","og_image":[{"width":700,"height":700,"url":"https:\/\/paracherkaoui.ma\/wp-content\/uploads\/2025\/12\/dermo-soin-dermo-soin-structuderm-creme-anti-vergeture-75ml-cremes-de-changes.jpg","type":"image\/jpeg"}],"twitter_card":"summary_large_image","schema":{"@context":"https:\/\/schema.org","@graph":[{"@type":"WebPage","@id":"https:\/\/paracherkaoui.ma\/index.php\/produit\/dermo-soin-structuderm-creme-anti-vergeture-75ml\/","url":"https:\/\/paracherkaoui.ma\/index.php\/produit\/dermo-soin-structuderm-creme-anti-vergeture-75ml\/","name":"DERMO SOIN STRUCTUDERM CREME ANTI-VERGETURE 75ML - Paracherkaoui.ma","isPartOf":{"@id":"https:\/\/paracherkaoui.ma\/#website"},"primaryImageOfPage":{"@id":"https:\/\/paracherkaoui.ma\/index.php\/produit\/dermo-soin-structuderm-creme-anti-vergeture-75ml\/#primaryimage"},"image":{"@id":"https:\/\/paracherkaoui.ma\/index.php\/produit\/dermo-soin-structuderm-creme-anti-vergeture-75ml\/#primaryimage"},"thumbnailUrl":"https:\/\/paracherkaoui.ma\/wp-content\/uploads\/2025\/12\/dermo-soin-dermo-soin-structuderm-creme-anti-vergeture-75ml-cremes-de-changes.jpg","datePublished":"2025-12-12T18:12:26+00:00","dateModified":"2025-12-12T18:12:29+00:00","breadcrumb":{"@id":"https:\/\/paracherkaoui.ma\/index.php\/produit\/dermo-soin-structuderm-creme-anti-vergeture-75ml\/#breadcrumb"},"inLanguage":"fr-FR","potentialAction":[{"@type":"ReadAction","target":["https:\/\/paracherkaoui.ma\/index.php\/produit\/dermo-soin-structuderm-creme-anti-vergeture-75ml\/"]}]},{"@type":"ImageObject","inLanguage":"fr-FR","@id":"https:\/\/paracherkaoui.ma\/index.php\/produit\/dermo-soin-structuderm-creme-anti-vergeture-75ml\/#primaryimage","url":"https:\/\/paracherkaoui.ma\/wp-content\/uploads\/2025\/12\/dermo-soin-dermo-soin-structuderm-creme-anti-vergeture-75ml-cremes-de-changes.jpg","contentUrl":"https:\/\/paracherkaoui.ma\/wp-content\/uploads\/2025\/12\/dermo-soin-dermo-soin-structuderm-creme-anti-vergeture-75ml-cremes-de-changes.jpg","width":700,"height":700},{"@type":"BreadcrumbList","@id":"https:\/\/paracherkaoui.ma\/index.php\/produit\/dermo-soin-structuderm-creme-anti-vergeture-75ml\/#breadcrumb","itemListElement":[{"@type":"ListItem","position":1,"name":"Accueil","item":"https:\/\/paracherkaoui.ma\/"},{"@type":"ListItem","position":2,"name":"Boutique","item":"https:\/\/paracherkaoui.ma\/index.php\/boutique\/"},{"@type":"ListItem","position":3,"name":"DERMO SOIN STRUCTUDERM CREME ANTI-VERGETURE 75ML"}]},{"@type":"WebSite","@id":"https:\/\/paracherkaoui.ma\/#website","url":"https:\/\/paracherkaoui.ma\/","name":"Paracherkaoui.ma","description":"Achetez en ligne sur Paracherkaoui.ma","potentialAction":[{"@type":"SearchAction","target":{"@type":"EntryPoint","urlTemplate":"https:\/\/paracherkaoui.ma\/?s={search_term_string}"},"query-input":{"@type":"PropertyValueSpecification","valueRequired":true,"valueName":"search_term_string"}}],"inLanguage":"fr-FR"}]}},"_links":{"self":[{"href":"https:\/\/paracherkaoui.ma\/index.php\/wp-json\/wp\/v2\/product\/44129","targetHints":{"allow":["GET"]}}],"collection":[{"href":"https:\/\/paracherkaoui.ma\/index.php\/wp-json\/wp\/v2\/product"}],"about":[{"href":"https:\/\/paracherkaoui.ma\/index.php\/wp-json\/wp\/v2\/types\/product"}],"replies":[{"embeddable":true,"href":"https:\/\/paracherkaoui.ma\/index.php\/wp-json\/wp\/v2\/comments?post=44129"}],"version-history":[{"count":1,"href":"https:\/\/paracherkaoui.ma\/index.php\/wp-json\/wp\/v2\/product\/44129\/revisions"}],"predecessor-version":[{"id":44159,"href":"https:\/\/paracherkaoui.ma\/index.php\/wp-json\/wp\/v2\/product\/44129\/revisions\/44159"}],"wp:featuredmedia":[{"embeddable":true,"href":"https:\/\/paracherkaoui.ma\/index.php\/wp-json\/wp\/v2\/media\/44158"}],"wp:attachment":[{"href":"https:\/\/paracherkaoui.ma\/index.php\/wp-json\/wp\/v2\/media?parent=44129"}],"wp:term":[{"taxonomy":"product_brand","embeddable":true,"href":"https:\/\/paracherkaoui.ma\/index.php\/wp-json\/wp\/v2\/product_brand?post=44129"},{"taxonomy":"product_cat","embeddable":true,"href":"https:\/\/paracherkaoui.ma\/index.php\/wp-json\/wp\/v2\/product_cat?post=44129"},{"taxonomy":"product_tag","embeddable":true,"href":"https:\/\/paracherkaoui.ma\/index.php\/wp-json\/wp\/v2\/product_tag?post=44129"}],"curies":[{"name":"wp","href":"https:\/\/api.w.org\/{rel}","templated":true}]}}