{"id":44124,"date":"2025-12-12T19:12:26","date_gmt":"2025-12-12T18:12:26","guid":{"rendered":"https:\/\/test.ecbeaute.com\/?post_type=product&#038;p=44124"},"modified":"2025-12-12T19:12:28","modified_gmt":"2025-12-12T18:12:28","slug":"dodie-liniment-bio-nettoie-et-protege-siege-120-ml","status":"publish","type":"product","link":"https:\/\/paracherkaoui.ma\/index.php\/produit\/dodie-liniment-bio-nettoie-et-protege-siege-120-ml\/","title":{"rendered":"DODIE LINIMENT BIO NETTOIE ET PROTEGE SIEGE 120 ML"},"content":{"rendered":"<p>Hypoallerg\u00e9nique et sans paraben, sans ph\u00e9noxy\u00e9thanol et sans MIT, ce liniment respecte la peau sensible de votre b\u00e9b\u00e9 et minimise les risques d&rsquo;allergies et d&rsquo;irritations. Sa texture onctueuse facilite l&rsquo;application et laisse une sensation de douceur et de confort sur la peau.<br \/>\nLe Dodie Liniment Bio est id\u00e9al pour le change de b\u00e9b\u00e9, nettoyant efficacement les impuret\u00e9s tout en prot\u00e9geant l&rsquo;\u00e9piderme des agressions ext\u00e9rieures. Son format pratique de 120 ml permet de l&#8217;emporter partout, garantissant une protection continue m\u00eame lors de vos d\u00e9placements.<br \/>\nCONSEIL D\u2019UTILISATION<br \/>\nAvant l&rsquo;utilisation: Secouez bien le flacon pour m\u00e9langer les composants naturels.<br \/>\nApplication: Appliquez une noisette de liniment sur un coton ou directement sur la peau de b\u00e9b\u00e9.<br \/>\nNettoyage: Nettoyez d\u00e9licatement le si\u00e8ge de votre b\u00e9b\u00e9, en insistant sur les zones sujettes aux irritations.<br \/>\nProtection: Laissez une fine couche de produit pour assurer une protection contre l&rsquo;humidit\u00e9 et les frottements.<br \/>\nFr\u00e9quence: Utilisez \u00e0 chaque change pour garantir une protection et une hydratation optimales.<\/p>\n","protected":false},"excerpt":{"rendered":"<p>Hypoallerg\u00e9nique et sans paraben, sans ph\u00e9noxy\u00e9thanol et sans MIT, ce liniment respecte la peau sensible de votre b\u00e9b\u00e9 et minimise<\/p>\n","protected":false},"featured_media":44150,"comment_status":"open","ping_status":"closed","template":"","meta":[],"product_brand":[725],"product_cat":[773],"product_tag":[],"class_list":{"0":"post-44124","1":"product","2":"type-product","3":"status-publish","4":"has-post-thumbnail","6":"product_brand-dodie","7":"product_cat-changes-bebe","9":"first","10":"instock","11":"sale","12":"shipping-taxable","13":"purchasable","14":"product-type-simple"},"yoast_head":"<!-- This site is optimized with the Yoast SEO plugin v26.6 - https:\/\/yoast.com\/wordpress\/plugins\/seo\/ -->\r\n<title>DODIE LINIMENT BIO NETTOIE ET PROTEGE SIEGE 120 ML - Paracherkaoui.ma<\/title>\r\n<meta name=\"robots\" content=\"index, follow, max-snippet:-1, max-image-preview:large, max-video-preview:-1\" \/>\r\n<link rel=\"canonical\" href=\"https:\/\/paracherkaoui.ma\/index.php\/produit\/dodie-liniment-bio-nettoie-et-protege-siege-120-ml\/\" \/>\r\n<meta property=\"og:locale\" content=\"fr_FR\" \/>\r\n<meta property=\"og:type\" content=\"article\" \/>\r\n<meta property=\"og:title\" content=\"DODIE LINIMENT BIO NETTOIE ET PROTEGE SIEGE 120 ML - Paracherkaoui.ma\" \/>\r\n<meta property=\"og:description\" content=\"Hypoallerg\u00e9nique et sans paraben, sans ph\u00e9noxy\u00e9thanol et sans MIT, ce liniment respecte la peau sensible de votre b\u00e9b\u00e9 et minimise\" \/>\r\n<meta property=\"og:url\" content=\"https:\/\/paracherkaoui.ma\/index.php\/produit\/dodie-liniment-bio-nettoie-et-protege-siege-120-ml\/\" \/>\r\n<meta property=\"og:site_name\" content=\"Paracherkaoui.ma\" \/>\r\n<meta property=\"article:modified_time\" content=\"2025-12-12T18:12:28+00:00\" \/>\r\n<meta property=\"og:image\" content=\"https:\/\/paracherkaoui.ma\/wp-content\/uploads\/2025\/12\/dodie-dodie-liniment-bio-nettoie-et-protege-siege-120-ml-changes-bebe.jpg\" \/>\r\n\t<meta property=\"og:image:width\" content=\"700\" \/>\r\n\t<meta property=\"og:image:height\" content=\"700\" \/>\r\n\t<meta property=\"og:image:type\" content=\"image\/jpeg\" \/>\r\n<meta name=\"twitter:card\" content=\"summary_large_image\" \/>\r\n<meta name=\"twitter:label1\" content=\"Dur\u00e9e de lecture estim\u00e9e\" \/>\n\t<meta name=\"twitter:data1\" content=\"1 minute\" \/>\r\n<script type=\"application\/ld+json\" class=\"yoast-schema-graph\">{\"@context\":\"https:\/\/schema.org\",\"@graph\":[{\"@type\":\"WebPage\",\"@id\":\"https:\/\/paracherkaoui.ma\/index.php\/produit\/dodie-liniment-bio-nettoie-et-protege-siege-120-ml\/\",\"url\":\"https:\/\/paracherkaoui.ma\/index.php\/produit\/dodie-liniment-bio-nettoie-et-protege-siege-120-ml\/\",\"name\":\"DODIE LINIMENT BIO NETTOIE ET PROTEGE SIEGE 120 ML - Paracherkaoui.ma\",\"isPartOf\":{\"@id\":\"https:\/\/paracherkaoui.ma\/#website\"},\"primaryImageOfPage\":{\"@id\":\"https:\/\/paracherkaoui.ma\/index.php\/produit\/dodie-liniment-bio-nettoie-et-protege-siege-120-ml\/#primaryimage\"},\"image\":{\"@id\":\"https:\/\/paracherkaoui.ma\/index.php\/produit\/dodie-liniment-bio-nettoie-et-protege-siege-120-ml\/#primaryimage\"},\"thumbnailUrl\":\"https:\/\/paracherkaoui.ma\/wp-content\/uploads\/2025\/12\/dodie-dodie-liniment-bio-nettoie-et-protege-siege-120-ml-changes-bebe.jpg\",\"datePublished\":\"2025-12-12T18:12:26+00:00\",\"dateModified\":\"2025-12-12T18:12:28+00:00\",\"breadcrumb\":{\"@id\":\"https:\/\/paracherkaoui.ma\/index.php\/produit\/dodie-liniment-bio-nettoie-et-protege-siege-120-ml\/#breadcrumb\"},\"inLanguage\":\"fr-FR\",\"potentialAction\":[{\"@type\":\"ReadAction\",\"target\":[\"https:\/\/paracherkaoui.ma\/index.php\/produit\/dodie-liniment-bio-nettoie-et-protege-siege-120-ml\/\"]}]},{\"@type\":\"ImageObject\",\"inLanguage\":\"fr-FR\",\"@id\":\"https:\/\/paracherkaoui.ma\/index.php\/produit\/dodie-liniment-bio-nettoie-et-protege-siege-120-ml\/#primaryimage\",\"url\":\"https:\/\/paracherkaoui.ma\/wp-content\/uploads\/2025\/12\/dodie-dodie-liniment-bio-nettoie-et-protege-siege-120-ml-changes-bebe.jpg\",\"contentUrl\":\"https:\/\/paracherkaoui.ma\/wp-content\/uploads\/2025\/12\/dodie-dodie-liniment-bio-nettoie-et-protege-siege-120-ml-changes-bebe.jpg\",\"width\":700,\"height\":700},{\"@type\":\"BreadcrumbList\",\"@id\":\"https:\/\/paracherkaoui.ma\/index.php\/produit\/dodie-liniment-bio-nettoie-et-protege-siege-120-ml\/#breadcrumb\",\"itemListElement\":[{\"@type\":\"ListItem\",\"position\":1,\"name\":\"Accueil\",\"item\":\"https:\/\/paracherkaoui.ma\/\"},{\"@type\":\"ListItem\",\"position\":2,\"name\":\"Boutique\",\"item\":\"https:\/\/paracherkaoui.ma\/index.php\/boutique\/\"},{\"@type\":\"ListItem\",\"position\":3,\"name\":\"DODIE LINIMENT BIO NETTOIE ET PROTEGE SIEGE 120 ML\"}]},{\"@type\":\"WebSite\",\"@id\":\"https:\/\/paracherkaoui.ma\/#website\",\"url\":\"https:\/\/paracherkaoui.ma\/\",\"name\":\"Paracherkaoui.ma\",\"description\":\"Achetez en ligne sur Paracherkaoui.ma\",\"potentialAction\":[{\"@type\":\"SearchAction\",\"target\":{\"@type\":\"EntryPoint\",\"urlTemplate\":\"https:\/\/paracherkaoui.ma\/?s={search_term_string}\"},\"query-input\":{\"@type\":\"PropertyValueSpecification\",\"valueRequired\":true,\"valueName\":\"search_term_string\"}}],\"inLanguage\":\"fr-FR\"}]}<\/script>\r\n<!-- \/ Yoast SEO plugin. -->","yoast_head_json":{"title":"DODIE LINIMENT BIO NETTOIE ET PROTEGE SIEGE 120 ML - Paracherkaoui.ma","robots":{"index":"index","follow":"follow","max-snippet":"max-snippet:-1","max-image-preview":"max-image-preview:large","max-video-preview":"max-video-preview:-1"},"canonical":"https:\/\/paracherkaoui.ma\/index.php\/produit\/dodie-liniment-bio-nettoie-et-protege-siege-120-ml\/","og_locale":"fr_FR","og_type":"article","og_title":"DODIE LINIMENT BIO NETTOIE ET PROTEGE SIEGE 120 ML - Paracherkaoui.ma","og_description":"Hypoallerg\u00e9nique et sans paraben, sans ph\u00e9noxy\u00e9thanol et sans MIT, ce liniment respecte la peau sensible de votre b\u00e9b\u00e9 et minimise","og_url":"https:\/\/paracherkaoui.ma\/index.php\/produit\/dodie-liniment-bio-nettoie-et-protege-siege-120-ml\/","og_site_name":"Paracherkaoui.ma","article_modified_time":"2025-12-12T18:12:28+00:00","og_image":[{"width":700,"height":700,"url":"https:\/\/paracherkaoui.ma\/wp-content\/uploads\/2025\/12\/dodie-dodie-liniment-bio-nettoie-et-protege-siege-120-ml-changes-bebe.jpg","type":"image\/jpeg"}],"twitter_card":"summary_large_image","twitter_misc":{"Dur\u00e9e de lecture estim\u00e9e":"1 minute"},"schema":{"@context":"https:\/\/schema.org","@graph":[{"@type":"WebPage","@id":"https:\/\/paracherkaoui.ma\/index.php\/produit\/dodie-liniment-bio-nettoie-et-protege-siege-120-ml\/","url":"https:\/\/paracherkaoui.ma\/index.php\/produit\/dodie-liniment-bio-nettoie-et-protege-siege-120-ml\/","name":"DODIE LINIMENT BIO NETTOIE ET PROTEGE SIEGE 120 ML - Paracherkaoui.ma","isPartOf":{"@id":"https:\/\/paracherkaoui.ma\/#website"},"primaryImageOfPage":{"@id":"https:\/\/paracherkaoui.ma\/index.php\/produit\/dodie-liniment-bio-nettoie-et-protege-siege-120-ml\/#primaryimage"},"image":{"@id":"https:\/\/paracherkaoui.ma\/index.php\/produit\/dodie-liniment-bio-nettoie-et-protege-siege-120-ml\/#primaryimage"},"thumbnailUrl":"https:\/\/paracherkaoui.ma\/wp-content\/uploads\/2025\/12\/dodie-dodie-liniment-bio-nettoie-et-protege-siege-120-ml-changes-bebe.jpg","datePublished":"2025-12-12T18:12:26+00:00","dateModified":"2025-12-12T18:12:28+00:00","breadcrumb":{"@id":"https:\/\/paracherkaoui.ma\/index.php\/produit\/dodie-liniment-bio-nettoie-et-protege-siege-120-ml\/#breadcrumb"},"inLanguage":"fr-FR","potentialAction":[{"@type":"ReadAction","target":["https:\/\/paracherkaoui.ma\/index.php\/produit\/dodie-liniment-bio-nettoie-et-protege-siege-120-ml\/"]}]},{"@type":"ImageObject","inLanguage":"fr-FR","@id":"https:\/\/paracherkaoui.ma\/index.php\/produit\/dodie-liniment-bio-nettoie-et-protege-siege-120-ml\/#primaryimage","url":"https:\/\/paracherkaoui.ma\/wp-content\/uploads\/2025\/12\/dodie-dodie-liniment-bio-nettoie-et-protege-siege-120-ml-changes-bebe.jpg","contentUrl":"https:\/\/paracherkaoui.ma\/wp-content\/uploads\/2025\/12\/dodie-dodie-liniment-bio-nettoie-et-protege-siege-120-ml-changes-bebe.jpg","width":700,"height":700},{"@type":"BreadcrumbList","@id":"https:\/\/paracherkaoui.ma\/index.php\/produit\/dodie-liniment-bio-nettoie-et-protege-siege-120-ml\/#breadcrumb","itemListElement":[{"@type":"ListItem","position":1,"name":"Accueil","item":"https:\/\/paracherkaoui.ma\/"},{"@type":"ListItem","position":2,"name":"Boutique","item":"https:\/\/paracherkaoui.ma\/index.php\/boutique\/"},{"@type":"ListItem","position":3,"name":"DODIE LINIMENT BIO NETTOIE ET PROTEGE SIEGE 120 ML"}]},{"@type":"WebSite","@id":"https:\/\/paracherkaoui.ma\/#website","url":"https:\/\/paracherkaoui.ma\/","name":"Paracherkaoui.ma","description":"Achetez en ligne sur Paracherkaoui.ma","potentialAction":[{"@type":"SearchAction","target":{"@type":"EntryPoint","urlTemplate":"https:\/\/paracherkaoui.ma\/?s={search_term_string}"},"query-input":{"@type":"PropertyValueSpecification","valueRequired":true,"valueName":"search_term_string"}}],"inLanguage":"fr-FR"}]}},"_links":{"self":[{"href":"https:\/\/paracherkaoui.ma\/index.php\/wp-json\/wp\/v2\/product\/44124","targetHints":{"allow":["GET"]}}],"collection":[{"href":"https:\/\/paracherkaoui.ma\/index.php\/wp-json\/wp\/v2\/product"}],"about":[{"href":"https:\/\/paracherkaoui.ma\/index.php\/wp-json\/wp\/v2\/types\/product"}],"replies":[{"embeddable":true,"href":"https:\/\/paracherkaoui.ma\/index.php\/wp-json\/wp\/v2\/comments?post=44124"}],"version-history":[{"count":1,"href":"https:\/\/paracherkaoui.ma\/index.php\/wp-json\/wp\/v2\/product\/44124\/revisions"}],"predecessor-version":[{"id":44151,"href":"https:\/\/paracherkaoui.ma\/index.php\/wp-json\/wp\/v2\/product\/44124\/revisions\/44151"}],"wp:featuredmedia":[{"embeddable":true,"href":"https:\/\/paracherkaoui.ma\/index.php\/wp-json\/wp\/v2\/media\/44150"}],"wp:attachment":[{"href":"https:\/\/paracherkaoui.ma\/index.php\/wp-json\/wp\/v2\/media?parent=44124"}],"wp:term":[{"taxonomy":"product_brand","embeddable":true,"href":"https:\/\/paracherkaoui.ma\/index.php\/wp-json\/wp\/v2\/product_brand?post=44124"},{"taxonomy":"product_cat","embeddable":true,"href":"https:\/\/paracherkaoui.ma\/index.php\/wp-json\/wp\/v2\/product_cat?post=44124"},{"taxonomy":"product_tag","embeddable":true,"href":"https:\/\/paracherkaoui.ma\/index.php\/wp-json\/wp\/v2\/product_tag?post=44124"}],"curies":[{"name":"wp","href":"https:\/\/api.w.org\/{rel}","templated":true}]}}