{"id":44117,"date":"2025-12-12T19:12:25","date_gmt":"2025-12-12T18:12:25","guid":{"rendered":"https:\/\/test.ecbeaute.com\/?post_type=product&#038;p=44117"},"modified":"2025-12-12T19:12:27","modified_gmt":"2025-12-12T18:12:27","slug":"babe-pediatric-pate-a-leau-100-ml","status":"publish","type":"product","link":"https:\/\/paracherkaoui.ma\/index.php\/produit\/babe-pediatric-pate-a-leau-100-ml\/","title":{"rendered":"BABE PEDIATRIC PATE A L&rsquo;EAU 100 ML"},"content":{"rendered":"<p>P\u00e2te \u00e0 base d&rsquo;eau qui prot\u00e8ge, apaise et r\u00e9pare la peau des b\u00e9b\u00e9s et des enfants.<br \/>\nAvec une texture l\u00e9g\u00e8re pour une application facile, cette cr\u00e8me est particuli\u00e8rement indiqu\u00e9e pour traiter et pr\u00e9venir les dermatites caus\u00e9es par l&rsquo;\u00e9ryth\u00e8me fessier.<br \/>\nFormule enrichie en huiles v\u00e9g\u00e9tales qui hydratent et r\u00e9g\u00e9n\u00e8rent la peau.<br \/>\nPasta al Agua aide \u00e0 prot\u00e9ger la peau sensible des fesses du b\u00e9b\u00e9, calmant instantan\u00e9ment la peau rougie par la couche et favorisant sa r\u00e9paration. Gr\u00e2ce \u00e0 sa texture l\u00e9g\u00e8re, il s&rsquo;applique tr\u00e8s facilement sans avoir \u00e0 toucher excessivement les peaux les plus irrit\u00e9es.<br \/>\nCette caract\u00e9ristique rend son retrait \u00e9galement tr\u00e8s simple et respectueux de la peau. Sa formule enrichie en huiles v\u00e9g\u00e9tales hydrate et r\u00e9g\u00e9n\u00e8re la peau, aidant \u00e0 retrouver son \u00e9quilibre naturel.<br \/>\nConseils d&rsquo;utilisation:<br \/>\nAppliquer une fine couche de produit sur les fesses de b\u00e9b\u00e9, propres et s\u00e8ches, \u00e0 chaque changement de couche ou apr\u00e8s le bain. Pour enlever le produit, il suffit de le faire avec un coton doux ou une mousseline avec de l&rsquo;eau ou de l&rsquo;eau micellaire p\u00e9diatrique.<br \/>\nPrincipes actifs<br \/>\nOXYDE DE ZINC 8% PROT\u00c9INE DE MA\u00cfS 3% DIOXYDE DE TITANE 2% PANTH\u00c9NOL 1,5% COMPLEXE \u00c9MOLLIENT 1% GLYCINE BIOVECTOR 1% BEURRE DE KARIT\u00c9 1% ALLANTO\u00cfNE 0,5%<br \/>\nOXYDE DE ZINC Actif aux propri\u00e9t\u00e9s absorbantes qui prot\u00e8ge la peau et sa fonction de d\u00e9fense naturelle.<br \/>\nPROT\u00c9INE DE MA\u00cfS\u00a0Il favorise le processus de r\u00e9paration de la peau, tout en la prot\u00e9geant des agressions caus\u00e9es par le contenu de la couche.<br \/>\nBEURRE DE KARIT\u00c9\u00a0Avec une teneur \u00e9lev\u00e9e en vitamines et min\u00e9raux, c&rsquo;est un excellent r\u00e9g\u00e9n\u00e9rateur cellulaire qui aide \u00e0 r\u00e9tablir l&rsquo;\u00e9quilibre de la peau, la laissant hydrat\u00e9e et apais\u00e9e.<\/p>\n","protected":false},"excerpt":{"rendered":"<p>P\u00e2te \u00e0 base d&rsquo;eau qui prot\u00e8ge, apaise et r\u00e9pare la peau des b\u00e9b\u00e9s et des enfants. Avec une texture l\u00e9g\u00e8re<\/p>\n","protected":false},"featured_media":44137,"comment_status":"open","ping_status":"closed","template":"","meta":[],"product_brand":[398],"product_cat":[773],"product_tag":[],"class_list":{"0":"post-44117","1":"product","2":"type-product","3":"status-publish","4":"has-post-thumbnail","6":"product_brand-babe","7":"product_cat-changes-bebe","9":"first","10":"instock","11":"sale","12":"shipping-taxable","13":"purchasable","14":"product-type-simple"},"yoast_head":"<!-- This site is optimized with the Yoast SEO plugin v26.6 - https:\/\/yoast.com\/wordpress\/plugins\/seo\/ -->\r\n<title>BABE PEDIATRIC PATE A L&#039;EAU 100 ML - Paracherkaoui.ma<\/title>\r\n<meta name=\"robots\" content=\"index, follow, max-snippet:-1, max-image-preview:large, max-video-preview:-1\" \/>\r\n<link rel=\"canonical\" href=\"https:\/\/paracherkaoui.ma\/index.php\/produit\/babe-pediatric-pate-a-leau-100-ml\/\" \/>\r\n<meta property=\"og:locale\" content=\"fr_FR\" \/>\r\n<meta property=\"og:type\" content=\"article\" \/>\r\n<meta property=\"og:title\" content=\"BABE PEDIATRIC PATE A L&#039;EAU 100 ML - Paracherkaoui.ma\" \/>\r\n<meta property=\"og:description\" content=\"P\u00e2te \u00e0 base d&rsquo;eau qui prot\u00e8ge, apaise et r\u00e9pare la peau des b\u00e9b\u00e9s et des enfants. Avec une texture l\u00e9g\u00e8re\" \/>\r\n<meta property=\"og:url\" content=\"https:\/\/paracherkaoui.ma\/index.php\/produit\/babe-pediatric-pate-a-leau-100-ml\/\" \/>\r\n<meta property=\"og:site_name\" content=\"Paracherkaoui.ma\" \/>\r\n<meta property=\"article:modified_time\" content=\"2025-12-12T18:12:27+00:00\" \/>\r\n<meta property=\"og:image\" content=\"https:\/\/paracherkaoui.ma\/wp-content\/uploads\/2025\/12\/babe-babe-pediatric-pate-a-leau-100-ml-cremes-de-changes.jpg\" \/>\r\n\t<meta property=\"og:image:width\" content=\"700\" \/>\r\n\t<meta property=\"og:image:height\" content=\"700\" \/>\r\n\t<meta property=\"og:image:type\" content=\"image\/jpeg\" \/>\r\n<meta name=\"twitter:card\" content=\"summary_large_image\" \/>\r\n<meta name=\"twitter:label1\" content=\"Dur\u00e9e de lecture estim\u00e9e\" \/>\n\t<meta name=\"twitter:data1\" content=\"2 minutes\" \/>\r\n<script type=\"application\/ld+json\" class=\"yoast-schema-graph\">{\"@context\":\"https:\/\/schema.org\",\"@graph\":[{\"@type\":\"WebPage\",\"@id\":\"https:\/\/paracherkaoui.ma\/index.php\/produit\/babe-pediatric-pate-a-leau-100-ml\/\",\"url\":\"https:\/\/paracherkaoui.ma\/index.php\/produit\/babe-pediatric-pate-a-leau-100-ml\/\",\"name\":\"BABE PEDIATRIC PATE A L'EAU 100 ML - Paracherkaoui.ma\",\"isPartOf\":{\"@id\":\"https:\/\/paracherkaoui.ma\/#website\"},\"primaryImageOfPage\":{\"@id\":\"https:\/\/paracherkaoui.ma\/index.php\/produit\/babe-pediatric-pate-a-leau-100-ml\/#primaryimage\"},\"image\":{\"@id\":\"https:\/\/paracherkaoui.ma\/index.php\/produit\/babe-pediatric-pate-a-leau-100-ml\/#primaryimage\"},\"thumbnailUrl\":\"https:\/\/paracherkaoui.ma\/wp-content\/uploads\/2025\/12\/babe-babe-pediatric-pate-a-leau-100-ml-cremes-de-changes.jpg\",\"datePublished\":\"2025-12-12T18:12:25+00:00\",\"dateModified\":\"2025-12-12T18:12:27+00:00\",\"breadcrumb\":{\"@id\":\"https:\/\/paracherkaoui.ma\/index.php\/produit\/babe-pediatric-pate-a-leau-100-ml\/#breadcrumb\"},\"inLanguage\":\"fr-FR\",\"potentialAction\":[{\"@type\":\"ReadAction\",\"target\":[\"https:\/\/paracherkaoui.ma\/index.php\/produit\/babe-pediatric-pate-a-leau-100-ml\/\"]}]},{\"@type\":\"ImageObject\",\"inLanguage\":\"fr-FR\",\"@id\":\"https:\/\/paracherkaoui.ma\/index.php\/produit\/babe-pediatric-pate-a-leau-100-ml\/#primaryimage\",\"url\":\"https:\/\/paracherkaoui.ma\/wp-content\/uploads\/2025\/12\/babe-babe-pediatric-pate-a-leau-100-ml-cremes-de-changes.jpg\",\"contentUrl\":\"https:\/\/paracherkaoui.ma\/wp-content\/uploads\/2025\/12\/babe-babe-pediatric-pate-a-leau-100-ml-cremes-de-changes.jpg\",\"width\":700,\"height\":700},{\"@type\":\"BreadcrumbList\",\"@id\":\"https:\/\/paracherkaoui.ma\/index.php\/produit\/babe-pediatric-pate-a-leau-100-ml\/#breadcrumb\",\"itemListElement\":[{\"@type\":\"ListItem\",\"position\":1,\"name\":\"Accueil\",\"item\":\"https:\/\/paracherkaoui.ma\/\"},{\"@type\":\"ListItem\",\"position\":2,\"name\":\"Boutique\",\"item\":\"https:\/\/paracherkaoui.ma\/index.php\/boutique\/\"},{\"@type\":\"ListItem\",\"position\":3,\"name\":\"BABE PEDIATRIC PATE A L&rsquo;EAU 100 ML\"}]},{\"@type\":\"WebSite\",\"@id\":\"https:\/\/paracherkaoui.ma\/#website\",\"url\":\"https:\/\/paracherkaoui.ma\/\",\"name\":\"Paracherkaoui.ma\",\"description\":\"Achetez en ligne sur Paracherkaoui.ma\",\"potentialAction\":[{\"@type\":\"SearchAction\",\"target\":{\"@type\":\"EntryPoint\",\"urlTemplate\":\"https:\/\/paracherkaoui.ma\/?s={search_term_string}\"},\"query-input\":{\"@type\":\"PropertyValueSpecification\",\"valueRequired\":true,\"valueName\":\"search_term_string\"}}],\"inLanguage\":\"fr-FR\"}]}<\/script>\r\n<!-- \/ Yoast SEO plugin. -->","yoast_head_json":{"title":"BABE PEDIATRIC PATE A L'EAU 100 ML - Paracherkaoui.ma","robots":{"index":"index","follow":"follow","max-snippet":"max-snippet:-1","max-image-preview":"max-image-preview:large","max-video-preview":"max-video-preview:-1"},"canonical":"https:\/\/paracherkaoui.ma\/index.php\/produit\/babe-pediatric-pate-a-leau-100-ml\/","og_locale":"fr_FR","og_type":"article","og_title":"BABE PEDIATRIC PATE A L'EAU 100 ML - Paracherkaoui.ma","og_description":"P\u00e2te \u00e0 base d&rsquo;eau qui prot\u00e8ge, apaise et r\u00e9pare la peau des b\u00e9b\u00e9s et des enfants. Avec une texture l\u00e9g\u00e8re","og_url":"https:\/\/paracherkaoui.ma\/index.php\/produit\/babe-pediatric-pate-a-leau-100-ml\/","og_site_name":"Paracherkaoui.ma","article_modified_time":"2025-12-12T18:12:27+00:00","og_image":[{"width":700,"height":700,"url":"https:\/\/paracherkaoui.ma\/wp-content\/uploads\/2025\/12\/babe-babe-pediatric-pate-a-leau-100-ml-cremes-de-changes.jpg","type":"image\/jpeg"}],"twitter_card":"summary_large_image","twitter_misc":{"Dur\u00e9e de lecture estim\u00e9e":"2 minutes"},"schema":{"@context":"https:\/\/schema.org","@graph":[{"@type":"WebPage","@id":"https:\/\/paracherkaoui.ma\/index.php\/produit\/babe-pediatric-pate-a-leau-100-ml\/","url":"https:\/\/paracherkaoui.ma\/index.php\/produit\/babe-pediatric-pate-a-leau-100-ml\/","name":"BABE PEDIATRIC PATE A L'EAU 100 ML - Paracherkaoui.ma","isPartOf":{"@id":"https:\/\/paracherkaoui.ma\/#website"},"primaryImageOfPage":{"@id":"https:\/\/paracherkaoui.ma\/index.php\/produit\/babe-pediatric-pate-a-leau-100-ml\/#primaryimage"},"image":{"@id":"https:\/\/paracherkaoui.ma\/index.php\/produit\/babe-pediatric-pate-a-leau-100-ml\/#primaryimage"},"thumbnailUrl":"https:\/\/paracherkaoui.ma\/wp-content\/uploads\/2025\/12\/babe-babe-pediatric-pate-a-leau-100-ml-cremes-de-changes.jpg","datePublished":"2025-12-12T18:12:25+00:00","dateModified":"2025-12-12T18:12:27+00:00","breadcrumb":{"@id":"https:\/\/paracherkaoui.ma\/index.php\/produit\/babe-pediatric-pate-a-leau-100-ml\/#breadcrumb"},"inLanguage":"fr-FR","potentialAction":[{"@type":"ReadAction","target":["https:\/\/paracherkaoui.ma\/index.php\/produit\/babe-pediatric-pate-a-leau-100-ml\/"]}]},{"@type":"ImageObject","inLanguage":"fr-FR","@id":"https:\/\/paracherkaoui.ma\/index.php\/produit\/babe-pediatric-pate-a-leau-100-ml\/#primaryimage","url":"https:\/\/paracherkaoui.ma\/wp-content\/uploads\/2025\/12\/babe-babe-pediatric-pate-a-leau-100-ml-cremes-de-changes.jpg","contentUrl":"https:\/\/paracherkaoui.ma\/wp-content\/uploads\/2025\/12\/babe-babe-pediatric-pate-a-leau-100-ml-cremes-de-changes.jpg","width":700,"height":700},{"@type":"BreadcrumbList","@id":"https:\/\/paracherkaoui.ma\/index.php\/produit\/babe-pediatric-pate-a-leau-100-ml\/#breadcrumb","itemListElement":[{"@type":"ListItem","position":1,"name":"Accueil","item":"https:\/\/paracherkaoui.ma\/"},{"@type":"ListItem","position":2,"name":"Boutique","item":"https:\/\/paracherkaoui.ma\/index.php\/boutique\/"},{"@type":"ListItem","position":3,"name":"BABE PEDIATRIC PATE A L&rsquo;EAU 100 ML"}]},{"@type":"WebSite","@id":"https:\/\/paracherkaoui.ma\/#website","url":"https:\/\/paracherkaoui.ma\/","name":"Paracherkaoui.ma","description":"Achetez en ligne sur Paracherkaoui.ma","potentialAction":[{"@type":"SearchAction","target":{"@type":"EntryPoint","urlTemplate":"https:\/\/paracherkaoui.ma\/?s={search_term_string}"},"query-input":{"@type":"PropertyValueSpecification","valueRequired":true,"valueName":"search_term_string"}}],"inLanguage":"fr-FR"}]}},"_links":{"self":[{"href":"https:\/\/paracherkaoui.ma\/index.php\/wp-json\/wp\/v2\/product\/44117","targetHints":{"allow":["GET"]}}],"collection":[{"href":"https:\/\/paracherkaoui.ma\/index.php\/wp-json\/wp\/v2\/product"}],"about":[{"href":"https:\/\/paracherkaoui.ma\/index.php\/wp-json\/wp\/v2\/types\/product"}],"replies":[{"embeddable":true,"href":"https:\/\/paracherkaoui.ma\/index.php\/wp-json\/wp\/v2\/comments?post=44117"}],"version-history":[{"count":1,"href":"https:\/\/paracherkaoui.ma\/index.php\/wp-json\/wp\/v2\/product\/44117\/revisions"}],"predecessor-version":[{"id":44138,"href":"https:\/\/paracherkaoui.ma\/index.php\/wp-json\/wp\/v2\/product\/44117\/revisions\/44138"}],"wp:featuredmedia":[{"embeddable":true,"href":"https:\/\/paracherkaoui.ma\/index.php\/wp-json\/wp\/v2\/media\/44137"}],"wp:attachment":[{"href":"https:\/\/paracherkaoui.ma\/index.php\/wp-json\/wp\/v2\/media?parent=44117"}],"wp:term":[{"taxonomy":"product_brand","embeddable":true,"href":"https:\/\/paracherkaoui.ma\/index.php\/wp-json\/wp\/v2\/product_brand?post=44117"},{"taxonomy":"product_cat","embeddable":true,"href":"https:\/\/paracherkaoui.ma\/index.php\/wp-json\/wp\/v2\/product_cat?post=44117"},{"taxonomy":"product_tag","embeddable":true,"href":"https:\/\/paracherkaoui.ma\/index.php\/wp-json\/wp\/v2\/product_tag?post=44117"}],"curies":[{"name":"wp","href":"https:\/\/api.w.org\/{rel}","templated":true}]}}