{"id":44058,"date":"2025-12-12T19:12:19","date_gmt":"2025-12-12T18:12:19","guid":{"rendered":"https:\/\/test.ecbeaute.com\/?post_type=product&#038;p=44058"},"modified":"2025-12-12T19:12:24","modified_gmt":"2025-12-12T18:12:24","slug":"bioderma-abcderm-lait-de-toilette-500-ml-2","status":"publish","type":"product","link":"https:\/\/paracherkaoui.ma\/index.php\/produit\/bioderma-abcderm-lait-de-toilette-500-ml-2\/","title":{"rendered":"BIODERMA ABCDERM LAIT DE TOILETTE 500 ML"},"content":{"rendered":"<p>ABCDerm Lait de Toilette est le choix id\u00e9al pour nettoyer en douceur la peau d\u00e9licate de b\u00e9b\u00e9 tout en assurant un confort optimal. Ce lait onctueux \u00e9limine efficacement les salissures tout en apportant une hydratation essentielle. Sa formule hypoallerg\u00e9nique garantit une parfaite tol\u00e9rance cutan\u00e9e et oculaire, sans risque de picotement des yeux. ABCDerm Lait de Toilette est agr\u00e9able \u00e0 utiliser au quotidien, laissant la peau douce, propre et fra\u00eeche.<br \/>\nConseils d&rsquo;Utilisation :<br \/>\nAppliquer sur un coton pour nettoyer d\u00e9licatement le visage et le corps de b\u00e9b\u00e9.<\/p>\n","protected":false},"excerpt":{"rendered":"<p>ABCDerm Lait de Toilette est le choix id\u00e9al pour nettoyer en douceur la peau d\u00e9licate de b\u00e9b\u00e9 tout en assurant<\/p>\n","protected":false},"featured_media":12691,"comment_status":"open","ping_status":"closed","template":"","meta":[],"product_brand":[164],"product_cat":[773],"product_tag":[],"class_list":{"0":"post-44058","1":"product","2":"type-product","3":"status-publish","4":"has-post-thumbnail","6":"product_brand-abcderm","7":"product_cat-changes-bebe","9":"first","10":"instock","11":"sale","12":"shipping-taxable","13":"purchasable","14":"product-type-simple"},"yoast_head":"<!-- This site is optimized with the Yoast SEO plugin v26.6 - https:\/\/yoast.com\/wordpress\/plugins\/seo\/ -->\r\n<title>BIODERMA ABCDERM LAIT DE TOILETTE 500 ML - Paracherkaoui.ma<\/title>\r\n<meta name=\"robots\" content=\"index, follow, max-snippet:-1, max-image-preview:large, max-video-preview:-1\" \/>\r\n<link rel=\"canonical\" href=\"https:\/\/paracherkaoui.ma\/index.php\/produit\/bioderma-abcderm-lait-de-toilette-500-ml-2\/\" \/>\r\n<meta property=\"og:locale\" content=\"fr_FR\" \/>\r\n<meta property=\"og:type\" content=\"article\" \/>\r\n<meta property=\"og:title\" content=\"BIODERMA ABCDERM LAIT DE TOILETTE 500 ML - Paracherkaoui.ma\" \/>\r\n<meta property=\"og:description\" content=\"ABCDerm Lait de Toilette est le choix id\u00e9al pour nettoyer en douceur la peau d\u00e9licate de b\u00e9b\u00e9 tout en assurant\" \/>\r\n<meta property=\"og:url\" content=\"https:\/\/paracherkaoui.ma\/index.php\/produit\/bioderma-abcderm-lait-de-toilette-500-ml-2\/\" \/>\r\n<meta property=\"og:site_name\" content=\"Paracherkaoui.ma\" \/>\r\n<meta property=\"article:modified_time\" content=\"2025-12-12T18:12:24+00:00\" \/>\r\n<meta property=\"og:image\" content=\"https:\/\/paracherkaoui.ma\/wp-content\/uploads\/2025\/12\/abcderm-bioderma-abcderm-lait-de-toilette-500-ml-changes-bebe.jpg\" \/>\r\n\t<meta property=\"og:image:width\" content=\"700\" \/>\r\n\t<meta property=\"og:image:height\" content=\"700\" \/>\r\n\t<meta property=\"og:image:type\" content=\"image\/jpeg\" \/>\r\n<meta name=\"twitter:card\" content=\"summary_large_image\" \/>\r\n<script type=\"application\/ld+json\" class=\"yoast-schema-graph\">{\"@context\":\"https:\/\/schema.org\",\"@graph\":[{\"@type\":\"WebPage\",\"@id\":\"https:\/\/paracherkaoui.ma\/index.php\/produit\/bioderma-abcderm-lait-de-toilette-500-ml-2\/\",\"url\":\"https:\/\/paracherkaoui.ma\/index.php\/produit\/bioderma-abcderm-lait-de-toilette-500-ml-2\/\",\"name\":\"BIODERMA ABCDERM LAIT DE TOILETTE 500 ML - Paracherkaoui.ma\",\"isPartOf\":{\"@id\":\"https:\/\/paracherkaoui.ma\/#website\"},\"primaryImageOfPage\":{\"@id\":\"https:\/\/paracherkaoui.ma\/index.php\/produit\/bioderma-abcderm-lait-de-toilette-500-ml-2\/#primaryimage\"},\"image\":{\"@id\":\"https:\/\/paracherkaoui.ma\/index.php\/produit\/bioderma-abcderm-lait-de-toilette-500-ml-2\/#primaryimage\"},\"thumbnailUrl\":\"https:\/\/paracherkaoui.ma\/wp-content\/uploads\/2025\/12\/abcderm-bioderma-abcderm-lait-de-toilette-500-ml-changes-bebe.jpg\",\"datePublished\":\"2025-12-12T18:12:19+00:00\",\"dateModified\":\"2025-12-12T18:12:24+00:00\",\"breadcrumb\":{\"@id\":\"https:\/\/paracherkaoui.ma\/index.php\/produit\/bioderma-abcderm-lait-de-toilette-500-ml-2\/#breadcrumb\"},\"inLanguage\":\"fr-FR\",\"potentialAction\":[{\"@type\":\"ReadAction\",\"target\":[\"https:\/\/paracherkaoui.ma\/index.php\/produit\/bioderma-abcderm-lait-de-toilette-500-ml-2\/\"]}]},{\"@type\":\"ImageObject\",\"inLanguage\":\"fr-FR\",\"@id\":\"https:\/\/paracherkaoui.ma\/index.php\/produit\/bioderma-abcderm-lait-de-toilette-500-ml-2\/#primaryimage\",\"url\":\"https:\/\/paracherkaoui.ma\/wp-content\/uploads\/2025\/12\/abcderm-bioderma-abcderm-lait-de-toilette-500-ml-changes-bebe.jpg\",\"contentUrl\":\"https:\/\/paracherkaoui.ma\/wp-content\/uploads\/2025\/12\/abcderm-bioderma-abcderm-lait-de-toilette-500-ml-changes-bebe.jpg\",\"width\":700,\"height\":700},{\"@type\":\"BreadcrumbList\",\"@id\":\"https:\/\/paracherkaoui.ma\/index.php\/produit\/bioderma-abcderm-lait-de-toilette-500-ml-2\/#breadcrumb\",\"itemListElement\":[{\"@type\":\"ListItem\",\"position\":1,\"name\":\"Accueil\",\"item\":\"https:\/\/paracherkaoui.ma\/\"},{\"@type\":\"ListItem\",\"position\":2,\"name\":\"Boutique\",\"item\":\"https:\/\/paracherkaoui.ma\/index.php\/boutique\/\"},{\"@type\":\"ListItem\",\"position\":3,\"name\":\"BIODERMA ABCDERM LAIT DE TOILETTE 500 ML\"}]},{\"@type\":\"WebSite\",\"@id\":\"https:\/\/paracherkaoui.ma\/#website\",\"url\":\"https:\/\/paracherkaoui.ma\/\",\"name\":\"Paracherkaoui.ma\",\"description\":\"Achetez en ligne sur Paracherkaoui.ma\",\"potentialAction\":[{\"@type\":\"SearchAction\",\"target\":{\"@type\":\"EntryPoint\",\"urlTemplate\":\"https:\/\/paracherkaoui.ma\/?s={search_term_string}\"},\"query-input\":{\"@type\":\"PropertyValueSpecification\",\"valueRequired\":true,\"valueName\":\"search_term_string\"}}],\"inLanguage\":\"fr-FR\"}]}<\/script>\r\n<!-- \/ Yoast SEO plugin. -->","yoast_head_json":{"title":"BIODERMA ABCDERM LAIT DE TOILETTE 500 ML - Paracherkaoui.ma","robots":{"index":"index","follow":"follow","max-snippet":"max-snippet:-1","max-image-preview":"max-image-preview:large","max-video-preview":"max-video-preview:-1"},"canonical":"https:\/\/paracherkaoui.ma\/index.php\/produit\/bioderma-abcderm-lait-de-toilette-500-ml-2\/","og_locale":"fr_FR","og_type":"article","og_title":"BIODERMA ABCDERM LAIT DE TOILETTE 500 ML - Paracherkaoui.ma","og_description":"ABCDerm Lait de Toilette est le choix id\u00e9al pour nettoyer en douceur la peau d\u00e9licate de b\u00e9b\u00e9 tout en assurant","og_url":"https:\/\/paracherkaoui.ma\/index.php\/produit\/bioderma-abcderm-lait-de-toilette-500-ml-2\/","og_site_name":"Paracherkaoui.ma","article_modified_time":"2025-12-12T18:12:24+00:00","og_image":[{"width":700,"height":700,"url":"https:\/\/paracherkaoui.ma\/wp-content\/uploads\/2025\/12\/abcderm-bioderma-abcderm-lait-de-toilette-500-ml-changes-bebe.jpg","type":"image\/jpeg"}],"twitter_card":"summary_large_image","schema":{"@context":"https:\/\/schema.org","@graph":[{"@type":"WebPage","@id":"https:\/\/paracherkaoui.ma\/index.php\/produit\/bioderma-abcderm-lait-de-toilette-500-ml-2\/","url":"https:\/\/paracherkaoui.ma\/index.php\/produit\/bioderma-abcderm-lait-de-toilette-500-ml-2\/","name":"BIODERMA ABCDERM LAIT DE TOILETTE 500 ML - Paracherkaoui.ma","isPartOf":{"@id":"https:\/\/paracherkaoui.ma\/#website"},"primaryImageOfPage":{"@id":"https:\/\/paracherkaoui.ma\/index.php\/produit\/bioderma-abcderm-lait-de-toilette-500-ml-2\/#primaryimage"},"image":{"@id":"https:\/\/paracherkaoui.ma\/index.php\/produit\/bioderma-abcderm-lait-de-toilette-500-ml-2\/#primaryimage"},"thumbnailUrl":"https:\/\/paracherkaoui.ma\/wp-content\/uploads\/2025\/12\/abcderm-bioderma-abcderm-lait-de-toilette-500-ml-changes-bebe.jpg","datePublished":"2025-12-12T18:12:19+00:00","dateModified":"2025-12-12T18:12:24+00:00","breadcrumb":{"@id":"https:\/\/paracherkaoui.ma\/index.php\/produit\/bioderma-abcderm-lait-de-toilette-500-ml-2\/#breadcrumb"},"inLanguage":"fr-FR","potentialAction":[{"@type":"ReadAction","target":["https:\/\/paracherkaoui.ma\/index.php\/produit\/bioderma-abcderm-lait-de-toilette-500-ml-2\/"]}]},{"@type":"ImageObject","inLanguage":"fr-FR","@id":"https:\/\/paracherkaoui.ma\/index.php\/produit\/bioderma-abcderm-lait-de-toilette-500-ml-2\/#primaryimage","url":"https:\/\/paracherkaoui.ma\/wp-content\/uploads\/2025\/12\/abcderm-bioderma-abcderm-lait-de-toilette-500-ml-changes-bebe.jpg","contentUrl":"https:\/\/paracherkaoui.ma\/wp-content\/uploads\/2025\/12\/abcderm-bioderma-abcderm-lait-de-toilette-500-ml-changes-bebe.jpg","width":700,"height":700},{"@type":"BreadcrumbList","@id":"https:\/\/paracherkaoui.ma\/index.php\/produit\/bioderma-abcderm-lait-de-toilette-500-ml-2\/#breadcrumb","itemListElement":[{"@type":"ListItem","position":1,"name":"Accueil","item":"https:\/\/paracherkaoui.ma\/"},{"@type":"ListItem","position":2,"name":"Boutique","item":"https:\/\/paracherkaoui.ma\/index.php\/boutique\/"},{"@type":"ListItem","position":3,"name":"BIODERMA ABCDERM LAIT DE TOILETTE 500 ML"}]},{"@type":"WebSite","@id":"https:\/\/paracherkaoui.ma\/#website","url":"https:\/\/paracherkaoui.ma\/","name":"Paracherkaoui.ma","description":"Achetez en ligne sur Paracherkaoui.ma","potentialAction":[{"@type":"SearchAction","target":{"@type":"EntryPoint","urlTemplate":"https:\/\/paracherkaoui.ma\/?s={search_term_string}"},"query-input":{"@type":"PropertyValueSpecification","valueRequired":true,"valueName":"search_term_string"}}],"inLanguage":"fr-FR"}]}},"_links":{"self":[{"href":"https:\/\/paracherkaoui.ma\/index.php\/wp-json\/wp\/v2\/product\/44058","targetHints":{"allow":["GET"]}}],"collection":[{"href":"https:\/\/paracherkaoui.ma\/index.php\/wp-json\/wp\/v2\/product"}],"about":[{"href":"https:\/\/paracherkaoui.ma\/index.php\/wp-json\/wp\/v2\/types\/product"}],"replies":[{"embeddable":true,"href":"https:\/\/paracherkaoui.ma\/index.php\/wp-json\/wp\/v2\/comments?post=44058"}],"version-history":[{"count":1,"href":"https:\/\/paracherkaoui.ma\/index.php\/wp-json\/wp\/v2\/product\/44058\/revisions"}],"predecessor-version":[{"id":44107,"href":"https:\/\/paracherkaoui.ma\/index.php\/wp-json\/wp\/v2\/product\/44058\/revisions\/44107"}],"wp:featuredmedia":[{"embeddable":true,"href":"https:\/\/paracherkaoui.ma\/index.php\/wp-json\/wp\/v2\/media\/12691"}],"wp:attachment":[{"href":"https:\/\/paracherkaoui.ma\/index.php\/wp-json\/wp\/v2\/media?parent=44058"}],"wp:term":[{"taxonomy":"product_brand","embeddable":true,"href":"https:\/\/paracherkaoui.ma\/index.php\/wp-json\/wp\/v2\/product_brand?post=44058"},{"taxonomy":"product_cat","embeddable":true,"href":"https:\/\/paracherkaoui.ma\/index.php\/wp-json\/wp\/v2\/product_cat?post=44058"},{"taxonomy":"product_tag","embeddable":true,"href":"https:\/\/paracherkaoui.ma\/index.php\/wp-json\/wp\/v2\/product_tag?post=44058"}],"curies":[{"name":"wp","href":"https:\/\/api.w.org\/{rel}","templated":true}]}}