{"id":44055,"date":"2025-12-12T19:12:18","date_gmt":"2025-12-12T18:12:18","guid":{"rendered":"https:\/\/test.ecbeaute.com\/?post_type=product&#038;p=44055"},"modified":"2025-12-12T19:12:23","modified_gmt":"2025-12-12T18:12:23","slug":"mustela-lait-de-toilette-sans-rincage-500-ml","status":"publish","type":"product","link":"https:\/\/paracherkaoui.ma\/index.php\/produit\/mustela-lait-de-toilette-sans-rincage-500-ml\/","title":{"rendered":"MUSTELA LAIT DE TOILETTE SANS RIN\u00c7AGE 500 ML"},"content":{"rendered":"<p>\u00c9limine efficacement et en douceur les impuret\u00e9s.<br \/>\n\u00c9vite le dess\u00e8chement cutan\u00e9.<br \/>\nFavorise l&rsquo;hydratation et laisse la peau douce.<br \/>\nPers\u00e9ose d&rsquo;avocat bio, actif naturel brevet\u00e9 : prot\u00e8ge la barri\u00e8re cutan\u00e9e, hydrate et pr\u00e9serve la richesse cellulaire de la peau.<br \/>\nHuile de tournesol, actif d&rsquo;origine naturelle : aide \u00e0 prot\u00e9ger le film hydrolipidique de la peau.<br \/>\nTest\u00e9 dermatologiquement<br \/>\nHaute tol\u00e9rance cutan\u00e9e<br \/>\nTexture onctueuse.<br \/>\nLaisse la peau non collante.<br \/>\nSans rin\u00e7age<br \/>\nLaisse une odeur unique sur la peau.<br \/>\nConseils d\u2019utilisation :<br \/>\nNettoyer d\u00e9licatement \u00e0 l&rsquo;aide d&rsquo;un coton sur la zone du visage et du si\u00e8ge.<br \/>\nInutile de rincer<\/p>\n","protected":false},"excerpt":{"rendered":"<p>\u00c9limine efficacement et en douceur les impuret\u00e9s. \u00c9vite le dess\u00e8chement cutan\u00e9. Favorise l&rsquo;hydratation et laisse la peau douce. Pers\u00e9ose d&rsquo;avocat<\/p>\n","protected":false},"featured_media":44101,"comment_status":"open","ping_status":"closed","template":"","meta":[],"product_brand":[687],"product_cat":[773],"product_tag":[],"class_list":{"0":"post-44055","1":"product","2":"type-product","3":"status-publish","4":"has-post-thumbnail","6":"product_brand-mustela","7":"product_cat-changes-bebe","9":"first","10":"instock","11":"sale","12":"shipping-taxable","13":"purchasable","14":"product-type-simple"},"yoast_head":"<!-- This site is optimized with the Yoast SEO plugin v26.6 - https:\/\/yoast.com\/wordpress\/plugins\/seo\/ -->\r\n<title>MUSTELA LAIT DE TOILETTE SANS RIN\u00c7AGE 500 ML - Paracherkaoui.ma<\/title>\r\n<meta name=\"robots\" content=\"index, follow, max-snippet:-1, max-image-preview:large, max-video-preview:-1\" \/>\r\n<link rel=\"canonical\" href=\"https:\/\/paracherkaoui.ma\/index.php\/produit\/mustela-lait-de-toilette-sans-rincage-500-ml\/\" \/>\r\n<meta property=\"og:locale\" content=\"fr_FR\" \/>\r\n<meta property=\"og:type\" content=\"article\" \/>\r\n<meta property=\"og:title\" content=\"MUSTELA LAIT DE TOILETTE SANS RIN\u00c7AGE 500 ML - Paracherkaoui.ma\" \/>\r\n<meta property=\"og:description\" content=\"\u00c9limine efficacement et en douceur les impuret\u00e9s. \u00c9vite le dess\u00e8chement cutan\u00e9. Favorise l&rsquo;hydratation et laisse la peau douce. Pers\u00e9ose d&rsquo;avocat\" \/>\r\n<meta property=\"og:url\" content=\"https:\/\/paracherkaoui.ma\/index.php\/produit\/mustela-lait-de-toilette-sans-rincage-500-ml\/\" \/>\r\n<meta property=\"og:site_name\" content=\"Paracherkaoui.ma\" \/>\r\n<meta property=\"article:modified_time\" content=\"2025-12-12T18:12:23+00:00\" \/>\r\n<meta property=\"og:image\" content=\"https:\/\/paracherkaoui.ma\/wp-content\/uploads\/2025\/12\/mustela-mustela-lait-de-toilette-sans-rincage-500-ml-nettoyants-liniments-et-talcs.jpg\" \/>\r\n\t<meta property=\"og:image:width\" content=\"700\" \/>\r\n\t<meta property=\"og:image:height\" content=\"700\" \/>\r\n\t<meta property=\"og:image:type\" content=\"image\/jpeg\" \/>\r\n<meta name=\"twitter:card\" content=\"summary_large_image\" \/>\r\n<meta name=\"twitter:label1\" content=\"Dur\u00e9e de lecture estim\u00e9e\" \/>\n\t<meta name=\"twitter:data1\" content=\"1 minute\" \/>\r\n<script type=\"application\/ld+json\" class=\"yoast-schema-graph\">{\"@context\":\"https:\/\/schema.org\",\"@graph\":[{\"@type\":\"WebPage\",\"@id\":\"https:\/\/paracherkaoui.ma\/index.php\/produit\/mustela-lait-de-toilette-sans-rincage-500-ml\/\",\"url\":\"https:\/\/paracherkaoui.ma\/index.php\/produit\/mustela-lait-de-toilette-sans-rincage-500-ml\/\",\"name\":\"MUSTELA LAIT DE TOILETTE SANS RIN\u00c7AGE 500 ML - Paracherkaoui.ma\",\"isPartOf\":{\"@id\":\"https:\/\/paracherkaoui.ma\/#website\"},\"primaryImageOfPage\":{\"@id\":\"https:\/\/paracherkaoui.ma\/index.php\/produit\/mustela-lait-de-toilette-sans-rincage-500-ml\/#primaryimage\"},\"image\":{\"@id\":\"https:\/\/paracherkaoui.ma\/index.php\/produit\/mustela-lait-de-toilette-sans-rincage-500-ml\/#primaryimage\"},\"thumbnailUrl\":\"https:\/\/paracherkaoui.ma\/wp-content\/uploads\/2025\/12\/mustela-mustela-lait-de-toilette-sans-rincage-500-ml-nettoyants-liniments-et-talcs.jpg\",\"datePublished\":\"2025-12-12T18:12:18+00:00\",\"dateModified\":\"2025-12-12T18:12:23+00:00\",\"breadcrumb\":{\"@id\":\"https:\/\/paracherkaoui.ma\/index.php\/produit\/mustela-lait-de-toilette-sans-rincage-500-ml\/#breadcrumb\"},\"inLanguage\":\"fr-FR\",\"potentialAction\":[{\"@type\":\"ReadAction\",\"target\":[\"https:\/\/paracherkaoui.ma\/index.php\/produit\/mustela-lait-de-toilette-sans-rincage-500-ml\/\"]}]},{\"@type\":\"ImageObject\",\"inLanguage\":\"fr-FR\",\"@id\":\"https:\/\/paracherkaoui.ma\/index.php\/produit\/mustela-lait-de-toilette-sans-rincage-500-ml\/#primaryimage\",\"url\":\"https:\/\/paracherkaoui.ma\/wp-content\/uploads\/2025\/12\/mustela-mustela-lait-de-toilette-sans-rincage-500-ml-nettoyants-liniments-et-talcs.jpg\",\"contentUrl\":\"https:\/\/paracherkaoui.ma\/wp-content\/uploads\/2025\/12\/mustela-mustela-lait-de-toilette-sans-rincage-500-ml-nettoyants-liniments-et-talcs.jpg\",\"width\":700,\"height\":700},{\"@type\":\"BreadcrumbList\",\"@id\":\"https:\/\/paracherkaoui.ma\/index.php\/produit\/mustela-lait-de-toilette-sans-rincage-500-ml\/#breadcrumb\",\"itemListElement\":[{\"@type\":\"ListItem\",\"position\":1,\"name\":\"Accueil\",\"item\":\"https:\/\/paracherkaoui.ma\/\"},{\"@type\":\"ListItem\",\"position\":2,\"name\":\"Boutique\",\"item\":\"https:\/\/paracherkaoui.ma\/index.php\/boutique\/\"},{\"@type\":\"ListItem\",\"position\":3,\"name\":\"MUSTELA LAIT DE TOILETTE SANS RIN\u00c7AGE 500 ML\"}]},{\"@type\":\"WebSite\",\"@id\":\"https:\/\/paracherkaoui.ma\/#website\",\"url\":\"https:\/\/paracherkaoui.ma\/\",\"name\":\"Paracherkaoui.ma\",\"description\":\"Achetez en ligne sur Paracherkaoui.ma\",\"potentialAction\":[{\"@type\":\"SearchAction\",\"target\":{\"@type\":\"EntryPoint\",\"urlTemplate\":\"https:\/\/paracherkaoui.ma\/?s={search_term_string}\"},\"query-input\":{\"@type\":\"PropertyValueSpecification\",\"valueRequired\":true,\"valueName\":\"search_term_string\"}}],\"inLanguage\":\"fr-FR\"}]}<\/script>\r\n<!-- \/ Yoast SEO plugin. -->","yoast_head_json":{"title":"MUSTELA LAIT DE TOILETTE SANS RIN\u00c7AGE 500 ML - Paracherkaoui.ma","robots":{"index":"index","follow":"follow","max-snippet":"max-snippet:-1","max-image-preview":"max-image-preview:large","max-video-preview":"max-video-preview:-1"},"canonical":"https:\/\/paracherkaoui.ma\/index.php\/produit\/mustela-lait-de-toilette-sans-rincage-500-ml\/","og_locale":"fr_FR","og_type":"article","og_title":"MUSTELA LAIT DE TOILETTE SANS RIN\u00c7AGE 500 ML - Paracherkaoui.ma","og_description":"\u00c9limine efficacement et en douceur les impuret\u00e9s. \u00c9vite le dess\u00e8chement cutan\u00e9. Favorise l&rsquo;hydratation et laisse la peau douce. Pers\u00e9ose d&rsquo;avocat","og_url":"https:\/\/paracherkaoui.ma\/index.php\/produit\/mustela-lait-de-toilette-sans-rincage-500-ml\/","og_site_name":"Paracherkaoui.ma","article_modified_time":"2025-12-12T18:12:23+00:00","og_image":[{"width":700,"height":700,"url":"https:\/\/paracherkaoui.ma\/wp-content\/uploads\/2025\/12\/mustela-mustela-lait-de-toilette-sans-rincage-500-ml-nettoyants-liniments-et-talcs.jpg","type":"image\/jpeg"}],"twitter_card":"summary_large_image","twitter_misc":{"Dur\u00e9e de lecture estim\u00e9e":"1 minute"},"schema":{"@context":"https:\/\/schema.org","@graph":[{"@type":"WebPage","@id":"https:\/\/paracherkaoui.ma\/index.php\/produit\/mustela-lait-de-toilette-sans-rincage-500-ml\/","url":"https:\/\/paracherkaoui.ma\/index.php\/produit\/mustela-lait-de-toilette-sans-rincage-500-ml\/","name":"MUSTELA LAIT DE TOILETTE SANS RIN\u00c7AGE 500 ML - Paracherkaoui.ma","isPartOf":{"@id":"https:\/\/paracherkaoui.ma\/#website"},"primaryImageOfPage":{"@id":"https:\/\/paracherkaoui.ma\/index.php\/produit\/mustela-lait-de-toilette-sans-rincage-500-ml\/#primaryimage"},"image":{"@id":"https:\/\/paracherkaoui.ma\/index.php\/produit\/mustela-lait-de-toilette-sans-rincage-500-ml\/#primaryimage"},"thumbnailUrl":"https:\/\/paracherkaoui.ma\/wp-content\/uploads\/2025\/12\/mustela-mustela-lait-de-toilette-sans-rincage-500-ml-nettoyants-liniments-et-talcs.jpg","datePublished":"2025-12-12T18:12:18+00:00","dateModified":"2025-12-12T18:12:23+00:00","breadcrumb":{"@id":"https:\/\/paracherkaoui.ma\/index.php\/produit\/mustela-lait-de-toilette-sans-rincage-500-ml\/#breadcrumb"},"inLanguage":"fr-FR","potentialAction":[{"@type":"ReadAction","target":["https:\/\/paracherkaoui.ma\/index.php\/produit\/mustela-lait-de-toilette-sans-rincage-500-ml\/"]}]},{"@type":"ImageObject","inLanguage":"fr-FR","@id":"https:\/\/paracherkaoui.ma\/index.php\/produit\/mustela-lait-de-toilette-sans-rincage-500-ml\/#primaryimage","url":"https:\/\/paracherkaoui.ma\/wp-content\/uploads\/2025\/12\/mustela-mustela-lait-de-toilette-sans-rincage-500-ml-nettoyants-liniments-et-talcs.jpg","contentUrl":"https:\/\/paracherkaoui.ma\/wp-content\/uploads\/2025\/12\/mustela-mustela-lait-de-toilette-sans-rincage-500-ml-nettoyants-liniments-et-talcs.jpg","width":700,"height":700},{"@type":"BreadcrumbList","@id":"https:\/\/paracherkaoui.ma\/index.php\/produit\/mustela-lait-de-toilette-sans-rincage-500-ml\/#breadcrumb","itemListElement":[{"@type":"ListItem","position":1,"name":"Accueil","item":"https:\/\/paracherkaoui.ma\/"},{"@type":"ListItem","position":2,"name":"Boutique","item":"https:\/\/paracherkaoui.ma\/index.php\/boutique\/"},{"@type":"ListItem","position":3,"name":"MUSTELA LAIT DE TOILETTE SANS RIN\u00c7AGE 500 ML"}]},{"@type":"WebSite","@id":"https:\/\/paracherkaoui.ma\/#website","url":"https:\/\/paracherkaoui.ma\/","name":"Paracherkaoui.ma","description":"Achetez en ligne sur Paracherkaoui.ma","potentialAction":[{"@type":"SearchAction","target":{"@type":"EntryPoint","urlTemplate":"https:\/\/paracherkaoui.ma\/?s={search_term_string}"},"query-input":{"@type":"PropertyValueSpecification","valueRequired":true,"valueName":"search_term_string"}}],"inLanguage":"fr-FR"}]}},"_links":{"self":[{"href":"https:\/\/paracherkaoui.ma\/index.php\/wp-json\/wp\/v2\/product\/44055","targetHints":{"allow":["GET"]}}],"collection":[{"href":"https:\/\/paracherkaoui.ma\/index.php\/wp-json\/wp\/v2\/product"}],"about":[{"href":"https:\/\/paracherkaoui.ma\/index.php\/wp-json\/wp\/v2\/types\/product"}],"replies":[{"embeddable":true,"href":"https:\/\/paracherkaoui.ma\/index.php\/wp-json\/wp\/v2\/comments?post=44055"}],"version-history":[{"count":1,"href":"https:\/\/paracherkaoui.ma\/index.php\/wp-json\/wp\/v2\/product\/44055\/revisions"}],"predecessor-version":[{"id":44102,"href":"https:\/\/paracherkaoui.ma\/index.php\/wp-json\/wp\/v2\/product\/44055\/revisions\/44102"}],"wp:featuredmedia":[{"embeddable":true,"href":"https:\/\/paracherkaoui.ma\/index.php\/wp-json\/wp\/v2\/media\/44101"}],"wp:attachment":[{"href":"https:\/\/paracherkaoui.ma\/index.php\/wp-json\/wp\/v2\/media?parent=44055"}],"wp:term":[{"taxonomy":"product_brand","embeddable":true,"href":"https:\/\/paracherkaoui.ma\/index.php\/wp-json\/wp\/v2\/product_brand?post=44055"},{"taxonomy":"product_cat","embeddable":true,"href":"https:\/\/paracherkaoui.ma\/index.php\/wp-json\/wp\/v2\/product_cat?post=44055"},{"taxonomy":"product_tag","embeddable":true,"href":"https:\/\/paracherkaoui.ma\/index.php\/wp-json\/wp\/v2\/product_tag?post=44055"}],"curies":[{"name":"wp","href":"https:\/\/api.w.org\/{rel}","templated":true}]}}