{"id":44040,"date":"2025-12-12T19:12:17","date_gmt":"2025-12-12T18:12:17","guid":{"rendered":"https:\/\/test.ecbeaute.com\/?post_type=product&#038;p=44040"},"modified":"2025-12-12T19:12:20","modified_gmt":"2025-12-12T18:12:20","slug":"mustela-creme-pour-le-change-vitaminee-50-ml","status":"publish","type":"product","link":"https:\/\/paracherkaoui.ma\/index.php\/produit\/mustela-creme-pour-le-change-vitaminee-50-ml\/","title":{"rendered":"MUSTELA CREME POUR LE CHANGE VITAMINEE 50 ML"},"content":{"rendered":"<p>La\u00a0Cr\u00e8me pour le Change Mustela\u00a0est une \u00e9mulsion corporelle pour b\u00e9b\u00e9 qui isole efficacement la peau des agressions des urines, des selles et du frottement de la couche, par l&rsquo;effet barri\u00e8re de l&rsquo;oxyde de zinc.<br \/>\nLa\u00a0Cr\u00e8me pour le Change Mustela\u00a0favorise la disparition des rougeurs et le renouvellement cellulaire gr\u00e2ce notamment \u00e0 l&rsquo;action des vitamine B5 et F.<br \/>\nLa\u00a0Cr\u00e8me pour le Change Mustela\u00a0apaise les sensations d&rsquo;irritation et adoucit la peau gr\u00e2ce \u00e0 la vitamine B5 et au beurre de Karit\u00e9.<br \/>\nLa\u00a0Cr\u00e8me pour le Change Mustela\u00a0laisse sur la peau un film protecteur non occlusif et une d\u00e9licate \u00ab\u00a0odeur de b\u00e9b\u00e9\u00a0\u00bb\u00a0Mustela. Tr\u00e9s pratique gr\u00e2ce \u00e0 sa pompe, la\u00a0Cr\u00e8me pour le Change Mustela\u00a0est id\u00e9ale pour d\u00e9livrer la dose optimale.<br \/>\nLe change en 3 gestes simples :<br \/>\nNettoyez les fesses de b\u00e9b\u00e9 avec les\u00a0Lingettes nettoyantes et apaisantes sp\u00e9cial change PhysiOb\u00e9b\u00e9 Fluide nettoyant sans rin\u00e7age\u00a0ou le\u00a0Lait de toilette\u00a0si vous pr\u00e9f\u00e9rez rincer;<br \/>\nS\u00e9chez d\u00e9licatement;<br \/>\nProt\u00e9gez ensuite avec la\u00a0Cr\u00e8me pour le change<\/p>\n","protected":false},"excerpt":{"rendered":"<p>La\u00a0Cr\u00e8me pour le Change Mustela\u00a0est une \u00e9mulsion corporelle pour b\u00e9b\u00e9 qui isole efficacement la peau des agressions des urines, des<\/p>\n","protected":false},"featured_media":44074,"comment_status":"open","ping_status":"closed","template":"","meta":[],"product_brand":[687],"product_cat":[773],"product_tag":[],"class_list":{"0":"post-44040","1":"product","2":"type-product","3":"status-publish","4":"has-post-thumbnail","6":"product_brand-mustela","7":"product_cat-changes-bebe","9":"first","10":"instock","11":"sale","12":"shipping-taxable","13":"purchasable","14":"product-type-simple"},"yoast_head":"<!-- This site is optimized with the Yoast SEO plugin v26.6 - https:\/\/yoast.com\/wordpress\/plugins\/seo\/ -->\r\n<title>MUSTELA CREME POUR LE CHANGE VITAMINEE 50 ML - Paracherkaoui.ma<\/title>\r\n<meta name=\"robots\" content=\"index, follow, max-snippet:-1, max-image-preview:large, max-video-preview:-1\" \/>\r\n<link rel=\"canonical\" href=\"https:\/\/paracherkaoui.ma\/index.php\/produit\/mustela-creme-pour-le-change-vitaminee-50-ml\/\" \/>\r\n<meta property=\"og:locale\" content=\"fr_FR\" \/>\r\n<meta property=\"og:type\" content=\"article\" \/>\r\n<meta property=\"og:title\" content=\"MUSTELA CREME POUR LE CHANGE VITAMINEE 50 ML - Paracherkaoui.ma\" \/>\r\n<meta property=\"og:description\" content=\"La\u00a0Cr\u00e8me pour le Change Mustela\u00a0est une \u00e9mulsion corporelle pour b\u00e9b\u00e9 qui isole efficacement la peau des agressions des urines, des\" \/>\r\n<meta property=\"og:url\" content=\"https:\/\/paracherkaoui.ma\/index.php\/produit\/mustela-creme-pour-le-change-vitaminee-50-ml\/\" \/>\r\n<meta property=\"og:site_name\" content=\"Paracherkaoui.ma\" \/>\r\n<meta property=\"article:modified_time\" content=\"2025-12-12T18:12:20+00:00\" \/>\r\n<meta property=\"og:image\" content=\"https:\/\/paracherkaoui.ma\/wp-content\/uploads\/2025\/12\/mustela-mustela-creme-pour-le-change-vitaminee-50-ml-changes-bebe.jpg\" \/>\r\n\t<meta property=\"og:image:width\" content=\"700\" \/>\r\n\t<meta property=\"og:image:height\" content=\"700\" \/>\r\n\t<meta property=\"og:image:type\" content=\"image\/jpeg\" \/>\r\n<meta name=\"twitter:card\" content=\"summary_large_image\" \/>\r\n<meta name=\"twitter:label1\" content=\"Dur\u00e9e de lecture estim\u00e9e\" \/>\n\t<meta name=\"twitter:data1\" content=\"1 minute\" \/>\r\n<script type=\"application\/ld+json\" class=\"yoast-schema-graph\">{\"@context\":\"https:\/\/schema.org\",\"@graph\":[{\"@type\":\"WebPage\",\"@id\":\"https:\/\/paracherkaoui.ma\/index.php\/produit\/mustela-creme-pour-le-change-vitaminee-50-ml\/\",\"url\":\"https:\/\/paracherkaoui.ma\/index.php\/produit\/mustela-creme-pour-le-change-vitaminee-50-ml\/\",\"name\":\"MUSTELA CREME POUR LE CHANGE VITAMINEE 50 ML - Paracherkaoui.ma\",\"isPartOf\":{\"@id\":\"https:\/\/paracherkaoui.ma\/#website\"},\"primaryImageOfPage\":{\"@id\":\"https:\/\/paracherkaoui.ma\/index.php\/produit\/mustela-creme-pour-le-change-vitaminee-50-ml\/#primaryimage\"},\"image\":{\"@id\":\"https:\/\/paracherkaoui.ma\/index.php\/produit\/mustela-creme-pour-le-change-vitaminee-50-ml\/#primaryimage\"},\"thumbnailUrl\":\"https:\/\/paracherkaoui.ma\/wp-content\/uploads\/2025\/12\/mustela-mustela-creme-pour-le-change-vitaminee-50-ml-changes-bebe.jpg\",\"datePublished\":\"2025-12-12T18:12:17+00:00\",\"dateModified\":\"2025-12-12T18:12:20+00:00\",\"breadcrumb\":{\"@id\":\"https:\/\/paracherkaoui.ma\/index.php\/produit\/mustela-creme-pour-le-change-vitaminee-50-ml\/#breadcrumb\"},\"inLanguage\":\"fr-FR\",\"potentialAction\":[{\"@type\":\"ReadAction\",\"target\":[\"https:\/\/paracherkaoui.ma\/index.php\/produit\/mustela-creme-pour-le-change-vitaminee-50-ml\/\"]}]},{\"@type\":\"ImageObject\",\"inLanguage\":\"fr-FR\",\"@id\":\"https:\/\/paracherkaoui.ma\/index.php\/produit\/mustela-creme-pour-le-change-vitaminee-50-ml\/#primaryimage\",\"url\":\"https:\/\/paracherkaoui.ma\/wp-content\/uploads\/2025\/12\/mustela-mustela-creme-pour-le-change-vitaminee-50-ml-changes-bebe.jpg\",\"contentUrl\":\"https:\/\/paracherkaoui.ma\/wp-content\/uploads\/2025\/12\/mustela-mustela-creme-pour-le-change-vitaminee-50-ml-changes-bebe.jpg\",\"width\":700,\"height\":700},{\"@type\":\"BreadcrumbList\",\"@id\":\"https:\/\/paracherkaoui.ma\/index.php\/produit\/mustela-creme-pour-le-change-vitaminee-50-ml\/#breadcrumb\",\"itemListElement\":[{\"@type\":\"ListItem\",\"position\":1,\"name\":\"Accueil\",\"item\":\"https:\/\/paracherkaoui.ma\/\"},{\"@type\":\"ListItem\",\"position\":2,\"name\":\"Boutique\",\"item\":\"https:\/\/paracherkaoui.ma\/index.php\/boutique\/\"},{\"@type\":\"ListItem\",\"position\":3,\"name\":\"MUSTELA CREME POUR LE CHANGE VITAMINEE 50 ML\"}]},{\"@type\":\"WebSite\",\"@id\":\"https:\/\/paracherkaoui.ma\/#website\",\"url\":\"https:\/\/paracherkaoui.ma\/\",\"name\":\"Paracherkaoui.ma\",\"description\":\"Achetez en ligne sur Paracherkaoui.ma\",\"potentialAction\":[{\"@type\":\"SearchAction\",\"target\":{\"@type\":\"EntryPoint\",\"urlTemplate\":\"https:\/\/paracherkaoui.ma\/?s={search_term_string}\"},\"query-input\":{\"@type\":\"PropertyValueSpecification\",\"valueRequired\":true,\"valueName\":\"search_term_string\"}}],\"inLanguage\":\"fr-FR\"}]}<\/script>\r\n<!-- \/ Yoast SEO plugin. -->","yoast_head_json":{"title":"MUSTELA CREME POUR LE CHANGE VITAMINEE 50 ML - Paracherkaoui.ma","robots":{"index":"index","follow":"follow","max-snippet":"max-snippet:-1","max-image-preview":"max-image-preview:large","max-video-preview":"max-video-preview:-1"},"canonical":"https:\/\/paracherkaoui.ma\/index.php\/produit\/mustela-creme-pour-le-change-vitaminee-50-ml\/","og_locale":"fr_FR","og_type":"article","og_title":"MUSTELA CREME POUR LE CHANGE VITAMINEE 50 ML - Paracherkaoui.ma","og_description":"La\u00a0Cr\u00e8me pour le Change Mustela\u00a0est une \u00e9mulsion corporelle pour b\u00e9b\u00e9 qui isole efficacement la peau des agressions des urines, des","og_url":"https:\/\/paracherkaoui.ma\/index.php\/produit\/mustela-creme-pour-le-change-vitaminee-50-ml\/","og_site_name":"Paracherkaoui.ma","article_modified_time":"2025-12-12T18:12:20+00:00","og_image":[{"width":700,"height":700,"url":"https:\/\/paracherkaoui.ma\/wp-content\/uploads\/2025\/12\/mustela-mustela-creme-pour-le-change-vitaminee-50-ml-changes-bebe.jpg","type":"image\/jpeg"}],"twitter_card":"summary_large_image","twitter_misc":{"Dur\u00e9e de lecture estim\u00e9e":"1 minute"},"schema":{"@context":"https:\/\/schema.org","@graph":[{"@type":"WebPage","@id":"https:\/\/paracherkaoui.ma\/index.php\/produit\/mustela-creme-pour-le-change-vitaminee-50-ml\/","url":"https:\/\/paracherkaoui.ma\/index.php\/produit\/mustela-creme-pour-le-change-vitaminee-50-ml\/","name":"MUSTELA CREME POUR LE CHANGE VITAMINEE 50 ML - Paracherkaoui.ma","isPartOf":{"@id":"https:\/\/paracherkaoui.ma\/#website"},"primaryImageOfPage":{"@id":"https:\/\/paracherkaoui.ma\/index.php\/produit\/mustela-creme-pour-le-change-vitaminee-50-ml\/#primaryimage"},"image":{"@id":"https:\/\/paracherkaoui.ma\/index.php\/produit\/mustela-creme-pour-le-change-vitaminee-50-ml\/#primaryimage"},"thumbnailUrl":"https:\/\/paracherkaoui.ma\/wp-content\/uploads\/2025\/12\/mustela-mustela-creme-pour-le-change-vitaminee-50-ml-changes-bebe.jpg","datePublished":"2025-12-12T18:12:17+00:00","dateModified":"2025-12-12T18:12:20+00:00","breadcrumb":{"@id":"https:\/\/paracherkaoui.ma\/index.php\/produit\/mustela-creme-pour-le-change-vitaminee-50-ml\/#breadcrumb"},"inLanguage":"fr-FR","potentialAction":[{"@type":"ReadAction","target":["https:\/\/paracherkaoui.ma\/index.php\/produit\/mustela-creme-pour-le-change-vitaminee-50-ml\/"]}]},{"@type":"ImageObject","inLanguage":"fr-FR","@id":"https:\/\/paracherkaoui.ma\/index.php\/produit\/mustela-creme-pour-le-change-vitaminee-50-ml\/#primaryimage","url":"https:\/\/paracherkaoui.ma\/wp-content\/uploads\/2025\/12\/mustela-mustela-creme-pour-le-change-vitaminee-50-ml-changes-bebe.jpg","contentUrl":"https:\/\/paracherkaoui.ma\/wp-content\/uploads\/2025\/12\/mustela-mustela-creme-pour-le-change-vitaminee-50-ml-changes-bebe.jpg","width":700,"height":700},{"@type":"BreadcrumbList","@id":"https:\/\/paracherkaoui.ma\/index.php\/produit\/mustela-creme-pour-le-change-vitaminee-50-ml\/#breadcrumb","itemListElement":[{"@type":"ListItem","position":1,"name":"Accueil","item":"https:\/\/paracherkaoui.ma\/"},{"@type":"ListItem","position":2,"name":"Boutique","item":"https:\/\/paracherkaoui.ma\/index.php\/boutique\/"},{"@type":"ListItem","position":3,"name":"MUSTELA CREME POUR LE CHANGE VITAMINEE 50 ML"}]},{"@type":"WebSite","@id":"https:\/\/paracherkaoui.ma\/#website","url":"https:\/\/paracherkaoui.ma\/","name":"Paracherkaoui.ma","description":"Achetez en ligne sur Paracherkaoui.ma","potentialAction":[{"@type":"SearchAction","target":{"@type":"EntryPoint","urlTemplate":"https:\/\/paracherkaoui.ma\/?s={search_term_string}"},"query-input":{"@type":"PropertyValueSpecification","valueRequired":true,"valueName":"search_term_string"}}],"inLanguage":"fr-FR"}]}},"_links":{"self":[{"href":"https:\/\/paracherkaoui.ma\/index.php\/wp-json\/wp\/v2\/product\/44040","targetHints":{"allow":["GET"]}}],"collection":[{"href":"https:\/\/paracherkaoui.ma\/index.php\/wp-json\/wp\/v2\/product"}],"about":[{"href":"https:\/\/paracherkaoui.ma\/index.php\/wp-json\/wp\/v2\/types\/product"}],"replies":[{"embeddable":true,"href":"https:\/\/paracherkaoui.ma\/index.php\/wp-json\/wp\/v2\/comments?post=44040"}],"version-history":[{"count":1,"href":"https:\/\/paracherkaoui.ma\/index.php\/wp-json\/wp\/v2\/product\/44040\/revisions"}],"predecessor-version":[{"id":44075,"href":"https:\/\/paracherkaoui.ma\/index.php\/wp-json\/wp\/v2\/product\/44040\/revisions\/44075"}],"wp:featuredmedia":[{"embeddable":true,"href":"https:\/\/paracherkaoui.ma\/index.php\/wp-json\/wp\/v2\/media\/44074"}],"wp:attachment":[{"href":"https:\/\/paracherkaoui.ma\/index.php\/wp-json\/wp\/v2\/media?parent=44040"}],"wp:term":[{"taxonomy":"product_brand","embeddable":true,"href":"https:\/\/paracherkaoui.ma\/index.php\/wp-json\/wp\/v2\/product_brand?post=44040"},{"taxonomy":"product_cat","embeddable":true,"href":"https:\/\/paracherkaoui.ma\/index.php\/wp-json\/wp\/v2\/product_cat?post=44040"},{"taxonomy":"product_tag","embeddable":true,"href":"https:\/\/paracherkaoui.ma\/index.php\/wp-json\/wp\/v2\/product_tag?post=44040"}],"curies":[{"name":"wp","href":"https:\/\/api.w.org\/{rel}","templated":true}]}}