{"id":44039,"date":"2025-12-12T19:12:17","date_gmt":"2025-12-12T18:12:17","guid":{"rendered":"https:\/\/test.ecbeaute.com\/?post_type=product&#038;p=44039"},"modified":"2025-12-12T19:12:20","modified_gmt":"2025-12-12T18:12:20","slug":"uriage-bebe-1-ere-eau-nettoyante-sans-rincage-500-ml-2","status":"publish","type":"product","link":"https:\/\/paracherkaoui.ma\/index.php\/produit\/uriage-bebe-1-ere-eau-nettoyante-sans-rincage-500-ml-2\/","title":{"rendered":"URIAGE BEBE 1 ERE EAU NETTOYANTE SANS RINCAGE 500 ML"},"content":{"rendered":"<p>INDICATIONS :<br \/>\nURIAGE BEBE 1\u00e8re Eau Nettoyante Sans Rin\u00e7age.<br \/>\n1\u00e8re Eau nettoie et \u00e9limine toutes les impuret\u00e9s et salissures du visage, du corps ou du si\u00e8ge du b\u00e9b\u00e9 et du nourrisson sans qu\u2019il soit n\u00e9cessaire de rincer. Concentr\u00e9e en Eau Thermale d\u2019Uriage apaisante, 1\u00e8re Eau est enrichie en actifs hydratants et adoucissants et est d\u00e9licatement parfum\u00e9e.<br \/>\nPR\u00c9SENTATION :<br \/>\n1 Flacon de 500 ml<br \/>\nCONSEILS D&rsquo;UTILISATION :<br \/>\nS&rsquo;applique avec un coton, inutile de rincer.<br \/>\nCOMPOSITION :<br \/>\nEau Thermale d\u2019URIAGE Agents nettoyants doux &#8211; Glyc\u00e9rine &#8211; Aloe vera. Sans paraben &#8211; Sans alcool.<\/p>\n","protected":false},"excerpt":{"rendered":"<p>INDICATIONS : URIAGE BEBE 1\u00e8re Eau Nettoyante Sans Rin\u00e7age. 1\u00e8re Eau nettoie et \u00e9limine toutes les impuret\u00e9s et salissures du<\/p>\n","protected":false},"featured_media":12673,"comment_status":"open","ping_status":"closed","template":"","meta":[],"product_brand":[130],"product_cat":[773],"product_tag":[],"class_list":{"0":"post-44039","1":"product","2":"type-product","3":"status-publish","4":"has-post-thumbnail","6":"product_brand-uriage","7":"product_cat-changes-bebe","9":"first","10":"instock","11":"sale","12":"shipping-taxable","13":"purchasable","14":"product-type-simple"},"yoast_head":"<!-- This site is optimized with the Yoast SEO plugin v26.6 - https:\/\/yoast.com\/wordpress\/plugins\/seo\/ -->\r\n<title>URIAGE BEBE 1 ERE EAU NETTOYANTE SANS RINCAGE 500 ML - Paracherkaoui.ma<\/title>\r\n<meta name=\"robots\" content=\"index, follow, max-snippet:-1, max-image-preview:large, max-video-preview:-1\" \/>\r\n<link rel=\"canonical\" href=\"https:\/\/paracherkaoui.ma\/index.php\/produit\/uriage-bebe-1-ere-eau-nettoyante-sans-rincage-500-ml-2\/\" \/>\r\n<meta property=\"og:locale\" content=\"fr_FR\" \/>\r\n<meta property=\"og:type\" content=\"article\" \/>\r\n<meta property=\"og:title\" content=\"URIAGE BEBE 1 ERE EAU NETTOYANTE SANS RINCAGE 500 ML - Paracherkaoui.ma\" \/>\r\n<meta property=\"og:description\" content=\"INDICATIONS : URIAGE BEBE 1\u00e8re Eau Nettoyante Sans Rin\u00e7age. 1\u00e8re Eau nettoie et \u00e9limine toutes les impuret\u00e9s et salissures du\" \/>\r\n<meta property=\"og:url\" content=\"https:\/\/paracherkaoui.ma\/index.php\/produit\/uriage-bebe-1-ere-eau-nettoyante-sans-rincage-500-ml-2\/\" \/>\r\n<meta property=\"og:site_name\" content=\"Paracherkaoui.ma\" \/>\r\n<meta property=\"article:modified_time\" content=\"2025-12-12T18:12:20+00:00\" \/>\r\n<meta property=\"og:image\" content=\"https:\/\/paracherkaoui.ma\/wp-content\/uploads\/2025\/12\/uriage-bebe-1-ere-eau-nettoyante-sans-rincage-500-ml.jpg\" \/>\r\n\t<meta property=\"og:image:width\" content=\"700\" \/>\r\n\t<meta property=\"og:image:height\" content=\"700\" \/>\r\n\t<meta property=\"og:image:type\" content=\"image\/jpeg\" \/>\r\n<meta name=\"twitter:card\" content=\"summary_large_image\" \/>\r\n<script type=\"application\/ld+json\" class=\"yoast-schema-graph\">{\"@context\":\"https:\/\/schema.org\",\"@graph\":[{\"@type\":\"WebPage\",\"@id\":\"https:\/\/paracherkaoui.ma\/index.php\/produit\/uriage-bebe-1-ere-eau-nettoyante-sans-rincage-500-ml-2\/\",\"url\":\"https:\/\/paracherkaoui.ma\/index.php\/produit\/uriage-bebe-1-ere-eau-nettoyante-sans-rincage-500-ml-2\/\",\"name\":\"URIAGE BEBE 1 ERE EAU NETTOYANTE SANS RINCAGE 500 ML - Paracherkaoui.ma\",\"isPartOf\":{\"@id\":\"https:\/\/paracherkaoui.ma\/#website\"},\"primaryImageOfPage\":{\"@id\":\"https:\/\/paracherkaoui.ma\/index.php\/produit\/uriage-bebe-1-ere-eau-nettoyante-sans-rincage-500-ml-2\/#primaryimage\"},\"image\":{\"@id\":\"https:\/\/paracherkaoui.ma\/index.php\/produit\/uriage-bebe-1-ere-eau-nettoyante-sans-rincage-500-ml-2\/#primaryimage\"},\"thumbnailUrl\":\"https:\/\/paracherkaoui.ma\/wp-content\/uploads\/2025\/12\/uriage-bebe-1-ere-eau-nettoyante-sans-rincage-500-ml.jpg\",\"datePublished\":\"2025-12-12T18:12:17+00:00\",\"dateModified\":\"2025-12-12T18:12:20+00:00\",\"breadcrumb\":{\"@id\":\"https:\/\/paracherkaoui.ma\/index.php\/produit\/uriage-bebe-1-ere-eau-nettoyante-sans-rincage-500-ml-2\/#breadcrumb\"},\"inLanguage\":\"fr-FR\",\"potentialAction\":[{\"@type\":\"ReadAction\",\"target\":[\"https:\/\/paracherkaoui.ma\/index.php\/produit\/uriage-bebe-1-ere-eau-nettoyante-sans-rincage-500-ml-2\/\"]}]},{\"@type\":\"ImageObject\",\"inLanguage\":\"fr-FR\",\"@id\":\"https:\/\/paracherkaoui.ma\/index.php\/produit\/uriage-bebe-1-ere-eau-nettoyante-sans-rincage-500-ml-2\/#primaryimage\",\"url\":\"https:\/\/paracherkaoui.ma\/wp-content\/uploads\/2025\/12\/uriage-bebe-1-ere-eau-nettoyante-sans-rincage-500-ml.jpg\",\"contentUrl\":\"https:\/\/paracherkaoui.ma\/wp-content\/uploads\/2025\/12\/uriage-bebe-1-ere-eau-nettoyante-sans-rincage-500-ml.jpg\",\"width\":700,\"height\":700},{\"@type\":\"BreadcrumbList\",\"@id\":\"https:\/\/paracherkaoui.ma\/index.php\/produit\/uriage-bebe-1-ere-eau-nettoyante-sans-rincage-500-ml-2\/#breadcrumb\",\"itemListElement\":[{\"@type\":\"ListItem\",\"position\":1,\"name\":\"Accueil\",\"item\":\"https:\/\/paracherkaoui.ma\/\"},{\"@type\":\"ListItem\",\"position\":2,\"name\":\"Boutique\",\"item\":\"https:\/\/paracherkaoui.ma\/index.php\/boutique\/\"},{\"@type\":\"ListItem\",\"position\":3,\"name\":\"URIAGE BEBE 1 ERE EAU NETTOYANTE SANS RINCAGE 500 ML\"}]},{\"@type\":\"WebSite\",\"@id\":\"https:\/\/paracherkaoui.ma\/#website\",\"url\":\"https:\/\/paracherkaoui.ma\/\",\"name\":\"Paracherkaoui.ma\",\"description\":\"Achetez en ligne sur Paracherkaoui.ma\",\"potentialAction\":[{\"@type\":\"SearchAction\",\"target\":{\"@type\":\"EntryPoint\",\"urlTemplate\":\"https:\/\/paracherkaoui.ma\/?s={search_term_string}\"},\"query-input\":{\"@type\":\"PropertyValueSpecification\",\"valueRequired\":true,\"valueName\":\"search_term_string\"}}],\"inLanguage\":\"fr-FR\"}]}<\/script>\r\n<!-- \/ Yoast SEO plugin. -->","yoast_head_json":{"title":"URIAGE BEBE 1 ERE EAU NETTOYANTE SANS RINCAGE 500 ML - Paracherkaoui.ma","robots":{"index":"index","follow":"follow","max-snippet":"max-snippet:-1","max-image-preview":"max-image-preview:large","max-video-preview":"max-video-preview:-1"},"canonical":"https:\/\/paracherkaoui.ma\/index.php\/produit\/uriage-bebe-1-ere-eau-nettoyante-sans-rincage-500-ml-2\/","og_locale":"fr_FR","og_type":"article","og_title":"URIAGE BEBE 1 ERE EAU NETTOYANTE SANS RINCAGE 500 ML - Paracherkaoui.ma","og_description":"INDICATIONS : URIAGE BEBE 1\u00e8re Eau Nettoyante Sans Rin\u00e7age. 1\u00e8re Eau nettoie et \u00e9limine toutes les impuret\u00e9s et salissures du","og_url":"https:\/\/paracherkaoui.ma\/index.php\/produit\/uriage-bebe-1-ere-eau-nettoyante-sans-rincage-500-ml-2\/","og_site_name":"Paracherkaoui.ma","article_modified_time":"2025-12-12T18:12:20+00:00","og_image":[{"width":700,"height":700,"url":"https:\/\/paracherkaoui.ma\/wp-content\/uploads\/2025\/12\/uriage-bebe-1-ere-eau-nettoyante-sans-rincage-500-ml.jpg","type":"image\/jpeg"}],"twitter_card":"summary_large_image","schema":{"@context":"https:\/\/schema.org","@graph":[{"@type":"WebPage","@id":"https:\/\/paracherkaoui.ma\/index.php\/produit\/uriage-bebe-1-ere-eau-nettoyante-sans-rincage-500-ml-2\/","url":"https:\/\/paracherkaoui.ma\/index.php\/produit\/uriage-bebe-1-ere-eau-nettoyante-sans-rincage-500-ml-2\/","name":"URIAGE BEBE 1 ERE EAU NETTOYANTE SANS RINCAGE 500 ML - Paracherkaoui.ma","isPartOf":{"@id":"https:\/\/paracherkaoui.ma\/#website"},"primaryImageOfPage":{"@id":"https:\/\/paracherkaoui.ma\/index.php\/produit\/uriage-bebe-1-ere-eau-nettoyante-sans-rincage-500-ml-2\/#primaryimage"},"image":{"@id":"https:\/\/paracherkaoui.ma\/index.php\/produit\/uriage-bebe-1-ere-eau-nettoyante-sans-rincage-500-ml-2\/#primaryimage"},"thumbnailUrl":"https:\/\/paracherkaoui.ma\/wp-content\/uploads\/2025\/12\/uriage-bebe-1-ere-eau-nettoyante-sans-rincage-500-ml.jpg","datePublished":"2025-12-12T18:12:17+00:00","dateModified":"2025-12-12T18:12:20+00:00","breadcrumb":{"@id":"https:\/\/paracherkaoui.ma\/index.php\/produit\/uriage-bebe-1-ere-eau-nettoyante-sans-rincage-500-ml-2\/#breadcrumb"},"inLanguage":"fr-FR","potentialAction":[{"@type":"ReadAction","target":["https:\/\/paracherkaoui.ma\/index.php\/produit\/uriage-bebe-1-ere-eau-nettoyante-sans-rincage-500-ml-2\/"]}]},{"@type":"ImageObject","inLanguage":"fr-FR","@id":"https:\/\/paracherkaoui.ma\/index.php\/produit\/uriage-bebe-1-ere-eau-nettoyante-sans-rincage-500-ml-2\/#primaryimage","url":"https:\/\/paracherkaoui.ma\/wp-content\/uploads\/2025\/12\/uriage-bebe-1-ere-eau-nettoyante-sans-rincage-500-ml.jpg","contentUrl":"https:\/\/paracherkaoui.ma\/wp-content\/uploads\/2025\/12\/uriage-bebe-1-ere-eau-nettoyante-sans-rincage-500-ml.jpg","width":700,"height":700},{"@type":"BreadcrumbList","@id":"https:\/\/paracherkaoui.ma\/index.php\/produit\/uriage-bebe-1-ere-eau-nettoyante-sans-rincage-500-ml-2\/#breadcrumb","itemListElement":[{"@type":"ListItem","position":1,"name":"Accueil","item":"https:\/\/paracherkaoui.ma\/"},{"@type":"ListItem","position":2,"name":"Boutique","item":"https:\/\/paracherkaoui.ma\/index.php\/boutique\/"},{"@type":"ListItem","position":3,"name":"URIAGE BEBE 1 ERE EAU NETTOYANTE SANS RINCAGE 500 ML"}]},{"@type":"WebSite","@id":"https:\/\/paracherkaoui.ma\/#website","url":"https:\/\/paracherkaoui.ma\/","name":"Paracherkaoui.ma","description":"Achetez en ligne sur Paracherkaoui.ma","potentialAction":[{"@type":"SearchAction","target":{"@type":"EntryPoint","urlTemplate":"https:\/\/paracherkaoui.ma\/?s={search_term_string}"},"query-input":{"@type":"PropertyValueSpecification","valueRequired":true,"valueName":"search_term_string"}}],"inLanguage":"fr-FR"}]}},"_links":{"self":[{"href":"https:\/\/paracherkaoui.ma\/index.php\/wp-json\/wp\/v2\/product\/44039","targetHints":{"allow":["GET"]}}],"collection":[{"href":"https:\/\/paracherkaoui.ma\/index.php\/wp-json\/wp\/v2\/product"}],"about":[{"href":"https:\/\/paracherkaoui.ma\/index.php\/wp-json\/wp\/v2\/types\/product"}],"replies":[{"embeddable":true,"href":"https:\/\/paracherkaoui.ma\/index.php\/wp-json\/wp\/v2\/comments?post=44039"}],"version-history":[{"count":1,"href":"https:\/\/paracherkaoui.ma\/index.php\/wp-json\/wp\/v2\/product\/44039\/revisions"}],"predecessor-version":[{"id":44073,"href":"https:\/\/paracherkaoui.ma\/index.php\/wp-json\/wp\/v2\/product\/44039\/revisions\/44073"}],"wp:featuredmedia":[{"embeddable":true,"href":"https:\/\/paracherkaoui.ma\/index.php\/wp-json\/wp\/v2\/media\/12673"}],"wp:attachment":[{"href":"https:\/\/paracherkaoui.ma\/index.php\/wp-json\/wp\/v2\/media?parent=44039"}],"wp:term":[{"taxonomy":"product_brand","embeddable":true,"href":"https:\/\/paracherkaoui.ma\/index.php\/wp-json\/wp\/v2\/product_brand?post=44039"},{"taxonomy":"product_cat","embeddable":true,"href":"https:\/\/paracherkaoui.ma\/index.php\/wp-json\/wp\/v2\/product_cat?post=44039"},{"taxonomy":"product_tag","embeddable":true,"href":"https:\/\/paracherkaoui.ma\/index.php\/wp-json\/wp\/v2\/product_tag?post=44039"}],"curies":[{"name":"wp","href":"https:\/\/api.w.org\/{rel}","templated":true}]}}