{"id":44037,"date":"2025-12-12T19:12:17","date_gmt":"2025-12-12T18:12:17","guid":{"rendered":"https:\/\/test.ecbeaute.com\/?post_type=product&#038;p=44037"},"modified":"2025-12-12T19:12:20","modified_gmt":"2025-12-12T18:12:20","slug":"bioderma-abcderm-gel-nettoyant-moussant-doux-200-ml-2","status":"publish","type":"product","link":"https:\/\/paracherkaoui.ma\/index.php\/produit\/bioderma-abcderm-gel-nettoyant-moussant-doux-200-ml-2\/","title":{"rendered":"BIODERMA ABCDERM GEL NETTOYANT MOUSSANT DOUX 200 ML"},"content":{"rendered":"<p>D\u00e9couvrez l&rsquo;ABCDerm Gel Moussant, con\u00e7u avec soin selon l&rsquo;engagement dermatologique d&rsquo;ABCDerm pour prot\u00e9ger et respecter la peau d\u00e9licate des b\u00e9b\u00e9s et des jeunes enfants. Ce gel moussant est la solution id\u00e9ale pour une hygi\u00e8ne quotidienne douce et efficace, adapt\u00e9e aux besoins sp\u00e9cifiques des peaux les plus sensibles.<br \/>\nLa base nettoyante de l&rsquo;ABCDerm Gel Moussant est sp\u00e9cialement formul\u00e9e pour \u00eatre non agressive, ce qui permet de pr\u00e9server l&rsquo;\u00e9quilibre naturel de la peau et du cuir chevelu. Que ce soit pour un usage quotidien ou pour des occasions sp\u00e9ciales, ce gel moussant assure un nettoyage en douceur, \u00e9liminant les impuret\u00e9s sans perturber le film hydrolipidique de la peau.<br \/>\nGr\u00e2ce \u00e0 sa formule douce, l&rsquo;ABCDerm Gel Moussant convient \u00e0 toutes les natures de peau et de cheveux, m\u00eame les plus d\u00e9licates. Sa mousse l\u00e9g\u00e8re et onctueuse transforme le bain ou la douche en un moment de plaisir et de confort pour votre enfant. Ce produit hypoallerg\u00e9nique, sans savon et sans parab\u00e8nes, garantit une tol\u00e9rance optimale, minimisant les risques d&rsquo;irritations et d&rsquo;allergies.<br \/>\nL&rsquo;ABCDerm Gel Moussant est enrichi en actifs hydratants et apaisants, assurant une peau douce, souple et bien hydrat\u00e9e apr\u00e8s chaque utilisation. Il est \u00e9galement facile \u00e0 rincer, laissant une sensation de fra\u00eecheur et de propret\u00e9 durable.<br \/>\nConseils d&rsquo;utilisation :<br \/>\nAppliquez une petite quantit\u00e9 d&rsquo;ABCDerm Gel Moussant sur la peau et les cheveux mouill\u00e9s de votre enfant, faites mousser d\u00e9licatement en massant doucement la peau et le cuir chevelu.Rincez abondamment \u00e0 l&rsquo;eau ti\u00e8de jusqu&rsquo;\u00e0 ce que le produit soit compl\u00e8tement \u00e9limin\u00e9.<\/p>\n","protected":false},"excerpt":{"rendered":"<p>D\u00e9couvrez l&rsquo;ABCDerm Gel Moussant, con\u00e7u avec soin selon l&rsquo;engagement dermatologique d&rsquo;ABCDerm pour prot\u00e9ger et respecter la peau d\u00e9licate des b\u00e9b\u00e9s<\/p>\n","protected":false},"featured_media":12667,"comment_status":"open","ping_status":"closed","template":"","meta":[],"product_brand":[164],"product_cat":[773],"product_tag":[],"class_list":{"0":"post-44037","1":"product","2":"type-product","3":"status-publish","4":"has-post-thumbnail","6":"product_brand-abcderm","7":"product_cat-changes-bebe","9":"first","10":"instock","11":"sale","12":"shipping-taxable","13":"purchasable","14":"product-type-simple"},"yoast_head":"<!-- This site is optimized with the Yoast SEO plugin v26.6 - https:\/\/yoast.com\/wordpress\/plugins\/seo\/ -->\r\n<title>BIODERMA ABCDERM GEL NETTOYANT MOUSSANT DOUX 200 ML - Paracherkaoui.ma<\/title>\r\n<meta name=\"robots\" content=\"index, follow, max-snippet:-1, max-image-preview:large, max-video-preview:-1\" \/>\r\n<link rel=\"canonical\" href=\"https:\/\/paracherkaoui.ma\/index.php\/produit\/bioderma-abcderm-gel-nettoyant-moussant-doux-200-ml-2\/\" \/>\r\n<meta property=\"og:locale\" content=\"fr_FR\" \/>\r\n<meta property=\"og:type\" content=\"article\" \/>\r\n<meta property=\"og:title\" content=\"BIODERMA ABCDERM GEL NETTOYANT MOUSSANT DOUX 200 ML - Paracherkaoui.ma\" \/>\r\n<meta property=\"og:description\" content=\"D\u00e9couvrez l&rsquo;ABCDerm Gel Moussant, con\u00e7u avec soin selon l&rsquo;engagement dermatologique d&rsquo;ABCDerm pour prot\u00e9ger et respecter la peau d\u00e9licate des b\u00e9b\u00e9s\" \/>\r\n<meta property=\"og:url\" content=\"https:\/\/paracherkaoui.ma\/index.php\/produit\/bioderma-abcderm-gel-nettoyant-moussant-doux-200-ml-2\/\" \/>\r\n<meta property=\"og:site_name\" content=\"Paracherkaoui.ma\" \/>\r\n<meta property=\"article:modified_time\" content=\"2025-12-12T18:12:20+00:00\" \/>\r\n<meta property=\"og:image\" content=\"https:\/\/paracherkaoui.ma\/wp-content\/uploads\/2025\/12\/abcderm-bioderma-abcderm-gel-nettoyant-moussant-doux-200-ml-nettoyants-liniments-et-talcs.jpg\" \/>\r\n\t<meta property=\"og:image:width\" content=\"700\" \/>\r\n\t<meta property=\"og:image:height\" content=\"700\" \/>\r\n\t<meta property=\"og:image:type\" content=\"image\/jpeg\" \/>\r\n<meta name=\"twitter:card\" content=\"summary_large_image\" \/>\r\n<meta name=\"twitter:label1\" content=\"Dur\u00e9e de lecture estim\u00e9e\" \/>\n\t<meta name=\"twitter:data1\" content=\"1 minute\" \/>\r\n<script type=\"application\/ld+json\" class=\"yoast-schema-graph\">{\"@context\":\"https:\/\/schema.org\",\"@graph\":[{\"@type\":\"WebPage\",\"@id\":\"https:\/\/paracherkaoui.ma\/index.php\/produit\/bioderma-abcderm-gel-nettoyant-moussant-doux-200-ml-2\/\",\"url\":\"https:\/\/paracherkaoui.ma\/index.php\/produit\/bioderma-abcderm-gel-nettoyant-moussant-doux-200-ml-2\/\",\"name\":\"BIODERMA ABCDERM GEL NETTOYANT MOUSSANT DOUX 200 ML - Paracherkaoui.ma\",\"isPartOf\":{\"@id\":\"https:\/\/paracherkaoui.ma\/#website\"},\"primaryImageOfPage\":{\"@id\":\"https:\/\/paracherkaoui.ma\/index.php\/produit\/bioderma-abcderm-gel-nettoyant-moussant-doux-200-ml-2\/#primaryimage\"},\"image\":{\"@id\":\"https:\/\/paracherkaoui.ma\/index.php\/produit\/bioderma-abcderm-gel-nettoyant-moussant-doux-200-ml-2\/#primaryimage\"},\"thumbnailUrl\":\"https:\/\/paracherkaoui.ma\/wp-content\/uploads\/2025\/12\/abcderm-bioderma-abcderm-gel-nettoyant-moussant-doux-200-ml-nettoyants-liniments-et-talcs.jpg\",\"datePublished\":\"2025-12-12T18:12:17+00:00\",\"dateModified\":\"2025-12-12T18:12:20+00:00\",\"breadcrumb\":{\"@id\":\"https:\/\/paracherkaoui.ma\/index.php\/produit\/bioderma-abcderm-gel-nettoyant-moussant-doux-200-ml-2\/#breadcrumb\"},\"inLanguage\":\"fr-FR\",\"potentialAction\":[{\"@type\":\"ReadAction\",\"target\":[\"https:\/\/paracherkaoui.ma\/index.php\/produit\/bioderma-abcderm-gel-nettoyant-moussant-doux-200-ml-2\/\"]}]},{\"@type\":\"ImageObject\",\"inLanguage\":\"fr-FR\",\"@id\":\"https:\/\/paracherkaoui.ma\/index.php\/produit\/bioderma-abcderm-gel-nettoyant-moussant-doux-200-ml-2\/#primaryimage\",\"url\":\"https:\/\/paracherkaoui.ma\/wp-content\/uploads\/2025\/12\/abcderm-bioderma-abcderm-gel-nettoyant-moussant-doux-200-ml-nettoyants-liniments-et-talcs.jpg\",\"contentUrl\":\"https:\/\/paracherkaoui.ma\/wp-content\/uploads\/2025\/12\/abcderm-bioderma-abcderm-gel-nettoyant-moussant-doux-200-ml-nettoyants-liniments-et-talcs.jpg\",\"width\":700,\"height\":700},{\"@type\":\"BreadcrumbList\",\"@id\":\"https:\/\/paracherkaoui.ma\/index.php\/produit\/bioderma-abcderm-gel-nettoyant-moussant-doux-200-ml-2\/#breadcrumb\",\"itemListElement\":[{\"@type\":\"ListItem\",\"position\":1,\"name\":\"Accueil\",\"item\":\"https:\/\/paracherkaoui.ma\/\"},{\"@type\":\"ListItem\",\"position\":2,\"name\":\"Boutique\",\"item\":\"https:\/\/paracherkaoui.ma\/index.php\/boutique\/\"},{\"@type\":\"ListItem\",\"position\":3,\"name\":\"BIODERMA ABCDERM GEL NETTOYANT MOUSSANT DOUX 200 ML\"}]},{\"@type\":\"WebSite\",\"@id\":\"https:\/\/paracherkaoui.ma\/#website\",\"url\":\"https:\/\/paracherkaoui.ma\/\",\"name\":\"Paracherkaoui.ma\",\"description\":\"Achetez en ligne sur Paracherkaoui.ma\",\"potentialAction\":[{\"@type\":\"SearchAction\",\"target\":{\"@type\":\"EntryPoint\",\"urlTemplate\":\"https:\/\/paracherkaoui.ma\/?s={search_term_string}\"},\"query-input\":{\"@type\":\"PropertyValueSpecification\",\"valueRequired\":true,\"valueName\":\"search_term_string\"}}],\"inLanguage\":\"fr-FR\"}]}<\/script>\r\n<!-- \/ Yoast SEO plugin. -->","yoast_head_json":{"title":"BIODERMA ABCDERM GEL NETTOYANT MOUSSANT DOUX 200 ML - Paracherkaoui.ma","robots":{"index":"index","follow":"follow","max-snippet":"max-snippet:-1","max-image-preview":"max-image-preview:large","max-video-preview":"max-video-preview:-1"},"canonical":"https:\/\/paracherkaoui.ma\/index.php\/produit\/bioderma-abcderm-gel-nettoyant-moussant-doux-200-ml-2\/","og_locale":"fr_FR","og_type":"article","og_title":"BIODERMA ABCDERM GEL NETTOYANT MOUSSANT DOUX 200 ML - Paracherkaoui.ma","og_description":"D\u00e9couvrez l&rsquo;ABCDerm Gel Moussant, con\u00e7u avec soin selon l&rsquo;engagement dermatologique d&rsquo;ABCDerm pour prot\u00e9ger et respecter la peau d\u00e9licate des b\u00e9b\u00e9s","og_url":"https:\/\/paracherkaoui.ma\/index.php\/produit\/bioderma-abcderm-gel-nettoyant-moussant-doux-200-ml-2\/","og_site_name":"Paracherkaoui.ma","article_modified_time":"2025-12-12T18:12:20+00:00","og_image":[{"width":700,"height":700,"url":"https:\/\/paracherkaoui.ma\/wp-content\/uploads\/2025\/12\/abcderm-bioderma-abcderm-gel-nettoyant-moussant-doux-200-ml-nettoyants-liniments-et-talcs.jpg","type":"image\/jpeg"}],"twitter_card":"summary_large_image","twitter_misc":{"Dur\u00e9e de lecture estim\u00e9e":"1 minute"},"schema":{"@context":"https:\/\/schema.org","@graph":[{"@type":"WebPage","@id":"https:\/\/paracherkaoui.ma\/index.php\/produit\/bioderma-abcderm-gel-nettoyant-moussant-doux-200-ml-2\/","url":"https:\/\/paracherkaoui.ma\/index.php\/produit\/bioderma-abcderm-gel-nettoyant-moussant-doux-200-ml-2\/","name":"BIODERMA ABCDERM GEL NETTOYANT MOUSSANT DOUX 200 ML - Paracherkaoui.ma","isPartOf":{"@id":"https:\/\/paracherkaoui.ma\/#website"},"primaryImageOfPage":{"@id":"https:\/\/paracherkaoui.ma\/index.php\/produit\/bioderma-abcderm-gel-nettoyant-moussant-doux-200-ml-2\/#primaryimage"},"image":{"@id":"https:\/\/paracherkaoui.ma\/index.php\/produit\/bioderma-abcderm-gel-nettoyant-moussant-doux-200-ml-2\/#primaryimage"},"thumbnailUrl":"https:\/\/paracherkaoui.ma\/wp-content\/uploads\/2025\/12\/abcderm-bioderma-abcderm-gel-nettoyant-moussant-doux-200-ml-nettoyants-liniments-et-talcs.jpg","datePublished":"2025-12-12T18:12:17+00:00","dateModified":"2025-12-12T18:12:20+00:00","breadcrumb":{"@id":"https:\/\/paracherkaoui.ma\/index.php\/produit\/bioderma-abcderm-gel-nettoyant-moussant-doux-200-ml-2\/#breadcrumb"},"inLanguage":"fr-FR","potentialAction":[{"@type":"ReadAction","target":["https:\/\/paracherkaoui.ma\/index.php\/produit\/bioderma-abcderm-gel-nettoyant-moussant-doux-200-ml-2\/"]}]},{"@type":"ImageObject","inLanguage":"fr-FR","@id":"https:\/\/paracherkaoui.ma\/index.php\/produit\/bioderma-abcderm-gel-nettoyant-moussant-doux-200-ml-2\/#primaryimage","url":"https:\/\/paracherkaoui.ma\/wp-content\/uploads\/2025\/12\/abcderm-bioderma-abcderm-gel-nettoyant-moussant-doux-200-ml-nettoyants-liniments-et-talcs.jpg","contentUrl":"https:\/\/paracherkaoui.ma\/wp-content\/uploads\/2025\/12\/abcderm-bioderma-abcderm-gel-nettoyant-moussant-doux-200-ml-nettoyants-liniments-et-talcs.jpg","width":700,"height":700},{"@type":"BreadcrumbList","@id":"https:\/\/paracherkaoui.ma\/index.php\/produit\/bioderma-abcderm-gel-nettoyant-moussant-doux-200-ml-2\/#breadcrumb","itemListElement":[{"@type":"ListItem","position":1,"name":"Accueil","item":"https:\/\/paracherkaoui.ma\/"},{"@type":"ListItem","position":2,"name":"Boutique","item":"https:\/\/paracherkaoui.ma\/index.php\/boutique\/"},{"@type":"ListItem","position":3,"name":"BIODERMA ABCDERM GEL NETTOYANT MOUSSANT DOUX 200 ML"}]},{"@type":"WebSite","@id":"https:\/\/paracherkaoui.ma\/#website","url":"https:\/\/paracherkaoui.ma\/","name":"Paracherkaoui.ma","description":"Achetez en ligne sur Paracherkaoui.ma","potentialAction":[{"@type":"SearchAction","target":{"@type":"EntryPoint","urlTemplate":"https:\/\/paracherkaoui.ma\/?s={search_term_string}"},"query-input":{"@type":"PropertyValueSpecification","valueRequired":true,"valueName":"search_term_string"}}],"inLanguage":"fr-FR"}]}},"_links":{"self":[{"href":"https:\/\/paracherkaoui.ma\/index.php\/wp-json\/wp\/v2\/product\/44037","targetHints":{"allow":["GET"]}}],"collection":[{"href":"https:\/\/paracherkaoui.ma\/index.php\/wp-json\/wp\/v2\/product"}],"about":[{"href":"https:\/\/paracherkaoui.ma\/index.php\/wp-json\/wp\/v2\/types\/product"}],"replies":[{"embeddable":true,"href":"https:\/\/paracherkaoui.ma\/index.php\/wp-json\/wp\/v2\/comments?post=44037"}],"version-history":[{"count":1,"href":"https:\/\/paracherkaoui.ma\/index.php\/wp-json\/wp\/v2\/product\/44037\/revisions"}],"predecessor-version":[{"id":44070,"href":"https:\/\/paracherkaoui.ma\/index.php\/wp-json\/wp\/v2\/product\/44037\/revisions\/44070"}],"wp:featuredmedia":[{"embeddable":true,"href":"https:\/\/paracherkaoui.ma\/index.php\/wp-json\/wp\/v2\/media\/12667"}],"wp:attachment":[{"href":"https:\/\/paracherkaoui.ma\/index.php\/wp-json\/wp\/v2\/media?parent=44037"}],"wp:term":[{"taxonomy":"product_brand","embeddable":true,"href":"https:\/\/paracherkaoui.ma\/index.php\/wp-json\/wp\/v2\/product_brand?post=44037"},{"taxonomy":"product_cat","embeddable":true,"href":"https:\/\/paracherkaoui.ma\/index.php\/wp-json\/wp\/v2\/product_cat?post=44037"},{"taxonomy":"product_tag","embeddable":true,"href":"https:\/\/paracherkaoui.ma\/index.php\/wp-json\/wp\/v2\/product_tag?post=44037"}],"curies":[{"name":"wp","href":"https:\/\/api.w.org\/{rel}","templated":true}]}}