{"id":43982,"date":"2025-12-12T19:12:11","date_gmt":"2025-12-12T18:12:11","guid":{"rendered":"https:\/\/test.ecbeaute.com\/?post_type=product&#038;p=43982"},"modified":"2025-12-12T19:12:17","modified_gmt":"2025-12-12T18:12:17","slug":"klorane-bebe-creme-change-haute-tolerance-100-ml","status":"publish","type":"product","link":"https:\/\/paracherkaoui.ma\/index.php\/produit\/klorane-bebe-creme-change-haute-tolerance-100-ml\/","title":{"rendered":"KLORANE BEBE CREME CHANGE HAUTE TOLERANCE 100 ML"},"content":{"rendered":"<p>Composition<br \/>\nEau (Aqua), triglyc\u00e9ride caprylique\/caprique, glyc\u00e9rine, huile v\u00e9g\u00e9tale hydrog\u00e9n\u00e9e, huile de graines de Ricinus Communis (ricin)*, huile de graines d&rsquo;Helianthus Annuus (tournesol)*, polyglyc\u00e9ryl-2 dipolyhydroxyst\u00e9arate, huile de graines de Simmondsia Chinensis (jojoba)*, sulfate de magn\u00e9sium, polyglyc\u00e9ryl-3 diisost\u00e9arate, extrait de fleur de Calendula Officinalis*, acide benzo\u00efque, glyc\u00e9ryl caprylate, tocoph\u00e9rol, sulfate de zinc.<br \/>\nIngr\u00e9dients issus de l&rsquo;agriculture biologique.<br \/>\nIngr\u00e9dients cl\u00e9s<br \/>\nCalendula Bio : Connu pour ses propri\u00e9t\u00e9s apaisantes et r\u00e9paratrices.<br \/>\nHuile de Ricin : Hydrate et nourrit la peau en profondeur.<br \/>\nHuile de Jojoba : Prot\u00e8ge et renforce la barri\u00e8re cutan\u00e9e.<br \/>\nFormul\u00e9e sans parfum, cette cr\u00e8me de change respecte la peau fragile des b\u00e9b\u00e9s tout en assurant une protection longue dur\u00e9e. Elle est compos\u00e9e \u00e0 99% d&rsquo;ingr\u00e9dients d&rsquo;origine naturelle, dont 21% issus de l&rsquo;agriculture biologique, et est certifi\u00e9e Cosmos Organic par Ecocert Greenlife. De plus, ce produit est v\u00e9gan, garantissant qu&rsquo;aucun ingr\u00e9dient d&rsquo;origine animale n&rsquo;a \u00e9t\u00e9 utilis\u00e9.<br \/>\nConseil d\u2019utilisation<br \/>\nPour une efficacit\u00e9 optimale, appliquez la Klorane B\u00e9b\u00e9 Cr\u00e8me de Change Haute Tol\u00e9rance apr\u00e8s chaque changement de couche. Suivez ces \u00e9tapes simples :<br \/>\nNettoyez soigneusement la peau du si\u00e8ge de votre b\u00e9b\u00e9 et s\u00e9chez la d\u00e9licatement. Appliquez une couche \u00e9paisse de cr\u00e8me sur la peau propre et s\u00e8che. R\u00e9p\u00e9tez l&rsquo;application \u00e0 chaque changement de couche pour maintenir la peau prot\u00e9g\u00e9e et apais\u00e9e.<\/p>\n","protected":false},"excerpt":{"rendered":"<p>Composition Eau (Aqua), triglyc\u00e9ride caprylique\/caprique, glyc\u00e9rine, huile v\u00e9g\u00e9tale hydrog\u00e9n\u00e9e, huile de graines de Ricinus Communis (ricin)*, huile de graines d&rsquo;Helianthus<\/p>\n","protected":false},"featured_media":44031,"comment_status":"open","ping_status":"closed","template":"","meta":[],"product_brand":[145],"product_cat":[773],"product_tag":[],"class_list":{"0":"post-43982","1":"product","2":"type-product","3":"status-publish","4":"has-post-thumbnail","6":"product_brand-klorane","7":"product_cat-changes-bebe","9":"first","10":"instock","11":"sale","12":"shipping-taxable","13":"purchasable","14":"product-type-simple"},"yoast_head":"<!-- This site is optimized with the Yoast SEO plugin v26.6 - https:\/\/yoast.com\/wordpress\/plugins\/seo\/ -->\r\n<title>KLORANE BEBE CREME CHANGE HAUTE TOLERANCE 100 ML - Paracherkaoui.ma<\/title>\r\n<meta name=\"robots\" content=\"index, follow, max-snippet:-1, max-image-preview:large, max-video-preview:-1\" \/>\r\n<link rel=\"canonical\" href=\"https:\/\/paracherkaoui.ma\/index.php\/produit\/klorane-bebe-creme-change-haute-tolerance-100-ml\/\" \/>\r\n<meta property=\"og:locale\" content=\"fr_FR\" \/>\r\n<meta property=\"og:type\" content=\"article\" \/>\r\n<meta property=\"og:title\" content=\"KLORANE BEBE CREME CHANGE HAUTE TOLERANCE 100 ML - Paracherkaoui.ma\" \/>\r\n<meta property=\"og:description\" content=\"Composition Eau (Aqua), triglyc\u00e9ride caprylique\/caprique, glyc\u00e9rine, huile v\u00e9g\u00e9tale hydrog\u00e9n\u00e9e, huile de graines de Ricinus Communis (ricin)*, huile de graines d&rsquo;Helianthus\" \/>\r\n<meta property=\"og:url\" content=\"https:\/\/paracherkaoui.ma\/index.php\/produit\/klorane-bebe-creme-change-haute-tolerance-100-ml\/\" \/>\r\n<meta property=\"og:site_name\" content=\"Paracherkaoui.ma\" \/>\r\n<meta property=\"article:modified_time\" content=\"2025-12-12T18:12:17+00:00\" \/>\r\n<meta property=\"og:image\" content=\"https:\/\/paracherkaoui.ma\/wp-content\/uploads\/2025\/12\/klorane-klorane-bebe-creme-change-haute-tolerance-100-ml-changes-bebe.jpg\" \/>\r\n\t<meta property=\"og:image:width\" content=\"700\" \/>\r\n\t<meta property=\"og:image:height\" content=\"700\" \/>\r\n\t<meta property=\"og:image:type\" content=\"image\/jpeg\" \/>\r\n<meta name=\"twitter:card\" content=\"summary_large_image\" \/>\r\n<meta name=\"twitter:label1\" content=\"Dur\u00e9e de lecture estim\u00e9e\" \/>\n\t<meta name=\"twitter:data1\" content=\"1 minute\" \/>\r\n<script type=\"application\/ld+json\" class=\"yoast-schema-graph\">{\"@context\":\"https:\/\/schema.org\",\"@graph\":[{\"@type\":\"WebPage\",\"@id\":\"https:\/\/paracherkaoui.ma\/index.php\/produit\/klorane-bebe-creme-change-haute-tolerance-100-ml\/\",\"url\":\"https:\/\/paracherkaoui.ma\/index.php\/produit\/klorane-bebe-creme-change-haute-tolerance-100-ml\/\",\"name\":\"KLORANE BEBE CREME CHANGE HAUTE TOLERANCE 100 ML - Paracherkaoui.ma\",\"isPartOf\":{\"@id\":\"https:\/\/paracherkaoui.ma\/#website\"},\"primaryImageOfPage\":{\"@id\":\"https:\/\/paracherkaoui.ma\/index.php\/produit\/klorane-bebe-creme-change-haute-tolerance-100-ml\/#primaryimage\"},\"image\":{\"@id\":\"https:\/\/paracherkaoui.ma\/index.php\/produit\/klorane-bebe-creme-change-haute-tolerance-100-ml\/#primaryimage\"},\"thumbnailUrl\":\"https:\/\/paracherkaoui.ma\/wp-content\/uploads\/2025\/12\/klorane-klorane-bebe-creme-change-haute-tolerance-100-ml-changes-bebe.jpg\",\"datePublished\":\"2025-12-12T18:12:11+00:00\",\"dateModified\":\"2025-12-12T18:12:17+00:00\",\"breadcrumb\":{\"@id\":\"https:\/\/paracherkaoui.ma\/index.php\/produit\/klorane-bebe-creme-change-haute-tolerance-100-ml\/#breadcrumb\"},\"inLanguage\":\"fr-FR\",\"potentialAction\":[{\"@type\":\"ReadAction\",\"target\":[\"https:\/\/paracherkaoui.ma\/index.php\/produit\/klorane-bebe-creme-change-haute-tolerance-100-ml\/\"]}]},{\"@type\":\"ImageObject\",\"inLanguage\":\"fr-FR\",\"@id\":\"https:\/\/paracherkaoui.ma\/index.php\/produit\/klorane-bebe-creme-change-haute-tolerance-100-ml\/#primaryimage\",\"url\":\"https:\/\/paracherkaoui.ma\/wp-content\/uploads\/2025\/12\/klorane-klorane-bebe-creme-change-haute-tolerance-100-ml-changes-bebe.jpg\",\"contentUrl\":\"https:\/\/paracherkaoui.ma\/wp-content\/uploads\/2025\/12\/klorane-klorane-bebe-creme-change-haute-tolerance-100-ml-changes-bebe.jpg\",\"width\":700,\"height\":700},{\"@type\":\"BreadcrumbList\",\"@id\":\"https:\/\/paracherkaoui.ma\/index.php\/produit\/klorane-bebe-creme-change-haute-tolerance-100-ml\/#breadcrumb\",\"itemListElement\":[{\"@type\":\"ListItem\",\"position\":1,\"name\":\"Accueil\",\"item\":\"https:\/\/paracherkaoui.ma\/\"},{\"@type\":\"ListItem\",\"position\":2,\"name\":\"Boutique\",\"item\":\"https:\/\/paracherkaoui.ma\/index.php\/boutique\/\"},{\"@type\":\"ListItem\",\"position\":3,\"name\":\"KLORANE BEBE CREME CHANGE HAUTE TOLERANCE 100 ML\"}]},{\"@type\":\"WebSite\",\"@id\":\"https:\/\/paracherkaoui.ma\/#website\",\"url\":\"https:\/\/paracherkaoui.ma\/\",\"name\":\"Paracherkaoui.ma\",\"description\":\"Achetez en ligne sur Paracherkaoui.ma\",\"potentialAction\":[{\"@type\":\"SearchAction\",\"target\":{\"@type\":\"EntryPoint\",\"urlTemplate\":\"https:\/\/paracherkaoui.ma\/?s={search_term_string}\"},\"query-input\":{\"@type\":\"PropertyValueSpecification\",\"valueRequired\":true,\"valueName\":\"search_term_string\"}}],\"inLanguage\":\"fr-FR\"}]}<\/script>\r\n<!-- \/ Yoast SEO plugin. -->","yoast_head_json":{"title":"KLORANE BEBE CREME CHANGE HAUTE TOLERANCE 100 ML - Paracherkaoui.ma","robots":{"index":"index","follow":"follow","max-snippet":"max-snippet:-1","max-image-preview":"max-image-preview:large","max-video-preview":"max-video-preview:-1"},"canonical":"https:\/\/paracherkaoui.ma\/index.php\/produit\/klorane-bebe-creme-change-haute-tolerance-100-ml\/","og_locale":"fr_FR","og_type":"article","og_title":"KLORANE BEBE CREME CHANGE HAUTE TOLERANCE 100 ML - Paracherkaoui.ma","og_description":"Composition Eau (Aqua), triglyc\u00e9ride caprylique\/caprique, glyc\u00e9rine, huile v\u00e9g\u00e9tale hydrog\u00e9n\u00e9e, huile de graines de Ricinus Communis (ricin)*, huile de graines d&rsquo;Helianthus","og_url":"https:\/\/paracherkaoui.ma\/index.php\/produit\/klorane-bebe-creme-change-haute-tolerance-100-ml\/","og_site_name":"Paracherkaoui.ma","article_modified_time":"2025-12-12T18:12:17+00:00","og_image":[{"width":700,"height":700,"url":"https:\/\/paracherkaoui.ma\/wp-content\/uploads\/2025\/12\/klorane-klorane-bebe-creme-change-haute-tolerance-100-ml-changes-bebe.jpg","type":"image\/jpeg"}],"twitter_card":"summary_large_image","twitter_misc":{"Dur\u00e9e de lecture estim\u00e9e":"1 minute"},"schema":{"@context":"https:\/\/schema.org","@graph":[{"@type":"WebPage","@id":"https:\/\/paracherkaoui.ma\/index.php\/produit\/klorane-bebe-creme-change-haute-tolerance-100-ml\/","url":"https:\/\/paracherkaoui.ma\/index.php\/produit\/klorane-bebe-creme-change-haute-tolerance-100-ml\/","name":"KLORANE BEBE CREME CHANGE HAUTE TOLERANCE 100 ML - Paracherkaoui.ma","isPartOf":{"@id":"https:\/\/paracherkaoui.ma\/#website"},"primaryImageOfPage":{"@id":"https:\/\/paracherkaoui.ma\/index.php\/produit\/klorane-bebe-creme-change-haute-tolerance-100-ml\/#primaryimage"},"image":{"@id":"https:\/\/paracherkaoui.ma\/index.php\/produit\/klorane-bebe-creme-change-haute-tolerance-100-ml\/#primaryimage"},"thumbnailUrl":"https:\/\/paracherkaoui.ma\/wp-content\/uploads\/2025\/12\/klorane-klorane-bebe-creme-change-haute-tolerance-100-ml-changes-bebe.jpg","datePublished":"2025-12-12T18:12:11+00:00","dateModified":"2025-12-12T18:12:17+00:00","breadcrumb":{"@id":"https:\/\/paracherkaoui.ma\/index.php\/produit\/klorane-bebe-creme-change-haute-tolerance-100-ml\/#breadcrumb"},"inLanguage":"fr-FR","potentialAction":[{"@type":"ReadAction","target":["https:\/\/paracherkaoui.ma\/index.php\/produit\/klorane-bebe-creme-change-haute-tolerance-100-ml\/"]}]},{"@type":"ImageObject","inLanguage":"fr-FR","@id":"https:\/\/paracherkaoui.ma\/index.php\/produit\/klorane-bebe-creme-change-haute-tolerance-100-ml\/#primaryimage","url":"https:\/\/paracherkaoui.ma\/wp-content\/uploads\/2025\/12\/klorane-klorane-bebe-creme-change-haute-tolerance-100-ml-changes-bebe.jpg","contentUrl":"https:\/\/paracherkaoui.ma\/wp-content\/uploads\/2025\/12\/klorane-klorane-bebe-creme-change-haute-tolerance-100-ml-changes-bebe.jpg","width":700,"height":700},{"@type":"BreadcrumbList","@id":"https:\/\/paracherkaoui.ma\/index.php\/produit\/klorane-bebe-creme-change-haute-tolerance-100-ml\/#breadcrumb","itemListElement":[{"@type":"ListItem","position":1,"name":"Accueil","item":"https:\/\/paracherkaoui.ma\/"},{"@type":"ListItem","position":2,"name":"Boutique","item":"https:\/\/paracherkaoui.ma\/index.php\/boutique\/"},{"@type":"ListItem","position":3,"name":"KLORANE BEBE CREME CHANGE HAUTE TOLERANCE 100 ML"}]},{"@type":"WebSite","@id":"https:\/\/paracherkaoui.ma\/#website","url":"https:\/\/paracherkaoui.ma\/","name":"Paracherkaoui.ma","description":"Achetez en ligne sur Paracherkaoui.ma","potentialAction":[{"@type":"SearchAction","target":{"@type":"EntryPoint","urlTemplate":"https:\/\/paracherkaoui.ma\/?s={search_term_string}"},"query-input":{"@type":"PropertyValueSpecification","valueRequired":true,"valueName":"search_term_string"}}],"inLanguage":"fr-FR"}]}},"_links":{"self":[{"href":"https:\/\/paracherkaoui.ma\/index.php\/wp-json\/wp\/v2\/product\/43982","targetHints":{"allow":["GET"]}}],"collection":[{"href":"https:\/\/paracherkaoui.ma\/index.php\/wp-json\/wp\/v2\/product"}],"about":[{"href":"https:\/\/paracherkaoui.ma\/index.php\/wp-json\/wp\/v2\/types\/product"}],"replies":[{"embeddable":true,"href":"https:\/\/paracherkaoui.ma\/index.php\/wp-json\/wp\/v2\/comments?post=43982"}],"version-history":[{"count":1,"href":"https:\/\/paracherkaoui.ma\/index.php\/wp-json\/wp\/v2\/product\/43982\/revisions"}],"predecessor-version":[{"id":44032,"href":"https:\/\/paracherkaoui.ma\/index.php\/wp-json\/wp\/v2\/product\/43982\/revisions\/44032"}],"wp:featuredmedia":[{"embeddable":true,"href":"https:\/\/paracherkaoui.ma\/index.php\/wp-json\/wp\/v2\/media\/44031"}],"wp:attachment":[{"href":"https:\/\/paracherkaoui.ma\/index.php\/wp-json\/wp\/v2\/media?parent=43982"}],"wp:term":[{"taxonomy":"product_brand","embeddable":true,"href":"https:\/\/paracherkaoui.ma\/index.php\/wp-json\/wp\/v2\/product_brand?post=43982"},{"taxonomy":"product_cat","embeddable":true,"href":"https:\/\/paracherkaoui.ma\/index.php\/wp-json\/wp\/v2\/product_cat?post=43982"},{"taxonomy":"product_tag","embeddable":true,"href":"https:\/\/paracherkaoui.ma\/index.php\/wp-json\/wp\/v2\/product_tag?post=43982"}],"curies":[{"name":"wp","href":"https:\/\/api.w.org\/{rel}","templated":true}]}}