{"id":43975,"date":"2025-12-12T19:12:11","date_gmt":"2025-12-12T18:12:11","guid":{"rendered":"https:\/\/test.ecbeaute.com\/?post_type=product&#038;p=43975"},"modified":"2025-12-12T19:12:16","modified_gmt":"2025-12-12T18:12:16","slug":"mustela-creme-pour-le-change-vitaminee-100ml-previent-les-rougeurs","status":"publish","type":"product","link":"https:\/\/paracherkaoui.ma\/index.php\/produit\/mustela-creme-pour-le-change-vitaminee-100ml-previent-les-rougeurs\/","title":{"rendered":"MUSTELA CREME POUR LE CHANGE VITAMINEE 100ML PR\u00c9VIENT LES ROUGEURS"},"content":{"rendered":"<p>Propri\u00e9t\u00e9s :<br \/>\nProt\u00e8ge les fesses du b\u00e9b\u00e9, pr\u00e9vient et apaise les rougeurs du si\u00e8ge d\u00e9butantes.<br \/>\nLa Cr\u00e8me pour le Change Mustela est une \u00e9mulsion corporelle pour b\u00e9b\u00e9 qui isole efficacement la peau des agressions des urines, des selles et du frottement de la couche, par l&rsquo;effet barri\u00e8re de l&rsquo;oxyde de zinc. La Cr\u00e8me pour le Change Mustela favorise la disparition des rougeurs et le renouvellement cellulaire gr\u00e2ce notamment \u00e0 l&rsquo;action des vitamine B5 et F. Cette cr\u00e8me apaise les sensations d&rsquo;irritation et adoucit la peau gr\u00e2ce \u00e0 la vitamine B5 et au beurre de Karit\u00e9. Elle laisse sur la peau un film protecteur non occlusif et une d\u00e9licate \u00ab\u00a0odeur de b\u00e9b\u00e9\u00a0\u00bb Mustela.<br \/>\nConseils d&rsquo;utilisation :<br \/>\nA chaque change, appliquez en couche \u00e9paisse sur la peau parfaitement propre et s\u00e8che.<br \/>\nConseil ParaBioSante : Nettoyez pr\u00e9alablement les fesses de b\u00e9b\u00e9 avec les Lingettes nettoyantes et apaisantes, PhysiOb\u00e9b\u00e9 Fluide nettoyant sans rin\u00e7age ou le Lait de toilette si vous pr\u00e9f\u00e9rez rincer. Puis s\u00e9chez d\u00e9licatement et prot\u00e9gez ensuite avec la Cr\u00e8me pour le change.<br \/>\nComposition :<br \/>\nOxyde de Zinc, Beurre de Karit\u00e9, Vitamine F, Vitamine B5, Caprylyl Glycol.<br \/>\nAqua, Zinc Oxide, Paraffinum liquidum, Propylene Glycol Diethylhexanoate, Methyl Glucose Dioleate, Titanium Dioxide, PEG-45 Dodecyl Glycol Copolymer, Glycerin, Ceresin, Ethyl Linoleate, Butyrospermum parkii (shea butter) Fruit, PEG-8, Panthenol, Potassium Sorbate, Parfum (Fragrance), Magnesium Sulfate, Methylparaben, Caprylyl Glycol, Propylparaben, Sodium Polyacrylate.<br \/>\nConditionnement :<br \/>\nFlacon pompe de 100ml<\/p>\n","protected":false},"excerpt":{"rendered":"<p>Propri\u00e9t\u00e9s : Prot\u00e8ge les fesses du b\u00e9b\u00e9, pr\u00e9vient et apaise les rougeurs du si\u00e8ge d\u00e9butantes. La Cr\u00e8me pour le Change<\/p>\n","protected":false},"featured_media":44022,"comment_status":"open","ping_status":"closed","template":"","meta":[],"product_brand":[687],"product_cat":[773],"product_tag":[],"class_list":{"0":"post-43975","1":"product","2":"type-product","3":"status-publish","4":"has-post-thumbnail","6":"product_brand-mustela","7":"product_cat-changes-bebe","9":"first","10":"instock","11":"sale","12":"shipping-taxable","13":"purchasable","14":"product-type-simple"},"yoast_head":"<!-- This site is optimized with the Yoast SEO plugin v26.6 - https:\/\/yoast.com\/wordpress\/plugins\/seo\/ -->\r\n<title>MUSTELA CREME POUR LE CHANGE VITAMINEE 100ML PR\u00c9VIENT LES ROUGEURS - Paracherkaoui.ma<\/title>\r\n<meta name=\"robots\" content=\"index, follow, max-snippet:-1, max-image-preview:large, max-video-preview:-1\" \/>\r\n<link rel=\"canonical\" href=\"https:\/\/paracherkaoui.ma\/index.php\/produit\/mustela-creme-pour-le-change-vitaminee-100ml-previent-les-rougeurs\/\" \/>\r\n<meta property=\"og:locale\" content=\"fr_FR\" \/>\r\n<meta property=\"og:type\" content=\"article\" \/>\r\n<meta property=\"og:title\" content=\"MUSTELA CREME POUR LE CHANGE VITAMINEE 100ML PR\u00c9VIENT LES ROUGEURS - Paracherkaoui.ma\" \/>\r\n<meta property=\"og:description\" content=\"Propri\u00e9t\u00e9s : Prot\u00e8ge les fesses du b\u00e9b\u00e9, pr\u00e9vient et apaise les rougeurs du si\u00e8ge d\u00e9butantes. La Cr\u00e8me pour le Change\" \/>\r\n<meta property=\"og:url\" content=\"https:\/\/paracherkaoui.ma\/index.php\/produit\/mustela-creme-pour-le-change-vitaminee-100ml-previent-les-rougeurs\/\" \/>\r\n<meta property=\"og:site_name\" content=\"Paracherkaoui.ma\" \/>\r\n<meta property=\"article:modified_time\" content=\"2025-12-12T18:12:16+00:00\" \/>\r\n<meta property=\"og:image\" content=\"https:\/\/paracherkaoui.ma\/wp-content\/uploads\/2025\/12\/mustela-mustela-creme-pour-le-change-vitaminee-100ml-previent-les-rougeurs-changes-bebe.jpg\" \/>\r\n\t<meta property=\"og:image:width\" content=\"700\" \/>\r\n\t<meta property=\"og:image:height\" content=\"700\" \/>\r\n\t<meta property=\"og:image:type\" content=\"image\/jpeg\" \/>\r\n<meta name=\"twitter:card\" content=\"summary_large_image\" \/>\r\n<meta name=\"twitter:label1\" content=\"Dur\u00e9e de lecture estim\u00e9e\" \/>\n\t<meta name=\"twitter:data1\" content=\"1 minute\" \/>\r\n<script type=\"application\/ld+json\" class=\"yoast-schema-graph\">{\"@context\":\"https:\/\/schema.org\",\"@graph\":[{\"@type\":\"WebPage\",\"@id\":\"https:\/\/paracherkaoui.ma\/index.php\/produit\/mustela-creme-pour-le-change-vitaminee-100ml-previent-les-rougeurs\/\",\"url\":\"https:\/\/paracherkaoui.ma\/index.php\/produit\/mustela-creme-pour-le-change-vitaminee-100ml-previent-les-rougeurs\/\",\"name\":\"MUSTELA CREME POUR LE CHANGE VITAMINEE 100ML PR\u00c9VIENT LES ROUGEURS - Paracherkaoui.ma\",\"isPartOf\":{\"@id\":\"https:\/\/paracherkaoui.ma\/#website\"},\"primaryImageOfPage\":{\"@id\":\"https:\/\/paracherkaoui.ma\/index.php\/produit\/mustela-creme-pour-le-change-vitaminee-100ml-previent-les-rougeurs\/#primaryimage\"},\"image\":{\"@id\":\"https:\/\/paracherkaoui.ma\/index.php\/produit\/mustela-creme-pour-le-change-vitaminee-100ml-previent-les-rougeurs\/#primaryimage\"},\"thumbnailUrl\":\"https:\/\/paracherkaoui.ma\/wp-content\/uploads\/2025\/12\/mustela-mustela-creme-pour-le-change-vitaminee-100ml-previent-les-rougeurs-changes-bebe.jpg\",\"datePublished\":\"2025-12-12T18:12:11+00:00\",\"dateModified\":\"2025-12-12T18:12:16+00:00\",\"breadcrumb\":{\"@id\":\"https:\/\/paracherkaoui.ma\/index.php\/produit\/mustela-creme-pour-le-change-vitaminee-100ml-previent-les-rougeurs\/#breadcrumb\"},\"inLanguage\":\"fr-FR\",\"potentialAction\":[{\"@type\":\"ReadAction\",\"target\":[\"https:\/\/paracherkaoui.ma\/index.php\/produit\/mustela-creme-pour-le-change-vitaminee-100ml-previent-les-rougeurs\/\"]}]},{\"@type\":\"ImageObject\",\"inLanguage\":\"fr-FR\",\"@id\":\"https:\/\/paracherkaoui.ma\/index.php\/produit\/mustela-creme-pour-le-change-vitaminee-100ml-previent-les-rougeurs\/#primaryimage\",\"url\":\"https:\/\/paracherkaoui.ma\/wp-content\/uploads\/2025\/12\/mustela-mustela-creme-pour-le-change-vitaminee-100ml-previent-les-rougeurs-changes-bebe.jpg\",\"contentUrl\":\"https:\/\/paracherkaoui.ma\/wp-content\/uploads\/2025\/12\/mustela-mustela-creme-pour-le-change-vitaminee-100ml-previent-les-rougeurs-changes-bebe.jpg\",\"width\":700,\"height\":700},{\"@type\":\"BreadcrumbList\",\"@id\":\"https:\/\/paracherkaoui.ma\/index.php\/produit\/mustela-creme-pour-le-change-vitaminee-100ml-previent-les-rougeurs\/#breadcrumb\",\"itemListElement\":[{\"@type\":\"ListItem\",\"position\":1,\"name\":\"Accueil\",\"item\":\"https:\/\/paracherkaoui.ma\/\"},{\"@type\":\"ListItem\",\"position\":2,\"name\":\"Boutique\",\"item\":\"https:\/\/paracherkaoui.ma\/index.php\/boutique\/\"},{\"@type\":\"ListItem\",\"position\":3,\"name\":\"MUSTELA CREME POUR LE CHANGE VITAMINEE 100ML PR\u00c9VIENT LES ROUGEURS\"}]},{\"@type\":\"WebSite\",\"@id\":\"https:\/\/paracherkaoui.ma\/#website\",\"url\":\"https:\/\/paracherkaoui.ma\/\",\"name\":\"Paracherkaoui.ma\",\"description\":\"Achetez en ligne sur Paracherkaoui.ma\",\"potentialAction\":[{\"@type\":\"SearchAction\",\"target\":{\"@type\":\"EntryPoint\",\"urlTemplate\":\"https:\/\/paracherkaoui.ma\/?s={search_term_string}\"},\"query-input\":{\"@type\":\"PropertyValueSpecification\",\"valueRequired\":true,\"valueName\":\"search_term_string\"}}],\"inLanguage\":\"fr-FR\"}]}<\/script>\r\n<!-- \/ Yoast SEO plugin. -->","yoast_head_json":{"title":"MUSTELA CREME POUR LE CHANGE VITAMINEE 100ML PR\u00c9VIENT LES ROUGEURS - Paracherkaoui.ma","robots":{"index":"index","follow":"follow","max-snippet":"max-snippet:-1","max-image-preview":"max-image-preview:large","max-video-preview":"max-video-preview:-1"},"canonical":"https:\/\/paracherkaoui.ma\/index.php\/produit\/mustela-creme-pour-le-change-vitaminee-100ml-previent-les-rougeurs\/","og_locale":"fr_FR","og_type":"article","og_title":"MUSTELA CREME POUR LE CHANGE VITAMINEE 100ML PR\u00c9VIENT LES ROUGEURS - Paracherkaoui.ma","og_description":"Propri\u00e9t\u00e9s : Prot\u00e8ge les fesses du b\u00e9b\u00e9, pr\u00e9vient et apaise les rougeurs du si\u00e8ge d\u00e9butantes. La Cr\u00e8me pour le Change","og_url":"https:\/\/paracherkaoui.ma\/index.php\/produit\/mustela-creme-pour-le-change-vitaminee-100ml-previent-les-rougeurs\/","og_site_name":"Paracherkaoui.ma","article_modified_time":"2025-12-12T18:12:16+00:00","og_image":[{"width":700,"height":700,"url":"https:\/\/paracherkaoui.ma\/wp-content\/uploads\/2025\/12\/mustela-mustela-creme-pour-le-change-vitaminee-100ml-previent-les-rougeurs-changes-bebe.jpg","type":"image\/jpeg"}],"twitter_card":"summary_large_image","twitter_misc":{"Dur\u00e9e de lecture estim\u00e9e":"1 minute"},"schema":{"@context":"https:\/\/schema.org","@graph":[{"@type":"WebPage","@id":"https:\/\/paracherkaoui.ma\/index.php\/produit\/mustela-creme-pour-le-change-vitaminee-100ml-previent-les-rougeurs\/","url":"https:\/\/paracherkaoui.ma\/index.php\/produit\/mustela-creme-pour-le-change-vitaminee-100ml-previent-les-rougeurs\/","name":"MUSTELA CREME POUR LE CHANGE VITAMINEE 100ML PR\u00c9VIENT LES ROUGEURS - Paracherkaoui.ma","isPartOf":{"@id":"https:\/\/paracherkaoui.ma\/#website"},"primaryImageOfPage":{"@id":"https:\/\/paracherkaoui.ma\/index.php\/produit\/mustela-creme-pour-le-change-vitaminee-100ml-previent-les-rougeurs\/#primaryimage"},"image":{"@id":"https:\/\/paracherkaoui.ma\/index.php\/produit\/mustela-creme-pour-le-change-vitaminee-100ml-previent-les-rougeurs\/#primaryimage"},"thumbnailUrl":"https:\/\/paracherkaoui.ma\/wp-content\/uploads\/2025\/12\/mustela-mustela-creme-pour-le-change-vitaminee-100ml-previent-les-rougeurs-changes-bebe.jpg","datePublished":"2025-12-12T18:12:11+00:00","dateModified":"2025-12-12T18:12:16+00:00","breadcrumb":{"@id":"https:\/\/paracherkaoui.ma\/index.php\/produit\/mustela-creme-pour-le-change-vitaminee-100ml-previent-les-rougeurs\/#breadcrumb"},"inLanguage":"fr-FR","potentialAction":[{"@type":"ReadAction","target":["https:\/\/paracherkaoui.ma\/index.php\/produit\/mustela-creme-pour-le-change-vitaminee-100ml-previent-les-rougeurs\/"]}]},{"@type":"ImageObject","inLanguage":"fr-FR","@id":"https:\/\/paracherkaoui.ma\/index.php\/produit\/mustela-creme-pour-le-change-vitaminee-100ml-previent-les-rougeurs\/#primaryimage","url":"https:\/\/paracherkaoui.ma\/wp-content\/uploads\/2025\/12\/mustela-mustela-creme-pour-le-change-vitaminee-100ml-previent-les-rougeurs-changes-bebe.jpg","contentUrl":"https:\/\/paracherkaoui.ma\/wp-content\/uploads\/2025\/12\/mustela-mustela-creme-pour-le-change-vitaminee-100ml-previent-les-rougeurs-changes-bebe.jpg","width":700,"height":700},{"@type":"BreadcrumbList","@id":"https:\/\/paracherkaoui.ma\/index.php\/produit\/mustela-creme-pour-le-change-vitaminee-100ml-previent-les-rougeurs\/#breadcrumb","itemListElement":[{"@type":"ListItem","position":1,"name":"Accueil","item":"https:\/\/paracherkaoui.ma\/"},{"@type":"ListItem","position":2,"name":"Boutique","item":"https:\/\/paracherkaoui.ma\/index.php\/boutique\/"},{"@type":"ListItem","position":3,"name":"MUSTELA CREME POUR LE CHANGE VITAMINEE 100ML PR\u00c9VIENT LES ROUGEURS"}]},{"@type":"WebSite","@id":"https:\/\/paracherkaoui.ma\/#website","url":"https:\/\/paracherkaoui.ma\/","name":"Paracherkaoui.ma","description":"Achetez en ligne sur Paracherkaoui.ma","potentialAction":[{"@type":"SearchAction","target":{"@type":"EntryPoint","urlTemplate":"https:\/\/paracherkaoui.ma\/?s={search_term_string}"},"query-input":{"@type":"PropertyValueSpecification","valueRequired":true,"valueName":"search_term_string"}}],"inLanguage":"fr-FR"}]}},"_links":{"self":[{"href":"https:\/\/paracherkaoui.ma\/index.php\/wp-json\/wp\/v2\/product\/43975","targetHints":{"allow":["GET"]}}],"collection":[{"href":"https:\/\/paracherkaoui.ma\/index.php\/wp-json\/wp\/v2\/product"}],"about":[{"href":"https:\/\/paracherkaoui.ma\/index.php\/wp-json\/wp\/v2\/types\/product"}],"replies":[{"embeddable":true,"href":"https:\/\/paracherkaoui.ma\/index.php\/wp-json\/wp\/v2\/comments?post=43975"}],"version-history":[{"count":1,"href":"https:\/\/paracherkaoui.ma\/index.php\/wp-json\/wp\/v2\/product\/43975\/revisions"}],"predecessor-version":[{"id":44023,"href":"https:\/\/paracherkaoui.ma\/index.php\/wp-json\/wp\/v2\/product\/43975\/revisions\/44023"}],"wp:featuredmedia":[{"embeddable":true,"href":"https:\/\/paracherkaoui.ma\/index.php\/wp-json\/wp\/v2\/media\/44022"}],"wp:attachment":[{"href":"https:\/\/paracherkaoui.ma\/index.php\/wp-json\/wp\/v2\/media?parent=43975"}],"wp:term":[{"taxonomy":"product_brand","embeddable":true,"href":"https:\/\/paracherkaoui.ma\/index.php\/wp-json\/wp\/v2\/product_brand?post=43975"},{"taxonomy":"product_cat","embeddable":true,"href":"https:\/\/paracherkaoui.ma\/index.php\/wp-json\/wp\/v2\/product_cat?post=43975"},{"taxonomy":"product_tag","embeddable":true,"href":"https:\/\/paracherkaoui.ma\/index.php\/wp-json\/wp\/v2\/product_tag?post=43975"}],"curies":[{"name":"wp","href":"https:\/\/api.w.org\/{rel}","templated":true}]}}