{"id":43974,"date":"2025-12-12T19:12:11","date_gmt":"2025-12-12T18:12:11","guid":{"rendered":"https:\/\/test.ecbeaute.com\/?post_type=product&#038;p=43974"},"modified":"2025-12-12T19:12:15","modified_gmt":"2025-12-12T18:12:15","slug":"eristop-20-creme-de-change","status":"publish","type":"product","link":"https:\/\/paracherkaoui.ma\/index.php\/produit\/eristop-20-creme-de-change\/","title":{"rendered":"ERISTOP 20 CREME DE CHANGE"},"content":{"rendered":"<p>Gr\u00e2ce \u00e0 sa composition riche en huiles v\u00e9g\u00e9tales naturelles, ERISTOP favorise la disparition des rougeurs, apaise les sensations d\u2019irritation, adoucit la peau et favorise le renouvellement cellulaire et la r\u00e9g\u00e9n\u00e9ration de l\u2019\u00e9piderme fessier de votre b\u00e9b\u00e9. -Riche en huiles v\u00e9g\u00e9tales naturelles, id\u00e9ale pour les peaux sensibles; elle est indiqu\u00e9e en cas d\u2019irritation cutan\u00e9e notamment pour pr\u00e9venir l\u2019apparition de l\u2019\u00e9ryth\u00e8me fessier chez le nourrisson et le jeune enfant. -ERISTOP est indiqu\u00e9e aussi en cas de br\u00fblures superficielles peu \u00e9tendues et coups de soleil. -Elle peut \u00eatre \u00e9galement utilis\u00e9e dans les plis du cou ou du corps en cas d\u2019irritation de la peau.<br \/>\nCONSEILS D\u2019UTILISATION:<br \/>\nAppliquer en couche \u00e9paisse sur les fesses bien s\u00e8ches et propres du b\u00e9b\u00e9 \u00e0 chaque change.<\/p>\n","protected":false},"excerpt":{"rendered":"<p>Gr\u00e2ce \u00e0 sa composition riche en huiles v\u00e9g\u00e9tales naturelles, ERISTOP favorise la disparition des rougeurs, apaise les sensations d\u2019irritation, adoucit<\/p>\n","protected":false},"featured_media":44020,"comment_status":"open","ping_status":"closed","template":"","meta":[],"product_brand":[686],"product_cat":[773],"product_tag":[],"class_list":{"0":"post-43974","1":"product","2":"type-product","3":"status-publish","4":"has-post-thumbnail","6":"product_brand-eristop","7":"product_cat-changes-bebe","9":"first","10":"instock","11":"sale","12":"shipping-taxable","13":"purchasable","14":"product-type-simple"},"yoast_head":"<!-- This site is optimized with the Yoast SEO plugin v26.6 - https:\/\/yoast.com\/wordpress\/plugins\/seo\/ -->\r\n<title>ERISTOP 20 CREME DE CHANGE - Paracherkaoui.ma<\/title>\r\n<meta name=\"robots\" content=\"index, follow, max-snippet:-1, max-image-preview:large, max-video-preview:-1\" \/>\r\n<link rel=\"canonical\" href=\"https:\/\/paracherkaoui.ma\/index.php\/produit\/eristop-20-creme-de-change\/\" \/>\r\n<meta property=\"og:locale\" content=\"fr_FR\" \/>\r\n<meta property=\"og:type\" content=\"article\" \/>\r\n<meta property=\"og:title\" content=\"ERISTOP 20 CREME DE CHANGE - Paracherkaoui.ma\" \/>\r\n<meta property=\"og:description\" content=\"Gr\u00e2ce \u00e0 sa composition riche en huiles v\u00e9g\u00e9tales naturelles, ERISTOP favorise la disparition des rougeurs, apaise les sensations d\u2019irritation, adoucit\" \/>\r\n<meta property=\"og:url\" content=\"https:\/\/paracherkaoui.ma\/index.php\/produit\/eristop-20-creme-de-change\/\" \/>\r\n<meta property=\"og:site_name\" content=\"Paracherkaoui.ma\" \/>\r\n<meta property=\"article:modified_time\" content=\"2025-12-12T18:12:15+00:00\" \/>\r\n<meta property=\"og:image\" content=\"https:\/\/paracherkaoui.ma\/wp-content\/uploads\/2025\/12\/eristop-eristop-20-creme-de-change-cremes-de-changes.jpg\" \/>\r\n\t<meta property=\"og:image:width\" content=\"700\" \/>\r\n\t<meta property=\"og:image:height\" content=\"700\" \/>\r\n\t<meta property=\"og:image:type\" content=\"image\/jpeg\" \/>\r\n<meta name=\"twitter:card\" content=\"summary_large_image\" \/>\r\n<meta name=\"twitter:label1\" content=\"Dur\u00e9e de lecture estim\u00e9e\" \/>\n\t<meta name=\"twitter:data1\" content=\"1 minute\" \/>\r\n<script type=\"application\/ld+json\" class=\"yoast-schema-graph\">{\"@context\":\"https:\/\/schema.org\",\"@graph\":[{\"@type\":\"WebPage\",\"@id\":\"https:\/\/paracherkaoui.ma\/index.php\/produit\/eristop-20-creme-de-change\/\",\"url\":\"https:\/\/paracherkaoui.ma\/index.php\/produit\/eristop-20-creme-de-change\/\",\"name\":\"ERISTOP 20 CREME DE CHANGE - Paracherkaoui.ma\",\"isPartOf\":{\"@id\":\"https:\/\/paracherkaoui.ma\/#website\"},\"primaryImageOfPage\":{\"@id\":\"https:\/\/paracherkaoui.ma\/index.php\/produit\/eristop-20-creme-de-change\/#primaryimage\"},\"image\":{\"@id\":\"https:\/\/paracherkaoui.ma\/index.php\/produit\/eristop-20-creme-de-change\/#primaryimage\"},\"thumbnailUrl\":\"https:\/\/paracherkaoui.ma\/wp-content\/uploads\/2025\/12\/eristop-eristop-20-creme-de-change-cremes-de-changes.jpg\",\"datePublished\":\"2025-12-12T18:12:11+00:00\",\"dateModified\":\"2025-12-12T18:12:15+00:00\",\"breadcrumb\":{\"@id\":\"https:\/\/paracherkaoui.ma\/index.php\/produit\/eristop-20-creme-de-change\/#breadcrumb\"},\"inLanguage\":\"fr-FR\",\"potentialAction\":[{\"@type\":\"ReadAction\",\"target\":[\"https:\/\/paracherkaoui.ma\/index.php\/produit\/eristop-20-creme-de-change\/\"]}]},{\"@type\":\"ImageObject\",\"inLanguage\":\"fr-FR\",\"@id\":\"https:\/\/paracherkaoui.ma\/index.php\/produit\/eristop-20-creme-de-change\/#primaryimage\",\"url\":\"https:\/\/paracherkaoui.ma\/wp-content\/uploads\/2025\/12\/eristop-eristop-20-creme-de-change-cremes-de-changes.jpg\",\"contentUrl\":\"https:\/\/paracherkaoui.ma\/wp-content\/uploads\/2025\/12\/eristop-eristop-20-creme-de-change-cremes-de-changes.jpg\",\"width\":700,\"height\":700},{\"@type\":\"BreadcrumbList\",\"@id\":\"https:\/\/paracherkaoui.ma\/index.php\/produit\/eristop-20-creme-de-change\/#breadcrumb\",\"itemListElement\":[{\"@type\":\"ListItem\",\"position\":1,\"name\":\"Accueil\",\"item\":\"https:\/\/paracherkaoui.ma\/\"},{\"@type\":\"ListItem\",\"position\":2,\"name\":\"Boutique\",\"item\":\"https:\/\/paracherkaoui.ma\/index.php\/boutique\/\"},{\"@type\":\"ListItem\",\"position\":3,\"name\":\"ERISTOP 20 CREME DE CHANGE\"}]},{\"@type\":\"WebSite\",\"@id\":\"https:\/\/paracherkaoui.ma\/#website\",\"url\":\"https:\/\/paracherkaoui.ma\/\",\"name\":\"Paracherkaoui.ma\",\"description\":\"Achetez en ligne sur Paracherkaoui.ma\",\"potentialAction\":[{\"@type\":\"SearchAction\",\"target\":{\"@type\":\"EntryPoint\",\"urlTemplate\":\"https:\/\/paracherkaoui.ma\/?s={search_term_string}\"},\"query-input\":{\"@type\":\"PropertyValueSpecification\",\"valueRequired\":true,\"valueName\":\"search_term_string\"}}],\"inLanguage\":\"fr-FR\"}]}<\/script>\r\n<!-- \/ Yoast SEO plugin. -->","yoast_head_json":{"title":"ERISTOP 20 CREME DE CHANGE - Paracherkaoui.ma","robots":{"index":"index","follow":"follow","max-snippet":"max-snippet:-1","max-image-preview":"max-image-preview:large","max-video-preview":"max-video-preview:-1"},"canonical":"https:\/\/paracherkaoui.ma\/index.php\/produit\/eristop-20-creme-de-change\/","og_locale":"fr_FR","og_type":"article","og_title":"ERISTOP 20 CREME DE CHANGE - Paracherkaoui.ma","og_description":"Gr\u00e2ce \u00e0 sa composition riche en huiles v\u00e9g\u00e9tales naturelles, ERISTOP favorise la disparition des rougeurs, apaise les sensations d\u2019irritation, adoucit","og_url":"https:\/\/paracherkaoui.ma\/index.php\/produit\/eristop-20-creme-de-change\/","og_site_name":"Paracherkaoui.ma","article_modified_time":"2025-12-12T18:12:15+00:00","og_image":[{"width":700,"height":700,"url":"https:\/\/paracherkaoui.ma\/wp-content\/uploads\/2025\/12\/eristop-eristop-20-creme-de-change-cremes-de-changes.jpg","type":"image\/jpeg"}],"twitter_card":"summary_large_image","twitter_misc":{"Dur\u00e9e de lecture estim\u00e9e":"1 minute"},"schema":{"@context":"https:\/\/schema.org","@graph":[{"@type":"WebPage","@id":"https:\/\/paracherkaoui.ma\/index.php\/produit\/eristop-20-creme-de-change\/","url":"https:\/\/paracherkaoui.ma\/index.php\/produit\/eristop-20-creme-de-change\/","name":"ERISTOP 20 CREME DE CHANGE - Paracherkaoui.ma","isPartOf":{"@id":"https:\/\/paracherkaoui.ma\/#website"},"primaryImageOfPage":{"@id":"https:\/\/paracherkaoui.ma\/index.php\/produit\/eristop-20-creme-de-change\/#primaryimage"},"image":{"@id":"https:\/\/paracherkaoui.ma\/index.php\/produit\/eristop-20-creme-de-change\/#primaryimage"},"thumbnailUrl":"https:\/\/paracherkaoui.ma\/wp-content\/uploads\/2025\/12\/eristop-eristop-20-creme-de-change-cremes-de-changes.jpg","datePublished":"2025-12-12T18:12:11+00:00","dateModified":"2025-12-12T18:12:15+00:00","breadcrumb":{"@id":"https:\/\/paracherkaoui.ma\/index.php\/produit\/eristop-20-creme-de-change\/#breadcrumb"},"inLanguage":"fr-FR","potentialAction":[{"@type":"ReadAction","target":["https:\/\/paracherkaoui.ma\/index.php\/produit\/eristop-20-creme-de-change\/"]}]},{"@type":"ImageObject","inLanguage":"fr-FR","@id":"https:\/\/paracherkaoui.ma\/index.php\/produit\/eristop-20-creme-de-change\/#primaryimage","url":"https:\/\/paracherkaoui.ma\/wp-content\/uploads\/2025\/12\/eristop-eristop-20-creme-de-change-cremes-de-changes.jpg","contentUrl":"https:\/\/paracherkaoui.ma\/wp-content\/uploads\/2025\/12\/eristop-eristop-20-creme-de-change-cremes-de-changes.jpg","width":700,"height":700},{"@type":"BreadcrumbList","@id":"https:\/\/paracherkaoui.ma\/index.php\/produit\/eristop-20-creme-de-change\/#breadcrumb","itemListElement":[{"@type":"ListItem","position":1,"name":"Accueil","item":"https:\/\/paracherkaoui.ma\/"},{"@type":"ListItem","position":2,"name":"Boutique","item":"https:\/\/paracherkaoui.ma\/index.php\/boutique\/"},{"@type":"ListItem","position":3,"name":"ERISTOP 20 CREME DE CHANGE"}]},{"@type":"WebSite","@id":"https:\/\/paracherkaoui.ma\/#website","url":"https:\/\/paracherkaoui.ma\/","name":"Paracherkaoui.ma","description":"Achetez en ligne sur Paracherkaoui.ma","potentialAction":[{"@type":"SearchAction","target":{"@type":"EntryPoint","urlTemplate":"https:\/\/paracherkaoui.ma\/?s={search_term_string}"},"query-input":{"@type":"PropertyValueSpecification","valueRequired":true,"valueName":"search_term_string"}}],"inLanguage":"fr-FR"}]}},"_links":{"self":[{"href":"https:\/\/paracherkaoui.ma\/index.php\/wp-json\/wp\/v2\/product\/43974","targetHints":{"allow":["GET"]}}],"collection":[{"href":"https:\/\/paracherkaoui.ma\/index.php\/wp-json\/wp\/v2\/product"}],"about":[{"href":"https:\/\/paracherkaoui.ma\/index.php\/wp-json\/wp\/v2\/types\/product"}],"replies":[{"embeddable":true,"href":"https:\/\/paracherkaoui.ma\/index.php\/wp-json\/wp\/v2\/comments?post=43974"}],"version-history":[{"count":1,"href":"https:\/\/paracherkaoui.ma\/index.php\/wp-json\/wp\/v2\/product\/43974\/revisions"}],"predecessor-version":[{"id":44021,"href":"https:\/\/paracherkaoui.ma\/index.php\/wp-json\/wp\/v2\/product\/43974\/revisions\/44021"}],"wp:featuredmedia":[{"embeddable":true,"href":"https:\/\/paracherkaoui.ma\/index.php\/wp-json\/wp\/v2\/media\/44020"}],"wp:attachment":[{"href":"https:\/\/paracherkaoui.ma\/index.php\/wp-json\/wp\/v2\/media?parent=43974"}],"wp:term":[{"taxonomy":"product_brand","embeddable":true,"href":"https:\/\/paracherkaoui.ma\/index.php\/wp-json\/wp\/v2\/product_brand?post=43974"},{"taxonomy":"product_cat","embeddable":true,"href":"https:\/\/paracherkaoui.ma\/index.php\/wp-json\/wp\/v2\/product_cat?post=43974"},{"taxonomy":"product_tag","embeddable":true,"href":"https:\/\/paracherkaoui.ma\/index.php\/wp-json\/wp\/v2\/product_tag?post=43974"}],"curies":[{"name":"wp","href":"https:\/\/api.w.org\/{rel}","templated":true}]}}