{"id":43967,"date":"2025-12-12T19:12:10","date_gmt":"2025-12-12T18:12:10","guid":{"rendered":"https:\/\/test.ecbeaute.com\/?post_type=product&#038;p=43967"},"modified":"2025-12-12T19:12:14","modified_gmt":"2025-12-12T18:12:14","slug":"gilbert-lingettes-a-leau-biodegrables-70-pcs","status":"publish","type":"product","link":"https:\/\/paracherkaoui.ma\/index.php\/produit\/gilbert-lingettes-a-leau-biodegrables-70-pcs\/","title":{"rendered":"GILBERT LINGETTES A L&rsquo;EAU BIODEGRABLES 70 PCS"},"content":{"rendered":"<p>Formul\u00e9es avec un minimum d&rsquo;ingr\u00e9dients pour garantir une tol\u00e9rance optimale,les lingettes \u00e0 l&rsquo;eau nettoient en douceur dans le plus grand respect des peaux les plus d\u00e9licates.<br \/>\nExtra-douces,r\u00e9sistantes et id\u00e9alement impr\u00e9gn\u00e9es, elles nettoient efficacement et en un seul geste sans irriter ou dess\u00e9cher la peau .<br \/>\nAdapt\u00e9es \u00e0 une utilisation fr\u00e9quente ,elles laissent la peau propre douce apais\u00e9e et prot\u00e9g\u00e9e\u00a0 contre les rougeurs . Ne pas rincer.<br \/>\nBien refermer apr\u00e8s usage .<br \/>\nUsage externe<\/p>\n","protected":false},"excerpt":{"rendered":"<p>Formul\u00e9es avec un minimum d&rsquo;ingr\u00e9dients pour garantir une tol\u00e9rance optimale,les lingettes \u00e0 l&rsquo;eau nettoient en douceur dans le plus grand<\/p>\n","protected":false},"featured_media":44008,"comment_status":"open","ping_status":"closed","template":"","meta":[],"product_brand":[200],"product_cat":[773],"product_tag":[],"class_list":{"0":"post-43967","1":"product","2":"type-product","3":"status-publish","4":"has-post-thumbnail","6":"product_brand-gilbert","7":"product_cat-changes-bebe","9":"first","10":"instock","11":"sale","12":"shipping-taxable","13":"purchasable","14":"product-type-simple"},"yoast_head":"<!-- This site is optimized with the Yoast SEO plugin v26.6 - https:\/\/yoast.com\/wordpress\/plugins\/seo\/ -->\r\n<title>GILBERT LINGETTES A L&#039;EAU BIODEGRABLES 70 PCS - Paracherkaoui.ma<\/title>\r\n<meta name=\"robots\" content=\"index, follow, max-snippet:-1, max-image-preview:large, max-video-preview:-1\" \/>\r\n<link rel=\"canonical\" href=\"https:\/\/paracherkaoui.ma\/index.php\/produit\/gilbert-lingettes-a-leau-biodegrables-70-pcs\/\" \/>\r\n<meta property=\"og:locale\" content=\"fr_FR\" \/>\r\n<meta property=\"og:type\" content=\"article\" \/>\r\n<meta property=\"og:title\" content=\"GILBERT LINGETTES A L&#039;EAU BIODEGRABLES 70 PCS - Paracherkaoui.ma\" \/>\r\n<meta property=\"og:description\" content=\"Formul\u00e9es avec un minimum d&rsquo;ingr\u00e9dients pour garantir une tol\u00e9rance optimale,les lingettes \u00e0 l&rsquo;eau nettoient en douceur dans le plus grand\" \/>\r\n<meta property=\"og:url\" content=\"https:\/\/paracherkaoui.ma\/index.php\/produit\/gilbert-lingettes-a-leau-biodegrables-70-pcs\/\" \/>\r\n<meta property=\"og:site_name\" content=\"Paracherkaoui.ma\" \/>\r\n<meta property=\"article:modified_time\" content=\"2025-12-12T18:12:14+00:00\" \/>\r\n<meta property=\"og:image\" content=\"https:\/\/paracherkaoui.ma\/wp-content\/uploads\/2025\/12\/gilbert-lingettes-a-l-eau-biodegrables-70-pcs.jpg\" \/>\r\n\t<meta property=\"og:image:width\" content=\"700\" \/>\r\n\t<meta property=\"og:image:height\" content=\"700\" \/>\r\n\t<meta property=\"og:image:type\" content=\"image\/jpeg\" \/>\r\n<meta name=\"twitter:card\" content=\"summary_large_image\" \/>\r\n<script type=\"application\/ld+json\" class=\"yoast-schema-graph\">{\"@context\":\"https:\/\/schema.org\",\"@graph\":[{\"@type\":\"WebPage\",\"@id\":\"https:\/\/paracherkaoui.ma\/index.php\/produit\/gilbert-lingettes-a-leau-biodegrables-70-pcs\/\",\"url\":\"https:\/\/paracherkaoui.ma\/index.php\/produit\/gilbert-lingettes-a-leau-biodegrables-70-pcs\/\",\"name\":\"GILBERT LINGETTES A L'EAU BIODEGRABLES 70 PCS - Paracherkaoui.ma\",\"isPartOf\":{\"@id\":\"https:\/\/paracherkaoui.ma\/#website\"},\"primaryImageOfPage\":{\"@id\":\"https:\/\/paracherkaoui.ma\/index.php\/produit\/gilbert-lingettes-a-leau-biodegrables-70-pcs\/#primaryimage\"},\"image\":{\"@id\":\"https:\/\/paracherkaoui.ma\/index.php\/produit\/gilbert-lingettes-a-leau-biodegrables-70-pcs\/#primaryimage\"},\"thumbnailUrl\":\"https:\/\/paracherkaoui.ma\/wp-content\/uploads\/2025\/12\/gilbert-lingettes-a-l-eau-biodegrables-70-pcs.jpg\",\"datePublished\":\"2025-12-12T18:12:10+00:00\",\"dateModified\":\"2025-12-12T18:12:14+00:00\",\"breadcrumb\":{\"@id\":\"https:\/\/paracherkaoui.ma\/index.php\/produit\/gilbert-lingettes-a-leau-biodegrables-70-pcs\/#breadcrumb\"},\"inLanguage\":\"fr-FR\",\"potentialAction\":[{\"@type\":\"ReadAction\",\"target\":[\"https:\/\/paracherkaoui.ma\/index.php\/produit\/gilbert-lingettes-a-leau-biodegrables-70-pcs\/\"]}]},{\"@type\":\"ImageObject\",\"inLanguage\":\"fr-FR\",\"@id\":\"https:\/\/paracherkaoui.ma\/index.php\/produit\/gilbert-lingettes-a-leau-biodegrables-70-pcs\/#primaryimage\",\"url\":\"https:\/\/paracherkaoui.ma\/wp-content\/uploads\/2025\/12\/gilbert-lingettes-a-l-eau-biodegrables-70-pcs.jpg\",\"contentUrl\":\"https:\/\/paracherkaoui.ma\/wp-content\/uploads\/2025\/12\/gilbert-lingettes-a-l-eau-biodegrables-70-pcs.jpg\",\"width\":700,\"height\":700},{\"@type\":\"BreadcrumbList\",\"@id\":\"https:\/\/paracherkaoui.ma\/index.php\/produit\/gilbert-lingettes-a-leau-biodegrables-70-pcs\/#breadcrumb\",\"itemListElement\":[{\"@type\":\"ListItem\",\"position\":1,\"name\":\"Accueil\",\"item\":\"https:\/\/paracherkaoui.ma\/\"},{\"@type\":\"ListItem\",\"position\":2,\"name\":\"Boutique\",\"item\":\"https:\/\/paracherkaoui.ma\/index.php\/boutique\/\"},{\"@type\":\"ListItem\",\"position\":3,\"name\":\"GILBERT LINGETTES A L&rsquo;EAU BIODEGRABLES 70 PCS\"}]},{\"@type\":\"WebSite\",\"@id\":\"https:\/\/paracherkaoui.ma\/#website\",\"url\":\"https:\/\/paracherkaoui.ma\/\",\"name\":\"Paracherkaoui.ma\",\"description\":\"Achetez en ligne sur Paracherkaoui.ma\",\"potentialAction\":[{\"@type\":\"SearchAction\",\"target\":{\"@type\":\"EntryPoint\",\"urlTemplate\":\"https:\/\/paracherkaoui.ma\/?s={search_term_string}\"},\"query-input\":{\"@type\":\"PropertyValueSpecification\",\"valueRequired\":true,\"valueName\":\"search_term_string\"}}],\"inLanguage\":\"fr-FR\"}]}<\/script>\r\n<!-- \/ Yoast SEO plugin. -->","yoast_head_json":{"title":"GILBERT LINGETTES A L'EAU BIODEGRABLES 70 PCS - Paracherkaoui.ma","robots":{"index":"index","follow":"follow","max-snippet":"max-snippet:-1","max-image-preview":"max-image-preview:large","max-video-preview":"max-video-preview:-1"},"canonical":"https:\/\/paracherkaoui.ma\/index.php\/produit\/gilbert-lingettes-a-leau-biodegrables-70-pcs\/","og_locale":"fr_FR","og_type":"article","og_title":"GILBERT LINGETTES A L'EAU BIODEGRABLES 70 PCS - Paracherkaoui.ma","og_description":"Formul\u00e9es avec un minimum d&rsquo;ingr\u00e9dients pour garantir une tol\u00e9rance optimale,les lingettes \u00e0 l&rsquo;eau nettoient en douceur dans le plus grand","og_url":"https:\/\/paracherkaoui.ma\/index.php\/produit\/gilbert-lingettes-a-leau-biodegrables-70-pcs\/","og_site_name":"Paracherkaoui.ma","article_modified_time":"2025-12-12T18:12:14+00:00","og_image":[{"width":700,"height":700,"url":"https:\/\/paracherkaoui.ma\/wp-content\/uploads\/2025\/12\/gilbert-lingettes-a-l-eau-biodegrables-70-pcs.jpg","type":"image\/jpeg"}],"twitter_card":"summary_large_image","schema":{"@context":"https:\/\/schema.org","@graph":[{"@type":"WebPage","@id":"https:\/\/paracherkaoui.ma\/index.php\/produit\/gilbert-lingettes-a-leau-biodegrables-70-pcs\/","url":"https:\/\/paracherkaoui.ma\/index.php\/produit\/gilbert-lingettes-a-leau-biodegrables-70-pcs\/","name":"GILBERT LINGETTES A L'EAU BIODEGRABLES 70 PCS - Paracherkaoui.ma","isPartOf":{"@id":"https:\/\/paracherkaoui.ma\/#website"},"primaryImageOfPage":{"@id":"https:\/\/paracherkaoui.ma\/index.php\/produit\/gilbert-lingettes-a-leau-biodegrables-70-pcs\/#primaryimage"},"image":{"@id":"https:\/\/paracherkaoui.ma\/index.php\/produit\/gilbert-lingettes-a-leau-biodegrables-70-pcs\/#primaryimage"},"thumbnailUrl":"https:\/\/paracherkaoui.ma\/wp-content\/uploads\/2025\/12\/gilbert-lingettes-a-l-eau-biodegrables-70-pcs.jpg","datePublished":"2025-12-12T18:12:10+00:00","dateModified":"2025-12-12T18:12:14+00:00","breadcrumb":{"@id":"https:\/\/paracherkaoui.ma\/index.php\/produit\/gilbert-lingettes-a-leau-biodegrables-70-pcs\/#breadcrumb"},"inLanguage":"fr-FR","potentialAction":[{"@type":"ReadAction","target":["https:\/\/paracherkaoui.ma\/index.php\/produit\/gilbert-lingettes-a-leau-biodegrables-70-pcs\/"]}]},{"@type":"ImageObject","inLanguage":"fr-FR","@id":"https:\/\/paracherkaoui.ma\/index.php\/produit\/gilbert-lingettes-a-leau-biodegrables-70-pcs\/#primaryimage","url":"https:\/\/paracherkaoui.ma\/wp-content\/uploads\/2025\/12\/gilbert-lingettes-a-l-eau-biodegrables-70-pcs.jpg","contentUrl":"https:\/\/paracherkaoui.ma\/wp-content\/uploads\/2025\/12\/gilbert-lingettes-a-l-eau-biodegrables-70-pcs.jpg","width":700,"height":700},{"@type":"BreadcrumbList","@id":"https:\/\/paracherkaoui.ma\/index.php\/produit\/gilbert-lingettes-a-leau-biodegrables-70-pcs\/#breadcrumb","itemListElement":[{"@type":"ListItem","position":1,"name":"Accueil","item":"https:\/\/paracherkaoui.ma\/"},{"@type":"ListItem","position":2,"name":"Boutique","item":"https:\/\/paracherkaoui.ma\/index.php\/boutique\/"},{"@type":"ListItem","position":3,"name":"GILBERT LINGETTES A L&rsquo;EAU BIODEGRABLES 70 PCS"}]},{"@type":"WebSite","@id":"https:\/\/paracherkaoui.ma\/#website","url":"https:\/\/paracherkaoui.ma\/","name":"Paracherkaoui.ma","description":"Achetez en ligne sur Paracherkaoui.ma","potentialAction":[{"@type":"SearchAction","target":{"@type":"EntryPoint","urlTemplate":"https:\/\/paracherkaoui.ma\/?s={search_term_string}"},"query-input":{"@type":"PropertyValueSpecification","valueRequired":true,"valueName":"search_term_string"}}],"inLanguage":"fr-FR"}]}},"_links":{"self":[{"href":"https:\/\/paracherkaoui.ma\/index.php\/wp-json\/wp\/v2\/product\/43967","targetHints":{"allow":["GET"]}}],"collection":[{"href":"https:\/\/paracherkaoui.ma\/index.php\/wp-json\/wp\/v2\/product"}],"about":[{"href":"https:\/\/paracherkaoui.ma\/index.php\/wp-json\/wp\/v2\/types\/product"}],"replies":[{"embeddable":true,"href":"https:\/\/paracherkaoui.ma\/index.php\/wp-json\/wp\/v2\/comments?post=43967"}],"version-history":[{"count":1,"href":"https:\/\/paracherkaoui.ma\/index.php\/wp-json\/wp\/v2\/product\/43967\/revisions"}],"predecessor-version":[{"id":44009,"href":"https:\/\/paracherkaoui.ma\/index.php\/wp-json\/wp\/v2\/product\/43967\/revisions\/44009"}],"wp:featuredmedia":[{"embeddable":true,"href":"https:\/\/paracherkaoui.ma\/index.php\/wp-json\/wp\/v2\/media\/44008"}],"wp:attachment":[{"href":"https:\/\/paracherkaoui.ma\/index.php\/wp-json\/wp\/v2\/media?parent=43967"}],"wp:term":[{"taxonomy":"product_brand","embeddable":true,"href":"https:\/\/paracherkaoui.ma\/index.php\/wp-json\/wp\/v2\/product_brand?post=43967"},{"taxonomy":"product_cat","embeddable":true,"href":"https:\/\/paracherkaoui.ma\/index.php\/wp-json\/wp\/v2\/product_cat?post=43967"},{"taxonomy":"product_tag","embeddable":true,"href":"https:\/\/paracherkaoui.ma\/index.php\/wp-json\/wp\/v2\/product_tag?post=43967"}],"curies":[{"name":"wp","href":"https:\/\/api.w.org\/{rel}","templated":true}]}}