{"id":43966,"date":"2025-12-12T19:12:10","date_gmt":"2025-12-12T18:12:10","guid":{"rendered":"https:\/\/test.ecbeaute.com\/?post_type=product&#038;p=43966"},"modified":"2025-12-12T19:12:14","modified_gmt":"2025-12-12T18:12:14","slug":"waterwipes-28-lingettes-bebe","status":"publish","type":"product","link":"https:\/\/paracherkaoui.ma\/index.php\/produit\/waterwipes-28-lingettes-bebe\/","title":{"rendered":"WATERWIPES 28 LINGETTES BEBE"},"content":{"rendered":"<p>Une Formulation Naturelle et Hypoallerg\u00e9nique<br \/>\nContrairement \u00e0 d&rsquo;autres lingettes qui peuvent contenir des agents irritants, les WaterWipes sont totalement exemptes de produits chimiques agressifs. Leur formulation ultra-pure aide \u00e0 pr\u00e9venir l&rsquo;\u00e9ryth\u00e8me fessier, les rougeurs et autres inconforts cutan\u00e9s fr\u00e9quents chez les b\u00e9b\u00e9s.<br \/>\nReconnues et approuv\u00e9es par Allergy UK, ces lingettes garantissent une tol\u00e9rance optimale, m\u00eame pour les peaux les plus sensibles. Elles sont id\u00e9ales d\u00e8s la naissance et conviennent \u00e0 un usage quotidien.<br \/>\nUtilisation Polyvalente au Quotidien<br \/>\nQue ce soit pour le change, le nettoyage du visage et des mains, ou pour rafra\u00eechir la peau entre les bains, ces lingettes sont parfaites pour toutes les situations. Elles laissent la peau propre, douce et hydrat\u00e9e sans aucun r\u00e9sidu chimique.<br \/>\nConseils d&rsquo;utilisation<br \/>\nOuvrez le paquet et retirez une lingette.<br \/>\nNettoyez la peau de votre b\u00e9b\u00e9 en douceur.<br \/>\nRefermez bien l&#8217;emballage apr\u00e8s usage pour pr\u00e9server la fra\u00eecheur des lingettes.<br \/>\nUtilisez dans les 4 semaines suivant l&rsquo;ouverture.<br \/>\nNe jetez pas dans les toilettes.<br \/>\nComposition<br \/>\nAqua (eau): L&rsquo;ingr\u00e9dient principal, purifi\u00e9e pour une douceur optimale.<br \/>\nExtrait de p\u00e9pins de pamplemousse (Citrus Grandis Seed Extract): Poss\u00e8de des propri\u00e9t\u00e9s antibact\u00e9riennes naturelles.<br \/>\nTrace de chlorure de benzalkonium: Utilis\u00e9 comme conservateur pour garantir la s\u00e9curit\u00e9 du produit.<\/p>\n","protected":false},"excerpt":{"rendered":"<p>Une Formulation Naturelle et Hypoallerg\u00e9nique Contrairement \u00e0 d&rsquo;autres lingettes qui peuvent contenir des agents irritants, les WaterWipes sont totalement exemptes<\/p>\n","protected":false},"featured_media":44006,"comment_status":"open","ping_status":"closed","template":"","meta":[],"product_brand":[774],"product_cat":[773],"product_tag":[],"class_list":{"0":"post-43966","1":"product","2":"type-product","3":"status-publish","4":"has-post-thumbnail","6":"product_brand-waterwipes","7":"product_cat-changes-bebe","9":"first","10":"instock","11":"sale","12":"shipping-taxable","13":"purchasable","14":"product-type-simple"},"yoast_head":"<!-- This site is optimized with the Yoast SEO plugin v26.6 - https:\/\/yoast.com\/wordpress\/plugins\/seo\/ -->\r\n<title>WATERWIPES 28 LINGETTES BEBE - Paracherkaoui.ma<\/title>\r\n<meta name=\"robots\" content=\"index, follow, max-snippet:-1, max-image-preview:large, max-video-preview:-1\" \/>\r\n<link rel=\"canonical\" href=\"https:\/\/paracherkaoui.ma\/index.php\/produit\/waterwipes-28-lingettes-bebe\/\" \/>\r\n<meta property=\"og:locale\" content=\"fr_FR\" \/>\r\n<meta property=\"og:type\" content=\"article\" \/>\r\n<meta property=\"og:title\" content=\"WATERWIPES 28 LINGETTES BEBE - Paracherkaoui.ma\" \/>\r\n<meta property=\"og:description\" content=\"Une Formulation Naturelle et Hypoallerg\u00e9nique Contrairement \u00e0 d&rsquo;autres lingettes qui peuvent contenir des agents irritants, les WaterWipes sont totalement exemptes\" \/>\r\n<meta property=\"og:url\" content=\"https:\/\/paracherkaoui.ma\/index.php\/produit\/waterwipes-28-lingettes-bebe\/\" \/>\r\n<meta property=\"og:site_name\" content=\"Paracherkaoui.ma\" \/>\r\n<meta property=\"article:modified_time\" content=\"2025-12-12T18:12:14+00:00\" \/>\r\n<meta property=\"og:image\" content=\"https:\/\/paracherkaoui.ma\/wp-content\/uploads\/2025\/12\/waterwipes-waterwipes-28-lingettes-bebe-changes-bebe.jpg\" \/>\r\n\t<meta property=\"og:image:width\" content=\"700\" \/>\r\n\t<meta property=\"og:image:height\" content=\"700\" \/>\r\n\t<meta property=\"og:image:type\" content=\"image\/jpeg\" \/>\r\n<meta name=\"twitter:card\" content=\"summary_large_image\" \/>\r\n<meta name=\"twitter:label1\" content=\"Dur\u00e9e de lecture estim\u00e9e\" \/>\n\t<meta name=\"twitter:data1\" content=\"1 minute\" \/>\r\n<script type=\"application\/ld+json\" class=\"yoast-schema-graph\">{\"@context\":\"https:\/\/schema.org\",\"@graph\":[{\"@type\":\"WebPage\",\"@id\":\"https:\/\/paracherkaoui.ma\/index.php\/produit\/waterwipes-28-lingettes-bebe\/\",\"url\":\"https:\/\/paracherkaoui.ma\/index.php\/produit\/waterwipes-28-lingettes-bebe\/\",\"name\":\"WATERWIPES 28 LINGETTES BEBE - Paracherkaoui.ma\",\"isPartOf\":{\"@id\":\"https:\/\/paracherkaoui.ma\/#website\"},\"primaryImageOfPage\":{\"@id\":\"https:\/\/paracherkaoui.ma\/index.php\/produit\/waterwipes-28-lingettes-bebe\/#primaryimage\"},\"image\":{\"@id\":\"https:\/\/paracherkaoui.ma\/index.php\/produit\/waterwipes-28-lingettes-bebe\/#primaryimage\"},\"thumbnailUrl\":\"https:\/\/paracherkaoui.ma\/wp-content\/uploads\/2025\/12\/waterwipes-waterwipes-28-lingettes-bebe-changes-bebe.jpg\",\"datePublished\":\"2025-12-12T18:12:10+00:00\",\"dateModified\":\"2025-12-12T18:12:14+00:00\",\"breadcrumb\":{\"@id\":\"https:\/\/paracherkaoui.ma\/index.php\/produit\/waterwipes-28-lingettes-bebe\/#breadcrumb\"},\"inLanguage\":\"fr-FR\",\"potentialAction\":[{\"@type\":\"ReadAction\",\"target\":[\"https:\/\/paracherkaoui.ma\/index.php\/produit\/waterwipes-28-lingettes-bebe\/\"]}]},{\"@type\":\"ImageObject\",\"inLanguage\":\"fr-FR\",\"@id\":\"https:\/\/paracherkaoui.ma\/index.php\/produit\/waterwipes-28-lingettes-bebe\/#primaryimage\",\"url\":\"https:\/\/paracherkaoui.ma\/wp-content\/uploads\/2025\/12\/waterwipes-waterwipes-28-lingettes-bebe-changes-bebe.jpg\",\"contentUrl\":\"https:\/\/paracherkaoui.ma\/wp-content\/uploads\/2025\/12\/waterwipes-waterwipes-28-lingettes-bebe-changes-bebe.jpg\",\"width\":700,\"height\":700},{\"@type\":\"BreadcrumbList\",\"@id\":\"https:\/\/paracherkaoui.ma\/index.php\/produit\/waterwipes-28-lingettes-bebe\/#breadcrumb\",\"itemListElement\":[{\"@type\":\"ListItem\",\"position\":1,\"name\":\"Accueil\",\"item\":\"https:\/\/paracherkaoui.ma\/\"},{\"@type\":\"ListItem\",\"position\":2,\"name\":\"Boutique\",\"item\":\"https:\/\/paracherkaoui.ma\/index.php\/boutique\/\"},{\"@type\":\"ListItem\",\"position\":3,\"name\":\"WATERWIPES 28 LINGETTES BEBE\"}]},{\"@type\":\"WebSite\",\"@id\":\"https:\/\/paracherkaoui.ma\/#website\",\"url\":\"https:\/\/paracherkaoui.ma\/\",\"name\":\"Paracherkaoui.ma\",\"description\":\"Achetez en ligne sur Paracherkaoui.ma\",\"potentialAction\":[{\"@type\":\"SearchAction\",\"target\":{\"@type\":\"EntryPoint\",\"urlTemplate\":\"https:\/\/paracherkaoui.ma\/?s={search_term_string}\"},\"query-input\":{\"@type\":\"PropertyValueSpecification\",\"valueRequired\":true,\"valueName\":\"search_term_string\"}}],\"inLanguage\":\"fr-FR\"}]}<\/script>\r\n<!-- \/ Yoast SEO plugin. -->","yoast_head_json":{"title":"WATERWIPES 28 LINGETTES BEBE - Paracherkaoui.ma","robots":{"index":"index","follow":"follow","max-snippet":"max-snippet:-1","max-image-preview":"max-image-preview:large","max-video-preview":"max-video-preview:-1"},"canonical":"https:\/\/paracherkaoui.ma\/index.php\/produit\/waterwipes-28-lingettes-bebe\/","og_locale":"fr_FR","og_type":"article","og_title":"WATERWIPES 28 LINGETTES BEBE - Paracherkaoui.ma","og_description":"Une Formulation Naturelle et Hypoallerg\u00e9nique Contrairement \u00e0 d&rsquo;autres lingettes qui peuvent contenir des agents irritants, les WaterWipes sont totalement exemptes","og_url":"https:\/\/paracherkaoui.ma\/index.php\/produit\/waterwipes-28-lingettes-bebe\/","og_site_name":"Paracherkaoui.ma","article_modified_time":"2025-12-12T18:12:14+00:00","og_image":[{"width":700,"height":700,"url":"https:\/\/paracherkaoui.ma\/wp-content\/uploads\/2025\/12\/waterwipes-waterwipes-28-lingettes-bebe-changes-bebe.jpg","type":"image\/jpeg"}],"twitter_card":"summary_large_image","twitter_misc":{"Dur\u00e9e de lecture estim\u00e9e":"1 minute"},"schema":{"@context":"https:\/\/schema.org","@graph":[{"@type":"WebPage","@id":"https:\/\/paracherkaoui.ma\/index.php\/produit\/waterwipes-28-lingettes-bebe\/","url":"https:\/\/paracherkaoui.ma\/index.php\/produit\/waterwipes-28-lingettes-bebe\/","name":"WATERWIPES 28 LINGETTES BEBE - Paracherkaoui.ma","isPartOf":{"@id":"https:\/\/paracherkaoui.ma\/#website"},"primaryImageOfPage":{"@id":"https:\/\/paracherkaoui.ma\/index.php\/produit\/waterwipes-28-lingettes-bebe\/#primaryimage"},"image":{"@id":"https:\/\/paracherkaoui.ma\/index.php\/produit\/waterwipes-28-lingettes-bebe\/#primaryimage"},"thumbnailUrl":"https:\/\/paracherkaoui.ma\/wp-content\/uploads\/2025\/12\/waterwipes-waterwipes-28-lingettes-bebe-changes-bebe.jpg","datePublished":"2025-12-12T18:12:10+00:00","dateModified":"2025-12-12T18:12:14+00:00","breadcrumb":{"@id":"https:\/\/paracherkaoui.ma\/index.php\/produit\/waterwipes-28-lingettes-bebe\/#breadcrumb"},"inLanguage":"fr-FR","potentialAction":[{"@type":"ReadAction","target":["https:\/\/paracherkaoui.ma\/index.php\/produit\/waterwipes-28-lingettes-bebe\/"]}]},{"@type":"ImageObject","inLanguage":"fr-FR","@id":"https:\/\/paracherkaoui.ma\/index.php\/produit\/waterwipes-28-lingettes-bebe\/#primaryimage","url":"https:\/\/paracherkaoui.ma\/wp-content\/uploads\/2025\/12\/waterwipes-waterwipes-28-lingettes-bebe-changes-bebe.jpg","contentUrl":"https:\/\/paracherkaoui.ma\/wp-content\/uploads\/2025\/12\/waterwipes-waterwipes-28-lingettes-bebe-changes-bebe.jpg","width":700,"height":700},{"@type":"BreadcrumbList","@id":"https:\/\/paracherkaoui.ma\/index.php\/produit\/waterwipes-28-lingettes-bebe\/#breadcrumb","itemListElement":[{"@type":"ListItem","position":1,"name":"Accueil","item":"https:\/\/paracherkaoui.ma\/"},{"@type":"ListItem","position":2,"name":"Boutique","item":"https:\/\/paracherkaoui.ma\/index.php\/boutique\/"},{"@type":"ListItem","position":3,"name":"WATERWIPES 28 LINGETTES BEBE"}]},{"@type":"WebSite","@id":"https:\/\/paracherkaoui.ma\/#website","url":"https:\/\/paracherkaoui.ma\/","name":"Paracherkaoui.ma","description":"Achetez en ligne sur Paracherkaoui.ma","potentialAction":[{"@type":"SearchAction","target":{"@type":"EntryPoint","urlTemplate":"https:\/\/paracherkaoui.ma\/?s={search_term_string}"},"query-input":{"@type":"PropertyValueSpecification","valueRequired":true,"valueName":"search_term_string"}}],"inLanguage":"fr-FR"}]}},"_links":{"self":[{"href":"https:\/\/paracherkaoui.ma\/index.php\/wp-json\/wp\/v2\/product\/43966","targetHints":{"allow":["GET"]}}],"collection":[{"href":"https:\/\/paracherkaoui.ma\/index.php\/wp-json\/wp\/v2\/product"}],"about":[{"href":"https:\/\/paracherkaoui.ma\/index.php\/wp-json\/wp\/v2\/types\/product"}],"replies":[{"embeddable":true,"href":"https:\/\/paracherkaoui.ma\/index.php\/wp-json\/wp\/v2\/comments?post=43966"}],"version-history":[{"count":1,"href":"https:\/\/paracherkaoui.ma\/index.php\/wp-json\/wp\/v2\/product\/43966\/revisions"}],"predecessor-version":[{"id":44007,"href":"https:\/\/paracherkaoui.ma\/index.php\/wp-json\/wp\/v2\/product\/43966\/revisions\/44007"}],"wp:featuredmedia":[{"embeddable":true,"href":"https:\/\/paracherkaoui.ma\/index.php\/wp-json\/wp\/v2\/media\/44006"}],"wp:attachment":[{"href":"https:\/\/paracherkaoui.ma\/index.php\/wp-json\/wp\/v2\/media?parent=43966"}],"wp:term":[{"taxonomy":"product_brand","embeddable":true,"href":"https:\/\/paracherkaoui.ma\/index.php\/wp-json\/wp\/v2\/product_brand?post=43966"},{"taxonomy":"product_cat","embeddable":true,"href":"https:\/\/paracherkaoui.ma\/index.php\/wp-json\/wp\/v2\/product_cat?post=43966"},{"taxonomy":"product_tag","embeddable":true,"href":"https:\/\/paracherkaoui.ma\/index.php\/wp-json\/wp\/v2\/product_tag?post=43966"}],"curies":[{"name":"wp","href":"https:\/\/api.w.org\/{rel}","templated":true}]}}