{"id":43879,"date":"2025-12-12T19:12:00","date_gmt":"2025-12-12T18:12:00","guid":{"rendered":"https:\/\/test.ecbeaute.com\/?post_type=product&#038;p=43879"},"modified":"2025-12-12T19:12:04","modified_gmt":"2025-12-12T18:12:04","slug":"bebe-confort-tasse-3-en-1-aventurier-en-herbe-9mois-step-3-180ml-2","status":"publish","type":"product","link":"https:\/\/paracherkaoui.ma\/index.php\/produit\/bebe-confort-tasse-3-en-1-aventurier-en-herbe-9mois-step-3-180ml-2\/","title":{"rendered":"BEBE CONFORT TASSE 3 EN 1 AVENTURIER EN HERBE +9MOIS STEP 3 180ML"},"content":{"rendered":"<p>La premi\u00e8re \u00e9tape utilise un bec rigide en silicone, similaire \u00e0 une t\u00e9tine, pour faciliter la transition du biberon. Ce bec doux prot\u00e8ge les gencives d\u00e9licates de votre b\u00e9b\u00e9 tout en l&rsquo;aidant \u00e0 s&rsquo;habituer \u00e0 boire dans une tasse.<br \/>\nLa deuxi\u00e8me \u00e9tape introduit un verre avec un contr\u00f4le de d\u00e9bit pour aider votre enfant \u00e0 apprendre \u00e0 boire sans renverser. Cette \u00e9tape permet \u00e0 votre b\u00e9b\u00e9 de d\u00e9velopper ses comp\u00e9tences de boire de mani\u00e8re ind\u00e9pendante tout en limitant les risques de fuites.<br \/>\nEnfin, la troisi\u00e8me \u00e9tape transforme la tasse en un joli verre \u00e0 bords arrondis, parfait pour les petits aventuriers en herbe. Ce verre est con\u00e7u pour encourager l&rsquo;ind\u00e9pendance de votre enfant et l&rsquo;aider \u00e0 passer au verre classique.<br \/>\nAvec une contenance de 180 ml, cette tasse est parfaite pour les petites mains. Elle est \u00e9galement facile \u00e0 nettoyer et durable, garantissant des ann\u00e9es d&rsquo;utilisation.<br \/>\nCONSEIL D\u2019UTILISATION<br \/>\nPremi\u00e8re \u00e9tape: Utilisez la tasse avec le bec rigide pour introduire votre b\u00e9b\u00e9 \u00e0 la nouvelle sensation de boire dans une tasse. Assurez vous que le bec est bien fix\u00e9 pour \u00e9viter les fuites.<br \/>\nDeuxi\u00e8me \u00e9tape: Une fois que votre enfant est \u00e0 l&rsquo;aise avec le bec rigide, passez au verre avec contr\u00f4le de d\u00e9bit. Encouragez votre enfant \u00e0 boire doucement et assurez vous qu&rsquo;il comprend comment utiliser le contr\u00f4le de d\u00e9bit pour \u00e9viter les renversements.<br \/>\nTroisi\u00e8me \u00e9tape: Lorsque votre enfant est pr\u00eat, retirez le contr\u00f4le de d\u00e9bit pour transformer la tasse en verre \u00e0 bords arrondis. Laissez votre enfant pratiquer boire de mani\u00e8re autonome.<\/p>\n","protected":false},"excerpt":{"rendered":"<p>La premi\u00e8re \u00e9tape utilise un bec rigide en silicone, similaire \u00e0 une t\u00e9tine, pour faciliter la transition du biberon. Ce<\/p>\n","protected":false},"featured_media":42842,"comment_status":"open","ping_status":"closed","template":"","meta":[],"product_brand":[721],"product_cat":[765],"product_tag":[],"class_list":{"0":"post-43879","1":"product","2":"type-product","3":"status-publish","4":"has-post-thumbnail","6":"product_brand-bebe-confort","7":"product_cat-tasses-dapprentissage","9":"first","10":"instock","11":"sale","12":"shipping-taxable","13":"purchasable","14":"product-type-simple"},"yoast_head":"<!-- This site is optimized with the Yoast SEO plugin v26.6 - https:\/\/yoast.com\/wordpress\/plugins\/seo\/ -->\r\n<title>BEBE CONFORT TASSE 3 EN 1 AVENTURIER EN HERBE +9MOIS STEP 3 180ML - Paracherkaoui.ma<\/title>\r\n<meta name=\"robots\" content=\"index, follow, max-snippet:-1, max-image-preview:large, max-video-preview:-1\" \/>\r\n<link rel=\"canonical\" href=\"https:\/\/paracherkaoui.ma\/index.php\/produit\/bebe-confort-tasse-3-en-1-aventurier-en-herbe-9mois-step-3-180ml-2\/\" \/>\r\n<meta property=\"og:locale\" content=\"fr_FR\" \/>\r\n<meta property=\"og:type\" content=\"article\" \/>\r\n<meta property=\"og:title\" content=\"BEBE CONFORT TASSE 3 EN 1 AVENTURIER EN HERBE +9MOIS STEP 3 180ML - Paracherkaoui.ma\" \/>\r\n<meta property=\"og:description\" content=\"La premi\u00e8re \u00e9tape utilise un bec rigide en silicone, similaire \u00e0 une t\u00e9tine, pour faciliter la transition du biberon. Ce\" \/>\r\n<meta property=\"og:url\" content=\"https:\/\/paracherkaoui.ma\/index.php\/produit\/bebe-confort-tasse-3-en-1-aventurier-en-herbe-9mois-step-3-180ml-2\/\" \/>\r\n<meta property=\"og:site_name\" content=\"Paracherkaoui.ma\" \/>\r\n<meta property=\"article:modified_time\" content=\"2025-12-12T18:12:04+00:00\" \/>\r\n<meta property=\"og:image\" content=\"https:\/\/paracherkaoui.ma\/wp-content\/uploads\/2025\/12\/bebe-confort-bebe-confort-tasse-3-en-1-aventurier-en-herbe-9mois-step-3-180ml-biberons-et-goupillons.jpg\" \/>\r\n\t<meta property=\"og:image:width\" content=\"700\" \/>\r\n\t<meta property=\"og:image:height\" content=\"700\" \/>\r\n\t<meta property=\"og:image:type\" content=\"image\/jpeg\" \/>\r\n<meta name=\"twitter:card\" content=\"summary_large_image\" \/>\r\n<meta name=\"twitter:label1\" content=\"Dur\u00e9e de lecture estim\u00e9e\" \/>\n\t<meta name=\"twitter:data1\" content=\"1 minute\" \/>\r\n<script type=\"application\/ld+json\" class=\"yoast-schema-graph\">{\"@context\":\"https:\/\/schema.org\",\"@graph\":[{\"@type\":\"WebPage\",\"@id\":\"https:\/\/paracherkaoui.ma\/index.php\/produit\/bebe-confort-tasse-3-en-1-aventurier-en-herbe-9mois-step-3-180ml-2\/\",\"url\":\"https:\/\/paracherkaoui.ma\/index.php\/produit\/bebe-confort-tasse-3-en-1-aventurier-en-herbe-9mois-step-3-180ml-2\/\",\"name\":\"BEBE CONFORT TASSE 3 EN 1 AVENTURIER EN HERBE +9MOIS STEP 3 180ML - Paracherkaoui.ma\",\"isPartOf\":{\"@id\":\"https:\/\/paracherkaoui.ma\/#website\"},\"primaryImageOfPage\":{\"@id\":\"https:\/\/paracherkaoui.ma\/index.php\/produit\/bebe-confort-tasse-3-en-1-aventurier-en-herbe-9mois-step-3-180ml-2\/#primaryimage\"},\"image\":{\"@id\":\"https:\/\/paracherkaoui.ma\/index.php\/produit\/bebe-confort-tasse-3-en-1-aventurier-en-herbe-9mois-step-3-180ml-2\/#primaryimage\"},\"thumbnailUrl\":\"https:\/\/paracherkaoui.ma\/wp-content\/uploads\/2025\/12\/bebe-confort-bebe-confort-tasse-3-en-1-aventurier-en-herbe-9mois-step-3-180ml-biberons-et-goupillons.jpg\",\"datePublished\":\"2025-12-12T18:12:00+00:00\",\"dateModified\":\"2025-12-12T18:12:04+00:00\",\"breadcrumb\":{\"@id\":\"https:\/\/paracherkaoui.ma\/index.php\/produit\/bebe-confort-tasse-3-en-1-aventurier-en-herbe-9mois-step-3-180ml-2\/#breadcrumb\"},\"inLanguage\":\"fr-FR\",\"potentialAction\":[{\"@type\":\"ReadAction\",\"target\":[\"https:\/\/paracherkaoui.ma\/index.php\/produit\/bebe-confort-tasse-3-en-1-aventurier-en-herbe-9mois-step-3-180ml-2\/\"]}]},{\"@type\":\"ImageObject\",\"inLanguage\":\"fr-FR\",\"@id\":\"https:\/\/paracherkaoui.ma\/index.php\/produit\/bebe-confort-tasse-3-en-1-aventurier-en-herbe-9mois-step-3-180ml-2\/#primaryimage\",\"url\":\"https:\/\/paracherkaoui.ma\/wp-content\/uploads\/2025\/12\/bebe-confort-bebe-confort-tasse-3-en-1-aventurier-en-herbe-9mois-step-3-180ml-biberons-et-goupillons.jpg\",\"contentUrl\":\"https:\/\/paracherkaoui.ma\/wp-content\/uploads\/2025\/12\/bebe-confort-bebe-confort-tasse-3-en-1-aventurier-en-herbe-9mois-step-3-180ml-biberons-et-goupillons.jpg\",\"width\":700,\"height\":700},{\"@type\":\"BreadcrumbList\",\"@id\":\"https:\/\/paracherkaoui.ma\/index.php\/produit\/bebe-confort-tasse-3-en-1-aventurier-en-herbe-9mois-step-3-180ml-2\/#breadcrumb\",\"itemListElement\":[{\"@type\":\"ListItem\",\"position\":1,\"name\":\"Accueil\",\"item\":\"https:\/\/paracherkaoui.ma\/\"},{\"@type\":\"ListItem\",\"position\":2,\"name\":\"Boutique\",\"item\":\"https:\/\/paracherkaoui.ma\/index.php\/boutique\/\"},{\"@type\":\"ListItem\",\"position\":3,\"name\":\"BEBE CONFORT TASSE 3 EN 1 AVENTURIER EN HERBE +9MOIS STEP 3 180ML\"}]},{\"@type\":\"WebSite\",\"@id\":\"https:\/\/paracherkaoui.ma\/#website\",\"url\":\"https:\/\/paracherkaoui.ma\/\",\"name\":\"Paracherkaoui.ma\",\"description\":\"Achetez en ligne sur Paracherkaoui.ma\",\"potentialAction\":[{\"@type\":\"SearchAction\",\"target\":{\"@type\":\"EntryPoint\",\"urlTemplate\":\"https:\/\/paracherkaoui.ma\/?s={search_term_string}\"},\"query-input\":{\"@type\":\"PropertyValueSpecification\",\"valueRequired\":true,\"valueName\":\"search_term_string\"}}],\"inLanguage\":\"fr-FR\"}]}<\/script>\r\n<!-- \/ Yoast SEO plugin. -->","yoast_head_json":{"title":"BEBE CONFORT TASSE 3 EN 1 AVENTURIER EN HERBE +9MOIS STEP 3 180ML - Paracherkaoui.ma","robots":{"index":"index","follow":"follow","max-snippet":"max-snippet:-1","max-image-preview":"max-image-preview:large","max-video-preview":"max-video-preview:-1"},"canonical":"https:\/\/paracherkaoui.ma\/index.php\/produit\/bebe-confort-tasse-3-en-1-aventurier-en-herbe-9mois-step-3-180ml-2\/","og_locale":"fr_FR","og_type":"article","og_title":"BEBE CONFORT TASSE 3 EN 1 AVENTURIER EN HERBE +9MOIS STEP 3 180ML - Paracherkaoui.ma","og_description":"La premi\u00e8re \u00e9tape utilise un bec rigide en silicone, similaire \u00e0 une t\u00e9tine, pour faciliter la transition du biberon. Ce","og_url":"https:\/\/paracherkaoui.ma\/index.php\/produit\/bebe-confort-tasse-3-en-1-aventurier-en-herbe-9mois-step-3-180ml-2\/","og_site_name":"Paracherkaoui.ma","article_modified_time":"2025-12-12T18:12:04+00:00","og_image":[{"width":700,"height":700,"url":"https:\/\/paracherkaoui.ma\/wp-content\/uploads\/2025\/12\/bebe-confort-bebe-confort-tasse-3-en-1-aventurier-en-herbe-9mois-step-3-180ml-biberons-et-goupillons.jpg","type":"image\/jpeg"}],"twitter_card":"summary_large_image","twitter_misc":{"Dur\u00e9e de lecture estim\u00e9e":"1 minute"},"schema":{"@context":"https:\/\/schema.org","@graph":[{"@type":"WebPage","@id":"https:\/\/paracherkaoui.ma\/index.php\/produit\/bebe-confort-tasse-3-en-1-aventurier-en-herbe-9mois-step-3-180ml-2\/","url":"https:\/\/paracherkaoui.ma\/index.php\/produit\/bebe-confort-tasse-3-en-1-aventurier-en-herbe-9mois-step-3-180ml-2\/","name":"BEBE CONFORT TASSE 3 EN 1 AVENTURIER EN HERBE +9MOIS STEP 3 180ML - Paracherkaoui.ma","isPartOf":{"@id":"https:\/\/paracherkaoui.ma\/#website"},"primaryImageOfPage":{"@id":"https:\/\/paracherkaoui.ma\/index.php\/produit\/bebe-confort-tasse-3-en-1-aventurier-en-herbe-9mois-step-3-180ml-2\/#primaryimage"},"image":{"@id":"https:\/\/paracherkaoui.ma\/index.php\/produit\/bebe-confort-tasse-3-en-1-aventurier-en-herbe-9mois-step-3-180ml-2\/#primaryimage"},"thumbnailUrl":"https:\/\/paracherkaoui.ma\/wp-content\/uploads\/2025\/12\/bebe-confort-bebe-confort-tasse-3-en-1-aventurier-en-herbe-9mois-step-3-180ml-biberons-et-goupillons.jpg","datePublished":"2025-12-12T18:12:00+00:00","dateModified":"2025-12-12T18:12:04+00:00","breadcrumb":{"@id":"https:\/\/paracherkaoui.ma\/index.php\/produit\/bebe-confort-tasse-3-en-1-aventurier-en-herbe-9mois-step-3-180ml-2\/#breadcrumb"},"inLanguage":"fr-FR","potentialAction":[{"@type":"ReadAction","target":["https:\/\/paracherkaoui.ma\/index.php\/produit\/bebe-confort-tasse-3-en-1-aventurier-en-herbe-9mois-step-3-180ml-2\/"]}]},{"@type":"ImageObject","inLanguage":"fr-FR","@id":"https:\/\/paracherkaoui.ma\/index.php\/produit\/bebe-confort-tasse-3-en-1-aventurier-en-herbe-9mois-step-3-180ml-2\/#primaryimage","url":"https:\/\/paracherkaoui.ma\/wp-content\/uploads\/2025\/12\/bebe-confort-bebe-confort-tasse-3-en-1-aventurier-en-herbe-9mois-step-3-180ml-biberons-et-goupillons.jpg","contentUrl":"https:\/\/paracherkaoui.ma\/wp-content\/uploads\/2025\/12\/bebe-confort-bebe-confort-tasse-3-en-1-aventurier-en-herbe-9mois-step-3-180ml-biberons-et-goupillons.jpg","width":700,"height":700},{"@type":"BreadcrumbList","@id":"https:\/\/paracherkaoui.ma\/index.php\/produit\/bebe-confort-tasse-3-en-1-aventurier-en-herbe-9mois-step-3-180ml-2\/#breadcrumb","itemListElement":[{"@type":"ListItem","position":1,"name":"Accueil","item":"https:\/\/paracherkaoui.ma\/"},{"@type":"ListItem","position":2,"name":"Boutique","item":"https:\/\/paracherkaoui.ma\/index.php\/boutique\/"},{"@type":"ListItem","position":3,"name":"BEBE CONFORT TASSE 3 EN 1 AVENTURIER EN HERBE +9MOIS STEP 3 180ML"}]},{"@type":"WebSite","@id":"https:\/\/paracherkaoui.ma\/#website","url":"https:\/\/paracherkaoui.ma\/","name":"Paracherkaoui.ma","description":"Achetez en ligne sur Paracherkaoui.ma","potentialAction":[{"@type":"SearchAction","target":{"@type":"EntryPoint","urlTemplate":"https:\/\/paracherkaoui.ma\/?s={search_term_string}"},"query-input":{"@type":"PropertyValueSpecification","valueRequired":true,"valueName":"search_term_string"}}],"inLanguage":"fr-FR"}]}},"_links":{"self":[{"href":"https:\/\/paracherkaoui.ma\/index.php\/wp-json\/wp\/v2\/product\/43879","targetHints":{"allow":["GET"]}}],"collection":[{"href":"https:\/\/paracherkaoui.ma\/index.php\/wp-json\/wp\/v2\/product"}],"about":[{"href":"https:\/\/paracherkaoui.ma\/index.php\/wp-json\/wp\/v2\/types\/product"}],"replies":[{"embeddable":true,"href":"https:\/\/paracherkaoui.ma\/index.php\/wp-json\/wp\/v2\/comments?post=43879"}],"version-history":[{"count":1,"href":"https:\/\/paracherkaoui.ma\/index.php\/wp-json\/wp\/v2\/product\/43879\/revisions"}],"predecessor-version":[{"id":43921,"href":"https:\/\/paracherkaoui.ma\/index.php\/wp-json\/wp\/v2\/product\/43879\/revisions\/43921"}],"wp:featuredmedia":[{"embeddable":true,"href":"https:\/\/paracherkaoui.ma\/index.php\/wp-json\/wp\/v2\/media\/42842"}],"wp:attachment":[{"href":"https:\/\/paracherkaoui.ma\/index.php\/wp-json\/wp\/v2\/media?parent=43879"}],"wp:term":[{"taxonomy":"product_brand","embeddable":true,"href":"https:\/\/paracherkaoui.ma\/index.php\/wp-json\/wp\/v2\/product_brand?post=43879"},{"taxonomy":"product_cat","embeddable":true,"href":"https:\/\/paracherkaoui.ma\/index.php\/wp-json\/wp\/v2\/product_cat?post=43879"},{"taxonomy":"product_tag","embeddable":true,"href":"https:\/\/paracherkaoui.ma\/index.php\/wp-json\/wp\/v2\/product_tag?post=43879"}],"curies":[{"name":"wp","href":"https:\/\/api.w.org\/{rel}","templated":true}]}}