{"id":43705,"date":"2025-12-12T19:11:41","date_gmt":"2025-12-12T18:11:41","guid":{"rendered":"https:\/\/test.ecbeaute.com\/?post_type=product&#038;p=43705"},"modified":"2025-12-12T19:11:46","modified_gmt":"2025-12-12T18:11:46","slug":"vitabio-cool-fruits-pomme-poire-acerola-boite-de-4","status":"publish","type":"product","link":"https:\/\/paracherkaoui.ma\/index.php\/produit\/vitabio-cool-fruits-pomme-poire-acerola-boite-de-4\/","title":{"rendered":"VITABIO COOL FRUITS POMME POIRE ACEROLA Boite de 4"},"content":{"rendered":"<p>Quoi de mieux que la douceur de la pur\u00e9e de poire de Provence pour s&rsquo;allier \u00e0 la gourmandise de la pur\u00e9e de pomme de Provence dans une gourde de fruits pratique \u00e0 emporter et \u00e0 d\u00e9guster \u00e0 tout moment de la journ\u00e9e ! Avec une touche d&rsquo;ac\u00e9rola pour le pep&rsquo;s, les enfants vont adorer ! Et vous aussi : pas d&rsquo;ingr\u00e9dient cach\u00e9, cette gourde est 100% fruits et sans sucres ajout\u00e9s*, tout simplement. Ac\u00e9rola qu\u00e9zako ? C&rsquo;est une petite cerise originaire des Antilles, acidul\u00e9e et pleine de pep&rsquo;s !Et parce qu&rsquo;il est fondamental pour nous de s&rsquo;approvisionner au plus local et l\u00e0 o\u00f9 les fruits sont les meilleurs, cette recette est compos\u00e9e \u00e0 97% d&rsquo;ingr\u00e9dients fran\u00e7ais.<br \/>\nConseils d&rsquo;utilisation:<br \/>\nSe conserve \u00e0 temp\u00e9rature ambiante avant ouverture<br \/>\nBien referm\u00e9, peut se conserver 24h au r\u00e9frig\u00e9rateur<br \/>\nConditionn\u00e9 sous atmosph\u00e8re protectrice<br \/>\nNe pas laisser les enfants de moins de 3 ans jouer avec le bouchon<\/p>\n","protected":false},"excerpt":{"rendered":"<p>Quoi de mieux que la douceur de la pur\u00e9e de poire de Provence pour s&rsquo;allier \u00e0 la gourmandise de la<\/p>\n","protected":false},"featured_media":43750,"comment_status":"open","ping_status":"closed","template":"","meta":[],"product_brand":[764],"product_cat":[762],"product_tag":[],"class_list":{"0":"post-43705","1":"product","2":"type-product","3":"status-publish","4":"has-post-thumbnail","6":"product_brand-vitabio","7":"product_cat-repas-bebe","9":"first","10":"instock","11":"shipping-taxable","12":"purchasable","13":"product-type-simple"},"yoast_head":"<!-- This site is optimized with the Yoast SEO plugin v26.6 - https:\/\/yoast.com\/wordpress\/plugins\/seo\/ -->\r\n<title>VITABIO COOL FRUITS POMME POIRE ACEROLA Boite de 4 - Paracherkaoui.ma<\/title>\r\n<meta name=\"robots\" content=\"index, follow, max-snippet:-1, max-image-preview:large, max-video-preview:-1\" \/>\r\n<link rel=\"canonical\" href=\"https:\/\/paracherkaoui.ma\/index.php\/produit\/vitabio-cool-fruits-pomme-poire-acerola-boite-de-4\/\" \/>\r\n<meta property=\"og:locale\" content=\"fr_FR\" \/>\r\n<meta property=\"og:type\" content=\"article\" \/>\r\n<meta property=\"og:title\" content=\"VITABIO COOL FRUITS POMME POIRE ACEROLA Boite de 4 - Paracherkaoui.ma\" \/>\r\n<meta property=\"og:description\" content=\"Quoi de mieux que la douceur de la pur\u00e9e de poire de Provence pour s&rsquo;allier \u00e0 la gourmandise de la\" \/>\r\n<meta property=\"og:url\" content=\"https:\/\/paracherkaoui.ma\/index.php\/produit\/vitabio-cool-fruits-pomme-poire-acerola-boite-de-4\/\" \/>\r\n<meta property=\"og:site_name\" content=\"Paracherkaoui.ma\" \/>\r\n<meta property=\"article:modified_time\" content=\"2025-12-12T18:11:46+00:00\" \/>\r\n<meta property=\"og:image\" content=\"https:\/\/paracherkaoui.ma\/wp-content\/uploads\/2025\/12\/vitabio-vitabio-cool-fruits-pomme-poire-acerola-boite-de-4-repas.jpg\" \/>\r\n\t<meta property=\"og:image:width\" content=\"700\" \/>\r\n\t<meta property=\"og:image:height\" content=\"700\" \/>\r\n\t<meta property=\"og:image:type\" content=\"image\/jpeg\" \/>\r\n<meta name=\"twitter:card\" content=\"summary_large_image\" \/>\r\n<meta name=\"twitter:label1\" content=\"Dur\u00e9e de lecture estim\u00e9e\" \/>\n\t<meta name=\"twitter:data1\" content=\"1 minute\" \/>\r\n<script type=\"application\/ld+json\" class=\"yoast-schema-graph\">{\"@context\":\"https:\/\/schema.org\",\"@graph\":[{\"@type\":\"WebPage\",\"@id\":\"https:\/\/paracherkaoui.ma\/index.php\/produit\/vitabio-cool-fruits-pomme-poire-acerola-boite-de-4\/\",\"url\":\"https:\/\/paracherkaoui.ma\/index.php\/produit\/vitabio-cool-fruits-pomme-poire-acerola-boite-de-4\/\",\"name\":\"VITABIO COOL FRUITS POMME POIRE ACEROLA Boite de 4 - Paracherkaoui.ma\",\"isPartOf\":{\"@id\":\"https:\/\/paracherkaoui.ma\/#website\"},\"primaryImageOfPage\":{\"@id\":\"https:\/\/paracherkaoui.ma\/index.php\/produit\/vitabio-cool-fruits-pomme-poire-acerola-boite-de-4\/#primaryimage\"},\"image\":{\"@id\":\"https:\/\/paracherkaoui.ma\/index.php\/produit\/vitabio-cool-fruits-pomme-poire-acerola-boite-de-4\/#primaryimage\"},\"thumbnailUrl\":\"https:\/\/paracherkaoui.ma\/wp-content\/uploads\/2025\/12\/vitabio-vitabio-cool-fruits-pomme-poire-acerola-boite-de-4-repas.jpg\",\"datePublished\":\"2025-12-12T18:11:41+00:00\",\"dateModified\":\"2025-12-12T18:11:46+00:00\",\"breadcrumb\":{\"@id\":\"https:\/\/paracherkaoui.ma\/index.php\/produit\/vitabio-cool-fruits-pomme-poire-acerola-boite-de-4\/#breadcrumb\"},\"inLanguage\":\"fr-FR\",\"potentialAction\":[{\"@type\":\"ReadAction\",\"target\":[\"https:\/\/paracherkaoui.ma\/index.php\/produit\/vitabio-cool-fruits-pomme-poire-acerola-boite-de-4\/\"]}]},{\"@type\":\"ImageObject\",\"inLanguage\":\"fr-FR\",\"@id\":\"https:\/\/paracherkaoui.ma\/index.php\/produit\/vitabio-cool-fruits-pomme-poire-acerola-boite-de-4\/#primaryimage\",\"url\":\"https:\/\/paracherkaoui.ma\/wp-content\/uploads\/2025\/12\/vitabio-vitabio-cool-fruits-pomme-poire-acerola-boite-de-4-repas.jpg\",\"contentUrl\":\"https:\/\/paracherkaoui.ma\/wp-content\/uploads\/2025\/12\/vitabio-vitabio-cool-fruits-pomme-poire-acerola-boite-de-4-repas.jpg\",\"width\":700,\"height\":700},{\"@type\":\"BreadcrumbList\",\"@id\":\"https:\/\/paracherkaoui.ma\/index.php\/produit\/vitabio-cool-fruits-pomme-poire-acerola-boite-de-4\/#breadcrumb\",\"itemListElement\":[{\"@type\":\"ListItem\",\"position\":1,\"name\":\"Accueil\",\"item\":\"https:\/\/paracherkaoui.ma\/\"},{\"@type\":\"ListItem\",\"position\":2,\"name\":\"Boutique\",\"item\":\"https:\/\/paracherkaoui.ma\/index.php\/boutique\/\"},{\"@type\":\"ListItem\",\"position\":3,\"name\":\"VITABIO COOL FRUITS POMME POIRE ACEROLA Boite de 4\"}]},{\"@type\":\"WebSite\",\"@id\":\"https:\/\/paracherkaoui.ma\/#website\",\"url\":\"https:\/\/paracherkaoui.ma\/\",\"name\":\"Paracherkaoui.ma\",\"description\":\"Achetez en ligne sur Paracherkaoui.ma\",\"potentialAction\":[{\"@type\":\"SearchAction\",\"target\":{\"@type\":\"EntryPoint\",\"urlTemplate\":\"https:\/\/paracherkaoui.ma\/?s={search_term_string}\"},\"query-input\":{\"@type\":\"PropertyValueSpecification\",\"valueRequired\":true,\"valueName\":\"search_term_string\"}}],\"inLanguage\":\"fr-FR\"}]}<\/script>\r\n<!-- \/ Yoast SEO plugin. -->","yoast_head_json":{"title":"VITABIO COOL FRUITS POMME POIRE ACEROLA Boite de 4 - Paracherkaoui.ma","robots":{"index":"index","follow":"follow","max-snippet":"max-snippet:-1","max-image-preview":"max-image-preview:large","max-video-preview":"max-video-preview:-1"},"canonical":"https:\/\/paracherkaoui.ma\/index.php\/produit\/vitabio-cool-fruits-pomme-poire-acerola-boite-de-4\/","og_locale":"fr_FR","og_type":"article","og_title":"VITABIO COOL FRUITS POMME POIRE ACEROLA Boite de 4 - Paracherkaoui.ma","og_description":"Quoi de mieux que la douceur de la pur\u00e9e de poire de Provence pour s&rsquo;allier \u00e0 la gourmandise de la","og_url":"https:\/\/paracherkaoui.ma\/index.php\/produit\/vitabio-cool-fruits-pomme-poire-acerola-boite-de-4\/","og_site_name":"Paracherkaoui.ma","article_modified_time":"2025-12-12T18:11:46+00:00","og_image":[{"width":700,"height":700,"url":"https:\/\/paracherkaoui.ma\/wp-content\/uploads\/2025\/12\/vitabio-vitabio-cool-fruits-pomme-poire-acerola-boite-de-4-repas.jpg","type":"image\/jpeg"}],"twitter_card":"summary_large_image","twitter_misc":{"Dur\u00e9e de lecture estim\u00e9e":"1 minute"},"schema":{"@context":"https:\/\/schema.org","@graph":[{"@type":"WebPage","@id":"https:\/\/paracherkaoui.ma\/index.php\/produit\/vitabio-cool-fruits-pomme-poire-acerola-boite-de-4\/","url":"https:\/\/paracherkaoui.ma\/index.php\/produit\/vitabio-cool-fruits-pomme-poire-acerola-boite-de-4\/","name":"VITABIO COOL FRUITS POMME POIRE ACEROLA Boite de 4 - Paracherkaoui.ma","isPartOf":{"@id":"https:\/\/paracherkaoui.ma\/#website"},"primaryImageOfPage":{"@id":"https:\/\/paracherkaoui.ma\/index.php\/produit\/vitabio-cool-fruits-pomme-poire-acerola-boite-de-4\/#primaryimage"},"image":{"@id":"https:\/\/paracherkaoui.ma\/index.php\/produit\/vitabio-cool-fruits-pomme-poire-acerola-boite-de-4\/#primaryimage"},"thumbnailUrl":"https:\/\/paracherkaoui.ma\/wp-content\/uploads\/2025\/12\/vitabio-vitabio-cool-fruits-pomme-poire-acerola-boite-de-4-repas.jpg","datePublished":"2025-12-12T18:11:41+00:00","dateModified":"2025-12-12T18:11:46+00:00","breadcrumb":{"@id":"https:\/\/paracherkaoui.ma\/index.php\/produit\/vitabio-cool-fruits-pomme-poire-acerola-boite-de-4\/#breadcrumb"},"inLanguage":"fr-FR","potentialAction":[{"@type":"ReadAction","target":["https:\/\/paracherkaoui.ma\/index.php\/produit\/vitabio-cool-fruits-pomme-poire-acerola-boite-de-4\/"]}]},{"@type":"ImageObject","inLanguage":"fr-FR","@id":"https:\/\/paracherkaoui.ma\/index.php\/produit\/vitabio-cool-fruits-pomme-poire-acerola-boite-de-4\/#primaryimage","url":"https:\/\/paracherkaoui.ma\/wp-content\/uploads\/2025\/12\/vitabio-vitabio-cool-fruits-pomme-poire-acerola-boite-de-4-repas.jpg","contentUrl":"https:\/\/paracherkaoui.ma\/wp-content\/uploads\/2025\/12\/vitabio-vitabio-cool-fruits-pomme-poire-acerola-boite-de-4-repas.jpg","width":700,"height":700},{"@type":"BreadcrumbList","@id":"https:\/\/paracherkaoui.ma\/index.php\/produit\/vitabio-cool-fruits-pomme-poire-acerola-boite-de-4\/#breadcrumb","itemListElement":[{"@type":"ListItem","position":1,"name":"Accueil","item":"https:\/\/paracherkaoui.ma\/"},{"@type":"ListItem","position":2,"name":"Boutique","item":"https:\/\/paracherkaoui.ma\/index.php\/boutique\/"},{"@type":"ListItem","position":3,"name":"VITABIO COOL FRUITS POMME POIRE ACEROLA Boite de 4"}]},{"@type":"WebSite","@id":"https:\/\/paracherkaoui.ma\/#website","url":"https:\/\/paracherkaoui.ma\/","name":"Paracherkaoui.ma","description":"Achetez en ligne sur Paracherkaoui.ma","potentialAction":[{"@type":"SearchAction","target":{"@type":"EntryPoint","urlTemplate":"https:\/\/paracherkaoui.ma\/?s={search_term_string}"},"query-input":{"@type":"PropertyValueSpecification","valueRequired":true,"valueName":"search_term_string"}}],"inLanguage":"fr-FR"}]}},"_links":{"self":[{"href":"https:\/\/paracherkaoui.ma\/index.php\/wp-json\/wp\/v2\/product\/43705","targetHints":{"allow":["GET"]}}],"collection":[{"href":"https:\/\/paracherkaoui.ma\/index.php\/wp-json\/wp\/v2\/product"}],"about":[{"href":"https:\/\/paracherkaoui.ma\/index.php\/wp-json\/wp\/v2\/types\/product"}],"replies":[{"embeddable":true,"href":"https:\/\/paracherkaoui.ma\/index.php\/wp-json\/wp\/v2\/comments?post=43705"}],"version-history":[{"count":1,"href":"https:\/\/paracherkaoui.ma\/index.php\/wp-json\/wp\/v2\/product\/43705\/revisions"}],"predecessor-version":[{"id":43751,"href":"https:\/\/paracherkaoui.ma\/index.php\/wp-json\/wp\/v2\/product\/43705\/revisions\/43751"}],"wp:featuredmedia":[{"embeddable":true,"href":"https:\/\/paracherkaoui.ma\/index.php\/wp-json\/wp\/v2\/media\/43750"}],"wp:attachment":[{"href":"https:\/\/paracherkaoui.ma\/index.php\/wp-json\/wp\/v2\/media?parent=43705"}],"wp:term":[{"taxonomy":"product_brand","embeddable":true,"href":"https:\/\/paracherkaoui.ma\/index.php\/wp-json\/wp\/v2\/product_brand?post=43705"},{"taxonomy":"product_cat","embeddable":true,"href":"https:\/\/paracherkaoui.ma\/index.php\/wp-json\/wp\/v2\/product_cat?post=43705"},{"taxonomy":"product_tag","embeddable":true,"href":"https:\/\/paracherkaoui.ma\/index.php\/wp-json\/wp\/v2\/product_tag?post=43705"}],"curies":[{"name":"wp","href":"https:\/\/api.w.org\/{rel}","templated":true}]}}