{"id":43607,"date":"2025-12-12T19:11:32","date_gmt":"2025-12-12T18:11:32","guid":{"rendered":"https:\/\/test.ecbeaute.com\/?post_type=product&#038;p=43607"},"modified":"2025-12-12T19:11:36","modified_gmt":"2025-12-12T18:11:36","slug":"bebe-confort-assiette-dapprentissage-avec-compartiments-domino","status":"publish","type":"product","link":"https:\/\/paracherkaoui.ma\/index.php\/produit\/bebe-confort-assiette-dapprentissage-avec-compartiments-domino\/","title":{"rendered":"BEBE CONFORT ASSIETTE D&rsquo;APPRENTISSAGE AVEC COMPARTIMENTS DOMINO"},"content":{"rendered":"<p>Description:<br \/>\nFa\u00eetes de votre mieux pour rendre\u00a0l&rsquo;auto-alimentation de votre b\u00e9b\u00e9, un moment d&rsquo;apprentissage agr\u00e9able et amusant. En achetant cette\u00a0assiette d&rsquo;apprentissage avec compartiments Domino 18 mois +\u00a0de b\u00e9b\u00e9 confort, vous \u00eates s\u00fbr\u00a0d&rsquo;acqu\u00e9rir un produit de qualit\u00e9\u00a0qui vous permettra de\u00a0diversifier le repas de votre b\u00e9b\u00e9.Ses\u00a03 compartiments\u00a0vous faciliteront la\u00a0diversification alimentaire\u00a0en cr\u00e9ant des\u00a0repas gourmands pour votre b\u00e9b\u00e9. Cette assiette domino est dot\u00e9e des bases anti-d\u00e9rapantes pour\u00a0\u00e9viter les \u00e9claboussures et les petits-d\u00e9g\u00e2ts. De plus, elle est d&rsquo;une forme tr\u00e8fle facilitant la prise des aliments sur tous les c\u00f4t\u00e9s.<\/p>\n","protected":false},"excerpt":{"rendered":"<p>Description: Fa\u00eetes de votre mieux pour rendre\u00a0l&rsquo;auto-alimentation de votre b\u00e9b\u00e9, un moment d&rsquo;apprentissage agr\u00e9able et amusant. En achetant cette\u00a0assiette d&rsquo;apprentissage<\/p>\n","protected":false},"featured_media":43645,"comment_status":"open","ping_status":"closed","template":"","meta":[],"product_brand":[721],"product_cat":[758],"product_tag":[],"class_list":{"0":"post-43607","1":"product","2":"type-product","3":"status-publish","4":"has-post-thumbnail","6":"product_brand-bebe-confort","7":"product_cat-couverts-bebe","9":"first","10":"instock","11":"sale","12":"shipping-taxable","13":"purchasable","14":"product-type-simple"},"yoast_head":"<!-- This site is optimized with the Yoast SEO plugin v26.6 - https:\/\/yoast.com\/wordpress\/plugins\/seo\/ -->\r\n<title>BEBE CONFORT ASSIETTE D&#039;APPRENTISSAGE AVEC COMPARTIMENTS DOMINO - Paracherkaoui.ma<\/title>\r\n<meta name=\"robots\" content=\"index, follow, max-snippet:-1, max-image-preview:large, max-video-preview:-1\" \/>\r\n<link rel=\"canonical\" href=\"https:\/\/paracherkaoui.ma\/index.php\/produit\/bebe-confort-assiette-dapprentissage-avec-compartiments-domino\/\" \/>\r\n<meta property=\"og:locale\" content=\"fr_FR\" \/>\r\n<meta property=\"og:type\" content=\"article\" \/>\r\n<meta property=\"og:title\" content=\"BEBE CONFORT ASSIETTE D&#039;APPRENTISSAGE AVEC COMPARTIMENTS DOMINO - Paracherkaoui.ma\" \/>\r\n<meta property=\"og:description\" content=\"Description: Fa\u00eetes de votre mieux pour rendre\u00a0l&rsquo;auto-alimentation de votre b\u00e9b\u00e9, un moment d&rsquo;apprentissage agr\u00e9able et amusant. En achetant cette\u00a0assiette d&rsquo;apprentissage\" \/>\r\n<meta property=\"og:url\" content=\"https:\/\/paracherkaoui.ma\/index.php\/produit\/bebe-confort-assiette-dapprentissage-avec-compartiments-domino\/\" \/>\r\n<meta property=\"og:site_name\" content=\"Paracherkaoui.ma\" \/>\r\n<meta property=\"article:modified_time\" content=\"2025-12-12T18:11:36+00:00\" \/>\r\n<meta property=\"og:image\" content=\"https:\/\/paracherkaoui.ma\/wp-content\/uploads\/2025\/12\/bebe-confort-bebe-confort-assiette-dapprentissage-avec-compartiments-domino-apprentissage-repas.jpg\" \/>\r\n\t<meta property=\"og:image:width\" content=\"700\" \/>\r\n\t<meta property=\"og:image:height\" content=\"700\" \/>\r\n\t<meta property=\"og:image:type\" content=\"image\/jpeg\" \/>\r\n<meta name=\"twitter:card\" content=\"summary_large_image\" \/>\r\n<meta name=\"twitter:label1\" content=\"Dur\u00e9e de lecture estim\u00e9e\" \/>\n\t<meta name=\"twitter:data1\" content=\"1 minute\" \/>\r\n<script type=\"application\/ld+json\" class=\"yoast-schema-graph\">{\"@context\":\"https:\/\/schema.org\",\"@graph\":[{\"@type\":\"WebPage\",\"@id\":\"https:\/\/paracherkaoui.ma\/index.php\/produit\/bebe-confort-assiette-dapprentissage-avec-compartiments-domino\/\",\"url\":\"https:\/\/paracherkaoui.ma\/index.php\/produit\/bebe-confort-assiette-dapprentissage-avec-compartiments-domino\/\",\"name\":\"BEBE CONFORT ASSIETTE D'APPRENTISSAGE AVEC COMPARTIMENTS DOMINO - Paracherkaoui.ma\",\"isPartOf\":{\"@id\":\"https:\/\/paracherkaoui.ma\/#website\"},\"primaryImageOfPage\":{\"@id\":\"https:\/\/paracherkaoui.ma\/index.php\/produit\/bebe-confort-assiette-dapprentissage-avec-compartiments-domino\/#primaryimage\"},\"image\":{\"@id\":\"https:\/\/paracherkaoui.ma\/index.php\/produit\/bebe-confort-assiette-dapprentissage-avec-compartiments-domino\/#primaryimage\"},\"thumbnailUrl\":\"https:\/\/paracherkaoui.ma\/wp-content\/uploads\/2025\/12\/bebe-confort-bebe-confort-assiette-dapprentissage-avec-compartiments-domino-apprentissage-repas.jpg\",\"datePublished\":\"2025-12-12T18:11:32+00:00\",\"dateModified\":\"2025-12-12T18:11:36+00:00\",\"breadcrumb\":{\"@id\":\"https:\/\/paracherkaoui.ma\/index.php\/produit\/bebe-confort-assiette-dapprentissage-avec-compartiments-domino\/#breadcrumb\"},\"inLanguage\":\"fr-FR\",\"potentialAction\":[{\"@type\":\"ReadAction\",\"target\":[\"https:\/\/paracherkaoui.ma\/index.php\/produit\/bebe-confort-assiette-dapprentissage-avec-compartiments-domino\/\"]}]},{\"@type\":\"ImageObject\",\"inLanguage\":\"fr-FR\",\"@id\":\"https:\/\/paracherkaoui.ma\/index.php\/produit\/bebe-confort-assiette-dapprentissage-avec-compartiments-domino\/#primaryimage\",\"url\":\"https:\/\/paracherkaoui.ma\/wp-content\/uploads\/2025\/12\/bebe-confort-bebe-confort-assiette-dapprentissage-avec-compartiments-domino-apprentissage-repas.jpg\",\"contentUrl\":\"https:\/\/paracherkaoui.ma\/wp-content\/uploads\/2025\/12\/bebe-confort-bebe-confort-assiette-dapprentissage-avec-compartiments-domino-apprentissage-repas.jpg\",\"width\":700,\"height\":700},{\"@type\":\"BreadcrumbList\",\"@id\":\"https:\/\/paracherkaoui.ma\/index.php\/produit\/bebe-confort-assiette-dapprentissage-avec-compartiments-domino\/#breadcrumb\",\"itemListElement\":[{\"@type\":\"ListItem\",\"position\":1,\"name\":\"Accueil\",\"item\":\"https:\/\/paracherkaoui.ma\/\"},{\"@type\":\"ListItem\",\"position\":2,\"name\":\"Boutique\",\"item\":\"https:\/\/paracherkaoui.ma\/index.php\/boutique\/\"},{\"@type\":\"ListItem\",\"position\":3,\"name\":\"BEBE CONFORT ASSIETTE D&rsquo;APPRENTISSAGE AVEC COMPARTIMENTS DOMINO\"}]},{\"@type\":\"WebSite\",\"@id\":\"https:\/\/paracherkaoui.ma\/#website\",\"url\":\"https:\/\/paracherkaoui.ma\/\",\"name\":\"Paracherkaoui.ma\",\"description\":\"Achetez en ligne sur Paracherkaoui.ma\",\"potentialAction\":[{\"@type\":\"SearchAction\",\"target\":{\"@type\":\"EntryPoint\",\"urlTemplate\":\"https:\/\/paracherkaoui.ma\/?s={search_term_string}\"},\"query-input\":{\"@type\":\"PropertyValueSpecification\",\"valueRequired\":true,\"valueName\":\"search_term_string\"}}],\"inLanguage\":\"fr-FR\"}]}<\/script>\r\n<!-- \/ Yoast SEO plugin. -->","yoast_head_json":{"title":"BEBE CONFORT ASSIETTE D'APPRENTISSAGE AVEC COMPARTIMENTS DOMINO - Paracherkaoui.ma","robots":{"index":"index","follow":"follow","max-snippet":"max-snippet:-1","max-image-preview":"max-image-preview:large","max-video-preview":"max-video-preview:-1"},"canonical":"https:\/\/paracherkaoui.ma\/index.php\/produit\/bebe-confort-assiette-dapprentissage-avec-compartiments-domino\/","og_locale":"fr_FR","og_type":"article","og_title":"BEBE CONFORT ASSIETTE D'APPRENTISSAGE AVEC COMPARTIMENTS DOMINO - Paracherkaoui.ma","og_description":"Description: Fa\u00eetes de votre mieux pour rendre\u00a0l&rsquo;auto-alimentation de votre b\u00e9b\u00e9, un moment d&rsquo;apprentissage agr\u00e9able et amusant. En achetant cette\u00a0assiette d&rsquo;apprentissage","og_url":"https:\/\/paracherkaoui.ma\/index.php\/produit\/bebe-confort-assiette-dapprentissage-avec-compartiments-domino\/","og_site_name":"Paracherkaoui.ma","article_modified_time":"2025-12-12T18:11:36+00:00","og_image":[{"width":700,"height":700,"url":"https:\/\/paracherkaoui.ma\/wp-content\/uploads\/2025\/12\/bebe-confort-bebe-confort-assiette-dapprentissage-avec-compartiments-domino-apprentissage-repas.jpg","type":"image\/jpeg"}],"twitter_card":"summary_large_image","twitter_misc":{"Dur\u00e9e de lecture estim\u00e9e":"1 minute"},"schema":{"@context":"https:\/\/schema.org","@graph":[{"@type":"WebPage","@id":"https:\/\/paracherkaoui.ma\/index.php\/produit\/bebe-confort-assiette-dapprentissage-avec-compartiments-domino\/","url":"https:\/\/paracherkaoui.ma\/index.php\/produit\/bebe-confort-assiette-dapprentissage-avec-compartiments-domino\/","name":"BEBE CONFORT ASSIETTE D'APPRENTISSAGE AVEC COMPARTIMENTS DOMINO - Paracherkaoui.ma","isPartOf":{"@id":"https:\/\/paracherkaoui.ma\/#website"},"primaryImageOfPage":{"@id":"https:\/\/paracherkaoui.ma\/index.php\/produit\/bebe-confort-assiette-dapprentissage-avec-compartiments-domino\/#primaryimage"},"image":{"@id":"https:\/\/paracherkaoui.ma\/index.php\/produit\/bebe-confort-assiette-dapprentissage-avec-compartiments-domino\/#primaryimage"},"thumbnailUrl":"https:\/\/paracherkaoui.ma\/wp-content\/uploads\/2025\/12\/bebe-confort-bebe-confort-assiette-dapprentissage-avec-compartiments-domino-apprentissage-repas.jpg","datePublished":"2025-12-12T18:11:32+00:00","dateModified":"2025-12-12T18:11:36+00:00","breadcrumb":{"@id":"https:\/\/paracherkaoui.ma\/index.php\/produit\/bebe-confort-assiette-dapprentissage-avec-compartiments-domino\/#breadcrumb"},"inLanguage":"fr-FR","potentialAction":[{"@type":"ReadAction","target":["https:\/\/paracherkaoui.ma\/index.php\/produit\/bebe-confort-assiette-dapprentissage-avec-compartiments-domino\/"]}]},{"@type":"ImageObject","inLanguage":"fr-FR","@id":"https:\/\/paracherkaoui.ma\/index.php\/produit\/bebe-confort-assiette-dapprentissage-avec-compartiments-domino\/#primaryimage","url":"https:\/\/paracherkaoui.ma\/wp-content\/uploads\/2025\/12\/bebe-confort-bebe-confort-assiette-dapprentissage-avec-compartiments-domino-apprentissage-repas.jpg","contentUrl":"https:\/\/paracherkaoui.ma\/wp-content\/uploads\/2025\/12\/bebe-confort-bebe-confort-assiette-dapprentissage-avec-compartiments-domino-apprentissage-repas.jpg","width":700,"height":700},{"@type":"BreadcrumbList","@id":"https:\/\/paracherkaoui.ma\/index.php\/produit\/bebe-confort-assiette-dapprentissage-avec-compartiments-domino\/#breadcrumb","itemListElement":[{"@type":"ListItem","position":1,"name":"Accueil","item":"https:\/\/paracherkaoui.ma\/"},{"@type":"ListItem","position":2,"name":"Boutique","item":"https:\/\/paracherkaoui.ma\/index.php\/boutique\/"},{"@type":"ListItem","position":3,"name":"BEBE CONFORT ASSIETTE D&rsquo;APPRENTISSAGE AVEC COMPARTIMENTS DOMINO"}]},{"@type":"WebSite","@id":"https:\/\/paracherkaoui.ma\/#website","url":"https:\/\/paracherkaoui.ma\/","name":"Paracherkaoui.ma","description":"Achetez en ligne sur Paracherkaoui.ma","potentialAction":[{"@type":"SearchAction","target":{"@type":"EntryPoint","urlTemplate":"https:\/\/paracherkaoui.ma\/?s={search_term_string}"},"query-input":{"@type":"PropertyValueSpecification","valueRequired":true,"valueName":"search_term_string"}}],"inLanguage":"fr-FR"}]}},"_links":{"self":[{"href":"https:\/\/paracherkaoui.ma\/index.php\/wp-json\/wp\/v2\/product\/43607","targetHints":{"allow":["GET"]}}],"collection":[{"href":"https:\/\/paracherkaoui.ma\/index.php\/wp-json\/wp\/v2\/product"}],"about":[{"href":"https:\/\/paracherkaoui.ma\/index.php\/wp-json\/wp\/v2\/types\/product"}],"replies":[{"embeddable":true,"href":"https:\/\/paracherkaoui.ma\/index.php\/wp-json\/wp\/v2\/comments?post=43607"}],"version-history":[{"count":1,"href":"https:\/\/paracherkaoui.ma\/index.php\/wp-json\/wp\/v2\/product\/43607\/revisions"}],"predecessor-version":[{"id":43646,"href":"https:\/\/paracherkaoui.ma\/index.php\/wp-json\/wp\/v2\/product\/43607\/revisions\/43646"}],"wp:featuredmedia":[{"embeddable":true,"href":"https:\/\/paracherkaoui.ma\/index.php\/wp-json\/wp\/v2\/media\/43645"}],"wp:attachment":[{"href":"https:\/\/paracherkaoui.ma\/index.php\/wp-json\/wp\/v2\/media?parent=43607"}],"wp:term":[{"taxonomy":"product_brand","embeddable":true,"href":"https:\/\/paracherkaoui.ma\/index.php\/wp-json\/wp\/v2\/product_brand?post=43607"},{"taxonomy":"product_cat","embeddable":true,"href":"https:\/\/paracherkaoui.ma\/index.php\/wp-json\/wp\/v2\/product_cat?post=43607"},{"taxonomy":"product_tag","embeddable":true,"href":"https:\/\/paracherkaoui.ma\/index.php\/wp-json\/wp\/v2\/product_tag?post=43607"}],"curies":[{"name":"wp","href":"https:\/\/api.w.org\/{rel}","templated":true}]}}