{"id":43606,"date":"2025-12-12T19:11:32","date_gmt":"2025-12-12T18:11:32","guid":{"rendered":"https:\/\/test.ecbeaute.com\/?post_type=product&#038;p=43606"},"modified":"2025-12-12T19:11:36","modified_gmt":"2025-12-12T18:11:36","slug":"dr-browns-pack-bol-et-cuillere-a-couvercles","status":"publish","type":"product","link":"https:\/\/paracherkaoui.ma\/index.php\/produit\/dr-browns-pack-bol-et-cuillere-a-couvercles\/","title":{"rendered":"DR BROWNS PACK BOL ET CUILLERE A COUVERCLES"},"content":{"rendered":"<p>Prenez ce bol d&rsquo;alimentation de voyage avec deux compartiments s\u00e9par\u00e9s parfaits pour le transport de plusieurs aliments.<br \/>\nGardez votre sac de voyage propre lorsque vous et b\u00e9b\u00e9 mangez en d\u00e9placement avec le bol et la cuill\u00e8re Travel Fresh\u2122. La poign\u00e9e \u00e0 prise confortable peut \u00eatre utilis\u00e9e avec les deux mains, celle qui est libre !<br \/>\nStockez et s\u00e9parez les aliments en toute s\u00e9curit\u00e9<br \/>\nLa cuill\u00e8re encliquetable reste propre et en place<br \/>\nComprend une cuill\u00e8re \u00e0 pointe souple Dr. Brown&rsquo;s\u2122 qui attrape chaque bouch\u00e9e<br \/>\nTravel Fresh Bowl va au lave-vaisselle (panier sup\u00e9rieur)<br \/>\nLa cuill\u00e8re \u00e0 pointe souple va au lave-vaisselle et au st\u00e9rilisateur<br \/>\nSans BPA<\/p>\n","protected":false},"excerpt":{"rendered":"<p>Prenez ce bol d&rsquo;alimentation de voyage avec deux compartiments s\u00e9par\u00e9s parfaits pour le transport de plusieurs aliments. Gardez votre sac<\/p>\n","protected":false},"featured_media":43643,"comment_status":"open","ping_status":"closed","template":"","meta":[],"product_brand":[740],"product_cat":[758],"product_tag":[],"class_list":{"0":"post-43606","1":"product","2":"type-product","3":"status-publish","4":"has-post-thumbnail","6":"product_brand-dr-browns","7":"product_cat-couverts-bebe","9":"first","10":"instock","11":"sale","12":"shipping-taxable","13":"purchasable","14":"product-type-simple"},"yoast_head":"<!-- This site is optimized with the Yoast SEO plugin v26.6 - https:\/\/yoast.com\/wordpress\/plugins\/seo\/ -->\r\n<title>DR BROWNS PACK BOL ET CUILLERE A COUVERCLES - Paracherkaoui.ma<\/title>\r\n<meta name=\"robots\" content=\"index, follow, max-snippet:-1, max-image-preview:large, max-video-preview:-1\" \/>\r\n<link rel=\"canonical\" href=\"https:\/\/paracherkaoui.ma\/index.php\/produit\/dr-browns-pack-bol-et-cuillere-a-couvercles\/\" \/>\r\n<meta property=\"og:locale\" content=\"fr_FR\" \/>\r\n<meta property=\"og:type\" content=\"article\" \/>\r\n<meta property=\"og:title\" content=\"DR BROWNS PACK BOL ET CUILLERE A COUVERCLES - Paracherkaoui.ma\" \/>\r\n<meta property=\"og:description\" content=\"Prenez ce bol d&rsquo;alimentation de voyage avec deux compartiments s\u00e9par\u00e9s parfaits pour le transport de plusieurs aliments. Gardez votre sac\" \/>\r\n<meta property=\"og:url\" content=\"https:\/\/paracherkaoui.ma\/index.php\/produit\/dr-browns-pack-bol-et-cuillere-a-couvercles\/\" \/>\r\n<meta property=\"og:site_name\" content=\"Paracherkaoui.ma\" \/>\r\n<meta property=\"article:modified_time\" content=\"2025-12-12T18:11:36+00:00\" \/>\r\n<meta property=\"og:image\" content=\"https:\/\/paracherkaoui.ma\/wp-content\/uploads\/2025\/12\/dr-browns-dr-browns-pack-bol-et-cuillere-a-couvercles-apprentissage-repas.jpg\" \/>\r\n\t<meta property=\"og:image:width\" content=\"700\" \/>\r\n\t<meta property=\"og:image:height\" content=\"700\" \/>\r\n\t<meta property=\"og:image:type\" content=\"image\/jpeg\" \/>\r\n<meta name=\"twitter:card\" content=\"summary_large_image\" \/>\r\n<meta name=\"twitter:label1\" content=\"Dur\u00e9e de lecture estim\u00e9e\" \/>\n\t<meta name=\"twitter:data1\" content=\"1 minute\" \/>\r\n<script type=\"application\/ld+json\" class=\"yoast-schema-graph\">{\"@context\":\"https:\/\/schema.org\",\"@graph\":[{\"@type\":\"WebPage\",\"@id\":\"https:\/\/paracherkaoui.ma\/index.php\/produit\/dr-browns-pack-bol-et-cuillere-a-couvercles\/\",\"url\":\"https:\/\/paracherkaoui.ma\/index.php\/produit\/dr-browns-pack-bol-et-cuillere-a-couvercles\/\",\"name\":\"DR BROWNS PACK BOL ET CUILLERE A COUVERCLES - Paracherkaoui.ma\",\"isPartOf\":{\"@id\":\"https:\/\/paracherkaoui.ma\/#website\"},\"primaryImageOfPage\":{\"@id\":\"https:\/\/paracherkaoui.ma\/index.php\/produit\/dr-browns-pack-bol-et-cuillere-a-couvercles\/#primaryimage\"},\"image\":{\"@id\":\"https:\/\/paracherkaoui.ma\/index.php\/produit\/dr-browns-pack-bol-et-cuillere-a-couvercles\/#primaryimage\"},\"thumbnailUrl\":\"https:\/\/paracherkaoui.ma\/wp-content\/uploads\/2025\/12\/dr-browns-dr-browns-pack-bol-et-cuillere-a-couvercles-apprentissage-repas.jpg\",\"datePublished\":\"2025-12-12T18:11:32+00:00\",\"dateModified\":\"2025-12-12T18:11:36+00:00\",\"breadcrumb\":{\"@id\":\"https:\/\/paracherkaoui.ma\/index.php\/produit\/dr-browns-pack-bol-et-cuillere-a-couvercles\/#breadcrumb\"},\"inLanguage\":\"fr-FR\",\"potentialAction\":[{\"@type\":\"ReadAction\",\"target\":[\"https:\/\/paracherkaoui.ma\/index.php\/produit\/dr-browns-pack-bol-et-cuillere-a-couvercles\/\"]}]},{\"@type\":\"ImageObject\",\"inLanguage\":\"fr-FR\",\"@id\":\"https:\/\/paracherkaoui.ma\/index.php\/produit\/dr-browns-pack-bol-et-cuillere-a-couvercles\/#primaryimage\",\"url\":\"https:\/\/paracherkaoui.ma\/wp-content\/uploads\/2025\/12\/dr-browns-dr-browns-pack-bol-et-cuillere-a-couvercles-apprentissage-repas.jpg\",\"contentUrl\":\"https:\/\/paracherkaoui.ma\/wp-content\/uploads\/2025\/12\/dr-browns-dr-browns-pack-bol-et-cuillere-a-couvercles-apprentissage-repas.jpg\",\"width\":700,\"height\":700},{\"@type\":\"BreadcrumbList\",\"@id\":\"https:\/\/paracherkaoui.ma\/index.php\/produit\/dr-browns-pack-bol-et-cuillere-a-couvercles\/#breadcrumb\",\"itemListElement\":[{\"@type\":\"ListItem\",\"position\":1,\"name\":\"Accueil\",\"item\":\"https:\/\/paracherkaoui.ma\/\"},{\"@type\":\"ListItem\",\"position\":2,\"name\":\"Boutique\",\"item\":\"https:\/\/paracherkaoui.ma\/index.php\/boutique\/\"},{\"@type\":\"ListItem\",\"position\":3,\"name\":\"DR BROWNS PACK BOL ET CUILLERE A COUVERCLES\"}]},{\"@type\":\"WebSite\",\"@id\":\"https:\/\/paracherkaoui.ma\/#website\",\"url\":\"https:\/\/paracherkaoui.ma\/\",\"name\":\"Paracherkaoui.ma\",\"description\":\"Achetez en ligne sur Paracherkaoui.ma\",\"potentialAction\":[{\"@type\":\"SearchAction\",\"target\":{\"@type\":\"EntryPoint\",\"urlTemplate\":\"https:\/\/paracherkaoui.ma\/?s={search_term_string}\"},\"query-input\":{\"@type\":\"PropertyValueSpecification\",\"valueRequired\":true,\"valueName\":\"search_term_string\"}}],\"inLanguage\":\"fr-FR\"}]}<\/script>\r\n<!-- \/ Yoast SEO plugin. -->","yoast_head_json":{"title":"DR BROWNS PACK BOL ET CUILLERE A COUVERCLES - Paracherkaoui.ma","robots":{"index":"index","follow":"follow","max-snippet":"max-snippet:-1","max-image-preview":"max-image-preview:large","max-video-preview":"max-video-preview:-1"},"canonical":"https:\/\/paracherkaoui.ma\/index.php\/produit\/dr-browns-pack-bol-et-cuillere-a-couvercles\/","og_locale":"fr_FR","og_type":"article","og_title":"DR BROWNS PACK BOL ET CUILLERE A COUVERCLES - Paracherkaoui.ma","og_description":"Prenez ce bol d&rsquo;alimentation de voyage avec deux compartiments s\u00e9par\u00e9s parfaits pour le transport de plusieurs aliments. Gardez votre sac","og_url":"https:\/\/paracherkaoui.ma\/index.php\/produit\/dr-browns-pack-bol-et-cuillere-a-couvercles\/","og_site_name":"Paracherkaoui.ma","article_modified_time":"2025-12-12T18:11:36+00:00","og_image":[{"width":700,"height":700,"url":"https:\/\/paracherkaoui.ma\/wp-content\/uploads\/2025\/12\/dr-browns-dr-browns-pack-bol-et-cuillere-a-couvercles-apprentissage-repas.jpg","type":"image\/jpeg"}],"twitter_card":"summary_large_image","twitter_misc":{"Dur\u00e9e de lecture estim\u00e9e":"1 minute"},"schema":{"@context":"https:\/\/schema.org","@graph":[{"@type":"WebPage","@id":"https:\/\/paracherkaoui.ma\/index.php\/produit\/dr-browns-pack-bol-et-cuillere-a-couvercles\/","url":"https:\/\/paracherkaoui.ma\/index.php\/produit\/dr-browns-pack-bol-et-cuillere-a-couvercles\/","name":"DR BROWNS PACK BOL ET CUILLERE A COUVERCLES - Paracherkaoui.ma","isPartOf":{"@id":"https:\/\/paracherkaoui.ma\/#website"},"primaryImageOfPage":{"@id":"https:\/\/paracherkaoui.ma\/index.php\/produit\/dr-browns-pack-bol-et-cuillere-a-couvercles\/#primaryimage"},"image":{"@id":"https:\/\/paracherkaoui.ma\/index.php\/produit\/dr-browns-pack-bol-et-cuillere-a-couvercles\/#primaryimage"},"thumbnailUrl":"https:\/\/paracherkaoui.ma\/wp-content\/uploads\/2025\/12\/dr-browns-dr-browns-pack-bol-et-cuillere-a-couvercles-apprentissage-repas.jpg","datePublished":"2025-12-12T18:11:32+00:00","dateModified":"2025-12-12T18:11:36+00:00","breadcrumb":{"@id":"https:\/\/paracherkaoui.ma\/index.php\/produit\/dr-browns-pack-bol-et-cuillere-a-couvercles\/#breadcrumb"},"inLanguage":"fr-FR","potentialAction":[{"@type":"ReadAction","target":["https:\/\/paracherkaoui.ma\/index.php\/produit\/dr-browns-pack-bol-et-cuillere-a-couvercles\/"]}]},{"@type":"ImageObject","inLanguage":"fr-FR","@id":"https:\/\/paracherkaoui.ma\/index.php\/produit\/dr-browns-pack-bol-et-cuillere-a-couvercles\/#primaryimage","url":"https:\/\/paracherkaoui.ma\/wp-content\/uploads\/2025\/12\/dr-browns-dr-browns-pack-bol-et-cuillere-a-couvercles-apprentissage-repas.jpg","contentUrl":"https:\/\/paracherkaoui.ma\/wp-content\/uploads\/2025\/12\/dr-browns-dr-browns-pack-bol-et-cuillere-a-couvercles-apprentissage-repas.jpg","width":700,"height":700},{"@type":"BreadcrumbList","@id":"https:\/\/paracherkaoui.ma\/index.php\/produit\/dr-browns-pack-bol-et-cuillere-a-couvercles\/#breadcrumb","itemListElement":[{"@type":"ListItem","position":1,"name":"Accueil","item":"https:\/\/paracherkaoui.ma\/"},{"@type":"ListItem","position":2,"name":"Boutique","item":"https:\/\/paracherkaoui.ma\/index.php\/boutique\/"},{"@type":"ListItem","position":3,"name":"DR BROWNS PACK BOL ET CUILLERE A COUVERCLES"}]},{"@type":"WebSite","@id":"https:\/\/paracherkaoui.ma\/#website","url":"https:\/\/paracherkaoui.ma\/","name":"Paracherkaoui.ma","description":"Achetez en ligne sur Paracherkaoui.ma","potentialAction":[{"@type":"SearchAction","target":{"@type":"EntryPoint","urlTemplate":"https:\/\/paracherkaoui.ma\/?s={search_term_string}"},"query-input":{"@type":"PropertyValueSpecification","valueRequired":true,"valueName":"search_term_string"}}],"inLanguage":"fr-FR"}]}},"_links":{"self":[{"href":"https:\/\/paracherkaoui.ma\/index.php\/wp-json\/wp\/v2\/product\/43606","targetHints":{"allow":["GET"]}}],"collection":[{"href":"https:\/\/paracherkaoui.ma\/index.php\/wp-json\/wp\/v2\/product"}],"about":[{"href":"https:\/\/paracherkaoui.ma\/index.php\/wp-json\/wp\/v2\/types\/product"}],"replies":[{"embeddable":true,"href":"https:\/\/paracherkaoui.ma\/index.php\/wp-json\/wp\/v2\/comments?post=43606"}],"version-history":[{"count":1,"href":"https:\/\/paracherkaoui.ma\/index.php\/wp-json\/wp\/v2\/product\/43606\/revisions"}],"predecessor-version":[{"id":43644,"href":"https:\/\/paracherkaoui.ma\/index.php\/wp-json\/wp\/v2\/product\/43606\/revisions\/43644"}],"wp:featuredmedia":[{"embeddable":true,"href":"https:\/\/paracherkaoui.ma\/index.php\/wp-json\/wp\/v2\/media\/43643"}],"wp:attachment":[{"href":"https:\/\/paracherkaoui.ma\/index.php\/wp-json\/wp\/v2\/media?parent=43606"}],"wp:term":[{"taxonomy":"product_brand","embeddable":true,"href":"https:\/\/paracherkaoui.ma\/index.php\/wp-json\/wp\/v2\/product_brand?post=43606"},{"taxonomy":"product_cat","embeddable":true,"href":"https:\/\/paracherkaoui.ma\/index.php\/wp-json\/wp\/v2\/product_cat?post=43606"},{"taxonomy":"product_tag","embeddable":true,"href":"https:\/\/paracherkaoui.ma\/index.php\/wp-json\/wp\/v2\/product_tag?post=43606"}],"curies":[{"name":"wp","href":"https:\/\/api.w.org\/{rel}","templated":true}]}}