{"id":43546,"date":"2025-12-12T19:11:12","date_gmt":"2025-12-12T18:11:12","guid":{"rendered":"https:\/\/test.ecbeaute.com\/?post_type=product&#038;p=43546"},"modified":"2025-12-12T19:11:16","modified_gmt":"2025-12-12T18:11:16","slug":"avent-natural-response-lot-de-2-tetines-6-mois-flux-6","status":"publish","type":"product","link":"https:\/\/paracherkaoui.ma\/index.php\/produit\/avent-natural-response-lot-de-2-tetines-6-mois-flux-6\/","title":{"rendered":"AVENT NATURAL RESPONSE LOT DE 2 TETINES 6 MOIS+ FLUX 6"},"content":{"rendered":"<p>Le lot de 2 t\u00e9tines AVENT Natural Response 6 mois+ Flux 6 de Philips Avent est con\u00e7u pour accompagner les besoins des b\u00e9b\u00e9s tout en facilitant la transition entre l\u2019allaitement au sein et le biberon. La t\u00e9tine \u00e0 r\u00e9ponse naturelle lib\u00e8re le lait uniquement lorsque le b\u00e9b\u00e9 boit activement, ce qui permet \u00e0 l\u2019enfant de suivre son propre rythme naturel, comme lorsqu\u2019il est allait\u00e9. Cette fonctionnalit\u00e9 unique rend la combinaison de l\u2019allaitement et du biberon plus simple et confortable pour les b\u00e9b\u00e9s et les parents.<br \/>\nLa t\u00e9tine en forme de sein offre une prise naturelle. Gr\u00e2ce \u00e0 sa largeur et \u00e0 sa souplesse, elle imite la sensation du sein, ce qui aide le b\u00e9b\u00e9 \u00e0 s\u2019accrocher et \u00e0 t\u00e9ter sans difficult\u00e9. Avec le flux 6, sp\u00e9cialement adapt\u00e9 aux b\u00e9b\u00e9s de plus de 6 mois, cette t\u00e9tine assure un d\u00e9bit de lait optimal pour les enfants grandissants qui consomment des liquides plus \u00e9pais.<br \/>\nDe plus, la valve anti-colique aide \u00e0 \u00e9viter l\u2019ingestion d\u2019air, r\u00e9duisant ainsi les coliques et l\u2019inconfort du b\u00e9b\u00e9 apr\u00e8s chaque t\u00e9t\u00e9e. Con\u00e7ue avec un syst\u00e8me anti-goutte, la t\u00e9tine pr\u00e9vient \u00e9galement les fuites et permet de nourrir b\u00e9b\u00e9 sans perte de lait, que ce soit \u00e0 la maison ou en d\u00e9placement.<br \/>\nConseils d&rsquo;utilisation :<br \/>\nUtilisez la t\u00e9tine Natural Response avec les biberons Philips Avent pour un ajustement parfait.<br \/>\nAssurez-vous que la t\u00e9tine soit correctement plac\u00e9e pour \u00e9viter les fuites.<br \/>\nNettoyez soigneusement la t\u00e9tine apr\u00e8s chaque utilisation et remplacez-la si elle pr\u00e9sente des signes d\u2019usure.<\/p>\n","protected":false},"excerpt":{"rendered":"<p>Le lot de 2 t\u00e9tines AVENT Natural Response 6 mois+ Flux 6 de Philips Avent est con\u00e7u pour accompagner les<\/p>\n","protected":false},"featured_media":43571,"comment_status":"open","ping_status":"closed","template":"","meta":[],"product_brand":[723],"product_cat":[753],"product_tag":[],"class_list":{"0":"post-43546","1":"product","2":"type-product","3":"status-publish","4":"has-post-thumbnail","6":"product_brand-avent","7":"product_cat-tetine","9":"first","10":"instock","11":"sale","12":"shipping-taxable","13":"purchasable","14":"product-type-simple"},"yoast_head":"<!-- This site is optimized with the Yoast SEO plugin v26.6 - https:\/\/yoast.com\/wordpress\/plugins\/seo\/ -->\r\n<title>AVENT NATURAL RESPONSE LOT DE 2 TETINES 6 MOIS+ FLUX 6 - Paracherkaoui.ma<\/title>\r\n<meta name=\"robots\" content=\"index, follow, max-snippet:-1, max-image-preview:large, max-video-preview:-1\" \/>\r\n<link rel=\"canonical\" href=\"https:\/\/paracherkaoui.ma\/index.php\/produit\/avent-natural-response-lot-de-2-tetines-6-mois-flux-6\/\" \/>\r\n<meta property=\"og:locale\" content=\"fr_FR\" \/>\r\n<meta property=\"og:type\" content=\"article\" \/>\r\n<meta property=\"og:title\" content=\"AVENT NATURAL RESPONSE LOT DE 2 TETINES 6 MOIS+ FLUX 6 - Paracherkaoui.ma\" \/>\r\n<meta property=\"og:description\" content=\"Le lot de 2 t\u00e9tines AVENT Natural Response 6 mois+ Flux 6 de Philips Avent est con\u00e7u pour accompagner les\" \/>\r\n<meta property=\"og:url\" content=\"https:\/\/paracherkaoui.ma\/index.php\/produit\/avent-natural-response-lot-de-2-tetines-6-mois-flux-6\/\" \/>\r\n<meta property=\"og:site_name\" content=\"Paracherkaoui.ma\" \/>\r\n<meta property=\"article:modified_time\" content=\"2025-12-12T18:11:16+00:00\" \/>\r\n<meta property=\"og:image\" content=\"https:\/\/paracherkaoui.ma\/wp-content\/uploads\/2025\/12\/avent-natural-response-lot-de-2-tetines-6-mois-flux-6.jpg\" \/>\r\n\t<meta property=\"og:image:width\" content=\"700\" \/>\r\n\t<meta property=\"og:image:height\" content=\"700\" \/>\r\n\t<meta property=\"og:image:type\" content=\"image\/jpeg\" \/>\r\n<meta name=\"twitter:card\" content=\"summary_large_image\" \/>\r\n<meta name=\"twitter:label1\" content=\"Dur\u00e9e de lecture estim\u00e9e\" \/>\n\t<meta name=\"twitter:data1\" content=\"1 minute\" \/>\r\n<script type=\"application\/ld+json\" class=\"yoast-schema-graph\">{\"@context\":\"https:\/\/schema.org\",\"@graph\":[{\"@type\":\"WebPage\",\"@id\":\"https:\/\/paracherkaoui.ma\/index.php\/produit\/avent-natural-response-lot-de-2-tetines-6-mois-flux-6\/\",\"url\":\"https:\/\/paracherkaoui.ma\/index.php\/produit\/avent-natural-response-lot-de-2-tetines-6-mois-flux-6\/\",\"name\":\"AVENT NATURAL RESPONSE LOT DE 2 TETINES 6 MOIS+ FLUX 6 - Paracherkaoui.ma\",\"isPartOf\":{\"@id\":\"https:\/\/paracherkaoui.ma\/#website\"},\"primaryImageOfPage\":{\"@id\":\"https:\/\/paracherkaoui.ma\/index.php\/produit\/avent-natural-response-lot-de-2-tetines-6-mois-flux-6\/#primaryimage\"},\"image\":{\"@id\":\"https:\/\/paracherkaoui.ma\/index.php\/produit\/avent-natural-response-lot-de-2-tetines-6-mois-flux-6\/#primaryimage\"},\"thumbnailUrl\":\"https:\/\/paracherkaoui.ma\/wp-content\/uploads\/2025\/12\/avent-natural-response-lot-de-2-tetines-6-mois-flux-6.jpg\",\"datePublished\":\"2025-12-12T18:11:12+00:00\",\"dateModified\":\"2025-12-12T18:11:16+00:00\",\"breadcrumb\":{\"@id\":\"https:\/\/paracherkaoui.ma\/index.php\/produit\/avent-natural-response-lot-de-2-tetines-6-mois-flux-6\/#breadcrumb\"},\"inLanguage\":\"fr-FR\",\"potentialAction\":[{\"@type\":\"ReadAction\",\"target\":[\"https:\/\/paracherkaoui.ma\/index.php\/produit\/avent-natural-response-lot-de-2-tetines-6-mois-flux-6\/\"]}]},{\"@type\":\"ImageObject\",\"inLanguage\":\"fr-FR\",\"@id\":\"https:\/\/paracherkaoui.ma\/index.php\/produit\/avent-natural-response-lot-de-2-tetines-6-mois-flux-6\/#primaryimage\",\"url\":\"https:\/\/paracherkaoui.ma\/wp-content\/uploads\/2025\/12\/avent-natural-response-lot-de-2-tetines-6-mois-flux-6.jpg\",\"contentUrl\":\"https:\/\/paracherkaoui.ma\/wp-content\/uploads\/2025\/12\/avent-natural-response-lot-de-2-tetines-6-mois-flux-6.jpg\",\"width\":700,\"height\":700},{\"@type\":\"BreadcrumbList\",\"@id\":\"https:\/\/paracherkaoui.ma\/index.php\/produit\/avent-natural-response-lot-de-2-tetines-6-mois-flux-6\/#breadcrumb\",\"itemListElement\":[{\"@type\":\"ListItem\",\"position\":1,\"name\":\"Accueil\",\"item\":\"https:\/\/paracherkaoui.ma\/\"},{\"@type\":\"ListItem\",\"position\":2,\"name\":\"Boutique\",\"item\":\"https:\/\/paracherkaoui.ma\/index.php\/boutique\/\"},{\"@type\":\"ListItem\",\"position\":3,\"name\":\"AVENT NATURAL RESPONSE LOT DE 2 TETINES 6 MOIS+ FLUX 6\"}]},{\"@type\":\"WebSite\",\"@id\":\"https:\/\/paracherkaoui.ma\/#website\",\"url\":\"https:\/\/paracherkaoui.ma\/\",\"name\":\"Paracherkaoui.ma\",\"description\":\"Achetez en ligne sur Paracherkaoui.ma\",\"potentialAction\":[{\"@type\":\"SearchAction\",\"target\":{\"@type\":\"EntryPoint\",\"urlTemplate\":\"https:\/\/paracherkaoui.ma\/?s={search_term_string}\"},\"query-input\":{\"@type\":\"PropertyValueSpecification\",\"valueRequired\":true,\"valueName\":\"search_term_string\"}}],\"inLanguage\":\"fr-FR\"}]}<\/script>\r\n<!-- \/ Yoast SEO plugin. -->","yoast_head_json":{"title":"AVENT NATURAL RESPONSE LOT DE 2 TETINES 6 MOIS+ FLUX 6 - Paracherkaoui.ma","robots":{"index":"index","follow":"follow","max-snippet":"max-snippet:-1","max-image-preview":"max-image-preview:large","max-video-preview":"max-video-preview:-1"},"canonical":"https:\/\/paracherkaoui.ma\/index.php\/produit\/avent-natural-response-lot-de-2-tetines-6-mois-flux-6\/","og_locale":"fr_FR","og_type":"article","og_title":"AVENT NATURAL RESPONSE LOT DE 2 TETINES 6 MOIS+ FLUX 6 - Paracherkaoui.ma","og_description":"Le lot de 2 t\u00e9tines AVENT Natural Response 6 mois+ Flux 6 de Philips Avent est con\u00e7u pour accompagner les","og_url":"https:\/\/paracherkaoui.ma\/index.php\/produit\/avent-natural-response-lot-de-2-tetines-6-mois-flux-6\/","og_site_name":"Paracherkaoui.ma","article_modified_time":"2025-12-12T18:11:16+00:00","og_image":[{"width":700,"height":700,"url":"https:\/\/paracherkaoui.ma\/wp-content\/uploads\/2025\/12\/avent-natural-response-lot-de-2-tetines-6-mois-flux-6.jpg","type":"image\/jpeg"}],"twitter_card":"summary_large_image","twitter_misc":{"Dur\u00e9e de lecture estim\u00e9e":"1 minute"},"schema":{"@context":"https:\/\/schema.org","@graph":[{"@type":"WebPage","@id":"https:\/\/paracherkaoui.ma\/index.php\/produit\/avent-natural-response-lot-de-2-tetines-6-mois-flux-6\/","url":"https:\/\/paracherkaoui.ma\/index.php\/produit\/avent-natural-response-lot-de-2-tetines-6-mois-flux-6\/","name":"AVENT NATURAL RESPONSE LOT DE 2 TETINES 6 MOIS+ FLUX 6 - Paracherkaoui.ma","isPartOf":{"@id":"https:\/\/paracherkaoui.ma\/#website"},"primaryImageOfPage":{"@id":"https:\/\/paracherkaoui.ma\/index.php\/produit\/avent-natural-response-lot-de-2-tetines-6-mois-flux-6\/#primaryimage"},"image":{"@id":"https:\/\/paracherkaoui.ma\/index.php\/produit\/avent-natural-response-lot-de-2-tetines-6-mois-flux-6\/#primaryimage"},"thumbnailUrl":"https:\/\/paracherkaoui.ma\/wp-content\/uploads\/2025\/12\/avent-natural-response-lot-de-2-tetines-6-mois-flux-6.jpg","datePublished":"2025-12-12T18:11:12+00:00","dateModified":"2025-12-12T18:11:16+00:00","breadcrumb":{"@id":"https:\/\/paracherkaoui.ma\/index.php\/produit\/avent-natural-response-lot-de-2-tetines-6-mois-flux-6\/#breadcrumb"},"inLanguage":"fr-FR","potentialAction":[{"@type":"ReadAction","target":["https:\/\/paracherkaoui.ma\/index.php\/produit\/avent-natural-response-lot-de-2-tetines-6-mois-flux-6\/"]}]},{"@type":"ImageObject","inLanguage":"fr-FR","@id":"https:\/\/paracherkaoui.ma\/index.php\/produit\/avent-natural-response-lot-de-2-tetines-6-mois-flux-6\/#primaryimage","url":"https:\/\/paracherkaoui.ma\/wp-content\/uploads\/2025\/12\/avent-natural-response-lot-de-2-tetines-6-mois-flux-6.jpg","contentUrl":"https:\/\/paracherkaoui.ma\/wp-content\/uploads\/2025\/12\/avent-natural-response-lot-de-2-tetines-6-mois-flux-6.jpg","width":700,"height":700},{"@type":"BreadcrumbList","@id":"https:\/\/paracherkaoui.ma\/index.php\/produit\/avent-natural-response-lot-de-2-tetines-6-mois-flux-6\/#breadcrumb","itemListElement":[{"@type":"ListItem","position":1,"name":"Accueil","item":"https:\/\/paracherkaoui.ma\/"},{"@type":"ListItem","position":2,"name":"Boutique","item":"https:\/\/paracherkaoui.ma\/index.php\/boutique\/"},{"@type":"ListItem","position":3,"name":"AVENT NATURAL RESPONSE LOT DE 2 TETINES 6 MOIS+ FLUX 6"}]},{"@type":"WebSite","@id":"https:\/\/paracherkaoui.ma\/#website","url":"https:\/\/paracherkaoui.ma\/","name":"Paracherkaoui.ma","description":"Achetez en ligne sur Paracherkaoui.ma","potentialAction":[{"@type":"SearchAction","target":{"@type":"EntryPoint","urlTemplate":"https:\/\/paracherkaoui.ma\/?s={search_term_string}"},"query-input":{"@type":"PropertyValueSpecification","valueRequired":true,"valueName":"search_term_string"}}],"inLanguage":"fr-FR"}]}},"_links":{"self":[{"href":"https:\/\/paracherkaoui.ma\/index.php\/wp-json\/wp\/v2\/product\/43546","targetHints":{"allow":["GET"]}}],"collection":[{"href":"https:\/\/paracherkaoui.ma\/index.php\/wp-json\/wp\/v2\/product"}],"about":[{"href":"https:\/\/paracherkaoui.ma\/index.php\/wp-json\/wp\/v2\/types\/product"}],"replies":[{"embeddable":true,"href":"https:\/\/paracherkaoui.ma\/index.php\/wp-json\/wp\/v2\/comments?post=43546"}],"version-history":[{"count":1,"href":"https:\/\/paracherkaoui.ma\/index.php\/wp-json\/wp\/v2\/product\/43546\/revisions"}],"predecessor-version":[{"id":43572,"href":"https:\/\/paracherkaoui.ma\/index.php\/wp-json\/wp\/v2\/product\/43546\/revisions\/43572"}],"wp:featuredmedia":[{"embeddable":true,"href":"https:\/\/paracherkaoui.ma\/index.php\/wp-json\/wp\/v2\/media\/43571"}],"wp:attachment":[{"href":"https:\/\/paracherkaoui.ma\/index.php\/wp-json\/wp\/v2\/media?parent=43546"}],"wp:term":[{"taxonomy":"product_brand","embeddable":true,"href":"https:\/\/paracherkaoui.ma\/index.php\/wp-json\/wp\/v2\/product_brand?post=43546"},{"taxonomy":"product_cat","embeddable":true,"href":"https:\/\/paracherkaoui.ma\/index.php\/wp-json\/wp\/v2\/product_cat?post=43546"},{"taxonomy":"product_tag","embeddable":true,"href":"https:\/\/paracherkaoui.ma\/index.php\/wp-json\/wp\/v2\/product_tag?post=43546"}],"curies":[{"name":"wp","href":"https:\/\/api.w.org\/{rel}","templated":true}]}}