{"id":43545,"date":"2025-12-12T19:11:12","date_gmt":"2025-12-12T18:11:12","guid":{"rendered":"https:\/\/test.ecbeaute.com\/?post_type=product&#038;p=43545"},"modified":"2025-12-12T19:11:16","modified_gmt":"2025-12-12T18:11:16","slug":"avent-tetine-natural-1m","status":"publish","type":"product","link":"https:\/\/paracherkaoui.ma\/index.php\/produit\/avent-tetine-natural-1m\/","title":{"rendered":"AVENT TETINE NATURAL 1M+"},"content":{"rendered":"<p>Avec une large t\u00e9tine imitant la forme du sein, la t\u00e9t\u00e9e devient aussi naturelle que possible pour votre b\u00e9b\u00e9. La t\u00e9tine est con\u00e7ue pour \u00eatre ultra douce, reproduisant la sensation du sein maternel et offrant une exp\u00e9rience de t\u00e9t\u00e9e confortable et rassurante. Le design flexible en spirale permet une meilleure adaptation \u00e0 la bouche de b\u00e9b\u00e9, tandis que les alv\u00e9oles de confort apportent une souplesse suppl\u00e9mentaire pour une t\u00e9t\u00e9e encore plus agr\u00e9able.<br \/>\nUne caract\u00e9ristique cl\u00e9 de la t\u00e9tine AVENT Natural est sa valve anti coliques. Cette technologie innovante aide \u00e0 r\u00e9duire le risque de coliques et d&rsquo;inconfort, en emp\u00eachant l&rsquo;air de p\u00e9n\u00e9trer dans l&rsquo;estomac de votre b\u00e9b\u00e9. De plus, les t\u00e9tines sont disponibles avec diff\u00e9rents d\u00e9bits pour s&rsquo;adapter \u00e0 l&rsquo;app\u00e9tit et au rythme de succion de chaque b\u00e9b\u00e9, offrant ainsi une flexibilit\u00e9 maximale pour r\u00e9pondre aux besoins sp\u00e9cifiques de votre enfant.<br \/>\nCONSEIL D\u2019UTILISATION<br \/>\nAvant la premi\u00e8re utilisation et apr\u00e8s chaque utilisation, st\u00e9rilisez la t\u00e9tine pour garantir l&rsquo;hygi\u00e8ne. Vous pouvez le faire en la plongeant dans de l&rsquo;eau bouillante pendant 5 minutes ou en utilisant un st\u00e9rilisateur \u00e0 vapeur.<br \/>\nAssurez vous que la t\u00e9tine est bien fix\u00e9e au biberon pour \u00e9viter les fuites. V\u00e9rifiez que la valve anti coliques est en bon \u00e9tat de fonctionnement pour assurer son efficacit\u00e9. S\u00e9lectionnez le d\u00e9bit de t\u00e9tine appropri\u00e9 en fonction de l&rsquo;\u00e2ge et des besoins de votre b\u00e9b\u00e9.<br \/>\nLes t\u00e9tines AVENT Natural offrent plusieurs options, allant des d\u00e9bits lents pour les nouveau-n\u00e9s aux d\u00e9bits plus rapides pour les b\u00e9b\u00e9s plus \u00e2g\u00e9s. Nettoyez la t\u00e9tine apr\u00e8s chaque utilisation \u00e0 l&rsquo;eau chaude savonneuse et rincez soigneusement.<br \/>\nAssurez vous qu&rsquo;aucun r\u00e9sidu de lait ne reste dans les alv\u00e9oles ou la valve. Pour des raisons d&rsquo;hygi\u00e8ne et de s\u00e9curit\u00e9, remplacez la t\u00e9tine tous les 2 \u00e0 3 mois ou d\u00e8s que vous remarquez des signes d&rsquo;usure ou de d\u00e9t\u00e9rioration.<\/p>\n","protected":false},"excerpt":{"rendered":"<p>Avec une large t\u00e9tine imitant la forme du sein, la t\u00e9t\u00e9e devient aussi naturelle que possible pour votre b\u00e9b\u00e9. La<\/p>\n","protected":false},"featured_media":43569,"comment_status":"open","ping_status":"closed","template":"","meta":[],"product_brand":[723],"product_cat":[753],"product_tag":[],"class_list":{"0":"post-43545","1":"product","2":"type-product","3":"status-publish","4":"has-post-thumbnail","6":"product_brand-avent","7":"product_cat-tetine","9":"first","10":"instock","11":"sale","12":"shipping-taxable","13":"purchasable","14":"product-type-simple"},"yoast_head":"<!-- This site is optimized with the Yoast SEO plugin v26.6 - https:\/\/yoast.com\/wordpress\/plugins\/seo\/ -->\r\n<title>AVENT TETINE NATURAL 1M+ - Paracherkaoui.ma<\/title>\r\n<meta name=\"robots\" content=\"index, follow, max-snippet:-1, max-image-preview:large, max-video-preview:-1\" \/>\r\n<link rel=\"canonical\" href=\"https:\/\/paracherkaoui.ma\/index.php\/produit\/avent-tetine-natural-1m\/\" \/>\r\n<meta property=\"og:locale\" content=\"fr_FR\" \/>\r\n<meta property=\"og:type\" content=\"article\" \/>\r\n<meta property=\"og:title\" content=\"AVENT TETINE NATURAL 1M+ - Paracherkaoui.ma\" \/>\r\n<meta property=\"og:description\" content=\"Avec une large t\u00e9tine imitant la forme du sein, la t\u00e9t\u00e9e devient aussi naturelle que possible pour votre b\u00e9b\u00e9. La\" \/>\r\n<meta property=\"og:url\" content=\"https:\/\/paracherkaoui.ma\/index.php\/produit\/avent-tetine-natural-1m\/\" \/>\r\n<meta property=\"og:site_name\" content=\"Paracherkaoui.ma\" \/>\r\n<meta property=\"article:modified_time\" content=\"2025-12-12T18:11:16+00:00\" \/>\r\n<meta property=\"og:image\" content=\"https:\/\/paracherkaoui.ma\/wp-content\/uploads\/2025\/12\/avent-avent-tetine-natural-1m-tetines.jpg\" \/>\r\n\t<meta property=\"og:image:width\" content=\"700\" \/>\r\n\t<meta property=\"og:image:height\" content=\"700\" \/>\r\n\t<meta property=\"og:image:type\" content=\"image\/jpeg\" \/>\r\n<meta name=\"twitter:card\" content=\"summary_large_image\" \/>\r\n<meta name=\"twitter:label1\" content=\"Dur\u00e9e de lecture estim\u00e9e\" \/>\n\t<meta name=\"twitter:data1\" content=\"2 minutes\" \/>\r\n<script type=\"application\/ld+json\" class=\"yoast-schema-graph\">{\"@context\":\"https:\/\/schema.org\",\"@graph\":[{\"@type\":\"WebPage\",\"@id\":\"https:\/\/paracherkaoui.ma\/index.php\/produit\/avent-tetine-natural-1m\/\",\"url\":\"https:\/\/paracherkaoui.ma\/index.php\/produit\/avent-tetine-natural-1m\/\",\"name\":\"AVENT TETINE NATURAL 1M+ - Paracherkaoui.ma\",\"isPartOf\":{\"@id\":\"https:\/\/paracherkaoui.ma\/#website\"},\"primaryImageOfPage\":{\"@id\":\"https:\/\/paracherkaoui.ma\/index.php\/produit\/avent-tetine-natural-1m\/#primaryimage\"},\"image\":{\"@id\":\"https:\/\/paracherkaoui.ma\/index.php\/produit\/avent-tetine-natural-1m\/#primaryimage\"},\"thumbnailUrl\":\"https:\/\/paracherkaoui.ma\/wp-content\/uploads\/2025\/12\/avent-avent-tetine-natural-1m-tetines.jpg\",\"datePublished\":\"2025-12-12T18:11:12+00:00\",\"dateModified\":\"2025-12-12T18:11:16+00:00\",\"breadcrumb\":{\"@id\":\"https:\/\/paracherkaoui.ma\/index.php\/produit\/avent-tetine-natural-1m\/#breadcrumb\"},\"inLanguage\":\"fr-FR\",\"potentialAction\":[{\"@type\":\"ReadAction\",\"target\":[\"https:\/\/paracherkaoui.ma\/index.php\/produit\/avent-tetine-natural-1m\/\"]}]},{\"@type\":\"ImageObject\",\"inLanguage\":\"fr-FR\",\"@id\":\"https:\/\/paracherkaoui.ma\/index.php\/produit\/avent-tetine-natural-1m\/#primaryimage\",\"url\":\"https:\/\/paracherkaoui.ma\/wp-content\/uploads\/2025\/12\/avent-avent-tetine-natural-1m-tetines.jpg\",\"contentUrl\":\"https:\/\/paracherkaoui.ma\/wp-content\/uploads\/2025\/12\/avent-avent-tetine-natural-1m-tetines.jpg\",\"width\":700,\"height\":700},{\"@type\":\"BreadcrumbList\",\"@id\":\"https:\/\/paracherkaoui.ma\/index.php\/produit\/avent-tetine-natural-1m\/#breadcrumb\",\"itemListElement\":[{\"@type\":\"ListItem\",\"position\":1,\"name\":\"Accueil\",\"item\":\"https:\/\/paracherkaoui.ma\/\"},{\"@type\":\"ListItem\",\"position\":2,\"name\":\"Boutique\",\"item\":\"https:\/\/paracherkaoui.ma\/index.php\/boutique\/\"},{\"@type\":\"ListItem\",\"position\":3,\"name\":\"AVENT TETINE NATURAL 1M+\"}]},{\"@type\":\"WebSite\",\"@id\":\"https:\/\/paracherkaoui.ma\/#website\",\"url\":\"https:\/\/paracherkaoui.ma\/\",\"name\":\"Paracherkaoui.ma\",\"description\":\"Achetez en ligne sur Paracherkaoui.ma\",\"potentialAction\":[{\"@type\":\"SearchAction\",\"target\":{\"@type\":\"EntryPoint\",\"urlTemplate\":\"https:\/\/paracherkaoui.ma\/?s={search_term_string}\"},\"query-input\":{\"@type\":\"PropertyValueSpecification\",\"valueRequired\":true,\"valueName\":\"search_term_string\"}}],\"inLanguage\":\"fr-FR\"}]}<\/script>\r\n<!-- \/ Yoast SEO plugin. -->","yoast_head_json":{"title":"AVENT TETINE NATURAL 1M+ - Paracherkaoui.ma","robots":{"index":"index","follow":"follow","max-snippet":"max-snippet:-1","max-image-preview":"max-image-preview:large","max-video-preview":"max-video-preview:-1"},"canonical":"https:\/\/paracherkaoui.ma\/index.php\/produit\/avent-tetine-natural-1m\/","og_locale":"fr_FR","og_type":"article","og_title":"AVENT TETINE NATURAL 1M+ - Paracherkaoui.ma","og_description":"Avec une large t\u00e9tine imitant la forme du sein, la t\u00e9t\u00e9e devient aussi naturelle que possible pour votre b\u00e9b\u00e9. La","og_url":"https:\/\/paracherkaoui.ma\/index.php\/produit\/avent-tetine-natural-1m\/","og_site_name":"Paracherkaoui.ma","article_modified_time":"2025-12-12T18:11:16+00:00","og_image":[{"width":700,"height":700,"url":"https:\/\/paracherkaoui.ma\/wp-content\/uploads\/2025\/12\/avent-avent-tetine-natural-1m-tetines.jpg","type":"image\/jpeg"}],"twitter_card":"summary_large_image","twitter_misc":{"Dur\u00e9e de lecture estim\u00e9e":"2 minutes"},"schema":{"@context":"https:\/\/schema.org","@graph":[{"@type":"WebPage","@id":"https:\/\/paracherkaoui.ma\/index.php\/produit\/avent-tetine-natural-1m\/","url":"https:\/\/paracherkaoui.ma\/index.php\/produit\/avent-tetine-natural-1m\/","name":"AVENT TETINE NATURAL 1M+ - Paracherkaoui.ma","isPartOf":{"@id":"https:\/\/paracherkaoui.ma\/#website"},"primaryImageOfPage":{"@id":"https:\/\/paracherkaoui.ma\/index.php\/produit\/avent-tetine-natural-1m\/#primaryimage"},"image":{"@id":"https:\/\/paracherkaoui.ma\/index.php\/produit\/avent-tetine-natural-1m\/#primaryimage"},"thumbnailUrl":"https:\/\/paracherkaoui.ma\/wp-content\/uploads\/2025\/12\/avent-avent-tetine-natural-1m-tetines.jpg","datePublished":"2025-12-12T18:11:12+00:00","dateModified":"2025-12-12T18:11:16+00:00","breadcrumb":{"@id":"https:\/\/paracherkaoui.ma\/index.php\/produit\/avent-tetine-natural-1m\/#breadcrumb"},"inLanguage":"fr-FR","potentialAction":[{"@type":"ReadAction","target":["https:\/\/paracherkaoui.ma\/index.php\/produit\/avent-tetine-natural-1m\/"]}]},{"@type":"ImageObject","inLanguage":"fr-FR","@id":"https:\/\/paracherkaoui.ma\/index.php\/produit\/avent-tetine-natural-1m\/#primaryimage","url":"https:\/\/paracherkaoui.ma\/wp-content\/uploads\/2025\/12\/avent-avent-tetine-natural-1m-tetines.jpg","contentUrl":"https:\/\/paracherkaoui.ma\/wp-content\/uploads\/2025\/12\/avent-avent-tetine-natural-1m-tetines.jpg","width":700,"height":700},{"@type":"BreadcrumbList","@id":"https:\/\/paracherkaoui.ma\/index.php\/produit\/avent-tetine-natural-1m\/#breadcrumb","itemListElement":[{"@type":"ListItem","position":1,"name":"Accueil","item":"https:\/\/paracherkaoui.ma\/"},{"@type":"ListItem","position":2,"name":"Boutique","item":"https:\/\/paracherkaoui.ma\/index.php\/boutique\/"},{"@type":"ListItem","position":3,"name":"AVENT TETINE NATURAL 1M+"}]},{"@type":"WebSite","@id":"https:\/\/paracherkaoui.ma\/#website","url":"https:\/\/paracherkaoui.ma\/","name":"Paracherkaoui.ma","description":"Achetez en ligne sur Paracherkaoui.ma","potentialAction":[{"@type":"SearchAction","target":{"@type":"EntryPoint","urlTemplate":"https:\/\/paracherkaoui.ma\/?s={search_term_string}"},"query-input":{"@type":"PropertyValueSpecification","valueRequired":true,"valueName":"search_term_string"}}],"inLanguage":"fr-FR"}]}},"_links":{"self":[{"href":"https:\/\/paracherkaoui.ma\/index.php\/wp-json\/wp\/v2\/product\/43545","targetHints":{"allow":["GET"]}}],"collection":[{"href":"https:\/\/paracherkaoui.ma\/index.php\/wp-json\/wp\/v2\/product"}],"about":[{"href":"https:\/\/paracherkaoui.ma\/index.php\/wp-json\/wp\/v2\/types\/product"}],"replies":[{"embeddable":true,"href":"https:\/\/paracherkaoui.ma\/index.php\/wp-json\/wp\/v2\/comments?post=43545"}],"version-history":[{"count":1,"href":"https:\/\/paracherkaoui.ma\/index.php\/wp-json\/wp\/v2\/product\/43545\/revisions"}],"predecessor-version":[{"id":43570,"href":"https:\/\/paracherkaoui.ma\/index.php\/wp-json\/wp\/v2\/product\/43545\/revisions\/43570"}],"wp:featuredmedia":[{"embeddable":true,"href":"https:\/\/paracherkaoui.ma\/index.php\/wp-json\/wp\/v2\/media\/43569"}],"wp:attachment":[{"href":"https:\/\/paracherkaoui.ma\/index.php\/wp-json\/wp\/v2\/media?parent=43545"}],"wp:term":[{"taxonomy":"product_brand","embeddable":true,"href":"https:\/\/paracherkaoui.ma\/index.php\/wp-json\/wp\/v2\/product_brand?post=43545"},{"taxonomy":"product_cat","embeddable":true,"href":"https:\/\/paracherkaoui.ma\/index.php\/wp-json\/wp\/v2\/product_cat?post=43545"},{"taxonomy":"product_tag","embeddable":true,"href":"https:\/\/paracherkaoui.ma\/index.php\/wp-json\/wp\/v2\/product_tag?post=43545"}],"curies":[{"name":"wp","href":"https:\/\/api.w.org\/{rel}","templated":true}]}}